{"id":515,"date":"2019-10-15T12:51:43","date_gmt":"2019-10-15T12:51:43","guid":{"rendered":"https:\/\/queenchingglass.com\/?post_type=product&#038;p=515"},"modified":"2025-07-10T01:30:17","modified_gmt":"2025-07-10T01:30:17","slug":"vendita-allingrosso-di-bottiglie-di-gin-vuote-da-700-ml","status":"publish","type":"product","link":"https:\/\/glassbottlewholesale.com\/it\/vendita-allingrosso-di-bottiglie-di-gin-vuote-da-700-ml\/","title":{"rendered":"RS096: Vendita all&#039;ingrosso di bottiglie vuote di Gin da 700 ml"},"content":{"rendered":"<div class=\"wpb-content-wrapper\"><div class=\"vc_row wpb_row vc_row-fluid\"><div class=\"wpb_column vc_column_container vc_col-sm-12\"><div class=\"vc_column-inner\"><div class=\"wpb_wrapper\">\n\t<div class=\"wpb_text_column wpb_content_element\" >\n\t\t<div class=\"wpb_wrapper\">\n\t\t\t<p>In qualit\u00e0 di leader tra i produttori di bottiglie di vetro in Cina, Ruisheng si concentra sulla progettazione e produzione di bottiglie di vetro dal 2009. Le nostre bottiglie di gin vuote da 700 ml all&#039;ingrosso vengono utilizzate principalmente per il confezionamento di prodotti alcolici. Questa bottiglia nera di gin vuota da 700 ml \u00e8 progettata principalmente per la conservazione e il confezionamento del gin.<\/p>\n<p>La vendita all&#039;ingrosso di bottiglie di gin in vetro vuote della serie RS-2028 adotta bicchieri super selce di alta qualit\u00e0, che rendono la bottiglia di vetro pi\u00f9 trasparente, chiara e dura. \u00c8 il benvenuto ai produttori di gin, ai grossisti di bottiglie di vetro, ai supermercati, ecc.<\/p>\n<p>Ecco le informazioni sulle nostre bottiglie di gin vuote in vendita. Benvenuto per iniziare il tuo ordine all&#039;ingrosso o all&#039;ingrosso!<\/p>\n<h4>Circa 700 ml di bottiglie di gin vuote all&#039;ingrosso<\/h4>\n<ul>\n<li><strong>Marca:<\/strong>\u00a0<a href=\"https:\/\/glassbottlewholesale.com\/it\/chi-siamo\/\">RS<\/a><\/li>\n<li><strong>Dimensioni della bottiglia di gin:<\/strong> Bottiglie di liquore da 700 ml e 750 ml (o ordini personalizzati da 50 ml a 15ooml)<\/li>\n<li><strong>Forma:\u00a0<\/strong> Bottiglia di vetro rotonda, quadrata, ovale, curva, a forma di teschio e forme uniche di bottiglia di gin. (Disponibile servizio di bottiglia di vetro con forma personalizzata)<\/li>\n<li><strong>Tipo di tenuta:<\/strong>\u00a0Tappo in sughero, tappo a vite e tappo Guala sigillati<\/li>\n<li><strong>MOQ:<\/strong> 1 \u00d7 40HQ (26.000-30.000 bottiglie da 700 ml). Campione gratuito di bottiglie di gin vuote offerte.<\/li>\n<li>\u00c8 possibile offrire un campione gratuito.<\/li>\n<\/ul>\n<p>La nostra azienda ha investito in 2 linee di produzione della pi\u00f9 avanzata macchina completamente automatica 8S, 3 linee di produzione di macchine manuali CNC, 4 linee di produzione di macchine semiautomatiche CNC per la produzione di bottiglie di vetro. Pur garantendo la fornitura di bicchieri da Gin in miniatura all&#039;ingrosso, anche la qualit\u00e0 \u00e8 garantita.<\/p>\n<p>Con una fornitura sufficiente, alta qualit\u00e0 e prezzo ragionevole, le migliori bottiglie di gin RS da 700 ml sono state esportate negli Stati Uniti, nel Regno Unito, in Canada, Australia, Francia, Paesi Bassi, Germania, Belgio, ecc. e hanno ottenuto una buona reputazione tra i nostri clienti.<\/p>\n<p>Se sei soddisfatto di queste bottiglie di liquore vuote in vendita, contattami in tempo. Se non ti piace, puoi guardare le nostre altre bottiglie. Oppure ti regalo il catalogo, puoi scegliere quello che pi\u00f9 ti piace. Se sei interessato alla nostra vendita all&#039;ingrosso di bottiglie di gin vuote da 700 ml, per favore <a href=\"https:\/\/ruishengglassco.com\/contact\">Contattaci.<\/a> Ti risponderemo entro 24 ore.<\/p>\n\n\t\t<\/div>\n\t<\/div>\n<\/div><\/div><\/div><\/div>\n<\/div>","protected":false},"excerpt":{"rendered":"<table class=\"tg\">\n<tbody>\n<tr>\n<th class=\"tg-24i8\" colspan=\"2\">Bottiglie di Gin vuote da 700 ml all&#039;ingrosso<\/th>\n<\/tr>\n<tr>\n<td class=\"tg-b7b8\">Riferimento:<\/td>\n<td class=\"tg-b7b8\">RS096<\/td>\n<\/tr>\n<tr>\n<td class=\"tg-yw4l\">Materiale principale:<\/td>\n<td class=\"tg-yw4l\">Vetro selce alto (questo materiale \u00e8 anche chiamato vetro bianco cristallo)<\/td>\n<\/tr>\n<tr>\n<td class=\"tg-b7b8\">Tappo:<\/td>\n<td class=\"tg-b7b8\">Tappo in sughero, tappo a vite e tappo Guala<\/td>\n<\/tr>\n<tr>\n<td class=\"tg-yw4l\">Capacit\u00e0:<\/td>\n<td class=\"tg-yw4l\">700 ml\/750 ml<\/td>\n<\/tr>\n<tr>\n<td class=\"tg-b7b8\">Caratteristica:<\/td>\n<td class=\"tg-b7b8\">Ecologico<\/td>\n<\/tr>\n<tr>\n<td class=\"tg-yw4l\">MOQ:<\/td>\n<td class=\"tg-yw4l\">10000 PZ<\/td>\n<\/tr>\n<tr>\n<td class=\"tg-b7b8\">Modo dell&#039;imballaggio:<\/td>\n<td class=\"tg-b7b8\">Esporta cartone standard\/pallet\/esporta cartone e pallet standard<\/td>\n<\/tr>\n<tr>\n<td class=\"tg-yw4l\">OEM\/ODM:<\/td>\n<td class=\"tg-yw4l\">Benvenuto<\/td>\n<\/tr>\n<tr>\n<td class=\"tg-b7b8\">Origine del luogo:<\/td>\n<td class=\"tg-b7b8\">Shandong, Cina<\/td>\n<\/tr>\n<tr>\n<td class=\"tg-yw4l\">Pezzi\/Cont.:<\/td>\n<td class=\"tg-yw4l\">24 pezzi o secondo le richieste del cliente<\/td>\n<\/tr>\n<\/tbody>\n<\/table>","protected":false},"featured_media":4376,"comment_status":"open","ping_status":"closed","template":"","meta":[],"product_brand":[],"product_cat":[51,64],"product_tag":[],"class_list":{"0":"post-515","1":"product","2":"type-product","3":"status-publish","4":"has-post-thumbnail","6":"product_cat-700ml-glass-bottle","7":"product_cat-gin-bottle","8":"entry","9":"has-media","11":"first","12":"instock","13":"shipping-taxable","14":"product-type-simple"},"yoast_head":"<!-- This site is optimized with the Yoast SEO plugin v27.3 - https:\/\/yoast.com\/product\/yoast-seo-wordpress\/ -->\n<title>700ml Empty Gin Bottles Wholesale | Best Gin Black Bottles Maker-RS<\/title>\n<meta name=\"description\" content=\"Ruisheng, one of the glass bottle manufacturers in China, provide 700ml empty gin bottles wholesale in a factory price. OEM\/ODM Order Acceptable.\" \/>\n<meta name=\"robots\" content=\"index, follow, max-snippet:-1, max-image-preview:large, max-video-preview:-1\" \/>\n<link rel=\"canonical\" href=\"https:\/\/ruishengglassco.com\/product\/rs096-700ml-empty-gin-bottles-manufacturers\" \/>\n<meta property=\"og:locale\" content=\"it_IT\" \/>\n<meta property=\"og:type\" content=\"article\" \/>\n<meta property=\"og:title\" content=\"700ml Empty Gin Bottles Wholesale | Best Gin Black Bottles Maker-RS\" \/>\n<meta property=\"og:description\" content=\"Ruisheng, one of the glass bottle manufacturers in China, provide 700ml empty gin bottles wholesale in a factory price. OEM\/ODM Order Acceptable.\" \/>\n<meta property=\"og:url\" content=\"https:\/\/ruishengglassco.com\/product\/rs096-700ml-empty-gin-bottles-manufacturers\" \/>\n<meta property=\"og:site_name\" content=\"Glass Bottle Wholesale\" \/>\n<meta property=\"article:modified_time\" content=\"2025-07-10T01:30:17+00:00\" \/>\n<meta property=\"og:image\" content=\"https:\/\/glassbottlewholesale.com\/wp-content\/uploads\/2023\/12\/700ml-Empty-Gin-Bottles-Wholesale.png\" \/>\n\t<meta property=\"og:image:width\" content=\"500\" \/>\n\t<meta property=\"og:image:height\" content=\"500\" \/>\n\t<meta property=\"og:image:type\" content=\"image\/png\" \/>\n<meta name=\"twitter:card\" content=\"summary_large_image\" \/>\n<meta name=\"twitter:label1\" content=\"Tempo di lettura stimato\" \/>\n\t<meta name=\"twitter:data1\" content=\"2 minuti\" \/>\n<script type=\"application\/ld+json\" class=\"yoast-schema-graph\">{\"@context\":\"https:\\\/\\\/schema.org\",\"@graph\":[{\"@type\":\"WebPage\",\"@id\":\"https:\\\/\\\/glassbottlewholesale.com\\\/700ml-empty-gin-bottle-wholesale\\\/\",\"url\":\"https:\\\/\\\/ruishengglassco.com\\\/product\\\/rs096-700ml-empty-gin-bottles-manufacturers\",\"name\":\"700ml Empty Gin Bottles Wholesale | Best Gin Black Bottles Maker-RS\",\"isPartOf\":{\"@id\":\"https:\\\/\\\/glassbottlewholesale.com\\\/#website\"},\"primaryImageOfPage\":{\"@id\":\"https:\\\/\\\/ruishengglassco.com\\\/product\\\/rs096-700ml-empty-gin-bottles-manufacturers#primaryimage\"},\"image\":{\"@id\":\"https:\\\/\\\/ruishengglassco.com\\\/product\\\/rs096-700ml-empty-gin-bottles-manufacturers#primaryimage\"},\"thumbnailUrl\":\"https:\\\/\\\/glassbottlewholesale.com\\\/wp-content\\\/uploads\\\/2023\\\/12\\\/700ml-Empty-Gin-Bottles-Wholesale.png\",\"datePublished\":\"2019-10-15T12:51:43+00:00\",\"dateModified\":\"2025-07-10T01:30:17+00:00\",\"description\":\"Ruisheng, one of the glass bottle manufacturers in China, provide 700ml empty gin bottles wholesale in a factory price. OEM\\\/ODM Order Acceptable.\",\"breadcrumb\":{\"@id\":\"https:\\\/\\\/ruishengglassco.com\\\/product\\\/rs096-700ml-empty-gin-bottles-manufacturers#breadcrumb\"},\"inLanguage\":\"it-IT\",\"potentialAction\":[{\"@type\":\"ReadAction\",\"target\":[\"https:\\\/\\\/ruishengglassco.com\\\/product\\\/rs096-700ml-empty-gin-bottles-manufacturers\"]}]},{\"@type\":\"ImageObject\",\"inLanguage\":\"it-IT\",\"@id\":\"https:\\\/\\\/ruishengglassco.com\\\/product\\\/rs096-700ml-empty-gin-bottles-manufacturers#primaryimage\",\"url\":\"https:\\\/\\\/glassbottlewholesale.com\\\/wp-content\\\/uploads\\\/2023\\\/12\\\/700ml-Empty-Gin-Bottles-Wholesale.png\",\"contentUrl\":\"https:\\\/\\\/glassbottlewholesale.com\\\/wp-content\\\/uploads\\\/2023\\\/12\\\/700ml-Empty-Gin-Bottles-Wholesale.png\",\"width\":500,\"height\":500,\"caption\":\"700ml Empty Gin Bottles Wholesale\"},{\"@type\":\"BreadcrumbList\",\"@id\":\"https:\\\/\\\/ruishengglassco.com\\\/product\\\/rs096-700ml-empty-gin-bottles-manufacturers#breadcrumb\",\"itemListElement\":[{\"@type\":\"ListItem\",\"position\":1,\"name\":\"Home\",\"item\":\"https:\\\/\\\/glassbottlewholesale.com\\\/\"},{\"@type\":\"ListItem\",\"position\":2,\"name\":\"Products\",\"item\":\"https:\\\/\\\/glassbottlewholesale.com\\\/shop\\\/\"},{\"@type\":\"ListItem\",\"position\":3,\"name\":\"RS096: 700ml Empty Gin Bottles Wholesale\"}]},{\"@type\":\"WebSite\",\"@id\":\"https:\\\/\\\/glassbottlewholesale.com\\\/#website\",\"url\":\"https:\\\/\\\/glassbottlewholesale.com\\\/\",\"name\":\"Glass Bottle Wholesale\",\"description\":\"\",\"publisher\":{\"@id\":\"https:\\\/\\\/glassbottlewholesale.com\\\/#organization\"},\"potentialAction\":[{\"@type\":\"SearchAction\",\"target\":{\"@type\":\"EntryPoint\",\"urlTemplate\":\"https:\\\/\\\/glassbottlewholesale.com\\\/?s={search_term_string}\"},\"query-input\":{\"@type\":\"PropertyValueSpecification\",\"valueRequired\":true,\"valueName\":\"search_term_string\"}}],\"inLanguage\":\"it-IT\"},{\"@type\":\"Organization\",\"@id\":\"https:\\\/\\\/glassbottlewholesale.com\\\/#organization\",\"name\":\"Glass Bottle Wholesale\",\"url\":\"https:\\\/\\\/glassbottlewholesale.com\\\/\",\"logo\":{\"@type\":\"ImageObject\",\"inLanguage\":\"it-IT\",\"@id\":\"https:\\\/\\\/glassbottlewholesale.com\\\/#\\\/schema\\\/logo\\\/image\\\/\",\"url\":\"https:\\\/\\\/glassbottlewholesale.com\\\/wp-content\\\/uploads\\\/2023\\\/12\\\/ruisheng-logo.webp\",\"contentUrl\":\"https:\\\/\\\/glassbottlewholesale.com\\\/wp-content\\\/uploads\\\/2023\\\/12\\\/ruisheng-logo.webp\",\"width\":400,\"height\":233,\"caption\":\"Glass Bottle Wholesale\"},\"image\":{\"@id\":\"https:\\\/\\\/glassbottlewholesale.com\\\/#\\\/schema\\\/logo\\\/image\\\/\"}}]}<\/script>\n<!-- \/ Yoast SEO plugin. -->","yoast_head_json":{"title":"Bottiglie di gin vuote da 700 ml all&#039;ingrosso | Miglior produttore di bottiglie nere di gin-RS","description":"Ruisheng, uno dei produttori di bottiglie di vetro in Cina, fornisce all&#039;ingrosso bottiglie di gin vuote da 700 ml a un prezzo di fabbrica. Ordine OEM\/ODM accettabile.","robots":{"index":"index","follow":"follow","max-snippet":"max-snippet:-1","max-image-preview":"max-image-preview:large","max-video-preview":"max-video-preview:-1"},"canonical":"https:\/\/ruishengglassco.com\/product\/rs096-700ml-empty-gin-bottles-manufacturers","og_locale":"it_IT","og_type":"article","og_title":"700ml Empty Gin Bottles Wholesale | Best Gin Black Bottles Maker-RS","og_description":"Ruisheng, one of the glass bottle manufacturers in China, provide 700ml empty gin bottles wholesale in a factory price. OEM\/ODM Order Acceptable.","og_url":"https:\/\/ruishengglassco.com\/product\/rs096-700ml-empty-gin-bottles-manufacturers","og_site_name":"Glass Bottle Wholesale","article_modified_time":"2025-07-10T01:30:17+00:00","og_image":[{"width":500,"height":500,"url":"https:\/\/glassbottlewholesale.com\/wp-content\/uploads\/2023\/12\/700ml-Empty-Gin-Bottles-Wholesale.png","type":"image\/png"}],"twitter_card":"summary_large_image","twitter_misc":{"Tempo di lettura stimato":"2 minuti"},"schema":{"@context":"https:\/\/schema.org","@graph":[{"@type":"WebPage","@id":"https:\/\/glassbottlewholesale.com\/700ml-empty-gin-bottle-wholesale\/","url":"https:\/\/ruishengglassco.com\/product\/rs096-700ml-empty-gin-bottles-manufacturers","name":"Bottiglie di gin vuote da 700 ml all&#039;ingrosso | Miglior produttore di bottiglie nere di gin-RS","isPartOf":{"@id":"https:\/\/glassbottlewholesale.com\/#website"},"primaryImageOfPage":{"@id":"https:\/\/ruishengglassco.com\/product\/rs096-700ml-empty-gin-bottles-manufacturers#primaryimage"},"image":{"@id":"https:\/\/ruishengglassco.com\/product\/rs096-700ml-empty-gin-bottles-manufacturers#primaryimage"},"thumbnailUrl":"https:\/\/glassbottlewholesale.com\/wp-content\/uploads\/2023\/12\/700ml-Empty-Gin-Bottles-Wholesale.png","datePublished":"2019-10-15T12:51:43+00:00","dateModified":"2025-07-10T01:30:17+00:00","description":"Ruisheng, uno dei produttori di bottiglie di vetro in Cina, fornisce all&#039;ingrosso bottiglie di gin vuote da 700 ml a un prezzo di fabbrica. Ordine OEM\/ODM accettabile.","breadcrumb":{"@id":"https:\/\/ruishengglassco.com\/product\/rs096-700ml-empty-gin-bottles-manufacturers#breadcrumb"},"inLanguage":"it-IT","potentialAction":[{"@type":"ReadAction","target":["https:\/\/ruishengglassco.com\/product\/rs096-700ml-empty-gin-bottles-manufacturers"]}]},{"@type":"ImageObject","inLanguage":"it-IT","@id":"https:\/\/ruishengglassco.com\/product\/rs096-700ml-empty-gin-bottles-manufacturers#primaryimage","url":"https:\/\/glassbottlewholesale.com\/wp-content\/uploads\/2023\/12\/700ml-Empty-Gin-Bottles-Wholesale.png","contentUrl":"https:\/\/glassbottlewholesale.com\/wp-content\/uploads\/2023\/12\/700ml-Empty-Gin-Bottles-Wholesale.png","width":500,"height":500,"caption":"700ml Empty Gin Bottles Wholesale"},{"@type":"BreadcrumbList","@id":"https:\/\/ruishengglassco.com\/product\/rs096-700ml-empty-gin-bottles-manufacturers#breadcrumb","itemListElement":[{"@type":"ListItem","position":1,"name":"Home","item":"https:\/\/glassbottlewholesale.com\/"},{"@type":"ListItem","position":2,"name":"Products","item":"https:\/\/glassbottlewholesale.com\/shop\/"},{"@type":"ListItem","position":3,"name":"RS096: 700ml Empty Gin Bottles Wholesale"}]},{"@type":"WebSite","@id":"https:\/\/glassbottlewholesale.com\/#website","url":"https:\/\/glassbottlewholesale.com\/","name":"Glass Bottle Wholesale","description":"","publisher":{"@id":"https:\/\/glassbottlewholesale.com\/#organization"},"potentialAction":[{"@type":"SearchAction","target":{"@type":"EntryPoint","urlTemplate":"https:\/\/glassbottlewholesale.com\/?s={search_term_string}"},"query-input":{"@type":"PropertyValueSpecification","valueRequired":true,"valueName":"search_term_string"}}],"inLanguage":"it-IT"},{"@type":"Organization","@id":"https:\/\/glassbottlewholesale.com\/#organization","name":"Glass Bottle Wholesale","url":"https:\/\/glassbottlewholesale.com\/","logo":{"@type":"ImageObject","inLanguage":"it-IT","@id":"https:\/\/glassbottlewholesale.com\/#\/schema\/logo\/image\/","url":"https:\/\/glassbottlewholesale.com\/wp-content\/uploads\/2023\/12\/ruisheng-logo.webp","contentUrl":"https:\/\/glassbottlewholesale.com\/wp-content\/uploads\/2023\/12\/ruisheng-logo.webp","width":400,"height":233,"caption":"Glass Bottle Wholesale"},"image":{"@id":"https:\/\/glassbottlewholesale.com\/#\/schema\/logo\/image\/"}}]}},"_links":{"self":[{"href":"https:\/\/glassbottlewholesale.com\/it\/wp-json\/wp\/v2\/product\/515","targetHints":{"allow":["GET"]}}],"collection":[{"href":"https:\/\/glassbottlewholesale.com\/it\/wp-json\/wp\/v2\/product"}],"about":[{"href":"https:\/\/glassbottlewholesale.com\/it\/wp-json\/wp\/v2\/types\/product"}],"replies":[{"embeddable":true,"href":"https:\/\/glassbottlewholesale.com\/it\/wp-json\/wp\/v2\/comments?post=515"}],"wp:featuredmedia":[{"embeddable":true,"href":"https:\/\/glassbottlewholesale.com\/it\/wp-json\/wp\/v2\/media\/4376"}],"wp:attachment":[{"href":"https:\/\/glassbottlewholesale.com\/it\/wp-json\/wp\/v2\/media?parent=515"}],"wp:term":[{"taxonomy":"product_brand","embeddable":true,"href":"https:\/\/glassbottlewholesale.com\/it\/wp-json\/wp\/v2\/product_brand?post=515"},{"taxonomy":"product_cat","embeddable":true,"href":"https:\/\/glassbottlewholesale.com\/it\/wp-json\/wp\/v2\/product_cat?post=515"},{"taxonomy":"product_tag","embeddable":true,"href":"https:\/\/glassbottlewholesale.com\/it\/wp-json\/wp\/v2\/product_tag?post=515"}],"curies":[{"name":"wp","href":"https:\/\/api.w.org\/{rel}","templated":true}]}}