{"id":536,"date":"2019-10-15T13:12:55","date_gmt":"2019-10-15T13:12:55","guid":{"rendered":"https:\/\/queenchingglass.com\/?post_type=product&#038;p=536"},"modified":"2025-07-10T01:26:48","modified_gmt":"2025-07-10T01:26:48","slug":"produttori-di-bottiglie-di-vetro-per-whisky-da-750-ml","status":"publish","type":"product","link":"https:\/\/glassbottlewholesale.com\/it\/produttori-di-bottiglie-di-vetro-per-whisky-da-750-ml\/","title":{"rendered":"RS088: Produttori di bottiglie di vetro di whisky da 750 ml"},"content":{"rendered":"<div class=\"wpb-content-wrapper\"><div class=\"vc_row wpb_row vc_row-fluid\"><div class=\"wpb_column vc_column_container vc_col-sm-12\"><div class=\"vc_column-inner\"><div class=\"wpb_wrapper\">\n\t<div class=\"wpb_text_column wpb_content_element\" >\n\t\t<div class=\"wpb_wrapper\">\n\t\t\t<p>Il\u00a0<strong>bottiglia di vetro da 750 ml per whisky all'ingrosso<\/strong> in vendita \u00e8 fatto in Shandong Yuncheng Ruisheng Glass Co. La nostra azienda \u00e8 uno dei maggiori produttori di bottiglie di whisky da 750 ml in Cina.<\/p>\n<p>Le bottiglie di whisky vuote da 750 ml in vendita sono realizzate con materiale di vetro ad alta resistenza che rende la bottiglia di vetro pi\u00f9 chiara, pi\u00f9 resistente e pi\u00f9 liscia.<\/p>\n<p>Come professionista\u00a0<em><strong>fornitori di bottiglie da whisky in vetro<\/strong><\/em>La nostra azienda ha pi\u00f9 di 500 dipendenti e un gruppo di ingegneri specializzati. Con una ricca esperienza, abbiamo ottenuto una buona reputazione in tutto il mondo.<\/p>\n<p>I nostri prodotti principali sono di grado superiore\u00a0<a href=\"https:\/\/ruishengglassco.com\/\">bottiglia di vetro per bevande<\/a>\u00a0come la bottiglia di vodka, la bottiglia di brandy, le bottiglie di vetro di whisky all'ingrosso, la bottiglia di liquore, la bottiglia di marmellata e cos\u00ec via. Possiamo anche offrire bottiglie di vetro ambrato, bottiglie verdi e bottiglie d'acqua. Il nostro mercato principale in Europa, USA, Australia, America ecc. E tutti i prodotti godono di un'alta reputazione per innovazione e funzionalit\u00e0.<\/p>\n<h4>Bottiglia di vetro per whisky da 750 ml all'ingrosso<\/h4>\n<p>Le informazioni sulle bottiglie di vetro da 750 ml in vendita sono riportate di seguito:<\/p>\n<ul>\n<li>Materiale principale: vetro ad alta selce<\/li>\n<li>Tappo: tappo a vite<\/li>\n<li>Riferimento: RS088<\/li>\n<li>MOQ: 10000 PZ<\/li>\n<li>Capacit\u00e0: 750 ml<\/li>\n<li>Pezzi\/ct: 24 pezzi<\/li>\n<li>Origine del luogo: Shandong, Cina<\/li>\n<li>Caratteristica: ecologico<\/li>\n<\/ul>\n<p>Oltre alle bottiglie di vetro per whisky da 750 ml, abbiamo anche bottiglie di vetro per whisky da 100 ml all'ingrosso, bottiglie di vetro per whisky da 250 ml con tappi, bottiglie di vetro per whisky trasparenti da 375 ml,\u00a0<a href=\"https:\/\/ruishengglassco.com\/1000ml-liquor-glass-bottle-manufacturer\" data-slimstat=\"5\">\u00a0Bottiglie di whisky da 1000 ml<\/a>e cos\u00ec via. Se si desidera un decanter di whisky personalizzato, accettiamo dimensioni di bottiglie di whisky personalizzate, tipi di vetro di whisky personalizzati e servizio di etichette di bottiglie di whisky personalizzate. Il nostro obiettivo \u00e8 quello di fare il miglior decanter di whisky e offrire il miglior servizio per i clienti di tutto il mondo.<\/p>\n<p>Se volete saperne di pi\u00f9 sulla bottiglia di vetro per whisky da 750 ml, contattateci. Vi risponderemo entro 24 ore.<\/p>\n\n\t\t<\/div>\n\t<\/div>\n<\/div><\/div><\/div><\/div>\n<\/div>","protected":false},"excerpt":{"rendered":"<p>750ml (25oz) Whiskey bottiglia di vetro all'ingrosso, con design a prova di perdite, tappo a vite coperchi, e alta selce materiale di vetro durevole, \u00e8 perfetto per la memorizzazione di qualit\u00e0 superiore Whskey.<\/p>\n<p>Ordine personalizzato per bottiglia di vetro per whisky:<\/p>\n<ul>\n<li>Riferimento: RS088<\/li>\n<li><strong>Servizio OEM\/ODM offerto. MOQ: 10000pcs (10000 PCS)<\/strong><\/li>\n<li>Tappo: a vite o personalizzato<\/li>\n<li>Materiale: Vetro ad alta selce<\/li>\n<li>Altezza della bottiglia: 220 mm<\/li>\n<li>Diametro della bottiglia: 90 mm<\/li>\n<\/ul>","protected":false},"featured_media":4593,"comment_status":"open","ping_status":"closed","template":"","meta":[],"product_brand":[],"product_cat":[52,63,68],"product_tag":[],"class_list":{"0":"post-536","1":"product","2":"type-product","3":"status-publish","4":"has-post-thumbnail","6":"product_cat-750ml-glass-bottle","7":"product_cat-liquor-bottle","8":"product_cat-whiskey-bottle","9":"entry","10":"has-media","12":"first","13":"instock","14":"shipping-taxable","15":"product-type-simple"},"yoast_head":"<!-- This site is optimized with the Yoast SEO plugin v27.3 - https:\/\/yoast.com\/product\/yoast-seo-wordpress\/ -->\n<title>Whiskey Glass Bottle Wholesale | Empty Whsikey Bottle Manufacturers<\/title>\n<meta name=\"description\" content=\"Buy Whiskey Glass Bottle Wholesale From China Empty Whsikey Bottle Manufacturers. Factory Outlet&amp;Bulk Price\" \/>\n<meta name=\"robots\" content=\"index, follow, max-snippet:-1, max-image-preview:large, max-video-preview:-1\" \/>\n<link rel=\"canonical\" href=\"https:\/\/ruishengglassco.com\/product\/rs088-750ml-whiskey-glass-bottle-manufacturers\" \/>\n<meta property=\"og:locale\" content=\"it_IT\" \/>\n<meta property=\"og:type\" content=\"article\" \/>\n<meta property=\"og:title\" content=\"Whiskey Glass Bottle Wholesale | Empty Whsikey Bottle Manufacturers\" \/>\n<meta property=\"og:description\" content=\"Buy Whiskey Glass Bottle Wholesale From China Empty Whsikey Bottle Manufacturers. Factory Outlet&amp;Bulk Price\" \/>\n<meta property=\"og:url\" content=\"https:\/\/ruishengglassco.com\/product\/rs088-750ml-whiskey-glass-bottle-manufacturers\" \/>\n<meta property=\"og:site_name\" content=\"Glass Bottle Wholesale\" \/>\n<meta property=\"article:modified_time\" content=\"2025-07-10T01:26:48+00:00\" \/>\n<meta property=\"og:image\" content=\"https:\/\/glassbottlewholesale.com\/wp-content\/uploads\/2024\/03\/wholesale-whiskey-bottle-manufacturer14-1.png\" \/>\n\t<meta property=\"og:image:width\" content=\"800\" \/>\n\t<meta property=\"og:image:height\" content=\"800\" \/>\n\t<meta property=\"og:image:type\" content=\"image\/png\" \/>\n<meta name=\"twitter:card\" content=\"summary_large_image\" \/>\n<meta name=\"twitter:label1\" content=\"Tempo di lettura stimato\" \/>\n\t<meta name=\"twitter:data1\" content=\"2 minuti\" \/>\n<script type=\"application\/ld+json\" class=\"yoast-schema-graph\">{\"@context\":\"https:\\\/\\\/schema.org\",\"@graph\":[{\"@type\":\"WebPage\",\"@id\":\"https:\\\/\\\/glassbottlewholesale.com\\\/750ml-whiskey-glass-bottle-manufacturers\\\/\",\"url\":\"https:\\\/\\\/ruishengglassco.com\\\/product\\\/rs088-750ml-whiskey-glass-bottle-manufacturers\",\"name\":\"Whiskey Glass Bottle Wholesale | Empty Whsikey Bottle Manufacturers\",\"isPartOf\":{\"@id\":\"https:\\\/\\\/glassbottlewholesale.com\\\/#website\"},\"primaryImageOfPage\":{\"@id\":\"https:\\\/\\\/ruishengglassco.com\\\/product\\\/rs088-750ml-whiskey-glass-bottle-manufacturers#primaryimage\"},\"image\":{\"@id\":\"https:\\\/\\\/ruishengglassco.com\\\/product\\\/rs088-750ml-whiskey-glass-bottle-manufacturers#primaryimage\"},\"thumbnailUrl\":\"https:\\\/\\\/glassbottlewholesale.com\\\/wp-content\\\/uploads\\\/2024\\\/03\\\/wholesale-whiskey-bottle-manufacturer14-1.png\",\"datePublished\":\"2019-10-15T13:12:55+00:00\",\"dateModified\":\"2025-07-10T01:26:48+00:00\",\"description\":\"Buy Whiskey Glass Bottle Wholesale From China Empty Whsikey Bottle Manufacturers. Factory Outlet&Bulk Price\",\"breadcrumb\":{\"@id\":\"https:\\\/\\\/ruishengglassco.com\\\/product\\\/rs088-750ml-whiskey-glass-bottle-manufacturers#breadcrumb\"},\"inLanguage\":\"it-IT\",\"potentialAction\":[{\"@type\":\"ReadAction\",\"target\":[\"https:\\\/\\\/ruishengglassco.com\\\/product\\\/rs088-750ml-whiskey-glass-bottle-manufacturers\"]}]},{\"@type\":\"ImageObject\",\"inLanguage\":\"it-IT\",\"@id\":\"https:\\\/\\\/ruishengglassco.com\\\/product\\\/rs088-750ml-whiskey-glass-bottle-manufacturers#primaryimage\",\"url\":\"https:\\\/\\\/glassbottlewholesale.com\\\/wp-content\\\/uploads\\\/2024\\\/03\\\/wholesale-whiskey-bottle-manufacturer14-1.png\",\"contentUrl\":\"https:\\\/\\\/glassbottlewholesale.com\\\/wp-content\\\/uploads\\\/2024\\\/03\\\/wholesale-whiskey-bottle-manufacturer14-1.png\",\"width\":800,\"height\":800,\"caption\":\"750ml WhIskey bottle Wholesale\"},{\"@type\":\"BreadcrumbList\",\"@id\":\"https:\\\/\\\/ruishengglassco.com\\\/product\\\/rs088-750ml-whiskey-glass-bottle-manufacturers#breadcrumb\",\"itemListElement\":[{\"@type\":\"ListItem\",\"position\":1,\"name\":\"Home\",\"item\":\"https:\\\/\\\/glassbottlewholesale.com\\\/\"},{\"@type\":\"ListItem\",\"position\":2,\"name\":\"Products\",\"item\":\"https:\\\/\\\/glassbottlewholesale.com\\\/shop\\\/\"},{\"@type\":\"ListItem\",\"position\":3,\"name\":\"RS088: 750ml Whiskey Glass Bottle Manufacturers\"}]},{\"@type\":\"WebSite\",\"@id\":\"https:\\\/\\\/glassbottlewholesale.com\\\/#website\",\"url\":\"https:\\\/\\\/glassbottlewholesale.com\\\/\",\"name\":\"Glass Bottle Wholesale\",\"description\":\"\",\"publisher\":{\"@id\":\"https:\\\/\\\/glassbottlewholesale.com\\\/#organization\"},\"potentialAction\":[{\"@type\":\"SearchAction\",\"target\":{\"@type\":\"EntryPoint\",\"urlTemplate\":\"https:\\\/\\\/glassbottlewholesale.com\\\/?s={search_term_string}\"},\"query-input\":{\"@type\":\"PropertyValueSpecification\",\"valueRequired\":true,\"valueName\":\"search_term_string\"}}],\"inLanguage\":\"it-IT\"},{\"@type\":\"Organization\",\"@id\":\"https:\\\/\\\/glassbottlewholesale.com\\\/#organization\",\"name\":\"Glass Bottle Wholesale\",\"url\":\"https:\\\/\\\/glassbottlewholesale.com\\\/\",\"logo\":{\"@type\":\"ImageObject\",\"inLanguage\":\"it-IT\",\"@id\":\"https:\\\/\\\/glassbottlewholesale.com\\\/#\\\/schema\\\/logo\\\/image\\\/\",\"url\":\"https:\\\/\\\/glassbottlewholesale.com\\\/wp-content\\\/uploads\\\/2023\\\/12\\\/ruisheng-logo.webp\",\"contentUrl\":\"https:\\\/\\\/glassbottlewholesale.com\\\/wp-content\\\/uploads\\\/2023\\\/12\\\/ruisheng-logo.webp\",\"width\":400,\"height\":233,\"caption\":\"Glass Bottle Wholesale\"},\"image\":{\"@id\":\"https:\\\/\\\/glassbottlewholesale.com\\\/#\\\/schema\\\/logo\\\/image\\\/\"}}]}<\/script>\n<!-- \/ Yoast SEO plugin. -->","yoast_head_json":{"title":"Bottiglia di vetro per whisky all'ingrosso | Bottiglia vuota per whisky Produttori","description":"Acquista Whiskey Bottiglia di vetro all'ingrosso Dalla Cina Vuoto Whsikey Bottiglia Produttori. Fabbrica di uscita e prezzo pieno","robots":{"index":"index","follow":"follow","max-snippet":"max-snippet:-1","max-image-preview":"max-image-preview:large","max-video-preview":"max-video-preview:-1"},"canonical":"https:\/\/ruishengglassco.com\/product\/rs088-750ml-whiskey-glass-bottle-manufacturers","og_locale":"it_IT","og_type":"article","og_title":"Whiskey Glass Bottle Wholesale | Empty Whsikey Bottle Manufacturers","og_description":"Buy Whiskey Glass Bottle Wholesale From China Empty Whsikey Bottle Manufacturers. Factory Outlet&Bulk Price","og_url":"https:\/\/ruishengglassco.com\/product\/rs088-750ml-whiskey-glass-bottle-manufacturers","og_site_name":"Glass Bottle Wholesale","article_modified_time":"2025-07-10T01:26:48+00:00","og_image":[{"width":800,"height":800,"url":"https:\/\/glassbottlewholesale.com\/wp-content\/uploads\/2024\/03\/wholesale-whiskey-bottle-manufacturer14-1.png","type":"image\/png"}],"twitter_card":"summary_large_image","twitter_misc":{"Tempo di lettura stimato":"2 minuti"},"schema":{"@context":"https:\/\/schema.org","@graph":[{"@type":"WebPage","@id":"https:\/\/glassbottlewholesale.com\/750ml-whiskey-glass-bottle-manufacturers\/","url":"https:\/\/ruishengglassco.com\/product\/rs088-750ml-whiskey-glass-bottle-manufacturers","name":"Bottiglia di vetro per whisky all'ingrosso | Bottiglia vuota per whisky Produttori","isPartOf":{"@id":"https:\/\/glassbottlewholesale.com\/#website"},"primaryImageOfPage":{"@id":"https:\/\/ruishengglassco.com\/product\/rs088-750ml-whiskey-glass-bottle-manufacturers#primaryimage"},"image":{"@id":"https:\/\/ruishengglassco.com\/product\/rs088-750ml-whiskey-glass-bottle-manufacturers#primaryimage"},"thumbnailUrl":"https:\/\/glassbottlewholesale.com\/wp-content\/uploads\/2024\/03\/wholesale-whiskey-bottle-manufacturer14-1.png","datePublished":"2019-10-15T13:12:55+00:00","dateModified":"2025-07-10T01:26:48+00:00","description":"Acquista Whiskey Bottiglia di vetro all'ingrosso Dalla Cina Vuoto Whsikey Bottiglia Produttori. Fabbrica di uscita e prezzo pieno","breadcrumb":{"@id":"https:\/\/ruishengglassco.com\/product\/rs088-750ml-whiskey-glass-bottle-manufacturers#breadcrumb"},"inLanguage":"it-IT","potentialAction":[{"@type":"ReadAction","target":["https:\/\/ruishengglassco.com\/product\/rs088-750ml-whiskey-glass-bottle-manufacturers"]}]},{"@type":"ImageObject","inLanguage":"it-IT","@id":"https:\/\/ruishengglassco.com\/product\/rs088-750ml-whiskey-glass-bottle-manufacturers#primaryimage","url":"https:\/\/glassbottlewholesale.com\/wp-content\/uploads\/2024\/03\/wholesale-whiskey-bottle-manufacturer14-1.png","contentUrl":"https:\/\/glassbottlewholesale.com\/wp-content\/uploads\/2024\/03\/wholesale-whiskey-bottle-manufacturer14-1.png","width":800,"height":800,"caption":"750ml WhIskey bottle Wholesale"},{"@type":"BreadcrumbList","@id":"https:\/\/ruishengglassco.com\/product\/rs088-750ml-whiskey-glass-bottle-manufacturers#breadcrumb","itemListElement":[{"@type":"ListItem","position":1,"name":"Home","item":"https:\/\/glassbottlewholesale.com\/"},{"@type":"ListItem","position":2,"name":"Products","item":"https:\/\/glassbottlewholesale.com\/shop\/"},{"@type":"ListItem","position":3,"name":"RS088: 750ml Whiskey Glass Bottle Manufacturers"}]},{"@type":"WebSite","@id":"https:\/\/glassbottlewholesale.com\/#website","url":"https:\/\/glassbottlewholesale.com\/","name":"Glass Bottle Wholesale","description":"","publisher":{"@id":"https:\/\/glassbottlewholesale.com\/#organization"},"potentialAction":[{"@type":"SearchAction","target":{"@type":"EntryPoint","urlTemplate":"https:\/\/glassbottlewholesale.com\/?s={search_term_string}"},"query-input":{"@type":"PropertyValueSpecification","valueRequired":true,"valueName":"search_term_string"}}],"inLanguage":"it-IT"},{"@type":"Organization","@id":"https:\/\/glassbottlewholesale.com\/#organization","name":"Glass Bottle Wholesale","url":"https:\/\/glassbottlewholesale.com\/","logo":{"@type":"ImageObject","inLanguage":"it-IT","@id":"https:\/\/glassbottlewholesale.com\/#\/schema\/logo\/image\/","url":"https:\/\/glassbottlewholesale.com\/wp-content\/uploads\/2023\/12\/ruisheng-logo.webp","contentUrl":"https:\/\/glassbottlewholesale.com\/wp-content\/uploads\/2023\/12\/ruisheng-logo.webp","width":400,"height":233,"caption":"Glass Bottle Wholesale"},"image":{"@id":"https:\/\/glassbottlewholesale.com\/#\/schema\/logo\/image\/"}}]}},"_links":{"self":[{"href":"https:\/\/glassbottlewholesale.com\/it\/wp-json\/wp\/v2\/product\/536","targetHints":{"allow":["GET"]}}],"collection":[{"href":"https:\/\/glassbottlewholesale.com\/it\/wp-json\/wp\/v2\/product"}],"about":[{"href":"https:\/\/glassbottlewholesale.com\/it\/wp-json\/wp\/v2\/types\/product"}],"replies":[{"embeddable":true,"href":"https:\/\/glassbottlewholesale.com\/it\/wp-json\/wp\/v2\/comments?post=536"}],"wp:featuredmedia":[{"embeddable":true,"href":"https:\/\/glassbottlewholesale.com\/it\/wp-json\/wp\/v2\/media\/4593"}],"wp:attachment":[{"href":"https:\/\/glassbottlewholesale.com\/it\/wp-json\/wp\/v2\/media?parent=536"}],"wp:term":[{"taxonomy":"product_brand","embeddable":true,"href":"https:\/\/glassbottlewholesale.com\/it\/wp-json\/wp\/v2\/product_brand?post=536"},{"taxonomy":"product_cat","embeddable":true,"href":"https:\/\/glassbottlewholesale.com\/it\/wp-json\/wp\/v2\/product_cat?post=536"},{"taxonomy":"product_tag","embeddable":true,"href":"https:\/\/glassbottlewholesale.com\/it\/wp-json\/wp\/v2\/product_tag?post=536"}],"curies":[{"name":"wp","href":"https:\/\/api.w.org\/{rel}","templated":true}]}}