{"id":632,"date":"2019-10-18T03:05:37","date_gmt":"2019-10-18T03:05:37","guid":{"rendered":"https:\/\/queenchingglass.com\/?post_type=product&#038;p=632"},"modified":"2024-01-08T03:54:55","modified_gmt":"2024-01-08T03:54:55","slug":"wholesale-375ml-glass-bottles-with-screw-top-lids","status":"publish","type":"product","link":"https:\/\/glassbottlewholesale.com\/it\/wholesale-375ml-glass-bottles-with-screw-top-lids\/","title":{"rendered":"RS085: bottiglie di vetro da 375 ml all&#039;ingrosso con coperchio a vite"},"content":{"rendered":"<p>Questo <a href=\"https:\/\/rsglassbottle.com\/product-detail\/375ml-boston-round-glass-bottles\/\">Bottiglie di vetro da 375 ml<\/a> con tappo a vite all'ingrosso sono prodotte da Shandong Yuncheng Ruisheng Glass Co. Queste piccole bottiglie di vetro possono contenere molti tipi di liquidi, come liquori, whisky, vodka, brandy, rum, gin e altre bevande. Vale la pena ricordare che questa piccola bottiglia di vetro \u00e8 una bottiglia di vetro con tappo a vite.<\/p>\n<p>Le bottiglie da 375 ml all'ingrosso sono di forma cilindrica e il tipo di chiusura \u00e8 il tappo a vite. Possiamo offrire due tipi di tappo per queste piccole bottiglie di liquido. Uno \u00e8 un tappo a vite corto anti-fake e l'altro \u00e8 un tappo a vite corto comune. Se non si desidera questo tappo, possiamo anche cambiare la sua finitura in sughero.<\/p>\n<p>Possiamo realizzare decorazioni profonde su queste bottiglie di liquore in vetro da 375 ml con tappo a vite all'ingrosso. Se vi piace un servizio di bottiglie di vetro all'ingrosso one-stop dalla nostra fabbrica, possiamo offrire il logo di stampa sulla bottiglia di vetro smerigliato, spruzzando colore sulla superficie chiara e colori galvanici UV sulle bottiglie di spirito.<\/p>\n<h4>I dettagli di questa bottiglia di vetro da 375 ml con tappo a vite<\/h4>\n<ul>\n<li>Materiale principale: vetro ad alta selce<\/li>\n<li>Tappo: tappo a vite<\/li>\n<li>Riferimento: RS085<\/li>\n<li>MOQ: 10000 PZ<\/li>\n<li>Capacit\u00e0: 375 ml<\/li>\n<li>Pz\/Ctn: 24 pz \/20 pz\/ 12 pz \/6 pz<\/li>\n<li>Origine del luogo: Shandong, Cina<\/li>\n<li>Caratteristica: ecologico<\/li>\n<\/ul>\n<h4>Informazioni sull'imballaggio delle bottiglie di vetro<\/h4>\n<p>Nel nostro stabilimento sono disponibili tre modi per confezionare bottiglie da 375 ml:<\/p>\n<p>Il primo modo \u00e8 l'imballaggio in cartone. Possiamo fare l'imballaggio di cartone standard per questa bottiglia di liquore 375ml per la vendita, e ci sono di solito circa 15\/20\/24 pezzi bottiglie per cartone. Questo cartone \u00e8 solo come l'imballaggio di trasporto. Se non volete cambiare il cartone dopo aver utilizzato le bottiglie di vetro vuote, possiamo anche offrire una scatola colorata su misura per voi. La distilleria utilizza solitamente 6 bottiglie di vetro per scatola o 12 bottiglie di vetro per scatola.<\/p>\n<p>Il secondo modo \u00e8 l'imballaggio su pallet. Il nostro pallet non \u00e8 soggetto a fumigazione. Metteremo il vassoio di carta sul pallet e avvolgeremo i pallet dopo l'imballaggio della bottiglia di vetro trasparente vintage da 375 ml sui pallet.<\/p>\n<p>Il terzo metodo \u00e8 l'imballaggio in cartone e pallet. In questo modo, offriamo il cartone e il pallet per imballare le bottiglie di vetro con tappi a vite. In questo modo, sono pi\u00f9 sicure e facili da trasportare.<\/p>\n<p>Come il pi\u00f9 grande fornitore di bottiglie di vetro per liquori, la nostra bottiglia di vetro \u00e8 stata esportata in Europa, negli Stati Uniti, in Australia, ecc. Tutti i prodotti godono di un'alta reputazione per l'innovazione<br \/>\ne funzionalit\u00e0.<\/p>\n<p><em><strong>Se siete interessati alla nostra bottiglia per liquori in vetro da 375 ml con tappo a vite all'ingrosso, contattateci subito.<\/strong><\/em><\/p>\n<p>&nbsp;<\/p>\n<p>&nbsp;<\/p>","protected":false},"excerpt":{"rendered":"<style type=\"text\/css\">\n.tg {border-collapse:collapse;border-spacing:0;border-color:#ccc;}<br \/>.tg td{font-family:Arial, sans-serif;font-size:14px;padding:10px 5px;border-style:solid;border-width:1px;overflow:hidden;word-break:normal;border-color:#ccc;color:#333;background-color:#fff;}<br \/>.tg th{font-family:Arial, sans-serif;font-size:14px;font-weight:normal;padding:10px 5px;border-style:solid;border-width:1px;overflow:hidden;word-break:normal;border-color:#ccc;color:#333;background-color:#f0f0f0;}<br \/>.tg .tg-24i8{font-size:24px;vertical-align:top}<br \/>.tg .tg-b7b8{background-color:#f9f9f9;vertical-align:top}<br \/>.tg .tg-yw4l{vertical-align:top}<br \/><\/style>\n<table class=\"tg\">\n<tbody>\n<tr>\n<th class=\"tg-24i8\" colspan=\"2\">all'ingrosso 375ml bottiglie di vetro con tappo a vite<\/th>\n<\/tr>\n<tr>\n<td class=\"tg-b7b8\">Riferimento:<\/td>\n<td class=\"tg-b7b8\">RS085<\/td>\n<\/tr>\n<tr>\n<td class=\"tg-yw4l\">Materiale principale:<\/td>\n<td class=\"tg-yw4l\">Vetro selce alto (questo materiale \u00e8 anche chiamato vetro bianco cristallo)<\/td>\n<\/tr>\n<tr>\n<td class=\"tg-b7b8\">Tappo:<\/td>\n<td class=\"tg-b7b8\">Berretto di corvo<\/td>\n<\/tr>\n<tr>\n<td class=\"tg-yw4l\">Capacit\u00e0:<\/td>\n<td class=\"tg-yw4l\">375ml<\/td>\n<\/tr>\n<tr>\n<td class=\"tg-b7b8\">Caratteristica:<\/td>\n<td class=\"tg-b7b8\">Ecologico<\/td>\n<\/tr>\n<tr>\n<td class=\"tg-yw4l\">MOQ:<\/td>\n<td class=\"tg-yw4l\">10000 PZ<\/td>\n<\/tr>\n<tr>\n<td class=\"tg-b7b8\">Modo dell&#039;imballaggio:<\/td>\n<td class=\"tg-b7b8\">Esporta cartone standard\/pallet\/esporta cartone e pallet standard<\/td>\n<\/tr>\n<tr>\n<td class=\"tg-yw4l\">OEM\/ODM:<\/td>\n<td class=\"tg-yw4l\">Benvenuto<\/td>\n<\/tr>\n<tr>\n<td class=\"tg-b7b8\">Origine del luogo:<\/td>\n<td class=\"tg-b7b8\">Shandong, Cina<\/td>\n<\/tr>\n<tr>\n<td class=\"tg-yw4l\">Pezzi\/Cont.:<\/td>\n<td class=\"tg-yw4l\">24 pezzi o secondo le richieste del cliente<\/td>\n<\/tr>\n<\/tbody>\n<\/table>","protected":false},"featured_media":2668,"comment_status":"open","ping_status":"closed","template":"","meta":[],"product_brand":[],"product_cat":[49,63],"product_tag":[],"class_list":{"0":"post-632","1":"product","2":"type-product","3":"status-publish","4":"has-post-thumbnail","6":"product_cat-375ml-glass-bottle","7":"product_cat-liquor-bottle","8":"entry","9":"has-media","11":"first","12":"instock","13":"shipping-taxable","14":"product-type-simple"},"yoast_head":"<!-- This site is optimized with the Yoast SEO plugin v27.3 - https:\/\/yoast.com\/product\/yoast-seo-wordpress\/ -->\n<title>375ml Glass Liquor Bottles With Screw Top Wholesale In Bulk Price<\/title>\n<meta name=\"description\" content=\"Ruisheng, one of China glass bottle manufacturer, provide 375ml glass liquor bottles with screw top wholesale in factory price. OEM Order Offered.\" \/>\n<meta name=\"robots\" content=\"index, follow, max-snippet:-1, max-image-preview:large, max-video-preview:-1\" \/>\n<link rel=\"canonical\" href=\"https:\/\/ruishengglassco.com\/product\/rs085-wholesale-375ml-glass-bottles-with-screw-top-lids\" \/>\n<meta property=\"og:locale\" content=\"it_IT\" \/>\n<meta property=\"og:type\" content=\"article\" \/>\n<meta property=\"og:title\" content=\"375ml Glass Liquor Bottles With Screw Top Wholesale In Bulk Price\" \/>\n<meta property=\"og:description\" content=\"Ruisheng, one of China glass bottle manufacturer, provide 375ml glass liquor bottles with screw top wholesale in factory price. OEM Order Offered.\" \/>\n<meta property=\"og:url\" content=\"https:\/\/ruishengglassco.com\/product\/rs085-wholesale-375ml-glass-bottles-with-screw-top-lids\" \/>\n<meta property=\"og:site_name\" content=\"Glass Bottle Wholesale\" \/>\n<meta property=\"article:modified_time\" content=\"2024-01-08T03:54:55+00:00\" \/>\n<meta property=\"og:image\" content=\"https:\/\/glassbottlewholesale.com\/wp-content\/uploads\/2019\/10\/13.jpg\" \/>\n\t<meta property=\"og:image:width\" content=\"800\" \/>\n\t<meta property=\"og:image:height\" content=\"800\" \/>\n\t<meta property=\"og:image:type\" content=\"image\/jpeg\" \/>\n<meta name=\"twitter:card\" content=\"summary_large_image\" \/>\n<meta name=\"twitter:label1\" content=\"Tempo di lettura stimato\" \/>\n\t<meta name=\"twitter:data1\" content=\"2 minuti\" \/>\n<script type=\"application\/ld+json\" class=\"yoast-schema-graph\">{\"@context\":\"https:\\\/\\\/schema.org\",\"@graph\":[{\"@type\":\"WebPage\",\"@id\":\"https:\\\/\\\/glassbottlewholesale.com\\\/wholesale-375ml-glass-bottles-with-screw-top-lids\\\/\",\"url\":\"https:\\\/\\\/ruishengglassco.com\\\/product\\\/rs085-wholesale-375ml-glass-bottles-with-screw-top-lids\",\"name\":\"375ml Glass Liquor Bottles With Screw Top Wholesale In Bulk Price\",\"isPartOf\":{\"@id\":\"https:\\\/\\\/glassbottlewholesale.com\\\/#website\"},\"primaryImageOfPage\":{\"@id\":\"https:\\\/\\\/ruishengglassco.com\\\/product\\\/rs085-wholesale-375ml-glass-bottles-with-screw-top-lids#primaryimage\"},\"image\":{\"@id\":\"https:\\\/\\\/ruishengglassco.com\\\/product\\\/rs085-wholesale-375ml-glass-bottles-with-screw-top-lids#primaryimage\"},\"thumbnailUrl\":\"https:\\\/\\\/glassbottlewholesale.com\\\/wp-content\\\/uploads\\\/2019\\\/10\\\/13.jpg\",\"datePublished\":\"2019-10-18T03:05:37+00:00\",\"dateModified\":\"2024-01-08T03:54:55+00:00\",\"description\":\"Ruisheng, one of China glass bottle manufacturer, provide 375ml glass liquor bottles with screw top wholesale in factory price. OEM Order Offered.\",\"breadcrumb\":{\"@id\":\"https:\\\/\\\/ruishengglassco.com\\\/product\\\/rs085-wholesale-375ml-glass-bottles-with-screw-top-lids#breadcrumb\"},\"inLanguage\":\"it-IT\",\"potentialAction\":[{\"@type\":\"ReadAction\",\"target\":[\"https:\\\/\\\/ruishengglassco.com\\\/product\\\/rs085-wholesale-375ml-glass-bottles-with-screw-top-lids\"]}]},{\"@type\":\"ImageObject\",\"inLanguage\":\"it-IT\",\"@id\":\"https:\\\/\\\/ruishengglassco.com\\\/product\\\/rs085-wholesale-375ml-glass-bottles-with-screw-top-lids#primaryimage\",\"url\":\"https:\\\/\\\/glassbottlewholesale.com\\\/wp-content\\\/uploads\\\/2019\\\/10\\\/13.jpg\",\"contentUrl\":\"https:\\\/\\\/glassbottlewholesale.com\\\/wp-content\\\/uploads\\\/2019\\\/10\\\/13.jpg\",\"width\":800,\"height\":800,\"caption\":\"Wholesale 375ml Glass Bottles With Screw Top Lids\"},{\"@type\":\"BreadcrumbList\",\"@id\":\"https:\\\/\\\/ruishengglassco.com\\\/product\\\/rs085-wholesale-375ml-glass-bottles-with-screw-top-lids#breadcrumb\",\"itemListElement\":[{\"@type\":\"ListItem\",\"position\":1,\"name\":\"Home\",\"item\":\"https:\\\/\\\/glassbottlewholesale.com\\\/\"},{\"@type\":\"ListItem\",\"position\":2,\"name\":\"Products\",\"item\":\"https:\\\/\\\/glassbottlewholesale.com\\\/shop\\\/\"},{\"@type\":\"ListItem\",\"position\":3,\"name\":\"RS085: Wholesale 375ml Glass Bottles With Screw Top Lids\"}]},{\"@type\":\"WebSite\",\"@id\":\"https:\\\/\\\/glassbottlewholesale.com\\\/#website\",\"url\":\"https:\\\/\\\/glassbottlewholesale.com\\\/\",\"name\":\"Glass Bottle Wholesale\",\"description\":\"\",\"publisher\":{\"@id\":\"https:\\\/\\\/glassbottlewholesale.com\\\/#organization\"},\"potentialAction\":[{\"@type\":\"SearchAction\",\"target\":{\"@type\":\"EntryPoint\",\"urlTemplate\":\"https:\\\/\\\/glassbottlewholesale.com\\\/?s={search_term_string}\"},\"query-input\":{\"@type\":\"PropertyValueSpecification\",\"valueRequired\":true,\"valueName\":\"search_term_string\"}}],\"inLanguage\":\"it-IT\"},{\"@type\":\"Organization\",\"@id\":\"https:\\\/\\\/glassbottlewholesale.com\\\/#organization\",\"name\":\"Glass Bottle Wholesale\",\"url\":\"https:\\\/\\\/glassbottlewholesale.com\\\/\",\"logo\":{\"@type\":\"ImageObject\",\"inLanguage\":\"it-IT\",\"@id\":\"https:\\\/\\\/glassbottlewholesale.com\\\/#\\\/schema\\\/logo\\\/image\\\/\",\"url\":\"https:\\\/\\\/glassbottlewholesale.com\\\/wp-content\\\/uploads\\\/2023\\\/12\\\/ruisheng-logo.webp\",\"contentUrl\":\"https:\\\/\\\/glassbottlewholesale.com\\\/wp-content\\\/uploads\\\/2023\\\/12\\\/ruisheng-logo.webp\",\"width\":400,\"height\":233,\"caption\":\"Glass Bottle Wholesale\"},\"image\":{\"@id\":\"https:\\\/\\\/glassbottlewholesale.com\\\/#\\\/schema\\\/logo\\\/image\\\/\"}}]}<\/script>\n<!-- \/ Yoast SEO plugin. -->","yoast_head_json":{"title":"375ml Glass Liquor Bottles With Screw Top Wholesale In Bulk Price","description":"Ruisheng, one of China glass bottle manufacturer, provide 375ml glass liquor bottles with screw top wholesale in factory price. OEM Order Offered.","robots":{"index":"index","follow":"follow","max-snippet":"max-snippet:-1","max-image-preview":"max-image-preview:large","max-video-preview":"max-video-preview:-1"},"canonical":"https:\/\/ruishengglassco.com\/product\/rs085-wholesale-375ml-glass-bottles-with-screw-top-lids","og_locale":"it_IT","og_type":"article","og_title":"375ml Glass Liquor Bottles With Screw Top Wholesale In Bulk Price","og_description":"Ruisheng, one of China glass bottle manufacturer, provide 375ml glass liquor bottles with screw top wholesale in factory price. OEM Order Offered.","og_url":"https:\/\/ruishengglassco.com\/product\/rs085-wholesale-375ml-glass-bottles-with-screw-top-lids","og_site_name":"Glass Bottle Wholesale","article_modified_time":"2024-01-08T03:54:55+00:00","og_image":[{"width":800,"height":800,"url":"https:\/\/glassbottlewholesale.com\/wp-content\/uploads\/2019\/10\/13.jpg","type":"image\/jpeg"}],"twitter_card":"summary_large_image","twitter_misc":{"Tempo di lettura stimato":"2 minuti"},"schema":{"@context":"https:\/\/schema.org","@graph":[{"@type":"WebPage","@id":"https:\/\/glassbottlewholesale.com\/wholesale-375ml-glass-bottles-with-screw-top-lids\/","url":"https:\/\/ruishengglassco.com\/product\/rs085-wholesale-375ml-glass-bottles-with-screw-top-lids","name":"375ml Glass Liquor Bottles With Screw Top Wholesale In Bulk Price","isPartOf":{"@id":"https:\/\/glassbottlewholesale.com\/#website"},"primaryImageOfPage":{"@id":"https:\/\/ruishengglassco.com\/product\/rs085-wholesale-375ml-glass-bottles-with-screw-top-lids#primaryimage"},"image":{"@id":"https:\/\/ruishengglassco.com\/product\/rs085-wholesale-375ml-glass-bottles-with-screw-top-lids#primaryimage"},"thumbnailUrl":"https:\/\/glassbottlewholesale.com\/wp-content\/uploads\/2019\/10\/13.jpg","datePublished":"2019-10-18T03:05:37+00:00","dateModified":"2024-01-08T03:54:55+00:00","description":"Ruisheng, one of China glass bottle manufacturer, provide 375ml glass liquor bottles with screw top wholesale in factory price. OEM Order Offered.","breadcrumb":{"@id":"https:\/\/ruishengglassco.com\/product\/rs085-wholesale-375ml-glass-bottles-with-screw-top-lids#breadcrumb"},"inLanguage":"it-IT","potentialAction":[{"@type":"ReadAction","target":["https:\/\/ruishengglassco.com\/product\/rs085-wholesale-375ml-glass-bottles-with-screw-top-lids"]}]},{"@type":"ImageObject","inLanguage":"it-IT","@id":"https:\/\/ruishengglassco.com\/product\/rs085-wholesale-375ml-glass-bottles-with-screw-top-lids#primaryimage","url":"https:\/\/glassbottlewholesale.com\/wp-content\/uploads\/2019\/10\/13.jpg","contentUrl":"https:\/\/glassbottlewholesale.com\/wp-content\/uploads\/2019\/10\/13.jpg","width":800,"height":800,"caption":"Wholesale 375ml Glass Bottles With Screw Top Lids"},{"@type":"BreadcrumbList","@id":"https:\/\/ruishengglassco.com\/product\/rs085-wholesale-375ml-glass-bottles-with-screw-top-lids#breadcrumb","itemListElement":[{"@type":"ListItem","position":1,"name":"Home","item":"https:\/\/glassbottlewholesale.com\/"},{"@type":"ListItem","position":2,"name":"Products","item":"https:\/\/glassbottlewholesale.com\/shop\/"},{"@type":"ListItem","position":3,"name":"RS085: Wholesale 375ml Glass Bottles With Screw Top Lids"}]},{"@type":"WebSite","@id":"https:\/\/glassbottlewholesale.com\/#website","url":"https:\/\/glassbottlewholesale.com\/","name":"Glass Bottle Wholesale","description":"","publisher":{"@id":"https:\/\/glassbottlewholesale.com\/#organization"},"potentialAction":[{"@type":"SearchAction","target":{"@type":"EntryPoint","urlTemplate":"https:\/\/glassbottlewholesale.com\/?s={search_term_string}"},"query-input":{"@type":"PropertyValueSpecification","valueRequired":true,"valueName":"search_term_string"}}],"inLanguage":"it-IT"},{"@type":"Organization","@id":"https:\/\/glassbottlewholesale.com\/#organization","name":"Glass Bottle Wholesale","url":"https:\/\/glassbottlewholesale.com\/","logo":{"@type":"ImageObject","inLanguage":"it-IT","@id":"https:\/\/glassbottlewholesale.com\/#\/schema\/logo\/image\/","url":"https:\/\/glassbottlewholesale.com\/wp-content\/uploads\/2023\/12\/ruisheng-logo.webp","contentUrl":"https:\/\/glassbottlewholesale.com\/wp-content\/uploads\/2023\/12\/ruisheng-logo.webp","width":400,"height":233,"caption":"Glass Bottle Wholesale"},"image":{"@id":"https:\/\/glassbottlewholesale.com\/#\/schema\/logo\/image\/"}}]}},"_links":{"self":[{"href":"https:\/\/glassbottlewholesale.com\/it\/wp-json\/wp\/v2\/product\/632","targetHints":{"allow":["GET"]}}],"collection":[{"href":"https:\/\/glassbottlewholesale.com\/it\/wp-json\/wp\/v2\/product"}],"about":[{"href":"https:\/\/glassbottlewholesale.com\/it\/wp-json\/wp\/v2\/types\/product"}],"replies":[{"embeddable":true,"href":"https:\/\/glassbottlewholesale.com\/it\/wp-json\/wp\/v2\/comments?post=632"}],"wp:featuredmedia":[{"embeddable":true,"href":"https:\/\/glassbottlewholesale.com\/it\/wp-json\/wp\/v2\/media\/2668"}],"wp:attachment":[{"href":"https:\/\/glassbottlewholesale.com\/it\/wp-json\/wp\/v2\/media?parent=632"}],"wp:term":[{"taxonomy":"product_brand","embeddable":true,"href":"https:\/\/glassbottlewholesale.com\/it\/wp-json\/wp\/v2\/product_brand?post=632"},{"taxonomy":"product_cat","embeddable":true,"href":"https:\/\/glassbottlewholesale.com\/it\/wp-json\/wp\/v2\/product_cat?post=632"},{"taxonomy":"product_tag","embeddable":true,"href":"https:\/\/glassbottlewholesale.com\/it\/wp-json\/wp\/v2\/product_tag?post=632"}],"curies":[{"name":"wp","href":"https:\/\/api.w.org\/{rel}","templated":true}]}}