{"id":677,"date":"2019-10-18T06:23:09","date_gmt":"2019-10-18T06:23:09","guid":{"rendered":"https:\/\/queenchingglass.com\/?post_type=product&#038;p=677"},"modified":"2025-07-10T01:23:35","modified_gmt":"2025-07-10T01:23:35","slug":"50ml-cheap-glass-bottle-wholesale","status":"publish","type":"product","link":"https:\/\/glassbottlewholesale.com\/it\/50ml-cheap-glass-bottle-wholesale\/","title":{"rendered":"RS082: 50ml a buon mercato piccole bottiglie di Tequila \/ mini bottiglie di Tequila Bulk"},"content":{"rendered":"<div class=\"wpb-content-wrapper\"><div class=\"vc_row wpb_row vc_row-fluid\"><div class=\"wpb_column vc_column_container vc_col-sm-12\"><div class=\"vc_column-inner\"><div class=\"wpb_wrapper\">\n\t<div class=\"wpb_text_column wpb_content_element\" >\n\t\t<div class=\"wpb_wrapper\">\n\t\t\t<p><strong>Bottiglie di vetro quadrate da 50 ml all'ingrosso, <\/strong>adottando una materia prima di vetro ad alta selce che rende la bottiglia di vetro pi\u00f9 chiara, durevole e liscia rispetto alle altre bottiglie di vetro, utilizzata principalmente per liquori, whisky, vodka, bevande, acqua e altre confezioni di liquidi.<\/p>\n<p>In qualit\u00e0 di produttore professionale di bottiglie per liquori, accettiamo anche il servizio di bottiglie di vetro personalizzate. In questo servizio di bottiglie di vetro personalizzate, \u00e8 possibile personalizzare diverse forme di bottiglie di vetro, come ad esempio la forma rotonda, la forma quadrata, la forma a linee rette, la forma a teschio e cos\u00ec via. Sono disponibili bottiglie di vetro di capacit\u00e0 diversa: 50ml, 100ml, 250ml, 350ml, 500ml, 700ml, 750ml, 1000ml, 1,5 L e altre. Accettiamo anche l'etichetta privata personalizzata e il servizio di logo. Ci\u00f2 di cui avete bisogno \u00e8 ci\u00f2 che possiamo offrire!<\/p>\n<h4>A proposito di bottiglie di vetro quadrate da 50 ml all'ingrosso<\/h4>\n<ul>\n<li>Paese di origine: Cina<\/li>\n<li>Materiale principale: vetro ad alta selce<\/li>\n<li>Tappo: sughero (possiamo cambiare il tappo con un tappo a vite se necessario)<\/li>\n<li>Riferimento: RS082<\/li>\n<li>MOQ: 1x 40\u2033 GP<\/li>\n<li>Capacit\u00e0: 50 ml<\/li>\n<li>Modo di imballaggio: cartone standard per esportazione\/pallet\/cartone e pallet standard per esportazione<\/li>\n<li>Origine del luogo: Shandong, Cina<\/li>\n<li>Caratteristica: ecologico<\/li>\n<\/ul>\n<p>Ci sono circa pi\u00f9 di 500 dipendenti nella nostra fabbrica e circa 30 QC per controllare la qualit\u00e0 delle bottiglie di vetro all'ingrosso. Tutte le bottiglie di vetro 50ml all'ingrosso saranno esportazione dopo che passa il controllo di qualit\u00e0.<\/p>\n<p>Inoltre, disponiamo di un gruppo di ingegneri qualificati che si occupano del disegno delle bottiglie, della progettazione delle etichette e della risoluzione dei problemi tra i venditori e i clienti. Con la nostra ricca esperienza, abbiamo ottenuto una buona reputazione in tutto il mondo.<\/p>\n<p>I nostri prodotti principali sono bottiglie di vetro di qualit\u00e0 superiore come la bottiglia di vodka, la bottiglia di brandy, la bottiglia di whisky, la bottiglia di liquore, la bottiglia di rum e cos\u00ec via. Possiamo anche offrire bottiglie di vetro ambrato, verde e trasparente. Il nostro mercato principale \u00e8 costituito da Regno Unito, Stati Uniti, Australia, Francia ecc. Tutti i prodotti godono di un'ottima reputazione per innovazione e funzionalit\u00e0.<\/p>\n<p>Se siete interessati alle nostre bottiglie di vetro quadrate da 50 ml all'ingrosso, per favore <a href=\"https:\/\/ruishengglassco.com\/contact\">Contattaci.<\/a> Se volete realizzare bottiglie di vetro personalizzate, contattateci pure. Siamo molto lieti di ricevere la vostra richiesta per la migliore bottiglia d'acqua in vetro.<\/p>\n\n\t\t<\/div>\n\t<\/div>\n<\/div><\/div><\/div><\/div>\n<\/div>","protected":false},"excerpt":{"rendered":"<p>Are you searching for mini square glass bottles wholesale for liquors?\u00a0 Our 50ml mini glass bottle bulk with clear, transparent, square shape. With a width of 90 centimeters, it&#8217;s easy to hold on. The tiny shape is irresistible and also convenient for people to drink. If you want to know more about our mini square glass bottles wholesale, please leave a message for us.<\/p>","protected":false},"featured_media":2723,"comment_status":"open","ping_status":"closed","template":"","meta":[],"product_brand":[],"product_cat":[58,63,67,61],"product_tag":[],"class_list":{"0":"post-677","1":"product","2":"type-product","3":"status-publish","4":"has-post-thumbnail","6":"product_cat-50ml-glass-bottle","7":"product_cat-liquor-bottle","8":"product_cat-vodka-bottle","9":"product_cat-xo-brandy-bottle","10":"entry","11":"has-media","13":"first","14":"instock","15":"shipping-taxable","16":"product-type-simple"},"yoast_head":"<!-- This site is optimized with the Yoast SEO plugin v27.3 - https:\/\/yoast.com\/product\/yoast-seo-wordpress\/ -->\n<title>50ml Square Glass Bottles Wholesale | Cheap Liquor Bottle Supplier<\/title>\n<meta name=\"description\" content=\"Buy 50ml Square Glass Bottles Wholesale From China Cheap Liquor Bottle Supplier. Factory Outlet&amp;Quality Assurance. Free Sample Here.\" \/>\n<meta name=\"robots\" content=\"index, follow, max-snippet:-1, max-image-preview:large, max-video-preview:-1\" \/>\n<link rel=\"canonical\" href=\"https:\/\/ruishengglassco.com\/product\/rs082-50ml-cheap-little-tequila-bottles-mini-tequila-bottles-bulk\" \/>\n<meta property=\"og:locale\" content=\"it_IT\" \/>\n<meta property=\"og:type\" content=\"article\" \/>\n<meta property=\"og:title\" content=\"50ml Square Glass Bottles Wholesale | Cheap Liquor Bottle Supplier\" \/>\n<meta property=\"og:description\" content=\"Buy 50ml Square Glass Bottles Wholesale From China Cheap Liquor Bottle Supplier. Factory Outlet&amp;Quality Assurance. Free Sample Here.\" \/>\n<meta property=\"og:url\" content=\"https:\/\/ruishengglassco.com\/product\/rs082-50ml-cheap-little-tequila-bottles-mini-tequila-bottles-bulk\" \/>\n<meta property=\"og:site_name\" content=\"Glass Bottle Wholesale\" \/>\n<meta property=\"article:modified_time\" content=\"2025-07-10T01:23:35+00:00\" \/>\n<meta property=\"og:image\" content=\"https:\/\/glassbottlewholesale.com\/wp-content\/uploads\/2019\/10\/R1-glassbottle.jpg\" \/>\n\t<meta property=\"og:image:width\" content=\"800\" \/>\n\t<meta property=\"og:image:height\" content=\"800\" \/>\n\t<meta property=\"og:image:type\" content=\"image\/jpeg\" \/>\n<meta name=\"twitter:card\" content=\"summary_large_image\" \/>\n<meta name=\"twitter:label1\" content=\"Tempo di lettura stimato\" \/>\n\t<meta name=\"twitter:data1\" content=\"2 minuti\" \/>\n<script type=\"application\/ld+json\" class=\"yoast-schema-graph\">{\"@context\":\"https:\\\/\\\/schema.org\",\"@graph\":[{\"@type\":\"WebPage\",\"@id\":\"https:\\\/\\\/glassbottlewholesale.com\\\/50ml-cheap-glass-bottle-wholesale\\\/\",\"url\":\"https:\\\/\\\/ruishengglassco.com\\\/product\\\/rs082-50ml-cheap-little-tequila-bottles-mini-tequila-bottles-bulk\",\"name\":\"50ml Square Glass Bottles Wholesale | Cheap Liquor Bottle Supplier\",\"isPartOf\":{\"@id\":\"https:\\\/\\\/glassbottlewholesale.com\\\/#website\"},\"primaryImageOfPage\":{\"@id\":\"https:\\\/\\\/ruishengglassco.com\\\/product\\\/rs082-50ml-cheap-little-tequila-bottles-mini-tequila-bottles-bulk#primaryimage\"},\"image\":{\"@id\":\"https:\\\/\\\/ruishengglassco.com\\\/product\\\/rs082-50ml-cheap-little-tequila-bottles-mini-tequila-bottles-bulk#primaryimage\"},\"thumbnailUrl\":\"https:\\\/\\\/glassbottlewholesale.com\\\/wp-content\\\/uploads\\\/2019\\\/10\\\/R1-glassbottle.jpg\",\"datePublished\":\"2019-10-18T06:23:09+00:00\",\"dateModified\":\"2025-07-10T01:23:35+00:00\",\"description\":\"Buy 50ml Square Glass Bottles Wholesale From China Cheap Liquor Bottle Supplier. Factory Outlet&Quality Assurance. Free Sample Here.\",\"breadcrumb\":{\"@id\":\"https:\\\/\\\/ruishengglassco.com\\\/product\\\/rs082-50ml-cheap-little-tequila-bottles-mini-tequila-bottles-bulk#breadcrumb\"},\"inLanguage\":\"it-IT\",\"potentialAction\":[{\"@type\":\"ReadAction\",\"target\":[\"https:\\\/\\\/ruishengglassco.com\\\/product\\\/rs082-50ml-cheap-little-tequila-bottles-mini-tequila-bottles-bulk\"]}]},{\"@type\":\"ImageObject\",\"inLanguage\":\"it-IT\",\"@id\":\"https:\\\/\\\/ruishengglassco.com\\\/product\\\/rs082-50ml-cheap-little-tequila-bottles-mini-tequila-bottles-bulk#primaryimage\",\"url\":\"https:\\\/\\\/glassbottlewholesale.com\\\/wp-content\\\/uploads\\\/2019\\\/10\\\/R1-glassbottle.jpg\",\"contentUrl\":\"https:\\\/\\\/glassbottlewholesale.com\\\/wp-content\\\/uploads\\\/2019\\\/10\\\/R1-glassbottle.jpg\",\"width\":800,\"height\":800,\"caption\":\"50ml Cheap Little Tequila Bottles\\\/Mini Tequila Bottles Bulk\"},{\"@type\":\"BreadcrumbList\",\"@id\":\"https:\\\/\\\/ruishengglassco.com\\\/product\\\/rs082-50ml-cheap-little-tequila-bottles-mini-tequila-bottles-bulk#breadcrumb\",\"itemListElement\":[{\"@type\":\"ListItem\",\"position\":1,\"name\":\"Home\",\"item\":\"https:\\\/\\\/glassbottlewholesale.com\\\/\"},{\"@type\":\"ListItem\",\"position\":2,\"name\":\"Products\",\"item\":\"https:\\\/\\\/glassbottlewholesale.com\\\/shop\\\/\"},{\"@type\":\"ListItem\",\"position\":3,\"name\":\"RS082: 50ml Cheap Little Tequila Bottles\\\/Mini Tequila Bottles Bulk\"}]},{\"@type\":\"WebSite\",\"@id\":\"https:\\\/\\\/glassbottlewholesale.com\\\/#website\",\"url\":\"https:\\\/\\\/glassbottlewholesale.com\\\/\",\"name\":\"Glass Bottle Wholesale\",\"description\":\"\",\"publisher\":{\"@id\":\"https:\\\/\\\/glassbottlewholesale.com\\\/#organization\"},\"potentialAction\":[{\"@type\":\"SearchAction\",\"target\":{\"@type\":\"EntryPoint\",\"urlTemplate\":\"https:\\\/\\\/glassbottlewholesale.com\\\/?s={search_term_string}\"},\"query-input\":{\"@type\":\"PropertyValueSpecification\",\"valueRequired\":true,\"valueName\":\"search_term_string\"}}],\"inLanguage\":\"it-IT\"},{\"@type\":\"Organization\",\"@id\":\"https:\\\/\\\/glassbottlewholesale.com\\\/#organization\",\"name\":\"Glass Bottle Wholesale\",\"url\":\"https:\\\/\\\/glassbottlewholesale.com\\\/\",\"logo\":{\"@type\":\"ImageObject\",\"inLanguage\":\"it-IT\",\"@id\":\"https:\\\/\\\/glassbottlewholesale.com\\\/#\\\/schema\\\/logo\\\/image\\\/\",\"url\":\"https:\\\/\\\/glassbottlewholesale.com\\\/wp-content\\\/uploads\\\/2023\\\/12\\\/ruisheng-logo.webp\",\"contentUrl\":\"https:\\\/\\\/glassbottlewholesale.com\\\/wp-content\\\/uploads\\\/2023\\\/12\\\/ruisheng-logo.webp\",\"width\":400,\"height\":233,\"caption\":\"Glass Bottle Wholesale\"},\"image\":{\"@id\":\"https:\\\/\\\/glassbottlewholesale.com\\\/#\\\/schema\\\/logo\\\/image\\\/\"}}]}<\/script>\n<!-- \/ Yoast SEO plugin. -->","yoast_head_json":{"title":"50ml Square Glass Bottles Wholesale | Cheap Liquor Bottle Supplier","description":"Buy 50ml Square Glass Bottles Wholesale From China Cheap Liquor Bottle Supplier. Factory Outlet&Quality Assurance. Free Sample Here.","robots":{"index":"index","follow":"follow","max-snippet":"max-snippet:-1","max-image-preview":"max-image-preview:large","max-video-preview":"max-video-preview:-1"},"canonical":"https:\/\/ruishengglassco.com\/product\/rs082-50ml-cheap-little-tequila-bottles-mini-tequila-bottles-bulk","og_locale":"it_IT","og_type":"article","og_title":"50ml Square Glass Bottles Wholesale | Cheap Liquor Bottle Supplier","og_description":"Buy 50ml Square Glass Bottles Wholesale From China Cheap Liquor Bottle Supplier. Factory Outlet&Quality Assurance. Free Sample Here.","og_url":"https:\/\/ruishengglassco.com\/product\/rs082-50ml-cheap-little-tequila-bottles-mini-tequila-bottles-bulk","og_site_name":"Glass Bottle Wholesale","article_modified_time":"2025-07-10T01:23:35+00:00","og_image":[{"width":800,"height":800,"url":"https:\/\/glassbottlewholesale.com\/wp-content\/uploads\/2019\/10\/R1-glassbottle.jpg","type":"image\/jpeg"}],"twitter_card":"summary_large_image","twitter_misc":{"Tempo di lettura stimato":"2 minuti"},"schema":{"@context":"https:\/\/schema.org","@graph":[{"@type":"WebPage","@id":"https:\/\/glassbottlewholesale.com\/50ml-cheap-glass-bottle-wholesale\/","url":"https:\/\/ruishengglassco.com\/product\/rs082-50ml-cheap-little-tequila-bottles-mini-tequila-bottles-bulk","name":"50ml Square Glass Bottles Wholesale | Cheap Liquor Bottle Supplier","isPartOf":{"@id":"https:\/\/glassbottlewholesale.com\/#website"},"primaryImageOfPage":{"@id":"https:\/\/ruishengglassco.com\/product\/rs082-50ml-cheap-little-tequila-bottles-mini-tequila-bottles-bulk#primaryimage"},"image":{"@id":"https:\/\/ruishengglassco.com\/product\/rs082-50ml-cheap-little-tequila-bottles-mini-tequila-bottles-bulk#primaryimage"},"thumbnailUrl":"https:\/\/glassbottlewholesale.com\/wp-content\/uploads\/2019\/10\/R1-glassbottle.jpg","datePublished":"2019-10-18T06:23:09+00:00","dateModified":"2025-07-10T01:23:35+00:00","description":"Buy 50ml Square Glass Bottles Wholesale From China Cheap Liquor Bottle Supplier. Factory Outlet&Quality Assurance. Free Sample Here.","breadcrumb":{"@id":"https:\/\/ruishengglassco.com\/product\/rs082-50ml-cheap-little-tequila-bottles-mini-tequila-bottles-bulk#breadcrumb"},"inLanguage":"it-IT","potentialAction":[{"@type":"ReadAction","target":["https:\/\/ruishengglassco.com\/product\/rs082-50ml-cheap-little-tequila-bottles-mini-tequila-bottles-bulk"]}]},{"@type":"ImageObject","inLanguage":"it-IT","@id":"https:\/\/ruishengglassco.com\/product\/rs082-50ml-cheap-little-tequila-bottles-mini-tequila-bottles-bulk#primaryimage","url":"https:\/\/glassbottlewholesale.com\/wp-content\/uploads\/2019\/10\/R1-glassbottle.jpg","contentUrl":"https:\/\/glassbottlewholesale.com\/wp-content\/uploads\/2019\/10\/R1-glassbottle.jpg","width":800,"height":800,"caption":"50ml Cheap Little Tequila Bottles\/Mini Tequila Bottles Bulk"},{"@type":"BreadcrumbList","@id":"https:\/\/ruishengglassco.com\/product\/rs082-50ml-cheap-little-tequila-bottles-mini-tequila-bottles-bulk#breadcrumb","itemListElement":[{"@type":"ListItem","position":1,"name":"Home","item":"https:\/\/glassbottlewholesale.com\/"},{"@type":"ListItem","position":2,"name":"Products","item":"https:\/\/glassbottlewholesale.com\/shop\/"},{"@type":"ListItem","position":3,"name":"RS082: 50ml Cheap Little Tequila Bottles\/Mini Tequila Bottles Bulk"}]},{"@type":"WebSite","@id":"https:\/\/glassbottlewholesale.com\/#website","url":"https:\/\/glassbottlewholesale.com\/","name":"Glass Bottle Wholesale","description":"","publisher":{"@id":"https:\/\/glassbottlewholesale.com\/#organization"},"potentialAction":[{"@type":"SearchAction","target":{"@type":"EntryPoint","urlTemplate":"https:\/\/glassbottlewholesale.com\/?s={search_term_string}"},"query-input":{"@type":"PropertyValueSpecification","valueRequired":true,"valueName":"search_term_string"}}],"inLanguage":"it-IT"},{"@type":"Organization","@id":"https:\/\/glassbottlewholesale.com\/#organization","name":"Glass Bottle Wholesale","url":"https:\/\/glassbottlewholesale.com\/","logo":{"@type":"ImageObject","inLanguage":"it-IT","@id":"https:\/\/glassbottlewholesale.com\/#\/schema\/logo\/image\/","url":"https:\/\/glassbottlewholesale.com\/wp-content\/uploads\/2023\/12\/ruisheng-logo.webp","contentUrl":"https:\/\/glassbottlewholesale.com\/wp-content\/uploads\/2023\/12\/ruisheng-logo.webp","width":400,"height":233,"caption":"Glass Bottle Wholesale"},"image":{"@id":"https:\/\/glassbottlewholesale.com\/#\/schema\/logo\/image\/"}}]}},"_links":{"self":[{"href":"https:\/\/glassbottlewholesale.com\/it\/wp-json\/wp\/v2\/product\/677","targetHints":{"allow":["GET"]}}],"collection":[{"href":"https:\/\/glassbottlewholesale.com\/it\/wp-json\/wp\/v2\/product"}],"about":[{"href":"https:\/\/glassbottlewholesale.com\/it\/wp-json\/wp\/v2\/types\/product"}],"replies":[{"embeddable":true,"href":"https:\/\/glassbottlewholesale.com\/it\/wp-json\/wp\/v2\/comments?post=677"}],"wp:featuredmedia":[{"embeddable":true,"href":"https:\/\/glassbottlewholesale.com\/it\/wp-json\/wp\/v2\/media\/2723"}],"wp:attachment":[{"href":"https:\/\/glassbottlewholesale.com\/it\/wp-json\/wp\/v2\/media?parent=677"}],"wp:term":[{"taxonomy":"product_brand","embeddable":true,"href":"https:\/\/glassbottlewholesale.com\/it\/wp-json\/wp\/v2\/product_brand?post=677"},{"taxonomy":"product_cat","embeddable":true,"href":"https:\/\/glassbottlewholesale.com\/it\/wp-json\/wp\/v2\/product_cat?post=677"},{"taxonomy":"product_tag","embeddable":true,"href":"https:\/\/glassbottlewholesale.com\/it\/wp-json\/wp\/v2\/product_tag?post=677"}],"curies":[{"name":"wp","href":"https:\/\/api.w.org\/{rel}","templated":true}]}}