{"id":708,"date":"2019-10-18T07:18:11","date_gmt":"2019-10-18T07:18:11","guid":{"rendered":"https:\/\/queenchingglass.com\/?post_type=product&#038;p=708"},"modified":"2025-07-10T03:30:43","modified_gmt":"2025-07-10T03:30:43","slug":"vendita-allingrosso-di-bottiglie-di-vetro-con-tappo-in-sughero-da-500-ml","status":"publish","type":"product","link":"https:\/\/glassbottlewholesale.com\/it\/vendita-allingrosso-di-bottiglie-di-vetro-con-tappo-in-sughero-da-500-ml\/","title":{"rendered":"RS075: Vendita all&#039;ingrosso di bottiglie di vetro con tappo in sughero da 500 ml"},"content":{"rendered":"<div class=\"wpb-content-wrapper\"><div class=\"vc_row wpb_row vc_row-fluid\"><div class=\"wpb_column vc_column_container vc_col-sm-12\"><div class=\"vc_column-inner\"><div class=\"wpb_wrapper\">\n\t<div class=\"wpb_text_column wpb_content_element\" >\n\t\t<div class=\"wpb_wrapper\">\n\t\t\t<h2>Informazioni dettagliate sulla vendita all&#039;ingrosso di bottiglie di vetro con tappo in sughero da 500 ml<\/h2>\n<p>Il 500 ml <strong>commercio all&#039;ingrosso di bottiglie di vetro con tappo in sughero<\/strong> \u00e8 uno dei prodotti pi\u00f9 venduti nella nostra fabbrica. Questa bottiglia di vetro per liquore ha la forma di una torre, \u00e8 stretta nella parte superiore e larga nella parte inferiore. La chiusura di queste bottiglie di vetro all&#039;ingrosso \u00e8 in sughero, sono disponibili colore nero, colore dorato, colore argento e altri colori. \u00c8 progettato principalmente per il confezionamento di Gin.<\/p>\n<p>L&#039;azienda Ruisheng Glass produce queste bottiglie di gin vuote da 500 ml. La nostra azienda si trova nella citt\u00e0 famosa per i suoi prodotti per l&#039;imballaggio di bevande. In questa citt\u00e0 puoi trovare tutti i tipi di contenitori in vetro, chiusure, scatole per imballaggio e tutti i tipi di etichette. L&#039;azienda Ruisheng si dedica ad offrire un servizio completo ai clienti, possiamo offrire lavorazioni e decorazioni approfondite sulle bottiglie di vetro tappate.<\/p>\n<p>Nel nostro stabilimento ci sono 12 linee di produzione di bottiglie di vetro con produzione di tappi di sughero, comprese macchine completamente automatiche e macchine semiautomatiche. Possiamo produrre 12 tipi<a href=\"https:\/\/ruishengglassco.com\/glass-liquor-spirit-bottles\"> bottiglie di vetro per alcolici<\/a> circa 10.000 pezzi al giorno e un totale di circa 120.000 pezzi al giorno. Non importa quante bottiglie di vetro vuote desideri, possiamo produrle per te in tempo.<\/p>\n<h5>I dettagli delle bottiglie di vetro con tappo in sughero da 500 ml<\/h5>\n<p>Il peso di queste bottiglie di vetro da 500 ml con tappo \u00e8 di 550 g. Il suo fondo \u00e8 sottile e si vede molto chiaramente il liquore all&#039;interno. Il diametro inferiore di questa bottiglia di vetro tappata \u00e8 di 88 mm. E la sua altezza \u00e8 di 280 mm. Questa chiusura in sughero per bottiglia di vetro. E il suo diametro interno superiore \u00e8 di 17,5 mm e il diametro esterno superiore \u00e8 di 28,5 mm. Questa bocca di bottiglie di vetro all&#039;ingrosso \u00e8 adatta per il tappo a T standard. Per quanto riguarda il colore del sughero T, possiamo offrirti diversi colori, come nero, oro, argento e altri colori personalizzati. E per quanto riguarda il materiale T-cork, possiamo offrire sughero ad alto contenuto polimerico, sughero complesso, sughero in legno e sughero in vetro.<\/p>\n<p>Se desideri conoscere maggiori informazioni sulle nostre bottiglie in sughero di vetro o sulla nostra fabbrica, ti preghiamo di contattarci.<\/p>\n\n\t\t<\/div>\n\t<\/div>\n<\/div><\/div><\/div><\/div>\n<\/div>","protected":false},"excerpt":{"rendered":"<p>Ruisheng, un produttore professionale di bottiglie di liquore in vetro, fornisce un servizio di vendita all&#039;ingrosso di bottiglie di vetro con tappo in sughero per il marchio e le aziende di liquori. Questa serie <strong>Vendita all&#039;ingrosso di bottiglie di vetro con tappo in sughero da 500 ml<\/strong> \u00e8 uno dei prodotti pi\u00f9 venduti nella nostra fabbrica. Questa bottiglia di vetro per liquore ha la forma di una torre, \u00e8 stretta nella parte superiore e larga nella parte inferiore. La chiusura di questa bottiglia di vetro all&#039;ingrosso \u00e8 in sughero, colore nero, colore dorato, colore argento e sono disponibili altri colori.<\/p>\n<div><strong><span class=\"mceItemHidden\"><span class=\"hiddenSpellError\">\u2013<\/span><span class=\"hiddenSpellError\">MOQ<\/span>: 10000 PZ (Circa 10000 <span class=\"hiddenSpellError\">pz<\/span>)<\/span><\/strong><\/div>\n<div><span class=\"mceItemHidden\"><span class=\"hiddenSpellError\">-Gratuito<\/span>\u00a0Campione offerto.<\/span><\/div>\n<div><span class=\"mceItemHidden\"><span class=\"hiddenSpellError\">-Globale<\/span>\u00a0Consegna entro 30 giorni.<\/span><\/div>\n<div><span class=\"mceItemHidden\"><span class=\"hiddenSpellError\">-OEM<\/span>\/ODM Servizio offerto<\/span><\/div>\n<p>Se desideri il prezzo delle bottiglie di vetro all&#039;ingrosso con tappo in sughero, per favore<a href=\"https:\/\/glassbottlewholesale.com\/it\/contact\/\"> contatto<\/a> il nostro team di vendita.<\/p>","protected":false},"featured_media":709,"comment_status":"open","ping_status":"closed","template":"","meta":[],"product_brand":[],"product_cat":[50,64],"product_tag":[],"class_list":{"0":"post-708","1":"product","2":"type-product","3":"status-publish","4":"has-post-thumbnail","6":"product_cat-500ml-glass-bottle","7":"product_cat-gin-bottle","8":"entry","9":"has-media","11":"first","12":"instock","13":"shipping-taxable","14":"product-type-simple"},"yoast_head":"<!-- This site is optimized with the Yoast SEO plugin v27.3 - https:\/\/yoast.com\/product\/yoast-seo-wordpress\/ -->\n<title>500ml Cork Top Glass Bottles Wholesale | Empty Gin Bottle Suppliers<\/title>\n<meta name=\"description\" content=\"Buy 500ml Cork Top Glass Bottles Wholesale From China Empty Gin Bottle Suppliers. Factory Outlet Price&amp;Free Sample Offered. Get Quote Here.\" \/>\n<meta name=\"robots\" content=\"index, follow, max-snippet:-1, max-image-preview:large, max-video-preview:-1\" \/>\n<link rel=\"canonical\" href=\"https:\/\/ruishengglassco.com\/product\/rs075-500ml-cork-top-glass-bottles-wholesale\" \/>\n<meta property=\"og:locale\" content=\"it_IT\" \/>\n<meta property=\"og:type\" content=\"article\" \/>\n<meta property=\"og:title\" content=\"500ml Cork Top Glass Bottles Wholesale | Empty Gin Bottle Suppliers\" \/>\n<meta property=\"og:description\" content=\"Buy 500ml Cork Top Glass Bottles Wholesale From China Empty Gin Bottle Suppliers. Factory Outlet Price&amp;Free Sample Offered. Get Quote Here.\" \/>\n<meta property=\"og:url\" content=\"https:\/\/ruishengglassco.com\/product\/rs075-500ml-cork-top-glass-bottles-wholesale\" \/>\n<meta property=\"og:site_name\" content=\"Glass Bottle Wholesale\" \/>\n<meta property=\"article:modified_time\" content=\"2025-07-10T03:30:43+00:00\" \/>\n<meta property=\"og:image\" content=\"https:\/\/glassbottlewholesale.com\/wp-content\/uploads\/2019\/10\/500ml-550g-\u897f\u7f8e\u9152\u4e1a-1-640x640\u8f85\u5bfc\u73ed.jpg\" \/>\n\t<meta property=\"og:image:width\" content=\"460\" \/>\n\t<meta property=\"og:image:height\" content=\"460\" \/>\n\t<meta property=\"og:image:type\" content=\"image\/jpeg\" \/>\n<meta name=\"twitter:card\" content=\"summary_large_image\" \/>\n<meta name=\"twitter:label1\" content=\"Tempo di lettura stimato\" \/>\n\t<meta name=\"twitter:data1\" content=\"2 minuti\" \/>\n<script type=\"application\/ld+json\" class=\"yoast-schema-graph\">{\"@context\":\"https:\\\/\\\/schema.org\",\"@graph\":[{\"@type\":\"WebPage\",\"@id\":\"https:\\\/\\\/glassbottlewholesale.com\\\/500ml-cork-top-glass-bottles-wholesale\\\/\",\"url\":\"https:\\\/\\\/ruishengglassco.com\\\/product\\\/rs075-500ml-cork-top-glass-bottles-wholesale\",\"name\":\"500ml Cork Top Glass Bottles Wholesale | Empty Gin Bottle Suppliers\",\"isPartOf\":{\"@id\":\"https:\\\/\\\/glassbottlewholesale.com\\\/#website\"},\"primaryImageOfPage\":{\"@id\":\"https:\\\/\\\/ruishengglassco.com\\\/product\\\/rs075-500ml-cork-top-glass-bottles-wholesale#primaryimage\"},\"image\":{\"@id\":\"https:\\\/\\\/ruishengglassco.com\\\/product\\\/rs075-500ml-cork-top-glass-bottles-wholesale#primaryimage\"},\"thumbnailUrl\":\"https:\\\/\\\/glassbottlewholesale.com\\\/wp-content\\\/uploads\\\/2019\\\/10\\\/500ml-550g-\u897f\u7f8e\u9152\u4e1a-1-640x640\u8f85\u5bfc\u73ed.jpg\",\"datePublished\":\"2019-10-18T07:18:11+00:00\",\"dateModified\":\"2025-07-10T03:30:43+00:00\",\"description\":\"Buy 500ml Cork Top Glass Bottles Wholesale From China Empty Gin Bottle Suppliers. Factory Outlet Price&Free Sample Offered. Get Quote Here.\",\"breadcrumb\":{\"@id\":\"https:\\\/\\\/ruishengglassco.com\\\/product\\\/rs075-500ml-cork-top-glass-bottles-wholesale#breadcrumb\"},\"inLanguage\":\"it-IT\",\"potentialAction\":[{\"@type\":\"ReadAction\",\"target\":[\"https:\\\/\\\/ruishengglassco.com\\\/product\\\/rs075-500ml-cork-top-glass-bottles-wholesale\"]}]},{\"@type\":\"ImageObject\",\"inLanguage\":\"it-IT\",\"@id\":\"https:\\\/\\\/ruishengglassco.com\\\/product\\\/rs075-500ml-cork-top-glass-bottles-wholesale#primaryimage\",\"url\":\"https:\\\/\\\/glassbottlewholesale.com\\\/wp-content\\\/uploads\\\/2019\\\/10\\\/500ml-550g-\u897f\u7f8e\u9152\u4e1a-1-640x640\u8f85\u5bfc\u73ed.jpg\",\"contentUrl\":\"https:\\\/\\\/glassbottlewholesale.com\\\/wp-content\\\/uploads\\\/2019\\\/10\\\/500ml-550g-\u897f\u7f8e\u9152\u4e1a-1-640x640\u8f85\u5bfc\u73ed.jpg\",\"width\":460,\"height\":460,\"caption\":\"Cork Top Glass Bottles Wholesale\"},{\"@type\":\"BreadcrumbList\",\"@id\":\"https:\\\/\\\/ruishengglassco.com\\\/product\\\/rs075-500ml-cork-top-glass-bottles-wholesale#breadcrumb\",\"itemListElement\":[{\"@type\":\"ListItem\",\"position\":1,\"name\":\"Home\",\"item\":\"https:\\\/\\\/glassbottlewholesale.com\\\/\"},{\"@type\":\"ListItem\",\"position\":2,\"name\":\"Products\",\"item\":\"https:\\\/\\\/glassbottlewholesale.com\\\/shop\\\/\"},{\"@type\":\"ListItem\",\"position\":3,\"name\":\"RS075: 500ml Cork Top Glass Bottles Wholesale\"}]},{\"@type\":\"WebSite\",\"@id\":\"https:\\\/\\\/glassbottlewholesale.com\\\/#website\",\"url\":\"https:\\\/\\\/glassbottlewholesale.com\\\/\",\"name\":\"Glass Bottle Wholesale\",\"description\":\"\",\"publisher\":{\"@id\":\"https:\\\/\\\/glassbottlewholesale.com\\\/#organization\"},\"potentialAction\":[{\"@type\":\"SearchAction\",\"target\":{\"@type\":\"EntryPoint\",\"urlTemplate\":\"https:\\\/\\\/glassbottlewholesale.com\\\/?s={search_term_string}\"},\"query-input\":{\"@type\":\"PropertyValueSpecification\",\"valueRequired\":true,\"valueName\":\"search_term_string\"}}],\"inLanguage\":\"it-IT\"},{\"@type\":\"Organization\",\"@id\":\"https:\\\/\\\/glassbottlewholesale.com\\\/#organization\",\"name\":\"Glass Bottle Wholesale\",\"url\":\"https:\\\/\\\/glassbottlewholesale.com\\\/\",\"logo\":{\"@type\":\"ImageObject\",\"inLanguage\":\"it-IT\",\"@id\":\"https:\\\/\\\/glassbottlewholesale.com\\\/#\\\/schema\\\/logo\\\/image\\\/\",\"url\":\"https:\\\/\\\/glassbottlewholesale.com\\\/wp-content\\\/uploads\\\/2023\\\/12\\\/ruisheng-logo.webp\",\"contentUrl\":\"https:\\\/\\\/glassbottlewholesale.com\\\/wp-content\\\/uploads\\\/2023\\\/12\\\/ruisheng-logo.webp\",\"width\":400,\"height\":233,\"caption\":\"Glass Bottle Wholesale\"},\"image\":{\"@id\":\"https:\\\/\\\/glassbottlewholesale.com\\\/#\\\/schema\\\/logo\\\/image\\\/\"}}]}<\/script>\n<!-- \/ Yoast SEO plugin. -->","yoast_head_json":{"title":"Bottiglie di vetro con tappo in sughero da 500 ml all&#039;ingrosso | Fornitori di bottiglie di gin vuote","description":"Acquista bottiglie di vetro con tappo in sughero da 500 ml all&#039;ingrosso dai fornitori di bottiglie di gin vuote della Cina. Prezzo outlet di fabbrica e campione gratuito offerto. Ottieni un preventivo qui.","robots":{"index":"index","follow":"follow","max-snippet":"max-snippet:-1","max-image-preview":"max-image-preview:large","max-video-preview":"max-video-preview:-1"},"canonical":"https:\/\/ruishengglassco.com\/product\/rs075-500ml-cork-top-glass-bottles-wholesale","og_locale":"it_IT","og_type":"article","og_title":"500ml Cork Top Glass Bottles Wholesale | Empty Gin Bottle Suppliers","og_description":"Buy 500ml Cork Top Glass Bottles Wholesale From China Empty Gin Bottle Suppliers. Factory Outlet Price&Free Sample Offered. Get Quote Here.","og_url":"https:\/\/ruishengglassco.com\/product\/rs075-500ml-cork-top-glass-bottles-wholesale","og_site_name":"Glass Bottle Wholesale","article_modified_time":"2025-07-10T03:30:43+00:00","og_image":[{"width":460,"height":460,"url":"https:\/\/glassbottlewholesale.com\/wp-content\/uploads\/2019\/10\/500ml-550g-\u897f\u7f8e\u9152\u4e1a-1-640x640\u8f85\u5bfc\u73ed.jpg","type":"image\/jpeg"}],"twitter_card":"summary_large_image","twitter_misc":{"Tempo di lettura stimato":"2 minuti"},"schema":{"@context":"https:\/\/schema.org","@graph":[{"@type":"WebPage","@id":"https:\/\/glassbottlewholesale.com\/500ml-cork-top-glass-bottles-wholesale\/","url":"https:\/\/ruishengglassco.com\/product\/rs075-500ml-cork-top-glass-bottles-wholesale","name":"Bottiglie di vetro con tappo in sughero da 500 ml all&#039;ingrosso | Fornitori di bottiglie di gin vuote","isPartOf":{"@id":"https:\/\/glassbottlewholesale.com\/#website"},"primaryImageOfPage":{"@id":"https:\/\/ruishengglassco.com\/product\/rs075-500ml-cork-top-glass-bottles-wholesale#primaryimage"},"image":{"@id":"https:\/\/ruishengglassco.com\/product\/rs075-500ml-cork-top-glass-bottles-wholesale#primaryimage"},"thumbnailUrl":"https:\/\/glassbottlewholesale.com\/wp-content\/uploads\/2019\/10\/500ml-550g-\u897f\u7f8e\u9152\u4e1a-1-640x640\u8f85\u5bfc\u73ed.jpg","datePublished":"2019-10-18T07:18:11+00:00","dateModified":"2025-07-10T03:30:43+00:00","description":"Acquista bottiglie di vetro con tappo in sughero da 500 ml all&#039;ingrosso dai fornitori di bottiglie di gin vuote della Cina. Prezzo outlet di fabbrica e campione gratuito offerto. Ottieni un preventivo qui.","breadcrumb":{"@id":"https:\/\/ruishengglassco.com\/product\/rs075-500ml-cork-top-glass-bottles-wholesale#breadcrumb"},"inLanguage":"it-IT","potentialAction":[{"@type":"ReadAction","target":["https:\/\/ruishengglassco.com\/product\/rs075-500ml-cork-top-glass-bottles-wholesale"]}]},{"@type":"ImageObject","inLanguage":"it-IT","@id":"https:\/\/ruishengglassco.com\/product\/rs075-500ml-cork-top-glass-bottles-wholesale#primaryimage","url":"https:\/\/glassbottlewholesale.com\/wp-content\/uploads\/2019\/10\/500ml-550g-\u897f\u7f8e\u9152\u4e1a-1-640x640\u8f85\u5bfc\u73ed.jpg","contentUrl":"https:\/\/glassbottlewholesale.com\/wp-content\/uploads\/2019\/10\/500ml-550g-\u897f\u7f8e\u9152\u4e1a-1-640x640\u8f85\u5bfc\u73ed.jpg","width":460,"height":460,"caption":"Cork Top Glass Bottles Wholesale"},{"@type":"BreadcrumbList","@id":"https:\/\/ruishengglassco.com\/product\/rs075-500ml-cork-top-glass-bottles-wholesale#breadcrumb","itemListElement":[{"@type":"ListItem","position":1,"name":"Home","item":"https:\/\/glassbottlewholesale.com\/"},{"@type":"ListItem","position":2,"name":"Products","item":"https:\/\/glassbottlewholesale.com\/shop\/"},{"@type":"ListItem","position":3,"name":"RS075: 500ml Cork Top Glass Bottles Wholesale"}]},{"@type":"WebSite","@id":"https:\/\/glassbottlewholesale.com\/#website","url":"https:\/\/glassbottlewholesale.com\/","name":"Glass Bottle Wholesale","description":"","publisher":{"@id":"https:\/\/glassbottlewholesale.com\/#organization"},"potentialAction":[{"@type":"SearchAction","target":{"@type":"EntryPoint","urlTemplate":"https:\/\/glassbottlewholesale.com\/?s={search_term_string}"},"query-input":{"@type":"PropertyValueSpecification","valueRequired":true,"valueName":"search_term_string"}}],"inLanguage":"it-IT"},{"@type":"Organization","@id":"https:\/\/glassbottlewholesale.com\/#organization","name":"Glass Bottle Wholesale","url":"https:\/\/glassbottlewholesale.com\/","logo":{"@type":"ImageObject","inLanguage":"it-IT","@id":"https:\/\/glassbottlewholesale.com\/#\/schema\/logo\/image\/","url":"https:\/\/glassbottlewholesale.com\/wp-content\/uploads\/2023\/12\/ruisheng-logo.webp","contentUrl":"https:\/\/glassbottlewholesale.com\/wp-content\/uploads\/2023\/12\/ruisheng-logo.webp","width":400,"height":233,"caption":"Glass Bottle Wholesale"},"image":{"@id":"https:\/\/glassbottlewholesale.com\/#\/schema\/logo\/image\/"}}]}},"_links":{"self":[{"href":"https:\/\/glassbottlewholesale.com\/it\/wp-json\/wp\/v2\/product\/708","targetHints":{"allow":["GET"]}}],"collection":[{"href":"https:\/\/glassbottlewholesale.com\/it\/wp-json\/wp\/v2\/product"}],"about":[{"href":"https:\/\/glassbottlewholesale.com\/it\/wp-json\/wp\/v2\/types\/product"}],"replies":[{"embeddable":true,"href":"https:\/\/glassbottlewholesale.com\/it\/wp-json\/wp\/v2\/comments?post=708"}],"wp:featuredmedia":[{"embeddable":true,"href":"https:\/\/glassbottlewholesale.com\/it\/wp-json\/wp\/v2\/media\/709"}],"wp:attachment":[{"href":"https:\/\/glassbottlewholesale.com\/it\/wp-json\/wp\/v2\/media?parent=708"}],"wp:term":[{"taxonomy":"product_brand","embeddable":true,"href":"https:\/\/glassbottlewholesale.com\/it\/wp-json\/wp\/v2\/product_brand?post=708"},{"taxonomy":"product_cat","embeddable":true,"href":"https:\/\/glassbottlewholesale.com\/it\/wp-json\/wp\/v2\/product_cat?post=708"},{"taxonomy":"product_tag","embeddable":true,"href":"https:\/\/glassbottlewholesale.com\/it\/wp-json\/wp\/v2\/product_tag?post=708"}],"curies":[{"name":"wp","href":"https:\/\/api.w.org\/{rel}","templated":true}]}}