{"id":733,"date":"2019-10-18T07:56:34","date_gmt":"2019-10-18T07:56:34","guid":{"rendered":"https:\/\/queenchingglass.com\/?post_type=product&#038;p=733"},"modified":"2023-12-06T01:20:42","modified_gmt":"2023-12-06T01:20:42","slug":"wholesale-50ml-mini-liquor-bottles-for-sale","status":"publish","type":"product","link":"https:\/\/glassbottlewholesale.com\/it\/wholesale-50ml-mini-liquor-bottles-for-sale\/","title":{"rendered":"RS068: Commercio all'ingrosso Mini bottiglie di rum alla rinfusa per la vendita"},"content":{"rendered":"<p>Oltre alla serie di prodotti principali di 500ml, 700ml, 750ml bottiglie per liquori prodotte dalla nostra fabbrica, forniamo anche <strong>mini bottiglie di liquore all'ingrosso in vendita<\/strong>. Produciamo bottiglie da oltre un decennio e la nostra fabbrica \u00e8 molto famosa in Cina.<\/p>\n<p>Su questo 50ml mini bottiglie di liquore all'ingrosso, abbiamo un sacco di forme, come piatto, forma di cuore, forma di torre, e altri.<br \/>\nAccettiamo anche la bottiglia personalizzata, se potete darmi i disegni della bottiglia, possiamo fare lo stesso.<\/p>\n<p>La nostra fabbrica dispone di lavoratori qualificati e molto esperti. Abbiamo requisiti di alta qualit\u00e0 per le bottiglie di vetro, quindi per favore fidatevi della nostra qualit\u00e0. Le nostre bottiglie sono state calibrate secondo lo standard, quindi la qualit\u00e0 \u00e8 garantita.<\/p>\n<p>Abbiamo due materiali per questa bottiglia: il vetro ad alta selce e il vetro superfluo. Selezioneremo rigorosamente le materie prime. E abbiamo un eccellente servizio post-vendita, risponderemo alle vostre domande online.<\/p>\n<h3>Dettagli dell'ordine su Mini bottiglie di liquore all'ingrosso<\/h3>\n<ul>\n<li>Articolo: RS-068 Mini bottiglie di liquore da 50 ml<\/li>\n<li>Marchio: Vetro Ruisheng<\/li>\n<li><span style=\"color: #ff6600;\">MOQ: <strong><span class=\"mceItemHidden\">10000 PZ\u00a0<\/span><\/strong><\/span><\/li>\n<li>Materiale principale: vetro ad alta selce<\/li>\n<li>Tappo: tappo a vite<\/li>\n<li>Capacit\u00e0: 50 ml<\/li>\n<li>Pezzi\/ct: 24 pezzi<\/li>\n<li>Origine del luogo: Shandong, Cina<\/li>\n<li>Caratteristica: ecologico<\/li>\n<\/ul>\n<p>La nostra azienda persegue sempre la qualit\u00e0 prima di tutto, abbiamo requisiti rigorosi per la qualit\u00e0 delle bottiglie. La nostra azienda copre una vasta area, ci sono pi\u00f9 di cinquecento lavoratori, tutti molto esperti.<\/p>\n<p>Se siete interessati ai prezzi delle nostre mini bottiglie di alcolici, potete visitare il nostro sito web. Ci sono molti prodotti sul nostro sito web. Potete scegliere quello che vi piace. Possiamo anche eseguire lavorazioni profonde sulla bottiglia, come decalcomania, stampa, pittura e altro.<\/p>\n<p>Benvenuti a visitare la nostra fabbrica di bottiglie per liquori, vi mostreremo la fabbrica. Possiamo mostrarvi il nostro laboratorio di produzione. potete scegliere alcuni campioni e prenderli.<\/p>\n<p>Se avete altre domande, non esitate a contattarci.<\/p>","protected":false},"excerpt":{"rendered":"<p>Unique design wholesale mini glass bottle for liquor. 50ml wholesale mini liquor bottles with clear transparent color, which shows the liquor containers very well. Lead-free glass material\uff0chealth and environmental protection\uff0cwill do not have a bad effect on liquor&#8217;s quality and storage. If you&#8217;re interested in our tiny liquor bottles, please <a href=\"https:\/\/glassbottlewholesale.com\/it\/contact\/\">lasciate un messaggio<\/a> per noi.<\/p>","protected":false},"featured_media":2240,"comment_status":"open","ping_status":"closed","template":"","meta":[],"product_brand":[],"product_cat":[58,65],"product_tag":[],"class_list":{"0":"post-733","1":"product","2":"type-product","3":"status-publish","4":"has-post-thumbnail","6":"product_cat-50ml-glass-bottle","7":"product_cat-rum-bottle","8":"entry","9":"has-media","11":"first","12":"instock","13":"shipping-taxable","14":"product-type-simple"},"yoast_head":"<!-- This site is optimized with the Yoast SEO plugin v27.3 - https:\/\/yoast.com\/product\/yoast-seo-wordpress\/ -->\n<title>Wholesale Mini Liquor Bottles For Sale | Tiny Spirit Bottle Manufacturers<\/title>\n<meta name=\"description\" content=\"Do you want to buy wholesale mini liquor bottles for sale outlet from China spirit bottle manufacturers? Free Sample&amp;Quality Assurance.\" \/>\n<meta name=\"robots\" content=\"index, follow, max-snippet:-1, max-image-preview:large, max-video-preview:-1\" \/>\n<link rel=\"canonical\" href=\"https:\/\/ruishengglassco.com\/product\/rs068-wholesale-mini-rum-bottles-bulk-for-sale\" \/>\n<meta property=\"og:locale\" content=\"it_IT\" \/>\n<meta property=\"og:type\" content=\"article\" \/>\n<meta property=\"og:title\" content=\"Wholesale Mini Liquor Bottles For Sale | Tiny Spirit Bottle Manufacturers\" \/>\n<meta property=\"og:description\" content=\"Do you want to buy wholesale mini liquor bottles for sale outlet from China spirit bottle manufacturers? Free Sample&amp;Quality Assurance.\" \/>\n<meta property=\"og:url\" content=\"https:\/\/ruishengglassco.com\/product\/rs068-wholesale-mini-rum-bottles-bulk-for-sale\" \/>\n<meta property=\"og:site_name\" content=\"Glass Bottle Wholesale\" \/>\n<meta property=\"article:modified_time\" content=\"2023-12-06T01:20:42+00:00\" \/>\n<meta property=\"og:image\" content=\"https:\/\/glassbottlewholesale.com\/wp-content\/uploads\/2019\/10\/wholesale-mini-liquor-bottle-wholesale-1.jpg\" \/>\n\t<meta property=\"og:image:width\" content=\"311\" \/>\n\t<meta property=\"og:image:height\" content=\"350\" \/>\n\t<meta property=\"og:image:type\" content=\"image\/jpeg\" \/>\n<meta name=\"twitter:card\" content=\"summary_large_image\" \/>\n<meta name=\"twitter:label1\" content=\"Tempo di lettura stimato\" \/>\n\t<meta name=\"twitter:data1\" content=\"2 minuti\" \/>\n<script type=\"application\/ld+json\" class=\"yoast-schema-graph\">{\"@context\":\"https:\\\/\\\/schema.org\",\"@graph\":[{\"@type\":\"WebPage\",\"@id\":\"https:\\\/\\\/glassbottlewholesale.com\\\/wholesale-50ml-mini-liquor-bottles-for-sale\\\/\",\"url\":\"https:\\\/\\\/ruishengglassco.com\\\/product\\\/rs068-wholesale-mini-rum-bottles-bulk-for-sale\",\"name\":\"Wholesale Mini Liquor Bottles For Sale | Tiny Spirit Bottle Manufacturers\",\"isPartOf\":{\"@id\":\"https:\\\/\\\/glassbottlewholesale.com\\\/#website\"},\"primaryImageOfPage\":{\"@id\":\"https:\\\/\\\/ruishengglassco.com\\\/product\\\/rs068-wholesale-mini-rum-bottles-bulk-for-sale#primaryimage\"},\"image\":{\"@id\":\"https:\\\/\\\/ruishengglassco.com\\\/product\\\/rs068-wholesale-mini-rum-bottles-bulk-for-sale#primaryimage\"},\"thumbnailUrl\":\"https:\\\/\\\/glassbottlewholesale.com\\\/wp-content\\\/uploads\\\/2019\\\/10\\\/wholesale-mini-liquor-bottle-wholesale-1.jpg\",\"datePublished\":\"2019-10-18T07:56:34+00:00\",\"dateModified\":\"2023-12-06T01:20:42+00:00\",\"description\":\"Do you want to buy wholesale mini liquor bottles for sale outlet from China spirit bottle manufacturers? Free Sample&Quality Assurance.\",\"breadcrumb\":{\"@id\":\"https:\\\/\\\/ruishengglassco.com\\\/product\\\/rs068-wholesale-mini-rum-bottles-bulk-for-sale#breadcrumb\"},\"inLanguage\":\"it-IT\",\"potentialAction\":[{\"@type\":\"ReadAction\",\"target\":[\"https:\\\/\\\/ruishengglassco.com\\\/product\\\/rs068-wholesale-mini-rum-bottles-bulk-for-sale\"]}]},{\"@type\":\"ImageObject\",\"inLanguage\":\"it-IT\",\"@id\":\"https:\\\/\\\/ruishengglassco.com\\\/product\\\/rs068-wholesale-mini-rum-bottles-bulk-for-sale#primaryimage\",\"url\":\"https:\\\/\\\/glassbottlewholesale.com\\\/wp-content\\\/uploads\\\/2019\\\/10\\\/wholesale-mini-liquor-bottle-wholesale-1.jpg\",\"contentUrl\":\"https:\\\/\\\/glassbottlewholesale.com\\\/wp-content\\\/uploads\\\/2019\\\/10\\\/wholesale-mini-liquor-bottle-wholesale-1.jpg\",\"width\":311,\"height\":350,\"caption\":\"wholesale mini liquor bottle wholesale (1)\"},{\"@type\":\"BreadcrumbList\",\"@id\":\"https:\\\/\\\/ruishengglassco.com\\\/product\\\/rs068-wholesale-mini-rum-bottles-bulk-for-sale#breadcrumb\",\"itemListElement\":[{\"@type\":\"ListItem\",\"position\":1,\"name\":\"Home\",\"item\":\"https:\\\/\\\/glassbottlewholesale.com\\\/\"},{\"@type\":\"ListItem\",\"position\":2,\"name\":\"Products\",\"item\":\"https:\\\/\\\/glassbottlewholesale.com\\\/shop\\\/\"},{\"@type\":\"ListItem\",\"position\":3,\"name\":\"RS068: Wholesale Mini Rum Bottles Bulk For Sale\"}]},{\"@type\":\"WebSite\",\"@id\":\"https:\\\/\\\/glassbottlewholesale.com\\\/#website\",\"url\":\"https:\\\/\\\/glassbottlewholesale.com\\\/\",\"name\":\"Glass Bottle Wholesale\",\"description\":\"\",\"publisher\":{\"@id\":\"https:\\\/\\\/glassbottlewholesale.com\\\/#organization\"},\"potentialAction\":[{\"@type\":\"SearchAction\",\"target\":{\"@type\":\"EntryPoint\",\"urlTemplate\":\"https:\\\/\\\/glassbottlewholesale.com\\\/?s={search_term_string}\"},\"query-input\":{\"@type\":\"PropertyValueSpecification\",\"valueRequired\":true,\"valueName\":\"search_term_string\"}}],\"inLanguage\":\"it-IT\"},{\"@type\":\"Organization\",\"@id\":\"https:\\\/\\\/glassbottlewholesale.com\\\/#organization\",\"name\":\"Glass Bottle Wholesale\",\"url\":\"https:\\\/\\\/glassbottlewholesale.com\\\/\",\"logo\":{\"@type\":\"ImageObject\",\"inLanguage\":\"it-IT\",\"@id\":\"https:\\\/\\\/glassbottlewholesale.com\\\/#\\\/schema\\\/logo\\\/image\\\/\",\"url\":\"https:\\\/\\\/glassbottlewholesale.com\\\/wp-content\\\/uploads\\\/2023\\\/12\\\/ruisheng-logo.webp\",\"contentUrl\":\"https:\\\/\\\/glassbottlewholesale.com\\\/wp-content\\\/uploads\\\/2023\\\/12\\\/ruisheng-logo.webp\",\"width\":400,\"height\":233,\"caption\":\"Glass Bottle Wholesale\"},\"image\":{\"@id\":\"https:\\\/\\\/glassbottlewholesale.com\\\/#\\\/schema\\\/logo\\\/image\\\/\"}}]}<\/script>\n<!-- \/ Yoast SEO plugin. -->","yoast_head_json":{"title":"Wholesale Mini Liquor Bottles For Sale | Tiny Spirit Bottle Manufacturers","description":"Do you want to buy wholesale mini liquor bottles for sale outlet from China spirit bottle manufacturers? Free Sample&Quality Assurance.","robots":{"index":"index","follow":"follow","max-snippet":"max-snippet:-1","max-image-preview":"max-image-preview:large","max-video-preview":"max-video-preview:-1"},"canonical":"https:\/\/ruishengglassco.com\/product\/rs068-wholesale-mini-rum-bottles-bulk-for-sale","og_locale":"it_IT","og_type":"article","og_title":"Wholesale Mini Liquor Bottles For Sale | Tiny Spirit Bottle Manufacturers","og_description":"Do you want to buy wholesale mini liquor bottles for sale outlet from China spirit bottle manufacturers? Free Sample&Quality Assurance.","og_url":"https:\/\/ruishengglassco.com\/product\/rs068-wholesale-mini-rum-bottles-bulk-for-sale","og_site_name":"Glass Bottle Wholesale","article_modified_time":"2023-12-06T01:20:42+00:00","og_image":[{"width":311,"height":350,"url":"https:\/\/glassbottlewholesale.com\/wp-content\/uploads\/2019\/10\/wholesale-mini-liquor-bottle-wholesale-1.jpg","type":"image\/jpeg"}],"twitter_card":"summary_large_image","twitter_misc":{"Tempo di lettura stimato":"2 minuti"},"schema":{"@context":"https:\/\/schema.org","@graph":[{"@type":"WebPage","@id":"https:\/\/glassbottlewholesale.com\/wholesale-50ml-mini-liquor-bottles-for-sale\/","url":"https:\/\/ruishengglassco.com\/product\/rs068-wholesale-mini-rum-bottles-bulk-for-sale","name":"Wholesale Mini Liquor Bottles For Sale | Tiny Spirit Bottle Manufacturers","isPartOf":{"@id":"https:\/\/glassbottlewholesale.com\/#website"},"primaryImageOfPage":{"@id":"https:\/\/ruishengglassco.com\/product\/rs068-wholesale-mini-rum-bottles-bulk-for-sale#primaryimage"},"image":{"@id":"https:\/\/ruishengglassco.com\/product\/rs068-wholesale-mini-rum-bottles-bulk-for-sale#primaryimage"},"thumbnailUrl":"https:\/\/glassbottlewholesale.com\/wp-content\/uploads\/2019\/10\/wholesale-mini-liquor-bottle-wholesale-1.jpg","datePublished":"2019-10-18T07:56:34+00:00","dateModified":"2023-12-06T01:20:42+00:00","description":"Do you want to buy wholesale mini liquor bottles for sale outlet from China spirit bottle manufacturers? Free Sample&Quality Assurance.","breadcrumb":{"@id":"https:\/\/ruishengglassco.com\/product\/rs068-wholesale-mini-rum-bottles-bulk-for-sale#breadcrumb"},"inLanguage":"it-IT","potentialAction":[{"@type":"ReadAction","target":["https:\/\/ruishengglassco.com\/product\/rs068-wholesale-mini-rum-bottles-bulk-for-sale"]}]},{"@type":"ImageObject","inLanguage":"it-IT","@id":"https:\/\/ruishengglassco.com\/product\/rs068-wholesale-mini-rum-bottles-bulk-for-sale#primaryimage","url":"https:\/\/glassbottlewholesale.com\/wp-content\/uploads\/2019\/10\/wholesale-mini-liquor-bottle-wholesale-1.jpg","contentUrl":"https:\/\/glassbottlewholesale.com\/wp-content\/uploads\/2019\/10\/wholesale-mini-liquor-bottle-wholesale-1.jpg","width":311,"height":350,"caption":"wholesale mini liquor bottle wholesale (1)"},{"@type":"BreadcrumbList","@id":"https:\/\/ruishengglassco.com\/product\/rs068-wholesale-mini-rum-bottles-bulk-for-sale#breadcrumb","itemListElement":[{"@type":"ListItem","position":1,"name":"Home","item":"https:\/\/glassbottlewholesale.com\/"},{"@type":"ListItem","position":2,"name":"Products","item":"https:\/\/glassbottlewholesale.com\/shop\/"},{"@type":"ListItem","position":3,"name":"RS068: Wholesale Mini Rum Bottles Bulk For Sale"}]},{"@type":"WebSite","@id":"https:\/\/glassbottlewholesale.com\/#website","url":"https:\/\/glassbottlewholesale.com\/","name":"Glass Bottle Wholesale","description":"","publisher":{"@id":"https:\/\/glassbottlewholesale.com\/#organization"},"potentialAction":[{"@type":"SearchAction","target":{"@type":"EntryPoint","urlTemplate":"https:\/\/glassbottlewholesale.com\/?s={search_term_string}"},"query-input":{"@type":"PropertyValueSpecification","valueRequired":true,"valueName":"search_term_string"}}],"inLanguage":"it-IT"},{"@type":"Organization","@id":"https:\/\/glassbottlewholesale.com\/#organization","name":"Glass Bottle Wholesale","url":"https:\/\/glassbottlewholesale.com\/","logo":{"@type":"ImageObject","inLanguage":"it-IT","@id":"https:\/\/glassbottlewholesale.com\/#\/schema\/logo\/image\/","url":"https:\/\/glassbottlewholesale.com\/wp-content\/uploads\/2023\/12\/ruisheng-logo.webp","contentUrl":"https:\/\/glassbottlewholesale.com\/wp-content\/uploads\/2023\/12\/ruisheng-logo.webp","width":400,"height":233,"caption":"Glass Bottle Wholesale"},"image":{"@id":"https:\/\/glassbottlewholesale.com\/#\/schema\/logo\/image\/"}}]}},"_links":{"self":[{"href":"https:\/\/glassbottlewholesale.com\/it\/wp-json\/wp\/v2\/product\/733","targetHints":{"allow":["GET"]}}],"collection":[{"href":"https:\/\/glassbottlewholesale.com\/it\/wp-json\/wp\/v2\/product"}],"about":[{"href":"https:\/\/glassbottlewholesale.com\/it\/wp-json\/wp\/v2\/types\/product"}],"replies":[{"embeddable":true,"href":"https:\/\/glassbottlewholesale.com\/it\/wp-json\/wp\/v2\/comments?post=733"}],"wp:featuredmedia":[{"embeddable":true,"href":"https:\/\/glassbottlewholesale.com\/it\/wp-json\/wp\/v2\/media\/2240"}],"wp:attachment":[{"href":"https:\/\/glassbottlewholesale.com\/it\/wp-json\/wp\/v2\/media?parent=733"}],"wp:term":[{"taxonomy":"product_brand","embeddable":true,"href":"https:\/\/glassbottlewholesale.com\/it\/wp-json\/wp\/v2\/product_brand?post=733"},{"taxonomy":"product_cat","embeddable":true,"href":"https:\/\/glassbottlewholesale.com\/it\/wp-json\/wp\/v2\/product_cat?post=733"},{"taxonomy":"product_tag","embeddable":true,"href":"https:\/\/glassbottlewholesale.com\/it\/wp-json\/wp\/v2\/product_tag?post=733"}],"curies":[{"name":"wp","href":"https:\/\/api.w.org\/{rel}","templated":true}]}}