{"id":735,"date":"2019-12-18T08:07:32","date_gmt":"2019-12-18T08:07:32","guid":{"rendered":"https:\/\/queenchingglass.com\/?post_type=product&#038;p=735"},"modified":"2025-07-10T03:36:47","modified_gmt":"2025-07-10T03:36:47","slug":"ingrosso-bottiglie-piatte-da-500-ml","status":"publish","type":"product","link":"https:\/\/glassbottlewholesale.com\/it\/ingrosso-bottiglie-piatte-da-500-ml\/","title":{"rendered":"RS047: Bottiglie Piatte da 500 ml All&#039;ingrosso Per Rum"},"content":{"rendered":"<div class=\"wpb-content-wrapper\"><div class=\"vc_row wpb_row vc_row-fluid\"><div class=\"wpb_column vc_column_container vc_col-sm-12\"><div class=\"vc_column-inner\"><div class=\"wpb_wrapper\">\n\t<div class=\"wpb_text_column wpb_content_element\" >\n\t\t<div class=\"wpb_wrapper\">\n\t\t\t<p>Questa bottiglia di vetro piatto da 500 ml all&#039;ingrosso da Shandong Yuncheng Ruisheng Glass Co., Ltd. Ruisheng \u00e8 il pi\u00f9 grande <a href=\"https:\/\/ruishengglassco.com\/glass-liquor-spirit-bottles\">produttore di bottiglie di vetro ad alta selce<\/a> in Cina. Non offre solo bottiglie di vetro trasparente di alta qualit\u00e0, ma offre anche bottiglie di vetro trasparente di qualit\u00e0 media e bottiglie di vetro verde.<\/p>\n<p>Questa bottiglia di vetro piatta \u00e8 la comune bottiglia di vetro. Queste bottiglie di vetro da 500 ml possono essere utilizzate per vino, vodka, whisky, rum, gin e altri liquidi. Queste bottiglie di vetro possono essere vendute in molti paesi e regioni come Europa, Stati Uniti, Australia, America e altri.<\/p>\n<p>Queste bottiglie di vetro piatto trasparente sono realizzate in vetro super flint. Questo materiale per bottiglie di vetro \u00e8 il materiale di prima qualit\u00e0 per la bottiglia di vetro. Utilizzare questa bottiglia di vetro realizzata in materiale \u00e8 molto trasparente, liscia ed \u00e8 molto resistente.<\/p>\n<p>Possiamo realizzare queste bottiglie di vetro piatto trasparente di molte dimensioni se ne hai bisogno. Come 375 ml, 500 ml, 700 ml, 750 ml, 1000 ml e altri. Ora le nostre bottiglie di vetro esistenti sono da 500 ml. Se ne hai bisogno, possiamo realizzare un nuovo stampo per realizzare le bottiglie di vetro.<\/p>\n<h4>I dettagli sulle bottiglie di vetro piatte da 500 ml all&#039;ingrosso per rum<\/h4>\n<ul>\n<li>Marca: Ruisheng(RS)<\/li>\n<li>Capacit\u00e0: 500 ml\/750 ml\/Personalizzato<\/li>\n<li>Colore: trasparente\/trasparente<\/li>\n<li>Tappi: SugheroFORMA BOTTIGLIA Quadrata<\/li>\n<li>Peso: 700 g<\/li>\n<li>Altezza: 230 mm \u00b1 2 mm<\/li>\n<li>Diametro: 90 mm\u00b12 mm<\/li>\n<li><strong>MOQ:<\/strong> 1\u00d740HQ (circa 30000 bottiglie da 500 ml)<\/li>\n<\/ul>\n<p>&nbsp;<\/p>\n<p>Le nostre bottiglie di vetro di questa forma sono da 500 ml con tappo in sughero e queste bottiglie di vetro possono cambiare la finitura del tappo in tappo a vite. \u00c8 secondo le richieste del cliente.<\/p>\n<p>Se desideri acquistare bottiglie di vetro flint trasparente da 500 ml o acquistare bottiglie di vetro all&#039;ingrosso, contattaci tramite la nostra e-mail o telefono. Ti risponderemo il prima possibile.<\/p>\n\n\t\t<\/div>\n\t<\/div>\n<\/div><\/div><\/div><\/div>\n<\/div>","protected":false},"excerpt":{"rendered":"<p>Questa bottiglia di vetro piatto da 500 ml \u00e8 realizzata in vetro super selce. Questo materiale per bottiglie di vetro \u00e8 il materiale di prima qualit\u00e0 per la bottiglia di vetro. Utilizzare questa bottiglia di vetro realizzata in materiale \u00e8 molto trasparente, liscia ed \u00e8 molto resistente.<\/p>","protected":false},"featured_media":4787,"comment_status":"open","ping_status":"closed","template":"","meta":[],"product_brand":[],"product_cat":[50,64,65],"product_tag":[],"class_list":{"0":"post-735","1":"product","2":"type-product","3":"status-publish","4":"has-post-thumbnail","6":"product_cat-500ml-glass-bottle","7":"product_cat-gin-bottle","8":"product_cat-rum-bottle","9":"entry","10":"has-media","12":"first","13":"instock","14":"shipping-taxable","15":"product-type-simple"},"yoast_head":"<!-- This site is optimized with the Yoast SEO plugin v27.3 - https:\/\/yoast.com\/product\/yoast-seo-wordpress\/ -->\n<title>500ml Flat Glass Bottles Wholesale | Bulk Old Rum Bottle With Cork<\/title>\n<meta name=\"description\" content=\"Ruidheng, China Best Liquor Bottle Mnaufacturer, Provide 500ml Flat Glass Bottles Wholesale For Rum. Welcome To Bulk Old Rum Bottle With Cork Factory Price.\" \/>\n<meta name=\"robots\" content=\"index, follow, max-snippet:-1, max-image-preview:large, max-video-preview:-1\" \/>\n<link rel=\"canonical\" href=\"https:\/\/ruishengglassco.com\/product\/rs047-flat-500-ml-bottles-manufacturers-for-rum\" \/>\n<meta property=\"og:locale\" content=\"it_IT\" \/>\n<meta property=\"og:type\" content=\"article\" \/>\n<meta property=\"og:title\" content=\"500ml Flat Glass Bottles Wholesale | Bulk Old Rum Bottle With Cork\" \/>\n<meta property=\"og:description\" content=\"Ruidheng, China Best Liquor Bottle Mnaufacturer, Provide 500ml Flat Glass Bottles Wholesale For Rum. Welcome To Bulk Old Rum Bottle With Cork Factory Price.\" \/>\n<meta property=\"og:url\" content=\"https:\/\/ruishengglassco.com\/product\/rs047-flat-500-ml-bottles-manufacturers-for-rum\" \/>\n<meta property=\"og:site_name\" content=\"Glass Bottle Wholesale\" \/>\n<meta property=\"article:modified_time\" content=\"2025-07-10T03:36:47+00:00\" \/>\n<meta property=\"og:image\" content=\"https:\/\/glassbottlewholesale.com\/wp-content\/uploads\/2024\/04\/glass-bottle-manufacturing-40.png\" \/>\n\t<meta property=\"og:image:width\" content=\"800\" \/>\n\t<meta property=\"og:image:height\" content=\"800\" \/>\n\t<meta property=\"og:image:type\" content=\"image\/png\" \/>\n<meta name=\"twitter:card\" content=\"summary_large_image\" \/>\n<meta name=\"twitter:label1\" content=\"Tempo di lettura stimato\" \/>\n\t<meta name=\"twitter:data1\" content=\"2 minuti\" \/>\n<script type=\"application\/ld+json\" class=\"yoast-schema-graph\">{\"@context\":\"https:\\\/\\\/schema.org\",\"@graph\":[{\"@type\":\"WebPage\",\"@id\":\"https:\\\/\\\/glassbottlewholesale.com\\\/flat-500-ml-bottles-wholesale\\\/\",\"url\":\"https:\\\/\\\/ruishengglassco.com\\\/product\\\/rs047-flat-500-ml-bottles-manufacturers-for-rum\",\"name\":\"500ml Flat Glass Bottles Wholesale | Bulk Old Rum Bottle With Cork\",\"isPartOf\":{\"@id\":\"https:\\\/\\\/glassbottlewholesale.com\\\/#website\"},\"primaryImageOfPage\":{\"@id\":\"https:\\\/\\\/ruishengglassco.com\\\/product\\\/rs047-flat-500-ml-bottles-manufacturers-for-rum#primaryimage\"},\"image\":{\"@id\":\"https:\\\/\\\/ruishengglassco.com\\\/product\\\/rs047-flat-500-ml-bottles-manufacturers-for-rum#primaryimage\"},\"thumbnailUrl\":\"https:\\\/\\\/glassbottlewholesale.com\\\/wp-content\\\/uploads\\\/2024\\\/04\\\/glass-bottle-manufacturing-40.png\",\"datePublished\":\"2019-12-18T08:07:32+00:00\",\"dateModified\":\"2025-07-10T03:36:47+00:00\",\"description\":\"Ruidheng, China Best Liquor Bottle Mnaufacturer, Provide 500ml Flat Glass Bottles Wholesale For Rum. Welcome To Bulk Old Rum Bottle With Cork Factory Price.\",\"breadcrumb\":{\"@id\":\"https:\\\/\\\/ruishengglassco.com\\\/product\\\/rs047-flat-500-ml-bottles-manufacturers-for-rum#breadcrumb\"},\"inLanguage\":\"it-IT\",\"potentialAction\":[{\"@type\":\"ReadAction\",\"target\":[\"https:\\\/\\\/ruishengglassco.com\\\/product\\\/rs047-flat-500-ml-bottles-manufacturers-for-rum\"]}]},{\"@type\":\"ImageObject\",\"inLanguage\":\"it-IT\",\"@id\":\"https:\\\/\\\/ruishengglassco.com\\\/product\\\/rs047-flat-500-ml-bottles-manufacturers-for-rum#primaryimage\",\"url\":\"https:\\\/\\\/glassbottlewholesale.com\\\/wp-content\\\/uploads\\\/2024\\\/04\\\/glass-bottle-manufacturing-40.png\",\"contentUrl\":\"https:\\\/\\\/glassbottlewholesale.com\\\/wp-content\\\/uploads\\\/2024\\\/04\\\/glass-bottle-manufacturing-40.png\",\"width\":800,\"height\":800},{\"@type\":\"BreadcrumbList\",\"@id\":\"https:\\\/\\\/ruishengglassco.com\\\/product\\\/rs047-flat-500-ml-bottles-manufacturers-for-rum#breadcrumb\",\"itemListElement\":[{\"@type\":\"ListItem\",\"position\":1,\"name\":\"Home\",\"item\":\"https:\\\/\\\/glassbottlewholesale.com\\\/\"},{\"@type\":\"ListItem\",\"position\":2,\"name\":\"Products\",\"item\":\"https:\\\/\\\/glassbottlewholesale.com\\\/shop\\\/\"},{\"@type\":\"ListItem\",\"position\":3,\"name\":\"RS047: Flat 500 ml Bottles Wholesale For Rum\"}]},{\"@type\":\"WebSite\",\"@id\":\"https:\\\/\\\/glassbottlewholesale.com\\\/#website\",\"url\":\"https:\\\/\\\/glassbottlewholesale.com\\\/\",\"name\":\"Glass Bottle Wholesale\",\"description\":\"\",\"publisher\":{\"@id\":\"https:\\\/\\\/glassbottlewholesale.com\\\/#organization\"},\"potentialAction\":[{\"@type\":\"SearchAction\",\"target\":{\"@type\":\"EntryPoint\",\"urlTemplate\":\"https:\\\/\\\/glassbottlewholesale.com\\\/?s={search_term_string}\"},\"query-input\":{\"@type\":\"PropertyValueSpecification\",\"valueRequired\":true,\"valueName\":\"search_term_string\"}}],\"inLanguage\":\"it-IT\"},{\"@type\":\"Organization\",\"@id\":\"https:\\\/\\\/glassbottlewholesale.com\\\/#organization\",\"name\":\"Glass Bottle Wholesale\",\"url\":\"https:\\\/\\\/glassbottlewholesale.com\\\/\",\"logo\":{\"@type\":\"ImageObject\",\"inLanguage\":\"it-IT\",\"@id\":\"https:\\\/\\\/glassbottlewholesale.com\\\/#\\\/schema\\\/logo\\\/image\\\/\",\"url\":\"https:\\\/\\\/glassbottlewholesale.com\\\/wp-content\\\/uploads\\\/2023\\\/12\\\/ruisheng-logo.webp\",\"contentUrl\":\"https:\\\/\\\/glassbottlewholesale.com\\\/wp-content\\\/uploads\\\/2023\\\/12\\\/ruisheng-logo.webp\",\"width\":400,\"height\":233,\"caption\":\"Glass Bottle Wholesale\"},\"image\":{\"@id\":\"https:\\\/\\\/glassbottlewholesale.com\\\/#\\\/schema\\\/logo\\\/image\\\/\"}}]}<\/script>\n<!-- \/ Yoast SEO plugin. -->","yoast_head_json":{"title":"Bottiglie di vetro piatte da 500 ml all&#039;ingrosso | Bottiglia Di Rum Vecchia Alla Rinfusa Con Tappo Di Sughero","description":"Ruidheng, il miglior produttore cinese di bottiglie di liquore, fornisce bottiglie di vetro piatte da 500 ml all&#039;ingrosso per rum. Benvenuti alla vecchia bottiglia di rum sfusa con prezzo di fabbrica in sughero.","robots":{"index":"index","follow":"follow","max-snippet":"max-snippet:-1","max-image-preview":"max-image-preview:large","max-video-preview":"max-video-preview:-1"},"canonical":"https:\/\/ruishengglassco.com\/product\/rs047-flat-500-ml-bottles-manufacturers-for-rum","og_locale":"it_IT","og_type":"article","og_title":"500ml Flat Glass Bottles Wholesale | Bulk Old Rum Bottle With Cork","og_description":"Ruidheng, China Best Liquor Bottle Mnaufacturer, Provide 500ml Flat Glass Bottles Wholesale For Rum. Welcome To Bulk Old Rum Bottle With Cork Factory Price.","og_url":"https:\/\/ruishengglassco.com\/product\/rs047-flat-500-ml-bottles-manufacturers-for-rum","og_site_name":"Glass Bottle Wholesale","article_modified_time":"2025-07-10T03:36:47+00:00","og_image":[{"width":800,"height":800,"url":"https:\/\/glassbottlewholesale.com\/wp-content\/uploads\/2024\/04\/glass-bottle-manufacturing-40.png","type":"image\/png"}],"twitter_card":"summary_large_image","twitter_misc":{"Tempo di lettura stimato":"2 minuti"},"schema":{"@context":"https:\/\/schema.org","@graph":[{"@type":"WebPage","@id":"https:\/\/glassbottlewholesale.com\/flat-500-ml-bottles-wholesale\/","url":"https:\/\/ruishengglassco.com\/product\/rs047-flat-500-ml-bottles-manufacturers-for-rum","name":"Bottiglie di vetro piatte da 500 ml all&#039;ingrosso | Bottiglia Di Rum Vecchia Alla Rinfusa Con Tappo Di Sughero","isPartOf":{"@id":"https:\/\/glassbottlewholesale.com\/#website"},"primaryImageOfPage":{"@id":"https:\/\/ruishengglassco.com\/product\/rs047-flat-500-ml-bottles-manufacturers-for-rum#primaryimage"},"image":{"@id":"https:\/\/ruishengglassco.com\/product\/rs047-flat-500-ml-bottles-manufacturers-for-rum#primaryimage"},"thumbnailUrl":"https:\/\/glassbottlewholesale.com\/wp-content\/uploads\/2024\/04\/glass-bottle-manufacturing-40.png","datePublished":"2019-12-18T08:07:32+00:00","dateModified":"2025-07-10T03:36:47+00:00","description":"Ruidheng, il miglior produttore cinese di bottiglie di liquore, fornisce bottiglie di vetro piatte da 500 ml all&#039;ingrosso per rum. Benvenuti alla vecchia bottiglia di rum sfusa con prezzo di fabbrica in sughero.","breadcrumb":{"@id":"https:\/\/ruishengglassco.com\/product\/rs047-flat-500-ml-bottles-manufacturers-for-rum#breadcrumb"},"inLanguage":"it-IT","potentialAction":[{"@type":"ReadAction","target":["https:\/\/ruishengglassco.com\/product\/rs047-flat-500-ml-bottles-manufacturers-for-rum"]}]},{"@type":"ImageObject","inLanguage":"it-IT","@id":"https:\/\/ruishengglassco.com\/product\/rs047-flat-500-ml-bottles-manufacturers-for-rum#primaryimage","url":"https:\/\/glassbottlewholesale.com\/wp-content\/uploads\/2024\/04\/glass-bottle-manufacturing-40.png","contentUrl":"https:\/\/glassbottlewholesale.com\/wp-content\/uploads\/2024\/04\/glass-bottle-manufacturing-40.png","width":800,"height":800},{"@type":"BreadcrumbList","@id":"https:\/\/ruishengglassco.com\/product\/rs047-flat-500-ml-bottles-manufacturers-for-rum#breadcrumb","itemListElement":[{"@type":"ListItem","position":1,"name":"Home","item":"https:\/\/glassbottlewholesale.com\/"},{"@type":"ListItem","position":2,"name":"Products","item":"https:\/\/glassbottlewholesale.com\/shop\/"},{"@type":"ListItem","position":3,"name":"RS047: Flat 500 ml Bottles Wholesale For Rum"}]},{"@type":"WebSite","@id":"https:\/\/glassbottlewholesale.com\/#website","url":"https:\/\/glassbottlewholesale.com\/","name":"Glass Bottle Wholesale","description":"","publisher":{"@id":"https:\/\/glassbottlewholesale.com\/#organization"},"potentialAction":[{"@type":"SearchAction","target":{"@type":"EntryPoint","urlTemplate":"https:\/\/glassbottlewholesale.com\/?s={search_term_string}"},"query-input":{"@type":"PropertyValueSpecification","valueRequired":true,"valueName":"search_term_string"}}],"inLanguage":"it-IT"},{"@type":"Organization","@id":"https:\/\/glassbottlewholesale.com\/#organization","name":"Glass Bottle Wholesale","url":"https:\/\/glassbottlewholesale.com\/","logo":{"@type":"ImageObject","inLanguage":"it-IT","@id":"https:\/\/glassbottlewholesale.com\/#\/schema\/logo\/image\/","url":"https:\/\/glassbottlewholesale.com\/wp-content\/uploads\/2023\/12\/ruisheng-logo.webp","contentUrl":"https:\/\/glassbottlewholesale.com\/wp-content\/uploads\/2023\/12\/ruisheng-logo.webp","width":400,"height":233,"caption":"Glass Bottle Wholesale"},"image":{"@id":"https:\/\/glassbottlewholesale.com\/#\/schema\/logo\/image\/"}}]}},"_links":{"self":[{"href":"https:\/\/glassbottlewholesale.com\/it\/wp-json\/wp\/v2\/product\/735","targetHints":{"allow":["GET"]}}],"collection":[{"href":"https:\/\/glassbottlewholesale.com\/it\/wp-json\/wp\/v2\/product"}],"about":[{"href":"https:\/\/glassbottlewholesale.com\/it\/wp-json\/wp\/v2\/types\/product"}],"replies":[{"embeddable":true,"href":"https:\/\/glassbottlewholesale.com\/it\/wp-json\/wp\/v2\/comments?post=735"}],"wp:featuredmedia":[{"embeddable":true,"href":"https:\/\/glassbottlewholesale.com\/it\/wp-json\/wp\/v2\/media\/4787"}],"wp:attachment":[{"href":"https:\/\/glassbottlewholesale.com\/it\/wp-json\/wp\/v2\/media?parent=735"}],"wp:term":[{"taxonomy":"product_brand","embeddable":true,"href":"https:\/\/glassbottlewholesale.com\/it\/wp-json\/wp\/v2\/product_brand?post=735"},{"taxonomy":"product_cat","embeddable":true,"href":"https:\/\/glassbottlewholesale.com\/it\/wp-json\/wp\/v2\/product_cat?post=735"},{"taxonomy":"product_tag","embeddable":true,"href":"https:\/\/glassbottlewholesale.com\/it\/wp-json\/wp\/v2\/product_tag?post=735"}],"curies":[{"name":"wp","href":"https:\/\/api.w.org\/{rel}","templated":true}]}}