{"id":788,"date":"2019-10-18T09:23:42","date_gmt":"2019-10-18T09:23:42","guid":{"rendered":"https:\/\/queenchingglass.com\/?post_type=product&#038;p=788"},"modified":"2025-02-28T23:46:21","modified_gmt":"2025-02-28T23:46:21","slug":"700ml-750ml-bottiglie-in-vetro-per-fiaschi-allingrosso","status":"publish","type":"product","link":"https:\/\/glassbottlewholesale.com\/it\/700ml-750ml-bottiglie-in-vetro-per-fiaschi-allingrosso\/","title":{"rendered":"RS057: Bottiglie di vetro alte da 700 ml e 750 ml all&#039;ingrosso"},"content":{"rendered":"<p>Questo<strong> 700ml Piazza bottiglie di vetro fiasco all'ingrosso <\/strong>\u00e8 uno dei nostri prodotti di vendita calda della fabbrica. Il materiale di questa bottiglia di vetro \u00e8 materiale bianco cristallino estremamente bianco.<\/p>\n<p>La nostra azienda \u00e8 brava in queste bottiglie di vetro di alta qualit\u00e0, quindi garantiamo che possiamo produrre la qualit\u00e0 della bottiglia di vetro.<\/p>\n<p>Se desiderate un'altra capacit\u00e0, possiamo modificarla secondo le vostre richieste.<\/p>\n<p>I nostri prodotti principali sono bottiglie di vetro di qualit\u00e0 superiore con tappi di sughero, come bottiglie di vodka, bottiglie di brandy, bottiglie di whisky, bottiglie di liquore, bottiglie di marmellata e cos\u00ec via. Possiamo anche offrire bottiglie di vetro ambrato, bottiglie verdi e bottiglie d'acqua. Il nostro mercato principale \u00e8 l'Europa, gli Stati Uniti, l'Australia, l'America, ecc. Tutti i prodotti godono di un'ottima reputazione per innovazione e funzionalit\u00e0.<\/p>\n<p>La produzione della bottiglia di vetro quadrata da 700 ml di olio d'oliva \u00e8 stata rigorosamente selezionata tra i materiali, che vengono portati dal paese d'origine, inoltre, utilizziamo macchine avanzate per elaborare e realizzare la bottiglia di vetro.<\/p>\n<h4>Le informazioni di <strong>700ml Piazza bottiglie di vetro fiasco all'ingrosso<\/strong>:<\/h4>\n<ul>\n<li>Materiale principale: materiale bianco cristallino estremamente bianco<\/li>\n<li>Tappo: sughero<\/li>\n<li>Riferimento: RS057<\/li>\n<li>MOQ: 10000 PZ<\/li>\n<li>Capacit\u00e0: 700 ml<\/li>\n<li>Pezzi\/ct: 24 pezzi<\/li>\n<li>Origine del luogo: Shandong, Cina<\/li>\n<li>Caratteristica: ecologico<\/li>\n<\/ul>\n<p>Se siete soddisfatti di questo fiasco di vetro bottiglie all'ingrosso, si prega di contattare me in tempo. Se non ti piace, puoi guardare le nostre altre bottiglie. Oppure vi dar\u00f2 il catalogo, si pu\u00f2 scegliere quello che ti piace. Se siete interessati alle nostre bottiglie ermetiche di alcol, vi preghiamo di contattarci. Vi risponderemo entro 24 ore.<\/p>","protected":false},"excerpt":{"rendered":"<p>Questo<strong> 700ml Piazza bottiglie di vetro fiasco all'ingrosso <\/strong>\u00e8 uno dei nostri prodotti di vendita calda della fabbrica. Il materiale di questa bottiglia di vetro \u00e8 materiale bianco cristallino estremamente bianco.<\/p>","protected":false},"featured_media":4488,"comment_status":"open","ping_status":"closed","template":"","meta":[],"product_brand":[],"product_cat":[51,52,63],"product_tag":[],"class_list":{"0":"post-788","1":"product","2":"type-product","3":"status-publish","4":"has-post-thumbnail","6":"product_cat-700ml-glass-bottle","7":"product_cat-750ml-glass-bottle","8":"product_cat-liquor-bottle","9":"entry","10":"has-media","12":"first","13":"instock","14":"shipping-taxable","15":"product-type-simple"},"yoast_head":"<!-- This site is optimized with the Yoast SEO plugin v27.3 - https:\/\/yoast.com\/product\/yoast-seo-wordpress\/ -->\n<title>Glass Flask Bottles Wholesale | Square Liquor Bottle Manufacturer<\/title>\n<meta name=\"description\" content=\"Buy Glass Flask Bottles Wholesale From China Liquor Bottle Manufacturer. Clear Square Liquor Bottle Will Catch Your Eyes In An Instant.\" \/>\n<meta name=\"robots\" content=\"index, follow, max-snippet:-1, max-image-preview:large, max-video-preview:-1\" \/>\n<link rel=\"canonical\" href=\"https:\/\/ruishengglassco.com\/product\/rs057-700ml-750ml-flask-tall-glass-bottles-wholesale\" \/>\n<meta property=\"og:locale\" content=\"it_IT\" \/>\n<meta property=\"og:type\" content=\"article\" \/>\n<meta property=\"og:title\" content=\"Glass Flask Bottles Wholesale | Square Liquor Bottle Manufacturer\" \/>\n<meta property=\"og:description\" content=\"Buy Glass Flask Bottles Wholesale From China Liquor Bottle Manufacturer. Clear Square Liquor Bottle Will Catch Your Eyes In An Instant.\" \/>\n<meta property=\"og:url\" content=\"https:\/\/ruishengglassco.com\/product\/rs057-700ml-750ml-flask-tall-glass-bottles-wholesale\" \/>\n<meta property=\"og:site_name\" content=\"Glass Bottle Wholesale\" \/>\n<meta property=\"article:modified_time\" content=\"2025-02-28T23:46:21+00:00\" \/>\n<meta property=\"og:image\" content=\"https:\/\/glassbottlewholesale.com\/wp-content\/uploads\/2024\/01\/rs057-1.jpg\" \/>\n\t<meta property=\"og:image:width\" content=\"800\" \/>\n\t<meta property=\"og:image:height\" content=\"800\" \/>\n\t<meta property=\"og:image:type\" content=\"image\/jpeg\" \/>\n<meta name=\"twitter:card\" content=\"summary_large_image\" \/>\n<meta name=\"twitter:label1\" content=\"Tempo di lettura stimato\" \/>\n\t<meta name=\"twitter:data1\" content=\"2 minuti\" \/>\n<script type=\"application\/ld+json\" class=\"yoast-schema-graph\">{\"@context\":\"https:\\\/\\\/schema.org\",\"@graph\":[{\"@type\":\"WebPage\",\"@id\":\"https:\\\/\\\/glassbottlewholesale.com\\\/700ml-750ml-glass-flask-bottles-wholesale\\\/\",\"url\":\"https:\\\/\\\/ruishengglassco.com\\\/product\\\/rs057-700ml-750ml-flask-tall-glass-bottles-wholesale\",\"name\":\"Glass Flask Bottles Wholesale | Square Liquor Bottle Manufacturer\",\"isPartOf\":{\"@id\":\"https:\\\/\\\/glassbottlewholesale.com\\\/#website\"},\"primaryImageOfPage\":{\"@id\":\"https:\\\/\\\/ruishengglassco.com\\\/product\\\/rs057-700ml-750ml-flask-tall-glass-bottles-wholesale#primaryimage\"},\"image\":{\"@id\":\"https:\\\/\\\/ruishengglassco.com\\\/product\\\/rs057-700ml-750ml-flask-tall-glass-bottles-wholesale#primaryimage\"},\"thumbnailUrl\":\"https:\\\/\\\/glassbottlewholesale.com\\\/wp-content\\\/uploads\\\/2024\\\/01\\\/rs057-1.jpg\",\"datePublished\":\"2019-10-18T09:23:42+00:00\",\"dateModified\":\"2025-02-28T23:46:21+00:00\",\"description\":\"Buy Glass Flask Bottles Wholesale From China Liquor Bottle Manufacturer. Clear Square Liquor Bottle Will Catch Your Eyes In An Instant.\",\"breadcrumb\":{\"@id\":\"https:\\\/\\\/ruishengglassco.com\\\/product\\\/rs057-700ml-750ml-flask-tall-glass-bottles-wholesale#breadcrumb\"},\"inLanguage\":\"it-IT\",\"potentialAction\":[{\"@type\":\"ReadAction\",\"target\":[\"https:\\\/\\\/ruishengglassco.com\\\/product\\\/rs057-700ml-750ml-flask-tall-glass-bottles-wholesale\"]}]},{\"@type\":\"ImageObject\",\"inLanguage\":\"it-IT\",\"@id\":\"https:\\\/\\\/ruishengglassco.com\\\/product\\\/rs057-700ml-750ml-flask-tall-glass-bottles-wholesale#primaryimage\",\"url\":\"https:\\\/\\\/glassbottlewholesale.com\\\/wp-content\\\/uploads\\\/2024\\\/01\\\/rs057-1.jpg\",\"contentUrl\":\"https:\\\/\\\/glassbottlewholesale.com\\\/wp-content\\\/uploads\\\/2024\\\/01\\\/rs057-1.jpg\",\"width\":800,\"height\":800,\"caption\":\"Glass Flask Bottles Wholesale\"},{\"@type\":\"BreadcrumbList\",\"@id\":\"https:\\\/\\\/ruishengglassco.com\\\/product\\\/rs057-700ml-750ml-flask-tall-glass-bottles-wholesale#breadcrumb\",\"itemListElement\":[{\"@type\":\"ListItem\",\"position\":1,\"name\":\"Home\",\"item\":\"https:\\\/\\\/glassbottlewholesale.com\\\/\"},{\"@type\":\"ListItem\",\"position\":2,\"name\":\"Products\",\"item\":\"https:\\\/\\\/glassbottlewholesale.com\\\/shop\\\/\"},{\"@type\":\"ListItem\",\"position\":3,\"name\":\"RS057: 700ml 750ml Flask Tall Glass Bottles Wholesale\"}]},{\"@type\":\"WebSite\",\"@id\":\"https:\\\/\\\/glassbottlewholesale.com\\\/#website\",\"url\":\"https:\\\/\\\/glassbottlewholesale.com\\\/\",\"name\":\"Glass Bottle Wholesale\",\"description\":\"\",\"publisher\":{\"@id\":\"https:\\\/\\\/glassbottlewholesale.com\\\/#organization\"},\"potentialAction\":[{\"@type\":\"SearchAction\",\"target\":{\"@type\":\"EntryPoint\",\"urlTemplate\":\"https:\\\/\\\/glassbottlewholesale.com\\\/?s={search_term_string}\"},\"query-input\":{\"@type\":\"PropertyValueSpecification\",\"valueRequired\":true,\"valueName\":\"search_term_string\"}}],\"inLanguage\":\"it-IT\"},{\"@type\":\"Organization\",\"@id\":\"https:\\\/\\\/glassbottlewholesale.com\\\/#organization\",\"name\":\"Glass Bottle Wholesale\",\"url\":\"https:\\\/\\\/glassbottlewholesale.com\\\/\",\"logo\":{\"@type\":\"ImageObject\",\"inLanguage\":\"it-IT\",\"@id\":\"https:\\\/\\\/glassbottlewholesale.com\\\/#\\\/schema\\\/logo\\\/image\\\/\",\"url\":\"https:\\\/\\\/glassbottlewholesale.com\\\/wp-content\\\/uploads\\\/2023\\\/12\\\/ruisheng-logo.webp\",\"contentUrl\":\"https:\\\/\\\/glassbottlewholesale.com\\\/wp-content\\\/uploads\\\/2023\\\/12\\\/ruisheng-logo.webp\",\"width\":400,\"height\":233,\"caption\":\"Glass Bottle Wholesale\"},\"image\":{\"@id\":\"https:\\\/\\\/glassbottlewholesale.com\\\/#\\\/schema\\\/logo\\\/image\\\/\"}}]}<\/script>\n<!-- \/ Yoast SEO plugin. -->","yoast_head_json":{"title":"Bottiglie di vetro per fiaschi all'ingrosso | Bottiglia di liquore quadrata Fornitore","description":"Acquista bottiglie di vetro all'ingrosso dalla Cina Produttore di bottiglie di liquore. Chiara bottiglia di liquore quadrato cattura gli occhi in un istante.","robots":{"index":"index","follow":"follow","max-snippet":"max-snippet:-1","max-image-preview":"max-image-preview:large","max-video-preview":"max-video-preview:-1"},"canonical":"https:\/\/ruishengglassco.com\/product\/rs057-700ml-750ml-flask-tall-glass-bottles-wholesale","og_locale":"it_IT","og_type":"article","og_title":"Glass Flask Bottles Wholesale | Square Liquor Bottle Manufacturer","og_description":"Buy Glass Flask Bottles Wholesale From China Liquor Bottle Manufacturer. Clear Square Liquor Bottle Will Catch Your Eyes In An Instant.","og_url":"https:\/\/ruishengglassco.com\/product\/rs057-700ml-750ml-flask-tall-glass-bottles-wholesale","og_site_name":"Glass Bottle Wholesale","article_modified_time":"2025-02-28T23:46:21+00:00","og_image":[{"width":800,"height":800,"url":"https:\/\/glassbottlewholesale.com\/wp-content\/uploads\/2024\/01\/rs057-1.jpg","type":"image\/jpeg"}],"twitter_card":"summary_large_image","twitter_misc":{"Tempo di lettura stimato":"2 minuti"},"schema":{"@context":"https:\/\/schema.org","@graph":[{"@type":"WebPage","@id":"https:\/\/glassbottlewholesale.com\/700ml-750ml-glass-flask-bottles-wholesale\/","url":"https:\/\/ruishengglassco.com\/product\/rs057-700ml-750ml-flask-tall-glass-bottles-wholesale","name":"Bottiglie di vetro per fiaschi all'ingrosso | Bottiglia di liquore quadrata Fornitore","isPartOf":{"@id":"https:\/\/glassbottlewholesale.com\/#website"},"primaryImageOfPage":{"@id":"https:\/\/ruishengglassco.com\/product\/rs057-700ml-750ml-flask-tall-glass-bottles-wholesale#primaryimage"},"image":{"@id":"https:\/\/ruishengglassco.com\/product\/rs057-700ml-750ml-flask-tall-glass-bottles-wholesale#primaryimage"},"thumbnailUrl":"https:\/\/glassbottlewholesale.com\/wp-content\/uploads\/2024\/01\/rs057-1.jpg","datePublished":"2019-10-18T09:23:42+00:00","dateModified":"2025-02-28T23:46:21+00:00","description":"Acquista bottiglie di vetro all'ingrosso dalla Cina Produttore di bottiglie di liquore. Chiara bottiglia di liquore quadrato cattura gli occhi in un istante.","breadcrumb":{"@id":"https:\/\/ruishengglassco.com\/product\/rs057-700ml-750ml-flask-tall-glass-bottles-wholesale#breadcrumb"},"inLanguage":"it-IT","potentialAction":[{"@type":"ReadAction","target":["https:\/\/ruishengglassco.com\/product\/rs057-700ml-750ml-flask-tall-glass-bottles-wholesale"]}]},{"@type":"ImageObject","inLanguage":"it-IT","@id":"https:\/\/ruishengglassco.com\/product\/rs057-700ml-750ml-flask-tall-glass-bottles-wholesale#primaryimage","url":"https:\/\/glassbottlewholesale.com\/wp-content\/uploads\/2024\/01\/rs057-1.jpg","contentUrl":"https:\/\/glassbottlewholesale.com\/wp-content\/uploads\/2024\/01\/rs057-1.jpg","width":800,"height":800,"caption":"Glass Flask Bottles Wholesale"},{"@type":"BreadcrumbList","@id":"https:\/\/ruishengglassco.com\/product\/rs057-700ml-750ml-flask-tall-glass-bottles-wholesale#breadcrumb","itemListElement":[{"@type":"ListItem","position":1,"name":"Home","item":"https:\/\/glassbottlewholesale.com\/"},{"@type":"ListItem","position":2,"name":"Products","item":"https:\/\/glassbottlewholesale.com\/shop\/"},{"@type":"ListItem","position":3,"name":"RS057: 700ml 750ml Flask Tall Glass Bottles Wholesale"}]},{"@type":"WebSite","@id":"https:\/\/glassbottlewholesale.com\/#website","url":"https:\/\/glassbottlewholesale.com\/","name":"Glass Bottle Wholesale","description":"","publisher":{"@id":"https:\/\/glassbottlewholesale.com\/#organization"},"potentialAction":[{"@type":"SearchAction","target":{"@type":"EntryPoint","urlTemplate":"https:\/\/glassbottlewholesale.com\/?s={search_term_string}"},"query-input":{"@type":"PropertyValueSpecification","valueRequired":true,"valueName":"search_term_string"}}],"inLanguage":"it-IT"},{"@type":"Organization","@id":"https:\/\/glassbottlewholesale.com\/#organization","name":"Glass Bottle Wholesale","url":"https:\/\/glassbottlewholesale.com\/","logo":{"@type":"ImageObject","inLanguage":"it-IT","@id":"https:\/\/glassbottlewholesale.com\/#\/schema\/logo\/image\/","url":"https:\/\/glassbottlewholesale.com\/wp-content\/uploads\/2023\/12\/ruisheng-logo.webp","contentUrl":"https:\/\/glassbottlewholesale.com\/wp-content\/uploads\/2023\/12\/ruisheng-logo.webp","width":400,"height":233,"caption":"Glass Bottle Wholesale"},"image":{"@id":"https:\/\/glassbottlewholesale.com\/#\/schema\/logo\/image\/"}}]}},"_links":{"self":[{"href":"https:\/\/glassbottlewholesale.com\/it\/wp-json\/wp\/v2\/product\/788","targetHints":{"allow":["GET"]}}],"collection":[{"href":"https:\/\/glassbottlewholesale.com\/it\/wp-json\/wp\/v2\/product"}],"about":[{"href":"https:\/\/glassbottlewholesale.com\/it\/wp-json\/wp\/v2\/types\/product"}],"replies":[{"embeddable":true,"href":"https:\/\/glassbottlewholesale.com\/it\/wp-json\/wp\/v2\/comments?post=788"}],"wp:featuredmedia":[{"embeddable":true,"href":"https:\/\/glassbottlewholesale.com\/it\/wp-json\/wp\/v2\/media\/4488"}],"wp:attachment":[{"href":"https:\/\/glassbottlewholesale.com\/it\/wp-json\/wp\/v2\/media?parent=788"}],"wp:term":[{"taxonomy":"product_brand","embeddable":true,"href":"https:\/\/glassbottlewholesale.com\/it\/wp-json\/wp\/v2\/product_brand?post=788"},{"taxonomy":"product_cat","embeddable":true,"href":"https:\/\/glassbottlewholesale.com\/it\/wp-json\/wp\/v2\/product_cat?post=788"},{"taxonomy":"product_tag","embeddable":true,"href":"https:\/\/glassbottlewholesale.com\/it\/wp-json\/wp\/v2\/product_tag?post=788"}],"curies":[{"name":"wp","href":"https:\/\/api.w.org\/{rel}","templated":true}]}}