{"id":491,"date":"2019-10-15T12:35:05","date_gmt":"2019-10-15T12:35:05","guid":{"rendered":"https:\/\/queenchingglass.com\/?post_type=product&#038;p=491"},"modified":"2025-07-10T00:46:25","modified_gmt":"2025-07-10T00:46:25","slug":"glazen-flessen-met-kurken-groothandel","status":"publish","type":"product","link":"https:\/\/glassbottlewholesale.com\/nl\/glazen-flessen-met-kurken-groothandel\/","title":{"rendered":"RS104: Grote glazen drankflessen met kurken groothandel"},"content":{"rendered":"<div class=\"wpb-content-wrapper\"><div class=\"vc_row wpb_row vc_row-fluid\"><div class=\"wpb_column vc_column_container vc_col-sm-12\"><div class=\"vc_column-inner\"><div class=\"wpb_wrapper\">\n\t<div class=\"wpb_text_column wpb_content_element\" >\n\t\t<div class=\"wpb_wrapper\">\n\t\t\t<p>Deze serie glazen flessen in bulk met kurken is een van onze hete verkoopproducten. Het materiaal van deze heldere ronde likeurfles is kristalwit materiaal extreem wit materiaal. De lege glaslikeurfles met hoge transparante kleur, die uw drankkwaliteit kan zijn toonde duidelijk, en krijgt meer mensen om uw drank te kopen.<\/p>\n<p>Ons bedrijf is goed in deze glazen flessen van hoge kwaliteit, dus we garanderen dat we de kwaliteit van de glazen fles kunnen produceren. Als je het ontwerp van deze fles mooi vindt, maar niet tevreden bent met de inhoud, kunnen we de inhoud veranderen.<\/p>\n<p>Onze belangrijkste producten zijn glazen flessen van topkwaliteit met kurken, zoals wodkaflessen, brandyflessen, whiskyflessen, likeurflessen, jamflessen enzovoort. We kunnen ook amberkleurige glazen flessen, groene flessen en waterflessen aanbieden. Onze belangrijkste markten zijn Europa, de VS, Australi\u00eb, Amerika, enz. En alle producten genieten een hoge reputatie op het gebied van innovatie en functionaliteit.<\/p>\n<p>De productie van 750 ml lege glazen flessen is streng geselecteerd uit materialen, we halen materialen uit het land van herkomst, bovendien gebruiken we geavanceerde machines om glazen flessen te verwerken en te maken.<\/p>\n<h4>De informatie van Glazen flessen in bulk met kurken<\/h4>\n<ul>\n<li>Hoofdmateriaal: kristalwit materiaal extreem wit materiaal<\/li>\n<li>Kap: Kurk<\/li>\n<li>Referentie: RS104<\/li>\n<li>MOQ: 10000 PCS<\/li>\n<li>Inhoud: 750 ml<\/li>\n<li>Pcs\/Ctn: 24st<\/li>\n<li>Oorsprong van de plaats: Shandong, China<\/li>\n<li>Eigenschap: Milieuvriendelijk<\/li>\n<\/ul>\n<p>We hebben deze fles op voorraad, je kunt hem heel snel krijgen als je hem bestelt. We kunnen ook uw logo op deze fles aanbrengen. We kunnen deze fles verwerken, zoals bedrukken, glazuren, schilderen en anderen, <span class=\"tran\" data-group=\"0_0\">we verwelkomen<\/span>\u00a0<span class=\"tran\" data-group=\"2_1\">vrienden<\/span>\u00a0van over de hele\u00a0<span class=\"tran\" data-group=\"1_2\">wereld<\/span>\u00a0<span class=\"tran\" data-group=\"3_3\">naar<\/span>\u00a0<span class=\"tran\" data-group=\"5_4\">bezoek<\/span>\u00a0<span class=\"tran\" data-group=\"4_5\">us<\/span>! We regelen een receptie voor je.<\/p>\n<p>Deze unieke glazen fles met deksels kunnen we veranderen van mond, we kunnen hem veranderen in iets anders.<\/p>\n<p>We kunnen het doen als je er patronen in wilt kerven, we kunnen het patroon kerven dat je wilt.<\/p>\n<p>Als je tevreden bent met deze ronde heldere likeurfles, neem dan op tijd contact met me op. Als je hem niet mooi vindt, kun je naar onze andere flessen kijken. Of ik geef je de catalogus, dan kun je kiezen wat je mooi vindt. Als je ge\u00efnteresseerd bent in glazen flessen in bulk met kurken, neem dan a.u.b. <a href=\"https:\/\/ruishengglassco.com\/contact\">contact met ons opnemen<\/a>. Je krijgt binnen 24 uur antwoord.<\/p>\n\n\t\t<\/div>\n\t<\/div>\n<\/div><\/div><\/div><\/div>\n<\/div>","protected":false},"excerpt":{"rendered":"<p>Wij zijn een professionele glazen fles fabrikant &amp; fabriek meer dan 10 jaar productie-ervaring, en verkoop bulk glazen fles met kurken. Ons belangrijkste product is likeurflessen van hoge kwaliteit. Onze likeurfles kan worden gebruikt als whisky, wodka, brandy, XO, tequila verpakking.<\/p>\n<p>Deze serie ronde glazen flessen groothandel is een van de meest populaire producten die is ge\u00ebxporteerd naar de VS, Groot-Brittanni\u00eb, Canada, Rusland, Itali\u00eb, Duitsland, enz.<\/p>\n<p>Als u ge\u00efnteresseerd bent in groothandel ronde glazen fles prijs, neem dan gerust contact met ons op.<\/p>","protected":false},"featured_media":4489,"comment_status":"open","ping_status":"closed","template":"","meta":[],"product_brand":[],"product_cat":[52,63],"product_tag":[],"class_list":{"0":"post-491","1":"product","2":"type-product","3":"status-publish","4":"has-post-thumbnail","6":"product_cat-750ml-glass-bottle","7":"product_cat-liquor-bottle","8":"entry","9":"has-media","11":"first","12":"instock","13":"shipping-taxable","14":"product-type-simple"},"yoast_head":"<!-- This site is optimized with the Yoast SEO plugin v27.3 - https:\/\/yoast.com\/product\/yoast-seo-wordpress\/ -->\n<title>Bulk Glass Bottles With Corks | Round Clear Liquor Bottle Supplier<\/title>\n<meta name=\"description\" content=\"Are you searching for to buy round clear liquor bottles? Click here to bulk glass bottles with corks for liquor. Factory outlet&amp;Quality Assurance.\" \/>\n<meta name=\"robots\" content=\"index, follow, max-snippet:-1, max-image-preview:large, max-video-preview:-1\" \/>\n<link rel=\"canonical\" href=\"https:\/\/ruishengglassco.com\/product\/rs104-bulk-glass-liquor-bottles-with-corks-wholesale\" \/>\n<meta property=\"og:locale\" content=\"nl_NL\" \/>\n<meta property=\"og:type\" content=\"article\" \/>\n<meta property=\"og:title\" content=\"Bulk Glass Bottles With Corks | Round Clear Liquor Bottle Supplier\" \/>\n<meta property=\"og:description\" content=\"Are you searching for to buy round clear liquor bottles? Click here to bulk glass bottles with corks for liquor. Factory outlet&amp;Quality Assurance.\" \/>\n<meta property=\"og:url\" content=\"https:\/\/ruishengglassco.com\/product\/rs104-bulk-glass-liquor-bottles-with-corks-wholesale\" \/>\n<meta property=\"og:site_name\" content=\"Glass Bottle Wholesale\" \/>\n<meta property=\"article:modified_time\" content=\"2025-07-10T00:46:25+00:00\" \/>\n<meta property=\"og:image\" content=\"https:\/\/glassbottlewholesale.com\/wp-content\/uploads\/2024\/01\/rs104-1.jpg\" \/>\n\t<meta property=\"og:image:width\" content=\"800\" \/>\n\t<meta property=\"og:image:height\" content=\"800\" \/>\n\t<meta property=\"og:image:type\" content=\"image\/jpeg\" \/>\n<meta name=\"twitter:card\" content=\"summary_large_image\" \/>\n<meta name=\"twitter:label1\" content=\"Geschatte leestijd\" \/>\n\t<meta name=\"twitter:data1\" content=\"2 minuten\" \/>\n<script type=\"application\/ld+json\" class=\"yoast-schema-graph\">{\"@context\":\"https:\\\/\\\/schema.org\",\"@graph\":[{\"@type\":\"WebPage\",\"@id\":\"https:\\\/\\\/glassbottlewholesale.com\\\/spirit-glass-bottles-with-corks-wholesale\\\/\",\"url\":\"https:\\\/\\\/ruishengglassco.com\\\/product\\\/rs104-bulk-glass-liquor-bottles-with-corks-wholesale\",\"name\":\"Bulk Glass Bottles With Corks | Round Clear Liquor Bottle Supplier\",\"isPartOf\":{\"@id\":\"https:\\\/\\\/glassbottlewholesale.com\\\/#website\"},\"primaryImageOfPage\":{\"@id\":\"https:\\\/\\\/ruishengglassco.com\\\/product\\\/rs104-bulk-glass-liquor-bottles-with-corks-wholesale#primaryimage\"},\"image\":{\"@id\":\"https:\\\/\\\/ruishengglassco.com\\\/product\\\/rs104-bulk-glass-liquor-bottles-with-corks-wholesale#primaryimage\"},\"thumbnailUrl\":\"https:\\\/\\\/glassbottlewholesale.com\\\/wp-content\\\/uploads\\\/2024\\\/01\\\/rs104-1.jpg\",\"datePublished\":\"2019-10-15T12:35:05+00:00\",\"dateModified\":\"2025-07-10T00:46:25+00:00\",\"description\":\"Are you searching for to buy round clear liquor bottles? Click here to bulk glass bottles with corks for liquor. Factory outlet&Quality Assurance.\",\"breadcrumb\":{\"@id\":\"https:\\\/\\\/ruishengglassco.com\\\/product\\\/rs104-bulk-glass-liquor-bottles-with-corks-wholesale#breadcrumb\"},\"inLanguage\":\"nl-NL\",\"potentialAction\":[{\"@type\":\"ReadAction\",\"target\":[\"https:\\\/\\\/ruishengglassco.com\\\/product\\\/rs104-bulk-glass-liquor-bottles-with-corks-wholesale\"]}]},{\"@type\":\"ImageObject\",\"inLanguage\":\"nl-NL\",\"@id\":\"https:\\\/\\\/ruishengglassco.com\\\/product\\\/rs104-bulk-glass-liquor-bottles-with-corks-wholesale#primaryimage\",\"url\":\"https:\\\/\\\/glassbottlewholesale.com\\\/wp-content\\\/uploads\\\/2024\\\/01\\\/rs104-1.jpg\",\"contentUrl\":\"https:\\\/\\\/glassbottlewholesale.com\\\/wp-content\\\/uploads\\\/2024\\\/01\\\/rs104-1.jpg\",\"width\":800,\"height\":800,\"caption\":\"RS104: Bulk Glass Liquor Bottles With Corks Wholesale\"},{\"@type\":\"BreadcrumbList\",\"@id\":\"https:\\\/\\\/ruishengglassco.com\\\/product\\\/rs104-bulk-glass-liquor-bottles-with-corks-wholesale#breadcrumb\",\"itemListElement\":[{\"@type\":\"ListItem\",\"position\":1,\"name\":\"Home\",\"item\":\"https:\\\/\\\/glassbottlewholesale.com\\\/\"},{\"@type\":\"ListItem\",\"position\":2,\"name\":\"Products\",\"item\":\"https:\\\/\\\/glassbottlewholesale.com\\\/shop\\\/\"},{\"@type\":\"ListItem\",\"position\":3,\"name\":\"RS104: Bulk Glass Liquor Bottles With Corks Wholesale\"}]},{\"@type\":\"WebSite\",\"@id\":\"https:\\\/\\\/glassbottlewholesale.com\\\/#website\",\"url\":\"https:\\\/\\\/glassbottlewholesale.com\\\/\",\"name\":\"Glass Bottle Wholesale\",\"description\":\"\",\"publisher\":{\"@id\":\"https:\\\/\\\/glassbottlewholesale.com\\\/#organization\"},\"potentialAction\":[{\"@type\":\"SearchAction\",\"target\":{\"@type\":\"EntryPoint\",\"urlTemplate\":\"https:\\\/\\\/glassbottlewholesale.com\\\/?s={search_term_string}\"},\"query-input\":{\"@type\":\"PropertyValueSpecification\",\"valueRequired\":true,\"valueName\":\"search_term_string\"}}],\"inLanguage\":\"nl-NL\"},{\"@type\":\"Organization\",\"@id\":\"https:\\\/\\\/glassbottlewholesale.com\\\/#organization\",\"name\":\"Glass Bottle Wholesale\",\"url\":\"https:\\\/\\\/glassbottlewholesale.com\\\/\",\"logo\":{\"@type\":\"ImageObject\",\"inLanguage\":\"nl-NL\",\"@id\":\"https:\\\/\\\/glassbottlewholesale.com\\\/#\\\/schema\\\/logo\\\/image\\\/\",\"url\":\"https:\\\/\\\/glassbottlewholesale.com\\\/wp-content\\\/uploads\\\/2023\\\/12\\\/ruisheng-logo.webp\",\"contentUrl\":\"https:\\\/\\\/glassbottlewholesale.com\\\/wp-content\\\/uploads\\\/2023\\\/12\\\/ruisheng-logo.webp\",\"width\":400,\"height\":233,\"caption\":\"Glass Bottle Wholesale\"},\"image\":{\"@id\":\"https:\\\/\\\/glassbottlewholesale.com\\\/#\\\/schema\\\/logo\\\/image\\\/\"}}]}<\/script>\n<!-- \/ Yoast SEO plugin. -->","yoast_head_json":{"title":"Bulk Glazen Flessen Met Kurken | Ronde Duidelijke Likeurfles Leverancier","description":"Ben je op zoek naar ronde heldere drankflessen? Klik hier om glazen flessen met kurken voor sterke drank in bulk te kopen. Fabrieks outlet &amp; Kwaliteitsgarantie.","robots":{"index":"index","follow":"follow","max-snippet":"max-snippet:-1","max-image-preview":"max-image-preview:large","max-video-preview":"max-video-preview:-1"},"canonical":"https:\/\/ruishengglassco.com\/product\/rs104-bulk-glass-liquor-bottles-with-corks-wholesale","og_locale":"nl_NL","og_type":"article","og_title":"Bulk Glass Bottles With Corks | Round Clear Liquor Bottle Supplier","og_description":"Are you searching for to buy round clear liquor bottles? Click here to bulk glass bottles with corks for liquor. Factory outlet&Quality Assurance.","og_url":"https:\/\/ruishengglassco.com\/product\/rs104-bulk-glass-liquor-bottles-with-corks-wholesale","og_site_name":"Glass Bottle Wholesale","article_modified_time":"2025-07-10T00:46:25+00:00","og_image":[{"width":800,"height":800,"url":"https:\/\/glassbottlewholesale.com\/wp-content\/uploads\/2024\/01\/rs104-1.jpg","type":"image\/jpeg"}],"twitter_card":"summary_large_image","twitter_misc":{"Geschatte leestijd":"2 minuten"},"schema":{"@context":"https:\/\/schema.org","@graph":[{"@type":"WebPage","@id":"https:\/\/glassbottlewholesale.com\/spirit-glass-bottles-with-corks-wholesale\/","url":"https:\/\/ruishengglassco.com\/product\/rs104-bulk-glass-liquor-bottles-with-corks-wholesale","name":"Bulk Glazen Flessen Met Kurken | Ronde Duidelijke Likeurfles Leverancier","isPartOf":{"@id":"https:\/\/glassbottlewholesale.com\/#website"},"primaryImageOfPage":{"@id":"https:\/\/ruishengglassco.com\/product\/rs104-bulk-glass-liquor-bottles-with-corks-wholesale#primaryimage"},"image":{"@id":"https:\/\/ruishengglassco.com\/product\/rs104-bulk-glass-liquor-bottles-with-corks-wholesale#primaryimage"},"thumbnailUrl":"https:\/\/glassbottlewholesale.com\/wp-content\/uploads\/2024\/01\/rs104-1.jpg","datePublished":"2019-10-15T12:35:05+00:00","dateModified":"2025-07-10T00:46:25+00:00","description":"Ben je op zoek naar ronde heldere drankflessen? Klik hier om glazen flessen met kurken voor sterke drank in bulk te kopen. Fabrieks outlet &amp; Kwaliteitsgarantie.","breadcrumb":{"@id":"https:\/\/ruishengglassco.com\/product\/rs104-bulk-glass-liquor-bottles-with-corks-wholesale#breadcrumb"},"inLanguage":"nl-NL","potentialAction":[{"@type":"ReadAction","target":["https:\/\/ruishengglassco.com\/product\/rs104-bulk-glass-liquor-bottles-with-corks-wholesale"]}]},{"@type":"ImageObject","inLanguage":"nl-NL","@id":"https:\/\/ruishengglassco.com\/product\/rs104-bulk-glass-liquor-bottles-with-corks-wholesale#primaryimage","url":"https:\/\/glassbottlewholesale.com\/wp-content\/uploads\/2024\/01\/rs104-1.jpg","contentUrl":"https:\/\/glassbottlewholesale.com\/wp-content\/uploads\/2024\/01\/rs104-1.jpg","width":800,"height":800,"caption":"RS104: Bulk Glass Liquor Bottles With Corks Wholesale"},{"@type":"BreadcrumbList","@id":"https:\/\/ruishengglassco.com\/product\/rs104-bulk-glass-liquor-bottles-with-corks-wholesale#breadcrumb","itemListElement":[{"@type":"ListItem","position":1,"name":"Home","item":"https:\/\/glassbottlewholesale.com\/"},{"@type":"ListItem","position":2,"name":"Products","item":"https:\/\/glassbottlewholesale.com\/shop\/"},{"@type":"ListItem","position":3,"name":"RS104: Bulk Glass Liquor Bottles With Corks Wholesale"}]},{"@type":"WebSite","@id":"https:\/\/glassbottlewholesale.com\/#website","url":"https:\/\/glassbottlewholesale.com\/","name":"Glass Bottle Wholesale","description":"","publisher":{"@id":"https:\/\/glassbottlewholesale.com\/#organization"},"potentialAction":[{"@type":"SearchAction","target":{"@type":"EntryPoint","urlTemplate":"https:\/\/glassbottlewholesale.com\/?s={search_term_string}"},"query-input":{"@type":"PropertyValueSpecification","valueRequired":true,"valueName":"search_term_string"}}],"inLanguage":"nl-NL"},{"@type":"Organization","@id":"https:\/\/glassbottlewholesale.com\/#organization","name":"Glass Bottle Wholesale","url":"https:\/\/glassbottlewholesale.com\/","logo":{"@type":"ImageObject","inLanguage":"nl-NL","@id":"https:\/\/glassbottlewholesale.com\/#\/schema\/logo\/image\/","url":"https:\/\/glassbottlewholesale.com\/wp-content\/uploads\/2023\/12\/ruisheng-logo.webp","contentUrl":"https:\/\/glassbottlewholesale.com\/wp-content\/uploads\/2023\/12\/ruisheng-logo.webp","width":400,"height":233,"caption":"Glass Bottle Wholesale"},"image":{"@id":"https:\/\/glassbottlewholesale.com\/#\/schema\/logo\/image\/"}}]}},"_links":{"self":[{"href":"https:\/\/glassbottlewholesale.com\/nl\/wp-json\/wp\/v2\/product\/491","targetHints":{"allow":["GET"]}}],"collection":[{"href":"https:\/\/glassbottlewholesale.com\/nl\/wp-json\/wp\/v2\/product"}],"about":[{"href":"https:\/\/glassbottlewholesale.com\/nl\/wp-json\/wp\/v2\/types\/product"}],"replies":[{"embeddable":true,"href":"https:\/\/glassbottlewholesale.com\/nl\/wp-json\/wp\/v2\/comments?post=491"}],"wp:featuredmedia":[{"embeddable":true,"href":"https:\/\/glassbottlewholesale.com\/nl\/wp-json\/wp\/v2\/media\/4489"}],"wp:attachment":[{"href":"https:\/\/glassbottlewholesale.com\/nl\/wp-json\/wp\/v2\/media?parent=491"}],"wp:term":[{"taxonomy":"product_brand","embeddable":true,"href":"https:\/\/glassbottlewholesale.com\/nl\/wp-json\/wp\/v2\/product_brand?post=491"},{"taxonomy":"product_cat","embeddable":true,"href":"https:\/\/glassbottlewholesale.com\/nl\/wp-json\/wp\/v2\/product_cat?post=491"},{"taxonomy":"product_tag","embeddable":true,"href":"https:\/\/glassbottlewholesale.com\/nl\/wp-json\/wp\/v2\/product_tag?post=491"}],"curies":[{"name":"wp","href":"https:\/\/api.w.org\/{rel}","templated":true}]}}