{"id":540,"date":"2019-10-15T13:15:38","date_gmt":"2019-10-15T13:15:38","guid":{"rendered":"https:\/\/queenchingglass.com\/?post_type=product&#038;p=540"},"modified":"2025-07-10T01:25:09","modified_gmt":"2025-07-10T01:25:09","slug":"groothandel-70cl-ronde-whiskyfles-met-lange-hals-en-kurk","status":"publish","type":"product","link":"https:\/\/glassbottlewholesale.com\/nl\/groothandel-70cl-ronde-whiskyfles-met-lange-hals-en-kurk\/","title":{"rendered":"RS086: Groothandel 70cl Ronde Whiskyfles met lange hals en kurk"},"content":{"rendered":"<div class=\"wpb-content-wrapper\"><div class=\"vc_row wpb_row vc_row-fluid\"><div class=\"wpb_column vc_column_container vc_col-sm-12\"><div class=\"vc_column-inner\"><div class=\"wpb_wrapper\">\n\t<div class=\"wpb_text_column wpb_content_element\" >\n\t\t<div class=\"wpb_wrapper\">\n\t\t\t<p><strong>RS whisky flessen in bulk 70cl,\u00a0<\/strong>Het aannemen van hoge vuursteen glas grondstof waardoor de glazen whisky fles groothandel duidelijker, duurzamer en gladder dan andere glazen flessen, voornamelijk gebruikt in likeur, whisky, wodka, drank, water en andere vloeibare pakketten.<\/p>\n<p>Deze 70cl ronde whiskyflessen hebben een lange hals. We accepteren ook aangepaste glazen whiskyflessen. In deze aangepaste glazen fles service, kunt u op maat verschillende glazen fles vormen, zoals ronde vorm, vierkante vorm, stroomlijnen vorm, schedel vorm en etc. Verschillende glazen fles capaciteit is beschikbaar 50ml, 100ml, 250ml, 350ml, 500ml, 700ml, 750ml, 1000ml, 1,5 L en anderen. En we accepteren ook aangepaste private label en Logo Service. Wat je nodig hebt is wat we kunnen bieden!<\/p>\n<h4>Verkrijg informatie over de prijs van flessen whisky in bulk<\/h4>\n<ul>\n<li>Naam: Glazen whisky flessen groothandel<\/li>\n<li>Land van herkomst\uff1aChina<\/li>\n<li>Belangrijkste materiaal: hoog vuursteenglas<\/li>\n<li>Kap: Kurk (we kunnen de dop veranderen in schroefdop als je dat nodig hebt)<\/li>\n<li>Referentie: RS086<\/li>\n<li>Aantal stuks: 1x 40\u2033 GP<\/li>\n<li>Inhoud: 700ml<\/li>\n<li>Verpakkingsmethode: De uitvoer standaardkarton\/Pallet\/uitvoer standaardkarton en pallet<\/li>\n<li>Oorsprong van de plaats: Shandong, China<\/li>\n<li>Eigenschap: Milieuvriendelijk<\/li>\n<\/ul>\n<p>Er zijn ongeveer meer dan 500 werknemers in onze fabriek en ongeveer 30 QC om de glazen drinkflessen groothandel kwaliteit te controleren. Alle lege whiskyflessen worden ge\u00ebxporteerd nadat ze de QC hebben doorstaan.<\/p>\n<p>En er is ook een groep geschoolde ingenieurs, en zij zullen het werk voor flessentekening, etiketontwerp doen, en de vragen tussen de verkoop en de klanten oplossen. Met rijke ervaring, hebben we een goede reputatie over de hele wereld.<\/p>\n<p>Onze belangrijkste producten zijn glazen flessen van topkwaliteit, zoals wodkaflessen, brandyflessen, whiskyflessen, likeurflessen, rumflessen enzovoort. We bieden ook amberkleurige glazen flessen, groene flessen en transparante flessen aan.<\/p>\n<p>Als je ge\u00efnteresseerd bent in onze 70cl ronde whiskyflessen met lange hals en deksels, ga dan naar<a href=\"https:\/\/ruishengglassco.com\/contact\"> contact met ons opnemen.<\/a> Als je glazen flessen op maat wilt maken, neem dan ook contact met ons op. We zijn erg blij met je aanvraag voor de beste glazen whiskyflessen.<\/p>\n\n\t\t<\/div>\n\t<\/div>\n<\/div><\/div><\/div><\/div>\n<\/div>","protected":false},"excerpt":{"rendered":"<p>Ruisheng, een professionele fabrikant van whiskyflessen, houdt zich al meer dan 10 jaar bezig met de productie van whiskyflessen. We produceren een verscheidenheid aan glazen flessen van hoge kwaliteit voor likeur, whisky, brandy, wodka, enz. We hebben een onafhankelijke fabriek voor de productie van whiskyflessen. Onze whiskyfles wordt voornamelijk ge\u00ebxporteerd naar de VS, het Verenigd Koninkrijk, Rusland, Australi\u00eb, enz. Als u ge\u00efnteresseerd bent in bulk whisky flessen prijs, neem dan gerust contact met mij op.<\/p>","protected":false},"featured_media":541,"comment_status":"open","ping_status":"closed","template":"","meta":[],"product_brand":[],"product_cat":[55,63,68],"product_tag":[],"class_list":{"0":"post-540","1":"product","2":"type-product","3":"status-publish","4":"has-post-thumbnail","6":"product_cat-custom-glass-bottle","7":"product_cat-liquor-bottle","8":"product_cat-whiskey-bottle","9":"entry","10":"has-media","12":"first","13":"instock","14":"shipping-taxable","15":"product-type-simple"},"yoast_head":"<!-- This site is optimized with the Yoast SEO plugin v27.3 - https:\/\/yoast.com\/product\/yoast-seo-wordpress\/ -->\n<title>Bulk Whiskey Bottles Price | Custom Long Neck Glass Bottles-RS<\/title>\n<meta name=\"description\" content=\"Ruisheng, top liquor bottle manufacturer, custom long neck glass bottles for Whsikey, Brandy, Vodka, and other liquor. Get Bulk Whiskey Bottles Price Here.\" \/>\n<meta name=\"robots\" content=\"index, follow, max-snippet:-1, max-image-preview:large, max-video-preview:-1\" \/>\n<link rel=\"canonical\" href=\"https:\/\/ruishengglassco.com\/product\/rs086-wholesale-70cl-long-neck-round-whiskey-bottle-corked\" \/>\n<meta property=\"og:locale\" content=\"nl_NL\" \/>\n<meta property=\"og:type\" content=\"article\" \/>\n<meta property=\"og:title\" content=\"Bulk Whiskey Bottles Price | Custom Long Neck Glass Bottles-RS\" \/>\n<meta property=\"og:description\" content=\"Ruisheng, top liquor bottle manufacturer, custom long neck glass bottles for Whsikey, Brandy, Vodka, and other liquor. Get Bulk Whiskey Bottles Price Here.\" \/>\n<meta property=\"og:url\" content=\"https:\/\/ruishengglassco.com\/product\/rs086-wholesale-70cl-long-neck-round-whiskey-bottle-corked\" \/>\n<meta property=\"og:site_name\" content=\"Glass Bottle Wholesale\" \/>\n<meta property=\"article:modified_time\" content=\"2025-07-10T01:25:09+00:00\" \/>\n<meta property=\"og:image\" content=\"https:\/\/glassbottlewholesale.com\/wp-content\/uploads\/2019\/10\/\u5a01\u58eb\u5fcc3.jpg\" \/>\n\t<meta property=\"og:image:width\" content=\"400\" \/>\n\t<meta property=\"og:image:height\" content=\"400\" \/>\n\t<meta property=\"og:image:type\" content=\"image\/jpeg\" \/>\n<meta name=\"twitter:card\" content=\"summary_large_image\" \/>\n<meta name=\"twitter:label1\" content=\"Geschatte leestijd\" \/>\n\t<meta name=\"twitter:data1\" content=\"2 minuten\" \/>\n<script type=\"application\/ld+json\" class=\"yoast-schema-graph\">{\"@context\":\"https:\\\/\\\/schema.org\",\"@graph\":[{\"@type\":\"WebPage\",\"@id\":\"https:\\\/\\\/glassbottlewholesale.com\\\/wholesale-70cl-long-neck-round-whiskey-bottle-corked\\\/\",\"url\":\"https:\\\/\\\/ruishengglassco.com\\\/product\\\/rs086-wholesale-70cl-long-neck-round-whiskey-bottle-corked\",\"name\":\"Bulk Whiskey Bottles Price | Custom Long Neck Glass Bottles-RS\",\"isPartOf\":{\"@id\":\"https:\\\/\\\/glassbottlewholesale.com\\\/#website\"},\"primaryImageOfPage\":{\"@id\":\"https:\\\/\\\/ruishengglassco.com\\\/product\\\/rs086-wholesale-70cl-long-neck-round-whiskey-bottle-corked#primaryimage\"},\"image\":{\"@id\":\"https:\\\/\\\/ruishengglassco.com\\\/product\\\/rs086-wholesale-70cl-long-neck-round-whiskey-bottle-corked#primaryimage\"},\"thumbnailUrl\":\"https:\\\/\\\/glassbottlewholesale.com\\\/wp-content\\\/uploads\\\/2019\\\/10\\\/\u5a01\u58eb\u5fcc3.jpg\",\"datePublished\":\"2019-10-15T13:15:38+00:00\",\"dateModified\":\"2025-07-10T01:25:09+00:00\",\"description\":\"Ruisheng, top liquor bottle manufacturer, custom long neck glass bottles for Whsikey, Brandy, Vodka, and other liquor. Get Bulk Whiskey Bottles Price Here.\",\"breadcrumb\":{\"@id\":\"https:\\\/\\\/ruishengglassco.com\\\/product\\\/rs086-wholesale-70cl-long-neck-round-whiskey-bottle-corked#breadcrumb\"},\"inLanguage\":\"nl-NL\",\"potentialAction\":[{\"@type\":\"ReadAction\",\"target\":[\"https:\\\/\\\/ruishengglassco.com\\\/product\\\/rs086-wholesale-70cl-long-neck-round-whiskey-bottle-corked\"]}]},{\"@type\":\"ImageObject\",\"inLanguage\":\"nl-NL\",\"@id\":\"https:\\\/\\\/ruishengglassco.com\\\/product\\\/rs086-wholesale-70cl-long-neck-round-whiskey-bottle-corked#primaryimage\",\"url\":\"https:\\\/\\\/glassbottlewholesale.com\\\/wp-content\\\/uploads\\\/2019\\\/10\\\/\u5a01\u58eb\u5fcc3.jpg\",\"contentUrl\":\"https:\\\/\\\/glassbottlewholesale.com\\\/wp-content\\\/uploads\\\/2019\\\/10\\\/\u5a01\u58eb\u5fcc3.jpg\",\"width\":400,\"height\":400,\"caption\":\"Wholesale 70cl Long Neck Round Whiskey Bottle Corked\"},{\"@type\":\"BreadcrumbList\",\"@id\":\"https:\\\/\\\/ruishengglassco.com\\\/product\\\/rs086-wholesale-70cl-long-neck-round-whiskey-bottle-corked#breadcrumb\",\"itemListElement\":[{\"@type\":\"ListItem\",\"position\":1,\"name\":\"Home\",\"item\":\"https:\\\/\\\/glassbottlewholesale.com\\\/\"},{\"@type\":\"ListItem\",\"position\":2,\"name\":\"Products\",\"item\":\"https:\\\/\\\/glassbottlewholesale.com\\\/shop\\\/\"},{\"@type\":\"ListItem\",\"position\":3,\"name\":\"RS086: Wholesale 70cl Long Neck Round Whiskey Bottle Corked\"}]},{\"@type\":\"WebSite\",\"@id\":\"https:\\\/\\\/glassbottlewholesale.com\\\/#website\",\"url\":\"https:\\\/\\\/glassbottlewholesale.com\\\/\",\"name\":\"Glass Bottle Wholesale\",\"description\":\"\",\"publisher\":{\"@id\":\"https:\\\/\\\/glassbottlewholesale.com\\\/#organization\"},\"potentialAction\":[{\"@type\":\"SearchAction\",\"target\":{\"@type\":\"EntryPoint\",\"urlTemplate\":\"https:\\\/\\\/glassbottlewholesale.com\\\/?s={search_term_string}\"},\"query-input\":{\"@type\":\"PropertyValueSpecification\",\"valueRequired\":true,\"valueName\":\"search_term_string\"}}],\"inLanguage\":\"nl-NL\"},{\"@type\":\"Organization\",\"@id\":\"https:\\\/\\\/glassbottlewholesale.com\\\/#organization\",\"name\":\"Glass Bottle Wholesale\",\"url\":\"https:\\\/\\\/glassbottlewholesale.com\\\/\",\"logo\":{\"@type\":\"ImageObject\",\"inLanguage\":\"nl-NL\",\"@id\":\"https:\\\/\\\/glassbottlewholesale.com\\\/#\\\/schema\\\/logo\\\/image\\\/\",\"url\":\"https:\\\/\\\/glassbottlewholesale.com\\\/wp-content\\\/uploads\\\/2023\\\/12\\\/ruisheng-logo.webp\",\"contentUrl\":\"https:\\\/\\\/glassbottlewholesale.com\\\/wp-content\\\/uploads\\\/2023\\\/12\\\/ruisheng-logo.webp\",\"width\":400,\"height\":233,\"caption\":\"Glass Bottle Wholesale\"},\"image\":{\"@id\":\"https:\\\/\\\/glassbottlewholesale.com\\\/#\\\/schema\\\/logo\\\/image\\\/\"}}]}<\/script>\n<!-- \/ Yoast SEO plugin. -->","yoast_head_json":{"title":"Bulk Whisky Flessen Prijs | Aangepaste Lange Hals Glazen Flessen-RS","description":"Ruisheng, top drank fles fabrikant, aangepaste lange hals glazen flessen voor Whsikey, Brandy, Wodka en andere drank. Krijg hier de prijs van flessen whisky in bulk.","robots":{"index":"index","follow":"follow","max-snippet":"max-snippet:-1","max-image-preview":"max-image-preview:large","max-video-preview":"max-video-preview:-1"},"canonical":"https:\/\/ruishengglassco.com\/product\/rs086-wholesale-70cl-long-neck-round-whiskey-bottle-corked","og_locale":"nl_NL","og_type":"article","og_title":"Bulk Whiskey Bottles Price | Custom Long Neck Glass Bottles-RS","og_description":"Ruisheng, top liquor bottle manufacturer, custom long neck glass bottles for Whsikey, Brandy, Vodka, and other liquor. Get Bulk Whiskey Bottles Price Here.","og_url":"https:\/\/ruishengglassco.com\/product\/rs086-wholesale-70cl-long-neck-round-whiskey-bottle-corked","og_site_name":"Glass Bottle Wholesale","article_modified_time":"2025-07-10T01:25:09+00:00","og_image":[{"width":400,"height":400,"url":"https:\/\/glassbottlewholesale.com\/wp-content\/uploads\/2019\/10\/\u5a01\u58eb\u5fcc3.jpg","type":"image\/jpeg"}],"twitter_card":"summary_large_image","twitter_misc":{"Geschatte leestijd":"2 minuten"},"schema":{"@context":"https:\/\/schema.org","@graph":[{"@type":"WebPage","@id":"https:\/\/glassbottlewholesale.com\/wholesale-70cl-long-neck-round-whiskey-bottle-corked\/","url":"https:\/\/ruishengglassco.com\/product\/rs086-wholesale-70cl-long-neck-round-whiskey-bottle-corked","name":"Bulk Whisky Flessen Prijs | Aangepaste Lange Hals Glazen Flessen-RS","isPartOf":{"@id":"https:\/\/glassbottlewholesale.com\/#website"},"primaryImageOfPage":{"@id":"https:\/\/ruishengglassco.com\/product\/rs086-wholesale-70cl-long-neck-round-whiskey-bottle-corked#primaryimage"},"image":{"@id":"https:\/\/ruishengglassco.com\/product\/rs086-wholesale-70cl-long-neck-round-whiskey-bottle-corked#primaryimage"},"thumbnailUrl":"https:\/\/glassbottlewholesale.com\/wp-content\/uploads\/2019\/10\/\u5a01\u58eb\u5fcc3.jpg","datePublished":"2019-10-15T13:15:38+00:00","dateModified":"2025-07-10T01:25:09+00:00","description":"Ruisheng, top drank fles fabrikant, aangepaste lange hals glazen flessen voor Whsikey, Brandy, Wodka en andere drank. Krijg hier de prijs van flessen whisky in bulk.","breadcrumb":{"@id":"https:\/\/ruishengglassco.com\/product\/rs086-wholesale-70cl-long-neck-round-whiskey-bottle-corked#breadcrumb"},"inLanguage":"nl-NL","potentialAction":[{"@type":"ReadAction","target":["https:\/\/ruishengglassco.com\/product\/rs086-wholesale-70cl-long-neck-round-whiskey-bottle-corked"]}]},{"@type":"ImageObject","inLanguage":"nl-NL","@id":"https:\/\/ruishengglassco.com\/product\/rs086-wholesale-70cl-long-neck-round-whiskey-bottle-corked#primaryimage","url":"https:\/\/glassbottlewholesale.com\/wp-content\/uploads\/2019\/10\/\u5a01\u58eb\u5fcc3.jpg","contentUrl":"https:\/\/glassbottlewholesale.com\/wp-content\/uploads\/2019\/10\/\u5a01\u58eb\u5fcc3.jpg","width":400,"height":400,"caption":"Wholesale 70cl Long Neck Round Whiskey Bottle Corked"},{"@type":"BreadcrumbList","@id":"https:\/\/ruishengglassco.com\/product\/rs086-wholesale-70cl-long-neck-round-whiskey-bottle-corked#breadcrumb","itemListElement":[{"@type":"ListItem","position":1,"name":"Home","item":"https:\/\/glassbottlewholesale.com\/"},{"@type":"ListItem","position":2,"name":"Products","item":"https:\/\/glassbottlewholesale.com\/shop\/"},{"@type":"ListItem","position":3,"name":"RS086: Wholesale 70cl Long Neck Round Whiskey Bottle Corked"}]},{"@type":"WebSite","@id":"https:\/\/glassbottlewholesale.com\/#website","url":"https:\/\/glassbottlewholesale.com\/","name":"Glass Bottle Wholesale","description":"","publisher":{"@id":"https:\/\/glassbottlewholesale.com\/#organization"},"potentialAction":[{"@type":"SearchAction","target":{"@type":"EntryPoint","urlTemplate":"https:\/\/glassbottlewholesale.com\/?s={search_term_string}"},"query-input":{"@type":"PropertyValueSpecification","valueRequired":true,"valueName":"search_term_string"}}],"inLanguage":"nl-NL"},{"@type":"Organization","@id":"https:\/\/glassbottlewholesale.com\/#organization","name":"Glass Bottle Wholesale","url":"https:\/\/glassbottlewholesale.com\/","logo":{"@type":"ImageObject","inLanguage":"nl-NL","@id":"https:\/\/glassbottlewholesale.com\/#\/schema\/logo\/image\/","url":"https:\/\/glassbottlewholesale.com\/wp-content\/uploads\/2023\/12\/ruisheng-logo.webp","contentUrl":"https:\/\/glassbottlewholesale.com\/wp-content\/uploads\/2023\/12\/ruisheng-logo.webp","width":400,"height":233,"caption":"Glass Bottle Wholesale"},"image":{"@id":"https:\/\/glassbottlewholesale.com\/#\/schema\/logo\/image\/"}}]}},"_links":{"self":[{"href":"https:\/\/glassbottlewholesale.com\/nl\/wp-json\/wp\/v2\/product\/540","targetHints":{"allow":["GET"]}}],"collection":[{"href":"https:\/\/glassbottlewholesale.com\/nl\/wp-json\/wp\/v2\/product"}],"about":[{"href":"https:\/\/glassbottlewholesale.com\/nl\/wp-json\/wp\/v2\/types\/product"}],"replies":[{"embeddable":true,"href":"https:\/\/glassbottlewholesale.com\/nl\/wp-json\/wp\/v2\/comments?post=540"}],"wp:featuredmedia":[{"embeddable":true,"href":"https:\/\/glassbottlewholesale.com\/nl\/wp-json\/wp\/v2\/media\/541"}],"wp:attachment":[{"href":"https:\/\/glassbottlewholesale.com\/nl\/wp-json\/wp\/v2\/media?parent=540"}],"wp:term":[{"taxonomy":"product_brand","embeddable":true,"href":"https:\/\/glassbottlewholesale.com\/nl\/wp-json\/wp\/v2\/product_brand?post=540"},{"taxonomy":"product_cat","embeddable":true,"href":"https:\/\/glassbottlewholesale.com\/nl\/wp-json\/wp\/v2\/product_cat?post=540"},{"taxonomy":"product_tag","embeddable":true,"href":"https:\/\/glassbottlewholesale.com\/nl\/wp-json\/wp\/v2\/product_tag?post=540"}],"curies":[{"name":"wp","href":"https:\/\/api.w.org\/{rel}","templated":true}]}}