{"id":2246,"date":"2020-06-30T07:06:44","date_gmt":"2020-06-30T07:06:44","guid":{"rendered":"https:\/\/glassbottlewholesale.com\/?post_type=product&#038;p=2246"},"modified":"2024-08-23T02:38:00","modified_gmt":"2024-08-23T02:38:00","slug":"garrafas-de-uisque-de-vidro-de-750ml-e-700ml-no-atacado","status":"publish","type":"product","link":"https:\/\/glassbottlewholesale.com\/pt\/garrafas-de-uisque-de-vidro-de-750ml-e-700ml-no-atacado\/","title":{"rendered":"RS041: Garrafas de u\u00edsque de vidro 750ML 700ML atacado"},"content":{"rendered":"<p>Detalhes sobre garrafa de u\u00edsque de vidro no atacado<\/p>\n<ul>\n<li>Item: garrafa de u\u00edsque de vidro de 750ml no atacado<\/li>\n<li>Capacidade: garrafa de vidro de 250ml 500ml 700ml 750ml<\/li>\n<li>Material: material de vidro super s\u00edlex, vidro matera de alta s\u00edlex<\/li>\n<li>Tipo de veda\u00e7\u00e3o: Corti\u00e7a, tampa Guala, tampa de rosca<\/li>\n<li>Superf\u00edcie: Geada, P\u00e9tala, Pintura, Hot Stamping, Gravado, Impress\u00e3o, Gloden, Serigrafia<\/li>\n<li>Amostra: Gr\u00e1tis usando nosso molde existente<\/li>\n<li>Prazo de entrega: 20-30 dias para produtos em massa<\/li>\n<li>Porto: Qingdao, China<\/li>\n<li>Pagamento: T\/T, Paypal, Garantia Comercial<\/li>\n<\/ul>\n<p>Nosso Whiskey Decanter usa material de vidro altamente transparente sem chumbo que inclui aproximadamente areia 70% junto com uma mistura espec\u00edfica de carbonato de s\u00f3dio, calc\u00e1rio e outras subst\u00e2ncias naturais - dependendo das propriedades desejadas no lote. A propor\u00e7\u00e3o razo\u00e1vel de materiais e o processo de queima avan\u00e7ado tornam nossas garrafas de u\u00edsque vazias dur\u00e1veis e dif\u00edceis de danificar. Al\u00e9m disso, nossa garrafa de vidro pode ser reciclada porque \u00e9 um material de vidro inofensivo.<\/p>\n<p>Como fabricante profissional de garrafas de bebidas alco\u00f3licas, <a href=\"https:\/\/glassbottlewholesale.com\/pt\/sobre-nos\/\">Ruisheng<\/a> tem 20 anos de experi\u00eancia na fabrica\u00e7\u00e3o de garrafas de vidro de whisky. Nossa garrafa de u\u00edsque de vidro no atacado \u00e9 exportada para os Estados Unidos, Gr\u00e3-Bretanha, Fran\u00e7a, Canad\u00e1 e outros pa\u00edses. Muitas marcas famosas de whisky s\u00e3o nossos clientes fi\u00e9is. Esperamos sinceramente que nossa garrafa de vidro adicione brilho \u00e0 sua marca de whisky.<\/p>\n<p>&nbsp;<\/p>","protected":false},"excerpt":{"rendered":"<p>Ruisheng, como fabricante profissional de garrafas de vidro, est\u00e1 envolvida na fabrica\u00e7\u00e3o de garrafas de u\u00edsque de vidro no atacado h\u00e1 cerca de 20 anos. Estabelecemos uma oficina de produ\u00e7\u00e3o dedicada \u00e0 produ\u00e7\u00e3o de garrafas de vidro de whisky. A bela cor do u\u00edsque aparece atrav\u00e9s do vidro transparente e funciona com praticamente qualquer u\u00edsque - u\u00edsque escoc\u00eas, u\u00edsque irland\u00eas, u\u00edsque americano e u\u00edsque canadense.<\/p>\n<p>Como fabricante profissional de garrafas de u\u00edsque, nossa empresa oferece servi\u00e7os personalizados de garrafas de vidro. Servi\u00e7o OEM\/ODM oferecido. Se voc\u00ea deseja obter o pre\u00e7o da garrafa de vidro no atacado, clique aqui para entrar em contato conosco.<\/p>","protected":false},"featured_media":4491,"comment_status":"open","ping_status":"closed","template":"","meta":[],"product_brand":[],"product_cat":[51,52,63,68],"product_tag":[],"class_list":{"0":"post-2246","1":"product","2":"type-product","3":"status-publish","4":"has-post-thumbnail","6":"product_cat-700ml-glass-bottle","7":"product_cat-750ml-glass-bottle","8":"product_cat-liquor-bottle","9":"product_cat-whiskey-bottle","10":"entry","11":"has-media","13":"first","14":"instock","15":"shipping-taxable","16":"product-type-simple"},"yoast_head":"<!-- This site is optimized with the Yoast SEO plugin v27.3 - https:\/\/yoast.com\/product\/yoast-seo-wordpress\/ -->\n<title>Wholesale Glass Whiskey Bottle | Empty Glass Bottles Manufacturers<\/title>\n<meta name=\"description\" content=\"Wholesale Glass Whiskey Bottle From China Empty Glass Bottles Manufacturers. Factory Outlet Whiskey Decanters Bulk In Cheap Price.\" \/>\n<meta name=\"robots\" content=\"index, follow, max-snippet:-1, max-image-preview:large, max-video-preview:-1\" \/>\n<link rel=\"canonical\" href=\"https:\/\/ruishengglassco.com\/product\/rs041-750ml-700ml-glass-whiskey-bottles-wholesale\" \/>\n<meta property=\"og:locale\" content=\"pt_PT\" \/>\n<meta property=\"og:type\" content=\"article\" \/>\n<meta property=\"og:title\" content=\"Wholesale Glass Whiskey Bottle | Empty Glass Bottles Manufacturers\" \/>\n<meta property=\"og:description\" content=\"Wholesale Glass Whiskey Bottle From China Empty Glass Bottles Manufacturers. Factory Outlet Whiskey Decanters Bulk In Cheap Price.\" \/>\n<meta property=\"og:url\" content=\"https:\/\/ruishengglassco.com\/product\/rs041-750ml-700ml-glass-whiskey-bottles-wholesale\" \/>\n<meta property=\"og:site_name\" content=\"Glass Bottle Wholesale\" \/>\n<meta property=\"article:modified_time\" content=\"2024-08-23T02:38:00+00:00\" \/>\n<meta property=\"og:image\" content=\"https:\/\/glassbottlewholesale.com\/wp-content\/uploads\/2024\/01\/rs041-1.jpg\" \/>\n\t<meta property=\"og:image:width\" content=\"800\" \/>\n\t<meta property=\"og:image:height\" content=\"800\" \/>\n\t<meta property=\"og:image:type\" content=\"image\/jpeg\" \/>\n<meta name=\"twitter:card\" content=\"summary_large_image\" \/>\n<meta name=\"twitter:label1\" content=\"Tempo estimado de leitura\" \/>\n\t<meta name=\"twitter:data1\" content=\"2 minutos\" \/>\n<script type=\"application\/ld+json\" class=\"yoast-schema-graph\">{\"@context\":\"https:\\\/\\\/schema.org\",\"@graph\":[{\"@type\":\"WebPage\",\"@id\":\"https:\\\/\\\/glassbottlewholesale.com\\\/750ml-700ml-glass-whiskey-bottles-wholesale\\\/\",\"url\":\"https:\\\/\\\/ruishengglassco.com\\\/product\\\/rs041-750ml-700ml-glass-whiskey-bottles-wholesale\",\"name\":\"Wholesale Glass Whiskey Bottle | Empty Glass Bottles Manufacturers\",\"isPartOf\":{\"@id\":\"https:\\\/\\\/glassbottlewholesale.com\\\/#website\"},\"primaryImageOfPage\":{\"@id\":\"https:\\\/\\\/ruishengglassco.com\\\/product\\\/rs041-750ml-700ml-glass-whiskey-bottles-wholesale#primaryimage\"},\"image\":{\"@id\":\"https:\\\/\\\/ruishengglassco.com\\\/product\\\/rs041-750ml-700ml-glass-whiskey-bottles-wholesale#primaryimage\"},\"thumbnailUrl\":\"https:\\\/\\\/glassbottlewholesale.com\\\/wp-content\\\/uploads\\\/2024\\\/01\\\/rs041-1.jpg\",\"datePublished\":\"2020-06-30T07:06:44+00:00\",\"dateModified\":\"2024-08-23T02:38:00+00:00\",\"description\":\"Wholesale Glass Whiskey Bottle From China Empty Glass Bottles Manufacturers. Factory Outlet Whiskey Decanters Bulk In Cheap Price.\",\"breadcrumb\":{\"@id\":\"https:\\\/\\\/ruishengglassco.com\\\/product\\\/rs041-750ml-700ml-glass-whiskey-bottles-wholesale#breadcrumb\"},\"inLanguage\":\"pt-PT\",\"potentialAction\":[{\"@type\":\"ReadAction\",\"target\":[\"https:\\\/\\\/ruishengglassco.com\\\/product\\\/rs041-750ml-700ml-glass-whiskey-bottles-wholesale\"]}]},{\"@type\":\"ImageObject\",\"inLanguage\":\"pt-PT\",\"@id\":\"https:\\\/\\\/ruishengglassco.com\\\/product\\\/rs041-750ml-700ml-glass-whiskey-bottles-wholesale#primaryimage\",\"url\":\"https:\\\/\\\/glassbottlewholesale.com\\\/wp-content\\\/uploads\\\/2024\\\/01\\\/rs041-1.jpg\",\"contentUrl\":\"https:\\\/\\\/glassbottlewholesale.com\\\/wp-content\\\/uploads\\\/2024\\\/01\\\/rs041-1.jpg\",\"width\":800,\"height\":800,\"caption\":\"RS041: 750ML 700ML Glass Whiskey Bottles Wholesale\"},{\"@type\":\"BreadcrumbList\",\"@id\":\"https:\\\/\\\/ruishengglassco.com\\\/product\\\/rs041-750ml-700ml-glass-whiskey-bottles-wholesale#breadcrumb\",\"itemListElement\":[{\"@type\":\"ListItem\",\"position\":1,\"name\":\"Home\",\"item\":\"https:\\\/\\\/glassbottlewholesale.com\\\/\"},{\"@type\":\"ListItem\",\"position\":2,\"name\":\"Products\",\"item\":\"https:\\\/\\\/glassbottlewholesale.com\\\/shop\\\/\"},{\"@type\":\"ListItem\",\"position\":3,\"name\":\"RS041: 750ML 700ML Glass Whiskey Bottles Wholesale\"}]},{\"@type\":\"WebSite\",\"@id\":\"https:\\\/\\\/glassbottlewholesale.com\\\/#website\",\"url\":\"https:\\\/\\\/glassbottlewholesale.com\\\/\",\"name\":\"Glass Bottle Wholesale\",\"description\":\"\",\"publisher\":{\"@id\":\"https:\\\/\\\/glassbottlewholesale.com\\\/#organization\"},\"potentialAction\":[{\"@type\":\"SearchAction\",\"target\":{\"@type\":\"EntryPoint\",\"urlTemplate\":\"https:\\\/\\\/glassbottlewholesale.com\\\/?s={search_term_string}\"},\"query-input\":{\"@type\":\"PropertyValueSpecification\",\"valueRequired\":true,\"valueName\":\"search_term_string\"}}],\"inLanguage\":\"pt-PT\"},{\"@type\":\"Organization\",\"@id\":\"https:\\\/\\\/glassbottlewholesale.com\\\/#organization\",\"name\":\"Glass Bottle Wholesale\",\"url\":\"https:\\\/\\\/glassbottlewholesale.com\\\/\",\"logo\":{\"@type\":\"ImageObject\",\"inLanguage\":\"pt-PT\",\"@id\":\"https:\\\/\\\/glassbottlewholesale.com\\\/#\\\/schema\\\/logo\\\/image\\\/\",\"url\":\"https:\\\/\\\/glassbottlewholesale.com\\\/wp-content\\\/uploads\\\/2023\\\/12\\\/ruisheng-logo.webp\",\"contentUrl\":\"https:\\\/\\\/glassbottlewholesale.com\\\/wp-content\\\/uploads\\\/2023\\\/12\\\/ruisheng-logo.webp\",\"width\":400,\"height\":233,\"caption\":\"Glass Bottle Wholesale\"},\"image\":{\"@id\":\"https:\\\/\\\/glassbottlewholesale.com\\\/#\\\/schema\\\/logo\\\/image\\\/\"}}]}<\/script>\n<!-- \/ Yoast SEO plugin. -->","yoast_head_json":{"title":"Garrafa de u\u00edsque de vidro por atacado | Fabricantes de garrafas de vidro vazias","description":"Garrafa de u\u00edsque de vidro por atacado dos fabricantes de garrafas de vidro vazias da China. Decantadores de u\u00edsque de sa\u00edda de f\u00e1brica a granel com pre\u00e7o barato.","robots":{"index":"index","follow":"follow","max-snippet":"max-snippet:-1","max-image-preview":"max-image-preview:large","max-video-preview":"max-video-preview:-1"},"canonical":"https:\/\/ruishengglassco.com\/product\/rs041-750ml-700ml-glass-whiskey-bottles-wholesale","og_locale":"pt_PT","og_type":"article","og_title":"Wholesale Glass Whiskey Bottle | Empty Glass Bottles Manufacturers","og_description":"Wholesale Glass Whiskey Bottle From China Empty Glass Bottles Manufacturers. Factory Outlet Whiskey Decanters Bulk In Cheap Price.","og_url":"https:\/\/ruishengglassco.com\/product\/rs041-750ml-700ml-glass-whiskey-bottles-wholesale","og_site_name":"Glass Bottle Wholesale","article_modified_time":"2024-08-23T02:38:00+00:00","og_image":[{"width":800,"height":800,"url":"https:\/\/glassbottlewholesale.com\/wp-content\/uploads\/2024\/01\/rs041-1.jpg","type":"image\/jpeg"}],"twitter_card":"summary_large_image","twitter_misc":{"Tempo estimado de leitura":"2 minutos"},"schema":{"@context":"https:\/\/schema.org","@graph":[{"@type":"WebPage","@id":"https:\/\/glassbottlewholesale.com\/750ml-700ml-glass-whiskey-bottles-wholesale\/","url":"https:\/\/ruishengglassco.com\/product\/rs041-750ml-700ml-glass-whiskey-bottles-wholesale","name":"Garrafa de u\u00edsque de vidro por atacado | Fabricantes de garrafas de vidro vazias","isPartOf":{"@id":"https:\/\/glassbottlewholesale.com\/#website"},"primaryImageOfPage":{"@id":"https:\/\/ruishengglassco.com\/product\/rs041-750ml-700ml-glass-whiskey-bottles-wholesale#primaryimage"},"image":{"@id":"https:\/\/ruishengglassco.com\/product\/rs041-750ml-700ml-glass-whiskey-bottles-wholesale#primaryimage"},"thumbnailUrl":"https:\/\/glassbottlewholesale.com\/wp-content\/uploads\/2024\/01\/rs041-1.jpg","datePublished":"2020-06-30T07:06:44+00:00","dateModified":"2024-08-23T02:38:00+00:00","description":"Garrafa de u\u00edsque de vidro por atacado dos fabricantes de garrafas de vidro vazias da China. Decantadores de u\u00edsque de sa\u00edda de f\u00e1brica a granel com pre\u00e7o barato.","breadcrumb":{"@id":"https:\/\/ruishengglassco.com\/product\/rs041-750ml-700ml-glass-whiskey-bottles-wholesale#breadcrumb"},"inLanguage":"pt-PT","potentialAction":[{"@type":"ReadAction","target":["https:\/\/ruishengglassco.com\/product\/rs041-750ml-700ml-glass-whiskey-bottles-wholesale"]}]},{"@type":"ImageObject","inLanguage":"pt-PT","@id":"https:\/\/ruishengglassco.com\/product\/rs041-750ml-700ml-glass-whiskey-bottles-wholesale#primaryimage","url":"https:\/\/glassbottlewholesale.com\/wp-content\/uploads\/2024\/01\/rs041-1.jpg","contentUrl":"https:\/\/glassbottlewholesale.com\/wp-content\/uploads\/2024\/01\/rs041-1.jpg","width":800,"height":800,"caption":"RS041: 750ML 700ML Glass Whiskey Bottles Wholesale"},{"@type":"BreadcrumbList","@id":"https:\/\/ruishengglassco.com\/product\/rs041-750ml-700ml-glass-whiskey-bottles-wholesale#breadcrumb","itemListElement":[{"@type":"ListItem","position":1,"name":"Home","item":"https:\/\/glassbottlewholesale.com\/"},{"@type":"ListItem","position":2,"name":"Products","item":"https:\/\/glassbottlewholesale.com\/shop\/"},{"@type":"ListItem","position":3,"name":"RS041: 750ML 700ML Glass Whiskey Bottles Wholesale"}]},{"@type":"WebSite","@id":"https:\/\/glassbottlewholesale.com\/#website","url":"https:\/\/glassbottlewholesale.com\/","name":"Glass Bottle Wholesale","description":"","publisher":{"@id":"https:\/\/glassbottlewholesale.com\/#organization"},"potentialAction":[{"@type":"SearchAction","target":{"@type":"EntryPoint","urlTemplate":"https:\/\/glassbottlewholesale.com\/?s={search_term_string}"},"query-input":{"@type":"PropertyValueSpecification","valueRequired":true,"valueName":"search_term_string"}}],"inLanguage":"pt-PT"},{"@type":"Organization","@id":"https:\/\/glassbottlewholesale.com\/#organization","name":"Glass Bottle Wholesale","url":"https:\/\/glassbottlewholesale.com\/","logo":{"@type":"ImageObject","inLanguage":"pt-PT","@id":"https:\/\/glassbottlewholesale.com\/#\/schema\/logo\/image\/","url":"https:\/\/glassbottlewholesale.com\/wp-content\/uploads\/2023\/12\/ruisheng-logo.webp","contentUrl":"https:\/\/glassbottlewholesale.com\/wp-content\/uploads\/2023\/12\/ruisheng-logo.webp","width":400,"height":233,"caption":"Glass Bottle Wholesale"},"image":{"@id":"https:\/\/glassbottlewholesale.com\/#\/schema\/logo\/image\/"}}]}},"_links":{"self":[{"href":"https:\/\/glassbottlewholesale.com\/pt\/wp-json\/wp\/v2\/product\/2246","targetHints":{"allow":["GET"]}}],"collection":[{"href":"https:\/\/glassbottlewholesale.com\/pt\/wp-json\/wp\/v2\/product"}],"about":[{"href":"https:\/\/glassbottlewholesale.com\/pt\/wp-json\/wp\/v2\/types\/product"}],"replies":[{"embeddable":true,"href":"https:\/\/glassbottlewholesale.com\/pt\/wp-json\/wp\/v2\/comments?post=2246"}],"wp:featuredmedia":[{"embeddable":true,"href":"https:\/\/glassbottlewholesale.com\/pt\/wp-json\/wp\/v2\/media\/4491"}],"wp:attachment":[{"href":"https:\/\/glassbottlewholesale.com\/pt\/wp-json\/wp\/v2\/media?parent=2246"}],"wp:term":[{"taxonomy":"product_brand","embeddable":true,"href":"https:\/\/glassbottlewholesale.com\/pt\/wp-json\/wp\/v2\/product_brand?post=2246"},{"taxonomy":"product_cat","embeddable":true,"href":"https:\/\/glassbottlewholesale.com\/pt\/wp-json\/wp\/v2\/product_cat?post=2246"},{"taxonomy":"product_tag","embeddable":true,"href":"https:\/\/glassbottlewholesale.com\/pt\/wp-json\/wp\/v2\/product_tag?post=2246"}],"curies":[{"name":"wp","href":"https:\/\/api.w.org\/{rel}","templated":true}]}}