{"id":2253,"date":"2020-08-31T01:40:52","date_gmt":"2020-08-31T01:40:52","guid":{"rendered":"https:\/\/glassbottlewholesale.com\/?post_type=product&#038;p=2253"},"modified":"2024-08-10T19:43:03","modified_gmt":"2024-08-10T19:43:03","slug":"500ml-750ml-clear-vodka-bottles","status":"publish","type":"product","link":"https:\/\/glassbottlewholesale.com\/pt\/500ml-750ml-clear-vodka-bottles\/","title":{"rendered":"RS039: Garrafas de vodka transparentes de 500ml e 750ml"},"content":{"rendered":"<h2>Detailed Information About 500ml 750ml Clear Vodka Bottles Wholesale<\/h2>\n<p>Esses <strong>500ml 750ml Clear Vodka Bottles Wholesale<\/strong> can be customized in any way you need them to be, and with so many options for customization available, your product is sure to stand out as unique among the others on the shelf. We offer decal labels, printed logos, engraving, embossing, frosting, and electroplating along with the ability to customize the printing of retail cartons and even the style of the corks. The bottles are designed to the highest quality standards, ensuring that they won&#8217;t break either in transit to the sales destination or when your customer takes them home. The sturdy nature and potential for attractive customization of these liquor bottles bring with them the opportunity for customers who enjoy collecting liquor bottles to take a special interest in your product, making you more likely to make a sale.<\/p>","protected":false},"excerpt":{"rendered":"<p>When you&#8217;re looking to get into the sale of your liquor, you&#8217;ll need the right bottles for the job. Kickstart your alcohol business with the proper containers using the 500ml 750ml Clear Vodka Bottles Wholesale. These clear glass bottles are able to hold between 500 and 750 milliliters of vodka at a time, letting you easily keep track of the amount that you fill bottles within each batch. The clarity of the wholesale vodka bottles is crystal clear, allowing your customers to easily see through the glass to the color of the liquid. The transparency allows for whatever you want the bottle to say on the front to be clearly visible, no matter how you choose to customize it.<\/p>\n<h4>Order Information About 500ml 750ml Clear Vodka Bottle Wholesale<\/h4>\n<ul>\n<li>Product Name: 500ml 750ml Extra White Flint Glass Vodka bottles<\/li>\n<li><span class=\"attr-name J-attr-name\" title=\"Model Number\">N\u00famero do modelo: <\/span>RS039<\/li>\n<li><span style=\"color: #ff0000;\"><strong><span class=\"mceItemHidden\"><span class=\"hiddenSpellError\">Quantidade m\u00ednima<\/span>: 10000 PCS<\/span><\/strong><\/span><\/li>\n<li>Service: we can meet all your requirements including printing logo, decal labels, embossing, engraving, electroplating, frosting, painting and you can customize printing retail cartons and cork style<\/li>\n<li>Marca: RS<\/li>\n<li>Material: Crystal white material, extremely white material<\/li>\n<li>Specification: 50ml-3500ml<\/li>\n<li>Feature: High quality, more transparent, unbreakable, recyclable<\/li>\n<li>Sample: Free if use our existing mold.<\/li>\n<li>Standard: ISO9001:2008, ISO14001:2004<\/li>\n<li>M\u00e9todo de embalagem: Embalagem padr\u00e3o de exporta\u00e7\u00e3o ou embalagem personalizada<\/li>\n<li>Payment Term: T\/T, L\/C, Western Union, Paypal.<\/li>\n<li>Delivery Time: Within 20-30 days according to your required size &amp; quantity.<\/li>\n<\/ul>","protected":false},"featured_media":4412,"comment_status":"open","ping_status":"closed","template":"","meta":[],"product_brand":[],"product_cat":[50,52,63,67],"product_tag":[],"class_list":{"0":"post-2253","1":"product","2":"type-product","3":"status-publish","4":"has-post-thumbnail","6":"product_cat-500ml-glass-bottle","7":"product_cat-750ml-glass-bottle","8":"product_cat-liquor-bottle","9":"product_cat-vodka-bottle","10":"entry","11":"has-media","13":"first","14":"instock","15":"shipping-taxable","16":"product-type-simple"},"yoast_head":"<!-- This site is optimized with the Yoast SEO plugin v27.3 - https:\/\/yoast.com\/product\/yoast-seo-wordpress\/ -->\n<title>500ml 750ml Clear Vodka Bottles Wholesale | China Spirit Bottle Factory<\/title>\n<meta name=\"description\" content=\"Buy 500ml 750ml Clear Vodka Bottles Wholesale From China Spirit Bottle Factory. Factory Outlet And Save Cost.\" \/>\n<meta name=\"robots\" content=\"index, follow, max-snippet:-1, max-image-preview:large, max-video-preview:-1\" \/>\n<link rel=\"canonical\" href=\"https:\/\/ruishengglassco.com\/product\/rs039-500ml-750ml-clear-vodka-bottles\" \/>\n<meta property=\"og:locale\" content=\"pt_PT\" \/>\n<meta property=\"og:type\" content=\"article\" \/>\n<meta property=\"og:title\" content=\"500ml 750ml Clear Vodka Bottles Wholesale | China Spirit Bottle Factory\" \/>\n<meta property=\"og:description\" content=\"Buy 500ml 750ml Clear Vodka Bottles Wholesale From China Spirit Bottle Factory. Factory Outlet And Save Cost.\" \/>\n<meta property=\"og:url\" content=\"https:\/\/ruishengglassco.com\/product\/rs039-500ml-750ml-clear-vodka-bottles\" \/>\n<meta property=\"og:site_name\" content=\"Glass Bottle Wholesale\" \/>\n<meta property=\"article:modified_time\" content=\"2024-08-10T19:43:03+00:00\" \/>\n<meta property=\"og:image\" content=\"https:\/\/glassbottlewholesale.com\/wp-content\/uploads\/2023\/12\/liquor-bottle-wholesale750ml-\u8d35\u65cf\u65b9\u74f6-1-1.jpg\" \/>\n\t<meta property=\"og:image:width\" content=\"800\" \/>\n\t<meta property=\"og:image:height\" content=\"800\" \/>\n\t<meta property=\"og:image:type\" content=\"image\/jpeg\" \/>\n<meta name=\"twitter:card\" content=\"summary_large_image\" \/>\n<meta name=\"twitter:label1\" content=\"Tempo estimado de leitura\" \/>\n\t<meta name=\"twitter:data1\" content=\"1 minuto\" \/>\n<script type=\"application\/ld+json\" class=\"yoast-schema-graph\">{\"@context\":\"https:\\\/\\\/schema.org\",\"@graph\":[{\"@type\":\"WebPage\",\"@id\":\"https:\\\/\\\/glassbottlewholesale.com\\\/500ml-750ml-clear-vodka-bottles\\\/\",\"url\":\"https:\\\/\\\/ruishengglassco.com\\\/product\\\/rs039-500ml-750ml-clear-vodka-bottles\",\"name\":\"500ml 750ml Clear Vodka Bottles Wholesale | China Spirit Bottle Factory\",\"isPartOf\":{\"@id\":\"https:\\\/\\\/glassbottlewholesale.com\\\/#website\"},\"primaryImageOfPage\":{\"@id\":\"https:\\\/\\\/ruishengglassco.com\\\/product\\\/rs039-500ml-750ml-clear-vodka-bottles#primaryimage\"},\"image\":{\"@id\":\"https:\\\/\\\/ruishengglassco.com\\\/product\\\/rs039-500ml-750ml-clear-vodka-bottles#primaryimage\"},\"thumbnailUrl\":\"https:\\\/\\\/glassbottlewholesale.com\\\/wp-content\\\/uploads\\\/2023\\\/12\\\/liquor-bottle-wholesale750ml-\u8d35\u65cf\u65b9\u74f6-1-1.jpg\",\"datePublished\":\"2020-08-31T01:40:52+00:00\",\"dateModified\":\"2024-08-10T19:43:03+00:00\",\"description\":\"Buy 500ml 750ml Clear Vodka Bottles Wholesale From China Spirit Bottle Factory. Factory Outlet And Save Cost.\",\"breadcrumb\":{\"@id\":\"https:\\\/\\\/ruishengglassco.com\\\/product\\\/rs039-500ml-750ml-clear-vodka-bottles#breadcrumb\"},\"inLanguage\":\"pt-PT\",\"potentialAction\":[{\"@type\":\"ReadAction\",\"target\":[\"https:\\\/\\\/ruishengglassco.com\\\/product\\\/rs039-500ml-750ml-clear-vodka-bottles\"]}]},{\"@type\":\"ImageObject\",\"inLanguage\":\"pt-PT\",\"@id\":\"https:\\\/\\\/ruishengglassco.com\\\/product\\\/rs039-500ml-750ml-clear-vodka-bottles#primaryimage\",\"url\":\"https:\\\/\\\/glassbottlewholesale.com\\\/wp-content\\\/uploads\\\/2023\\\/12\\\/liquor-bottle-wholesale750ml-\u8d35\u65cf\u65b9\u74f6-1-1.jpg\",\"contentUrl\":\"https:\\\/\\\/glassbottlewholesale.com\\\/wp-content\\\/uploads\\\/2023\\\/12\\\/liquor-bottle-wholesale750ml-\u8d35\u65cf\u65b9\u74f6-1-1.jpg\",\"width\":800,\"height\":800,\"caption\":\"500ml 750ml Clear Vodka Bottles\"},{\"@type\":\"BreadcrumbList\",\"@id\":\"https:\\\/\\\/ruishengglassco.com\\\/product\\\/rs039-500ml-750ml-clear-vodka-bottles#breadcrumb\",\"itemListElement\":[{\"@type\":\"ListItem\",\"position\":1,\"name\":\"Home\",\"item\":\"https:\\\/\\\/glassbottlewholesale.com\\\/\"},{\"@type\":\"ListItem\",\"position\":2,\"name\":\"Products\",\"item\":\"https:\\\/\\\/glassbottlewholesale.com\\\/shop\\\/\"},{\"@type\":\"ListItem\",\"position\":3,\"name\":\"RS039: 500ml 750ml Clear Vodka Bottles\"}]},{\"@type\":\"WebSite\",\"@id\":\"https:\\\/\\\/glassbottlewholesale.com\\\/#website\",\"url\":\"https:\\\/\\\/glassbottlewholesale.com\\\/\",\"name\":\"Glass Bottle Wholesale\",\"description\":\"\",\"publisher\":{\"@id\":\"https:\\\/\\\/glassbottlewholesale.com\\\/#organization\"},\"potentialAction\":[{\"@type\":\"SearchAction\",\"target\":{\"@type\":\"EntryPoint\",\"urlTemplate\":\"https:\\\/\\\/glassbottlewholesale.com\\\/?s={search_term_string}\"},\"query-input\":{\"@type\":\"PropertyValueSpecification\",\"valueRequired\":true,\"valueName\":\"search_term_string\"}}],\"inLanguage\":\"pt-PT\"},{\"@type\":\"Organization\",\"@id\":\"https:\\\/\\\/glassbottlewholesale.com\\\/#organization\",\"name\":\"Glass Bottle Wholesale\",\"url\":\"https:\\\/\\\/glassbottlewholesale.com\\\/\",\"logo\":{\"@type\":\"ImageObject\",\"inLanguage\":\"pt-PT\",\"@id\":\"https:\\\/\\\/glassbottlewholesale.com\\\/#\\\/schema\\\/logo\\\/image\\\/\",\"url\":\"https:\\\/\\\/glassbottlewholesale.com\\\/wp-content\\\/uploads\\\/2023\\\/12\\\/ruisheng-logo.webp\",\"contentUrl\":\"https:\\\/\\\/glassbottlewholesale.com\\\/wp-content\\\/uploads\\\/2023\\\/12\\\/ruisheng-logo.webp\",\"width\":400,\"height\":233,\"caption\":\"Glass Bottle Wholesale\"},\"image\":{\"@id\":\"https:\\\/\\\/glassbottlewholesale.com\\\/#\\\/schema\\\/logo\\\/image\\\/\"}}]}<\/script>\n<!-- \/ Yoast SEO plugin. -->","yoast_head_json":{"title":"500ml 750ml Clear Vodka Bottles Wholesale | China Spirit Bottle Factory","description":"Buy 500ml 750ml Clear Vodka Bottles Wholesale From China Spirit Bottle Factory. Factory Outlet And Save Cost.","robots":{"index":"index","follow":"follow","max-snippet":"max-snippet:-1","max-image-preview":"max-image-preview:large","max-video-preview":"max-video-preview:-1"},"canonical":"https:\/\/ruishengglassco.com\/product\/rs039-500ml-750ml-clear-vodka-bottles","og_locale":"pt_PT","og_type":"article","og_title":"500ml 750ml Clear Vodka Bottles Wholesale | China Spirit Bottle Factory","og_description":"Buy 500ml 750ml Clear Vodka Bottles Wholesale From China Spirit Bottle Factory. Factory Outlet And Save Cost.","og_url":"https:\/\/ruishengglassco.com\/product\/rs039-500ml-750ml-clear-vodka-bottles","og_site_name":"Glass Bottle Wholesale","article_modified_time":"2024-08-10T19:43:03+00:00","og_image":[{"width":800,"height":800,"url":"https:\/\/glassbottlewholesale.com\/wp-content\/uploads\/2023\/12\/liquor-bottle-wholesale750ml-\u8d35\u65cf\u65b9\u74f6-1-1.jpg","type":"image\/jpeg"}],"twitter_card":"summary_large_image","twitter_misc":{"Tempo estimado de leitura":"1 minuto"},"schema":{"@context":"https:\/\/schema.org","@graph":[{"@type":"WebPage","@id":"https:\/\/glassbottlewholesale.com\/500ml-750ml-clear-vodka-bottles\/","url":"https:\/\/ruishengglassco.com\/product\/rs039-500ml-750ml-clear-vodka-bottles","name":"500ml 750ml Clear Vodka Bottles Wholesale | China Spirit Bottle Factory","isPartOf":{"@id":"https:\/\/glassbottlewholesale.com\/#website"},"primaryImageOfPage":{"@id":"https:\/\/ruishengglassco.com\/product\/rs039-500ml-750ml-clear-vodka-bottles#primaryimage"},"image":{"@id":"https:\/\/ruishengglassco.com\/product\/rs039-500ml-750ml-clear-vodka-bottles#primaryimage"},"thumbnailUrl":"https:\/\/glassbottlewholesale.com\/wp-content\/uploads\/2023\/12\/liquor-bottle-wholesale750ml-\u8d35\u65cf\u65b9\u74f6-1-1.jpg","datePublished":"2020-08-31T01:40:52+00:00","dateModified":"2024-08-10T19:43:03+00:00","description":"Buy 500ml 750ml Clear Vodka Bottles Wholesale From China Spirit Bottle Factory. Factory Outlet And Save Cost.","breadcrumb":{"@id":"https:\/\/ruishengglassco.com\/product\/rs039-500ml-750ml-clear-vodka-bottles#breadcrumb"},"inLanguage":"pt-PT","potentialAction":[{"@type":"ReadAction","target":["https:\/\/ruishengglassco.com\/product\/rs039-500ml-750ml-clear-vodka-bottles"]}]},{"@type":"ImageObject","inLanguage":"pt-PT","@id":"https:\/\/ruishengglassco.com\/product\/rs039-500ml-750ml-clear-vodka-bottles#primaryimage","url":"https:\/\/glassbottlewholesale.com\/wp-content\/uploads\/2023\/12\/liquor-bottle-wholesale750ml-\u8d35\u65cf\u65b9\u74f6-1-1.jpg","contentUrl":"https:\/\/glassbottlewholesale.com\/wp-content\/uploads\/2023\/12\/liquor-bottle-wholesale750ml-\u8d35\u65cf\u65b9\u74f6-1-1.jpg","width":800,"height":800,"caption":"500ml 750ml Clear Vodka Bottles"},{"@type":"BreadcrumbList","@id":"https:\/\/ruishengglassco.com\/product\/rs039-500ml-750ml-clear-vodka-bottles#breadcrumb","itemListElement":[{"@type":"ListItem","position":1,"name":"Home","item":"https:\/\/glassbottlewholesale.com\/"},{"@type":"ListItem","position":2,"name":"Products","item":"https:\/\/glassbottlewholesale.com\/shop\/"},{"@type":"ListItem","position":3,"name":"RS039: 500ml 750ml Clear Vodka Bottles"}]},{"@type":"WebSite","@id":"https:\/\/glassbottlewholesale.com\/#website","url":"https:\/\/glassbottlewholesale.com\/","name":"Glass Bottle Wholesale","description":"","publisher":{"@id":"https:\/\/glassbottlewholesale.com\/#organization"},"potentialAction":[{"@type":"SearchAction","target":{"@type":"EntryPoint","urlTemplate":"https:\/\/glassbottlewholesale.com\/?s={search_term_string}"},"query-input":{"@type":"PropertyValueSpecification","valueRequired":true,"valueName":"search_term_string"}}],"inLanguage":"pt-PT"},{"@type":"Organization","@id":"https:\/\/glassbottlewholesale.com\/#organization","name":"Glass Bottle Wholesale","url":"https:\/\/glassbottlewholesale.com\/","logo":{"@type":"ImageObject","inLanguage":"pt-PT","@id":"https:\/\/glassbottlewholesale.com\/#\/schema\/logo\/image\/","url":"https:\/\/glassbottlewholesale.com\/wp-content\/uploads\/2023\/12\/ruisheng-logo.webp","contentUrl":"https:\/\/glassbottlewholesale.com\/wp-content\/uploads\/2023\/12\/ruisheng-logo.webp","width":400,"height":233,"caption":"Glass Bottle Wholesale"},"image":{"@id":"https:\/\/glassbottlewholesale.com\/#\/schema\/logo\/image\/"}}]}},"_links":{"self":[{"href":"https:\/\/glassbottlewholesale.com\/pt\/wp-json\/wp\/v2\/product\/2253","targetHints":{"allow":["GET"]}}],"collection":[{"href":"https:\/\/glassbottlewholesale.com\/pt\/wp-json\/wp\/v2\/product"}],"about":[{"href":"https:\/\/glassbottlewholesale.com\/pt\/wp-json\/wp\/v2\/types\/product"}],"replies":[{"embeddable":true,"href":"https:\/\/glassbottlewholesale.com\/pt\/wp-json\/wp\/v2\/comments?post=2253"}],"wp:featuredmedia":[{"embeddable":true,"href":"https:\/\/glassbottlewholesale.com\/pt\/wp-json\/wp\/v2\/media\/4412"}],"wp:attachment":[{"href":"https:\/\/glassbottlewholesale.com\/pt\/wp-json\/wp\/v2\/media?parent=2253"}],"wp:term":[{"taxonomy":"product_brand","embeddable":true,"href":"https:\/\/glassbottlewholesale.com\/pt\/wp-json\/wp\/v2\/product_brand?post=2253"},{"taxonomy":"product_cat","embeddable":true,"href":"https:\/\/glassbottlewholesale.com\/pt\/wp-json\/wp\/v2\/product_cat?post=2253"},{"taxonomy":"product_tag","embeddable":true,"href":"https:\/\/glassbottlewholesale.com\/pt\/wp-json\/wp\/v2\/product_tag?post=2253"}],"curies":[{"name":"wp","href":"https:\/\/api.w.org\/{rel}","templated":true}]}}