{"id":2374,"date":"2020-12-02T03:03:21","date_gmt":"2020-12-02T03:03:21","guid":{"rendered":"https:\/\/glassbottlewholesale.com\/?post_type=product&#038;p=2374"},"modified":"2024-03-09T02:35:43","modified_gmt":"2024-03-09T02:35:43","slug":"tamanhos-de-garrafas-de-vodka-por-atacado-500ml-700ml-750ml","status":"publish","type":"product","link":"https:\/\/glassbottlewholesale.com\/pt\/tamanhos-de-garrafas-de-vodka-por-atacado-500ml-700ml-750ml\/","title":{"rendered":"RS034: Tamanhos de garrafas de vodka no atacado 500ml\/700ml\/750ml"},"content":{"rendered":"","protected":false},"excerpt":{"rendered":"<h2>Informa\u00e7\u00f5es sobre a encomenda de uma garrafa de vodka por grosso<\/h2>\n<ul>\n<li>N\u00famero do modelo: RS034<\/li>\n<li>Marca: RUISHENG<\/li>\n<li>Capacidade: 500ml\/700ml\/750ml\/personalizado<\/li>\n<li>Manuseio de superf\u00edcie: decalque<\/li>\n<li>Material: Vidro Super Flint<\/li>\n<li>Material do colar: garrafa de vidro transparente<\/li>\n<li>Tipo de veda\u00e7\u00e3o: Corti\u00e7a<\/li>\n<li>Utilizar: VODKA<\/li>\n<li>Local de origem: Shandong, China<\/li>\n<li>pacote: caixas e paletes padr\u00e3o de exporta\u00e7\u00e3o<\/li>\n<li>Servi\u00e7o: Servi\u00e7o OEM\/ODM<\/li>\n<\/ul>","protected":false},"featured_media":4355,"comment_status":"open","ping_status":"closed","template":"","meta":[],"product_brand":[],"product_cat":[50,51,52,63,67],"product_tag":[],"class_list":{"0":"post-2374","1":"product","2":"type-product","3":"status-publish","4":"has-post-thumbnail","6":"product_cat-500ml-glass-bottle","7":"product_cat-700ml-glass-bottle","8":"product_cat-750ml-glass-bottle","9":"product_cat-liquor-bottle","10":"product_cat-vodka-bottle","11":"entry","12":"has-media","14":"first","15":"instock","16":"shipping-taxable","17":"product-type-simple"},"yoast_head":"<!-- This site is optimized with the Yoast SEO plugin v27.3 - https:\/\/yoast.com\/product\/yoast-seo-wordpress\/ -->\n<title>RS034: Wholesale Vodka Bottle Sizes 500ml\/700ml\/750ml - Glass Bottle Wholesale<\/title>\n<meta name=\"robots\" content=\"index, follow, max-snippet:-1, max-image-preview:large, max-video-preview:-1\" \/>\n<link rel=\"canonical\" href=\"https:\/\/ruishengglassco.com\/product\/rs034-vodka-bottle-sizes-500ml-700ml-750ml\" \/>\n<meta property=\"og:locale\" content=\"pt_PT\" \/>\n<meta property=\"og:type\" content=\"article\" \/>\n<meta property=\"og:title\" content=\"RS034: Wholesale Vodka Bottle Sizes 500ml\/700ml\/750ml - Glass Bottle Wholesale\" \/>\n<meta property=\"og:description\" content=\"Order Information About Wholesale Vodka Bottle   Model Number: RS034  Brand Name: RUISHENG  Capacity: 500ml\/700ml\/750ml\/customized  Surface Handling: Decal  Material: Super Flint Glass  Collar Material: Clear Glass Bottle  Sealing Type: Cork  Use: VODKA  Place of Origin: Shandong, China  package: Standard export cartons and pallets  Service: OEM\/ODM Service\" \/>\n<meta property=\"og:url\" content=\"https:\/\/ruishengglassco.com\/product\/rs034-vodka-bottle-sizes-500ml-700ml-750ml\" \/>\n<meta property=\"og:site_name\" content=\"Glass Bottle Wholesale\" \/>\n<meta property=\"article:modified_time\" content=\"2024-03-09T02:35:43+00:00\" \/>\n<meta property=\"og:image\" content=\"https:\/\/glassbottlewholesale.com\/wp-content\/uploads\/2023\/12\/vodka-bottle-14700ml-glass-bottle-wholesale20231218152937-1.png\" \/>\n\t<meta property=\"og:image:width\" content=\"500\" \/>\n\t<meta property=\"og:image:height\" content=\"500\" \/>\n\t<meta property=\"og:image:type\" content=\"image\/png\" \/>\n<meta name=\"twitter:card\" content=\"summary_large_image\" \/>\n<meta name=\"twitter:label1\" content=\"Tempo estimado de leitura\" \/>\n\t<meta name=\"twitter:data1\" content=\"1 minuto\" \/>\n<script type=\"application\/ld+json\" class=\"yoast-schema-graph\">{\"@context\":\"https:\\\/\\\/schema.org\",\"@graph\":[{\"@type\":\"WebPage\",\"@id\":\"https:\\\/\\\/glassbottlewholesale.com\\\/wholesale-vodka-bottle-sizes-500ml-700ml-750ml\\\/\",\"url\":\"https:\\\/\\\/ruishengglassco.com\\\/product\\\/rs034-vodka-bottle-sizes-500ml-700ml-750ml\",\"name\":\"RS034: Wholesale Vodka Bottle Sizes 500ml\\\/700ml\\\/750ml - Glass Bottle Wholesale\",\"isPartOf\":{\"@id\":\"https:\\\/\\\/glassbottlewholesale.com\\\/#website\"},\"primaryImageOfPage\":{\"@id\":\"https:\\\/\\\/ruishengglassco.com\\\/product\\\/rs034-vodka-bottle-sizes-500ml-700ml-750ml#primaryimage\"},\"image\":{\"@id\":\"https:\\\/\\\/ruishengglassco.com\\\/product\\\/rs034-vodka-bottle-sizes-500ml-700ml-750ml#primaryimage\"},\"thumbnailUrl\":\"https:\\\/\\\/glassbottlewholesale.com\\\/wp-content\\\/uploads\\\/2023\\\/12\\\/vodka-bottle-14700ml-glass-bottle-wholesale20231218152937-1.png\",\"datePublished\":\"2020-12-02T03:03:21+00:00\",\"dateModified\":\"2024-03-09T02:35:43+00:00\",\"breadcrumb\":{\"@id\":\"https:\\\/\\\/ruishengglassco.com\\\/product\\\/rs034-vodka-bottle-sizes-500ml-700ml-750ml#breadcrumb\"},\"inLanguage\":\"pt-PT\",\"potentialAction\":[{\"@type\":\"ReadAction\",\"target\":[\"https:\\\/\\\/ruishengglassco.com\\\/product\\\/rs034-vodka-bottle-sizes-500ml-700ml-750ml\"]}]},{\"@type\":\"ImageObject\",\"inLanguage\":\"pt-PT\",\"@id\":\"https:\\\/\\\/ruishengglassco.com\\\/product\\\/rs034-vodka-bottle-sizes-500ml-700ml-750ml#primaryimage\",\"url\":\"https:\\\/\\\/glassbottlewholesale.com\\\/wp-content\\\/uploads\\\/2023\\\/12\\\/vodka-bottle-14700ml-glass-bottle-wholesale20231218152937-1.png\",\"contentUrl\":\"https:\\\/\\\/glassbottlewholesale.com\\\/wp-content\\\/uploads\\\/2023\\\/12\\\/vodka-bottle-14700ml-glass-bottle-wholesale20231218152937-1.png\",\"width\":500,\"height\":500,\"caption\":\"RS034: Wholesale Vodka Bottle Sizes 500ml\\\/700ml\\\/750ml\"},{\"@type\":\"BreadcrumbList\",\"@id\":\"https:\\\/\\\/ruishengglassco.com\\\/product\\\/rs034-vodka-bottle-sizes-500ml-700ml-750ml#breadcrumb\",\"itemListElement\":[{\"@type\":\"ListItem\",\"position\":1,\"name\":\"Home\",\"item\":\"https:\\\/\\\/glassbottlewholesale.com\\\/\"},{\"@type\":\"ListItem\",\"position\":2,\"name\":\"Products\",\"item\":\"https:\\\/\\\/glassbottlewholesale.com\\\/shop\\\/\"},{\"@type\":\"ListItem\",\"position\":3,\"name\":\"RS034: Wholesale Vodka Bottle Sizes 500ml\\\/700ml\\\/750ml\"}]},{\"@type\":\"WebSite\",\"@id\":\"https:\\\/\\\/glassbottlewholesale.com\\\/#website\",\"url\":\"https:\\\/\\\/glassbottlewholesale.com\\\/\",\"name\":\"Glass Bottle Wholesale\",\"description\":\"\",\"publisher\":{\"@id\":\"https:\\\/\\\/glassbottlewholesale.com\\\/#organization\"},\"potentialAction\":[{\"@type\":\"SearchAction\",\"target\":{\"@type\":\"EntryPoint\",\"urlTemplate\":\"https:\\\/\\\/glassbottlewholesale.com\\\/?s={search_term_string}\"},\"query-input\":{\"@type\":\"PropertyValueSpecification\",\"valueRequired\":true,\"valueName\":\"search_term_string\"}}],\"inLanguage\":\"pt-PT\"},{\"@type\":\"Organization\",\"@id\":\"https:\\\/\\\/glassbottlewholesale.com\\\/#organization\",\"name\":\"Glass Bottle Wholesale\",\"url\":\"https:\\\/\\\/glassbottlewholesale.com\\\/\",\"logo\":{\"@type\":\"ImageObject\",\"inLanguage\":\"pt-PT\",\"@id\":\"https:\\\/\\\/glassbottlewholesale.com\\\/#\\\/schema\\\/logo\\\/image\\\/\",\"url\":\"https:\\\/\\\/glassbottlewholesale.com\\\/wp-content\\\/uploads\\\/2023\\\/12\\\/ruisheng-logo.webp\",\"contentUrl\":\"https:\\\/\\\/glassbottlewholesale.com\\\/wp-content\\\/uploads\\\/2023\\\/12\\\/ruisheng-logo.webp\",\"width\":400,\"height\":233,\"caption\":\"Glass Bottle Wholesale\"},\"image\":{\"@id\":\"https:\\\/\\\/glassbottlewholesale.com\\\/#\\\/schema\\\/logo\\\/image\\\/\"}}]}<\/script>\n<!-- \/ Yoast SEO plugin. -->","yoast_head_json":{"title":"RS034: Wholesale Vodka Bottle Sizes 500ml\/700ml\/750ml - Glass Bottle Wholesale","robots":{"index":"index","follow":"follow","max-snippet":"max-snippet:-1","max-image-preview":"max-image-preview:large","max-video-preview":"max-video-preview:-1"},"canonical":"https:\/\/ruishengglassco.com\/product\/rs034-vodka-bottle-sizes-500ml-700ml-750ml","og_locale":"pt_PT","og_type":"article","og_title":"RS034: Wholesale Vodka Bottle Sizes 500ml\/700ml\/750ml - Glass Bottle Wholesale","og_description":"Order Information About Wholesale Vodka Bottle   Model Number: RS034  Brand Name: RUISHENG  Capacity: 500ml\/700ml\/750ml\/customized  Surface Handling: Decal  Material: Super Flint Glass  Collar Material: Clear Glass Bottle  Sealing Type: Cork  Use: VODKA  Place of Origin: Shandong, China  package: Standard export cartons and pallets  Service: OEM\/ODM Service","og_url":"https:\/\/ruishengglassco.com\/product\/rs034-vodka-bottle-sizes-500ml-700ml-750ml","og_site_name":"Glass Bottle Wholesale","article_modified_time":"2024-03-09T02:35:43+00:00","og_image":[{"width":500,"height":500,"url":"https:\/\/glassbottlewholesale.com\/wp-content\/uploads\/2023\/12\/vodka-bottle-14700ml-glass-bottle-wholesale20231218152937-1.png","type":"image\/png"}],"twitter_card":"summary_large_image","twitter_misc":{"Tempo estimado de leitura":"1 minuto"},"schema":{"@context":"https:\/\/schema.org","@graph":[{"@type":"WebPage","@id":"https:\/\/glassbottlewholesale.com\/wholesale-vodka-bottle-sizes-500ml-700ml-750ml\/","url":"https:\/\/ruishengglassco.com\/product\/rs034-vodka-bottle-sizes-500ml-700ml-750ml","name":"RS034: Wholesale Vodka Bottle Sizes 500ml\/700ml\/750ml - Glass Bottle Wholesale","isPartOf":{"@id":"https:\/\/glassbottlewholesale.com\/#website"},"primaryImageOfPage":{"@id":"https:\/\/ruishengglassco.com\/product\/rs034-vodka-bottle-sizes-500ml-700ml-750ml#primaryimage"},"image":{"@id":"https:\/\/ruishengglassco.com\/product\/rs034-vodka-bottle-sizes-500ml-700ml-750ml#primaryimage"},"thumbnailUrl":"https:\/\/glassbottlewholesale.com\/wp-content\/uploads\/2023\/12\/vodka-bottle-14700ml-glass-bottle-wholesale20231218152937-1.png","datePublished":"2020-12-02T03:03:21+00:00","dateModified":"2024-03-09T02:35:43+00:00","breadcrumb":{"@id":"https:\/\/ruishengglassco.com\/product\/rs034-vodka-bottle-sizes-500ml-700ml-750ml#breadcrumb"},"inLanguage":"pt-PT","potentialAction":[{"@type":"ReadAction","target":["https:\/\/ruishengglassco.com\/product\/rs034-vodka-bottle-sizes-500ml-700ml-750ml"]}]},{"@type":"ImageObject","inLanguage":"pt-PT","@id":"https:\/\/ruishengglassco.com\/product\/rs034-vodka-bottle-sizes-500ml-700ml-750ml#primaryimage","url":"https:\/\/glassbottlewholesale.com\/wp-content\/uploads\/2023\/12\/vodka-bottle-14700ml-glass-bottle-wholesale20231218152937-1.png","contentUrl":"https:\/\/glassbottlewholesale.com\/wp-content\/uploads\/2023\/12\/vodka-bottle-14700ml-glass-bottle-wholesale20231218152937-1.png","width":500,"height":500,"caption":"RS034: Wholesale Vodka Bottle Sizes 500ml\/700ml\/750ml"},{"@type":"BreadcrumbList","@id":"https:\/\/ruishengglassco.com\/product\/rs034-vodka-bottle-sizes-500ml-700ml-750ml#breadcrumb","itemListElement":[{"@type":"ListItem","position":1,"name":"Home","item":"https:\/\/glassbottlewholesale.com\/"},{"@type":"ListItem","position":2,"name":"Products","item":"https:\/\/glassbottlewholesale.com\/shop\/"},{"@type":"ListItem","position":3,"name":"RS034: Wholesale Vodka Bottle Sizes 500ml\/700ml\/750ml"}]},{"@type":"WebSite","@id":"https:\/\/glassbottlewholesale.com\/#website","url":"https:\/\/glassbottlewholesale.com\/","name":"Glass Bottle Wholesale","description":"","publisher":{"@id":"https:\/\/glassbottlewholesale.com\/#organization"},"potentialAction":[{"@type":"SearchAction","target":{"@type":"EntryPoint","urlTemplate":"https:\/\/glassbottlewholesale.com\/?s={search_term_string}"},"query-input":{"@type":"PropertyValueSpecification","valueRequired":true,"valueName":"search_term_string"}}],"inLanguage":"pt-PT"},{"@type":"Organization","@id":"https:\/\/glassbottlewholesale.com\/#organization","name":"Glass Bottle Wholesale","url":"https:\/\/glassbottlewholesale.com\/","logo":{"@type":"ImageObject","inLanguage":"pt-PT","@id":"https:\/\/glassbottlewholesale.com\/#\/schema\/logo\/image\/","url":"https:\/\/glassbottlewholesale.com\/wp-content\/uploads\/2023\/12\/ruisheng-logo.webp","contentUrl":"https:\/\/glassbottlewholesale.com\/wp-content\/uploads\/2023\/12\/ruisheng-logo.webp","width":400,"height":233,"caption":"Glass Bottle Wholesale"},"image":{"@id":"https:\/\/glassbottlewholesale.com\/#\/schema\/logo\/image\/"}}]}},"_links":{"self":[{"href":"https:\/\/glassbottlewholesale.com\/pt\/wp-json\/wp\/v2\/product\/2374","targetHints":{"allow":["GET"]}}],"collection":[{"href":"https:\/\/glassbottlewholesale.com\/pt\/wp-json\/wp\/v2\/product"}],"about":[{"href":"https:\/\/glassbottlewholesale.com\/pt\/wp-json\/wp\/v2\/types\/product"}],"replies":[{"embeddable":true,"href":"https:\/\/glassbottlewholesale.com\/pt\/wp-json\/wp\/v2\/comments?post=2374"}],"wp:featuredmedia":[{"embeddable":true,"href":"https:\/\/glassbottlewholesale.com\/pt\/wp-json\/wp\/v2\/media\/4355"}],"wp:attachment":[{"href":"https:\/\/glassbottlewholesale.com\/pt\/wp-json\/wp\/v2\/media?parent=2374"}],"wp:term":[{"taxonomy":"product_brand","embeddable":true,"href":"https:\/\/glassbottlewholesale.com\/pt\/wp-json\/wp\/v2\/product_brand?post=2374"},{"taxonomy":"product_cat","embeddable":true,"href":"https:\/\/glassbottlewholesale.com\/pt\/wp-json\/wp\/v2\/product_cat?post=2374"},{"taxonomy":"product_tag","embeddable":true,"href":"https:\/\/glassbottlewholesale.com\/pt\/wp-json\/wp\/v2\/product_tag?post=2374"}],"curies":[{"name":"wp","href":"https:\/\/api.w.org\/{rel}","templated":true}]}}