{"id":2412,"date":"2020-12-08T01:56:08","date_gmt":"2020-12-08T01:56:08","guid":{"rendered":"https:\/\/glassbottlewholesale.com\/?post_type=product&#038;p=2412"},"modified":"2024-03-13T00:59:58","modified_gmt":"2024-03-13T00:59:58","slug":"mini-garrafas-de-uisque-de-50-ml-e-100-ml-por-atacado","status":"publish","type":"product","link":"https:\/\/glassbottlewholesale.com\/pt\/mini-garrafas-de-uisque-de-50-ml-e-100-ml-por-atacado\/","title":{"rendered":"RS027 50ml\/100ml Mini Garrafas de U\u00edsque Atacado"},"content":{"rendered":"","protected":false},"excerpt":{"rendered":"<p>Informa\u00e7\u00f5es sobre a encomenda de Mini garrafas de u\u00edsque de 50ml\/100ml por atacado<\/p>\n<ul>\n<li>Nome do modelo: 50ml\/100ml Garrafas quadradas de u\u00edsque por atacado<\/li>\n<li>N\u00famero do modelo: RS027<\/li>\n<li>Marca: RUISHENG<\/li>\n<li><strong>Quantidade m\u00ednima: 10000 pe\u00e7as<\/strong><\/li>\n<li>Capacity: 50ml\/100ml\/250ml\/500ml\/750ml\/customized<\/li>\n<li>Manuseio de superf\u00edcie: Hot Stamping, Frost, Decal, Emboss, Serigrafia<\/li>\n<li>Material: Vidro Super Flint<\/li>\n<li>Material do colar: garrafa de vidro transparente<\/li>\n<li>Tipo de veda\u00e7\u00e3o: tampa de rosca, corti\u00e7a, tampa de vidro, tampa girat\u00f3ria<\/li>\n<li>Uso: Garrafa de U\u00edsque<\/li>\n<li>Local de origem: Shandong, China<\/li>\n<li>pacote: caixas e paletes padr\u00e3o de exporta\u00e7\u00e3o<\/li>\n<li>Servi\u00e7o: Servi\u00e7o OEM\/ODM<\/li>\n<\/ul>","protected":false},"featured_media":4594,"comment_status":"open","ping_status":"closed","template":"","meta":[],"product_brand":[],"product_cat":[58,68],"product_tag":[],"class_list":{"0":"post-2412","1":"product","2":"type-product","3":"status-publish","4":"has-post-thumbnail","6":"product_cat-50ml-glass-bottle","7":"product_cat-whiskey-bottle","8":"entry","9":"has-media","11":"first","12":"instock","13":"shipping-taxable","14":"product-type-simple"},"yoast_head":"<!-- This site is optimized with the Yoast SEO plugin v27.3 - https:\/\/yoast.com\/product\/yoast-seo-wordpress\/ -->\n<title>RS027 50ml\/100ml Mini Whiskey Bottles Wholesale - Glass Bottle Wholesale<\/title>\n<meta name=\"robots\" content=\"index, follow, max-snippet:-1, max-image-preview:large, max-video-preview:-1\" \/>\n<link rel=\"canonical\" href=\"https:\/\/ruishengglassco.com\/product\/rs027-50ml-100ml-mini-whiskey-bottles-supplier\" \/>\n<meta property=\"og:locale\" content=\"pt_PT\" \/>\n<meta property=\"og:type\" content=\"article\" \/>\n<meta property=\"og:title\" content=\"RS027 50ml\/100ml Mini Whiskey Bottles Wholesale - Glass Bottle Wholesale\" \/>\n<meta property=\"og:description\" content=\"Order Information About 50ml\/100ml Mini Whiskey Bottles Wholesale   Model Name: 50ml\/100ml Square Whiskey Bottles Wholesale  Model Number: RS027  Brand Name: RUISHENG  MOQ: 10000pcs  Capacity: 50ml\/100ml\/250ml\/500ml\/750ml\/customized  Surface Handling: Hot Stamping, Frost, Decal, Emboss, Screen Printing  Material: Super Flint Glass  Collar Material: Clear Glass Bottle  Sealing Type: Screw Cap, Cork, Glass Cap, Twist-off Cap  Use: Whiskey Bottle  Place of Origin: Shandong, China  package: Standard export cartons and pallets  Service: OEM\/ODM Service\" \/>\n<meta property=\"og:url\" content=\"https:\/\/ruishengglassco.com\/product\/rs027-50ml-100ml-mini-whiskey-bottles-supplier\" \/>\n<meta property=\"og:site_name\" content=\"Glass Bottle Wholesale\" \/>\n<meta property=\"article:modified_time\" content=\"2024-03-13T00:59:58+00:00\" \/>\n<meta property=\"og:image\" content=\"https:\/\/glassbottlewholesale.com\/wp-content\/uploads\/2024\/03\/wholesale-whiskey-bottle-manufacturer14-2-1.png\" \/>\n\t<meta property=\"og:image:width\" content=\"800\" \/>\n\t<meta property=\"og:image:height\" content=\"800\" \/>\n\t<meta property=\"og:image:type\" content=\"image\/png\" \/>\n<meta name=\"twitter:card\" content=\"summary_large_image\" \/>\n<meta name=\"twitter:label1\" content=\"Tempo estimado de leitura\" \/>\n\t<meta name=\"twitter:data1\" content=\"1 minuto\" \/>\n<script type=\"application\/ld+json\" class=\"yoast-schema-graph\">{\"@context\":\"https:\\\/\\\/schema.org\",\"@graph\":[{\"@type\":\"WebPage\",\"@id\":\"https:\\\/\\\/glassbottlewholesale.com\\\/50ml-100ml-mini-whiskey-bottles-wholesale\\\/\",\"url\":\"https:\\\/\\\/ruishengglassco.com\\\/product\\\/rs027-50ml-100ml-mini-whiskey-bottles-supplier\",\"name\":\"RS027 50ml\\\/100ml Mini Whiskey Bottles Wholesale - Glass Bottle Wholesale\",\"isPartOf\":{\"@id\":\"https:\\\/\\\/glassbottlewholesale.com\\\/#website\"},\"primaryImageOfPage\":{\"@id\":\"https:\\\/\\\/ruishengglassco.com\\\/product\\\/rs027-50ml-100ml-mini-whiskey-bottles-supplier#primaryimage\"},\"image\":{\"@id\":\"https:\\\/\\\/ruishengglassco.com\\\/product\\\/rs027-50ml-100ml-mini-whiskey-bottles-supplier#primaryimage\"},\"thumbnailUrl\":\"https:\\\/\\\/glassbottlewholesale.com\\\/wp-content\\\/uploads\\\/2024\\\/03\\\/wholesale-whiskey-bottle-manufacturer14-2-1.png\",\"datePublished\":\"2020-12-08T01:56:08+00:00\",\"dateModified\":\"2024-03-13T00:59:58+00:00\",\"breadcrumb\":{\"@id\":\"https:\\\/\\\/ruishengglassco.com\\\/product\\\/rs027-50ml-100ml-mini-whiskey-bottles-supplier#breadcrumb\"},\"inLanguage\":\"pt-PT\",\"potentialAction\":[{\"@type\":\"ReadAction\",\"target\":[\"https:\\\/\\\/ruishengglassco.com\\\/product\\\/rs027-50ml-100ml-mini-whiskey-bottles-supplier\"]}]},{\"@type\":\"ImageObject\",\"inLanguage\":\"pt-PT\",\"@id\":\"https:\\\/\\\/ruishengglassco.com\\\/product\\\/rs027-50ml-100ml-mini-whiskey-bottles-supplier#primaryimage\",\"url\":\"https:\\\/\\\/glassbottlewholesale.com\\\/wp-content\\\/uploads\\\/2024\\\/03\\\/wholesale-whiskey-bottle-manufacturer14-2-1.png\",\"contentUrl\":\"https:\\\/\\\/glassbottlewholesale.com\\\/wp-content\\\/uploads\\\/2024\\\/03\\\/wholesale-whiskey-bottle-manufacturer14-2-1.png\",\"width\":800,\"height\":800,\"caption\":\"RS027 50ml\\\/100ml Mini Whiskey Bottles Wholesale\"},{\"@type\":\"BreadcrumbList\",\"@id\":\"https:\\\/\\\/ruishengglassco.com\\\/product\\\/rs027-50ml-100ml-mini-whiskey-bottles-supplier#breadcrumb\",\"itemListElement\":[{\"@type\":\"ListItem\",\"position\":1,\"name\":\"Home\",\"item\":\"https:\\\/\\\/glassbottlewholesale.com\\\/\"},{\"@type\":\"ListItem\",\"position\":2,\"name\":\"Products\",\"item\":\"https:\\\/\\\/glassbottlewholesale.com\\\/shop\\\/\"},{\"@type\":\"ListItem\",\"position\":3,\"name\":\"RS027 50ml\\\/100ml Mini Whiskey Bottles Wholesale\"}]},{\"@type\":\"WebSite\",\"@id\":\"https:\\\/\\\/glassbottlewholesale.com\\\/#website\",\"url\":\"https:\\\/\\\/glassbottlewholesale.com\\\/\",\"name\":\"Glass Bottle Wholesale\",\"description\":\"\",\"publisher\":{\"@id\":\"https:\\\/\\\/glassbottlewholesale.com\\\/#organization\"},\"potentialAction\":[{\"@type\":\"SearchAction\",\"target\":{\"@type\":\"EntryPoint\",\"urlTemplate\":\"https:\\\/\\\/glassbottlewholesale.com\\\/?s={search_term_string}\"},\"query-input\":{\"@type\":\"PropertyValueSpecification\",\"valueRequired\":true,\"valueName\":\"search_term_string\"}}],\"inLanguage\":\"pt-PT\"},{\"@type\":\"Organization\",\"@id\":\"https:\\\/\\\/glassbottlewholesale.com\\\/#organization\",\"name\":\"Glass Bottle Wholesale\",\"url\":\"https:\\\/\\\/glassbottlewholesale.com\\\/\",\"logo\":{\"@type\":\"ImageObject\",\"inLanguage\":\"pt-PT\",\"@id\":\"https:\\\/\\\/glassbottlewholesale.com\\\/#\\\/schema\\\/logo\\\/image\\\/\",\"url\":\"https:\\\/\\\/glassbottlewholesale.com\\\/wp-content\\\/uploads\\\/2023\\\/12\\\/ruisheng-logo.webp\",\"contentUrl\":\"https:\\\/\\\/glassbottlewholesale.com\\\/wp-content\\\/uploads\\\/2023\\\/12\\\/ruisheng-logo.webp\",\"width\":400,\"height\":233,\"caption\":\"Glass Bottle Wholesale\"},\"image\":{\"@id\":\"https:\\\/\\\/glassbottlewholesale.com\\\/#\\\/schema\\\/logo\\\/image\\\/\"}}]}<\/script>\n<!-- \/ Yoast SEO plugin. -->","yoast_head_json":{"title":"RS027 50ml\/100ml Mini Whiskey Bottles Wholesale - Glass Bottle Wholesale","robots":{"index":"index","follow":"follow","max-snippet":"max-snippet:-1","max-image-preview":"max-image-preview:large","max-video-preview":"max-video-preview:-1"},"canonical":"https:\/\/ruishengglassco.com\/product\/rs027-50ml-100ml-mini-whiskey-bottles-supplier","og_locale":"pt_PT","og_type":"article","og_title":"RS027 50ml\/100ml Mini Whiskey Bottles Wholesale - Glass Bottle Wholesale","og_description":"Order Information About 50ml\/100ml Mini Whiskey Bottles Wholesale   Model Name: 50ml\/100ml Square Whiskey Bottles Wholesale  Model Number: RS027  Brand Name: RUISHENG  MOQ: 10000pcs  Capacity: 50ml\/100ml\/250ml\/500ml\/750ml\/customized  Surface Handling: Hot Stamping, Frost, Decal, Emboss, Screen Printing  Material: Super Flint Glass  Collar Material: Clear Glass Bottle  Sealing Type: Screw Cap, Cork, Glass Cap, Twist-off Cap  Use: Whiskey Bottle  Place of Origin: Shandong, China  package: Standard export cartons and pallets  Service: OEM\/ODM Service","og_url":"https:\/\/ruishengglassco.com\/product\/rs027-50ml-100ml-mini-whiskey-bottles-supplier","og_site_name":"Glass Bottle Wholesale","article_modified_time":"2024-03-13T00:59:58+00:00","og_image":[{"width":800,"height":800,"url":"https:\/\/glassbottlewholesale.com\/wp-content\/uploads\/2024\/03\/wholesale-whiskey-bottle-manufacturer14-2-1.png","type":"image\/png"}],"twitter_card":"summary_large_image","twitter_misc":{"Tempo estimado de leitura":"1 minuto"},"schema":{"@context":"https:\/\/schema.org","@graph":[{"@type":"WebPage","@id":"https:\/\/glassbottlewholesale.com\/50ml-100ml-mini-whiskey-bottles-wholesale\/","url":"https:\/\/ruishengglassco.com\/product\/rs027-50ml-100ml-mini-whiskey-bottles-supplier","name":"RS027 50ml\/100ml Mini Whiskey Bottles Wholesale - Glass Bottle Wholesale","isPartOf":{"@id":"https:\/\/glassbottlewholesale.com\/#website"},"primaryImageOfPage":{"@id":"https:\/\/ruishengglassco.com\/product\/rs027-50ml-100ml-mini-whiskey-bottles-supplier#primaryimage"},"image":{"@id":"https:\/\/ruishengglassco.com\/product\/rs027-50ml-100ml-mini-whiskey-bottles-supplier#primaryimage"},"thumbnailUrl":"https:\/\/glassbottlewholesale.com\/wp-content\/uploads\/2024\/03\/wholesale-whiskey-bottle-manufacturer14-2-1.png","datePublished":"2020-12-08T01:56:08+00:00","dateModified":"2024-03-13T00:59:58+00:00","breadcrumb":{"@id":"https:\/\/ruishengglassco.com\/product\/rs027-50ml-100ml-mini-whiskey-bottles-supplier#breadcrumb"},"inLanguage":"pt-PT","potentialAction":[{"@type":"ReadAction","target":["https:\/\/ruishengglassco.com\/product\/rs027-50ml-100ml-mini-whiskey-bottles-supplier"]}]},{"@type":"ImageObject","inLanguage":"pt-PT","@id":"https:\/\/ruishengglassco.com\/product\/rs027-50ml-100ml-mini-whiskey-bottles-supplier#primaryimage","url":"https:\/\/glassbottlewholesale.com\/wp-content\/uploads\/2024\/03\/wholesale-whiskey-bottle-manufacturer14-2-1.png","contentUrl":"https:\/\/glassbottlewholesale.com\/wp-content\/uploads\/2024\/03\/wholesale-whiskey-bottle-manufacturer14-2-1.png","width":800,"height":800,"caption":"RS027 50ml\/100ml Mini Whiskey Bottles Wholesale"},{"@type":"BreadcrumbList","@id":"https:\/\/ruishengglassco.com\/product\/rs027-50ml-100ml-mini-whiskey-bottles-supplier#breadcrumb","itemListElement":[{"@type":"ListItem","position":1,"name":"Home","item":"https:\/\/glassbottlewholesale.com\/"},{"@type":"ListItem","position":2,"name":"Products","item":"https:\/\/glassbottlewholesale.com\/shop\/"},{"@type":"ListItem","position":3,"name":"RS027 50ml\/100ml Mini Whiskey Bottles Wholesale"}]},{"@type":"WebSite","@id":"https:\/\/glassbottlewholesale.com\/#website","url":"https:\/\/glassbottlewholesale.com\/","name":"Glass Bottle Wholesale","description":"","publisher":{"@id":"https:\/\/glassbottlewholesale.com\/#organization"},"potentialAction":[{"@type":"SearchAction","target":{"@type":"EntryPoint","urlTemplate":"https:\/\/glassbottlewholesale.com\/?s={search_term_string}"},"query-input":{"@type":"PropertyValueSpecification","valueRequired":true,"valueName":"search_term_string"}}],"inLanguage":"pt-PT"},{"@type":"Organization","@id":"https:\/\/glassbottlewholesale.com\/#organization","name":"Glass Bottle Wholesale","url":"https:\/\/glassbottlewholesale.com\/","logo":{"@type":"ImageObject","inLanguage":"pt-PT","@id":"https:\/\/glassbottlewholesale.com\/#\/schema\/logo\/image\/","url":"https:\/\/glassbottlewholesale.com\/wp-content\/uploads\/2023\/12\/ruisheng-logo.webp","contentUrl":"https:\/\/glassbottlewholesale.com\/wp-content\/uploads\/2023\/12\/ruisheng-logo.webp","width":400,"height":233,"caption":"Glass Bottle Wholesale"},"image":{"@id":"https:\/\/glassbottlewholesale.com\/#\/schema\/logo\/image\/"}}]}},"_links":{"self":[{"href":"https:\/\/glassbottlewholesale.com\/pt\/wp-json\/wp\/v2\/product\/2412","targetHints":{"allow":["GET"]}}],"collection":[{"href":"https:\/\/glassbottlewholesale.com\/pt\/wp-json\/wp\/v2\/product"}],"about":[{"href":"https:\/\/glassbottlewholesale.com\/pt\/wp-json\/wp\/v2\/types\/product"}],"replies":[{"embeddable":true,"href":"https:\/\/glassbottlewholesale.com\/pt\/wp-json\/wp\/v2\/comments?post=2412"}],"wp:featuredmedia":[{"embeddable":true,"href":"https:\/\/glassbottlewholesale.com\/pt\/wp-json\/wp\/v2\/media\/4594"}],"wp:attachment":[{"href":"https:\/\/glassbottlewholesale.com\/pt\/wp-json\/wp\/v2\/media?parent=2412"}],"wp:term":[{"taxonomy":"product_brand","embeddable":true,"href":"https:\/\/glassbottlewholesale.com\/pt\/wp-json\/wp\/v2\/product_brand?post=2412"},{"taxonomy":"product_cat","embeddable":true,"href":"https:\/\/glassbottlewholesale.com\/pt\/wp-json\/wp\/v2\/product_cat?post=2412"},{"taxonomy":"product_tag","embeddable":true,"href":"https:\/\/glassbottlewholesale.com\/pt\/wp-json\/wp\/v2\/product_tag?post=2412"}],"curies":[{"name":"wp","href":"https:\/\/api.w.org\/{rel}","templated":true}]}}