{"id":2414,"date":"2020-12-08T06:41:53","date_gmt":"2020-12-08T06:41:53","guid":{"rendered":"https:\/\/glassbottlewholesale.com\/?post_type=product&#038;p=2414"},"modified":"2025-07-10T02:44:50","modified_gmt":"2025-07-10T02:44:50","slug":"garrafas-de-uisque-vazias-redondas-de-700-ml-e-750-ml","status":"publish","type":"product","link":"https:\/\/glassbottlewholesale.com\/pt\/garrafas-de-uisque-vazias-redondas-de-700-ml-e-750-ml\/","title":{"rendered":"Garrafas de u\u00edsque vazias redondas RS025 700ml\/750ml"},"content":{"rendered":"<div class=\"wpb-content-wrapper\"><div class=\"vc_row wpb_row vc_row-fluid\"><div class=\"wpb_column vc_column_container vc_col-sm-12\"><div class=\"vc_column-inner\"><div class=\"wpb_wrapper\">\n\t<div class=\"wpb_text_column wpb_content_element\" >\n\t\t<div class=\"wpb_wrapper\">\n\t\t\t<h4>Informa\u00e7\u00f5es detalhadas sobre garrafas de u\u00edsque vazias redondas de 700ml\/750ml por atacado<\/h4>\n<p>Esta s\u00e9rie de garrafas redondas de u\u00edsque vazias de 700ml \/ 750ml por atacado, adotando material de vidro de alta qualidade para a fabrica\u00e7\u00e3o, especialmente adequado para embalagens de u\u00edsque, conhaque e vodka. O corpo transparente da garrafa demonstra perfeitamente a qualidade e a cor do esp\u00edrito.<\/p>\n<p>Como um fabricante prim\u00e1rio de garrafas de u\u00edsque, n\u00f3s apenas fornecemos neg\u00f3cios de garrafas de vidro de u\u00edsque por atacado. Claro que, como uma equipa profissional, forneceremos <a href=\"https:\/\/glassbottlewholesale.com\/pt\/garrafas-de-vidro-personalizadas\/\">design de garrafa de u\u00edsque personalizada<\/a> servi\u00e7o. Servi\u00e7o OEM\/ODM dispon\u00edvel.<\/p>\n<p><strong>Detalhes r\u00e1pidos<\/strong><\/p>\n<ul>\n<li>Manuseamento da superf\u00edcie:\uff1aDecalque<\/li>\n<li>Uso Industrial: Bebidas<\/li>\n<li>Material da base: Vidro super flint<\/li>\n<li>Material do corpo: Vidro super flint<\/li>\n<li>Material do colarinho: Vidro super flint<\/li>\n<li>Tipo de veda\u00e7\u00e3o: Corti\u00e7a<\/li>\n<li>Utiliza\u00e7\u00e3o: Whiskey\/Brandy<\/li>\n<li>Local de origem: Shandong, China<\/li>\n<li>Nome da marca: Ruisheng<\/li>\n<li>Nome de produto: Garrafa de vidro redonda para bebidas espirituosas de 50ml vazia de Whisky Extra Flint Vodka Premium<\/li>\n<li>Capacidade: 100-1000ml \/ personalizado<\/li>\n<li>Certifica\u00e7\u00e3o: ISO9001<\/li>\n<li>Embalagem: Caixa de cart\u00e3o \/ palete \/ personalizado<\/li>\n<li>Palavra-chave: Garrafa de U\u00edsque, Garrafa de U\u00edsque de Vidro, Garrafa de U\u00edsque Vazia, Garrafa de U\u00edsque Redonda<\/li>\n<li>Servi\u00e7os: OEM \/ODM<\/li>\n<li>Amostra: Amostra gr\u00e1tis fornecida<\/li>\n<li>Prazo de entrega: Geralmente 25-30 dias \u00fateis<\/li>\n<\/ul>\n<p>&nbsp;<\/p>\n\n\t\t<\/div>\n\t<\/div>\n<\/div><\/div><\/div><\/div>\n<\/div>","protected":false},"excerpt":{"rendered":"<p>Est\u00e1 \u00e0 procura de uma garrafa de u\u00edsque vazia para a sua marca? Ruisheng Glass Bottle, um fabricante profissional de garrafas de licor de vidro, fornece garrafas de u\u00edsque vazias redondas de 700ml \/ 750ml para marcas de u\u00edsque, empresas, fornecedores de garrafas de vidro, atacadistas, distribuidores e etc.<\/p>\n<h4>Informa\u00e7\u00f5es sobre a encomenda de garrafas de u\u00edsque redondas vazias de 700ml\/750ml<\/h4>\n<ul>\n<li>Nome do modelo: 700ml\/750ml garrafas de u\u00edsque redondas vazias<\/li>\n<li>N\u00famero do modelo: RS025<\/li>\n<li>Marca: RUISHENG<\/li>\n<li><strong>Quantidade m\u00ednima: 10000 pe\u00e7as<\/strong><\/li>\n<li>Capacidade: 700ML\/750ml\/personalizado<\/li>\n<li>Manuseio de superf\u00edcie: Hot Stamping, Frost, Decal, Emboss, Serigrafia<\/li>\n<li>Material: Vidro Super Flint<\/li>\n<li>Material do colar: garrafa de vidro transparente<\/li>\n<li>Tipo de veda\u00e7\u00e3o: tampa de rosca, corti\u00e7a, tampa de vidro, tampa girat\u00f3ria<\/li>\n<li>Uso: Garrafa de U\u00edsque<\/li>\n<li>Local de origem: Shandong, China<\/li>\n<li>pacote: caixas e paletes padr\u00e3o de exporta\u00e7\u00e3o<\/li>\n<li>Servi\u00e7o: Servi\u00e7o OEM\/ODM<\/li>\n<\/ul>\n<p>Se voc\u00ea quiser obter o pre\u00e7o das garrafas de u\u00edsque por atacado,\u00a0 <a href=\"https:\/\/glassbottlewholesale.com\/pt\/contact\/\">clique aqui<\/a> para nos contactar<\/p>","protected":false},"featured_media":4489,"comment_status":"open","ping_status":"closed","template":"","meta":[],"product_brand":[],"product_cat":[51,52,68],"product_tag":[],"class_list":{"0":"post-2414","1":"product","2":"type-product","3":"status-publish","4":"has-post-thumbnail","6":"product_cat-700ml-glass-bottle","7":"product_cat-750ml-glass-bottle","8":"product_cat-whiskey-bottle","9":"entry","10":"has-media","12":"first","13":"instock","14":"shipping-taxable","15":"product-type-simple"},"yoast_head":"<!-- This site is optimized with the Yoast SEO plugin v27.3 - https:\/\/yoast.com\/product\/yoast-seo-wordpress\/ -->\n<title>700ml\/750ml Round Empty Whiskey Bottle Wholesale<\/title>\n<meta name=\"description\" content=\"Do you want to buy Whsikey Bottle in Bulk for Your Brand? Ruisheng, a professional liquor bottle manufacturer, provide 700ml\/750ml Round Empty Whiskey Bottle Wholesale.\" \/>\n<meta name=\"robots\" content=\"index, follow, max-snippet:-1, max-image-preview:large, max-video-preview:-1\" \/>\n<link rel=\"canonical\" href=\"https:\/\/ruishengglassco.com\/product\/rs025-700ml-750ml-round-empty-whiskey-bottles\" \/>\n<meta property=\"og:locale\" content=\"pt_PT\" \/>\n<meta property=\"og:type\" content=\"article\" \/>\n<meta property=\"og:title\" content=\"700ml\/750ml Round Empty Whiskey Bottle Wholesale\" \/>\n<meta property=\"og:description\" content=\"Do you want to buy Whsikey Bottle in Bulk for Your Brand? Ruisheng, a professional liquor bottle manufacturer, provide 700ml\/750ml Round Empty Whiskey Bottle Wholesale.\" \/>\n<meta property=\"og:url\" content=\"https:\/\/ruishengglassco.com\/product\/rs025-700ml-750ml-round-empty-whiskey-bottles\" \/>\n<meta property=\"og:site_name\" content=\"Glass Bottle Wholesale\" \/>\n<meta property=\"article:modified_time\" content=\"2025-07-10T02:44:50+00:00\" \/>\n<meta property=\"og:image\" content=\"https:\/\/glassbottlewholesale.com\/wp-content\/uploads\/2024\/01\/rs104-1.jpg\" \/>\n\t<meta property=\"og:image:width\" content=\"800\" \/>\n\t<meta property=\"og:image:height\" content=\"800\" \/>\n\t<meta property=\"og:image:type\" content=\"image\/jpeg\" \/>\n<meta name=\"twitter:card\" content=\"summary_large_image\" \/>\n<meta name=\"twitter:label1\" content=\"Tempo estimado de leitura\" \/>\n\t<meta name=\"twitter:data1\" content=\"1 minuto\" \/>\n<script type=\"application\/ld+json\" class=\"yoast-schema-graph\">{\"@context\":\"https:\\\/\\\/schema.org\",\"@graph\":[{\"@type\":\"WebPage\",\"@id\":\"https:\\\/\\\/glassbottlewholesale.com\\\/700ml-750ml-round-empty-whiskey-bottles\\\/\",\"url\":\"https:\\\/\\\/ruishengglassco.com\\\/product\\\/rs025-700ml-750ml-round-empty-whiskey-bottles\",\"name\":\"700ml\\\/750ml Round Empty Whiskey Bottle Wholesale\",\"isPartOf\":{\"@id\":\"https:\\\/\\\/glassbottlewholesale.com\\\/#website\"},\"primaryImageOfPage\":{\"@id\":\"https:\\\/\\\/ruishengglassco.com\\\/product\\\/rs025-700ml-750ml-round-empty-whiskey-bottles#primaryimage\"},\"image\":{\"@id\":\"https:\\\/\\\/ruishengglassco.com\\\/product\\\/rs025-700ml-750ml-round-empty-whiskey-bottles#primaryimage\"},\"thumbnailUrl\":\"https:\\\/\\\/glassbottlewholesale.com\\\/wp-content\\\/uploads\\\/2024\\\/01\\\/rs104-1.jpg\",\"datePublished\":\"2020-12-08T06:41:53+00:00\",\"dateModified\":\"2025-07-10T02:44:50+00:00\",\"description\":\"Do you want to buy Whsikey Bottle in Bulk for Your Brand? Ruisheng, a professional liquor bottle manufacturer, provide 700ml\\\/750ml Round Empty Whiskey Bottle Wholesale.\",\"breadcrumb\":{\"@id\":\"https:\\\/\\\/ruishengglassco.com\\\/product\\\/rs025-700ml-750ml-round-empty-whiskey-bottles#breadcrumb\"},\"inLanguage\":\"pt-PT\",\"potentialAction\":[{\"@type\":\"ReadAction\",\"target\":[\"https:\\\/\\\/ruishengglassco.com\\\/product\\\/rs025-700ml-750ml-round-empty-whiskey-bottles\"]}]},{\"@type\":\"ImageObject\",\"inLanguage\":\"pt-PT\",\"@id\":\"https:\\\/\\\/ruishengglassco.com\\\/product\\\/rs025-700ml-750ml-round-empty-whiskey-bottles#primaryimage\",\"url\":\"https:\\\/\\\/glassbottlewholesale.com\\\/wp-content\\\/uploads\\\/2024\\\/01\\\/rs104-1.jpg\",\"contentUrl\":\"https:\\\/\\\/glassbottlewholesale.com\\\/wp-content\\\/uploads\\\/2024\\\/01\\\/rs104-1.jpg\",\"width\":800,\"height\":800,\"caption\":\"RS104: Bulk Glass Liquor Bottles With Corks Wholesale\"},{\"@type\":\"BreadcrumbList\",\"@id\":\"https:\\\/\\\/ruishengglassco.com\\\/product\\\/rs025-700ml-750ml-round-empty-whiskey-bottles#breadcrumb\",\"itemListElement\":[{\"@type\":\"ListItem\",\"position\":1,\"name\":\"Home\",\"item\":\"https:\\\/\\\/glassbottlewholesale.com\\\/\"},{\"@type\":\"ListItem\",\"position\":2,\"name\":\"Products\",\"item\":\"https:\\\/\\\/glassbottlewholesale.com\\\/shop\\\/\"},{\"@type\":\"ListItem\",\"position\":3,\"name\":\"RS025 700ml\\\/750ml Round Empty Whiskey Bottles\"}]},{\"@type\":\"WebSite\",\"@id\":\"https:\\\/\\\/glassbottlewholesale.com\\\/#website\",\"url\":\"https:\\\/\\\/glassbottlewholesale.com\\\/\",\"name\":\"Glass Bottle Wholesale\",\"description\":\"\",\"publisher\":{\"@id\":\"https:\\\/\\\/glassbottlewholesale.com\\\/#organization\"},\"potentialAction\":[{\"@type\":\"SearchAction\",\"target\":{\"@type\":\"EntryPoint\",\"urlTemplate\":\"https:\\\/\\\/glassbottlewholesale.com\\\/?s={search_term_string}\"},\"query-input\":{\"@type\":\"PropertyValueSpecification\",\"valueRequired\":true,\"valueName\":\"search_term_string\"}}],\"inLanguage\":\"pt-PT\"},{\"@type\":\"Organization\",\"@id\":\"https:\\\/\\\/glassbottlewholesale.com\\\/#organization\",\"name\":\"Glass Bottle Wholesale\",\"url\":\"https:\\\/\\\/glassbottlewholesale.com\\\/\",\"logo\":{\"@type\":\"ImageObject\",\"inLanguage\":\"pt-PT\",\"@id\":\"https:\\\/\\\/glassbottlewholesale.com\\\/#\\\/schema\\\/logo\\\/image\\\/\",\"url\":\"https:\\\/\\\/glassbottlewholesale.com\\\/wp-content\\\/uploads\\\/2023\\\/12\\\/ruisheng-logo.webp\",\"contentUrl\":\"https:\\\/\\\/glassbottlewholesale.com\\\/wp-content\\\/uploads\\\/2023\\\/12\\\/ruisheng-logo.webp\",\"width\":400,\"height\":233,\"caption\":\"Glass Bottle Wholesale\"},\"image\":{\"@id\":\"https:\\\/\\\/glassbottlewholesale.com\\\/#\\\/schema\\\/logo\\\/image\\\/\"}}]}<\/script>\n<!-- \/ Yoast SEO plugin. -->","yoast_head_json":{"title":"700ml\/750ml Round Empty Whiskey Bottle Wholesale","description":"Do you want to buy Whsikey Bottle in Bulk for Your Brand? Ruisheng, a professional liquor bottle manufacturer, provide 700ml\/750ml Round Empty Whiskey Bottle Wholesale.","robots":{"index":"index","follow":"follow","max-snippet":"max-snippet:-1","max-image-preview":"max-image-preview:large","max-video-preview":"max-video-preview:-1"},"canonical":"https:\/\/ruishengglassco.com\/product\/rs025-700ml-750ml-round-empty-whiskey-bottles","og_locale":"pt_PT","og_type":"article","og_title":"700ml\/750ml Round Empty Whiskey Bottle Wholesale","og_description":"Do you want to buy Whsikey Bottle in Bulk for Your Brand? Ruisheng, a professional liquor bottle manufacturer, provide 700ml\/750ml Round Empty Whiskey Bottle Wholesale.","og_url":"https:\/\/ruishengglassco.com\/product\/rs025-700ml-750ml-round-empty-whiskey-bottles","og_site_name":"Glass Bottle Wholesale","article_modified_time":"2025-07-10T02:44:50+00:00","og_image":[{"width":800,"height":800,"url":"https:\/\/glassbottlewholesale.com\/wp-content\/uploads\/2024\/01\/rs104-1.jpg","type":"image\/jpeg"}],"twitter_card":"summary_large_image","twitter_misc":{"Tempo estimado de leitura":"1 minuto"},"schema":{"@context":"https:\/\/schema.org","@graph":[{"@type":"WebPage","@id":"https:\/\/glassbottlewholesale.com\/700ml-750ml-round-empty-whiskey-bottles\/","url":"https:\/\/ruishengglassco.com\/product\/rs025-700ml-750ml-round-empty-whiskey-bottles","name":"700ml\/750ml Round Empty Whiskey Bottle Wholesale","isPartOf":{"@id":"https:\/\/glassbottlewholesale.com\/#website"},"primaryImageOfPage":{"@id":"https:\/\/ruishengglassco.com\/product\/rs025-700ml-750ml-round-empty-whiskey-bottles#primaryimage"},"image":{"@id":"https:\/\/ruishengglassco.com\/product\/rs025-700ml-750ml-round-empty-whiskey-bottles#primaryimage"},"thumbnailUrl":"https:\/\/glassbottlewholesale.com\/wp-content\/uploads\/2024\/01\/rs104-1.jpg","datePublished":"2020-12-08T06:41:53+00:00","dateModified":"2025-07-10T02:44:50+00:00","description":"Do you want to buy Whsikey Bottle in Bulk for Your Brand? Ruisheng, a professional liquor bottle manufacturer, provide 700ml\/750ml Round Empty Whiskey Bottle Wholesale.","breadcrumb":{"@id":"https:\/\/ruishengglassco.com\/product\/rs025-700ml-750ml-round-empty-whiskey-bottles#breadcrumb"},"inLanguage":"pt-PT","potentialAction":[{"@type":"ReadAction","target":["https:\/\/ruishengglassco.com\/product\/rs025-700ml-750ml-round-empty-whiskey-bottles"]}]},{"@type":"ImageObject","inLanguage":"pt-PT","@id":"https:\/\/ruishengglassco.com\/product\/rs025-700ml-750ml-round-empty-whiskey-bottles#primaryimage","url":"https:\/\/glassbottlewholesale.com\/wp-content\/uploads\/2024\/01\/rs104-1.jpg","contentUrl":"https:\/\/glassbottlewholesale.com\/wp-content\/uploads\/2024\/01\/rs104-1.jpg","width":800,"height":800,"caption":"RS104: Bulk Glass Liquor Bottles With Corks Wholesale"},{"@type":"BreadcrumbList","@id":"https:\/\/ruishengglassco.com\/product\/rs025-700ml-750ml-round-empty-whiskey-bottles#breadcrumb","itemListElement":[{"@type":"ListItem","position":1,"name":"Home","item":"https:\/\/glassbottlewholesale.com\/"},{"@type":"ListItem","position":2,"name":"Products","item":"https:\/\/glassbottlewholesale.com\/shop\/"},{"@type":"ListItem","position":3,"name":"RS025 700ml\/750ml Round Empty Whiskey Bottles"}]},{"@type":"WebSite","@id":"https:\/\/glassbottlewholesale.com\/#website","url":"https:\/\/glassbottlewholesale.com\/","name":"Glass Bottle Wholesale","description":"","publisher":{"@id":"https:\/\/glassbottlewholesale.com\/#organization"},"potentialAction":[{"@type":"SearchAction","target":{"@type":"EntryPoint","urlTemplate":"https:\/\/glassbottlewholesale.com\/?s={search_term_string}"},"query-input":{"@type":"PropertyValueSpecification","valueRequired":true,"valueName":"search_term_string"}}],"inLanguage":"pt-PT"},{"@type":"Organization","@id":"https:\/\/glassbottlewholesale.com\/#organization","name":"Glass Bottle Wholesale","url":"https:\/\/glassbottlewholesale.com\/","logo":{"@type":"ImageObject","inLanguage":"pt-PT","@id":"https:\/\/glassbottlewholesale.com\/#\/schema\/logo\/image\/","url":"https:\/\/glassbottlewholesale.com\/wp-content\/uploads\/2023\/12\/ruisheng-logo.webp","contentUrl":"https:\/\/glassbottlewholesale.com\/wp-content\/uploads\/2023\/12\/ruisheng-logo.webp","width":400,"height":233,"caption":"Glass Bottle Wholesale"},"image":{"@id":"https:\/\/glassbottlewholesale.com\/#\/schema\/logo\/image\/"}}]}},"_links":{"self":[{"href":"https:\/\/glassbottlewholesale.com\/pt\/wp-json\/wp\/v2\/product\/2414","targetHints":{"allow":["GET"]}}],"collection":[{"href":"https:\/\/glassbottlewholesale.com\/pt\/wp-json\/wp\/v2\/product"}],"about":[{"href":"https:\/\/glassbottlewholesale.com\/pt\/wp-json\/wp\/v2\/types\/product"}],"replies":[{"embeddable":true,"href":"https:\/\/glassbottlewholesale.com\/pt\/wp-json\/wp\/v2\/comments?post=2414"}],"wp:featuredmedia":[{"embeddable":true,"href":"https:\/\/glassbottlewholesale.com\/pt\/wp-json\/wp\/v2\/media\/4489"}],"wp:attachment":[{"href":"https:\/\/glassbottlewholesale.com\/pt\/wp-json\/wp\/v2\/media?parent=2414"}],"wp:term":[{"taxonomy":"product_brand","embeddable":true,"href":"https:\/\/glassbottlewholesale.com\/pt\/wp-json\/wp\/v2\/product_brand?post=2414"},{"taxonomy":"product_cat","embeddable":true,"href":"https:\/\/glassbottlewholesale.com\/pt\/wp-json\/wp\/v2\/product_cat?post=2414"},{"taxonomy":"product_tag","embeddable":true,"href":"https:\/\/glassbottlewholesale.com\/pt\/wp-json\/wp\/v2\/product_tag?post=2414"}],"curies":[{"name":"wp","href":"https:\/\/api.w.org\/{rel}","templated":true}]}}