{"id":2451,"date":"2021-01-26T03:27:47","date_gmt":"2021-01-26T03:27:47","guid":{"rendered":"https:\/\/glassbottlewholesale.com\/?post_type=product&#038;p=2451"},"modified":"2026-01-26T05:20:09","modified_gmt":"2026-01-26T05:20:09","slug":"500ml-700ml-750ml-old-design-whisky-bottles-wholesale","status":"publish","type":"product","link":"https:\/\/glassbottlewholesale.com\/pt\/500ml-700ml-750ml-old-design-whisky-bottles-wholesale\/","title":{"rendered":"RE024 500ml\/700ml\/750ml Garrafas de u\u00edsque com design antigo atacado"},"content":{"rendered":"<div class=\"wpb-content-wrapper\"><div class=\"vc_row wpb_row vc_row-fluid\"><div class=\"wpb_column vc_column_container vc_col-sm-12\"><div class=\"vc_column-inner\"><div class=\"wpb_wrapper\">\n\t<div class=\"wpb_text_column wpb_content_element\" >\n\t\t<div class=\"wpb_wrapper\">\n\t\t\t<h3>Informa\u00e7\u00f5es detalhadas sobre garrafas de u\u00edsque velho de 500ml\/700ml\/750ml por atacado<\/h3>\n<p><a href=\"https:\/\/ruishengglassco.com\/about\">Ruisheng,<\/a> A nossa empresa, um fabricante e fornecedor profissional de garrafas de u\u00edsque, est\u00e1 envolvida no fabrico e venda por grosso de garrafas de u\u00edsque h\u00e1 mais de 10 anos. Temos a linha de produ\u00e7\u00e3o de garrafas de u\u00edsque totalmente automatizada mais avan\u00e7ada do mundo. Os produtos produzidos t\u00eam alta defini\u00e7\u00e3o e n\u00e3o s\u00e3o f\u00e1ceis de serem danificados. A produ\u00e7\u00e3o di\u00e1ria pode chegar a 200.000 PCS, que pode produzir as garrafas de u\u00edsque exigidas pelos clientes no menor tempo poss\u00edvel. Como uma f\u00e1brica de produ\u00e7\u00e3o de garrafas, fornecemos servi\u00e7o de personaliza\u00e7\u00e3o OEM\/ODM, s\u00f3 precisa de fornecer a amostra de design e o log\u00f3tipo da marca, podemos ajud\u00e1-lo a produzir a garrafa de u\u00edsque para cumprir os requisitos.<\/p>\n<h4>Preocupa\u00e7\u00f5es do cliente<\/h4>\n<ol>\n<li><strong>O MOQ da garrafa de u\u00edsque<\/strong><\/li>\n<\/ol>\n<p>Como um fabricante profissional de garrafa de u\u00edsque, n\u00f3s apenas fornecemos servi\u00e7o de garrafa de u\u00edsque por atacado, n\u00e3o a retalho. Tendo em conta a nossa base de clientes, embalagem, transporte e outros factores, o nosso <strong>Quantidade m\u00ednima \u00e9 <span class=\"mceItemHidden\">10.000 unidades (cerca de 20.000 unidades)<\/span><\/strong><\/p>\n<p><strong>2. Sobre a embalagem<\/strong><\/p>\n<p>Como todos sabemos, as garrafas de vinho s\u00e3o bens fr\u00e1geis, pelo que temos de prestar aten\u00e7\u00e3o \u00e0 embalagem. Utilizamos embalagens seguras, tais como caixa interior a granel\/caixa de cor\/caixa branca\/caixa de exposi\u00e7\u00e3o\/palete de exporta\u00e7\u00e3o normalizada a pedido do cliente.<\/p>\n<p><strong>3. Sobre o prazo de entrega<\/strong><\/p>\n<ul>\n<li>Para estoque pronto: 7 dias ap\u00f3s o recebimento do pagamento.<\/li>\n<li>Para produtos fora de estoque: 25 a 40 dias ap\u00f3s o recebimento do pagamento.<\/li>\n<\/ul>\n<p>&nbsp;<\/p>\n\n\t\t<\/div>\n\t<\/div>\n<\/div><\/div><\/div><\/div>\n<\/div>","protected":false},"excerpt":{"rendered":"<p>Ruisheng, um dos melhores fabricantes de garrafas de u\u00edsque na China, fornece garrafas de u\u00edsque antigas por atacado da China. Fabricante profissional de garrafas de whisky com mais de 10 anos de experi\u00eancia de fabrico. Oferecemos garrafas de u\u00edsque de alta qualidade para marcas, empresas, grossistas e distribuidores de garrafas de vidro.<\/p>\n<ul>\n<li>Item: Garrafa de u\u00edsque de design antigo por atacado<\/li>\n<li>N.\u00ba:RS024<\/li>\n<li><strong>MOQ: 10000PCS<\/strong><\/li>\n<li>Material: Vidro super flint<\/li>\n<li>Servi\u00e7o OEM\/ODM oferecido<\/li>\n<li>Tipo de veda\u00e7\u00e3o: Topo de corti\u00e7a\/tampa de rosca<\/li>\n<li>Especifica\u00e7\u00e3o: 50ml-1500ml<\/li>\n<li>M\u00e9todo de embalagem: Embalagem padr\u00e3o de exporta\u00e7\u00e3o ou embalagem personalizada<\/li>\n<li>Delivery Time :Within 20-30 days according to your required size &amp; quantity.<\/li>\n<\/ul>\n<p>Se estiver interessado nas nossas garrafas de whisky antigas por atacado, <a href=\"https:\/\/glassbottlewholesale.com\/pt\/contact\/\">clique aqui<\/a> para obter um or\u00e7amento.<\/p>","protected":false},"featured_media":4781,"comment_status":"open","ping_status":"closed","template":"","meta":[],"product_brand":[],"product_cat":[50,51,52,63,68],"product_tag":[],"class_list":{"0":"post-2451","1":"product","2":"type-product","3":"status-publish","4":"has-post-thumbnail","6":"product_cat-500ml-glass-bottle","7":"product_cat-700ml-glass-bottle","8":"product_cat-750ml-glass-bottle","9":"product_cat-liquor-bottle","10":"product_cat-whiskey-bottle","11":"entry","12":"has-media","14":"first","15":"instock","16":"shipping-taxable","17":"product-type-simple"},"yoast_head":"<!-- This site is optimized with the Yoast SEO plugin v27.3 - https:\/\/yoast.com\/product\/yoast-seo-wordpress\/ -->\n<title>Old Whisky Bottles Wholesale | Best Whiskey Bottles Manufacturer<\/title>\n<meta name=\"description\" content=\"Want to buy Old Whisky Bottles Wholesale? Click here to get whisky bottle from best whiskey bottles manufacturer China.\" \/>\n<meta name=\"robots\" content=\"index, follow, max-snippet:-1, max-image-preview:large, max-video-preview:-1\" \/>\n<link rel=\"canonical\" href=\"https:\/\/ruishengglassco.com\/re024-500ml-700ml-750ml-old-design-whisky-bottles-manufacturers\" \/>\n<meta property=\"og:locale\" content=\"pt_PT\" \/>\n<meta property=\"og:type\" content=\"article\" \/>\n<meta property=\"og:title\" content=\"Old Whisky Bottles Wholesale | Best Whiskey Bottles Manufacturer\" \/>\n<meta property=\"og:description\" content=\"Want to buy Old Whisky Bottles Wholesale? Click here to get whisky bottle from best whiskey bottles manufacturer China.\" \/>\n<meta property=\"og:url\" content=\"https:\/\/ruishengglassco.com\/re024-500ml-700ml-750ml-old-design-whisky-bottles-manufacturers\" \/>\n<meta property=\"og:site_name\" content=\"Glass Bottle Wholesale\" \/>\n<meta property=\"article:modified_time\" content=\"2026-01-26T05:20:09+00:00\" \/>\n<meta property=\"og:image\" content=\"https:\/\/glassbottlewholesale.com\/wp-content\/uploads\/2024\/04\/glass-bottle-manufacturing-31-2.png\" \/>\n\t<meta property=\"og:image:width\" content=\"800\" \/>\n\t<meta property=\"og:image:height\" content=\"800\" \/>\n\t<meta property=\"og:image:type\" content=\"image\/png\" \/>\n<meta name=\"twitter:card\" content=\"summary_large_image\" \/>\n<meta name=\"twitter:label1\" content=\"Tempo estimado de leitura\" \/>\n\t<meta name=\"twitter:data1\" content=\"2 minutos\" \/>\n<script type=\"application\/ld+json\" class=\"yoast-schema-graph\">{\"@context\":\"https:\\\/\\\/schema.org\",\"@graph\":[{\"@type\":\"WebPage\",\"@id\":\"https:\\\/\\\/glassbottlewholesale.com\\\/500ml-700ml-750ml-old-design-whisky-bottles-wholesale\\\/\",\"url\":\"https:\\\/\\\/ruishengglassco.com\\\/re024-500ml-700ml-750ml-old-design-whisky-bottles-manufacturers\",\"name\":\"Old Whisky Bottles Wholesale | Best Whiskey Bottles Manufacturer\",\"isPartOf\":{\"@id\":\"https:\\\/\\\/glassbottlewholesale.com\\\/#website\"},\"primaryImageOfPage\":{\"@id\":\"https:\\\/\\\/ruishengglassco.com\\\/re024-500ml-700ml-750ml-old-design-whisky-bottles-manufacturers#primaryimage\"},\"image\":{\"@id\":\"https:\\\/\\\/ruishengglassco.com\\\/re024-500ml-700ml-750ml-old-design-whisky-bottles-manufacturers#primaryimage\"},\"thumbnailUrl\":\"https:\\\/\\\/glassbottlewholesale.com\\\/wp-content\\\/uploads\\\/2024\\\/04\\\/glass-bottle-manufacturing-31-2.png\",\"datePublished\":\"2021-01-26T03:27:47+00:00\",\"dateModified\":\"2026-01-26T05:20:09+00:00\",\"description\":\"Want to buy Old Whisky Bottles Wholesale? Click here to get whisky bottle from best whiskey bottles manufacturer China.\",\"breadcrumb\":{\"@id\":\"https:\\\/\\\/ruishengglassco.com\\\/re024-500ml-700ml-750ml-old-design-whisky-bottles-manufacturers#breadcrumb\"},\"inLanguage\":\"pt-PT\",\"potentialAction\":[{\"@type\":\"ReadAction\",\"target\":[\"https:\\\/\\\/ruishengglassco.com\\\/re024-500ml-700ml-750ml-old-design-whisky-bottles-manufacturers\"]}]},{\"@type\":\"ImageObject\",\"inLanguage\":\"pt-PT\",\"@id\":\"https:\\\/\\\/ruishengglassco.com\\\/re024-500ml-700ml-750ml-old-design-whisky-bottles-manufacturers#primaryimage\",\"url\":\"https:\\\/\\\/glassbottlewholesale.com\\\/wp-content\\\/uploads\\\/2024\\\/04\\\/glass-bottle-manufacturing-31-2.png\",\"contentUrl\":\"https:\\\/\\\/glassbottlewholesale.com\\\/wp-content\\\/uploads\\\/2024\\\/04\\\/glass-bottle-manufacturing-31-2.png\",\"width\":800,\"height\":800,\"caption\":\"RE024 500ml\\\/700ml\\\/750ml Old Design Whisky Bottles Wholesale\"},{\"@type\":\"BreadcrumbList\",\"@id\":\"https:\\\/\\\/ruishengglassco.com\\\/re024-500ml-700ml-750ml-old-design-whisky-bottles-manufacturers#breadcrumb\",\"itemListElement\":[{\"@type\":\"ListItem\",\"position\":1,\"name\":\"Home\",\"item\":\"https:\\\/\\\/glassbottlewholesale.com\\\/\"},{\"@type\":\"ListItem\",\"position\":2,\"name\":\"Products\",\"item\":\"https:\\\/\\\/glassbottlewholesale.com\\\/shop\\\/\"},{\"@type\":\"ListItem\",\"position\":3,\"name\":\"RE024 500ml\\\/700ml\\\/750ml Old Design Whisky Bottles Wholesale\"}]},{\"@type\":\"WebSite\",\"@id\":\"https:\\\/\\\/glassbottlewholesale.com\\\/#website\",\"url\":\"https:\\\/\\\/glassbottlewholesale.com\\\/\",\"name\":\"Glass Bottle Wholesale\",\"description\":\"\",\"publisher\":{\"@id\":\"https:\\\/\\\/glassbottlewholesale.com\\\/#organization\"},\"potentialAction\":[{\"@type\":\"SearchAction\",\"target\":{\"@type\":\"EntryPoint\",\"urlTemplate\":\"https:\\\/\\\/glassbottlewholesale.com\\\/?s={search_term_string}\"},\"query-input\":{\"@type\":\"PropertyValueSpecification\",\"valueRequired\":true,\"valueName\":\"search_term_string\"}}],\"inLanguage\":\"pt-PT\"},{\"@type\":\"Organization\",\"@id\":\"https:\\\/\\\/glassbottlewholesale.com\\\/#organization\",\"name\":\"Glass Bottle Wholesale\",\"url\":\"https:\\\/\\\/glassbottlewholesale.com\\\/\",\"logo\":{\"@type\":\"ImageObject\",\"inLanguage\":\"pt-PT\",\"@id\":\"https:\\\/\\\/glassbottlewholesale.com\\\/#\\\/schema\\\/logo\\\/image\\\/\",\"url\":\"https:\\\/\\\/glassbottlewholesale.com\\\/wp-content\\\/uploads\\\/2023\\\/12\\\/ruisheng-logo.webp\",\"contentUrl\":\"https:\\\/\\\/glassbottlewholesale.com\\\/wp-content\\\/uploads\\\/2023\\\/12\\\/ruisheng-logo.webp\",\"width\":400,\"height\":233,\"caption\":\"Glass Bottle Wholesale\"},\"image\":{\"@id\":\"https:\\\/\\\/glassbottlewholesale.com\\\/#\\\/schema\\\/logo\\\/image\\\/\"}}]}<\/script>\n<!-- \/ Yoast SEO plugin. -->","yoast_head_json":{"title":"Old Whisky Bottles Wholesale | Best Whiskey Bottles Manufacturer","description":"Want to buy Old Whisky Bottles Wholesale? Click here to get whisky bottle from best whiskey bottles manufacturer China.","robots":{"index":"index","follow":"follow","max-snippet":"max-snippet:-1","max-image-preview":"max-image-preview:large","max-video-preview":"max-video-preview:-1"},"canonical":"https:\/\/ruishengglassco.com\/re024-500ml-700ml-750ml-old-design-whisky-bottles-manufacturers","og_locale":"pt_PT","og_type":"article","og_title":"Old Whisky Bottles Wholesale | Best Whiskey Bottles Manufacturer","og_description":"Want to buy Old Whisky Bottles Wholesale? Click here to get whisky bottle from best whiskey bottles manufacturer China.","og_url":"https:\/\/ruishengglassco.com\/re024-500ml-700ml-750ml-old-design-whisky-bottles-manufacturers","og_site_name":"Glass Bottle Wholesale","article_modified_time":"2026-01-26T05:20:09+00:00","og_image":[{"width":800,"height":800,"url":"https:\/\/glassbottlewholesale.com\/wp-content\/uploads\/2024\/04\/glass-bottle-manufacturing-31-2.png","type":"image\/png"}],"twitter_card":"summary_large_image","twitter_misc":{"Tempo estimado de leitura":"2 minutos"},"schema":{"@context":"https:\/\/schema.org","@graph":[{"@type":"WebPage","@id":"https:\/\/glassbottlewholesale.com\/500ml-700ml-750ml-old-design-whisky-bottles-wholesale\/","url":"https:\/\/ruishengglassco.com\/re024-500ml-700ml-750ml-old-design-whisky-bottles-manufacturers","name":"Old Whisky Bottles Wholesale | Best Whiskey Bottles Manufacturer","isPartOf":{"@id":"https:\/\/glassbottlewholesale.com\/#website"},"primaryImageOfPage":{"@id":"https:\/\/ruishengglassco.com\/re024-500ml-700ml-750ml-old-design-whisky-bottles-manufacturers#primaryimage"},"image":{"@id":"https:\/\/ruishengglassco.com\/re024-500ml-700ml-750ml-old-design-whisky-bottles-manufacturers#primaryimage"},"thumbnailUrl":"https:\/\/glassbottlewholesale.com\/wp-content\/uploads\/2024\/04\/glass-bottle-manufacturing-31-2.png","datePublished":"2021-01-26T03:27:47+00:00","dateModified":"2026-01-26T05:20:09+00:00","description":"Want to buy Old Whisky Bottles Wholesale? Click here to get whisky bottle from best whiskey bottles manufacturer China.","breadcrumb":{"@id":"https:\/\/ruishengglassco.com\/re024-500ml-700ml-750ml-old-design-whisky-bottles-manufacturers#breadcrumb"},"inLanguage":"pt-PT","potentialAction":[{"@type":"ReadAction","target":["https:\/\/ruishengglassco.com\/re024-500ml-700ml-750ml-old-design-whisky-bottles-manufacturers"]}]},{"@type":"ImageObject","inLanguage":"pt-PT","@id":"https:\/\/ruishengglassco.com\/re024-500ml-700ml-750ml-old-design-whisky-bottles-manufacturers#primaryimage","url":"https:\/\/glassbottlewholesale.com\/wp-content\/uploads\/2024\/04\/glass-bottle-manufacturing-31-2.png","contentUrl":"https:\/\/glassbottlewholesale.com\/wp-content\/uploads\/2024\/04\/glass-bottle-manufacturing-31-2.png","width":800,"height":800,"caption":"RE024 500ml\/700ml\/750ml Old Design Whisky Bottles Wholesale"},{"@type":"BreadcrumbList","@id":"https:\/\/ruishengglassco.com\/re024-500ml-700ml-750ml-old-design-whisky-bottles-manufacturers#breadcrumb","itemListElement":[{"@type":"ListItem","position":1,"name":"Home","item":"https:\/\/glassbottlewholesale.com\/"},{"@type":"ListItem","position":2,"name":"Products","item":"https:\/\/glassbottlewholesale.com\/shop\/"},{"@type":"ListItem","position":3,"name":"RE024 500ml\/700ml\/750ml Old Design Whisky Bottles Wholesale"}]},{"@type":"WebSite","@id":"https:\/\/glassbottlewholesale.com\/#website","url":"https:\/\/glassbottlewholesale.com\/","name":"Glass Bottle Wholesale","description":"","publisher":{"@id":"https:\/\/glassbottlewholesale.com\/#organization"},"potentialAction":[{"@type":"SearchAction","target":{"@type":"EntryPoint","urlTemplate":"https:\/\/glassbottlewholesale.com\/?s={search_term_string}"},"query-input":{"@type":"PropertyValueSpecification","valueRequired":true,"valueName":"search_term_string"}}],"inLanguage":"pt-PT"},{"@type":"Organization","@id":"https:\/\/glassbottlewholesale.com\/#organization","name":"Glass Bottle Wholesale","url":"https:\/\/glassbottlewholesale.com\/","logo":{"@type":"ImageObject","inLanguage":"pt-PT","@id":"https:\/\/glassbottlewholesale.com\/#\/schema\/logo\/image\/","url":"https:\/\/glassbottlewholesale.com\/wp-content\/uploads\/2023\/12\/ruisheng-logo.webp","contentUrl":"https:\/\/glassbottlewholesale.com\/wp-content\/uploads\/2023\/12\/ruisheng-logo.webp","width":400,"height":233,"caption":"Glass Bottle Wholesale"},"image":{"@id":"https:\/\/glassbottlewholesale.com\/#\/schema\/logo\/image\/"}}]}},"_links":{"self":[{"href":"https:\/\/glassbottlewholesale.com\/pt\/wp-json\/wp\/v2\/product\/2451","targetHints":{"allow":["GET"]}}],"collection":[{"href":"https:\/\/glassbottlewholesale.com\/pt\/wp-json\/wp\/v2\/product"}],"about":[{"href":"https:\/\/glassbottlewholesale.com\/pt\/wp-json\/wp\/v2\/types\/product"}],"replies":[{"embeddable":true,"href":"https:\/\/glassbottlewholesale.com\/pt\/wp-json\/wp\/v2\/comments?post=2451"}],"wp:featuredmedia":[{"embeddable":true,"href":"https:\/\/glassbottlewholesale.com\/pt\/wp-json\/wp\/v2\/media\/4781"}],"wp:attachment":[{"href":"https:\/\/glassbottlewholesale.com\/pt\/wp-json\/wp\/v2\/media?parent=2451"}],"wp:term":[{"taxonomy":"product_brand","embeddable":true,"href":"https:\/\/glassbottlewholesale.com\/pt\/wp-json\/wp\/v2\/product_brand?post=2451"},{"taxonomy":"product_cat","embeddable":true,"href":"https:\/\/glassbottlewholesale.com\/pt\/wp-json\/wp\/v2\/product_cat?post=2451"},{"taxonomy":"product_tag","embeddable":true,"href":"https:\/\/glassbottlewholesale.com\/pt\/wp-json\/wp\/v2\/product_tag?post=2451"}],"curies":[{"name":"wp","href":"https:\/\/api.w.org\/{rel}","templated":true}]}}