{"id":2467,"date":"2021-02-20T09:23:16","date_gmt":"2021-02-20T09:23:16","guid":{"rendered":"https:\/\/glassbottlewholesale.com\/?post_type=product&#038;p=2467"},"modified":"2025-06-23T09:24:32","modified_gmt":"2025-06-23T09:24:32","slug":"garrafa-de-vidro-personalizada-de-750ml-para-whisky-xo-brandy","status":"publish","type":"product","link":"https:\/\/glassbottlewholesale.com\/pt\/garrafa-de-vidro-personalizada-de-750ml-para-whisky-xo-brandy\/","title":{"rendered":"RS022 Garrafa de vidro personalizada de 750ml para XO\/Brandy\/Whisky"},"content":{"rendered":"<h2>Informa\u00e7\u00f5es detalhadas sobre garrafa de vidro personalizada de 750ml para XO\/Brandy\/Whisky<\/h2>\n<p>Esta garrafa de vidro personalizada de 750ml da s\u00e9rie \u00e9 principalmente para XO\/Brandy\/Whisky. Frasco de vidro personalizado desenhado pelo designer-chefe Giugiaro da Royal Belgian Academy. O design exclusivo faz com que as pessoas que o virem se sintam atra\u00eddas pela primeira vez.<\/p>\n<p>A garrafa de vidro personalizada de 750 ml \u00e9 fabricada usando o processo automatizado de produ\u00e7\u00e3o de garrafas de vidro mais avan\u00e7ado do mundo. Foi feito com vidro de alta pederneira para demonstrar o temperamento nobre da marca.<\/p>\n<p>Como fabricante e f\u00e1brica profissional de garrafas de bebidas alco\u00f3licas, nossa empresa tamb\u00e9m fornece servi\u00e7o OEM \/ ODM para marcas e empresas de bebidas alco\u00f3licas. Oferecemos aos clientes moldes gratuitos para garrafas de vidro para voc\u00ea escolher. Tamb\u00e9m pode ser produzido de acordo com desenhos fornecidos pelo usu\u00e1rio.<\/p>\n<h4>Preocupa\u00e7\u00f5es do cliente<\/h4>\n<ol>\n<li><strong>O MOQ da garrafa de vidro personalizada de 750ml\u00a0<\/strong><\/li>\n<\/ol>\n<p>Como fabricante profissional de garrafas de u\u00edsque, fornecemos apenas servi\u00e7o de atacado de garrafa de vidro personalizada de 750ml, n\u00e3o no varejo. Tendo em conta a nossa base de clientes, embalagem, envio e outros factores, a nossa <strong>Quantidade m\u00ednima \u00e9\u00a0<span class=\"mceItemHidden\">10.000 unidades (cerca de 20.000 unidades)<\/span><\/strong><\/p>\n<p><strong>2. Sobre a embalagem<\/strong><\/p>\n<p>Como todos sabemos, as garrafas de vidro s\u00e3o produtos fr\u00e1geis, por isso \u00e9 preciso estar atento \u00e0 embalagem. Usamos embalagem segura, como embalagem a granel de caixa interna\/caixa colorida\/caixa branca\/caixa de exibi\u00e7\u00e3o\/palete de exporta\u00e7\u00e3o padr\u00e3o a pedido do cliente.<\/p>\n<p><strong>3. Sobre o prazo de entrega<\/strong><\/p>\n<ul>\n<li>Para estoque pronto: 7 dias ap\u00f3s o recebimento do pagamento.<\/li>\n<li>Para produtos fora de estoque: 25 a 40 dias ap\u00f3s o recebimento do pagamento.<\/li>\n<\/ul>","protected":false},"excerpt":{"rendered":"<p>Garrafa de vidro personalizada de 750 ml para XO, conhaque e u\u00edsque do principal fabricante de garrafas de licor da China - Ruisheng. Ruisheng, um fabricante profissional de garrafas de vidro com mais de 10 anos de experi\u00eancia em design e fabrica\u00e7\u00e3o de garrafas de vidro. Nossa garrafa de vidro de 750ml no atacado \u00e9 projetada principalmente para embalagens de bebidas alco\u00f3licas, u\u00edsque, brandy, XO, conhaque e tequila.<\/p>\n<p>Informa\u00e7\u00f5es para pedidos sobre garrafa de vidro personalizada de 750 ml para XO, conhaque, u\u00edsque<\/p>\n<ul>\n<li><strong>Quantidade m\u00ednima: 10.000 unidades (cerca de 20.000 unidades)<\/strong><\/li>\n<li>Capacidade: 750ml (servi\u00e7o personalizado dispon\u00edvel)<\/li>\n<li>Cor: Transparente<\/li>\n<li>Servi\u00e7o personalizado oferecido: tamanho, capacidade, padr\u00e3o, cor, rolha, logotipo, impress\u00e3o, etc.<\/li>\n<\/ul>\n<p>Se voc\u00ea quiser personalizar uma garrafa de vidro para sua marca, sinta-se \u00e0 vontade para <a href=\"https:\/\/ruishengglassco.com\/contact\" target=\"_blank\" rel=\"noopener\">Contate-nos.<\/a><\/p>","protected":false},"featured_media":0,"comment_status":"open","ping_status":"closed","template":"","meta":[],"product_brand":[],"product_cat":[52,68,61],"product_tag":[],"class_list":{"0":"post-2467","1":"product","2":"type-product","3":"status-publish","5":"product_cat-750ml-glass-bottle","6":"product_cat-whiskey-bottle","7":"product_cat-xo-brandy-bottle","8":"entry","9":"no-media","11":"first","12":"instock","13":"shipping-taxable","14":"product-type-simple"},"yoast_head":"<!-- This site is optimized with the Yoast SEO plugin v27.3 - https:\/\/yoast.com\/product\/yoast-seo-wordpress\/ -->\n<title>RS022 Custom 750ml Glass Bottle For XO\/Brandy\/Whisky - Glass Bottle Wholesale<\/title>\n<meta name=\"description\" content=\"Custom 750ml Glass Bottle For XO\/Brandy\/Whisky From China Top Glass Bottle Manufacturer. Factory Outlet&amp;Free Sample Offered.\" \/>\n<meta name=\"robots\" content=\"index, follow, max-snippet:-1, max-image-preview:large, max-video-preview:-1\" \/>\n<link rel=\"canonical\" href=\"https:\/\/ruishengglassco.com\/product\/rs022-custom-750ml-glass-bottle-for-xo-brandy-whisky\" \/>\n<meta property=\"og:locale\" content=\"pt_PT\" \/>\n<meta property=\"og:type\" content=\"article\" \/>\n<meta property=\"og:title\" content=\"RS022 Custom 750ml Glass Bottle For XO\/Brandy\/Whisky - Glass Bottle Wholesale\" \/>\n<meta property=\"og:description\" content=\"Custom 750ml Glass Bottle For XO\/Brandy\/Whisky From China Top Glass Bottle Manufacturer. Factory Outlet&amp;Free Sample Offered.\" \/>\n<meta property=\"og:url\" content=\"https:\/\/ruishengglassco.com\/product\/rs022-custom-750ml-glass-bottle-for-xo-brandy-whisky\" \/>\n<meta property=\"og:site_name\" content=\"Glass Bottle Wholesale\" \/>\n<meta property=\"article:modified_time\" content=\"2025-06-23T09:24:32+00:00\" \/>\n<meta name=\"twitter:card\" content=\"summary_large_image\" \/>\n<meta name=\"twitter:label1\" content=\"Tempo estimado de leitura\" \/>\n\t<meta name=\"twitter:data1\" content=\"2 minutos\" \/>\n<script type=\"application\/ld+json\" class=\"yoast-schema-graph\">{\"@context\":\"https:\\\/\\\/schema.org\",\"@graph\":[{\"@type\":\"WebPage\",\"@id\":\"https:\\\/\\\/glassbottlewholesale.com\\\/custom-750ml-glass-bottle-for-xo-brandy-whisky\\\/\",\"url\":\"https:\\\/\\\/ruishengglassco.com\\\/product\\\/rs022-custom-750ml-glass-bottle-for-xo-brandy-whisky\",\"name\":\"RS022 Custom 750ml Glass Bottle For XO\\\/Brandy\\\/Whisky - Glass Bottle Wholesale\",\"isPartOf\":{\"@id\":\"https:\\\/\\\/glassbottlewholesale.com\\\/#website\"},\"datePublished\":\"2021-02-20T09:23:16+00:00\",\"dateModified\":\"2025-06-23T09:24:32+00:00\",\"description\":\"Custom 750ml Glass Bottle For XO\\\/Brandy\\\/Whisky From China Top Glass Bottle Manufacturer. Factory Outlet&Free Sample Offered.\",\"breadcrumb\":{\"@id\":\"https:\\\/\\\/ruishengglassco.com\\\/product\\\/rs022-custom-750ml-glass-bottle-for-xo-brandy-whisky#breadcrumb\"},\"inLanguage\":\"pt-PT\",\"potentialAction\":[{\"@type\":\"ReadAction\",\"target\":[\"https:\\\/\\\/ruishengglassco.com\\\/product\\\/rs022-custom-750ml-glass-bottle-for-xo-brandy-whisky\"]}]},{\"@type\":\"BreadcrumbList\",\"@id\":\"https:\\\/\\\/ruishengglassco.com\\\/product\\\/rs022-custom-750ml-glass-bottle-for-xo-brandy-whisky#breadcrumb\",\"itemListElement\":[{\"@type\":\"ListItem\",\"position\":1,\"name\":\"Home\",\"item\":\"https:\\\/\\\/glassbottlewholesale.com\\\/\"},{\"@type\":\"ListItem\",\"position\":2,\"name\":\"Products\",\"item\":\"https:\\\/\\\/glassbottlewholesale.com\\\/shop\\\/\"},{\"@type\":\"ListItem\",\"position\":3,\"name\":\"RS022 Custom 750ml Glass Bottle For XO\\\/Brandy\\\/Whisky\"}]},{\"@type\":\"WebSite\",\"@id\":\"https:\\\/\\\/glassbottlewholesale.com\\\/#website\",\"url\":\"https:\\\/\\\/glassbottlewholesale.com\\\/\",\"name\":\"Glass Bottle Wholesale\",\"description\":\"\",\"publisher\":{\"@id\":\"https:\\\/\\\/glassbottlewholesale.com\\\/#organization\"},\"potentialAction\":[{\"@type\":\"SearchAction\",\"target\":{\"@type\":\"EntryPoint\",\"urlTemplate\":\"https:\\\/\\\/glassbottlewholesale.com\\\/?s={search_term_string}\"},\"query-input\":{\"@type\":\"PropertyValueSpecification\",\"valueRequired\":true,\"valueName\":\"search_term_string\"}}],\"inLanguage\":\"pt-PT\"},{\"@type\":\"Organization\",\"@id\":\"https:\\\/\\\/glassbottlewholesale.com\\\/#organization\",\"name\":\"Glass Bottle Wholesale\",\"url\":\"https:\\\/\\\/glassbottlewholesale.com\\\/\",\"logo\":{\"@type\":\"ImageObject\",\"inLanguage\":\"pt-PT\",\"@id\":\"https:\\\/\\\/glassbottlewholesale.com\\\/#\\\/schema\\\/logo\\\/image\\\/\",\"url\":\"https:\\\/\\\/glassbottlewholesale.com\\\/wp-content\\\/uploads\\\/2023\\\/12\\\/ruisheng-logo.webp\",\"contentUrl\":\"https:\\\/\\\/glassbottlewholesale.com\\\/wp-content\\\/uploads\\\/2023\\\/12\\\/ruisheng-logo.webp\",\"width\":400,\"height\":233,\"caption\":\"Glass Bottle Wholesale\"},\"image\":{\"@id\":\"https:\\\/\\\/glassbottlewholesale.com\\\/#\\\/schema\\\/logo\\\/image\\\/\"}}]}<\/script>\n<!-- \/ Yoast SEO plugin. -->","yoast_head_json":{"title":"RS022 Custom 750ml Glass Bottle For XO\/Brandy\/Whisky - Glass Bottle Wholesale","description":"Garrafa de vidro personalizada de 750ml para XO\/Brandy\/Whisky do principal fabricante de garrafas de vidro da China. Tomada de f\u00e1brica e amostra gr\u00e1tis oferecida.","robots":{"index":"index","follow":"follow","max-snippet":"max-snippet:-1","max-image-preview":"max-image-preview:large","max-video-preview":"max-video-preview:-1"},"canonical":"https:\/\/ruishengglassco.com\/product\/rs022-custom-750ml-glass-bottle-for-xo-brandy-whisky","og_locale":"pt_PT","og_type":"article","og_title":"RS022 Custom 750ml Glass Bottle For XO\/Brandy\/Whisky - Glass Bottle Wholesale","og_description":"Custom 750ml Glass Bottle For XO\/Brandy\/Whisky From China Top Glass Bottle Manufacturer. Factory Outlet&Free Sample Offered.","og_url":"https:\/\/ruishengglassco.com\/product\/rs022-custom-750ml-glass-bottle-for-xo-brandy-whisky","og_site_name":"Glass Bottle Wholesale","article_modified_time":"2025-06-23T09:24:32+00:00","twitter_card":"summary_large_image","twitter_misc":{"Tempo estimado de leitura":"2 minutos"},"schema":{"@context":"https:\/\/schema.org","@graph":[{"@type":"WebPage","@id":"https:\/\/glassbottlewholesale.com\/custom-750ml-glass-bottle-for-xo-brandy-whisky\/","url":"https:\/\/ruishengglassco.com\/product\/rs022-custom-750ml-glass-bottle-for-xo-brandy-whisky","name":"RS022 Custom 750ml Glass Bottle For XO\/Brandy\/Whisky - Glass Bottle Wholesale","isPartOf":{"@id":"https:\/\/glassbottlewholesale.com\/#website"},"datePublished":"2021-02-20T09:23:16+00:00","dateModified":"2025-06-23T09:24:32+00:00","description":"Garrafa de vidro personalizada de 750ml para XO\/Brandy\/Whisky do principal fabricante de garrafas de vidro da China. Tomada de f\u00e1brica e amostra gr\u00e1tis oferecida.","breadcrumb":{"@id":"https:\/\/ruishengglassco.com\/product\/rs022-custom-750ml-glass-bottle-for-xo-brandy-whisky#breadcrumb"},"inLanguage":"pt-PT","potentialAction":[{"@type":"ReadAction","target":["https:\/\/ruishengglassco.com\/product\/rs022-custom-750ml-glass-bottle-for-xo-brandy-whisky"]}]},{"@type":"BreadcrumbList","@id":"https:\/\/ruishengglassco.com\/product\/rs022-custom-750ml-glass-bottle-for-xo-brandy-whisky#breadcrumb","itemListElement":[{"@type":"ListItem","position":1,"name":"Home","item":"https:\/\/glassbottlewholesale.com\/"},{"@type":"ListItem","position":2,"name":"Products","item":"https:\/\/glassbottlewholesale.com\/shop\/"},{"@type":"ListItem","position":3,"name":"RS022 Custom 750ml Glass Bottle For XO\/Brandy\/Whisky"}]},{"@type":"WebSite","@id":"https:\/\/glassbottlewholesale.com\/#website","url":"https:\/\/glassbottlewholesale.com\/","name":"Glass Bottle Wholesale","description":"","publisher":{"@id":"https:\/\/glassbottlewholesale.com\/#organization"},"potentialAction":[{"@type":"SearchAction","target":{"@type":"EntryPoint","urlTemplate":"https:\/\/glassbottlewholesale.com\/?s={search_term_string}"},"query-input":{"@type":"PropertyValueSpecification","valueRequired":true,"valueName":"search_term_string"}}],"inLanguage":"pt-PT"},{"@type":"Organization","@id":"https:\/\/glassbottlewholesale.com\/#organization","name":"Glass Bottle Wholesale","url":"https:\/\/glassbottlewholesale.com\/","logo":{"@type":"ImageObject","inLanguage":"pt-PT","@id":"https:\/\/glassbottlewholesale.com\/#\/schema\/logo\/image\/","url":"https:\/\/glassbottlewholesale.com\/wp-content\/uploads\/2023\/12\/ruisheng-logo.webp","contentUrl":"https:\/\/glassbottlewholesale.com\/wp-content\/uploads\/2023\/12\/ruisheng-logo.webp","width":400,"height":233,"caption":"Glass Bottle Wholesale"},"image":{"@id":"https:\/\/glassbottlewholesale.com\/#\/schema\/logo\/image\/"}}]}},"_links":{"self":[{"href":"https:\/\/glassbottlewholesale.com\/pt\/wp-json\/wp\/v2\/product\/2467","targetHints":{"allow":["GET"]}}],"collection":[{"href":"https:\/\/glassbottlewholesale.com\/pt\/wp-json\/wp\/v2\/product"}],"about":[{"href":"https:\/\/glassbottlewholesale.com\/pt\/wp-json\/wp\/v2\/types\/product"}],"replies":[{"embeddable":true,"href":"https:\/\/glassbottlewholesale.com\/pt\/wp-json\/wp\/v2\/comments?post=2467"}],"wp:attachment":[{"href":"https:\/\/glassbottlewholesale.com\/pt\/wp-json\/wp\/v2\/media?parent=2467"}],"wp:term":[{"taxonomy":"product_brand","embeddable":true,"href":"https:\/\/glassbottlewholesale.com\/pt\/wp-json\/wp\/v2\/product_brand?post=2467"},{"taxonomy":"product_cat","embeddable":true,"href":"https:\/\/glassbottlewholesale.com\/pt\/wp-json\/wp\/v2\/product_cat?post=2467"},{"taxonomy":"product_tag","embeddable":true,"href":"https:\/\/glassbottlewholesale.com\/pt\/wp-json\/wp\/v2\/product_tag?post=2467"}],"curies":[{"name":"wp","href":"https:\/\/api.w.org\/{rel}","templated":true}]}}