{"id":2481,"date":"2021-03-01T08:50:51","date_gmt":"2021-03-01T08:50:51","guid":{"rendered":"https:\/\/glassbottlewholesale.com\/?post_type=product&#038;p=2481"},"modified":"2025-06-23T09:22:16","modified_gmt":"2025-06-23T09:22:16","slug":"garrafas-de-licor-por-atacado-750ml-700ml-para-rum-gin-whisky","status":"publish","type":"product","link":"https:\/\/glassbottlewholesale.com\/pt\/garrafas-de-licor-por-atacado-750ml-700ml-para-rum-gin-whisky\/","title":{"rendered":"RS021: Garrafas de licor por atacado 750ml\/700ml para rum\/gin\/u\u00edsque"},"content":{"rendered":"<h2>Uma informa\u00e7\u00e3o detalhada sobre as garrafas de licor por atacado 750ml\/700ml para Rum\/Gin\/ Whiskey<\/h2>\n<p>Esta s\u00e9rie de garrafas de licor por atacado de 750ml adota material de vidro de s\u00edlex alto, adequado para licor, u\u00edsque, conhaque, rum, gim e outras embalagens de licor.<\/p>\n<p>Como uma empresa profissional de fabrico de garrafas de vidro, a Ruisheng fornece servi\u00e7os OEM e ODM para os nossos clientes. Pode personalizar log\u00f3tipos e r\u00f3tulos de garrafas de licor para a sua marca.<\/p>\n<p>Na Ruisheng, esperamos que possa encontrar os estilos e formas mais elegantes de garrafas de vidro para atender \u00e0s suas necessidades de fabrico em grande escala. Pode contactar diretamente o nosso departamento de vendas atrav\u00e9s de <a href=\"https:\/\/ruishengglassco.com\/contact\" target=\"_blank\" rel=\"noopener\">clicando aqui <\/a>e informar o nosso departamento de vendas do que procura.<\/p>\n<ul>\n<li>Nome do modelo: Garrafa de licor por atacado 750ml<\/li>\n<li>N\u00famero do modelo: Ruisheng021<\/li>\n<li>Marca: RUISHENG<\/li>\n<li><strong>Quantidade m\u00ednima: 10000 pe\u00e7as<\/strong><\/li>\n<li>Capacidade: 500ml\/700ml\/750ml\/personalizado<\/li>\n<li>Manuseio de superf\u00edcie: Hot Stamping, Frost, Decal, Emboss, Serigrafia<\/li>\n<li>Material: Vidro Super Flint<\/li>\n<li>Material do colar: garrafa de vidro transparente<\/li>\n<li>Tipo de veda\u00e7\u00e3o: tampa de rosca, corti\u00e7a, tampa de vidro, tampa girat\u00f3ria<\/li>\n<li>Uso: garrafa de rum\/gin\/u\u00edsque<\/li>\n<li>Local de origem: Shandong, China<\/li>\n<li>pacote: caixas e paletes padr\u00e3o de exporta\u00e7\u00e3o<\/li>\n<li>Servi\u00e7o: Servi\u00e7o OEM\/ODM<\/li>\n<\/ul>\n<p>&nbsp;<\/p>","protected":false},"excerpt":{"rendered":"<p>Ruisheng, uma das principais empresas de fabrica\u00e7\u00e3o de garrafas de vidro na China, fornece garrafas de licor por atacado 750ml para o castelo, marca de licor e empresas.  Com mais de 10 anos de experi\u00eancia no fabrico de garrafas de licor de vidro, a nossa garrafa de licor de vidro ganha o reconhecimento do mercado e exporta para os EUA, Canad\u00e1, Fran\u00e7a, Gr\u00e3-Bretanha, Jap\u00e3o, Coreia do Sul e mais de 20 pa\u00edses e regi\u00f5es.<\/p>\n<h4>Aqui est\u00e1 a informa\u00e7\u00e3o sobre a encomenda de Garrafas de licor por grosso 750ml<\/h4>\n<ul>\n<li>N.\u00ba:Ruisheng-1008<\/li>\n<li><strong>MOQ: 10000PCS<\/strong><\/li>\n<li>Material: Vidro super flint<\/li>\n<li><strong>Servi\u00e7o OEM\/ODM oferecido<\/strong><\/li>\n<li>Tipo de veda\u00e7\u00e3o: Topo de corti\u00e7a\/tampa de rosca<\/li>\n<li>Especifica\u00e7\u00e3o: 50ml-1500ml<\/li>\n<li>M\u00e9todo de embalagem: Embalagem padr\u00e3o de exporta\u00e7\u00e3o ou embalagem personalizada<\/li>\n<li>Prazo de entrega: Dentro de 20-30 dias, de acordo com o tamanho e a quantidade pretendidos.<\/li>\n<\/ul>\n<p>Se quiser obter o pre\u00e7o das garrafas de licor por atacado, clique aqui para <a href=\"https:\/\/ruishengglassco.com\/contact\" target=\"_blank\" rel=\"noopener\">Contate-nos.<\/a><\/p>","protected":false},"featured_media":4490,"comment_status":"open","ping_status":"closed","template":"","meta":[],"product_brand":[],"product_cat":[51,52,64,63,65],"product_tag":[],"class_list":{"0":"post-2481","1":"product","2":"type-product","3":"status-publish","4":"has-post-thumbnail","6":"product_cat-700ml-glass-bottle","7":"product_cat-750ml-glass-bottle","8":"product_cat-gin-bottle","9":"product_cat-liquor-bottle","10":"product_cat-rum-bottle","11":"entry","12":"has-media","14":"first","15":"instock","16":"shipping-taxable","17":"product-type-simple"},"yoast_head":"<!-- This site is optimized with the Yoast SEO plugin v27.3 - https:\/\/yoast.com\/product\/yoast-seo-wordpress\/ -->\n<title>Wholesale Liquor Bottles 750ml | Glass Bottle Manufacturing Companies<\/title>\n<meta name=\"description\" content=\"Ruisheng, One of the leading glass bottle manufacturing companies in China, provide wholesale liquor bottles 750ml in cheap price.\" \/>\n<meta name=\"robots\" content=\"index, follow, max-snippet:-1, max-image-preview:large, max-video-preview:-1\" \/>\n<link rel=\"canonical\" href=\"https:\/\/ruishengglassco.com\/product\/rs021-wholesale-liquor-bottles-750ml-700ml-for-rum-gin-whiskey\" \/>\n<meta property=\"og:locale\" content=\"pt_PT\" \/>\n<meta property=\"og:type\" content=\"article\" \/>\n<meta property=\"og:title\" content=\"Wholesale Liquor Bottles 750ml | Glass Bottle Manufacturing Companies\" \/>\n<meta property=\"og:description\" content=\"Ruisheng, One of the leading glass bottle manufacturing companies in China, provide wholesale liquor bottles 750ml in cheap price.\" \/>\n<meta property=\"og:url\" content=\"https:\/\/ruishengglassco.com\/product\/rs021-wholesale-liquor-bottles-750ml-700ml-for-rum-gin-whiskey\" \/>\n<meta property=\"og:site_name\" content=\"Glass Bottle Wholesale\" \/>\n<meta property=\"article:modified_time\" content=\"2025-06-23T09:22:16+00:00\" \/>\n<meta property=\"og:image\" content=\"https:\/\/glassbottlewholesale.com\/wp-content\/uploads\/2024\/01\/rs021-1.jpg\" \/>\n\t<meta property=\"og:image:width\" content=\"800\" \/>\n\t<meta property=\"og:image:height\" content=\"800\" \/>\n\t<meta property=\"og:image:type\" content=\"image\/jpeg\" \/>\n<meta name=\"twitter:card\" content=\"summary_large_image\" \/>\n<meta name=\"twitter:label1\" content=\"Tempo estimado de leitura\" \/>\n\t<meta name=\"twitter:data1\" content=\"1 minuto\" \/>\n<script type=\"application\/ld+json\" class=\"yoast-schema-graph\">{\"@context\":\"https:\\\/\\\/schema.org\",\"@graph\":[{\"@type\":\"WebPage\",\"@id\":\"https:\\\/\\\/glassbottlewholesale.com\\\/wholesale-liquor-bottles-750ml-700ml-for-rum-gin-whiskey\\\/\",\"url\":\"https:\\\/\\\/ruishengglassco.com\\\/product\\\/rs021-wholesale-liquor-bottles-750ml-700ml-for-rum-gin-whiskey\",\"name\":\"Wholesale Liquor Bottles 750ml | Glass Bottle Manufacturing Companies\",\"isPartOf\":{\"@id\":\"https:\\\/\\\/glassbottlewholesale.com\\\/#website\"},\"primaryImageOfPage\":{\"@id\":\"https:\\\/\\\/ruishengglassco.com\\\/product\\\/rs021-wholesale-liquor-bottles-750ml-700ml-for-rum-gin-whiskey#primaryimage\"},\"image\":{\"@id\":\"https:\\\/\\\/ruishengglassco.com\\\/product\\\/rs021-wholesale-liquor-bottles-750ml-700ml-for-rum-gin-whiskey#primaryimage\"},\"thumbnailUrl\":\"https:\\\/\\\/glassbottlewholesale.com\\\/wp-content\\\/uploads\\\/2024\\\/01\\\/rs021-1.jpg\",\"datePublished\":\"2021-03-01T08:50:51+00:00\",\"dateModified\":\"2025-06-23T09:22:16+00:00\",\"description\":\"Ruisheng, One of the leading glass bottle manufacturing companies in China, provide wholesale liquor bottles 750ml in cheap price.\",\"breadcrumb\":{\"@id\":\"https:\\\/\\\/ruishengglassco.com\\\/product\\\/rs021-wholesale-liquor-bottles-750ml-700ml-for-rum-gin-whiskey#breadcrumb\"},\"inLanguage\":\"pt-PT\",\"potentialAction\":[{\"@type\":\"ReadAction\",\"target\":[\"https:\\\/\\\/ruishengglassco.com\\\/product\\\/rs021-wholesale-liquor-bottles-750ml-700ml-for-rum-gin-whiskey\"]}]},{\"@type\":\"ImageObject\",\"inLanguage\":\"pt-PT\",\"@id\":\"https:\\\/\\\/ruishengglassco.com\\\/product\\\/rs021-wholesale-liquor-bottles-750ml-700ml-for-rum-gin-whiskey#primaryimage\",\"url\":\"https:\\\/\\\/glassbottlewholesale.com\\\/wp-content\\\/uploads\\\/2024\\\/01\\\/rs021-1.jpg\",\"contentUrl\":\"https:\\\/\\\/glassbottlewholesale.com\\\/wp-content\\\/uploads\\\/2024\\\/01\\\/rs021-1.jpg\",\"width\":800,\"height\":800,\"caption\":\"Wholesale Liquor Bottles 750ml\\\/700ml For Rum\\\/Gin\\\/ Whiskey\"},{\"@type\":\"BreadcrumbList\",\"@id\":\"https:\\\/\\\/ruishengglassco.com\\\/product\\\/rs021-wholesale-liquor-bottles-750ml-700ml-for-rum-gin-whiskey#breadcrumb\",\"itemListElement\":[{\"@type\":\"ListItem\",\"position\":1,\"name\":\"Home\",\"item\":\"https:\\\/\\\/glassbottlewholesale.com\\\/\"},{\"@type\":\"ListItem\",\"position\":2,\"name\":\"Products\",\"item\":\"https:\\\/\\\/glassbottlewholesale.com\\\/shop\\\/\"},{\"@type\":\"ListItem\",\"position\":3,\"name\":\"RS021: Wholesale Liquor Bottles 750ml\\\/700ml For Rum\\\/Gin\\\/ Whiskey\"}]},{\"@type\":\"WebSite\",\"@id\":\"https:\\\/\\\/glassbottlewholesale.com\\\/#website\",\"url\":\"https:\\\/\\\/glassbottlewholesale.com\\\/\",\"name\":\"Glass Bottle Wholesale\",\"description\":\"\",\"publisher\":{\"@id\":\"https:\\\/\\\/glassbottlewholesale.com\\\/#organization\"},\"potentialAction\":[{\"@type\":\"SearchAction\",\"target\":{\"@type\":\"EntryPoint\",\"urlTemplate\":\"https:\\\/\\\/glassbottlewholesale.com\\\/?s={search_term_string}\"},\"query-input\":{\"@type\":\"PropertyValueSpecification\",\"valueRequired\":true,\"valueName\":\"search_term_string\"}}],\"inLanguage\":\"pt-PT\"},{\"@type\":\"Organization\",\"@id\":\"https:\\\/\\\/glassbottlewholesale.com\\\/#organization\",\"name\":\"Glass Bottle Wholesale\",\"url\":\"https:\\\/\\\/glassbottlewholesale.com\\\/\",\"logo\":{\"@type\":\"ImageObject\",\"inLanguage\":\"pt-PT\",\"@id\":\"https:\\\/\\\/glassbottlewholesale.com\\\/#\\\/schema\\\/logo\\\/image\\\/\",\"url\":\"https:\\\/\\\/glassbottlewholesale.com\\\/wp-content\\\/uploads\\\/2023\\\/12\\\/ruisheng-logo.webp\",\"contentUrl\":\"https:\\\/\\\/glassbottlewholesale.com\\\/wp-content\\\/uploads\\\/2023\\\/12\\\/ruisheng-logo.webp\",\"width\":400,\"height\":233,\"caption\":\"Glass Bottle Wholesale\"},\"image\":{\"@id\":\"https:\\\/\\\/glassbottlewholesale.com\\\/#\\\/schema\\\/logo\\\/image\\\/\"}}]}<\/script>\n<!-- \/ Yoast SEO plugin. -->","yoast_head_json":{"title":"Garrafas de licor por atacado 750ml | Empresas de fabrica\u00e7\u00e3o de garrafas de vidro","description":"Ruisheng, uma das principais empresas de fabrica\u00e7\u00e3o de garrafas de vidro na China, fornece garrafas de licor por atacado 750ml a pre\u00e7o barato.","robots":{"index":"index","follow":"follow","max-snippet":"max-snippet:-1","max-image-preview":"max-image-preview:large","max-video-preview":"max-video-preview:-1"},"canonical":"https:\/\/ruishengglassco.com\/product\/rs021-wholesale-liquor-bottles-750ml-700ml-for-rum-gin-whiskey","og_locale":"pt_PT","og_type":"article","og_title":"Wholesale Liquor Bottles 750ml | Glass Bottle Manufacturing Companies","og_description":"Ruisheng, One of the leading glass bottle manufacturing companies in China, provide wholesale liquor bottles 750ml in cheap price.","og_url":"https:\/\/ruishengglassco.com\/product\/rs021-wholesale-liquor-bottles-750ml-700ml-for-rum-gin-whiskey","og_site_name":"Glass Bottle Wholesale","article_modified_time":"2025-06-23T09:22:16+00:00","og_image":[{"width":800,"height":800,"url":"https:\/\/glassbottlewholesale.com\/wp-content\/uploads\/2024\/01\/rs021-1.jpg","type":"image\/jpeg"}],"twitter_card":"summary_large_image","twitter_misc":{"Tempo estimado de leitura":"1 minuto"},"schema":{"@context":"https:\/\/schema.org","@graph":[{"@type":"WebPage","@id":"https:\/\/glassbottlewholesale.com\/wholesale-liquor-bottles-750ml-700ml-for-rum-gin-whiskey\/","url":"https:\/\/ruishengglassco.com\/product\/rs021-wholesale-liquor-bottles-750ml-700ml-for-rum-gin-whiskey","name":"Garrafas de licor por atacado 750ml | Empresas de fabrica\u00e7\u00e3o de garrafas de vidro","isPartOf":{"@id":"https:\/\/glassbottlewholesale.com\/#website"},"primaryImageOfPage":{"@id":"https:\/\/ruishengglassco.com\/product\/rs021-wholesale-liquor-bottles-750ml-700ml-for-rum-gin-whiskey#primaryimage"},"image":{"@id":"https:\/\/ruishengglassco.com\/product\/rs021-wholesale-liquor-bottles-750ml-700ml-for-rum-gin-whiskey#primaryimage"},"thumbnailUrl":"https:\/\/glassbottlewholesale.com\/wp-content\/uploads\/2024\/01\/rs021-1.jpg","datePublished":"2021-03-01T08:50:51+00:00","dateModified":"2025-06-23T09:22:16+00:00","description":"Ruisheng, uma das principais empresas de fabrica\u00e7\u00e3o de garrafas de vidro na China, fornece garrafas de licor por atacado 750ml a pre\u00e7o barato.","breadcrumb":{"@id":"https:\/\/ruishengglassco.com\/product\/rs021-wholesale-liquor-bottles-750ml-700ml-for-rum-gin-whiskey#breadcrumb"},"inLanguage":"pt-PT","potentialAction":[{"@type":"ReadAction","target":["https:\/\/ruishengglassco.com\/product\/rs021-wholesale-liquor-bottles-750ml-700ml-for-rum-gin-whiskey"]}]},{"@type":"ImageObject","inLanguage":"pt-PT","@id":"https:\/\/ruishengglassco.com\/product\/rs021-wholesale-liquor-bottles-750ml-700ml-for-rum-gin-whiskey#primaryimage","url":"https:\/\/glassbottlewholesale.com\/wp-content\/uploads\/2024\/01\/rs021-1.jpg","contentUrl":"https:\/\/glassbottlewholesale.com\/wp-content\/uploads\/2024\/01\/rs021-1.jpg","width":800,"height":800,"caption":"Wholesale Liquor Bottles 750ml\/700ml For Rum\/Gin\/ Whiskey"},{"@type":"BreadcrumbList","@id":"https:\/\/ruishengglassco.com\/product\/rs021-wholesale-liquor-bottles-750ml-700ml-for-rum-gin-whiskey#breadcrumb","itemListElement":[{"@type":"ListItem","position":1,"name":"Home","item":"https:\/\/glassbottlewholesale.com\/"},{"@type":"ListItem","position":2,"name":"Products","item":"https:\/\/glassbottlewholesale.com\/shop\/"},{"@type":"ListItem","position":3,"name":"RS021: Wholesale Liquor Bottles 750ml\/700ml For Rum\/Gin\/ Whiskey"}]},{"@type":"WebSite","@id":"https:\/\/glassbottlewholesale.com\/#website","url":"https:\/\/glassbottlewholesale.com\/","name":"Glass Bottle Wholesale","description":"","publisher":{"@id":"https:\/\/glassbottlewholesale.com\/#organization"},"potentialAction":[{"@type":"SearchAction","target":{"@type":"EntryPoint","urlTemplate":"https:\/\/glassbottlewholesale.com\/?s={search_term_string}"},"query-input":{"@type":"PropertyValueSpecification","valueRequired":true,"valueName":"search_term_string"}}],"inLanguage":"pt-PT"},{"@type":"Organization","@id":"https:\/\/glassbottlewholesale.com\/#organization","name":"Glass Bottle Wholesale","url":"https:\/\/glassbottlewholesale.com\/","logo":{"@type":"ImageObject","inLanguage":"pt-PT","@id":"https:\/\/glassbottlewholesale.com\/#\/schema\/logo\/image\/","url":"https:\/\/glassbottlewholesale.com\/wp-content\/uploads\/2023\/12\/ruisheng-logo.webp","contentUrl":"https:\/\/glassbottlewholesale.com\/wp-content\/uploads\/2023\/12\/ruisheng-logo.webp","width":400,"height":233,"caption":"Glass Bottle Wholesale"},"image":{"@id":"https:\/\/glassbottlewholesale.com\/#\/schema\/logo\/image\/"}}]}},"_links":{"self":[{"href":"https:\/\/glassbottlewholesale.com\/pt\/wp-json\/wp\/v2\/product\/2481","targetHints":{"allow":["GET"]}}],"collection":[{"href":"https:\/\/glassbottlewholesale.com\/pt\/wp-json\/wp\/v2\/product"}],"about":[{"href":"https:\/\/glassbottlewholesale.com\/pt\/wp-json\/wp\/v2\/types\/product"}],"replies":[{"embeddable":true,"href":"https:\/\/glassbottlewholesale.com\/pt\/wp-json\/wp\/v2\/comments?post=2481"}],"wp:featuredmedia":[{"embeddable":true,"href":"https:\/\/glassbottlewholesale.com\/pt\/wp-json\/wp\/v2\/media\/4490"}],"wp:attachment":[{"href":"https:\/\/glassbottlewholesale.com\/pt\/wp-json\/wp\/v2\/media?parent=2481"}],"wp:term":[{"taxonomy":"product_brand","embeddable":true,"href":"https:\/\/glassbottlewholesale.com\/pt\/wp-json\/wp\/v2\/product_brand?post=2481"},{"taxonomy":"product_cat","embeddable":true,"href":"https:\/\/glassbottlewholesale.com\/pt\/wp-json\/wp\/v2\/product_cat?post=2481"},{"taxonomy":"product_tag","embeddable":true,"href":"https:\/\/glassbottlewholesale.com\/pt\/wp-json\/wp\/v2\/product_tag?post=2481"}],"curies":[{"name":"wp","href":"https:\/\/api.w.org\/{rel}","templated":true}]}}