{"id":2548,"date":"2021-03-17T03:06:57","date_gmt":"2021-03-17T03:06:57","guid":{"rendered":"https:\/\/glassbottlewholesale.com\/?post_type=product&#038;p=2548"},"modified":"2025-06-23T09:10:08","modified_gmt":"2025-06-23T09:10:08","slug":"atacado-garrafa-de-vidro-redonda-de-350ml-com-rolha","status":"publish","type":"product","link":"https:\/\/glassbottlewholesale.com\/pt\/atacado-garrafa-de-vidro-redonda-de-350ml-com-rolha\/","title":{"rendered":"RS015: Garrafa de suco de vidro redonda de 350ml no atacado com corti\u00e7a"},"content":{"rendered":"<h2>Informa\u00e7\u00f5es detalhadas sobre atacado de garrafas de suco de vidro<\/h2>\n<p>Esta s\u00e9rie de garrafas de suco de vidro no atacado s\u00e3o garrafas de vidro de design padr\u00e3o. \u00c9 feito pelo nosso pr\u00f3prio molde de vidro. O produto adota material branco de vidro cristal artesanal de alta qualidade, o que torna nossa garrafa de vidro clara, transparente e elegante.<\/p>\n<ul>\n<li>Item: Garrafa de suco de vidro no atacado<\/li>\n<li>N\u00famero do modelo: RS015<\/li>\n<li>Capacidade: &lt;500ml,500ml,700ml,750ml,&gt;=1000ml<\/li>\n<li>Material: material de vidro super s\u00edlex, material de vidro branco cristalino, material de vidro branco caro.<\/li>\n<li>Tipo de veda\u00e7\u00e3o: Corti\u00e7a, tampa de guala, tampa de rosca, tampa de pl\u00e1stico, tampa de madeira<\/li>\n<li>Superf\u00edcie: Geada, decalque, pintura, hot stamping, relevo, impress\u00e3o, dourado, serigrafia<\/li>\n<li>Amostra: Gr\u00e1tis por molde existente<\/li>\n<li>Prazo de entrega: 20-30 dias para produtos em massa<\/li>\n<li>Porto: Qingdao, Xangai, Guangzhou<\/li>\n<li>Pagamento: T\/T, Paypal, garantia comercial, DP, LC, WEST UNION<\/li>\n<li>Mat\u00e9ria-prima: Areia de s\u00edlica, carbonato de s\u00f3dio, calc\u00e1rio, dolomita, feldspato, b\u00f3rax, b\u00e1rio etc.<\/li>\n<\/ul>\n<h4>Caracter\u00edsticas:<\/h4>\n<ul>\n<li>Com experi\u00eancia profissional em produ\u00e7\u00e3o.<\/li>\n<li>Servi\u00e7o OEM e ODM: como sua amostra ou desenho de projeto.<\/li>\n<li>A amostra existente \u00e9 gratuita.<\/li>\n<li>Pre\u00e7o razo\u00e1vel, excelente qualidade e servi\u00e7o atencioso<\/li>\n<li>Quaisquer garrafas quebradas durante o transporte, compensa\u00e7\u00e3o para o pr\u00f3ximo pedido.<\/li>\n<li>Responder instantaneamente: respondendo sua pergunta e e-mail dentro de 12 horas.<\/li>\n<li>Entrega: cerca de 20-25 dias ap\u00f3s o recebimento do dep\u00f3sito.<\/li>\n<li>Passamos na ISO9001 e ISO14001 e outros testes.<\/li>\n<li>Oferecemos n\u00e3o apenas excelentes produtos, mas tamb\u00e9m servi\u00e7os e solu\u00e7\u00f5es de mercado.<\/li>\n<li>Mesmo fundo grosso, a cor tamb\u00e9m \u00e9 muito pura.<\/li>\n<\/ul>","protected":false},"excerpt":{"rendered":"<p>Ruisheng Glass Co, Ltd, um fabricante de garrafas de bebidas de vidro, principalmente envolvido em neg\u00f3cios de atacado de garrafas de licor de vidro e garrafas de suco de vidro no exterior, tem sido atendida em muitos mercados internacionais. Nossa empresa fornece servi\u00e7os de design e fabrica\u00e7\u00e3o de garrafas de vidro. Servi\u00e7o OEM\/ODM\/Custom oferecido. Nossos produtos s\u00e3o amplamente aplicados em bebidas espirituosas, vinho, vodka, u\u00edsque, vinho de arroz, vinho de frutas, rum, gin, vodka, tequila, bebidas alco\u00f3licas medicinais, perfumes, cosm\u00e9ticos, azeite e etc.<\/p>\n<h4>Informa\u00e7\u00f5es preocupadas sobre garrafas de suco de vidro no atacado<\/h4>\n<div><strong>-Quantidade m\u00ednima: 10.000 unidades (cerca de 10.000-35.000 unidades)<\/strong><\/div>\n<div>- Fornecer garrafas de bebidas espirituosas personalizadas gratuitas com amostra de rolhas<\/div>\n<div>-Servi\u00e7o personalizado oferecido<\/div>\n<div>Se voc\u00ea quiser saber mais sobre nossa garrafa de suco de vidro no atacado, sinta-se \u00e0 vontade para <a href=\"https:\/\/ruishengglassco.com\/contact\" target=\"_blank\" rel=\"noopener\">entre em contato com nossas vendas<\/a>.<\/div>","protected":false},"featured_media":2671,"comment_status":"open","ping_status":"closed","template":"","meta":[],"product_brand":[],"product_cat":[49,63,65,67,61],"product_tag":[],"class_list":{"0":"post-2548","1":"product","2":"type-product","3":"status-publish","4":"has-post-thumbnail","6":"product_cat-375ml-glass-bottle","7":"product_cat-liquor-bottle","8":"product_cat-rum-bottle","9":"product_cat-vodka-bottle","10":"product_cat-xo-brandy-bottle","11":"entry","12":"has-media","14":"first","15":"instock","16":"shipping-taxable","17":"product-type-simple"},"yoast_head":"<!-- This site is optimized with the Yoast SEO plugin v27.3 - https:\/\/yoast.com\/product\/yoast-seo-wordpress\/ -->\n<title>Glass Juice Bottles Wholesale | Beverage Bottle Manufacturers<\/title>\n<meta name=\"description\" content=\"Ruisheng Glass Co, Ltd, a professional beverage bottle manufacturer, provide glass juice bottles wholesale with cork. Custom Bottle Design Offered.\" \/>\n<meta name=\"robots\" content=\"index, follow, max-snippet:-1, max-image-preview:large, max-video-preview:-1\" \/>\n<link rel=\"canonical\" href=\"https:\/\/ruishengglassco.com\/product\/rs015-wholesale-round-350ml-glass-juice-bottle-wholesale-with-cork\" \/>\n<meta property=\"og:locale\" content=\"pt_PT\" \/>\n<meta property=\"og:type\" content=\"article\" \/>\n<meta property=\"og:title\" content=\"Glass Juice Bottles Wholesale | Beverage Bottle Manufacturers\" \/>\n<meta property=\"og:description\" content=\"Ruisheng Glass Co, Ltd, a professional beverage bottle manufacturer, provide glass juice bottles wholesale with cork. Custom Bottle Design Offered.\" \/>\n<meta property=\"og:url\" content=\"https:\/\/ruishengglassco.com\/product\/rs015-wholesale-round-350ml-glass-juice-bottle-wholesale-with-cork\" \/>\n<meta property=\"og:site_name\" content=\"Glass Bottle Wholesale\" \/>\n<meta property=\"article:modified_time\" content=\"2025-06-23T09:10:08+00:00\" \/>\n<meta property=\"og:image\" content=\"https:\/\/glassbottlewholesale.com\/wp-content\/uploads\/2019\/10\/16.jpg\" \/>\n\t<meta property=\"og:image:width\" content=\"800\" \/>\n\t<meta property=\"og:image:height\" content=\"800\" \/>\n\t<meta property=\"og:image:type\" content=\"image\/jpeg\" \/>\n<meta name=\"twitter:card\" content=\"summary_large_image\" \/>\n<meta name=\"twitter:label1\" content=\"Tempo estimado de leitura\" \/>\n\t<meta name=\"twitter:data1\" content=\"2 minutos\" \/>\n<script type=\"application\/ld+json\" class=\"yoast-schema-graph\">{\"@context\":\"https:\\\/\\\/schema.org\",\"@graph\":[{\"@type\":\"WebPage\",\"@id\":\"https:\\\/\\\/glassbottlewholesale.com\\\/wholesale-round-350ml-glass-bottle-with-cork\\\/\",\"url\":\"https:\\\/\\\/ruishengglassco.com\\\/product\\\/rs015-wholesale-round-350ml-glass-juice-bottle-wholesale-with-cork\",\"name\":\"Glass Juice Bottles Wholesale | Beverage Bottle Manufacturers\",\"isPartOf\":{\"@id\":\"https:\\\/\\\/glassbottlewholesale.com\\\/#website\"},\"primaryImageOfPage\":{\"@id\":\"https:\\\/\\\/ruishengglassco.com\\\/product\\\/rs015-wholesale-round-350ml-glass-juice-bottle-wholesale-with-cork#primaryimage\"},\"image\":{\"@id\":\"https:\\\/\\\/ruishengglassco.com\\\/product\\\/rs015-wholesale-round-350ml-glass-juice-bottle-wholesale-with-cork#primaryimage\"},\"thumbnailUrl\":\"https:\\\/\\\/glassbottlewholesale.com\\\/wp-content\\\/uploads\\\/2019\\\/10\\\/16.jpg\",\"datePublished\":\"2021-03-17T03:06:57+00:00\",\"dateModified\":\"2025-06-23T09:10:08+00:00\",\"description\":\"Ruisheng Glass Co, Ltd, a professional beverage bottle manufacturer, provide glass juice bottles wholesale with cork. Custom Bottle Design Offered.\",\"breadcrumb\":{\"@id\":\"https:\\\/\\\/ruishengglassco.com\\\/product\\\/rs015-wholesale-round-350ml-glass-juice-bottle-wholesale-with-cork#breadcrumb\"},\"inLanguage\":\"pt-PT\",\"potentialAction\":[{\"@type\":\"ReadAction\",\"target\":[\"https:\\\/\\\/ruishengglassco.com\\\/product\\\/rs015-wholesale-round-350ml-glass-juice-bottle-wholesale-with-cork\"]}]},{\"@type\":\"ImageObject\",\"inLanguage\":\"pt-PT\",\"@id\":\"https:\\\/\\\/ruishengglassco.com\\\/product\\\/rs015-wholesale-round-350ml-glass-juice-bottle-wholesale-with-cork#primaryimage\",\"url\":\"https:\\\/\\\/glassbottlewholesale.com\\\/wp-content\\\/uploads\\\/2019\\\/10\\\/16.jpg\",\"contentUrl\":\"https:\\\/\\\/glassbottlewholesale.com\\\/wp-content\\\/uploads\\\/2019\\\/10\\\/16.jpg\",\"width\":800,\"height\":800,\"caption\":\"Glass Juice Bottles Wholesale\"},{\"@type\":\"BreadcrumbList\",\"@id\":\"https:\\\/\\\/ruishengglassco.com\\\/product\\\/rs015-wholesale-round-350ml-glass-juice-bottle-wholesale-with-cork#breadcrumb\",\"itemListElement\":[{\"@type\":\"ListItem\",\"position\":1,\"name\":\"Home\",\"item\":\"https:\\\/\\\/glassbottlewholesale.com\\\/\"},{\"@type\":\"ListItem\",\"position\":2,\"name\":\"Products\",\"item\":\"https:\\\/\\\/glassbottlewholesale.com\\\/shop\\\/\"},{\"@type\":\"ListItem\",\"position\":3,\"name\":\"RS015: Wholesale Round 350ml Glass Juice Bottle Wholesale With Cork\"}]},{\"@type\":\"WebSite\",\"@id\":\"https:\\\/\\\/glassbottlewholesale.com\\\/#website\",\"url\":\"https:\\\/\\\/glassbottlewholesale.com\\\/\",\"name\":\"Glass Bottle Wholesale\",\"description\":\"\",\"publisher\":{\"@id\":\"https:\\\/\\\/glassbottlewholesale.com\\\/#organization\"},\"potentialAction\":[{\"@type\":\"SearchAction\",\"target\":{\"@type\":\"EntryPoint\",\"urlTemplate\":\"https:\\\/\\\/glassbottlewholesale.com\\\/?s={search_term_string}\"},\"query-input\":{\"@type\":\"PropertyValueSpecification\",\"valueRequired\":true,\"valueName\":\"search_term_string\"}}],\"inLanguage\":\"pt-PT\"},{\"@type\":\"Organization\",\"@id\":\"https:\\\/\\\/glassbottlewholesale.com\\\/#organization\",\"name\":\"Glass Bottle Wholesale\",\"url\":\"https:\\\/\\\/glassbottlewholesale.com\\\/\",\"logo\":{\"@type\":\"ImageObject\",\"inLanguage\":\"pt-PT\",\"@id\":\"https:\\\/\\\/glassbottlewholesale.com\\\/#\\\/schema\\\/logo\\\/image\\\/\",\"url\":\"https:\\\/\\\/glassbottlewholesale.com\\\/wp-content\\\/uploads\\\/2023\\\/12\\\/ruisheng-logo.webp\",\"contentUrl\":\"https:\\\/\\\/glassbottlewholesale.com\\\/wp-content\\\/uploads\\\/2023\\\/12\\\/ruisheng-logo.webp\",\"width\":400,\"height\":233,\"caption\":\"Glass Bottle Wholesale\"},\"image\":{\"@id\":\"https:\\\/\\\/glassbottlewholesale.com\\\/#\\\/schema\\\/logo\\\/image\\\/\"}}]}<\/script>\n<!-- \/ Yoast SEO plugin. -->","yoast_head_json":{"title":"Garrafas de suco de vidro atacado | Fabricantes de garrafas de bebidas","description":"Ruisheng Glass Co, Ltd, um fabricante profissional de garrafas de bebidas, fornece garrafas de suco de vidro com corti\u00e7a no atacado. Design de garrafa personalizado oferecido.","robots":{"index":"index","follow":"follow","max-snippet":"max-snippet:-1","max-image-preview":"max-image-preview:large","max-video-preview":"max-video-preview:-1"},"canonical":"https:\/\/ruishengglassco.com\/product\/rs015-wholesale-round-350ml-glass-juice-bottle-wholesale-with-cork","og_locale":"pt_PT","og_type":"article","og_title":"Glass Juice Bottles Wholesale | Beverage Bottle Manufacturers","og_description":"Ruisheng Glass Co, Ltd, a professional beverage bottle manufacturer, provide glass juice bottles wholesale with cork. Custom Bottle Design Offered.","og_url":"https:\/\/ruishengglassco.com\/product\/rs015-wholesale-round-350ml-glass-juice-bottle-wholesale-with-cork","og_site_name":"Glass Bottle Wholesale","article_modified_time":"2025-06-23T09:10:08+00:00","og_image":[{"width":800,"height":800,"url":"https:\/\/glassbottlewholesale.com\/wp-content\/uploads\/2019\/10\/16.jpg","type":"image\/jpeg"}],"twitter_card":"summary_large_image","twitter_misc":{"Tempo estimado de leitura":"2 minutos"},"schema":{"@context":"https:\/\/schema.org","@graph":[{"@type":"WebPage","@id":"https:\/\/glassbottlewholesale.com\/wholesale-round-350ml-glass-bottle-with-cork\/","url":"https:\/\/ruishengglassco.com\/product\/rs015-wholesale-round-350ml-glass-juice-bottle-wholesale-with-cork","name":"Garrafas de suco de vidro atacado | Fabricantes de garrafas de bebidas","isPartOf":{"@id":"https:\/\/glassbottlewholesale.com\/#website"},"primaryImageOfPage":{"@id":"https:\/\/ruishengglassco.com\/product\/rs015-wholesale-round-350ml-glass-juice-bottle-wholesale-with-cork#primaryimage"},"image":{"@id":"https:\/\/ruishengglassco.com\/product\/rs015-wholesale-round-350ml-glass-juice-bottle-wholesale-with-cork#primaryimage"},"thumbnailUrl":"https:\/\/glassbottlewholesale.com\/wp-content\/uploads\/2019\/10\/16.jpg","datePublished":"2021-03-17T03:06:57+00:00","dateModified":"2025-06-23T09:10:08+00:00","description":"Ruisheng Glass Co, Ltd, um fabricante profissional de garrafas de bebidas, fornece garrafas de suco de vidro com corti\u00e7a no atacado. Design de garrafa personalizado oferecido.","breadcrumb":{"@id":"https:\/\/ruishengglassco.com\/product\/rs015-wholesale-round-350ml-glass-juice-bottle-wholesale-with-cork#breadcrumb"},"inLanguage":"pt-PT","potentialAction":[{"@type":"ReadAction","target":["https:\/\/ruishengglassco.com\/product\/rs015-wholesale-round-350ml-glass-juice-bottle-wholesale-with-cork"]}]},{"@type":"ImageObject","inLanguage":"pt-PT","@id":"https:\/\/ruishengglassco.com\/product\/rs015-wholesale-round-350ml-glass-juice-bottle-wholesale-with-cork#primaryimage","url":"https:\/\/glassbottlewholesale.com\/wp-content\/uploads\/2019\/10\/16.jpg","contentUrl":"https:\/\/glassbottlewholesale.com\/wp-content\/uploads\/2019\/10\/16.jpg","width":800,"height":800,"caption":"Glass Juice Bottles Wholesale"},{"@type":"BreadcrumbList","@id":"https:\/\/ruishengglassco.com\/product\/rs015-wholesale-round-350ml-glass-juice-bottle-wholesale-with-cork#breadcrumb","itemListElement":[{"@type":"ListItem","position":1,"name":"Home","item":"https:\/\/glassbottlewholesale.com\/"},{"@type":"ListItem","position":2,"name":"Products","item":"https:\/\/glassbottlewholesale.com\/shop\/"},{"@type":"ListItem","position":3,"name":"RS015: Wholesale Round 350ml Glass Juice Bottle Wholesale With Cork"}]},{"@type":"WebSite","@id":"https:\/\/glassbottlewholesale.com\/#website","url":"https:\/\/glassbottlewholesale.com\/","name":"Glass Bottle Wholesale","description":"","publisher":{"@id":"https:\/\/glassbottlewholesale.com\/#organization"},"potentialAction":[{"@type":"SearchAction","target":{"@type":"EntryPoint","urlTemplate":"https:\/\/glassbottlewholesale.com\/?s={search_term_string}"},"query-input":{"@type":"PropertyValueSpecification","valueRequired":true,"valueName":"search_term_string"}}],"inLanguage":"pt-PT"},{"@type":"Organization","@id":"https:\/\/glassbottlewholesale.com\/#organization","name":"Glass Bottle Wholesale","url":"https:\/\/glassbottlewholesale.com\/","logo":{"@type":"ImageObject","inLanguage":"pt-PT","@id":"https:\/\/glassbottlewholesale.com\/#\/schema\/logo\/image\/","url":"https:\/\/glassbottlewholesale.com\/wp-content\/uploads\/2023\/12\/ruisheng-logo.webp","contentUrl":"https:\/\/glassbottlewholesale.com\/wp-content\/uploads\/2023\/12\/ruisheng-logo.webp","width":400,"height":233,"caption":"Glass Bottle Wholesale"},"image":{"@id":"https:\/\/glassbottlewholesale.com\/#\/schema\/logo\/image\/"}}]}},"_links":{"self":[{"href":"https:\/\/glassbottlewholesale.com\/pt\/wp-json\/wp\/v2\/product\/2548","targetHints":{"allow":["GET"]}}],"collection":[{"href":"https:\/\/glassbottlewholesale.com\/pt\/wp-json\/wp\/v2\/product"}],"about":[{"href":"https:\/\/glassbottlewholesale.com\/pt\/wp-json\/wp\/v2\/types\/product"}],"replies":[{"embeddable":true,"href":"https:\/\/glassbottlewholesale.com\/pt\/wp-json\/wp\/v2\/comments?post=2548"}],"wp:featuredmedia":[{"embeddable":true,"href":"https:\/\/glassbottlewholesale.com\/pt\/wp-json\/wp\/v2\/media\/2671"}],"wp:attachment":[{"href":"https:\/\/glassbottlewholesale.com\/pt\/wp-json\/wp\/v2\/media?parent=2548"}],"wp:term":[{"taxonomy":"product_brand","embeddable":true,"href":"https:\/\/glassbottlewholesale.com\/pt\/wp-json\/wp\/v2\/product_brand?post=2548"},{"taxonomy":"product_cat","embeddable":true,"href":"https:\/\/glassbottlewholesale.com\/pt\/wp-json\/wp\/v2\/product_cat?post=2548"},{"taxonomy":"product_tag","embeddable":true,"href":"https:\/\/glassbottlewholesale.com\/pt\/wp-json\/wp\/v2\/product_tag?post=2548"}],"curies":[{"name":"wp","href":"https:\/\/api.w.org\/{rel}","templated":true}]}}