{"id":2549,"date":"2021-03-17T03:10:22","date_gmt":"2021-03-17T03:10:22","guid":{"rendered":"https:\/\/glassbottlewholesale.com\/?post_type=product&#038;p=2549"},"modified":"2025-06-23T09:02:44","modified_gmt":"2025-06-23T09:02:44","slug":"garrafa-de-vidro-transparente-de-375ml-no-atacado-para-bebidas-alcoolicas","status":"publish","type":"product","link":"https:\/\/glassbottlewholesale.com\/pt\/garrafa-de-vidro-transparente-de-375ml-no-atacado-para-bebidas-alcoolicas\/","title":{"rendered":"RS014: Garrafa de vidro transparente de 375ml no atacado para bebidas alco\u00f3licas"},"content":{"rendered":"<h2>Informa\u00e7\u00f5es detalhadas sobre garrafas de licor por atacado de 375 ml<\/h2>\n<p>Quer vender garrafas de licor por atacado?  Comprar diretamente a um fabricante de garrafas de licor fi\u00e1vel ajud\u00e1-lo-\u00e1 a encontrar garrafas de licor frescas de alta qualidade para venda e a poupar custos.<\/p>\n<p>Esta s\u00e9rie de garrafas de vidro transparente de 375 ml por atacado \u00e9 usada principalmente em embalagens de bebidas e licores. O produto adota material de vidro de alto teor de s\u00edlex, o que torna nossa garrafa de vidro mais clara, transparente e ecologicamente correta.<\/p>\n<p>Como um fornecedor profissional de garrafas de licor, a nossa empresa fornece servi\u00e7o de garrafa de vidro OEM\/ODM\/personalizado. Pode apresentar requisitos sobre a capacidade, cor, forma, tampa, etc. da garrafa de vinho, e n\u00f3s podemos produzi-la de acordo com os seus requisitos.<\/p>\n<ul>\n<li>Nome do produto: Garrafa de vidro transparente de 375 ml por atacado para licor<\/li>\n<li>N\u00famero de refer\u00eancia: RS014<\/li>\n<li>Material do vidro: Super Flint \/ Extra Flint<\/li>\n<li>Forma da garrafa: Forma redonda alta<\/li>\n<li>Capacidade nominal: 375ml<\/li>\n<li>Peso da garrafa: 580 g<\/li>\n<li>Tipo de veda\u00e7\u00e3o: Corti\u00e7a \/ Tampas GPI \/ Tampas Ropp<\/li>\n<li>Utiliza\u00e7\u00e3o industrial: Vodka, u\u00edsque, brandy, conhaque, rum, tequila, \u00e1gua, sumo, xarope.<\/li>\n<li>Decora\u00e7\u00e3o Grava\u00e7\u00e3o \/ Impress\u00e3o \/ Franzimento \/ Galvanoplastia \/ Pulveriza\u00e7\u00e3o<\/li>\n<\/ul>\n<p>Se voc\u00ea quiser saber mais sobre Garrafas de licor por atacado para venda, n\u00e3o hesite em<a href=\"https:\/\/ruishengglassco.com\/contact\" target=\"_blank\" rel=\"noopener\"> Contate-nos.<\/a><\/p>","protected":false},"excerpt":{"rendered":"<p>Encontre garrafas de licor por atacado para neg\u00f3cios de venda em glassbottlewholesale.com. Ruisheng Glass Co, Ltd, um fabricante profissional de garrafas de vidro para bebidas alco\u00f3licas na China, oferece garrafas de bebidas alco\u00f3licas vazias por atacado e servi\u00e7o de r\u00f3tulos de garrafas de bebidas alco\u00f3licas personalizadas para atacadistas de garrafas de vidro, distribuidores, supermercados e etc.<\/p>\n<h4>Encomendar informa\u00e7\u00f5es sobre garrafas de licor por grosso para venda<\/h4>\n<ul>\n<li><strong>MOQ:10000pcs(10000 PCS)<\/strong><\/li>\n<li>Servi\u00e7o de garrafa de licor OEM\/ODM\/personalizado oferecido.<\/li>\n<li>Entrega de amostras gr\u00e1tis no prazo de 7 dias<\/li>\n<li>Encomenda em massa Envio global no prazo de 30 dias<\/li>\n<\/ul>\n<p>Se estiver interessado nas nossas garrafas de licor por atacado, n\u00e3o hesite em<a href=\"https:\/\/ruishengglassco.com\/contact\" target=\"_blank\" rel=\"noopener\"> Contate-nos.<\/a><\/p>","protected":false},"featured_media":2669,"comment_status":"open","ping_status":"closed","template":"","meta":[],"product_brand":[],"product_cat":[49,55,63,67,68,61],"product_tag":[],"class_list":{"0":"post-2549","1":"product","2":"type-product","3":"status-publish","4":"has-post-thumbnail","6":"product_cat-375ml-glass-bottle","7":"product_cat-custom-glass-bottle","8":"product_cat-liquor-bottle","9":"product_cat-vodka-bottle","10":"product_cat-whiskey-bottle","11":"product_cat-xo-brandy-bottle","12":"entry","13":"has-media","15":"first","16":"instock","17":"shipping-taxable","18":"product-type-simple"},"yoast_head":"<!-- This site is optimized with the Yoast SEO plugin v27.3 - https:\/\/yoast.com\/product\/yoast-seo-wordpress\/ -->\n<title>Wholesale Liquor Bottles For Sale | Custom Spirit Bottle Labels<\/title>\n<meta name=\"description\" content=\"Find Wholesale Liquor Bottles For Sale At Glassbottlewholesale.com. Custom Spirit Bottle Labels and Free Sample Offered. Get Quote Now.\" \/>\n<meta name=\"robots\" content=\"index, follow, max-snippet:-1, max-image-preview:large, max-video-preview:-1\" \/>\n<link rel=\"canonical\" href=\"https:\/\/ruishengglassco.com\/product\/rs014-375ml-clear-glass-bottle-wholesale-for-liquor\" \/>\n<meta property=\"og:locale\" content=\"pt_PT\" \/>\n<meta property=\"og:type\" content=\"article\" \/>\n<meta property=\"og:title\" content=\"Wholesale Liquor Bottles For Sale | Custom Spirit Bottle Labels\" \/>\n<meta property=\"og:description\" content=\"Find Wholesale Liquor Bottles For Sale At Glassbottlewholesale.com. Custom Spirit Bottle Labels and Free Sample Offered. Get Quote Now.\" \/>\n<meta property=\"og:url\" content=\"https:\/\/ruishengglassco.com\/product\/rs014-375ml-clear-glass-bottle-wholesale-for-liquor\" \/>\n<meta property=\"og:site_name\" content=\"Glass Bottle Wholesale\" \/>\n<meta property=\"article:modified_time\" content=\"2025-06-23T09:02:44+00:00\" \/>\n<meta property=\"og:image\" content=\"https:\/\/glassbottlewholesale.com\/wp-content\/uploads\/2019\/10\/14-750ml-580g.jpg\" \/>\n\t<meta property=\"og:image:width\" content=\"800\" \/>\n\t<meta property=\"og:image:height\" content=\"800\" \/>\n\t<meta property=\"og:image:type\" content=\"image\/jpeg\" \/>\n<meta name=\"twitter:card\" content=\"summary_large_image\" \/>\n<meta name=\"twitter:label1\" content=\"Tempo estimado de leitura\" \/>\n\t<meta name=\"twitter:data1\" content=\"2 minutos\" \/>\n<script type=\"application\/ld+json\" class=\"yoast-schema-graph\">{\"@context\":\"https:\\\/\\\/schema.org\",\"@graph\":[{\"@type\":\"WebPage\",\"@id\":\"https:\\\/\\\/glassbottlewholesale.com\\\/375ml-clear-glass-bottle-wholesale-for-liquor\\\/\",\"url\":\"https:\\\/\\\/ruishengglassco.com\\\/product\\\/rs014-375ml-clear-glass-bottle-wholesale-for-liquor\",\"name\":\"Wholesale Liquor Bottles For Sale | Custom Spirit Bottle Labels\",\"isPartOf\":{\"@id\":\"https:\\\/\\\/glassbottlewholesale.com\\\/#website\"},\"primaryImageOfPage\":{\"@id\":\"https:\\\/\\\/ruishengglassco.com\\\/product\\\/rs014-375ml-clear-glass-bottle-wholesale-for-liquor#primaryimage\"},\"image\":{\"@id\":\"https:\\\/\\\/ruishengglassco.com\\\/product\\\/rs014-375ml-clear-glass-bottle-wholesale-for-liquor#primaryimage\"},\"thumbnailUrl\":\"https:\\\/\\\/glassbottlewholesale.com\\\/wp-content\\\/uploads\\\/2019\\\/10\\\/14-750ml-580g.jpg\",\"datePublished\":\"2021-03-17T03:10:22+00:00\",\"dateModified\":\"2025-06-23T09:02:44+00:00\",\"description\":\"Find Wholesale Liquor Bottles For Sale At Glassbottlewholesale.com. Custom Spirit Bottle Labels and Free Sample Offered. Get Quote Now.\",\"breadcrumb\":{\"@id\":\"https:\\\/\\\/ruishengglassco.com\\\/product\\\/rs014-375ml-clear-glass-bottle-wholesale-for-liquor#breadcrumb\"},\"inLanguage\":\"pt-PT\",\"potentialAction\":[{\"@type\":\"ReadAction\",\"target\":[\"https:\\\/\\\/ruishengglassco.com\\\/product\\\/rs014-375ml-clear-glass-bottle-wholesale-for-liquor\"]}]},{\"@type\":\"ImageObject\",\"inLanguage\":\"pt-PT\",\"@id\":\"https:\\\/\\\/ruishengglassco.com\\\/product\\\/rs014-375ml-clear-glass-bottle-wholesale-for-liquor#primaryimage\",\"url\":\"https:\\\/\\\/glassbottlewholesale.com\\\/wp-content\\\/uploads\\\/2019\\\/10\\\/14-750ml-580g.jpg\",\"contentUrl\":\"https:\\\/\\\/glassbottlewholesale.com\\\/wp-content\\\/uploads\\\/2019\\\/10\\\/14-750ml-580g.jpg\",\"width\":800,\"height\":800,\"caption\":\"375ml Glass Bottle Wholesale For Liquor\\\/Whiskey\\\/Brandy\\\/Vodka\"},{\"@type\":\"BreadcrumbList\",\"@id\":\"https:\\\/\\\/ruishengglassco.com\\\/product\\\/rs014-375ml-clear-glass-bottle-wholesale-for-liquor#breadcrumb\",\"itemListElement\":[{\"@type\":\"ListItem\",\"position\":1,\"name\":\"Home\",\"item\":\"https:\\\/\\\/glassbottlewholesale.com\\\/\"},{\"@type\":\"ListItem\",\"position\":2,\"name\":\"Products\",\"item\":\"https:\\\/\\\/glassbottlewholesale.com\\\/shop\\\/\"},{\"@type\":\"ListItem\",\"position\":3,\"name\":\"RS014: 375ml Clear Glass Bottle Wholesale For Liquor\"}]},{\"@type\":\"WebSite\",\"@id\":\"https:\\\/\\\/glassbottlewholesale.com\\\/#website\",\"url\":\"https:\\\/\\\/glassbottlewholesale.com\\\/\",\"name\":\"Glass Bottle Wholesale\",\"description\":\"\",\"publisher\":{\"@id\":\"https:\\\/\\\/glassbottlewholesale.com\\\/#organization\"},\"potentialAction\":[{\"@type\":\"SearchAction\",\"target\":{\"@type\":\"EntryPoint\",\"urlTemplate\":\"https:\\\/\\\/glassbottlewholesale.com\\\/?s={search_term_string}\"},\"query-input\":{\"@type\":\"PropertyValueSpecification\",\"valueRequired\":true,\"valueName\":\"search_term_string\"}}],\"inLanguage\":\"pt-PT\"},{\"@type\":\"Organization\",\"@id\":\"https:\\\/\\\/glassbottlewholesale.com\\\/#organization\",\"name\":\"Glass Bottle Wholesale\",\"url\":\"https:\\\/\\\/glassbottlewholesale.com\\\/\",\"logo\":{\"@type\":\"ImageObject\",\"inLanguage\":\"pt-PT\",\"@id\":\"https:\\\/\\\/glassbottlewholesale.com\\\/#\\\/schema\\\/logo\\\/image\\\/\",\"url\":\"https:\\\/\\\/glassbottlewholesale.com\\\/wp-content\\\/uploads\\\/2023\\\/12\\\/ruisheng-logo.webp\",\"contentUrl\":\"https:\\\/\\\/glassbottlewholesale.com\\\/wp-content\\\/uploads\\\/2023\\\/12\\\/ruisheng-logo.webp\",\"width\":400,\"height\":233,\"caption\":\"Glass Bottle Wholesale\"},\"image\":{\"@id\":\"https:\\\/\\\/glassbottlewholesale.com\\\/#\\\/schema\\\/logo\\\/image\\\/\"}}]}<\/script>\n<!-- \/ Yoast SEO plugin. -->","yoast_head_json":{"title":"Garrafas de bebidas alco\u00f3licas no atacado para venda | Etiquetas personalizadas para garrafas de bebidas espirituosas","description":"Encontre garrafas de bebidas alco\u00f3licas no atacado para venda em Glassbottlewholesale.com. Etiquetas personalizadas para garrafas de bebidas espirituosas e amostras gr\u00e1tis oferecidas. Obtenha um or\u00e7amento agora.","robots":{"index":"index","follow":"follow","max-snippet":"max-snippet:-1","max-image-preview":"max-image-preview:large","max-video-preview":"max-video-preview:-1"},"canonical":"https:\/\/ruishengglassco.com\/product\/rs014-375ml-clear-glass-bottle-wholesale-for-liquor","og_locale":"pt_PT","og_type":"article","og_title":"Wholesale Liquor Bottles For Sale | Custom Spirit Bottle Labels","og_description":"Find Wholesale Liquor Bottles For Sale At Glassbottlewholesale.com. Custom Spirit Bottle Labels and Free Sample Offered. Get Quote Now.","og_url":"https:\/\/ruishengglassco.com\/product\/rs014-375ml-clear-glass-bottle-wholesale-for-liquor","og_site_name":"Glass Bottle Wholesale","article_modified_time":"2025-06-23T09:02:44+00:00","og_image":[{"width":800,"height":800,"url":"https:\/\/glassbottlewholesale.com\/wp-content\/uploads\/2019\/10\/14-750ml-580g.jpg","type":"image\/jpeg"}],"twitter_card":"summary_large_image","twitter_misc":{"Tempo estimado de leitura":"2 minutos"},"schema":{"@context":"https:\/\/schema.org","@graph":[{"@type":"WebPage","@id":"https:\/\/glassbottlewholesale.com\/375ml-clear-glass-bottle-wholesale-for-liquor\/","url":"https:\/\/ruishengglassco.com\/product\/rs014-375ml-clear-glass-bottle-wholesale-for-liquor","name":"Garrafas de bebidas alco\u00f3licas no atacado para venda | Etiquetas personalizadas para garrafas de bebidas espirituosas","isPartOf":{"@id":"https:\/\/glassbottlewholesale.com\/#website"},"primaryImageOfPage":{"@id":"https:\/\/ruishengglassco.com\/product\/rs014-375ml-clear-glass-bottle-wholesale-for-liquor#primaryimage"},"image":{"@id":"https:\/\/ruishengglassco.com\/product\/rs014-375ml-clear-glass-bottle-wholesale-for-liquor#primaryimage"},"thumbnailUrl":"https:\/\/glassbottlewholesale.com\/wp-content\/uploads\/2019\/10\/14-750ml-580g.jpg","datePublished":"2021-03-17T03:10:22+00:00","dateModified":"2025-06-23T09:02:44+00:00","description":"Encontre garrafas de bebidas alco\u00f3licas no atacado para venda em Glassbottlewholesale.com. Etiquetas personalizadas para garrafas de bebidas espirituosas e amostras gr\u00e1tis oferecidas. Obtenha um or\u00e7amento agora.","breadcrumb":{"@id":"https:\/\/ruishengglassco.com\/product\/rs014-375ml-clear-glass-bottle-wholesale-for-liquor#breadcrumb"},"inLanguage":"pt-PT","potentialAction":[{"@type":"ReadAction","target":["https:\/\/ruishengglassco.com\/product\/rs014-375ml-clear-glass-bottle-wholesale-for-liquor"]}]},{"@type":"ImageObject","inLanguage":"pt-PT","@id":"https:\/\/ruishengglassco.com\/product\/rs014-375ml-clear-glass-bottle-wholesale-for-liquor#primaryimage","url":"https:\/\/glassbottlewholesale.com\/wp-content\/uploads\/2019\/10\/14-750ml-580g.jpg","contentUrl":"https:\/\/glassbottlewholesale.com\/wp-content\/uploads\/2019\/10\/14-750ml-580g.jpg","width":800,"height":800,"caption":"375ml Glass Bottle Wholesale For Liquor\/Whiskey\/Brandy\/Vodka"},{"@type":"BreadcrumbList","@id":"https:\/\/ruishengglassco.com\/product\/rs014-375ml-clear-glass-bottle-wholesale-for-liquor#breadcrumb","itemListElement":[{"@type":"ListItem","position":1,"name":"Home","item":"https:\/\/glassbottlewholesale.com\/"},{"@type":"ListItem","position":2,"name":"Products","item":"https:\/\/glassbottlewholesale.com\/shop\/"},{"@type":"ListItem","position":3,"name":"RS014: 375ml Clear Glass Bottle Wholesale For Liquor"}]},{"@type":"WebSite","@id":"https:\/\/glassbottlewholesale.com\/#website","url":"https:\/\/glassbottlewholesale.com\/","name":"Glass Bottle Wholesale","description":"","publisher":{"@id":"https:\/\/glassbottlewholesale.com\/#organization"},"potentialAction":[{"@type":"SearchAction","target":{"@type":"EntryPoint","urlTemplate":"https:\/\/glassbottlewholesale.com\/?s={search_term_string}"},"query-input":{"@type":"PropertyValueSpecification","valueRequired":true,"valueName":"search_term_string"}}],"inLanguage":"pt-PT"},{"@type":"Organization","@id":"https:\/\/glassbottlewholesale.com\/#organization","name":"Glass Bottle Wholesale","url":"https:\/\/glassbottlewholesale.com\/","logo":{"@type":"ImageObject","inLanguage":"pt-PT","@id":"https:\/\/glassbottlewholesale.com\/#\/schema\/logo\/image\/","url":"https:\/\/glassbottlewholesale.com\/wp-content\/uploads\/2023\/12\/ruisheng-logo.webp","contentUrl":"https:\/\/glassbottlewholesale.com\/wp-content\/uploads\/2023\/12\/ruisheng-logo.webp","width":400,"height":233,"caption":"Glass Bottle Wholesale"},"image":{"@id":"https:\/\/glassbottlewholesale.com\/#\/schema\/logo\/image\/"}}]}},"_links":{"self":[{"href":"https:\/\/glassbottlewholesale.com\/pt\/wp-json\/wp\/v2\/product\/2549","targetHints":{"allow":["GET"]}}],"collection":[{"href":"https:\/\/glassbottlewholesale.com\/pt\/wp-json\/wp\/v2\/product"}],"about":[{"href":"https:\/\/glassbottlewholesale.com\/pt\/wp-json\/wp\/v2\/types\/product"}],"replies":[{"embeddable":true,"href":"https:\/\/glassbottlewholesale.com\/pt\/wp-json\/wp\/v2\/comments?post=2549"}],"wp:featuredmedia":[{"embeddable":true,"href":"https:\/\/glassbottlewholesale.com\/pt\/wp-json\/wp\/v2\/media\/2669"}],"wp:attachment":[{"href":"https:\/\/glassbottlewholesale.com\/pt\/wp-json\/wp\/v2\/media?parent=2549"}],"wp:term":[{"taxonomy":"product_brand","embeddable":true,"href":"https:\/\/glassbottlewholesale.com\/pt\/wp-json\/wp\/v2\/product_brand?post=2549"},{"taxonomy":"product_cat","embeddable":true,"href":"https:\/\/glassbottlewholesale.com\/pt\/wp-json\/wp\/v2\/product_cat?post=2549"},{"taxonomy":"product_tag","embeddable":true,"href":"https:\/\/glassbottlewholesale.com\/pt\/wp-json\/wp\/v2\/product_tag?post=2549"}],"curies":[{"name":"wp","href":"https:\/\/api.w.org\/{rel}","templated":true}]}}