{"id":2610,"date":"2021-03-23T03:11:52","date_gmt":"2021-03-23T03:11:52","guid":{"rendered":"https:\/\/glassbottlewholesale.com\/?post_type=product&#038;p=2610"},"modified":"2025-06-23T08:35:37","modified_gmt":"2025-06-23T08:35:37","slug":"bulk-wine-bottles-700ml-750ml","status":"publish","type":"product","link":"https:\/\/glassbottlewholesale.com\/pt\/bulk-wine-bottles-700ml-750ml\/","title":{"rendered":"RS006 Garrafas de vinho a granel 700ml\/750ml"},"content":{"rendered":"<h2>Detalhes sobre Garrafas de vinho de 75cl por atacado<\/h2>\n<p>Sobre esta s\u00e9rie de garrafas de vinho a granel para venda, fornecemos 2 tipos de cores \u00e0 escolha: garrafas de vinho castanhas e garrafas de vinho verdes. Estas duas cores podem evitar a oxida\u00e7\u00e3o do vinho e garantir o seu sabor. Ser\u00e3o oferecidas rolhas de madeira. Se quiser obter outras rolhas de vidro para garrafas, pode contactar o nosso departamento de vendas.<\/p>\n<p>Esta garrafa de vinho de vidro de 75cl pertence \u00e0 cl\u00e1ssica garrafa Bordeaux, muito comum no nosso quotidiano e adorada por pessoas de todo o mundo. Esta garrafa com um pesco\u00e7o comprido e ombros pronunciados \u00e9 a forma de garrafa de vinho mais utilizada atualmente. A nossa garrafa de vinho vazia adopta material de vidro super flint, o que torna as nossas garrafas de vinho a granel claras, bonitas e amigas do ambiente.<\/p>\n<ul>\n<li>Artigo: Garrafas de vinho de 75cl a granel com tampa de rosca<\/li>\n<li>Fabricante: Garrafa de vidro Ruisheng<\/li>\n<li>N\u00famero: RS-006<\/li>\n<li>Capacidade: 50ml, 200ml, 300ml, 700ml, 750ml, 1000ml, 2L e servi\u00e7o de garrafa de vinho personalizado<\/li>\n<li>Tipo de veda\u00e7\u00e3o: Tampa de rosca<\/li>\n<li>Material: Material de vidro super flint, material de vidro branco cristalino, material de vidro branco caro<\/li>\n<li>Utiliza\u00e7\u00e3o: Garrafa de vinho de vidro<\/li>\n<li>Superf\u00edcie: Geada, decalque, pintura, hot stamping, relevo, impress\u00e3o, dourado, serigrafia<\/li>\n<li>Log\u00f3tipo: Logotipo do cliente aceit\u00e1vel<\/li>\n<li>Amostra:\n<ul>\n<li>Fabrico de moldes<\/li>\n<li>Livre pelo molde existente<\/li>\n<li>Como palavras ou o seu desenho<\/li>\n<\/ul>\n<\/li>\n<li>Embalagem: Caixa de exporta\u00e7\u00e3o padr\u00e3o; ou embalagem de paletes; embalagem de caixa FGC<\/li>\n<li>Prazo de entrega: 20-30 dias ap\u00f3s a confirma\u00e7\u00e3o da encomenda<\/li>\n<\/ul>\n<p>Se quiser obter o pre\u00e7o das garrafas de vinho a granel, clique aqui para <a href=\"https:\/\/ruishengglassco.com\/contact\" target=\"_blank\" rel=\"noopener\">Contate-nos<\/a>.<\/p>","protected":false},"excerpt":{"rendered":"<p>Want to get a bulk wine bottle price? Ruisheng Glass will be your first choice.<\/p>\n<p>Ruisheng, one of the leading glass bottle manufacturers in China, has been involved in wine bottle manufacturing for over 10 years.\u00a0 as a professional wine bottle manufacturer, our company provides wine bottle design&amp;manufacturing services for Winery, wine companies, and glass bottle wholesalers and distributors.<\/p>\n<div><span style=\"color: #ff6600\"><strong><span class=\"mceItemHidden\"><span class=\"hiddenSpellError\">\u2013<\/span><span class=\"hiddenSpellError\">Quantidade m\u00ednima<\/span>: 10000 PCS (Cerca de 30000 <span class=\"hiddenSpellError\">pe\u00e7as<\/span>)<\/span><\/strong><\/span><\/div>\n<div><span class=\"mceItemHidden\"><span class=\"hiddenSpellError\">-Livre<\/span>\u00a0Amostra oferecida. OEM\/ODM dispon\u00edvel<\/span><\/div>\n<div><span class=\"mceItemHidden\"><span class=\"hiddenSpellError\">-Entrega de amostras gr\u00e1tis no prazo de 7 dias; entrega de encomendas a granel no prazo de 30 dias ap\u00f3s a confirma\u00e7\u00e3o da encomenda.<\/span><\/span><\/div>","protected":false},"featured_media":4356,"comment_status":"open","ping_status":"closed","template":"","meta":[],"product_brand":[],"product_cat":[51,52,74],"product_tag":[],"class_list":{"0":"post-2610","1":"product","2":"type-product","3":"status-publish","4":"has-post-thumbnail","6":"product_cat-700ml-glass-bottle","7":"product_cat-750ml-glass-bottle","8":"product_cat-wine-bottle","9":"entry","10":"has-media","12":"first","13":"instock","14":"shipping-taxable","15":"product-type-simple"},"yoast_head":"<!-- This site is optimized with the Yoast SEO plugin v27.3 - https:\/\/yoast.com\/product\/yoast-seo-wordpress\/ -->\n<title>Bulk Wine Bottle Price | 75cl Glass Bottle Manufacturer China<\/title>\n<meta name=\"description\" content=\"Find Bulk Wine Bottle Price At Ruisheng Glass co. ltd. Top 75cl Glass Bottle Manufacturer China, provide Quality assurance glass bottle.\" \/>\n<meta name=\"robots\" content=\"index, follow, max-snippet:-1, max-image-preview:large, max-video-preview:-1\" \/>\n<link rel=\"canonical\" href=\"https:\/\/ruishengglassco.com\/product\/rs006-bulk-wine-bottles-700ml-750ml\" \/>\n<meta property=\"og:locale\" content=\"pt_PT\" \/>\n<meta property=\"og:type\" content=\"article\" \/>\n<meta property=\"og:title\" content=\"Bulk Wine Bottle Price | 75cl Glass Bottle Manufacturer China\" \/>\n<meta property=\"og:description\" content=\"Find Bulk Wine Bottle Price At Ruisheng Glass co. ltd. Top 75cl Glass Bottle Manufacturer China, provide Quality assurance glass bottle.\" \/>\n<meta property=\"og:url\" content=\"https:\/\/ruishengglassco.com\/product\/rs006-bulk-wine-bottles-700ml-750ml\" \/>\n<meta property=\"og:site_name\" content=\"Glass Bottle Wholesale\" \/>\n<meta property=\"article:modified_time\" content=\"2025-06-23T08:35:37+00:00\" \/>\n<meta property=\"og:image\" content=\"https:\/\/glassbottlewholesale.com\/wp-content\/uploads\/2023\/12\/wine-bottle3-4700ml-glass-bottle-wholesale20231218152919-1.png\" \/>\n\t<meta property=\"og:image:width\" content=\"500\" \/>\n\t<meta property=\"og:image:height\" content=\"500\" \/>\n\t<meta property=\"og:image:type\" content=\"image\/png\" \/>\n<meta name=\"twitter:card\" content=\"summary_large_image\" \/>\n<meta name=\"twitter:label1\" content=\"Tempo estimado de leitura\" \/>\n\t<meta name=\"twitter:data1\" content=\"2 minutos\" \/>\n<script type=\"application\/ld+json\" class=\"yoast-schema-graph\">{\"@context\":\"https:\\\/\\\/schema.org\",\"@graph\":[{\"@type\":\"WebPage\",\"@id\":\"https:\\\/\\\/glassbottlewholesale.com\\\/bulk-wine-bottles-700ml-750ml\\\/\",\"url\":\"https:\\\/\\\/ruishengglassco.com\\\/product\\\/rs006-bulk-wine-bottles-700ml-750ml\",\"name\":\"Bulk Wine Bottle Price | 75cl Glass Bottle Manufacturer China\",\"isPartOf\":{\"@id\":\"https:\\\/\\\/glassbottlewholesale.com\\\/#website\"},\"primaryImageOfPage\":{\"@id\":\"https:\\\/\\\/ruishengglassco.com\\\/product\\\/rs006-bulk-wine-bottles-700ml-750ml#primaryimage\"},\"image\":{\"@id\":\"https:\\\/\\\/ruishengglassco.com\\\/product\\\/rs006-bulk-wine-bottles-700ml-750ml#primaryimage\"},\"thumbnailUrl\":\"https:\\\/\\\/glassbottlewholesale.com\\\/wp-content\\\/uploads\\\/2023\\\/12\\\/wine-bottle3-4700ml-glass-bottle-wholesale20231218152919-1.png\",\"datePublished\":\"2021-03-23T03:11:52+00:00\",\"dateModified\":\"2025-06-23T08:35:37+00:00\",\"description\":\"Find Bulk Wine Bottle Price At Ruisheng Glass co. ltd. Top 75cl Glass Bottle Manufacturer China, provide Quality assurance glass bottle.\",\"breadcrumb\":{\"@id\":\"https:\\\/\\\/ruishengglassco.com\\\/product\\\/rs006-bulk-wine-bottles-700ml-750ml#breadcrumb\"},\"inLanguage\":\"pt-PT\",\"potentialAction\":[{\"@type\":\"ReadAction\",\"target\":[\"https:\\\/\\\/ruishengglassco.com\\\/product\\\/rs006-bulk-wine-bottles-700ml-750ml\"]}]},{\"@type\":\"ImageObject\",\"inLanguage\":\"pt-PT\",\"@id\":\"https:\\\/\\\/ruishengglassco.com\\\/product\\\/rs006-bulk-wine-bottles-700ml-750ml#primaryimage\",\"url\":\"https:\\\/\\\/glassbottlewholesale.com\\\/wp-content\\\/uploads\\\/2023\\\/12\\\/wine-bottle3-4700ml-glass-bottle-wholesale20231218152919-1.png\",\"contentUrl\":\"https:\\\/\\\/glassbottlewholesale.com\\\/wp-content\\\/uploads\\\/2023\\\/12\\\/wine-bottle3-4700ml-glass-bottle-wholesale20231218152919-1.png\",\"width\":500,\"height\":500,\"caption\":\"RS006 Bulk Wine Bottles 700ml\\\/750ml\"},{\"@type\":\"BreadcrumbList\",\"@id\":\"https:\\\/\\\/ruishengglassco.com\\\/product\\\/rs006-bulk-wine-bottles-700ml-750ml#breadcrumb\",\"itemListElement\":[{\"@type\":\"ListItem\",\"position\":1,\"name\":\"Home\",\"item\":\"https:\\\/\\\/glassbottlewholesale.com\\\/\"},{\"@type\":\"ListItem\",\"position\":2,\"name\":\"Products\",\"item\":\"https:\\\/\\\/glassbottlewholesale.com\\\/shop\\\/\"},{\"@type\":\"ListItem\",\"position\":3,\"name\":\"RS006 Bulk Wine Bottles 700ml\\\/750ml\"}]},{\"@type\":\"WebSite\",\"@id\":\"https:\\\/\\\/glassbottlewholesale.com\\\/#website\",\"url\":\"https:\\\/\\\/glassbottlewholesale.com\\\/\",\"name\":\"Glass Bottle Wholesale\",\"description\":\"\",\"publisher\":{\"@id\":\"https:\\\/\\\/glassbottlewholesale.com\\\/#organization\"},\"potentialAction\":[{\"@type\":\"SearchAction\",\"target\":{\"@type\":\"EntryPoint\",\"urlTemplate\":\"https:\\\/\\\/glassbottlewholesale.com\\\/?s={search_term_string}\"},\"query-input\":{\"@type\":\"PropertyValueSpecification\",\"valueRequired\":true,\"valueName\":\"search_term_string\"}}],\"inLanguage\":\"pt-PT\"},{\"@type\":\"Organization\",\"@id\":\"https:\\\/\\\/glassbottlewholesale.com\\\/#organization\",\"name\":\"Glass Bottle Wholesale\",\"url\":\"https:\\\/\\\/glassbottlewholesale.com\\\/\",\"logo\":{\"@type\":\"ImageObject\",\"inLanguage\":\"pt-PT\",\"@id\":\"https:\\\/\\\/glassbottlewholesale.com\\\/#\\\/schema\\\/logo\\\/image\\\/\",\"url\":\"https:\\\/\\\/glassbottlewholesale.com\\\/wp-content\\\/uploads\\\/2023\\\/12\\\/ruisheng-logo.webp\",\"contentUrl\":\"https:\\\/\\\/glassbottlewholesale.com\\\/wp-content\\\/uploads\\\/2023\\\/12\\\/ruisheng-logo.webp\",\"width\":400,\"height\":233,\"caption\":\"Glass Bottle Wholesale\"},\"image\":{\"@id\":\"https:\\\/\\\/glassbottlewholesale.com\\\/#\\\/schema\\\/logo\\\/image\\\/\"}}]}<\/script>\n<!-- \/ Yoast SEO plugin. -->","yoast_head_json":{"title":"Bulk Wine Bottle Price | 75cl Glass Bottle Manufacturer China","description":"Find Bulk Wine Bottle Price At Ruisheng Glass co. ltd. Top 75cl Glass Bottle Manufacturer China, provide Quality assurance glass bottle.","robots":{"index":"index","follow":"follow","max-snippet":"max-snippet:-1","max-image-preview":"max-image-preview:large","max-video-preview":"max-video-preview:-1"},"canonical":"https:\/\/ruishengglassco.com\/product\/rs006-bulk-wine-bottles-700ml-750ml","og_locale":"pt_PT","og_type":"article","og_title":"Bulk Wine Bottle Price | 75cl Glass Bottle Manufacturer China","og_description":"Find Bulk Wine Bottle Price At Ruisheng Glass co. ltd. Top 75cl Glass Bottle Manufacturer China, provide Quality assurance glass bottle.","og_url":"https:\/\/ruishengglassco.com\/product\/rs006-bulk-wine-bottles-700ml-750ml","og_site_name":"Glass Bottle Wholesale","article_modified_time":"2025-06-23T08:35:37+00:00","og_image":[{"width":500,"height":500,"url":"https:\/\/glassbottlewholesale.com\/wp-content\/uploads\/2023\/12\/wine-bottle3-4700ml-glass-bottle-wholesale20231218152919-1.png","type":"image\/png"}],"twitter_card":"summary_large_image","twitter_misc":{"Tempo estimado de leitura":"2 minutos"},"schema":{"@context":"https:\/\/schema.org","@graph":[{"@type":"WebPage","@id":"https:\/\/glassbottlewholesale.com\/bulk-wine-bottles-700ml-750ml\/","url":"https:\/\/ruishengglassco.com\/product\/rs006-bulk-wine-bottles-700ml-750ml","name":"Bulk Wine Bottle Price | 75cl Glass Bottle Manufacturer China","isPartOf":{"@id":"https:\/\/glassbottlewholesale.com\/#website"},"primaryImageOfPage":{"@id":"https:\/\/ruishengglassco.com\/product\/rs006-bulk-wine-bottles-700ml-750ml#primaryimage"},"image":{"@id":"https:\/\/ruishengglassco.com\/product\/rs006-bulk-wine-bottles-700ml-750ml#primaryimage"},"thumbnailUrl":"https:\/\/glassbottlewholesale.com\/wp-content\/uploads\/2023\/12\/wine-bottle3-4700ml-glass-bottle-wholesale20231218152919-1.png","datePublished":"2021-03-23T03:11:52+00:00","dateModified":"2025-06-23T08:35:37+00:00","description":"Find Bulk Wine Bottle Price At Ruisheng Glass co. ltd. Top 75cl Glass Bottle Manufacturer China, provide Quality assurance glass bottle.","breadcrumb":{"@id":"https:\/\/ruishengglassco.com\/product\/rs006-bulk-wine-bottles-700ml-750ml#breadcrumb"},"inLanguage":"pt-PT","potentialAction":[{"@type":"ReadAction","target":["https:\/\/ruishengglassco.com\/product\/rs006-bulk-wine-bottles-700ml-750ml"]}]},{"@type":"ImageObject","inLanguage":"pt-PT","@id":"https:\/\/ruishengglassco.com\/product\/rs006-bulk-wine-bottles-700ml-750ml#primaryimage","url":"https:\/\/glassbottlewholesale.com\/wp-content\/uploads\/2023\/12\/wine-bottle3-4700ml-glass-bottle-wholesale20231218152919-1.png","contentUrl":"https:\/\/glassbottlewholesale.com\/wp-content\/uploads\/2023\/12\/wine-bottle3-4700ml-glass-bottle-wholesale20231218152919-1.png","width":500,"height":500,"caption":"RS006 Bulk Wine Bottles 700ml\/750ml"},{"@type":"BreadcrumbList","@id":"https:\/\/ruishengglassco.com\/product\/rs006-bulk-wine-bottles-700ml-750ml#breadcrumb","itemListElement":[{"@type":"ListItem","position":1,"name":"Home","item":"https:\/\/glassbottlewholesale.com\/"},{"@type":"ListItem","position":2,"name":"Products","item":"https:\/\/glassbottlewholesale.com\/shop\/"},{"@type":"ListItem","position":3,"name":"RS006 Bulk Wine Bottles 700ml\/750ml"}]},{"@type":"WebSite","@id":"https:\/\/glassbottlewholesale.com\/#website","url":"https:\/\/glassbottlewholesale.com\/","name":"Glass Bottle Wholesale","description":"","publisher":{"@id":"https:\/\/glassbottlewholesale.com\/#organization"},"potentialAction":[{"@type":"SearchAction","target":{"@type":"EntryPoint","urlTemplate":"https:\/\/glassbottlewholesale.com\/?s={search_term_string}"},"query-input":{"@type":"PropertyValueSpecification","valueRequired":true,"valueName":"search_term_string"}}],"inLanguage":"pt-PT"},{"@type":"Organization","@id":"https:\/\/glassbottlewholesale.com\/#organization","name":"Glass Bottle Wholesale","url":"https:\/\/glassbottlewholesale.com\/","logo":{"@type":"ImageObject","inLanguage":"pt-PT","@id":"https:\/\/glassbottlewholesale.com\/#\/schema\/logo\/image\/","url":"https:\/\/glassbottlewholesale.com\/wp-content\/uploads\/2023\/12\/ruisheng-logo.webp","contentUrl":"https:\/\/glassbottlewholesale.com\/wp-content\/uploads\/2023\/12\/ruisheng-logo.webp","width":400,"height":233,"caption":"Glass Bottle Wholesale"},"image":{"@id":"https:\/\/glassbottlewholesale.com\/#\/schema\/logo\/image\/"}}]}},"_links":{"self":[{"href":"https:\/\/glassbottlewholesale.com\/pt\/wp-json\/wp\/v2\/product\/2610","targetHints":{"allow":["GET"]}}],"collection":[{"href":"https:\/\/glassbottlewholesale.com\/pt\/wp-json\/wp\/v2\/product"}],"about":[{"href":"https:\/\/glassbottlewholesale.com\/pt\/wp-json\/wp\/v2\/types\/product"}],"replies":[{"embeddable":true,"href":"https:\/\/glassbottlewholesale.com\/pt\/wp-json\/wp\/v2\/comments?post=2610"}],"wp:featuredmedia":[{"embeddable":true,"href":"https:\/\/glassbottlewholesale.com\/pt\/wp-json\/wp\/v2\/media\/4356"}],"wp:attachment":[{"href":"https:\/\/glassbottlewholesale.com\/pt\/wp-json\/wp\/v2\/media?parent=2610"}],"wp:term":[{"taxonomy":"product_brand","embeddable":true,"href":"https:\/\/glassbottlewholesale.com\/pt\/wp-json\/wp\/v2\/product_brand?post=2610"},{"taxonomy":"product_cat","embeddable":true,"href":"https:\/\/glassbottlewholesale.com\/pt\/wp-json\/wp\/v2\/product_cat?post=2610"},{"taxonomy":"product_tag","embeddable":true,"href":"https:\/\/glassbottlewholesale.com\/pt\/wp-json\/wp\/v2\/product_tag?post=2610"}],"curies":[{"name":"wp","href":"https:\/\/api.w.org\/{rel}","templated":true}]}}