{"id":2611,"date":"2021-03-23T03:13:53","date_gmt":"2021-03-23T03:13:53","guid":{"rendered":"https:\/\/glassbottlewholesale.com\/?post_type=product&#038;p=2611"},"modified":"2025-06-23T08:34:47","modified_gmt":"2025-06-23T08:34:47","slug":"garrafa-de-vinho-por-atacado-com-rolha","status":"publish","type":"product","link":"https:\/\/glassbottlewholesale.com\/pt\/garrafa-de-vinho-por-atacado-com-rolha\/","title":{"rendered":"RS005 Garrafas de vidro para vinho por atacado com tampas de rosca"},"content":{"rendered":"<h2>Informa\u00e7\u00f5es detalhadas sobre as garrafas de vinho de vidro de 750 ml por atacado<\/h2>\n<p>Esta s\u00e9rie de garrafas de vinho de vidro por atacado \u00e9 uma garrafa cl\u00e1ssica de 750 ml da Borgonha com 3 tipos de rolhas \u00e0 escolha: tampas de rosca, rolhas e tampa guala. Com uma base perfurada e paredes rectas para uma rotulagem f\u00e1cil. Uma \u00f3ptima op\u00e7\u00e3o para todas as bebidas espumantes e gaseificadas favoritas. Esta garrafa de vidro vazia adopta material de vidro de s\u00edlex de alta qualidade, o que torna a nossa garrafa de vidro transparente, elegante e amiga do ambiente. A cor verde clara da garrafa de vidro \u00e9 prop\u00edcia \u00e0 preserva\u00e7\u00e3o do vinho, evita a oxida\u00e7\u00e3o e garante o seu sabor.<\/p>\n<p>Como um fabricante profissional de garrafas de vinho, a nossa empresa fornece servi\u00e7o de garrafas de vinho OEM\/ODM\/personalizadas. Se tiver alguma considera\u00e7\u00e3o sobre o fabrico de garrafas de vinho, n\u00e3o hesite em contactar-nos <a href=\"https:\/\/ruishengglassco.com\/contact\" target=\"_blank\" rel=\"noopener\">as nossas vendas aqui.<\/a><\/p>\n<ul>\n<li>Artigo: garrafas de vinho de vidro de 750 ml por atacado<\/li>\n<li>Fabricante: Garrafa de vidro Ruisheng<\/li>\n<li>N\u00famero: RS005<\/li>\n<li>Capacidade: 700ml, 750ml, 1000ml, 2L<\/li>\n<li>Material: Material de vidro super flint, material de vidro branco cristalino, material de vidro branco caro<\/li>\n<li>Utiliza\u00e7\u00e3o: Garrafa de vinho de vidro<\/li>\n<li>Superf\u00edcie: Geada, decalque, pintura, hot stamping, relevo, impress\u00e3o, dourado, serigrafia<\/li>\n<li>Log\u00f3tipo: Logotipo do cliente aceit\u00e1vel<\/li>\n<li>Amostra:\n<ul>\n<li>Fabrico de moldes<\/li>\n<li>Livre pelo molde existente<\/li>\n<li>Como palavras ou o seu desenho<\/li>\n<\/ul>\n<\/li>\n<li>Embalagem: Caixa de exporta\u00e7\u00e3o padr\u00e3o; ou embalagem de paletes; embalagem de caixa FGC<\/li>\n<li>Prazo de entrega: 20-30 dias ap\u00f3s a confirma\u00e7\u00e3o da encomenda<\/li>\n<\/ul>","protected":false},"excerpt":{"rendered":"<p>Ruisheng Glass Co, Ltd, um dos fabricantes de vidro mais profissionais na China, tem estado envolvido em garrafas de vinho de vidro por atacado h\u00e1 mais de 10 anos.  Como um fabricante e fornecedor profissional de garrafas de licor de vidro, podemos fornecer tipos de garrafas de licor de vidro para o seu neg\u00f3cio, como garrafas de vinho de vidro, garrafas de u\u00edsque, garrafas de conhaque, garrafas de vodka, garrafas de tequila e tec.<\/p>\n<h4>Informa\u00e7\u00f5es preocupantes sobre as garrafas de vinho de vidro de 750 ml por atacado<\/h4>\n<div class=\"summary entry-summary\">\n<div class=\"woocommerce-product-details__short-description\">\n<div><strong><span class=\"mceItemHidden\"><span class=\"hiddenSpellError\">\u2013<\/span><span class=\"hiddenSpellError\">Quantidade m\u00ednima<\/span>: 10000 PCS (Cerca de 30000 <span class=\"hiddenSpellError\">pe\u00e7as<\/span>)<\/span><\/strong><\/div>\n<div><span class=\"mceItemHidden\"><span class=\"hiddenSpellError\">-Livre<\/span>\u00a0Amostra oferecida. OEM\/ODM dispon\u00edvel<\/span><\/div>\n<div><span class=\"mceItemHidden\"><span class=\"hiddenSpellError\">-Entrega de amostras gr\u00e1tis no prazo de 7 dias; entrega de encomendas a granel no prazo de 30 dias ap\u00f3s a confirma\u00e7\u00e3o da encomenda.<\/span><\/span><\/div>\n<div>Se pretender obter mais informa\u00e7\u00f5es sobre garrafas de vinho de vidro por grosso, por favor<a href=\"https:\/\/ruishengglassco.com\/contact\" target=\"_blank\" rel=\"noopener\"> Contate-nos<\/a> aqui.<\/div>\n<\/div>\n<\/div>","protected":false},"featured_media":4357,"comment_status":"open","ping_status":"closed","template":"","meta":[],"product_brand":[],"product_cat":[51,52,74],"product_tag":[],"class_list":{"0":"post-2611","1":"product","2":"type-product","3":"status-publish","4":"has-post-thumbnail","6":"product_cat-700ml-glass-bottle","7":"product_cat-750ml-glass-bottle","8":"product_cat-wine-bottle","9":"entry","10":"has-media","12":"first","13":"instock","14":"shipping-taxable","15":"product-type-simple"},"yoast_head":"<!-- This site is optimized with the Yoast SEO plugin v27.3 - https:\/\/yoast.com\/product\/yoast-seo-wordpress\/ -->\n<title>Glass Wine Bottles Wholesale | 750ml Glass Bottles With Screw Caps<\/title>\n<meta name=\"description\" content=\"Ruisheng glass co,ltd, a professional glass bottle manufacturer, provide glass wine bottles wholesale. Click here to get 750ml Glass Bottles With Screw Caps.\" \/>\n<meta name=\"robots\" content=\"index, follow, max-snippet:-1, max-image-preview:large, max-video-preview:-1\" \/>\n<link rel=\"canonical\" href=\"https:\/\/ruishengglassco.com\/product\/rs005-glass-wine-bottles-wholesale-with-screw-caps\" \/>\n<meta property=\"og:locale\" content=\"pt_PT\" \/>\n<meta property=\"og:type\" content=\"article\" \/>\n<meta property=\"og:title\" content=\"Glass Wine Bottles Wholesale | 750ml Glass Bottles With Screw Caps\" \/>\n<meta property=\"og:description\" content=\"Ruisheng glass co,ltd, a professional glass bottle manufacturer, provide glass wine bottles wholesale. Click here to get 750ml Glass Bottles With Screw Caps.\" \/>\n<meta property=\"og:url\" content=\"https:\/\/ruishengglassco.com\/product\/rs005-glass-wine-bottles-wholesale-with-screw-caps\" \/>\n<meta property=\"og:site_name\" content=\"Glass Bottle Wholesale\" \/>\n<meta property=\"article:modified_time\" content=\"2025-06-23T08:34:47+00:00\" \/>\n<meta property=\"og:image\" content=\"https:\/\/glassbottlewholesale.com\/wp-content\/uploads\/2023\/12\/wine-bottle3-2700ml-glass-bottle-wholesale2023121815295-1.png\" \/>\n\t<meta property=\"og:image:width\" content=\"500\" \/>\n\t<meta property=\"og:image:height\" content=\"500\" \/>\n\t<meta property=\"og:image:type\" content=\"image\/png\" \/>\n<meta name=\"twitter:card\" content=\"summary_large_image\" \/>\n<meta name=\"twitter:label1\" content=\"Tempo estimado de leitura\" \/>\n\t<meta name=\"twitter:data1\" content=\"2 minutos\" \/>\n<script type=\"application\/ld+json\" class=\"yoast-schema-graph\">{\"@context\":\"https:\\\/\\\/schema.org\",\"@graph\":[{\"@type\":\"WebPage\",\"@id\":\"https:\\\/\\\/glassbottlewholesale.com\\\/wholesale-wine-bottle-with-stoppers\\\/\",\"url\":\"https:\\\/\\\/ruishengglassco.com\\\/product\\\/rs005-glass-wine-bottles-wholesale-with-screw-caps\",\"name\":\"Glass Wine Bottles Wholesale | 750ml Glass Bottles With Screw Caps\",\"isPartOf\":{\"@id\":\"https:\\\/\\\/glassbottlewholesale.com\\\/#website\"},\"primaryImageOfPage\":{\"@id\":\"https:\\\/\\\/ruishengglassco.com\\\/product\\\/rs005-glass-wine-bottles-wholesale-with-screw-caps#primaryimage\"},\"image\":{\"@id\":\"https:\\\/\\\/ruishengglassco.com\\\/product\\\/rs005-glass-wine-bottles-wholesale-with-screw-caps#primaryimage\"},\"thumbnailUrl\":\"https:\\\/\\\/glassbottlewholesale.com\\\/wp-content\\\/uploads\\\/2023\\\/12\\\/wine-bottle3-2700ml-glass-bottle-wholesale2023121815295-1.png\",\"datePublished\":\"2021-03-23T03:13:53+00:00\",\"dateModified\":\"2025-06-23T08:34:47+00:00\",\"description\":\"Ruisheng glass co,ltd, a professional glass bottle manufacturer, provide glass wine bottles wholesale. Click here to get 750ml Glass Bottles With Screw Caps.\",\"breadcrumb\":{\"@id\":\"https:\\\/\\\/ruishengglassco.com\\\/product\\\/rs005-glass-wine-bottles-wholesale-with-screw-caps#breadcrumb\"},\"inLanguage\":\"pt-PT\",\"potentialAction\":[{\"@type\":\"ReadAction\",\"target\":[\"https:\\\/\\\/ruishengglassco.com\\\/product\\\/rs005-glass-wine-bottles-wholesale-with-screw-caps\"]}]},{\"@type\":\"ImageObject\",\"inLanguage\":\"pt-PT\",\"@id\":\"https:\\\/\\\/ruishengglassco.com\\\/product\\\/rs005-glass-wine-bottles-wholesale-with-screw-caps#primaryimage\",\"url\":\"https:\\\/\\\/glassbottlewholesale.com\\\/wp-content\\\/uploads\\\/2023\\\/12\\\/wine-bottle3-2700ml-glass-bottle-wholesale2023121815295-1.png\",\"contentUrl\":\"https:\\\/\\\/glassbottlewholesale.com\\\/wp-content\\\/uploads\\\/2023\\\/12\\\/wine-bottle3-2700ml-glass-bottle-wholesale2023121815295-1.png\",\"width\":500,\"height\":500,\"caption\":\"Glass Wine Bottles Wholesale With Screw Caps\"},{\"@type\":\"BreadcrumbList\",\"@id\":\"https:\\\/\\\/ruishengglassco.com\\\/product\\\/rs005-glass-wine-bottles-wholesale-with-screw-caps#breadcrumb\",\"itemListElement\":[{\"@type\":\"ListItem\",\"position\":1,\"name\":\"Home\",\"item\":\"https:\\\/\\\/glassbottlewholesale.com\\\/\"},{\"@type\":\"ListItem\",\"position\":2,\"name\":\"Products\",\"item\":\"https:\\\/\\\/glassbottlewholesale.com\\\/shop\\\/\"},{\"@type\":\"ListItem\",\"position\":3,\"name\":\"RS005 Glass Wine Bottles Wholesale With Screw Caps\"}]},{\"@type\":\"WebSite\",\"@id\":\"https:\\\/\\\/glassbottlewholesale.com\\\/#website\",\"url\":\"https:\\\/\\\/glassbottlewholesale.com\\\/\",\"name\":\"Glass Bottle Wholesale\",\"description\":\"\",\"publisher\":{\"@id\":\"https:\\\/\\\/glassbottlewholesale.com\\\/#organization\"},\"potentialAction\":[{\"@type\":\"SearchAction\",\"target\":{\"@type\":\"EntryPoint\",\"urlTemplate\":\"https:\\\/\\\/glassbottlewholesale.com\\\/?s={search_term_string}\"},\"query-input\":{\"@type\":\"PropertyValueSpecification\",\"valueRequired\":true,\"valueName\":\"search_term_string\"}}],\"inLanguage\":\"pt-PT\"},{\"@type\":\"Organization\",\"@id\":\"https:\\\/\\\/glassbottlewholesale.com\\\/#organization\",\"name\":\"Glass Bottle Wholesale\",\"url\":\"https:\\\/\\\/glassbottlewholesale.com\\\/\",\"logo\":{\"@type\":\"ImageObject\",\"inLanguage\":\"pt-PT\",\"@id\":\"https:\\\/\\\/glassbottlewholesale.com\\\/#\\\/schema\\\/logo\\\/image\\\/\",\"url\":\"https:\\\/\\\/glassbottlewholesale.com\\\/wp-content\\\/uploads\\\/2023\\\/12\\\/ruisheng-logo.webp\",\"contentUrl\":\"https:\\\/\\\/glassbottlewholesale.com\\\/wp-content\\\/uploads\\\/2023\\\/12\\\/ruisheng-logo.webp\",\"width\":400,\"height\":233,\"caption\":\"Glass Bottle Wholesale\"},\"image\":{\"@id\":\"https:\\\/\\\/glassbottlewholesale.com\\\/#\\\/schema\\\/logo\\\/image\\\/\"}}]}<\/script>\n<!-- \/ Yoast SEO plugin. -->","yoast_head_json":{"title":"Glass Wine Bottles Wholesale | 750ml Glass Bottles With Screw Caps","description":"Ruisheng glass co,ltd, a professional glass bottle manufacturer, provide glass wine bottles wholesale. Click here to get 750ml Glass Bottles With Screw Caps.","robots":{"index":"index","follow":"follow","max-snippet":"max-snippet:-1","max-image-preview":"max-image-preview:large","max-video-preview":"max-video-preview:-1"},"canonical":"https:\/\/ruishengglassco.com\/product\/rs005-glass-wine-bottles-wholesale-with-screw-caps","og_locale":"pt_PT","og_type":"article","og_title":"Glass Wine Bottles Wholesale | 750ml Glass Bottles With Screw Caps","og_description":"Ruisheng glass co,ltd, a professional glass bottle manufacturer, provide glass wine bottles wholesale. Click here to get 750ml Glass Bottles With Screw Caps.","og_url":"https:\/\/ruishengglassco.com\/product\/rs005-glass-wine-bottles-wholesale-with-screw-caps","og_site_name":"Glass Bottle Wholesale","article_modified_time":"2025-06-23T08:34:47+00:00","og_image":[{"width":500,"height":500,"url":"https:\/\/glassbottlewholesale.com\/wp-content\/uploads\/2023\/12\/wine-bottle3-2700ml-glass-bottle-wholesale2023121815295-1.png","type":"image\/png"}],"twitter_card":"summary_large_image","twitter_misc":{"Tempo estimado de leitura":"2 minutos"},"schema":{"@context":"https:\/\/schema.org","@graph":[{"@type":"WebPage","@id":"https:\/\/glassbottlewholesale.com\/wholesale-wine-bottle-with-stoppers\/","url":"https:\/\/ruishengglassco.com\/product\/rs005-glass-wine-bottles-wholesale-with-screw-caps","name":"Glass Wine Bottles Wholesale | 750ml Glass Bottles With Screw Caps","isPartOf":{"@id":"https:\/\/glassbottlewholesale.com\/#website"},"primaryImageOfPage":{"@id":"https:\/\/ruishengglassco.com\/product\/rs005-glass-wine-bottles-wholesale-with-screw-caps#primaryimage"},"image":{"@id":"https:\/\/ruishengglassco.com\/product\/rs005-glass-wine-bottles-wholesale-with-screw-caps#primaryimage"},"thumbnailUrl":"https:\/\/glassbottlewholesale.com\/wp-content\/uploads\/2023\/12\/wine-bottle3-2700ml-glass-bottle-wholesale2023121815295-1.png","datePublished":"2021-03-23T03:13:53+00:00","dateModified":"2025-06-23T08:34:47+00:00","description":"Ruisheng glass co,ltd, a professional glass bottle manufacturer, provide glass wine bottles wholesale. Click here to get 750ml Glass Bottles With Screw Caps.","breadcrumb":{"@id":"https:\/\/ruishengglassco.com\/product\/rs005-glass-wine-bottles-wholesale-with-screw-caps#breadcrumb"},"inLanguage":"pt-PT","potentialAction":[{"@type":"ReadAction","target":["https:\/\/ruishengglassco.com\/product\/rs005-glass-wine-bottles-wholesale-with-screw-caps"]}]},{"@type":"ImageObject","inLanguage":"pt-PT","@id":"https:\/\/ruishengglassco.com\/product\/rs005-glass-wine-bottles-wholesale-with-screw-caps#primaryimage","url":"https:\/\/glassbottlewholesale.com\/wp-content\/uploads\/2023\/12\/wine-bottle3-2700ml-glass-bottle-wholesale2023121815295-1.png","contentUrl":"https:\/\/glassbottlewholesale.com\/wp-content\/uploads\/2023\/12\/wine-bottle3-2700ml-glass-bottle-wholesale2023121815295-1.png","width":500,"height":500,"caption":"Glass Wine Bottles Wholesale With Screw Caps"},{"@type":"BreadcrumbList","@id":"https:\/\/ruishengglassco.com\/product\/rs005-glass-wine-bottles-wholesale-with-screw-caps#breadcrumb","itemListElement":[{"@type":"ListItem","position":1,"name":"Home","item":"https:\/\/glassbottlewholesale.com\/"},{"@type":"ListItem","position":2,"name":"Products","item":"https:\/\/glassbottlewholesale.com\/shop\/"},{"@type":"ListItem","position":3,"name":"RS005 Glass Wine Bottles Wholesale With Screw Caps"}]},{"@type":"WebSite","@id":"https:\/\/glassbottlewholesale.com\/#website","url":"https:\/\/glassbottlewholesale.com\/","name":"Glass Bottle Wholesale","description":"","publisher":{"@id":"https:\/\/glassbottlewholesale.com\/#organization"},"potentialAction":[{"@type":"SearchAction","target":{"@type":"EntryPoint","urlTemplate":"https:\/\/glassbottlewholesale.com\/?s={search_term_string}"},"query-input":{"@type":"PropertyValueSpecification","valueRequired":true,"valueName":"search_term_string"}}],"inLanguage":"pt-PT"},{"@type":"Organization","@id":"https:\/\/glassbottlewholesale.com\/#organization","name":"Glass Bottle Wholesale","url":"https:\/\/glassbottlewholesale.com\/","logo":{"@type":"ImageObject","inLanguage":"pt-PT","@id":"https:\/\/glassbottlewholesale.com\/#\/schema\/logo\/image\/","url":"https:\/\/glassbottlewholesale.com\/wp-content\/uploads\/2023\/12\/ruisheng-logo.webp","contentUrl":"https:\/\/glassbottlewholesale.com\/wp-content\/uploads\/2023\/12\/ruisheng-logo.webp","width":400,"height":233,"caption":"Glass Bottle Wholesale"},"image":{"@id":"https:\/\/glassbottlewholesale.com\/#\/schema\/logo\/image\/"}}]}},"_links":{"self":[{"href":"https:\/\/glassbottlewholesale.com\/pt\/wp-json\/wp\/v2\/product\/2611","targetHints":{"allow":["GET"]}}],"collection":[{"href":"https:\/\/glassbottlewholesale.com\/pt\/wp-json\/wp\/v2\/product"}],"about":[{"href":"https:\/\/glassbottlewholesale.com\/pt\/wp-json\/wp\/v2\/types\/product"}],"replies":[{"embeddable":true,"href":"https:\/\/glassbottlewholesale.com\/pt\/wp-json\/wp\/v2\/comments?post=2611"}],"wp:featuredmedia":[{"embeddable":true,"href":"https:\/\/glassbottlewholesale.com\/pt\/wp-json\/wp\/v2\/media\/4357"}],"wp:attachment":[{"href":"https:\/\/glassbottlewholesale.com\/pt\/wp-json\/wp\/v2\/media?parent=2611"}],"wp:term":[{"taxonomy":"product_brand","embeddable":true,"href":"https:\/\/glassbottlewholesale.com\/pt\/wp-json\/wp\/v2\/product_brand?post=2611"},{"taxonomy":"product_cat","embeddable":true,"href":"https:\/\/glassbottlewholesale.com\/pt\/wp-json\/wp\/v2\/product_cat?post=2611"},{"taxonomy":"product_tag","embeddable":true,"href":"https:\/\/glassbottlewholesale.com\/pt\/wp-json\/wp\/v2\/product_tag?post=2611"}],"curies":[{"name":"wp","href":"https:\/\/api.w.org\/{rel}","templated":true}]}}