{"id":2612,"date":"2021-03-23T03:16:09","date_gmt":"2021-03-23T03:16:09","guid":{"rendered":"https:\/\/glassbottlewholesale.com\/?post_type=product&#038;p=2612"},"modified":"2023-12-19T03:39:50","modified_gmt":"2023-12-19T03:39:50","slug":"empty-wine-bottles-wholesale","status":"publish","type":"product","link":"https:\/\/glassbottlewholesale.com\/pt\/empty-wine-bottles-wholesale\/","title":{"rendered":"RS004 Garrafas de vinho vazias por atacado"},"content":{"rendered":"<h2>Detalhes sobre Garrafas de vinho vazias por atacado<\/h2>\n<p>Como fabricante profissional de garrafas de vinho na China, fornecemos principalmente garrafas de vinho vazias por atacado apenas para empresas, como vin\u00edcolas, empresas de vinho, atacadistas de garrafas de vinho, varejistas de garrafas de vinho, etc., mas n\u00e3o para varejo.<\/p>\n<p>Como uma f\u00e1brica profissional de fabrico de garrafas de vidro, fornecemos servi\u00e7os de design e fabrico de garrafas de vidro. Se quiser obter garrafas de vinho por atacado, pode escolher o molde que existe na nossa empresa. Tamb\u00e9m pode fornecer o projeto de design, e n\u00f3s produzi-lo-emos de acordo com as suas necessidades. Oferecemos servi\u00e7o de garrafa de vinho OEM\/ODM\/personalizado.<\/p>\n<ul>\n<li>Artigo: Garrafas de vinho de 750 ml por atacado<\/li>\n<li>Fabricante: Garrafa de vidro Ruisheng<\/li>\n<li>N\u00famero: RS004<\/li>\n<li>Capacidade: 50ml, 200ml, 300ml, 700ml, 750ml, 1000ml, 2L e servi\u00e7o de garrafa de vinho personalizado<\/li>\n<li>Tipo de veda\u00e7\u00e3o: Tampa de rosca<\/li>\n<li>Material: Material de vidro super flint, material de vidro branco cristalino, material de vidro branco caro<\/li>\n<li>Utiliza\u00e7\u00e3o: Garrafa de vinho de vidro<\/li>\n<li>Superf\u00edcie: Geada, decalque, pintura, hot stamping, relevo, impress\u00e3o, dourado, serigrafia<\/li>\n<li>Log\u00f3tipo: Logotipo do cliente aceit\u00e1vel<\/li>\n<li>Amostra:\n<ul>\n<li>Fabrico de moldes<\/li>\n<li>Livre pelo molde existente<\/li>\n<li>Como palavras ou o seu desenho<\/li>\n<\/ul>\n<\/li>\n<li>Embalagem: Caixa de exporta\u00e7\u00e3o padr\u00e3o; ou embalagem de paletes; embalagem de caixa FGC<\/li>\n<li>Prazo de entrega: 20-30 dias ap\u00f3s a confirma\u00e7\u00e3o da encomenda<\/li>\n<\/ul>\n<p>Se quiser obter mais informa\u00e7\u00f5es sobre as nossas garrafas de vinho de 750 ml por atacado, por favor <a href=\"https:\/\/glassbottlewholesale.com\/pt\/contact\/\">Contate-nos<\/a> aqui.<\/p>","protected":false},"excerpt":{"rendered":"<p>Ruisheng Glass Co, Ltd, a professional glass wine bottle manufacturer, and factory in China, provides empty wine bottles wholesale at factory outlet price.<\/p>\n<p>This series empty wine bottles wholesale is made of high flint glass material. A classical Bordeaux Bottle shape, \u00a0the clarity of this bottle makes it perfect for storing your wine. It features straight sides and distinctive, high shoulders, and requires the use of a bar top closure, more than 10 types of glass bottle stoppers are offered.<\/p>\n<div><span style=\"color: #ff6600;\"><strong><span class=\"mceItemHidden\"><span class=\"hiddenSpellError\">\u2013<\/span><span class=\"hiddenSpellError\">Quantidade m\u00ednima<\/span>: 10000 PCS (Cerca de 30000 <span class=\"hiddenSpellError\">pe\u00e7as<\/span>)<\/span><\/strong><\/span><\/div>\n<div><span class=\"mceItemHidden\"><span class=\"hiddenSpellError\">-Livre<\/span>\u00a0Amostra oferecida. OEM\/ODM dispon\u00edvel<\/span><\/div>\n<div><span class=\"mceItemHidden\"><span class=\"hiddenSpellError\">-Entrega de amostras gr\u00e1tis no prazo de 7 dias; entrega de encomendas a granel no prazo de 30 dias ap\u00f3s a confirma\u00e7\u00e3o da encomenda.<\/span><\/span><\/div>","protected":false},"featured_media":4358,"comment_status":"open","ping_status":"closed","template":"","meta":[],"product_brand":[],"product_cat":[51,52,74],"product_tag":[],"class_list":{"0":"post-2612","1":"product","2":"type-product","3":"status-publish","4":"has-post-thumbnail","6":"product_cat-700ml-glass-bottle","7":"product_cat-750ml-glass-bottle","8":"product_cat-wine-bottle","9":"entry","10":"has-media","12":"first","13":"instock","14":"shipping-taxable","15":"product-type-simple"},"yoast_head":"<!-- This site is optimized with the Yoast SEO plugin v27.3 - https:\/\/yoast.com\/product\/yoast-seo-wordpress\/ -->\n<title>Empty Wine Bottles Wholesale | China Wine Bottle Manufacturer<\/title>\n<meta name=\"description\" content=\"Ruisheng glass, top China Wine Bottle Manufacturer, provide Empty Wine Bottles Wholesale at factory outlet price. Quality Asurance&amp;Save Cost.\" \/>\n<meta name=\"robots\" content=\"index, follow, max-snippet:-1, max-image-preview:large, max-video-preview:-1\" \/>\n<link rel=\"canonical\" href=\"https:\/\/ruishengglassco.com\/product\/rs004-empty-wine-bottles-wholesale\" \/>\n<meta property=\"og:locale\" content=\"pt_PT\" \/>\n<meta property=\"og:type\" content=\"article\" \/>\n<meta property=\"og:title\" content=\"Empty Wine Bottles Wholesale | China Wine Bottle Manufacturer\" \/>\n<meta property=\"og:description\" content=\"Ruisheng glass, top China Wine Bottle Manufacturer, provide Empty Wine Bottles Wholesale at factory outlet price. Quality Asurance&amp;Save Cost.\" \/>\n<meta property=\"og:url\" content=\"https:\/\/ruishengglassco.com\/product\/rs004-empty-wine-bottles-wholesale\" \/>\n<meta property=\"og:site_name\" content=\"Glass Bottle Wholesale\" \/>\n<meta property=\"article:modified_time\" content=\"2023-12-19T03:39:50+00:00\" \/>\n<meta property=\"og:image\" content=\"https:\/\/glassbottlewholesale.com\/wp-content\/uploads\/2021\/03\/black-glass-bottle-wholesale-1-1.png\" \/>\n\t<meta property=\"og:image:width\" content=\"500\" \/>\n\t<meta property=\"og:image:height\" content=\"500\" \/>\n\t<meta property=\"og:image:type\" content=\"image\/png\" \/>\n<meta name=\"twitter:card\" content=\"summary_large_image\" \/>\n<meta name=\"twitter:label1\" content=\"Tempo estimado de leitura\" \/>\n\t<meta name=\"twitter:data1\" content=\"2 minutos\" \/>\n<script type=\"application\/ld+json\" class=\"yoast-schema-graph\">{\"@context\":\"https:\\\/\\\/schema.org\",\"@graph\":[{\"@type\":\"WebPage\",\"@id\":\"https:\\\/\\\/glassbottlewholesale.com\\\/empty-wine-bottles-wholesale\\\/\",\"url\":\"https:\\\/\\\/ruishengglassco.com\\\/product\\\/rs004-empty-wine-bottles-wholesale\",\"name\":\"Empty Wine Bottles Wholesale | China Wine Bottle Manufacturer\",\"isPartOf\":{\"@id\":\"https:\\\/\\\/glassbottlewholesale.com\\\/#website\"},\"primaryImageOfPage\":{\"@id\":\"https:\\\/\\\/ruishengglassco.com\\\/product\\\/rs004-empty-wine-bottles-wholesale#primaryimage\"},\"image\":{\"@id\":\"https:\\\/\\\/ruishengglassco.com\\\/product\\\/rs004-empty-wine-bottles-wholesale#primaryimage\"},\"thumbnailUrl\":\"https:\\\/\\\/glassbottlewholesale.com\\\/wp-content\\\/uploads\\\/2021\\\/03\\\/black-glass-bottle-wholesale-1-1.png\",\"datePublished\":\"2021-03-23T03:16:09+00:00\",\"dateModified\":\"2023-12-19T03:39:50+00:00\",\"description\":\"Ruisheng glass, top China Wine Bottle Manufacturer, provide Empty Wine Bottles Wholesale at factory outlet price. Quality Asurance&Save Cost.\",\"breadcrumb\":{\"@id\":\"https:\\\/\\\/ruishengglassco.com\\\/product\\\/rs004-empty-wine-bottles-wholesale#breadcrumb\"},\"inLanguage\":\"pt-PT\",\"potentialAction\":[{\"@type\":\"ReadAction\",\"target\":[\"https:\\\/\\\/ruishengglassco.com\\\/product\\\/rs004-empty-wine-bottles-wholesale\"]}]},{\"@type\":\"ImageObject\",\"inLanguage\":\"pt-PT\",\"@id\":\"https:\\\/\\\/ruishengglassco.com\\\/product\\\/rs004-empty-wine-bottles-wholesale#primaryimage\",\"url\":\"https:\\\/\\\/glassbottlewholesale.com\\\/wp-content\\\/uploads\\\/2021\\\/03\\\/black-glass-bottle-wholesale-1-1.png\",\"contentUrl\":\"https:\\\/\\\/glassbottlewholesale.com\\\/wp-content\\\/uploads\\\/2021\\\/03\\\/black-glass-bottle-wholesale-1-1.png\",\"width\":500,\"height\":500,\"caption\":\"black glass bottle wholesale (1) (1)\"},{\"@type\":\"BreadcrumbList\",\"@id\":\"https:\\\/\\\/ruishengglassco.com\\\/product\\\/rs004-empty-wine-bottles-wholesale#breadcrumb\",\"itemListElement\":[{\"@type\":\"ListItem\",\"position\":1,\"name\":\"Home\",\"item\":\"https:\\\/\\\/glassbottlewholesale.com\\\/\"},{\"@type\":\"ListItem\",\"position\":2,\"name\":\"Products\",\"item\":\"https:\\\/\\\/glassbottlewholesale.com\\\/shop\\\/\"},{\"@type\":\"ListItem\",\"position\":3,\"name\":\"RS004 Empty Wine Bottles Wholesale\"}]},{\"@type\":\"WebSite\",\"@id\":\"https:\\\/\\\/glassbottlewholesale.com\\\/#website\",\"url\":\"https:\\\/\\\/glassbottlewholesale.com\\\/\",\"name\":\"Glass Bottle Wholesale\",\"description\":\"\",\"publisher\":{\"@id\":\"https:\\\/\\\/glassbottlewholesale.com\\\/#organization\"},\"potentialAction\":[{\"@type\":\"SearchAction\",\"target\":{\"@type\":\"EntryPoint\",\"urlTemplate\":\"https:\\\/\\\/glassbottlewholesale.com\\\/?s={search_term_string}\"},\"query-input\":{\"@type\":\"PropertyValueSpecification\",\"valueRequired\":true,\"valueName\":\"search_term_string\"}}],\"inLanguage\":\"pt-PT\"},{\"@type\":\"Organization\",\"@id\":\"https:\\\/\\\/glassbottlewholesale.com\\\/#organization\",\"name\":\"Glass Bottle Wholesale\",\"url\":\"https:\\\/\\\/glassbottlewholesale.com\\\/\",\"logo\":{\"@type\":\"ImageObject\",\"inLanguage\":\"pt-PT\",\"@id\":\"https:\\\/\\\/glassbottlewholesale.com\\\/#\\\/schema\\\/logo\\\/image\\\/\",\"url\":\"https:\\\/\\\/glassbottlewholesale.com\\\/wp-content\\\/uploads\\\/2023\\\/12\\\/ruisheng-logo.webp\",\"contentUrl\":\"https:\\\/\\\/glassbottlewholesale.com\\\/wp-content\\\/uploads\\\/2023\\\/12\\\/ruisheng-logo.webp\",\"width\":400,\"height\":233,\"caption\":\"Glass Bottle Wholesale\"},\"image\":{\"@id\":\"https:\\\/\\\/glassbottlewholesale.com\\\/#\\\/schema\\\/logo\\\/image\\\/\"}}]}<\/script>\n<!-- \/ Yoast SEO plugin. -->","yoast_head_json":{"title":"Empty Wine Bottles Wholesale | China Wine Bottle Manufacturer","description":"Ruisheng glass, top China Wine Bottle Manufacturer, provide Empty Wine Bottles Wholesale at factory outlet price. Quality Asurance&Save Cost.","robots":{"index":"index","follow":"follow","max-snippet":"max-snippet:-1","max-image-preview":"max-image-preview:large","max-video-preview":"max-video-preview:-1"},"canonical":"https:\/\/ruishengglassco.com\/product\/rs004-empty-wine-bottles-wholesale","og_locale":"pt_PT","og_type":"article","og_title":"Empty Wine Bottles Wholesale | China Wine Bottle Manufacturer","og_description":"Ruisheng glass, top China Wine Bottle Manufacturer, provide Empty Wine Bottles Wholesale at factory outlet price. Quality Asurance&Save Cost.","og_url":"https:\/\/ruishengglassco.com\/product\/rs004-empty-wine-bottles-wholesale","og_site_name":"Glass Bottle Wholesale","article_modified_time":"2023-12-19T03:39:50+00:00","og_image":[{"width":500,"height":500,"url":"https:\/\/glassbottlewholesale.com\/wp-content\/uploads\/2021\/03\/black-glass-bottle-wholesale-1-1.png","type":"image\/png"}],"twitter_card":"summary_large_image","twitter_misc":{"Tempo estimado de leitura":"2 minutos"},"schema":{"@context":"https:\/\/schema.org","@graph":[{"@type":"WebPage","@id":"https:\/\/glassbottlewholesale.com\/empty-wine-bottles-wholesale\/","url":"https:\/\/ruishengglassco.com\/product\/rs004-empty-wine-bottles-wholesale","name":"Empty Wine Bottles Wholesale | China Wine Bottle Manufacturer","isPartOf":{"@id":"https:\/\/glassbottlewholesale.com\/#website"},"primaryImageOfPage":{"@id":"https:\/\/ruishengglassco.com\/product\/rs004-empty-wine-bottles-wholesale#primaryimage"},"image":{"@id":"https:\/\/ruishengglassco.com\/product\/rs004-empty-wine-bottles-wholesale#primaryimage"},"thumbnailUrl":"https:\/\/glassbottlewholesale.com\/wp-content\/uploads\/2021\/03\/black-glass-bottle-wholesale-1-1.png","datePublished":"2021-03-23T03:16:09+00:00","dateModified":"2023-12-19T03:39:50+00:00","description":"Ruisheng glass, top China Wine Bottle Manufacturer, provide Empty Wine Bottles Wholesale at factory outlet price. Quality Asurance&Save Cost.","breadcrumb":{"@id":"https:\/\/ruishengglassco.com\/product\/rs004-empty-wine-bottles-wholesale#breadcrumb"},"inLanguage":"pt-PT","potentialAction":[{"@type":"ReadAction","target":["https:\/\/ruishengglassco.com\/product\/rs004-empty-wine-bottles-wholesale"]}]},{"@type":"ImageObject","inLanguage":"pt-PT","@id":"https:\/\/ruishengglassco.com\/product\/rs004-empty-wine-bottles-wholesale#primaryimage","url":"https:\/\/glassbottlewholesale.com\/wp-content\/uploads\/2021\/03\/black-glass-bottle-wholesale-1-1.png","contentUrl":"https:\/\/glassbottlewholesale.com\/wp-content\/uploads\/2021\/03\/black-glass-bottle-wholesale-1-1.png","width":500,"height":500,"caption":"black glass bottle wholesale (1) (1)"},{"@type":"BreadcrumbList","@id":"https:\/\/ruishengglassco.com\/product\/rs004-empty-wine-bottles-wholesale#breadcrumb","itemListElement":[{"@type":"ListItem","position":1,"name":"Home","item":"https:\/\/glassbottlewholesale.com\/"},{"@type":"ListItem","position":2,"name":"Products","item":"https:\/\/glassbottlewholesale.com\/shop\/"},{"@type":"ListItem","position":3,"name":"RS004 Empty Wine Bottles Wholesale"}]},{"@type":"WebSite","@id":"https:\/\/glassbottlewholesale.com\/#website","url":"https:\/\/glassbottlewholesale.com\/","name":"Glass Bottle Wholesale","description":"","publisher":{"@id":"https:\/\/glassbottlewholesale.com\/#organization"},"potentialAction":[{"@type":"SearchAction","target":{"@type":"EntryPoint","urlTemplate":"https:\/\/glassbottlewholesale.com\/?s={search_term_string}"},"query-input":{"@type":"PropertyValueSpecification","valueRequired":true,"valueName":"search_term_string"}}],"inLanguage":"pt-PT"},{"@type":"Organization","@id":"https:\/\/glassbottlewholesale.com\/#organization","name":"Glass Bottle Wholesale","url":"https:\/\/glassbottlewholesale.com\/","logo":{"@type":"ImageObject","inLanguage":"pt-PT","@id":"https:\/\/glassbottlewholesale.com\/#\/schema\/logo\/image\/","url":"https:\/\/glassbottlewholesale.com\/wp-content\/uploads\/2023\/12\/ruisheng-logo.webp","contentUrl":"https:\/\/glassbottlewholesale.com\/wp-content\/uploads\/2023\/12\/ruisheng-logo.webp","width":400,"height":233,"caption":"Glass Bottle Wholesale"},"image":{"@id":"https:\/\/glassbottlewholesale.com\/#\/schema\/logo\/image\/"}}]}},"_links":{"self":[{"href":"https:\/\/glassbottlewholesale.com\/pt\/wp-json\/wp\/v2\/product\/2612","targetHints":{"allow":["GET"]}}],"collection":[{"href":"https:\/\/glassbottlewholesale.com\/pt\/wp-json\/wp\/v2\/product"}],"about":[{"href":"https:\/\/glassbottlewholesale.com\/pt\/wp-json\/wp\/v2\/types\/product"}],"replies":[{"embeddable":true,"href":"https:\/\/glassbottlewholesale.com\/pt\/wp-json\/wp\/v2\/comments?post=2612"}],"wp:featuredmedia":[{"embeddable":true,"href":"https:\/\/glassbottlewholesale.com\/pt\/wp-json\/wp\/v2\/media\/4358"}],"wp:attachment":[{"href":"https:\/\/glassbottlewholesale.com\/pt\/wp-json\/wp\/v2\/media?parent=2612"}],"wp:term":[{"taxonomy":"product_brand","embeddable":true,"href":"https:\/\/glassbottlewholesale.com\/pt\/wp-json\/wp\/v2\/product_brand?post=2612"},{"taxonomy":"product_cat","embeddable":true,"href":"https:\/\/glassbottlewholesale.com\/pt\/wp-json\/wp\/v2\/product_cat?post=2612"},{"taxonomy":"product_tag","embeddable":true,"href":"https:\/\/glassbottlewholesale.com\/pt\/wp-json\/wp\/v2\/product_tag?post=2612"}],"curies":[{"name":"wp","href":"https:\/\/api.w.org\/{rel}","templated":true}]}}