{"id":2792,"date":"2021-05-28T09:17:33","date_gmt":"2021-05-28T09:17:33","guid":{"rendered":"https:\/\/glassbottlewholesale.com\/?post_type=product&#038;p=2792"},"modified":"2025-06-23T07:02:30","modified_gmt":"2025-06-23T07:02:30","slug":"garrafas-de-vidro-de-250ml-com-rolha-no-atacado","status":"publish","type":"product","link":"https:\/\/glassbottlewholesale.com\/pt\/garrafas-de-vidro-de-250ml-com-rolha-no-atacado\/","title":{"rendered":"RS003: Garrafas de vidro de 250ml com corti\u00e7a no atacado"},"content":{"rendered":"<h2 style=\"text-align: left\">Informa\u00e7\u00f5es detalhadas sobre garrafas de vidro de 250ml com corti\u00e7a no atacado<\/h2>\n<p>Esta s\u00e9rie<strong> Garrafas de vidro de 250ml com rolha no atacado<\/strong> adote material de vidro cristalino para tornar nossa garrafa de vidro com boa transpar\u00eancia e brilho. O corpo redondo arredondado com texturas acidentadas. A superf\u00edcie do produto adota uma variedade de t\u00e9cnicas de processamento: relevo, decalque, pintura, fosco, estampagem a quente, galvanoplastia e etc.<\/p>\n<p>Esta s\u00e9rie de garrafas redondas de licor pode ser usada para embalar licores, vodka, conhaque, tequila e outras bebidas alco\u00f3licas. Como fabricante com mais de 20 anos de experi\u00eancia na produ\u00e7\u00e3o de garrafas de bebidas alco\u00f3licas, oferecemos servi\u00e7os customizados aos nossos clientes. Se voc\u00ea tiver requisitos quanto ao formato, cor, tamanho, embalagem externa e logotipo das garrafas de vidro, podemos produzi-los de acordo com suas necessidades.<\/p>\n<ul>\n<li>Manuseio de superf\u00edcie: decalque<\/li>\n<li>Uso Industrial: Bebidas<\/li>\n<li>Material Base: Vidro de s\u00edlex<\/li>\n<li>Material do corpo: vidro de s\u00edlex<\/li>\n<li>Material do colar: vidro de s\u00edlex<\/li>\n<li>Tipo de veda\u00e7\u00e3o: corti\u00e7a, corti\u00e7a, tampa de vidro, tampa girat\u00f3ria, tampa de rosca<\/li>\n<li>Uso: Licor, Brandy, Vodka, Tequila<\/li>\n<li>Local de Origem: China<\/li>\n<li>N\u00famero do modelo: RS003<\/li>\n<li>Marca: vidro Ruisheng<\/li>\n<li>Material da garrafa: \u00d3culos<\/li>\n<li>Uso: \u00d3leo\/destilado\/licor\/vinho\/bebida<\/li>\n<li>Capacidade: 50ml ~ 2L<\/li>\n<li>OEM\/ODM: Dispon\u00edvel<\/li>\n<li>Certificado: GV, TUV, ISO9001, ISO14001<\/li>\n<li>Cor: Transparente, Pintado, Geada<\/li>\n<li>Entrega de superf\u00edcie: Silk Screen, Impress\u00e3o. Decalque, Spray, Frost<\/li>\n<\/ul>\n<p>Se voc\u00ea quiser saber como embalamos e enviamos o produto para o seu pa\u00eds, clique aqui para ver: <a href=\"https:\/\/glassbottlewholesale.com\/pt\/como-embalar-e-enviar-garrafas-de-vidro\/\">Como embalar e enviar garrafas de vidro?<\/a><\/p>\n<p>Se voc\u00ea quiser saber mais sobre nossas garrafas de vidro de 250ml com corti\u00e7a no atacado e outras informa\u00e7\u00f5es, sinta-se \u00e0 vontade para<a href=\"https:\/\/glassbottlewholesale.com\/pt\/contact\/\"> entre em contato conosco aqui<\/a>.<\/p>","protected":false},"excerpt":{"rendered":"<p>Ruisheng, uma f\u00e1brica de garrafas de vidro com mais de 10 anos de hist\u00f3ria, fornece garrafas de vidro de 250ml com corti\u00e7a no atacado para embalagens de bebidas alco\u00f3licas, especialmente para u\u00edsque, conhaque, vodca e rum. Nossas garrafas de vidro transparente n\u00e3o s\u00f3 t\u00eam uma boa fun\u00e7\u00e3o de armazenamento, mas tamb\u00e9m fazem com que seus produtos pare\u00e7am mais luxuosos.<\/p>\n<p>Aqui listei a pergunta na qual talvez voc\u00ea esteja interessado:<\/p>\n<div class=\"\" data-block=\"true\" data-editor=\"59obe\" data-offset-key=\"fdife-0-0\">\n<div class=\"public-DraftStyleDefault-block public-DraftStyleDefault-ltr\" data-offset-key=\"fdife-0-0\"><strong>-MOQ: 10000 PCS\u00a0<\/strong><\/div>\n<\/div>\n<div class=\"\" data-block=\"true\" data-editor=\"59obe\" data-offset-key=\"18ibb-0-0\">\n<div class=\"public-DraftStyleDefault-block public-DraftStyleDefault-ltr\" data-offset-key=\"18ibb-0-0\">-Servi\u00e7o personalizado com amostra gr\u00e1tis oferecida<\/div>\n<\/div>\n<div class=\"\" data-block=\"true\" data-editor=\"59obe\" data-offset-key=\"c6ce0-0-0\">\n<div class=\"public-DraftStyleDefault-block public-DraftStyleDefault-ltr\" data-offset-key=\"c6ce0-0-0\">-Envio global + entrega em 30 dias<\/div>\n<div data-offset-key=\"c6ce0-0-0\"><\/div>\n<div data-offset-key=\"c6ce0-0-0\">Se pretende iniciar o seu neg\u00f3cio de garrafas de vidro de 250ml com corti\u00e7a por grosso, por favor<a href=\"https:\/\/ruishengglassco.com\/contact\" target=\"_blank\" rel=\"noopener\">\u00a0Contate-nos<\/a> agora.<\/div>\n<\/div>\n<p>&nbsp;<\/p>","protected":false},"featured_media":2795,"comment_status":"open","ping_status":"closed","template":"","meta":[],"product_brand":[],"product_cat":[48,63],"product_tag":[],"class_list":{"0":"post-2792","1":"product","2":"type-product","3":"status-publish","4":"has-post-thumbnail","6":"product_cat-250ml-glass-bottle","7":"product_cat-liquor-bottle","8":"entry","9":"has-media","11":"first","12":"instock","13":"shipping-taxable","14":"product-type-simple"},"yoast_head":"<!-- This site is optimized with the Yoast SEO plugin v27.3 - https:\/\/yoast.com\/product\/yoast-seo-wordpress\/ -->\n<title>250ml Glass Bottles With Cork Wholesale | Ruisheng Glass Co., Ltd<\/title>\n<meta name=\"description\" content=\"Find 250ml Glass Bottles With Cork Wholesale in Ruisheng Glass Co., Ltd. Liquor Bottle Manufacturer and Factory. Global Shipping Service.\" \/>\n<meta name=\"robots\" content=\"index, follow, max-snippet:-1, max-image-preview:large, max-video-preview:-1\" \/>\n<link rel=\"canonical\" href=\"https:\/\/ruishengglassco.com\/product\/rs003250ml-glass-bottles-with-cork-wholesale\" \/>\n<meta property=\"og:locale\" content=\"pt_PT\" \/>\n<meta property=\"og:type\" content=\"article\" \/>\n<meta property=\"og:title\" content=\"250ml Glass Bottles With Cork Wholesale | Ruisheng Glass Co., Ltd\" \/>\n<meta property=\"og:description\" content=\"Find 250ml Glass Bottles With Cork Wholesale in Ruisheng Glass Co., Ltd. Liquor Bottle Manufacturer and Factory. Global Shipping Service.\" \/>\n<meta property=\"og:url\" content=\"https:\/\/ruishengglassco.com\/product\/rs003250ml-glass-bottles-with-cork-wholesale\" \/>\n<meta property=\"og:site_name\" content=\"Glass Bottle Wholesale\" \/>\n<meta property=\"article:modified_time\" content=\"2025-06-23T07:02:30+00:00\" \/>\n<meta property=\"og:image\" content=\"https:\/\/glassbottlewholesale.com\/wp-content\/uploads\/2021\/05\/3-1.jpg\" \/>\n\t<meta property=\"og:image:width\" content=\"800\" \/>\n\t<meta property=\"og:image:height\" content=\"800\" \/>\n\t<meta property=\"og:image:type\" content=\"image\/jpeg\" \/>\n<meta name=\"twitter:card\" content=\"summary_large_image\" \/>\n<meta name=\"twitter:label1\" content=\"Tempo estimado de leitura\" \/>\n\t<meta name=\"twitter:data1\" content=\"2 minutos\" \/>\n<script type=\"application\/ld+json\" class=\"yoast-schema-graph\">{\"@context\":\"https:\\\/\\\/schema.org\",\"@graph\":[{\"@type\":\"WebPage\",\"@id\":\"https:\\\/\\\/glassbottlewholesale.com\\\/250ml-glass-bottles-with-cork-wholesale\\\/\",\"url\":\"https:\\\/\\\/ruishengglassco.com\\\/product\\\/rs003250ml-glass-bottles-with-cork-wholesale\",\"name\":\"250ml Glass Bottles With Cork Wholesale | Ruisheng Glass Co., Ltd\",\"isPartOf\":{\"@id\":\"https:\\\/\\\/glassbottlewholesale.com\\\/#website\"},\"primaryImageOfPage\":{\"@id\":\"https:\\\/\\\/ruishengglassco.com\\\/product\\\/rs003250ml-glass-bottles-with-cork-wholesale#primaryimage\"},\"image\":{\"@id\":\"https:\\\/\\\/ruishengglassco.com\\\/product\\\/rs003250ml-glass-bottles-with-cork-wholesale#primaryimage\"},\"thumbnailUrl\":\"https:\\\/\\\/glassbottlewholesale.com\\\/wp-content\\\/uploads\\\/2021\\\/05\\\/3-1.jpg\",\"datePublished\":\"2021-05-28T09:17:33+00:00\",\"dateModified\":\"2025-06-23T07:02:30+00:00\",\"description\":\"Find 250ml Glass Bottles With Cork Wholesale in Ruisheng Glass Co., Ltd. Liquor Bottle Manufacturer and Factory. Global Shipping Service.\",\"breadcrumb\":{\"@id\":\"https:\\\/\\\/ruishengglassco.com\\\/product\\\/rs003250ml-glass-bottles-with-cork-wholesale#breadcrumb\"},\"inLanguage\":\"pt-PT\",\"potentialAction\":[{\"@type\":\"ReadAction\",\"target\":[\"https:\\\/\\\/ruishengglassco.com\\\/product\\\/rs003250ml-glass-bottles-with-cork-wholesale\"]}]},{\"@type\":\"ImageObject\",\"inLanguage\":\"pt-PT\",\"@id\":\"https:\\\/\\\/ruishengglassco.com\\\/product\\\/rs003250ml-glass-bottles-with-cork-wholesale#primaryimage\",\"url\":\"https:\\\/\\\/glassbottlewholesale.com\\\/wp-content\\\/uploads\\\/2021\\\/05\\\/3-1.jpg\",\"contentUrl\":\"https:\\\/\\\/glassbottlewholesale.com\\\/wp-content\\\/uploads\\\/2021\\\/05\\\/3-1.jpg\",\"width\":800,\"height\":800,\"caption\":\"250ml glass bottles with cork wholesale\"},{\"@type\":\"BreadcrumbList\",\"@id\":\"https:\\\/\\\/ruishengglassco.com\\\/product\\\/rs003250ml-glass-bottles-with-cork-wholesale#breadcrumb\",\"itemListElement\":[{\"@type\":\"ListItem\",\"position\":1,\"name\":\"Home\",\"item\":\"https:\\\/\\\/glassbottlewholesale.com\\\/\"},{\"@type\":\"ListItem\",\"position\":2,\"name\":\"Products\",\"item\":\"https:\\\/\\\/glassbottlewholesale.com\\\/shop\\\/\"},{\"@type\":\"ListItem\",\"position\":3,\"name\":\"RS003:250ml Glass Bottles With Cork Wholesale\"}]},{\"@type\":\"WebSite\",\"@id\":\"https:\\\/\\\/glassbottlewholesale.com\\\/#website\",\"url\":\"https:\\\/\\\/glassbottlewholesale.com\\\/\",\"name\":\"Glass Bottle Wholesale\",\"description\":\"\",\"publisher\":{\"@id\":\"https:\\\/\\\/glassbottlewholesale.com\\\/#organization\"},\"potentialAction\":[{\"@type\":\"SearchAction\",\"target\":{\"@type\":\"EntryPoint\",\"urlTemplate\":\"https:\\\/\\\/glassbottlewholesale.com\\\/?s={search_term_string}\"},\"query-input\":{\"@type\":\"PropertyValueSpecification\",\"valueRequired\":true,\"valueName\":\"search_term_string\"}}],\"inLanguage\":\"pt-PT\"},{\"@type\":\"Organization\",\"@id\":\"https:\\\/\\\/glassbottlewholesale.com\\\/#organization\",\"name\":\"Glass Bottle Wholesale\",\"url\":\"https:\\\/\\\/glassbottlewholesale.com\\\/\",\"logo\":{\"@type\":\"ImageObject\",\"inLanguage\":\"pt-PT\",\"@id\":\"https:\\\/\\\/glassbottlewholesale.com\\\/#\\\/schema\\\/logo\\\/image\\\/\",\"url\":\"https:\\\/\\\/glassbottlewholesale.com\\\/wp-content\\\/uploads\\\/2023\\\/12\\\/ruisheng-logo.webp\",\"contentUrl\":\"https:\\\/\\\/glassbottlewholesale.com\\\/wp-content\\\/uploads\\\/2023\\\/12\\\/ruisheng-logo.webp\",\"width\":400,\"height\":233,\"caption\":\"Glass Bottle Wholesale\"},\"image\":{\"@id\":\"https:\\\/\\\/glassbottlewholesale.com\\\/#\\\/schema\\\/logo\\\/image\\\/\"}}]}<\/script>\n<!-- \/ Yoast SEO plugin. -->","yoast_head_json":{"title":"Garrafas de vidro de 250ml com rolha no atacado | Vidro Ruisheng Co., Ltd","description":"Encontre garrafas de vidro de 250 ml com corti\u00e7a no atacado em Ruisheng Glass Co., Ltd. Fabricante e f\u00e1brica de garrafas de licor. Servi\u00e7o de remessa global.","robots":{"index":"index","follow":"follow","max-snippet":"max-snippet:-1","max-image-preview":"max-image-preview:large","max-video-preview":"max-video-preview:-1"},"canonical":"https:\/\/ruishengglassco.com\/product\/rs003250ml-glass-bottles-with-cork-wholesale","og_locale":"pt_PT","og_type":"article","og_title":"250ml Glass Bottles With Cork Wholesale | Ruisheng Glass Co., Ltd","og_description":"Find 250ml Glass Bottles With Cork Wholesale in Ruisheng Glass Co., Ltd. Liquor Bottle Manufacturer and Factory. Global Shipping Service.","og_url":"https:\/\/ruishengglassco.com\/product\/rs003250ml-glass-bottles-with-cork-wholesale","og_site_name":"Glass Bottle Wholesale","article_modified_time":"2025-06-23T07:02:30+00:00","og_image":[{"width":800,"height":800,"url":"https:\/\/glassbottlewholesale.com\/wp-content\/uploads\/2021\/05\/3-1.jpg","type":"image\/jpeg"}],"twitter_card":"summary_large_image","twitter_misc":{"Tempo estimado de leitura":"2 minutos"},"schema":{"@context":"https:\/\/schema.org","@graph":[{"@type":"WebPage","@id":"https:\/\/glassbottlewholesale.com\/250ml-glass-bottles-with-cork-wholesale\/","url":"https:\/\/ruishengglassco.com\/product\/rs003250ml-glass-bottles-with-cork-wholesale","name":"Garrafas de vidro de 250ml com rolha no atacado | Vidro Ruisheng Co., Ltd","isPartOf":{"@id":"https:\/\/glassbottlewholesale.com\/#website"},"primaryImageOfPage":{"@id":"https:\/\/ruishengglassco.com\/product\/rs003250ml-glass-bottles-with-cork-wholesale#primaryimage"},"image":{"@id":"https:\/\/ruishengglassco.com\/product\/rs003250ml-glass-bottles-with-cork-wholesale#primaryimage"},"thumbnailUrl":"https:\/\/glassbottlewholesale.com\/wp-content\/uploads\/2021\/05\/3-1.jpg","datePublished":"2021-05-28T09:17:33+00:00","dateModified":"2025-06-23T07:02:30+00:00","description":"Encontre garrafas de vidro de 250 ml com corti\u00e7a no atacado em Ruisheng Glass Co., Ltd. Fabricante e f\u00e1brica de garrafas de licor. Servi\u00e7o de remessa global.","breadcrumb":{"@id":"https:\/\/ruishengglassco.com\/product\/rs003250ml-glass-bottles-with-cork-wholesale#breadcrumb"},"inLanguage":"pt-PT","potentialAction":[{"@type":"ReadAction","target":["https:\/\/ruishengglassco.com\/product\/rs003250ml-glass-bottles-with-cork-wholesale"]}]},{"@type":"ImageObject","inLanguage":"pt-PT","@id":"https:\/\/ruishengglassco.com\/product\/rs003250ml-glass-bottles-with-cork-wholesale#primaryimage","url":"https:\/\/glassbottlewholesale.com\/wp-content\/uploads\/2021\/05\/3-1.jpg","contentUrl":"https:\/\/glassbottlewholesale.com\/wp-content\/uploads\/2021\/05\/3-1.jpg","width":800,"height":800,"caption":"250ml glass bottles with cork wholesale"},{"@type":"BreadcrumbList","@id":"https:\/\/ruishengglassco.com\/product\/rs003250ml-glass-bottles-with-cork-wholesale#breadcrumb","itemListElement":[{"@type":"ListItem","position":1,"name":"Home","item":"https:\/\/glassbottlewholesale.com\/"},{"@type":"ListItem","position":2,"name":"Products","item":"https:\/\/glassbottlewholesale.com\/shop\/"},{"@type":"ListItem","position":3,"name":"RS003:250ml Glass Bottles With Cork Wholesale"}]},{"@type":"WebSite","@id":"https:\/\/glassbottlewholesale.com\/#website","url":"https:\/\/glassbottlewholesale.com\/","name":"Glass Bottle Wholesale","description":"","publisher":{"@id":"https:\/\/glassbottlewholesale.com\/#organization"},"potentialAction":[{"@type":"SearchAction","target":{"@type":"EntryPoint","urlTemplate":"https:\/\/glassbottlewholesale.com\/?s={search_term_string}"},"query-input":{"@type":"PropertyValueSpecification","valueRequired":true,"valueName":"search_term_string"}}],"inLanguage":"pt-PT"},{"@type":"Organization","@id":"https:\/\/glassbottlewholesale.com\/#organization","name":"Glass Bottle Wholesale","url":"https:\/\/glassbottlewholesale.com\/","logo":{"@type":"ImageObject","inLanguage":"pt-PT","@id":"https:\/\/glassbottlewholesale.com\/#\/schema\/logo\/image\/","url":"https:\/\/glassbottlewholesale.com\/wp-content\/uploads\/2023\/12\/ruisheng-logo.webp","contentUrl":"https:\/\/glassbottlewholesale.com\/wp-content\/uploads\/2023\/12\/ruisheng-logo.webp","width":400,"height":233,"caption":"Glass Bottle Wholesale"},"image":{"@id":"https:\/\/glassbottlewholesale.com\/#\/schema\/logo\/image\/"}}]}},"_links":{"self":[{"href":"https:\/\/glassbottlewholesale.com\/pt\/wp-json\/wp\/v2\/product\/2792","targetHints":{"allow":["GET"]}}],"collection":[{"href":"https:\/\/glassbottlewholesale.com\/pt\/wp-json\/wp\/v2\/product"}],"about":[{"href":"https:\/\/glassbottlewholesale.com\/pt\/wp-json\/wp\/v2\/types\/product"}],"replies":[{"embeddable":true,"href":"https:\/\/glassbottlewholesale.com\/pt\/wp-json\/wp\/v2\/comments?post=2792"}],"wp:featuredmedia":[{"embeddable":true,"href":"https:\/\/glassbottlewholesale.com\/pt\/wp-json\/wp\/v2\/media\/2795"}],"wp:attachment":[{"href":"https:\/\/glassbottlewholesale.com\/pt\/wp-json\/wp\/v2\/media?parent=2792"}],"wp:term":[{"taxonomy":"product_brand","embeddable":true,"href":"https:\/\/glassbottlewholesale.com\/pt\/wp-json\/wp\/v2\/product_brand?post=2792"},{"taxonomy":"product_cat","embeddable":true,"href":"https:\/\/glassbottlewholesale.com\/pt\/wp-json\/wp\/v2\/product_cat?post=2792"},{"taxonomy":"product_tag","embeddable":true,"href":"https:\/\/glassbottlewholesale.com\/pt\/wp-json\/wp\/v2\/product_tag?post=2792"}],"curies":[{"name":"wp","href":"https:\/\/api.w.org\/{rel}","templated":true}]}}