{"id":424,"date":"2019-10-12T13:34:20","date_gmt":"2019-10-12T13:34:20","guid":{"rendered":"https:\/\/queenchingglass.com\/?post_type=product&#038;p=424"},"modified":"2025-07-10T03:02:47","modified_gmt":"2025-07-10T03:02:47","slug":"comprar-garrafa-de-vidro-a-granel-com-tampa","status":"publish","type":"product","link":"https:\/\/glassbottlewholesale.com\/pt\/comprar-garrafa-de-vidro-a-granel-com-tampa\/","title":{"rendered":"RS137: Compre garrafa de vidro a granel com tampa"},"content":{"rendered":"<div class=\"wpb-content-wrapper\"><div class=\"vc_row wpb_row vc_row-fluid\"><div class=\"wpb_column vc_column_container vc_col-sm-12\"><div class=\"vc_column-inner\"><div class=\"wpb_wrapper\">\n\t<div class=\"wpb_text_column wpb_content_element\" >\n\t\t<div class=\"wpb_wrapper\">\n\t\t\t<p>A garrafa de vidro transparente de 750ml para licor \u00e9 feita em Shandong Yuncheng Ruisheng Glass Co., Ltd. A nossa empresa \u00e9 uma das maiores empresas de<a href=\"https:\/\/ruishengglassco.com\/glass-liquor-spirit-bottles\">\u00a0fabrico de garrafas de vidro para bebidas alco\u00f3licas<\/a>\u00a0na China. A nossa empresa tem mais de 500 funcion\u00e1rios e um grupo de engenheiros qualificados. Com uma experi\u00eancia rica, temos uma boa reputa\u00e7\u00e3o em todo o mundo.<\/p>\n<p>A garrafa de bebida espirituosa por atacado de 750ml com rolhas \u00e9 feita de material de vidro de s\u00edlex alto, o que torna a garrafa de vidro mais clara, mais dur\u00e1vel e mais suave.  Que \u00e9 adequado para a embalagem de licor, vodka, conhaque, u\u00edsque, gel\u00e9ia e assim por diante.<\/p>\n<p>Como um dos principais fabricantes de garrafas de esp\u00edrito por atacado com croks, Ruisheng se concentra na fabrica\u00e7\u00e3o de garrafas de vidro de alto grau, como garrafa de vodka, garrafa de conhaque, garrafa de u\u00edsque, garrafa de licor, garrafa de gel\u00e9ia e assim por diante. N\u00f3s tamb\u00e9m podemos oferecer diferentes cores de garrafa de esp\u00edrito por atacado, como garrafa de vidro \u00e2mbar, garrafa verde, garrafa de vidro branco, garrafa de vidro transparente, etc. Nosso principal mercado no Reino Unido, EUA, Austr\u00e1lia, Canad\u00e1 e muitos outros pa\u00edses. E todos os produtos gozam de uma grande reputa\u00e7\u00e3o de inova\u00e7\u00e3o e funcionalidade.<\/p>\n<p>E como escolher garrafas de vidro e-l\u00edquido? Escolha a garrafa de vidro transparente certa para o licor, a primeira \u00e9 a qualidade das garrafas de l\u00edquido,\u00a0<a href=\"https:\/\/ruishengglassco.com\/\">garrafa de vidro de alta qualidade<\/a>\u00a0\u00e9 capaz de garantir a qualidade do licor e melhorar o seu valor. Al\u00e9m disso, os clientes tamb\u00e9m precisam de prestar aten\u00e7\u00e3o \u00e0 qualidade dos produtos de licor, ao sabor do licor e \u00e0 propaganda cultural para selecionar uma garrafa de vidro l\u00edquido. Al\u00e9m disso, escolher e comprar um produto de garrafa de licor precisa escolher um fabricante regular de garrafas de licor, para garantir a qualidade e o pre\u00e7o das garrafas de \u00e1lcool.<\/p>\n<p>Se estiver interessado nesta garrafa de vidro transparente de 750 ml para licor, entre em contacto connosco. Responder-lhe-emos dentro de 24 horas.<\/p>\n\n\t\t<\/div>\n\t<\/div>\n<\/div><\/div><\/div><\/div>\n<\/div>","protected":false},"excerpt":{"rendered":"<div class=\"col col-sm-6 col-xs-12\">\n<div id=\"slider-3128-product-image-carosel\" class=\"rt-carousel carousel-holder clearfix product-image-carosel rt-image-carousel\" data-item-width=\"1\" data-nav=\"true\" data-dots=\"false\" data-margin=\"15\" data-autoplay=\"true\" data-timeout=\"7500\" data-loop=\"false\" data-tablet-item-width=\"\" data-mobile-item-width=\"1\">\n<div class=\"owl-carousel owl-loaded owl-drag\">\n<div class=\"owl-nav\">\n<div class=\"owl-next disabled\"><\/div>\n<\/div>\n<\/div>\n<\/div>\n<\/div>\n<div class=\"col col-sm-6 col-xs-12\">\n<p>Garrafa de vidro redonda de 750 ml de vidro transparente para licor. A bela cor da bebida espirituosa mostra-se atrav\u00e9s do vidro super-flint, funciona para Whisky, Brandy, Vodka, etc. Dispon\u00edvel com tampa de corti\u00e7a\/coroa.<\/p>\n<p>Garrafa de vidro para bebidas espirituosas personalizada de 750 ml por atacado Detalhes:<\/p>\n<ul>\n<li>Refer\u00eancia: RS137<\/li>\n<li><strong>Servi\u00e7o OEM\/ODM oferecido. MOQ:10000pcs<\/strong><\/li>\n<li>Tampa: Tampa de rosca\/corti\u00e7a<\/li>\n<li>Material: vidro de s\u00edlex alto<\/li>\n<li>Entrega: Amostra gr\u00e1tis oferecida dentro de 3-7 dias. Encomenda a granel no prazo de 30 dias.<\/li>\n<li>Mat\u00e9ria: Ecol\u00f3gico<\/li>\n<\/ul>\n<\/div>","protected":false},"featured_media":425,"comment_status":"open","ping_status":"closed","template":"","meta":[],"product_brand":[],"product_cat":[52,60,63],"product_tag":[],"class_list":{"0":"post-424","1":"product","2":"type-product","3":"status-publish","4":"has-post-thumbnail","6":"product_cat-750ml-glass-bottle","7":"product_cat-brandy-bottle","8":"product_cat-liquor-bottle","9":"entry","10":"has-media","12":"first","13":"instock","14":"shipping-taxable","15":"product-type-simple"},"yoast_head":"<!-- This site is optimized with the Yoast SEO plugin v27.3 - https:\/\/yoast.com\/product\/yoast-seo-wordpress\/ -->\n<title>RS137: Buy Glass Bottle In Bulk With Lids - Glass Bottle Wholesale<\/title>\n<meta name=\"robots\" content=\"index, follow, max-snippet:-1, max-image-preview:large, max-video-preview:-1\" \/>\n<link rel=\"canonical\" href=\"https:\/\/ruishengglassco.com\/product\/rs137-buy-glass-bottle-with-lids\" \/>\n<meta property=\"og:locale\" content=\"pt_PT\" \/>\n<meta property=\"og:type\" content=\"article\" \/>\n<meta property=\"og:title\" content=\"RS137: Buy Glass Bottle In Bulk With Lids - Glass Bottle Wholesale\" \/>\n<meta property=\"og:description\" content=\"Glass round shape 750ml clear glass bottle for liquor. The beautiful color of the spirit shows through the super-flint glass, works for Whiskey, Brandy, Vodka, etc. Cork\/Scrow cap Available.  Custom 750ml Spirit Glass Bottle Wholesale Details:   Reference: RS137  OEM\/ODM Service offered. MOQ:10000pcs  Cap: Screw cap\/Cork  Material: High Flint Glass  Delivery: Free Sample Offered Within 3-7 Days. Bulk Order Within 30 Days.  Feature: Eco-friendly\" \/>\n<meta property=\"og:url\" content=\"https:\/\/ruishengglassco.com\/product\/rs137-buy-glass-bottle-with-lids\" \/>\n<meta property=\"og:site_name\" content=\"Glass Bottle Wholesale\" \/>\n<meta property=\"article:modified_time\" content=\"2025-07-10T03:02:47+00:00\" \/>\n<meta property=\"og:image\" content=\"https:\/\/glassbottlewholesale.com\/wp-content\/uploads\/2019\/10\/\u767d\u5170\u57304l.jpg\" \/>\n\t<meta property=\"og:image:width\" content=\"400\" \/>\n\t<meta property=\"og:image:height\" content=\"400\" \/>\n\t<meta property=\"og:image:type\" content=\"image\/jpeg\" \/>\n<meta name=\"twitter:card\" content=\"summary_large_image\" \/>\n<meta name=\"twitter:label1\" content=\"Tempo estimado de leitura\" \/>\n\t<meta name=\"twitter:data1\" content=\"2 minutos\" \/>\n<script type=\"application\/ld+json\" class=\"yoast-schema-graph\">{\"@context\":\"https:\\\/\\\/schema.org\",\"@graph\":[{\"@type\":\"WebPage\",\"@id\":\"https:\\\/\\\/glassbottlewholesale.com\\\/buy-glass-bottle-in-bulk-with-lids\\\/\",\"url\":\"https:\\\/\\\/ruishengglassco.com\\\/product\\\/rs137-buy-glass-bottle-with-lids\",\"name\":\"RS137: Buy Glass Bottle In Bulk With Lids - Glass Bottle Wholesale\",\"isPartOf\":{\"@id\":\"https:\\\/\\\/glassbottlewholesale.com\\\/#website\"},\"primaryImageOfPage\":{\"@id\":\"https:\\\/\\\/ruishengglassco.com\\\/product\\\/rs137-buy-glass-bottle-with-lids#primaryimage\"},\"image\":{\"@id\":\"https:\\\/\\\/ruishengglassco.com\\\/product\\\/rs137-buy-glass-bottle-with-lids#primaryimage\"},\"thumbnailUrl\":\"https:\\\/\\\/glassbottlewholesale.com\\\/wp-content\\\/uploads\\\/2019\\\/10\\\/\u767d\u5170\u57304l.jpg\",\"datePublished\":\"2019-10-12T13:34:20+00:00\",\"dateModified\":\"2025-07-10T03:02:47+00:00\",\"breadcrumb\":{\"@id\":\"https:\\\/\\\/ruishengglassco.com\\\/product\\\/rs137-buy-glass-bottle-with-lids#breadcrumb\"},\"inLanguage\":\"pt-PT\",\"potentialAction\":[{\"@type\":\"ReadAction\",\"target\":[\"https:\\\/\\\/ruishengglassco.com\\\/product\\\/rs137-buy-glass-bottle-with-lids\"]}]},{\"@type\":\"ImageObject\",\"inLanguage\":\"pt-PT\",\"@id\":\"https:\\\/\\\/ruishengglassco.com\\\/product\\\/rs137-buy-glass-bottle-with-lids#primaryimage\",\"url\":\"https:\\\/\\\/glassbottlewholesale.com\\\/wp-content\\\/uploads\\\/2019\\\/10\\\/\u767d\u5170\u57304l.jpg\",\"contentUrl\":\"https:\\\/\\\/glassbottlewholesale.com\\\/wp-content\\\/uploads\\\/2019\\\/10\\\/\u767d\u5170\u57304l.jpg\",\"width\":400,\"height\":400},{\"@type\":\"BreadcrumbList\",\"@id\":\"https:\\\/\\\/ruishengglassco.com\\\/product\\\/rs137-buy-glass-bottle-with-lids#breadcrumb\",\"itemListElement\":[{\"@type\":\"ListItem\",\"position\":1,\"name\":\"Home\",\"item\":\"https:\\\/\\\/glassbottlewholesale.com\\\/\"},{\"@type\":\"ListItem\",\"position\":2,\"name\":\"Products\",\"item\":\"https:\\\/\\\/glassbottlewholesale.com\\\/shop\\\/\"},{\"@type\":\"ListItem\",\"position\":3,\"name\":\"RS137: Buy Glass Bottle In Bulk With Lids\"}]},{\"@type\":\"WebSite\",\"@id\":\"https:\\\/\\\/glassbottlewholesale.com\\\/#website\",\"url\":\"https:\\\/\\\/glassbottlewholesale.com\\\/\",\"name\":\"Glass Bottle Wholesale\",\"description\":\"\",\"publisher\":{\"@id\":\"https:\\\/\\\/glassbottlewholesale.com\\\/#organization\"},\"potentialAction\":[{\"@type\":\"SearchAction\",\"target\":{\"@type\":\"EntryPoint\",\"urlTemplate\":\"https:\\\/\\\/glassbottlewholesale.com\\\/?s={search_term_string}\"},\"query-input\":{\"@type\":\"PropertyValueSpecification\",\"valueRequired\":true,\"valueName\":\"search_term_string\"}}],\"inLanguage\":\"pt-PT\"},{\"@type\":\"Organization\",\"@id\":\"https:\\\/\\\/glassbottlewholesale.com\\\/#organization\",\"name\":\"Glass Bottle Wholesale\",\"url\":\"https:\\\/\\\/glassbottlewholesale.com\\\/\",\"logo\":{\"@type\":\"ImageObject\",\"inLanguage\":\"pt-PT\",\"@id\":\"https:\\\/\\\/glassbottlewholesale.com\\\/#\\\/schema\\\/logo\\\/image\\\/\",\"url\":\"https:\\\/\\\/glassbottlewholesale.com\\\/wp-content\\\/uploads\\\/2023\\\/12\\\/ruisheng-logo.webp\",\"contentUrl\":\"https:\\\/\\\/glassbottlewholesale.com\\\/wp-content\\\/uploads\\\/2023\\\/12\\\/ruisheng-logo.webp\",\"width\":400,\"height\":233,\"caption\":\"Glass Bottle Wholesale\"},\"image\":{\"@id\":\"https:\\\/\\\/glassbottlewholesale.com\\\/#\\\/schema\\\/logo\\\/image\\\/\"}}]}<\/script>\n<!-- \/ Yoast SEO plugin. -->","yoast_head_json":{"title":"RS137: Buy Glass Bottle In Bulk With Lids - Glass Bottle Wholesale","robots":{"index":"index","follow":"follow","max-snippet":"max-snippet:-1","max-image-preview":"max-image-preview:large","max-video-preview":"max-video-preview:-1"},"canonical":"https:\/\/ruishengglassco.com\/product\/rs137-buy-glass-bottle-with-lids","og_locale":"pt_PT","og_type":"article","og_title":"RS137: Buy Glass Bottle In Bulk With Lids - Glass Bottle Wholesale","og_description":"Glass round shape 750ml clear glass bottle for liquor. The beautiful color of the spirit shows through the super-flint glass, works for Whiskey, Brandy, Vodka, etc. Cork\/Scrow cap Available.  Custom 750ml Spirit Glass Bottle Wholesale Details:   Reference: RS137  OEM\/ODM Service offered. MOQ:10000pcs  Cap: Screw cap\/Cork  Material: High Flint Glass  Delivery: Free Sample Offered Within 3-7 Days. Bulk Order Within 30 Days.  Feature: Eco-friendly","og_url":"https:\/\/ruishengglassco.com\/product\/rs137-buy-glass-bottle-with-lids","og_site_name":"Glass Bottle Wholesale","article_modified_time":"2025-07-10T03:02:47+00:00","og_image":[{"width":400,"height":400,"url":"https:\/\/glassbottlewholesale.com\/wp-content\/uploads\/2019\/10\/\u767d\u5170\u57304l.jpg","type":"image\/jpeg"}],"twitter_card":"summary_large_image","twitter_misc":{"Tempo estimado de leitura":"2 minutos"},"schema":{"@context":"https:\/\/schema.org","@graph":[{"@type":"WebPage","@id":"https:\/\/glassbottlewholesale.com\/buy-glass-bottle-in-bulk-with-lids\/","url":"https:\/\/ruishengglassco.com\/product\/rs137-buy-glass-bottle-with-lids","name":"RS137: Buy Glass Bottle In Bulk With Lids - Glass Bottle Wholesale","isPartOf":{"@id":"https:\/\/glassbottlewholesale.com\/#website"},"primaryImageOfPage":{"@id":"https:\/\/ruishengglassco.com\/product\/rs137-buy-glass-bottle-with-lids#primaryimage"},"image":{"@id":"https:\/\/ruishengglassco.com\/product\/rs137-buy-glass-bottle-with-lids#primaryimage"},"thumbnailUrl":"https:\/\/glassbottlewholesale.com\/wp-content\/uploads\/2019\/10\/\u767d\u5170\u57304l.jpg","datePublished":"2019-10-12T13:34:20+00:00","dateModified":"2025-07-10T03:02:47+00:00","breadcrumb":{"@id":"https:\/\/ruishengglassco.com\/product\/rs137-buy-glass-bottle-with-lids#breadcrumb"},"inLanguage":"pt-PT","potentialAction":[{"@type":"ReadAction","target":["https:\/\/ruishengglassco.com\/product\/rs137-buy-glass-bottle-with-lids"]}]},{"@type":"ImageObject","inLanguage":"pt-PT","@id":"https:\/\/ruishengglassco.com\/product\/rs137-buy-glass-bottle-with-lids#primaryimage","url":"https:\/\/glassbottlewholesale.com\/wp-content\/uploads\/2019\/10\/\u767d\u5170\u57304l.jpg","contentUrl":"https:\/\/glassbottlewholesale.com\/wp-content\/uploads\/2019\/10\/\u767d\u5170\u57304l.jpg","width":400,"height":400},{"@type":"BreadcrumbList","@id":"https:\/\/ruishengglassco.com\/product\/rs137-buy-glass-bottle-with-lids#breadcrumb","itemListElement":[{"@type":"ListItem","position":1,"name":"Home","item":"https:\/\/glassbottlewholesale.com\/"},{"@type":"ListItem","position":2,"name":"Products","item":"https:\/\/glassbottlewholesale.com\/shop\/"},{"@type":"ListItem","position":3,"name":"RS137: Buy Glass Bottle In Bulk With Lids"}]},{"@type":"WebSite","@id":"https:\/\/glassbottlewholesale.com\/#website","url":"https:\/\/glassbottlewholesale.com\/","name":"Glass Bottle Wholesale","description":"","publisher":{"@id":"https:\/\/glassbottlewholesale.com\/#organization"},"potentialAction":[{"@type":"SearchAction","target":{"@type":"EntryPoint","urlTemplate":"https:\/\/glassbottlewholesale.com\/?s={search_term_string}"},"query-input":{"@type":"PropertyValueSpecification","valueRequired":true,"valueName":"search_term_string"}}],"inLanguage":"pt-PT"},{"@type":"Organization","@id":"https:\/\/glassbottlewholesale.com\/#organization","name":"Glass Bottle Wholesale","url":"https:\/\/glassbottlewholesale.com\/","logo":{"@type":"ImageObject","inLanguage":"pt-PT","@id":"https:\/\/glassbottlewholesale.com\/#\/schema\/logo\/image\/","url":"https:\/\/glassbottlewholesale.com\/wp-content\/uploads\/2023\/12\/ruisheng-logo.webp","contentUrl":"https:\/\/glassbottlewholesale.com\/wp-content\/uploads\/2023\/12\/ruisheng-logo.webp","width":400,"height":233,"caption":"Glass Bottle Wholesale"},"image":{"@id":"https:\/\/glassbottlewholesale.com\/#\/schema\/logo\/image\/"}}]}},"_links":{"self":[{"href":"https:\/\/glassbottlewholesale.com\/pt\/wp-json\/wp\/v2\/product\/424","targetHints":{"allow":["GET"]}}],"collection":[{"href":"https:\/\/glassbottlewholesale.com\/pt\/wp-json\/wp\/v2\/product"}],"about":[{"href":"https:\/\/glassbottlewholesale.com\/pt\/wp-json\/wp\/v2\/types\/product"}],"replies":[{"embeddable":true,"href":"https:\/\/glassbottlewholesale.com\/pt\/wp-json\/wp\/v2\/comments?post=424"}],"wp:featuredmedia":[{"embeddable":true,"href":"https:\/\/glassbottlewholesale.com\/pt\/wp-json\/wp\/v2\/media\/425"}],"wp:attachment":[{"href":"https:\/\/glassbottlewholesale.com\/pt\/wp-json\/wp\/v2\/media?parent=424"}],"wp:term":[{"taxonomy":"product_brand","embeddable":true,"href":"https:\/\/glassbottlewholesale.com\/pt\/wp-json\/wp\/v2\/product_brand?post=424"},{"taxonomy":"product_cat","embeddable":true,"href":"https:\/\/glassbottlewholesale.com\/pt\/wp-json\/wp\/v2\/product_cat?post=424"},{"taxonomy":"product_tag","embeddable":true,"href":"https:\/\/glassbottlewholesale.com\/pt\/wp-json\/wp\/v2\/product_tag?post=424"}],"curies":[{"name":"wp","href":"https:\/\/api.w.org\/{rel}","templated":true}]}}