{"id":428,"date":"2019-12-12T13:39:14","date_gmt":"2019-12-12T13:39:14","guid":{"rendered":"https:\/\/queenchingglass.com\/?post_type=product&#038;p=428"},"modified":"2025-07-10T02:31:26","modified_gmt":"2025-07-10T02:31:26","slug":"garrafa-de-vidro-vazia-incomum-com-rolha-no-atacado","status":"publish","type":"product","link":"https:\/\/glassbottlewholesale.com\/pt\/garrafa-de-vidro-vazia-incomum-com-rolha-no-atacado\/","title":{"rendered":"RS052: Garrafa de vidro de conhaque vazia incomum com rolha no atacado"},"content":{"rendered":"<div class=\"wpb-content-wrapper\"><div class=\"vc_row wpb_row vc_row-fluid\"><div class=\"wpb_column vc_column_container vc_col-sm-12\"><div class=\"vc_column-inner\"><div class=\"wpb_wrapper\">\n\t<div class=\"wpb_text_column wpb_content_element\" >\n\t\t<div class=\"wpb_wrapper\">\n\t\t\t<h3>Bem-vindo ao seu pedido de garrafa de vidro de conhaque com rolha no atacado<\/h3>\n<p>Esta garrafa de vidro de conhaque com rolha no atacado tem um formato \u00fanico, podemos imprimir seu logotipo nela e pintar na cor que voc\u00ea quiser. Nossa empresa tem muitos anos de experi\u00eancia, ent\u00e3o voc\u00ea pode confiar em n\u00f3s para fazer boas garrafas de vidro.<\/p>\n<p>A mat\u00e9ria-prima de nossas garrafas de vidro \u00e9 retirada da origem, depois foi rigorosamente selecionada pela equipe, utiliza equipamentos de \u00faltima gera\u00e7\u00e3o e produz garrafas de alta qualidade.<\/p>\n<p>Essa garrafa de vidro tamb\u00e9m temos outras capacidades, como 500ml, 700ml e 1000ml. Nossa empresa tamb\u00e9m aceita garrafas personalizadas, o que voc\u00ea quiser, n\u00f3s fazemos. Podemos pintar a garrafa da cor que desejar. Nossa empresa sempre prima pela qualidade em primeiro lugar, voc\u00ea pode contar conosco para fazer um bom produto.<\/p>\n<p>Como fabricante e fornecedor profissional de garrafas de bebidas alco\u00f3licas, podemos fornecer mais de 200 categorias de garrafas de bebidas alco\u00f3licas, incluindo garrafas de bebidas alco\u00f3licas, garrafas de u\u00edsque, garrafas de conhaque, garrafas de gel\u00e9ia, garrafas de \u00e1gua, garrafas de leite e etc. A garrafa de vidro Ruisheng foi exportada para mais de 50 pa\u00edses ao redor do mundo. Os Estados Unidos, Reino Unido, Canad\u00e1, Austr\u00e1lia, Fran\u00e7a, Espanha e outros pa\u00edses s\u00e3o os nossos principais mercados.<\/p>\n<p>As informa\u00e7\u00f5es sobre a garrafa de vidro abaixo:<\/p>\n<ul>\n<li>Material principal: vidro de pedra alta<\/li>\n<li>Bon\u00e9: bon\u00e9 Guala<\/li>\n<li>Refer\u00eancia: RS052<\/li>\n<li>Quantidade m\u00ednima: 10000 PCS<\/li>\n<li>Capacidade: 700ml<\/li>\n<li>Pe\u00e7as\/Ctn: 24 pe\u00e7as<\/li>\n<li>Origem do lugar: Shandong, China<\/li>\n<li>Mat\u00e9ria: Ecol\u00f3gico<\/li>\n<\/ul>\n<p>Esta garrafa \u00e9 a nossa especialidade, tamb\u00e9m temos garrafas em outros formatos. Temos formato cil\u00edndrico, quadrado, de cora\u00e7\u00e3o, etc.<\/p>\n<p>Se voc\u00ea deseja obter mais informa\u00e7\u00f5es sobre a garrafa de vidro de conhaque com rolha no atacado, por favor <a href=\"https:\/\/ruishengglassco.com\/contact\">Contate-nos<\/a>. Responderemos dentro de 24 horas.<\/p>\n\n\t\t<\/div>\n\t<\/div>\n<\/div><\/div><\/div><\/div>\n<\/div>","protected":false},"excerpt":{"rendered":"<p>Garrafa de conhaque vazia de formato incomum com rolha no atacado da f\u00e1brica de garrafas de licor na China. Frasco de vidro transparente com barriga grande para embalagem de conhaque. Capacidade padr\u00e3o de 700ml, adequada para embalagens de conhaque, u\u00edsque, vodka, gin e outras bebidas alco\u00f3licas. Os detalhes sobre esta garrafa de conhaque vazia s\u00e3o mostrados abaixo:<\/p>\n<ul>\n<li>Refer\u00eancia: R-021<\/li>\n<li><strong>Quantidade m\u00ednima: 10000 PCS<\/strong><\/li>\n<li>Cor: Transparente<\/li>\n<li>Peso: 680g<\/li>\n<li>Altura: 220mm<\/li>\n<li>Servi\u00e7o personalizado oferecido com amostra gr\u00e1tis<\/li>\n<\/ul>\n<p>Entre em contato conosco para obter o pre\u00e7o da garrafa de conhaque no atacado.<\/p>","protected":false},"featured_media":4495,"comment_status":"open","ping_status":"closed","template":"","meta":[],"product_brand":[],"product_cat":[52,60,63],"product_tag":[],"class_list":{"0":"post-428","1":"product","2":"type-product","3":"status-publish","4":"has-post-thumbnail","6":"product_cat-750ml-glass-bottle","7":"product_cat-brandy-bottle","8":"product_cat-liquor-bottle","9":"entry","10":"has-media","12":"first","13":"instock","14":"shipping-taxable","15":"product-type-simple"},"yoast_head":"<!-- This site is optimized with the Yoast SEO plugin v27.3 - https:\/\/yoast.com\/product\/yoast-seo-wordpress\/ -->\n<title>Brandy Glass Bottle With Stopper Wholesale | 25 OZ Liquor Bottle Supplier<\/title>\n<meta name=\"description\" content=\"Buy Brandy Glass Bottle With Stopper Wholesale From China Liquor Bottle Mnaufacturers. Factory Outlet 750ml\/25 oz Glass Gottle With Custom Service.\" \/>\n<meta name=\"robots\" content=\"index, follow, max-snippet:-1, max-image-preview:large, max-video-preview:-1\" \/>\n<link rel=\"canonical\" href=\"https:\/\/ruishengglassco.com\/product\/rs052-unusual-empty-brandy-glass-bottle-with-stopper-supplier\" \/>\n<meta property=\"og:locale\" content=\"pt_PT\" \/>\n<meta property=\"og:type\" content=\"article\" \/>\n<meta property=\"og:title\" content=\"Brandy Glass Bottle With Stopper Wholesale | 25 OZ Liquor Bottle Supplier\" \/>\n<meta property=\"og:description\" content=\"Buy Brandy Glass Bottle With Stopper Wholesale From China Liquor Bottle Mnaufacturers. Factory Outlet 750ml\/25 oz Glass Gottle With Custom Service.\" \/>\n<meta property=\"og:url\" content=\"https:\/\/ruishengglassco.com\/product\/rs052-unusual-empty-brandy-glass-bottle-with-stopper-supplier\" \/>\n<meta property=\"og:site_name\" content=\"Glass Bottle Wholesale\" \/>\n<meta property=\"article:modified_time\" content=\"2025-07-10T02:31:26+00:00\" \/>\n<meta property=\"og:image\" content=\"https:\/\/glassbottlewholesale.com\/wp-content\/uploads\/2024\/01\/rs052-1.jpg\" \/>\n\t<meta property=\"og:image:width\" content=\"800\" \/>\n\t<meta property=\"og:image:height\" content=\"800\" \/>\n\t<meta property=\"og:image:type\" content=\"image\/jpeg\" \/>\n<meta name=\"twitter:card\" content=\"summary_large_image\" \/>\n<meta name=\"twitter:label1\" content=\"Tempo estimado de leitura\" \/>\n\t<meta name=\"twitter:data1\" content=\"2 minutos\" \/>\n<script type=\"application\/ld+json\" class=\"yoast-schema-graph\">{\"@context\":\"https:\\\/\\\/schema.org\",\"@graph\":[{\"@type\":\"WebPage\",\"@id\":\"https:\\\/\\\/glassbottlewholesale.com\\\/unusual-empty-glass-bottle-with-stopper-wholesale\\\/\",\"url\":\"https:\\\/\\\/ruishengglassco.com\\\/product\\\/rs052-unusual-empty-brandy-glass-bottle-with-stopper-supplier\",\"name\":\"Brandy Glass Bottle With Stopper Wholesale | 25 OZ Liquor Bottle Supplier\",\"isPartOf\":{\"@id\":\"https:\\\/\\\/glassbottlewholesale.com\\\/#website\"},\"primaryImageOfPage\":{\"@id\":\"https:\\\/\\\/ruishengglassco.com\\\/product\\\/rs052-unusual-empty-brandy-glass-bottle-with-stopper-supplier#primaryimage\"},\"image\":{\"@id\":\"https:\\\/\\\/ruishengglassco.com\\\/product\\\/rs052-unusual-empty-brandy-glass-bottle-with-stopper-supplier#primaryimage\"},\"thumbnailUrl\":\"https:\\\/\\\/glassbottlewholesale.com\\\/wp-content\\\/uploads\\\/2024\\\/01\\\/rs052-1.jpg\",\"datePublished\":\"2019-12-12T13:39:14+00:00\",\"dateModified\":\"2025-07-10T02:31:26+00:00\",\"description\":\"Buy Brandy Glass Bottle With Stopper Wholesale From China Liquor Bottle Mnaufacturers. Factory Outlet 750ml\\\/25 oz Glass Gottle With Custom Service.\",\"breadcrumb\":{\"@id\":\"https:\\\/\\\/ruishengglassco.com\\\/product\\\/rs052-unusual-empty-brandy-glass-bottle-with-stopper-supplier#breadcrumb\"},\"inLanguage\":\"pt-PT\",\"potentialAction\":[{\"@type\":\"ReadAction\",\"target\":[\"https:\\\/\\\/ruishengglassco.com\\\/product\\\/rs052-unusual-empty-brandy-glass-bottle-with-stopper-supplier\"]}]},{\"@type\":\"ImageObject\",\"inLanguage\":\"pt-PT\",\"@id\":\"https:\\\/\\\/ruishengglassco.com\\\/product\\\/rs052-unusual-empty-brandy-glass-bottle-with-stopper-supplier#primaryimage\",\"url\":\"https:\\\/\\\/glassbottlewholesale.com\\\/wp-content\\\/uploads\\\/2024\\\/01\\\/rs052-1.jpg\",\"contentUrl\":\"https:\\\/\\\/glassbottlewholesale.com\\\/wp-content\\\/uploads\\\/2024\\\/01\\\/rs052-1.jpg\",\"width\":800,\"height\":800,\"caption\":\"RS052: Unusual Empty Brandy Glass Bottle With Stopper Wholesale\"},{\"@type\":\"BreadcrumbList\",\"@id\":\"https:\\\/\\\/ruishengglassco.com\\\/product\\\/rs052-unusual-empty-brandy-glass-bottle-with-stopper-supplier#breadcrumb\",\"itemListElement\":[{\"@type\":\"ListItem\",\"position\":1,\"name\":\"Home\",\"item\":\"https:\\\/\\\/glassbottlewholesale.com\\\/\"},{\"@type\":\"ListItem\",\"position\":2,\"name\":\"Products\",\"item\":\"https:\\\/\\\/glassbottlewholesale.com\\\/shop\\\/\"},{\"@type\":\"ListItem\",\"position\":3,\"name\":\"RS052: Unusual Empty Brandy Glass Bottle With Stopper Wholesale\"}]},{\"@type\":\"WebSite\",\"@id\":\"https:\\\/\\\/glassbottlewholesale.com\\\/#website\",\"url\":\"https:\\\/\\\/glassbottlewholesale.com\\\/\",\"name\":\"Glass Bottle Wholesale\",\"description\":\"\",\"publisher\":{\"@id\":\"https:\\\/\\\/glassbottlewholesale.com\\\/#organization\"},\"potentialAction\":[{\"@type\":\"SearchAction\",\"target\":{\"@type\":\"EntryPoint\",\"urlTemplate\":\"https:\\\/\\\/glassbottlewholesale.com\\\/?s={search_term_string}\"},\"query-input\":{\"@type\":\"PropertyValueSpecification\",\"valueRequired\":true,\"valueName\":\"search_term_string\"}}],\"inLanguage\":\"pt-PT\"},{\"@type\":\"Organization\",\"@id\":\"https:\\\/\\\/glassbottlewholesale.com\\\/#organization\",\"name\":\"Glass Bottle Wholesale\",\"url\":\"https:\\\/\\\/glassbottlewholesale.com\\\/\",\"logo\":{\"@type\":\"ImageObject\",\"inLanguage\":\"pt-PT\",\"@id\":\"https:\\\/\\\/glassbottlewholesale.com\\\/#\\\/schema\\\/logo\\\/image\\\/\",\"url\":\"https:\\\/\\\/glassbottlewholesale.com\\\/wp-content\\\/uploads\\\/2023\\\/12\\\/ruisheng-logo.webp\",\"contentUrl\":\"https:\\\/\\\/glassbottlewholesale.com\\\/wp-content\\\/uploads\\\/2023\\\/12\\\/ruisheng-logo.webp\",\"width\":400,\"height\":233,\"caption\":\"Glass Bottle Wholesale\"},\"image\":{\"@id\":\"https:\\\/\\\/glassbottlewholesale.com\\\/#\\\/schema\\\/logo\\\/image\\\/\"}}]}<\/script>\n<!-- \/ Yoast SEO plugin. -->","yoast_head_json":{"title":"Garrafa de vidro de conhaque com rolha atacado | Fornecedor de garrafas de licor de 25 on\u00e7as","description":"Compre garrafa de vidro de conhaque com rolha no atacado de fabricantes de garrafas de licor da China. Tomada de f\u00e1brica Garrafa de vidro de 750ml\/25 on\u00e7as com servi\u00e7o personalizado.","robots":{"index":"index","follow":"follow","max-snippet":"max-snippet:-1","max-image-preview":"max-image-preview:large","max-video-preview":"max-video-preview:-1"},"canonical":"https:\/\/ruishengglassco.com\/product\/rs052-unusual-empty-brandy-glass-bottle-with-stopper-supplier","og_locale":"pt_PT","og_type":"article","og_title":"Brandy Glass Bottle With Stopper Wholesale | 25 OZ Liquor Bottle Supplier","og_description":"Buy Brandy Glass Bottle With Stopper Wholesale From China Liquor Bottle Mnaufacturers. Factory Outlet 750ml\/25 oz Glass Gottle With Custom Service.","og_url":"https:\/\/ruishengglassco.com\/product\/rs052-unusual-empty-brandy-glass-bottle-with-stopper-supplier","og_site_name":"Glass Bottle Wholesale","article_modified_time":"2025-07-10T02:31:26+00:00","og_image":[{"width":800,"height":800,"url":"https:\/\/glassbottlewholesale.com\/wp-content\/uploads\/2024\/01\/rs052-1.jpg","type":"image\/jpeg"}],"twitter_card":"summary_large_image","twitter_misc":{"Tempo estimado de leitura":"2 minutos"},"schema":{"@context":"https:\/\/schema.org","@graph":[{"@type":"WebPage","@id":"https:\/\/glassbottlewholesale.com\/unusual-empty-glass-bottle-with-stopper-wholesale\/","url":"https:\/\/ruishengglassco.com\/product\/rs052-unusual-empty-brandy-glass-bottle-with-stopper-supplier","name":"Garrafa de vidro de conhaque com rolha atacado | Fornecedor de garrafas de licor de 25 on\u00e7as","isPartOf":{"@id":"https:\/\/glassbottlewholesale.com\/#website"},"primaryImageOfPage":{"@id":"https:\/\/ruishengglassco.com\/product\/rs052-unusual-empty-brandy-glass-bottle-with-stopper-supplier#primaryimage"},"image":{"@id":"https:\/\/ruishengglassco.com\/product\/rs052-unusual-empty-brandy-glass-bottle-with-stopper-supplier#primaryimage"},"thumbnailUrl":"https:\/\/glassbottlewholesale.com\/wp-content\/uploads\/2024\/01\/rs052-1.jpg","datePublished":"2019-12-12T13:39:14+00:00","dateModified":"2025-07-10T02:31:26+00:00","description":"Compre garrafa de vidro de conhaque com rolha no atacado de fabricantes de garrafas de licor da China. Tomada de f\u00e1brica Garrafa de vidro de 750ml\/25 on\u00e7as com servi\u00e7o personalizado.","breadcrumb":{"@id":"https:\/\/ruishengglassco.com\/product\/rs052-unusual-empty-brandy-glass-bottle-with-stopper-supplier#breadcrumb"},"inLanguage":"pt-PT","potentialAction":[{"@type":"ReadAction","target":["https:\/\/ruishengglassco.com\/product\/rs052-unusual-empty-brandy-glass-bottle-with-stopper-supplier"]}]},{"@type":"ImageObject","inLanguage":"pt-PT","@id":"https:\/\/ruishengglassco.com\/product\/rs052-unusual-empty-brandy-glass-bottle-with-stopper-supplier#primaryimage","url":"https:\/\/glassbottlewholesale.com\/wp-content\/uploads\/2024\/01\/rs052-1.jpg","contentUrl":"https:\/\/glassbottlewholesale.com\/wp-content\/uploads\/2024\/01\/rs052-1.jpg","width":800,"height":800,"caption":"RS052: Unusual Empty Brandy Glass Bottle With Stopper Wholesale"},{"@type":"BreadcrumbList","@id":"https:\/\/ruishengglassco.com\/product\/rs052-unusual-empty-brandy-glass-bottle-with-stopper-supplier#breadcrumb","itemListElement":[{"@type":"ListItem","position":1,"name":"Home","item":"https:\/\/glassbottlewholesale.com\/"},{"@type":"ListItem","position":2,"name":"Products","item":"https:\/\/glassbottlewholesale.com\/shop\/"},{"@type":"ListItem","position":3,"name":"RS052: Unusual Empty Brandy Glass Bottle With Stopper Wholesale"}]},{"@type":"WebSite","@id":"https:\/\/glassbottlewholesale.com\/#website","url":"https:\/\/glassbottlewholesale.com\/","name":"Glass Bottle Wholesale","description":"","publisher":{"@id":"https:\/\/glassbottlewholesale.com\/#organization"},"potentialAction":[{"@type":"SearchAction","target":{"@type":"EntryPoint","urlTemplate":"https:\/\/glassbottlewholesale.com\/?s={search_term_string}"},"query-input":{"@type":"PropertyValueSpecification","valueRequired":true,"valueName":"search_term_string"}}],"inLanguage":"pt-PT"},{"@type":"Organization","@id":"https:\/\/glassbottlewholesale.com\/#organization","name":"Glass Bottle Wholesale","url":"https:\/\/glassbottlewholesale.com\/","logo":{"@type":"ImageObject","inLanguage":"pt-PT","@id":"https:\/\/glassbottlewholesale.com\/#\/schema\/logo\/image\/","url":"https:\/\/glassbottlewholesale.com\/wp-content\/uploads\/2023\/12\/ruisheng-logo.webp","contentUrl":"https:\/\/glassbottlewholesale.com\/wp-content\/uploads\/2023\/12\/ruisheng-logo.webp","width":400,"height":233,"caption":"Glass Bottle Wholesale"},"image":{"@id":"https:\/\/glassbottlewholesale.com\/#\/schema\/logo\/image\/"}}]}},"_links":{"self":[{"href":"https:\/\/glassbottlewholesale.com\/pt\/wp-json\/wp\/v2\/product\/428","targetHints":{"allow":["GET"]}}],"collection":[{"href":"https:\/\/glassbottlewholesale.com\/pt\/wp-json\/wp\/v2\/product"}],"about":[{"href":"https:\/\/glassbottlewholesale.com\/pt\/wp-json\/wp\/v2\/types\/product"}],"replies":[{"embeddable":true,"href":"https:\/\/glassbottlewholesale.com\/pt\/wp-json\/wp\/v2\/comments?post=428"}],"wp:featuredmedia":[{"embeddable":true,"href":"https:\/\/glassbottlewholesale.com\/pt\/wp-json\/wp\/v2\/media\/4495"}],"wp:attachment":[{"href":"https:\/\/glassbottlewholesale.com\/pt\/wp-json\/wp\/v2\/media?parent=428"}],"wp:term":[{"taxonomy":"product_brand","embeddable":true,"href":"https:\/\/glassbottlewholesale.com\/pt\/wp-json\/wp\/v2\/product_brand?post=428"},{"taxonomy":"product_cat","embeddable":true,"href":"https:\/\/glassbottlewholesale.com\/pt\/wp-json\/wp\/v2\/product_cat?post=428"},{"taxonomy":"product_tag","embeddable":true,"href":"https:\/\/glassbottlewholesale.com\/pt\/wp-json\/wp\/v2\/product_tag?post=428"}],"curies":[{"name":"wp","href":"https:\/\/api.w.org\/{rel}","templated":true}]}}