{"id":430,"date":"2019-10-12T13:41:36","date_gmt":"2019-10-12T13:41:36","guid":{"rendered":"https:\/\/queenchingglass.com\/?post_type=product&#038;p=430"},"modified":"2025-07-10T00:42:12","modified_gmt":"2025-07-10T00:42:12","slug":"garrafas-de-vinho-de-vidro-exclusivas-de-1500-ml-no-atacado","status":"publish","type":"product","link":"https:\/\/glassbottlewholesale.com\/pt\/garrafas-de-vinho-de-vidro-exclusivas-de-1500-ml-no-atacado\/","title":{"rendered":"RS135: Garrafas de vinho de vidro exclusivas de 1500 ml no atacado"},"content":{"rendered":"<div class=\"wpb-content-wrapper\"><div class=\"vc_row wpb_row vc_row-fluid\"><div class=\"wpb_column vc_column_container vc_col-sm-12\"><div class=\"vc_column-inner\"><div class=\"wpb_wrapper\">\n\t<div class=\"wpb_text_column wpb_content_element\" >\n\t\t<div class=\"wpb_wrapper\">\n\t\t\t<p>Quer comprar garrafas de 1,5 litros a granel de fabricantes de garrafas de bebidas alco\u00f3licas da China? Usamos material de vidro de alta pederneira para essas garrafas de vidro. Essas garrafas de vidro podem ser usadas para garrafas de vinho, garrafas de vodka, garrafas de conhaque e algumas outras garrafas de bebidas alco\u00f3licas.<\/p>\n<p>Esta garrafa de vinho de vidro exclusiva de 1500 ml no atacado tem o formato achatado. De acordo com a demanda do cliente, tamb\u00e9m podemos fazer a logomarca personalizada nessas garrafas. O tipo de veda\u00e7\u00e3o desta garrafa \u00e9 a corti\u00e7a de madeira. Esta corti\u00e7a necessita de um tamanho maior do que outras rolhas comuns.<\/p>\n<p>Podemos fazer um processamento profundo nessas garrafas de vinho de vidro de 1500 ml no atacado. Como imprimir logotipo, decalque, geada, pintura, etc., todos n\u00f3s podemos fazer isso nas garrafas de vidro. Tamb\u00e9m podemos oferecer rolhas de diferentes tamanhos e formatos para garrafas de vidro.<\/p>\n<p>Nossa f\u00e1brica tem mais de 500 funcion\u00e1rios, incluindo 30 QC e um grupo de engenheiros qualificados. Com a rica experi\u00eancia, nossas garrafas de vidro s\u00e3o vendidas para muitos pa\u00edses e \u00e1reas, e temos uma boa reputa\u00e7\u00e3o de clientes em todo o mundo.<\/p>\n<p>Como somos fabricantes de garrafas de vidro, podemos oferecer diversas garrafas de vidro com alta qualidade e pre\u00e7os baixos. Se pretende fazer as suas pr\u00f3prias garrafas, temos o prazer de desenh\u00e1-las ou produzi-las de acordo com a sua ideia e desenho.<\/p>\n<p>Nosso objetivo \u00e9 fabricar garrafas de vidro de alta qualidade e oferecer o melhor servi\u00e7o. N\u00e3o importa o que voc\u00ea queira, faremos o poss\u00edvel para voc\u00ea e lhe ofereceremos o melhor servi\u00e7o.<\/p>\n<h4>Informa\u00e7\u00f5es sobre como comprar garrafa de 1,5 litro a granel<\/h4>\n<ul>\n<li>Item: Garrafa de vinho de vidro exclusiva de 15ooml no atacado<\/li>\n<li>Material principal: vidro de pedra alta<\/li>\n<li>Tampa: corti\u00e7a de madeira de tamanho grande<\/li>\n<li>Refer\u00eancia: RS135<\/li>\n<li>Quantidade m\u00ednima: 10000 PCS<\/li>\n<li>Capacidade: 1500ml<\/li>\n<li>Pe\u00e7as\/Ctn: 15 pe\u00e7as<\/li>\n<li>Origem do lugar: Shandong, China<\/li>\n<li>Mat\u00e9ria: Ecol\u00f3gico<\/li>\n<\/ul>\n<p>Se voc\u00ea quiser comprar uma garrafa de 1,5 litros a granel ou obter um pedido OEM, por favor <a href=\"https:\/\/ruishengglassco.com\/contact\">Contate-nos.<\/a><\/p>\n\n\t\t<\/div>\n\t<\/div>\n<\/div><\/div><\/div><\/div>\n<\/div>","protected":false},"excerpt":{"rendered":"<p>Ruisheng, uma fabricante profissional de garrafas de vidro, est\u00e1 envolvida na fabrica\u00e7\u00e3o de garrafas de vidro para bebidas alco\u00f3licas h\u00e1 mais de 10 anos. E fornecer garrafas de vinho de vidro de 1500ml no atacado a pre\u00e7o de sa\u00edda de f\u00e1brica.<\/p>\n<p>Nossos principais produtos s\u00e3o garrafas de vidro de alta qualidade, como garrafa de vodka, garrafa de conhaque, garrafa de u\u00edsque, garrafa de licor, garrafa de gel\u00e9ia e assim por diante. Tamb\u00e9m podemos oferecer garrafa de vidro \u00e2mbar, garrafa verde e garrafa de \u00e1gua. Nosso principal mercado \u00e9 Europa, EUA, Austr\u00e1lia, Am\u00e9rica, etc. E todos os produtos gozam de grande reputa\u00e7\u00e3o em termos de inova\u00e7\u00e3o e funcionalidade.<\/p>\n<div><strong><em><span class=\"mceItemHidden\">Detalhes do pedido Cerca de garrafas de vinho de vidro de 1500ml no atacado<\/span><\/em><\/strong><\/div>\n<div><\/div>\n<div><strong><em>\u2013<span class=\"mceItemHidden\"><span class=\"hiddenSpellError\">Quantidade m\u00ednima<\/span>: 10.000 unidades (cerca de 100.000 unidades)<\/span><\/em><\/strong><\/div>\n<div><span class=\"mceItemHidden\"><span class=\"hiddenSpellError\">-OEM<\/span>\/Servi\u00e7o ODM oferecido.<\/span><\/div>\n<div><span class=\"mceItemHidden\"><span class=\"hiddenSpellError\">-Livre<\/span>\u00a0Amostra dispon\u00edvel<\/span><\/div>","protected":false},"featured_media":431,"comment_status":"open","ping_status":"closed","template":"","meta":[],"product_brand":[],"product_cat":[54,60],"product_tag":[],"class_list":{"0":"post-430","1":"product","2":"type-product","3":"status-publish","4":"has-post-thumbnail","6":"product_cat-1500ml-glass-bottle","7":"product_cat-brandy-bottle","8":"entry","9":"has-media","11":"first","12":"instock","13":"shipping-taxable","14":"product-type-simple"},"yoast_head":"<!-- This site is optimized with the Yoast SEO plugin v27.3 - https:\/\/yoast.com\/product\/yoast-seo-wordpress\/ -->\n<title>Buy 1.5 Liter Bottle In Bulk | 1500ml Glass Wine Bottle Wholesale<\/title>\n<meta name=\"description\" content=\"Buy 1.5 Liter Bottle In Bulk From China Liquor Bottle Manufacturers. 1500ml Glass Wine Biottle Wholesale In Factory Outlet Price.\" \/>\n<meta name=\"robots\" content=\"index, follow, max-snippet:-1, max-image-preview:large, max-video-preview:-1\" \/>\n<link rel=\"canonical\" href=\"https:\/\/ruishengglassco.com\/product\/rs135-1500ml-unique-glass-wine-bottles\" \/>\n<meta property=\"og:locale\" content=\"pt_PT\" \/>\n<meta property=\"og:type\" content=\"article\" \/>\n<meta property=\"og:title\" content=\"Buy 1.5 Liter Bottle In Bulk | 1500ml Glass Wine Bottle Wholesale\" \/>\n<meta property=\"og:description\" content=\"Buy 1.5 Liter Bottle In Bulk From China Liquor Bottle Manufacturers. 1500ml Glass Wine Biottle Wholesale In Factory Outlet Price.\" \/>\n<meta property=\"og:url\" content=\"https:\/\/ruishengglassco.com\/product\/rs135-1500ml-unique-glass-wine-bottles\" \/>\n<meta property=\"og:site_name\" content=\"Glass Bottle Wholesale\" \/>\n<meta property=\"article:modified_time\" content=\"2025-07-10T00:42:12+00:00\" \/>\n<meta property=\"og:image\" content=\"https:\/\/glassbottlewholesale.com\/wp-content\/uploads\/2019\/10\/\u767d\u5170\u57307.jpg\" \/>\n\t<meta property=\"og:image:width\" content=\"400\" \/>\n\t<meta property=\"og:image:height\" content=\"400\" \/>\n\t<meta property=\"og:image:type\" content=\"image\/jpeg\" \/>\n<meta name=\"twitter:card\" content=\"summary_large_image\" \/>\n<meta name=\"twitter:label1\" content=\"Tempo estimado de leitura\" \/>\n\t<meta name=\"twitter:data1\" content=\"2 minutos\" \/>\n<script type=\"application\/ld+json\" class=\"yoast-schema-graph\">{\"@context\":\"https:\\\/\\\/schema.org\",\"@graph\":[{\"@type\":\"WebPage\",\"@id\":\"https:\\\/\\\/glassbottlewholesale.com\\\/1500-ml-unique-glass-wine-bottles-wholesale\\\/\",\"url\":\"https:\\\/\\\/ruishengglassco.com\\\/product\\\/rs135-1500ml-unique-glass-wine-bottles\",\"name\":\"Buy 1.5 Liter Bottle In Bulk | 1500ml Glass Wine Bottle Wholesale\",\"isPartOf\":{\"@id\":\"https:\\\/\\\/glassbottlewholesale.com\\\/#website\"},\"primaryImageOfPage\":{\"@id\":\"https:\\\/\\\/ruishengglassco.com\\\/product\\\/rs135-1500ml-unique-glass-wine-bottles#primaryimage\"},\"image\":{\"@id\":\"https:\\\/\\\/ruishengglassco.com\\\/product\\\/rs135-1500ml-unique-glass-wine-bottles#primaryimage\"},\"thumbnailUrl\":\"https:\\\/\\\/glassbottlewholesale.com\\\/wp-content\\\/uploads\\\/2019\\\/10\\\/\u767d\u5170\u57307.jpg\",\"datePublished\":\"2019-10-12T13:41:36+00:00\",\"dateModified\":\"2025-07-10T00:42:12+00:00\",\"description\":\"Buy 1.5 Liter Bottle In Bulk From China Liquor Bottle Manufacturers. 1500ml Glass Wine Biottle Wholesale In Factory Outlet Price.\",\"breadcrumb\":{\"@id\":\"https:\\\/\\\/ruishengglassco.com\\\/product\\\/rs135-1500ml-unique-glass-wine-bottles#breadcrumb\"},\"inLanguage\":\"pt-PT\",\"potentialAction\":[{\"@type\":\"ReadAction\",\"target\":[\"https:\\\/\\\/ruishengglassco.com\\\/product\\\/rs135-1500ml-unique-glass-wine-bottles\"]}]},{\"@type\":\"ImageObject\",\"inLanguage\":\"pt-PT\",\"@id\":\"https:\\\/\\\/ruishengglassco.com\\\/product\\\/rs135-1500ml-unique-glass-wine-bottles#primaryimage\",\"url\":\"https:\\\/\\\/glassbottlewholesale.com\\\/wp-content\\\/uploads\\\/2019\\\/10\\\/\u767d\u5170\u57307.jpg\",\"contentUrl\":\"https:\\\/\\\/glassbottlewholesale.com\\\/wp-content\\\/uploads\\\/2019\\\/10\\\/\u767d\u5170\u57307.jpg\",\"width\":400,\"height\":400,\"caption\":\"1500 ml Unique Glass Wine Bottles Wholesale\"},{\"@type\":\"BreadcrumbList\",\"@id\":\"https:\\\/\\\/ruishengglassco.com\\\/product\\\/rs135-1500ml-unique-glass-wine-bottles#breadcrumb\",\"itemListElement\":[{\"@type\":\"ListItem\",\"position\":1,\"name\":\"Home\",\"item\":\"https:\\\/\\\/glassbottlewholesale.com\\\/\"},{\"@type\":\"ListItem\",\"position\":2,\"name\":\"Products\",\"item\":\"https:\\\/\\\/glassbottlewholesale.com\\\/shop\\\/\"},{\"@type\":\"ListItem\",\"position\":3,\"name\":\"RS135: 1500 ml Unique Glass Wine Bottles Wholesale\"}]},{\"@type\":\"WebSite\",\"@id\":\"https:\\\/\\\/glassbottlewholesale.com\\\/#website\",\"url\":\"https:\\\/\\\/glassbottlewholesale.com\\\/\",\"name\":\"Glass Bottle Wholesale\",\"description\":\"\",\"publisher\":{\"@id\":\"https:\\\/\\\/glassbottlewholesale.com\\\/#organization\"},\"potentialAction\":[{\"@type\":\"SearchAction\",\"target\":{\"@type\":\"EntryPoint\",\"urlTemplate\":\"https:\\\/\\\/glassbottlewholesale.com\\\/?s={search_term_string}\"},\"query-input\":{\"@type\":\"PropertyValueSpecification\",\"valueRequired\":true,\"valueName\":\"search_term_string\"}}],\"inLanguage\":\"pt-PT\"},{\"@type\":\"Organization\",\"@id\":\"https:\\\/\\\/glassbottlewholesale.com\\\/#organization\",\"name\":\"Glass Bottle Wholesale\",\"url\":\"https:\\\/\\\/glassbottlewholesale.com\\\/\",\"logo\":{\"@type\":\"ImageObject\",\"inLanguage\":\"pt-PT\",\"@id\":\"https:\\\/\\\/glassbottlewholesale.com\\\/#\\\/schema\\\/logo\\\/image\\\/\",\"url\":\"https:\\\/\\\/glassbottlewholesale.com\\\/wp-content\\\/uploads\\\/2023\\\/12\\\/ruisheng-logo.webp\",\"contentUrl\":\"https:\\\/\\\/glassbottlewholesale.com\\\/wp-content\\\/uploads\\\/2023\\\/12\\\/ruisheng-logo.webp\",\"width\":400,\"height\":233,\"caption\":\"Glass Bottle Wholesale\"},\"image\":{\"@id\":\"https:\\\/\\\/glassbottlewholesale.com\\\/#\\\/schema\\\/logo\\\/image\\\/\"}}]}<\/script>\n<!-- \/ Yoast SEO plugin. -->","yoast_head_json":{"title":"Compre garrafa de 1,5 litro a granel | Garrafa de vinho de vidro de 1500ml no atacado","description":"Compre garrafas de 1,5 litros a granel de fabricantes de garrafas de bebidas alco\u00f3licas da China. Biottle de vinho de vidro 1500ml atacado no pre\u00e7o de sa\u00edda de f\u00e1brica.","robots":{"index":"index","follow":"follow","max-snippet":"max-snippet:-1","max-image-preview":"max-image-preview:large","max-video-preview":"max-video-preview:-1"},"canonical":"https:\/\/ruishengglassco.com\/product\/rs135-1500ml-unique-glass-wine-bottles","og_locale":"pt_PT","og_type":"article","og_title":"Buy 1.5 Liter Bottle In Bulk | 1500ml Glass Wine Bottle Wholesale","og_description":"Buy 1.5 Liter Bottle In Bulk From China Liquor Bottle Manufacturers. 1500ml Glass Wine Biottle Wholesale In Factory Outlet Price.","og_url":"https:\/\/ruishengglassco.com\/product\/rs135-1500ml-unique-glass-wine-bottles","og_site_name":"Glass Bottle Wholesale","article_modified_time":"2025-07-10T00:42:12+00:00","og_image":[{"width":400,"height":400,"url":"https:\/\/glassbottlewholesale.com\/wp-content\/uploads\/2019\/10\/\u767d\u5170\u57307.jpg","type":"image\/jpeg"}],"twitter_card":"summary_large_image","twitter_misc":{"Tempo estimado de leitura":"2 minutos"},"schema":{"@context":"https:\/\/schema.org","@graph":[{"@type":"WebPage","@id":"https:\/\/glassbottlewholesale.com\/1500-ml-unique-glass-wine-bottles-wholesale\/","url":"https:\/\/ruishengglassco.com\/product\/rs135-1500ml-unique-glass-wine-bottles","name":"Compre garrafa de 1,5 litro a granel | Garrafa de vinho de vidro de 1500ml no atacado","isPartOf":{"@id":"https:\/\/glassbottlewholesale.com\/#website"},"primaryImageOfPage":{"@id":"https:\/\/ruishengglassco.com\/product\/rs135-1500ml-unique-glass-wine-bottles#primaryimage"},"image":{"@id":"https:\/\/ruishengglassco.com\/product\/rs135-1500ml-unique-glass-wine-bottles#primaryimage"},"thumbnailUrl":"https:\/\/glassbottlewholesale.com\/wp-content\/uploads\/2019\/10\/\u767d\u5170\u57307.jpg","datePublished":"2019-10-12T13:41:36+00:00","dateModified":"2025-07-10T00:42:12+00:00","description":"Compre garrafas de 1,5 litros a granel de fabricantes de garrafas de bebidas alco\u00f3licas da China. Biottle de vinho de vidro 1500ml atacado no pre\u00e7o de sa\u00edda de f\u00e1brica.","breadcrumb":{"@id":"https:\/\/ruishengglassco.com\/product\/rs135-1500ml-unique-glass-wine-bottles#breadcrumb"},"inLanguage":"pt-PT","potentialAction":[{"@type":"ReadAction","target":["https:\/\/ruishengglassco.com\/product\/rs135-1500ml-unique-glass-wine-bottles"]}]},{"@type":"ImageObject","inLanguage":"pt-PT","@id":"https:\/\/ruishengglassco.com\/product\/rs135-1500ml-unique-glass-wine-bottles#primaryimage","url":"https:\/\/glassbottlewholesale.com\/wp-content\/uploads\/2019\/10\/\u767d\u5170\u57307.jpg","contentUrl":"https:\/\/glassbottlewholesale.com\/wp-content\/uploads\/2019\/10\/\u767d\u5170\u57307.jpg","width":400,"height":400,"caption":"1500 ml Unique Glass Wine Bottles Wholesale"},{"@type":"BreadcrumbList","@id":"https:\/\/ruishengglassco.com\/product\/rs135-1500ml-unique-glass-wine-bottles#breadcrumb","itemListElement":[{"@type":"ListItem","position":1,"name":"Home","item":"https:\/\/glassbottlewholesale.com\/"},{"@type":"ListItem","position":2,"name":"Products","item":"https:\/\/glassbottlewholesale.com\/shop\/"},{"@type":"ListItem","position":3,"name":"RS135: 1500 ml Unique Glass Wine Bottles Wholesale"}]},{"@type":"WebSite","@id":"https:\/\/glassbottlewholesale.com\/#website","url":"https:\/\/glassbottlewholesale.com\/","name":"Glass Bottle Wholesale","description":"","publisher":{"@id":"https:\/\/glassbottlewholesale.com\/#organization"},"potentialAction":[{"@type":"SearchAction","target":{"@type":"EntryPoint","urlTemplate":"https:\/\/glassbottlewholesale.com\/?s={search_term_string}"},"query-input":{"@type":"PropertyValueSpecification","valueRequired":true,"valueName":"search_term_string"}}],"inLanguage":"pt-PT"},{"@type":"Organization","@id":"https:\/\/glassbottlewholesale.com\/#organization","name":"Glass Bottle Wholesale","url":"https:\/\/glassbottlewholesale.com\/","logo":{"@type":"ImageObject","inLanguage":"pt-PT","@id":"https:\/\/glassbottlewholesale.com\/#\/schema\/logo\/image\/","url":"https:\/\/glassbottlewholesale.com\/wp-content\/uploads\/2023\/12\/ruisheng-logo.webp","contentUrl":"https:\/\/glassbottlewholesale.com\/wp-content\/uploads\/2023\/12\/ruisheng-logo.webp","width":400,"height":233,"caption":"Glass Bottle Wholesale"},"image":{"@id":"https:\/\/glassbottlewholesale.com\/#\/schema\/logo\/image\/"}}]}},"_links":{"self":[{"href":"https:\/\/glassbottlewholesale.com\/pt\/wp-json\/wp\/v2\/product\/430","targetHints":{"allow":["GET"]}}],"collection":[{"href":"https:\/\/glassbottlewholesale.com\/pt\/wp-json\/wp\/v2\/product"}],"about":[{"href":"https:\/\/glassbottlewholesale.com\/pt\/wp-json\/wp\/v2\/types\/product"}],"replies":[{"embeddable":true,"href":"https:\/\/glassbottlewholesale.com\/pt\/wp-json\/wp\/v2\/comments?post=430"}],"wp:featuredmedia":[{"embeddable":true,"href":"https:\/\/glassbottlewholesale.com\/pt\/wp-json\/wp\/v2\/media\/431"}],"wp:attachment":[{"href":"https:\/\/glassbottlewholesale.com\/pt\/wp-json\/wp\/v2\/media?parent=430"}],"wp:term":[{"taxonomy":"product_brand","embeddable":true,"href":"https:\/\/glassbottlewholesale.com\/pt\/wp-json\/wp\/v2\/product_brand?post=430"},{"taxonomy":"product_cat","embeddable":true,"href":"https:\/\/glassbottlewholesale.com\/pt\/wp-json\/wp\/v2\/product_cat?post=430"},{"taxonomy":"product_tag","embeddable":true,"href":"https:\/\/glassbottlewholesale.com\/pt\/wp-json\/wp\/v2\/product_tag?post=430"}],"curies":[{"name":"wp","href":"https:\/\/api.w.org\/{rel}","templated":true}]}}