{"id":443,"date":"2019-10-12T13:56:19","date_gmt":"2019-10-12T13:56:19","guid":{"rendered":"https:\/\/queenchingglass.com\/?post_type=product&#038;p=443"},"modified":"2025-07-10T00:44:40","modified_gmt":"2025-07-10T00:44:40","slug":"preco-da-garrafa-de-conhaque-xo-antigo-de-700ml","status":"publish","type":"product","link":"https:\/\/glassbottlewholesale.com\/pt\/preco-da-garrafa-de-conhaque-xo-antigo-de-700ml\/","title":{"rendered":"RS129: Pre\u00e7o da garrafa de conhaque XO antigo de 700ml"},"content":{"rendered":"<div class=\"wpb-content-wrapper\"><div class=\"vc_row wpb_row vc_row-fluid\"><div class=\"wpb_column vc_column_container vc_col-sm-12\"><div class=\"vc_column-inner\"><div class=\"wpb_wrapper\">\n\t<div class=\"wpb_text_column wpb_content_element\" >\n\t\t<div class=\"wpb_wrapper\">\n\t\t\t<p>Voc\u00ea deseja obter o pre\u00e7o da garrafa de conhaque de 700ml no atacado de um fabricante profissional de garrafas de conhaque com mais de 10 anos de experi\u00eancia? Ruisheng, o melhor fabricante e fornecedor de garrafas de conhaque da China, sempre comprometido com a fabrica\u00e7\u00e3o e vendas de diversas garrafas de bebidas alco\u00f3licas para marcas e empresas.<\/p>\n<p>A cor desta garrafa de vidro de licor \u00e9 transparente, se quiser outras cores podemos mistur\u00e1-las para voc\u00ea. Se gostou do design desta garrafa, mas n\u00e3o est\u00e1 satisfeito com a sua capacidade, podemos alterar a capacidade.<\/p>\n<p>Nossos principais produtos s\u00e3o garrafas de vidro de alta qualidade com rolhas, como garrafas de vodka, garrafas de conhaque, garrafas de u\u00edsque, garrafas de licor, garrafas de gel\u00e9ia e assim por diante. Tamb\u00e9m podemos oferecer garrafas de vidro \u00e2mbar, garrafas verdes e garrafas de \u00e1gua. Nosso principal mercado \u00e9 a Europa, os EUA, a Austr\u00e1lia, a Am\u00e9rica, etc. E todos os produtos gozam de grande reputa\u00e7\u00e3o em termos de inova\u00e7\u00e3o e funcionalidade.<\/p>\n<p>A produ\u00e7\u00e3o desta garrafa da s\u00e9rie XO Brandy foi rigorosamente selecionada a partir de materiais, trazemos materiais do pa\u00eds de origem, al\u00e9m disso, utilizamos m\u00e1quinas avan\u00e7adas para processar e fabricar uma garrafa de vidro.<\/p>\n<h4>As informa\u00e7\u00f5es do pre\u00e7o da garrafa de brandy Old XO 700ml conforme abaixo:<\/h4>\n<ul>\n<li>Material principal: vidro de pedra alta<\/li>\n<li>Tampa: corti\u00e7a<\/li>\n<li>Refer\u00eancia: RS129<\/li>\n<li>Quantidade m\u00ednima: 10000 PCS<\/li>\n<li>Capacidade: 700ml<\/li>\n<li>Pe\u00e7as\/Ctn: 24 pe\u00e7as<\/li>\n<li>Origem do lugar: Shandong, China<\/li>\n<li>Mat\u00e9ria: Ecol\u00f3gico<\/li>\n<\/ul>\n<p>Esta garrafa de vidro \u00fanica com tampa podemos mudar sua boca, podemos troc\u00e1-la por outra coisa.<\/p>\n<p>Podemos afixar seu logotipo nesta garrafa. Podemos fazer o processamento nesta garrafa, como impress\u00e3o, glac\u00ea, pintura e outros, <span class=\"tran\" data-group=\"0_0\">n\u00f3s saudamos<\/span>\u00a0o\u00a0<span class=\"tran\" data-group=\"2_1\">amigos<\/span>\u00a0de todo o\u00a0<span class=\"tran\" data-group=\"1_2\">mundo<\/span>\u00a0<span class=\"tran\" data-group=\"3_3\">para<\/span>\u00a0<span class=\"tran\" data-group=\"5_4\">Visita<\/span>\u00a0<span class=\"tran\" data-group=\"4_5\">n\u00f3s<\/span>! Organizaremos uma recep\u00e7\u00e3o para voc\u00ea.<\/p>\n<p>Se voc\u00ea estiver satisfeito com esta garrafa de Old XO Brandy de 700ml, entre em contato comigo a tempo. Se n\u00e3o gostar, pode dar uma olhada em nossas outras garrafas. Ou te dou o cat\u00e1logo, voc\u00ea pode escolher o que quiser. Se voc\u00ea quiser saber o pre\u00e7o da garrafa de Brandy, por favor<a href=\"https:\/\/ruishengglassco.com\/contact\"> Contate-nos<\/a>. Responderemos dentro de 24 horas.<\/p>\n\n\t\t<\/div>\n\t<\/div>\n<\/div><\/div><\/div><\/div>\n<\/div>","protected":false},"excerpt":{"rendered":"<div class=\"col col-sm-6 col-xs-12\">\n<div id=\"slider-4593-product-image-carosel\" class=\"rt-carousel carousel-holder clearfix product-image-carosel rt-image-carousel\" data-item-width=\"1\" data-nav=\"true\" data-dots=\"false\" data-margin=\"15\" data-autoplay=\"true\" data-timeout=\"7500\" data-loop=\"false\" data-tablet-item-width=\"\" data-mobile-item-width=\"1\">\n<div class=\"owl-carousel owl-loaded owl-drag\">\n<div class=\"owl-nav\">\n<div class=\"owl-next disabled\"><\/div>\n<\/div>\n<\/div>\n<\/div>\n<\/div>\n<div class=\"col col-sm-6 col-xs-12\">\n<p>Esta garrafa de vidro exclusiva com tampa podemos mudar sua boca, podemos troc\u00e1-la por outra coisa. Podemos afixar seu logotipo nesta garrafa. podemos fazer processamento nesta garrafa, como impress\u00e3o, glac\u00ea, pintura e outros, damos as boas-vindas a amigos de todo o mundo para nos visitar!<\/p>\n<\/div>","protected":false},"featured_media":4784,"comment_status":"open","ping_status":"closed","template":"","meta":[],"product_brand":[],"product_cat":[51,61],"product_tag":[],"class_list":{"0":"post-443","1":"product","2":"type-product","3":"status-publish","4":"has-post-thumbnail","6":"product_cat-700ml-glass-bottle","7":"product_cat-xo-brandy-bottle","8":"entry","9":"has-media","11":"first","12":"instock","13":"shipping-taxable","14":"product-type-simple"},"yoast_head":"<!-- This site is optimized with the Yoast SEO plugin v27.3 - https:\/\/yoast.com\/product\/yoast-seo-wordpress\/ -->\n<title>Wholesale 700ml Brandy Bottle Price | Brandy Bottle Manufacturer<\/title>\n<meta name=\"description\" content=\"Ruisheng, a professional brandy bottle manufacturer, provide wholesale 700ml Brandy bottle price for brandy, XO, Brandy. Factory Outlet&amp;Bulk Price.\" \/>\n<meta name=\"robots\" content=\"index, follow, max-snippet:-1, max-image-preview:large, max-video-preview:-1\" \/>\n<link rel=\"canonical\" href=\"https:\/\/ruishengglassco.com\/product\/rs129-700ml-old-xo-brandy-bottle-price\" \/>\n<meta property=\"og:locale\" content=\"pt_PT\" \/>\n<meta property=\"og:type\" content=\"article\" \/>\n<meta property=\"og:title\" content=\"Wholesale 700ml Brandy Bottle Price | Brandy Bottle Manufacturer\" \/>\n<meta property=\"og:description\" content=\"Ruisheng, a professional brandy bottle manufacturer, provide wholesale 700ml Brandy bottle price for brandy, XO, Brandy. Factory Outlet&amp;Bulk Price.\" \/>\n<meta property=\"og:url\" content=\"https:\/\/ruishengglassco.com\/product\/rs129-700ml-old-xo-brandy-bottle-price\" \/>\n<meta property=\"og:site_name\" content=\"Glass Bottle Wholesale\" \/>\n<meta property=\"article:modified_time\" content=\"2025-07-10T00:44:40+00:00\" \/>\n<meta property=\"og:image\" content=\"https:\/\/glassbottlewholesale.com\/wp-content\/uploads\/2024\/04\/glass-bottle-manufacturing-35.png\" \/>\n\t<meta property=\"og:image:width\" content=\"800\" \/>\n\t<meta property=\"og:image:height\" content=\"800\" \/>\n\t<meta property=\"og:image:type\" content=\"image\/png\" \/>\n<meta name=\"twitter:card\" content=\"summary_large_image\" \/>\n<meta name=\"twitter:label1\" content=\"Tempo estimado de leitura\" \/>\n\t<meta name=\"twitter:data1\" content=\"2 minutos\" \/>\n<script type=\"application\/ld+json\" class=\"yoast-schema-graph\">{\"@context\":\"https:\\\/\\\/schema.org\",\"@graph\":[{\"@type\":\"WebPage\",\"@id\":\"https:\\\/\\\/glassbottlewholesale.com\\\/700ml-old-xo-brandy-bottle-price\\\/\",\"url\":\"https:\\\/\\\/ruishengglassco.com\\\/product\\\/rs129-700ml-old-xo-brandy-bottle-price\",\"name\":\"Wholesale 700ml Brandy Bottle Price | Brandy Bottle Manufacturer\",\"isPartOf\":{\"@id\":\"https:\\\/\\\/glassbottlewholesale.com\\\/#website\"},\"primaryImageOfPage\":{\"@id\":\"https:\\\/\\\/ruishengglassco.com\\\/product\\\/rs129-700ml-old-xo-brandy-bottle-price#primaryimage\"},\"image\":{\"@id\":\"https:\\\/\\\/ruishengglassco.com\\\/product\\\/rs129-700ml-old-xo-brandy-bottle-price#primaryimage\"},\"thumbnailUrl\":\"https:\\\/\\\/glassbottlewholesale.com\\\/wp-content\\\/uploads\\\/2024\\\/04\\\/glass-bottle-manufacturing-35.png\",\"datePublished\":\"2019-10-12T13:56:19+00:00\",\"dateModified\":\"2025-07-10T00:44:40+00:00\",\"description\":\"Ruisheng, a professional brandy bottle manufacturer, provide wholesale 700ml Brandy bottle price for brandy, XO, Brandy. Factory Outlet&Bulk Price.\",\"breadcrumb\":{\"@id\":\"https:\\\/\\\/ruishengglassco.com\\\/product\\\/rs129-700ml-old-xo-brandy-bottle-price#breadcrumb\"},\"inLanguage\":\"pt-PT\",\"potentialAction\":[{\"@type\":\"ReadAction\",\"target\":[\"https:\\\/\\\/ruishengglassco.com\\\/product\\\/rs129-700ml-old-xo-brandy-bottle-price\"]}]},{\"@type\":\"ImageObject\",\"inLanguage\":\"pt-PT\",\"@id\":\"https:\\\/\\\/ruishengglassco.com\\\/product\\\/rs129-700ml-old-xo-brandy-bottle-price#primaryimage\",\"url\":\"https:\\\/\\\/glassbottlewholesale.com\\\/wp-content\\\/uploads\\\/2024\\\/04\\\/glass-bottle-manufacturing-35.png\",\"contentUrl\":\"https:\\\/\\\/glassbottlewholesale.com\\\/wp-content\\\/uploads\\\/2024\\\/04\\\/glass-bottle-manufacturing-35.png\",\"width\":800,\"height\":800,\"caption\":\"RS129: 700ml Old XO Brandy Bottle Price\"},{\"@type\":\"BreadcrumbList\",\"@id\":\"https:\\\/\\\/ruishengglassco.com\\\/product\\\/rs129-700ml-old-xo-brandy-bottle-price#breadcrumb\",\"itemListElement\":[{\"@type\":\"ListItem\",\"position\":1,\"name\":\"Home\",\"item\":\"https:\\\/\\\/glassbottlewholesale.com\\\/\"},{\"@type\":\"ListItem\",\"position\":2,\"name\":\"Products\",\"item\":\"https:\\\/\\\/glassbottlewholesale.com\\\/shop\\\/\"},{\"@type\":\"ListItem\",\"position\":3,\"name\":\"RS129: 700ml Old XO Brandy Bottle Price\"}]},{\"@type\":\"WebSite\",\"@id\":\"https:\\\/\\\/glassbottlewholesale.com\\\/#website\",\"url\":\"https:\\\/\\\/glassbottlewholesale.com\\\/\",\"name\":\"Glass Bottle Wholesale\",\"description\":\"\",\"publisher\":{\"@id\":\"https:\\\/\\\/glassbottlewholesale.com\\\/#organization\"},\"potentialAction\":[{\"@type\":\"SearchAction\",\"target\":{\"@type\":\"EntryPoint\",\"urlTemplate\":\"https:\\\/\\\/glassbottlewholesale.com\\\/?s={search_term_string}\"},\"query-input\":{\"@type\":\"PropertyValueSpecification\",\"valueRequired\":true,\"valueName\":\"search_term_string\"}}],\"inLanguage\":\"pt-PT\"},{\"@type\":\"Organization\",\"@id\":\"https:\\\/\\\/glassbottlewholesale.com\\\/#organization\",\"name\":\"Glass Bottle Wholesale\",\"url\":\"https:\\\/\\\/glassbottlewholesale.com\\\/\",\"logo\":{\"@type\":\"ImageObject\",\"inLanguage\":\"pt-PT\",\"@id\":\"https:\\\/\\\/glassbottlewholesale.com\\\/#\\\/schema\\\/logo\\\/image\\\/\",\"url\":\"https:\\\/\\\/glassbottlewholesale.com\\\/wp-content\\\/uploads\\\/2023\\\/12\\\/ruisheng-logo.webp\",\"contentUrl\":\"https:\\\/\\\/glassbottlewholesale.com\\\/wp-content\\\/uploads\\\/2023\\\/12\\\/ruisheng-logo.webp\",\"width\":400,\"height\":233,\"caption\":\"Glass Bottle Wholesale\"},\"image\":{\"@id\":\"https:\\\/\\\/glassbottlewholesale.com\\\/#\\\/schema\\\/logo\\\/image\\\/\"}}]}<\/script>\n<!-- \/ Yoast SEO plugin. -->","yoast_head_json":{"title":"Pre\u00e7o da garrafa de conhaque de 700ml no atacado | Fabricante de garrafas de conhaque","description":"Ruisheng, um fabricante profissional de garrafas de conhaque, fornece pre\u00e7o de garrafa de conhaque de 700ml no atacado para conhaque, XO, Brandy. Tomada de f\u00e1brica e pre\u00e7o a granel.","robots":{"index":"index","follow":"follow","max-snippet":"max-snippet:-1","max-image-preview":"max-image-preview:large","max-video-preview":"max-video-preview:-1"},"canonical":"https:\/\/ruishengglassco.com\/product\/rs129-700ml-old-xo-brandy-bottle-price","og_locale":"pt_PT","og_type":"article","og_title":"Wholesale 700ml Brandy Bottle Price | Brandy Bottle Manufacturer","og_description":"Ruisheng, a professional brandy bottle manufacturer, provide wholesale 700ml Brandy bottle price for brandy, XO, Brandy. Factory Outlet&Bulk Price.","og_url":"https:\/\/ruishengglassco.com\/product\/rs129-700ml-old-xo-brandy-bottle-price","og_site_name":"Glass Bottle Wholesale","article_modified_time":"2025-07-10T00:44:40+00:00","og_image":[{"width":800,"height":800,"url":"https:\/\/glassbottlewholesale.com\/wp-content\/uploads\/2024\/04\/glass-bottle-manufacturing-35.png","type":"image\/png"}],"twitter_card":"summary_large_image","twitter_misc":{"Tempo estimado de leitura":"2 minutos"},"schema":{"@context":"https:\/\/schema.org","@graph":[{"@type":"WebPage","@id":"https:\/\/glassbottlewholesale.com\/700ml-old-xo-brandy-bottle-price\/","url":"https:\/\/ruishengglassco.com\/product\/rs129-700ml-old-xo-brandy-bottle-price","name":"Pre\u00e7o da garrafa de conhaque de 700ml no atacado | Fabricante de garrafas de conhaque","isPartOf":{"@id":"https:\/\/glassbottlewholesale.com\/#website"},"primaryImageOfPage":{"@id":"https:\/\/ruishengglassco.com\/product\/rs129-700ml-old-xo-brandy-bottle-price#primaryimage"},"image":{"@id":"https:\/\/ruishengglassco.com\/product\/rs129-700ml-old-xo-brandy-bottle-price#primaryimage"},"thumbnailUrl":"https:\/\/glassbottlewholesale.com\/wp-content\/uploads\/2024\/04\/glass-bottle-manufacturing-35.png","datePublished":"2019-10-12T13:56:19+00:00","dateModified":"2025-07-10T00:44:40+00:00","description":"Ruisheng, um fabricante profissional de garrafas de conhaque, fornece pre\u00e7o de garrafa de conhaque de 700ml no atacado para conhaque, XO, Brandy. Tomada de f\u00e1brica e pre\u00e7o a granel.","breadcrumb":{"@id":"https:\/\/ruishengglassco.com\/product\/rs129-700ml-old-xo-brandy-bottle-price#breadcrumb"},"inLanguage":"pt-PT","potentialAction":[{"@type":"ReadAction","target":["https:\/\/ruishengglassco.com\/product\/rs129-700ml-old-xo-brandy-bottle-price"]}]},{"@type":"ImageObject","inLanguage":"pt-PT","@id":"https:\/\/ruishengglassco.com\/product\/rs129-700ml-old-xo-brandy-bottle-price#primaryimage","url":"https:\/\/glassbottlewholesale.com\/wp-content\/uploads\/2024\/04\/glass-bottle-manufacturing-35.png","contentUrl":"https:\/\/glassbottlewholesale.com\/wp-content\/uploads\/2024\/04\/glass-bottle-manufacturing-35.png","width":800,"height":800,"caption":"RS129: 700ml Old XO Brandy Bottle Price"},{"@type":"BreadcrumbList","@id":"https:\/\/ruishengglassco.com\/product\/rs129-700ml-old-xo-brandy-bottle-price#breadcrumb","itemListElement":[{"@type":"ListItem","position":1,"name":"Home","item":"https:\/\/glassbottlewholesale.com\/"},{"@type":"ListItem","position":2,"name":"Products","item":"https:\/\/glassbottlewholesale.com\/shop\/"},{"@type":"ListItem","position":3,"name":"RS129: 700ml Old XO Brandy Bottle Price"}]},{"@type":"WebSite","@id":"https:\/\/glassbottlewholesale.com\/#website","url":"https:\/\/glassbottlewholesale.com\/","name":"Glass Bottle Wholesale","description":"","publisher":{"@id":"https:\/\/glassbottlewholesale.com\/#organization"},"potentialAction":[{"@type":"SearchAction","target":{"@type":"EntryPoint","urlTemplate":"https:\/\/glassbottlewholesale.com\/?s={search_term_string}"},"query-input":{"@type":"PropertyValueSpecification","valueRequired":true,"valueName":"search_term_string"}}],"inLanguage":"pt-PT"},{"@type":"Organization","@id":"https:\/\/glassbottlewholesale.com\/#organization","name":"Glass Bottle Wholesale","url":"https:\/\/glassbottlewholesale.com\/","logo":{"@type":"ImageObject","inLanguage":"pt-PT","@id":"https:\/\/glassbottlewholesale.com\/#\/schema\/logo\/image\/","url":"https:\/\/glassbottlewholesale.com\/wp-content\/uploads\/2023\/12\/ruisheng-logo.webp","contentUrl":"https:\/\/glassbottlewholesale.com\/wp-content\/uploads\/2023\/12\/ruisheng-logo.webp","width":400,"height":233,"caption":"Glass Bottle Wholesale"},"image":{"@id":"https:\/\/glassbottlewholesale.com\/#\/schema\/logo\/image\/"}}]}},"_links":{"self":[{"href":"https:\/\/glassbottlewholesale.com\/pt\/wp-json\/wp\/v2\/product\/443","targetHints":{"allow":["GET"]}}],"collection":[{"href":"https:\/\/glassbottlewholesale.com\/pt\/wp-json\/wp\/v2\/product"}],"about":[{"href":"https:\/\/glassbottlewholesale.com\/pt\/wp-json\/wp\/v2\/types\/product"}],"replies":[{"embeddable":true,"href":"https:\/\/glassbottlewholesale.com\/pt\/wp-json\/wp\/v2\/comments?post=443"}],"wp:featuredmedia":[{"embeddable":true,"href":"https:\/\/glassbottlewholesale.com\/pt\/wp-json\/wp\/v2\/media\/4784"}],"wp:attachment":[{"href":"https:\/\/glassbottlewholesale.com\/pt\/wp-json\/wp\/v2\/media?parent=443"}],"wp:term":[{"taxonomy":"product_brand","embeddable":true,"href":"https:\/\/glassbottlewholesale.com\/pt\/wp-json\/wp\/v2\/product_brand?post=443"},{"taxonomy":"product_cat","embeddable":true,"href":"https:\/\/glassbottlewholesale.com\/pt\/wp-json\/wp\/v2\/product_cat?post=443"},{"taxonomy":"product_tag","embeddable":true,"href":"https:\/\/glassbottlewholesale.com\/pt\/wp-json\/wp\/v2\/product_tag?post=443"}],"curies":[{"name":"wp","href":"https:\/\/api.w.org\/{rel}","templated":true}]}}