{"id":445,"date":"2019-10-12T13:58:20","date_gmt":"2019-10-12T13:58:20","guid":{"rendered":"https:\/\/queenchingglass.com\/?post_type=product&#038;p=445"},"modified":"2025-07-10T03:04:29","modified_gmt":"2025-07-10T03:04:29","slug":"garrafa-xo-transparente-de-750ml","status":"publish","type":"product","link":"https:\/\/glassbottlewholesale.com\/pt\/garrafa-xo-transparente-de-750ml\/","title":{"rendered":"RS128: Frasco XO transparente de 750ml"},"content":{"rendered":"<div class=\"wpb-content-wrapper\"><div class=\"vc_row wpb_row vc_row-fluid\"><div class=\"wpb_column vc_column_container vc_col-sm-12\"><div class=\"vc_column-inner\"><div class=\"wpb_wrapper\">\n\t<div class=\"wpb_text_column wpb_content_element\" >\n\t\t<div class=\"wpb_wrapper\">\n\t\t\t<p>This Transparent 750ml XO bottle with corks is one of our hot sales 750ml glass bottles wholesale in the world. It\u2019s a common shape in the 750ml XO glass bottles.<\/p>\n<p>Our this Transparent 750ml XO bottle is made in the top grade raw material. The liquor glass bottles will very clear, smooth and not so fragile as other glass bottles. Without frosted,\u00a0 it\u2019s very clear.<\/p>\n<p>This Transparent 750ml XO bottle is not a lightweight glass bottle, you will know its texture when you get it in hand.<\/p>\n<h4>The Details of\u00a0 Transparent 750ml XO bottle<\/h4>\n<p>The information of the glass bottle as bellowing:<\/p>\n<ul>\n<li>Main material: Super flint glass<\/li>\n<li>Tampa: Corti\u00e7a<\/li>\n<li>Reference: RS128<\/li>\n<li>MOQ: 10000<\/li>\n<li>Capacidade: 750ml<\/li>\n<li>Pe\u00e7as\/Ctn: 24 pe\u00e7as<\/li>\n<li>Origem do lugar: Shandong, China<\/li>\n<li>Mat\u00e9ria: Ecol\u00f3gico<\/li>\n<\/ul>\n<h4>The Corks for This 750ML XO Bottles<\/h4>\n<p>About the cork for this 750ml XO bottles, there are different corks in our factory. Different material cork such as high polymer cork, complex cork, and wooden cork. Different color cork such as golden cork, silver cork, black cork, and other color cork.<\/p>\n<p>This glass bottle can be used for many countries, such as America, Europe, Australia, Russia and so on. And we have cooperation with many customers all over the world and get a good reputation from them.<\/p>\n<p>Nossa empresa investiu 2 linhas de produ\u00e7\u00e3o da mais avan\u00e7ada m\u00e1quina totalmente autom\u00e1tica 8S, 3 linhas de produ\u00e7\u00e3o de m\u00e1quinas manuais CNC, 4 linhas de produ\u00e7\u00e3o de m\u00e1quinas semiautom\u00e1ticas CNC. Nossa f\u00e1brica tamb\u00e9m possui 2 conjuntos de m\u00e1quinas IS. A m\u00e1quina 8S e as m\u00e1quinas CNC s\u00e3o usadas para produzir garrafas de vidro de primeira qualidade - garrafas de vidro de s\u00edlex para jantar. A produ\u00e7\u00e3o di\u00e1ria \u00e9 de 120.000 unidades. As m\u00e1quinas IS s\u00e3o usadas para produzir garrafas de vidro de qualidade m\u00e9dia e sua produ\u00e7\u00e3o di\u00e1ria \u00e9 de 200.000 unidades.<\/p>\n<p>As professional <a href=\"https:\/\/ruishengglassco.com\/glass-liquor-spirit-bottles\">liquid glass bottle manufacturers<\/a>, we can also produce custom glass bottles according to the customer\u2019s demands. If you want, you can tell us which you want, we would arrange for our designer to design it for you.<\/p>\n<p>If you want to order our this Transparent 750ml XO bottle or want to inquire about the custom glass bottle, contact us, and we will make the bottle you need.<\/p>\n<p>Besides\u00a0 750ml XO bottles, we also have 100ml glass bottles wholesale, 250ml glass bottles with stoppers,\u00a0<a href=\"https:\/\/ruishengglassco.com\/glass-liquor-spirit-bottles\">clear glass bottles 375<\/a><a href=\"https:\/\/glassbottlewholesale.com\/pt\/detalhes-do-produto\/375ml-glass-liquor-bottles-manufacturers\/\">\u00a0ml<\/a>,\u00a0small glass bottles 50cl,<a href=\"https:\/\/ruishengglassco.com\/1000ml-liquor-glass-bottle-manufacturer\">\u00a01000ml spirit bottles<\/a>, and etc. If you want to inquire about our glass bottles wholesale, please contact us. We will reply to you asap. Our aim is to make a high-quality glass bottle and offer the best service for the customer from all over the world.<\/p>\n\n\t\t<\/div>\n\t<\/div>\n<\/div><\/div><\/div><\/div>\n<\/div>","protected":false},"excerpt":{"rendered":"<p>Our this Tansparent 750ml XO bottle is made in the top grade raw material. The liquor glass bottles will very clear, smooth and not so fragile as other glass bottles. Without frosted,\u00a0 it&#8217;s very clear. This Tansparent 750ml XO bottle is not lightweight glass bottle, you will know its texture when you get it in hand.<\/p>","protected":false},"featured_media":4492,"comment_status":"open","ping_status":"closed","template":"","meta":[],"product_brand":[],"product_cat":[52,61],"product_tag":[],"class_list":{"0":"post-445","1":"product","2":"type-product","3":"status-publish","4":"has-post-thumbnail","6":"product_cat-750ml-glass-bottle","7":"product_cat-xo-brandy-bottle","8":"entry","9":"has-media","11":"first","12":"instock","13":"shipping-taxable","14":"product-type-simple"},"yoast_head":"<!-- This site is optimized with the Yoast SEO plugin v27.3 - https:\/\/yoast.com\/product\/yoast-seo-wordpress\/ -->\n<title>Wholesale Transparent 750ml XO Bottle Price | Cognac Bottle Supplier<\/title>\n<meta name=\"description\" content=\"Ruisheng, a professional cognac bottle manufacturer, wholesale empty glass bottle for XO, Cognac. Get wholesale transparent 750ml xo bottle price here.\" \/>\n<meta name=\"robots\" content=\"index, follow, max-snippet:-1, max-image-preview:large, max-video-preview:-1\" \/>\n<link rel=\"canonical\" href=\"https:\/\/ruishengglassco.com\/product\/rs128-transparent-750ml-xo-bottle\" \/>\n<meta property=\"og:locale\" content=\"pt_PT\" \/>\n<meta property=\"og:type\" content=\"article\" \/>\n<meta property=\"og:title\" content=\"Wholesale Transparent 750ml XO Bottle Price | Cognac Bottle Supplier\" \/>\n<meta property=\"og:description\" content=\"Ruisheng, a professional cognac bottle manufacturer, wholesale empty glass bottle for XO, Cognac. Get wholesale transparent 750ml xo bottle price here.\" \/>\n<meta property=\"og:url\" content=\"https:\/\/ruishengglassco.com\/product\/rs128-transparent-750ml-xo-bottle\" \/>\n<meta property=\"og:site_name\" content=\"Glass Bottle Wholesale\" \/>\n<meta property=\"article:modified_time\" content=\"2025-07-10T03:04:29+00:00\" \/>\n<meta property=\"og:image\" content=\"https:\/\/glassbottlewholesale.com\/wp-content\/uploads\/2024\/01\/rs128-1.jpg\" \/>\n\t<meta property=\"og:image:width\" content=\"800\" \/>\n\t<meta property=\"og:image:height\" content=\"800\" \/>\n\t<meta property=\"og:image:type\" content=\"image\/jpeg\" \/>\n<meta name=\"twitter:card\" content=\"summary_large_image\" \/>\n<meta name=\"twitter:label1\" content=\"Tempo estimado de leitura\" \/>\n\t<meta name=\"twitter:data1\" content=\"3 minutos\" \/>\n<script type=\"application\/ld+json\" class=\"yoast-schema-graph\">{\"@context\":\"https:\\\/\\\/schema.org\",\"@graph\":[{\"@type\":\"WebPage\",\"@id\":\"https:\\\/\\\/glassbottlewholesale.com\\\/transparent-750ml-xo-bottle\\\/\",\"url\":\"https:\\\/\\\/ruishengglassco.com\\\/product\\\/rs128-transparent-750ml-xo-bottle\",\"name\":\"Wholesale Transparent 750ml XO Bottle Price | Cognac Bottle Supplier\",\"isPartOf\":{\"@id\":\"https:\\\/\\\/glassbottlewholesale.com\\\/#website\"},\"primaryImageOfPage\":{\"@id\":\"https:\\\/\\\/ruishengglassco.com\\\/product\\\/rs128-transparent-750ml-xo-bottle#primaryimage\"},\"image\":{\"@id\":\"https:\\\/\\\/ruishengglassco.com\\\/product\\\/rs128-transparent-750ml-xo-bottle#primaryimage\"},\"thumbnailUrl\":\"https:\\\/\\\/glassbottlewholesale.com\\\/wp-content\\\/uploads\\\/2024\\\/01\\\/rs128-1.jpg\",\"datePublished\":\"2019-10-12T13:58:20+00:00\",\"dateModified\":\"2025-07-10T03:04:29+00:00\",\"description\":\"Ruisheng, a professional cognac bottle manufacturer, wholesale empty glass bottle for XO, Cognac. Get wholesale transparent 750ml xo bottle price here.\",\"breadcrumb\":{\"@id\":\"https:\\\/\\\/ruishengglassco.com\\\/product\\\/rs128-transparent-750ml-xo-bottle#breadcrumb\"},\"inLanguage\":\"pt-PT\",\"potentialAction\":[{\"@type\":\"ReadAction\",\"target\":[\"https:\\\/\\\/ruishengglassco.com\\\/product\\\/rs128-transparent-750ml-xo-bottle\"]}]},{\"@type\":\"ImageObject\",\"inLanguage\":\"pt-PT\",\"@id\":\"https:\\\/\\\/ruishengglassco.com\\\/product\\\/rs128-transparent-750ml-xo-bottle#primaryimage\",\"url\":\"https:\\\/\\\/glassbottlewholesale.com\\\/wp-content\\\/uploads\\\/2024\\\/01\\\/rs128-1.jpg\",\"contentUrl\":\"https:\\\/\\\/glassbottlewholesale.com\\\/wp-content\\\/uploads\\\/2024\\\/01\\\/rs128-1.jpg\",\"width\":800,\"height\":800,\"caption\":\"RS128: Transparent 750ml XO Bottle\"},{\"@type\":\"BreadcrumbList\",\"@id\":\"https:\\\/\\\/ruishengglassco.com\\\/product\\\/rs128-transparent-750ml-xo-bottle#breadcrumb\",\"itemListElement\":[{\"@type\":\"ListItem\",\"position\":1,\"name\":\"Home\",\"item\":\"https:\\\/\\\/glassbottlewholesale.com\\\/\"},{\"@type\":\"ListItem\",\"position\":2,\"name\":\"Products\",\"item\":\"https:\\\/\\\/glassbottlewholesale.com\\\/shop\\\/\"},{\"@type\":\"ListItem\",\"position\":3,\"name\":\"RS128: Transparent 750ml XO Bottle\"}]},{\"@type\":\"WebSite\",\"@id\":\"https:\\\/\\\/glassbottlewholesale.com\\\/#website\",\"url\":\"https:\\\/\\\/glassbottlewholesale.com\\\/\",\"name\":\"Glass Bottle Wholesale\",\"description\":\"\",\"publisher\":{\"@id\":\"https:\\\/\\\/glassbottlewholesale.com\\\/#organization\"},\"potentialAction\":[{\"@type\":\"SearchAction\",\"target\":{\"@type\":\"EntryPoint\",\"urlTemplate\":\"https:\\\/\\\/glassbottlewholesale.com\\\/?s={search_term_string}\"},\"query-input\":{\"@type\":\"PropertyValueSpecification\",\"valueRequired\":true,\"valueName\":\"search_term_string\"}}],\"inLanguage\":\"pt-PT\"},{\"@type\":\"Organization\",\"@id\":\"https:\\\/\\\/glassbottlewholesale.com\\\/#organization\",\"name\":\"Glass Bottle Wholesale\",\"url\":\"https:\\\/\\\/glassbottlewholesale.com\\\/\",\"logo\":{\"@type\":\"ImageObject\",\"inLanguage\":\"pt-PT\",\"@id\":\"https:\\\/\\\/glassbottlewholesale.com\\\/#\\\/schema\\\/logo\\\/image\\\/\",\"url\":\"https:\\\/\\\/glassbottlewholesale.com\\\/wp-content\\\/uploads\\\/2023\\\/12\\\/ruisheng-logo.webp\",\"contentUrl\":\"https:\\\/\\\/glassbottlewholesale.com\\\/wp-content\\\/uploads\\\/2023\\\/12\\\/ruisheng-logo.webp\",\"width\":400,\"height\":233,\"caption\":\"Glass Bottle Wholesale\"},\"image\":{\"@id\":\"https:\\\/\\\/glassbottlewholesale.com\\\/#\\\/schema\\\/logo\\\/image\\\/\"}}]}<\/script>\n<!-- \/ Yoast SEO plugin. -->","yoast_head_json":{"title":"Pre\u00e7o da garrafa XO transparente de 750ml no atacado | Fornecedor de garrafas de conhaque","description":"Ruisheng, um fabricante profissional de garrafas de conhaque, vende garrafas de vidro vazias no atacado para XO, Cognac. Obtenha o pre\u00e7o da garrafa xo transparente de 750ml no atacado aqui.","robots":{"index":"index","follow":"follow","max-snippet":"max-snippet:-1","max-image-preview":"max-image-preview:large","max-video-preview":"max-video-preview:-1"},"canonical":"https:\/\/ruishengglassco.com\/product\/rs128-transparent-750ml-xo-bottle","og_locale":"pt_PT","og_type":"article","og_title":"Wholesale Transparent 750ml XO Bottle Price | Cognac Bottle Supplier","og_description":"Ruisheng, a professional cognac bottle manufacturer, wholesale empty glass bottle for XO, Cognac. Get wholesale transparent 750ml xo bottle price here.","og_url":"https:\/\/ruishengglassco.com\/product\/rs128-transparent-750ml-xo-bottle","og_site_name":"Glass Bottle Wholesale","article_modified_time":"2025-07-10T03:04:29+00:00","og_image":[{"width":800,"height":800,"url":"https:\/\/glassbottlewholesale.com\/wp-content\/uploads\/2024\/01\/rs128-1.jpg","type":"image\/jpeg"}],"twitter_card":"summary_large_image","twitter_misc":{"Tempo estimado de leitura":"3 minutos"},"schema":{"@context":"https:\/\/schema.org","@graph":[{"@type":"WebPage","@id":"https:\/\/glassbottlewholesale.com\/transparent-750ml-xo-bottle\/","url":"https:\/\/ruishengglassco.com\/product\/rs128-transparent-750ml-xo-bottle","name":"Pre\u00e7o da garrafa XO transparente de 750ml no atacado | Fornecedor de garrafas de conhaque","isPartOf":{"@id":"https:\/\/glassbottlewholesale.com\/#website"},"primaryImageOfPage":{"@id":"https:\/\/ruishengglassco.com\/product\/rs128-transparent-750ml-xo-bottle#primaryimage"},"image":{"@id":"https:\/\/ruishengglassco.com\/product\/rs128-transparent-750ml-xo-bottle#primaryimage"},"thumbnailUrl":"https:\/\/glassbottlewholesale.com\/wp-content\/uploads\/2024\/01\/rs128-1.jpg","datePublished":"2019-10-12T13:58:20+00:00","dateModified":"2025-07-10T03:04:29+00:00","description":"Ruisheng, um fabricante profissional de garrafas de conhaque, vende garrafas de vidro vazias no atacado para XO, Cognac. Obtenha o pre\u00e7o da garrafa xo transparente de 750ml no atacado aqui.","breadcrumb":{"@id":"https:\/\/ruishengglassco.com\/product\/rs128-transparent-750ml-xo-bottle#breadcrumb"},"inLanguage":"pt-PT","potentialAction":[{"@type":"ReadAction","target":["https:\/\/ruishengglassco.com\/product\/rs128-transparent-750ml-xo-bottle"]}]},{"@type":"ImageObject","inLanguage":"pt-PT","@id":"https:\/\/ruishengglassco.com\/product\/rs128-transparent-750ml-xo-bottle#primaryimage","url":"https:\/\/glassbottlewholesale.com\/wp-content\/uploads\/2024\/01\/rs128-1.jpg","contentUrl":"https:\/\/glassbottlewholesale.com\/wp-content\/uploads\/2024\/01\/rs128-1.jpg","width":800,"height":800,"caption":"RS128: Transparent 750ml XO Bottle"},{"@type":"BreadcrumbList","@id":"https:\/\/ruishengglassco.com\/product\/rs128-transparent-750ml-xo-bottle#breadcrumb","itemListElement":[{"@type":"ListItem","position":1,"name":"Home","item":"https:\/\/glassbottlewholesale.com\/"},{"@type":"ListItem","position":2,"name":"Products","item":"https:\/\/glassbottlewholesale.com\/shop\/"},{"@type":"ListItem","position":3,"name":"RS128: Transparent 750ml XO Bottle"}]},{"@type":"WebSite","@id":"https:\/\/glassbottlewholesale.com\/#website","url":"https:\/\/glassbottlewholesale.com\/","name":"Glass Bottle Wholesale","description":"","publisher":{"@id":"https:\/\/glassbottlewholesale.com\/#organization"},"potentialAction":[{"@type":"SearchAction","target":{"@type":"EntryPoint","urlTemplate":"https:\/\/glassbottlewholesale.com\/?s={search_term_string}"},"query-input":{"@type":"PropertyValueSpecification","valueRequired":true,"valueName":"search_term_string"}}],"inLanguage":"pt-PT"},{"@type":"Organization","@id":"https:\/\/glassbottlewholesale.com\/#organization","name":"Glass Bottle Wholesale","url":"https:\/\/glassbottlewholesale.com\/","logo":{"@type":"ImageObject","inLanguage":"pt-PT","@id":"https:\/\/glassbottlewholesale.com\/#\/schema\/logo\/image\/","url":"https:\/\/glassbottlewholesale.com\/wp-content\/uploads\/2023\/12\/ruisheng-logo.webp","contentUrl":"https:\/\/glassbottlewholesale.com\/wp-content\/uploads\/2023\/12\/ruisheng-logo.webp","width":400,"height":233,"caption":"Glass Bottle Wholesale"},"image":{"@id":"https:\/\/glassbottlewholesale.com\/#\/schema\/logo\/image\/"}}]}},"_links":{"self":[{"href":"https:\/\/glassbottlewholesale.com\/pt\/wp-json\/wp\/v2\/product\/445","targetHints":{"allow":["GET"]}}],"collection":[{"href":"https:\/\/glassbottlewholesale.com\/pt\/wp-json\/wp\/v2\/product"}],"about":[{"href":"https:\/\/glassbottlewholesale.com\/pt\/wp-json\/wp\/v2\/types\/product"}],"replies":[{"embeddable":true,"href":"https:\/\/glassbottlewholesale.com\/pt\/wp-json\/wp\/v2\/comments?post=445"}],"wp:featuredmedia":[{"embeddable":true,"href":"https:\/\/glassbottlewholesale.com\/pt\/wp-json\/wp\/v2\/media\/4492"}],"wp:attachment":[{"href":"https:\/\/glassbottlewholesale.com\/pt\/wp-json\/wp\/v2\/media?parent=445"}],"wp:term":[{"taxonomy":"product_brand","embeddable":true,"href":"https:\/\/glassbottlewholesale.com\/pt\/wp-json\/wp\/v2\/product_brand?post=445"},{"taxonomy":"product_cat","embeddable":true,"href":"https:\/\/glassbottlewholesale.com\/pt\/wp-json\/wp\/v2\/product_cat?post=445"},{"taxonomy":"product_tag","embeddable":true,"href":"https:\/\/glassbottlewholesale.com\/pt\/wp-json\/wp\/v2\/product_tag?post=445"}],"curies":[{"name":"wp","href":"https:\/\/api.w.org\/{rel}","templated":true}]}}