{"id":456,"date":"2019-10-14T13:03:10","date_gmt":"2019-10-14T13:03:10","guid":{"rendered":"https:\/\/queenchingglass.com\/?post_type=product&#038;p=456"},"modified":"2025-07-10T01:02:15","modified_gmt":"2025-07-10T01:02:15","slug":"garrafas-de-vidro-cilindricas-transparentes-de-500-ml-e-750-ml","status":"publish","type":"product","link":"https:\/\/glassbottlewholesale.com\/pt\/garrafas-de-vidro-cilindricas-transparentes-de-500-ml-e-750-ml\/","title":{"rendered":"RS124: Garrafas de vidro cil\u00edndricas transparentes de 500ml e 750ml"},"content":{"rendered":"<div class=\"wpb-content-wrapper\"><div class=\"vc_row wpb_row vc_row-fluid\"><div class=\"wpb_column vc_column_container vc_col-sm-12\"><div class=\"vc_column-inner\"><div class=\"wpb_wrapper\">\n\t<div class=\"wpb_text_column wpb_content_element\" >\n\t\t<div class=\"wpb_wrapper\">\n\t\t\t<p>A garrafa de vidro transparente a granel \u00e9 de Shandong Yuncheng Ruisheng Glass Co., Ltd.  Ruisheng \u00e9 a maior <a href=\"https:\/\/ruishengglassco.com\/about\">produtor de garrafas de vidro com alto teor de s\u00edlex<\/a> na China. N\u00e3o s\u00f3 oferece garrafas de vidro transparente de qualidade superior por atacado, mas tamb\u00e9m oferece garrafas de vidro transparente de qualidade m\u00e9dia para aplica\u00e7\u00f5es alargadas.<\/p>\n<p>Esta garrafa de vidro com cilindros \u00e9 a garrafa de vidro comum. Esta garrafa de vidro transparente de 500 ml e 750 ml pode ser usada para vinho, vodka, u\u00edsque, rum, gin e outros l\u00edquidos. Essas garrafas de vidro podem ser vendidas para muitos pa\u00edses e regi\u00f5es, como Europa, EUA, Austr\u00e1lia, Am\u00e9rica e outros.<\/p>\n<p>Estas garrafas de vidro de cilindros transparentes s\u00e3o fabricadas com vidro de s\u00edlex alto. Este vidro de s\u00edlex alto \u00e9 tamb\u00e9m designado por vidro branco cristalino. Este material para garrafas de vidro \u00e9 o material de primeira qualidade para a garrafa de vidro. A garrafa de vidro feita com este material \u00e9 muito clara, suave e muito dur\u00e1vel.<\/p>\n<p>Podemos fabricar estas garrafas de vidro de cilindros transparentes com muitos tamanhos, se precisar delas. Tais como 375ml, 500ml, 700ml, 750ml, 1000ml e outros. Atualmente, as nossas garrafas de vidro existentes s\u00e3o de 500ml e 750ml.  Se precisar, podemos fazer o novo molde para fazer as garrafas de vidro.<\/p>\n<h4>Detalhes desta garrafa de vidro transparente a granel<\/h4>\n<p>As nossas garrafas de vidro com esta forma s\u00e3o de 500 ml e 750 ml.<br \/>\nO peso da garrafa de vidro de 750tml \u00e9 de 750g. O di\u00e2metro da garrafa \u00e9 de 75,6 \u00b1 1,5 mm. A altura da garrafa \u00e9 de 330 \u00b1 2mm. O acabamento do fecho \u00e9 em T - corti\u00e7a. Esta garrafa de vidro \u00e9 adequada para a rolha em T de 19,5 mm.<\/p>\n<p>O peso das garrafas de vidro de 500 ml \u00e9 de 580g. O di\u00e2metro desta garrafa de vidro \u00e9 de 66,5 \u00b1 1,5 mm. E a sua altura \u00e9 de 300 \u00b1 1,5 mm. Esta garrafa tamb\u00e9m utiliza uma rolha em T de 19,5 mm para o acabamento.<\/p>\n<p>Ambas as garrafas de vidro podem mudar o acabamento da tampa para tampa de rosca. \u00c9 de acordo com as exig\u00eancias do cliente.<\/p>\n<p>Se quiser comprar garrafas de vidro de cilindros transparentes de 500 ml e 750 ml, ou comprar garrafas de vidro por grosso, por favor <a href=\"https:\/\/ruishengglassco.com\/contact\">Contate-nos<\/a> atrav\u00e9s do nosso correio eletr\u00f3nico ou telefone. Responder-lhe-emos o mais rapidamente poss\u00edvel.<\/p>\n\n\t\t<\/div>\n\t<\/div>\n<\/div><\/div><\/div><\/div>\n<\/div>","protected":false},"excerpt":{"rendered":"<table class=\"tg\">\n<tbody>\n<tr>\n<th class=\"tg-24i8\" colspan=\"2\">Garrafas de vidro cil\u00edndricas transparentes de 500 ml e 750 ml<\/th>\n<\/tr>\n<tr>\n<td class=\"tg-b7b8\">Material Principal:<\/td>\n<td class=\"tg-b7b8\">Vidro de s\u00edlex alto<\/td>\n<\/tr>\n<tr>\n<td class=\"tg-yw4l\">Bon\u00e9:<\/td>\n<td class=\"tg-yw4l\">Tampa de rosca<\/td>\n<\/tr>\n<tr>\n<td class=\"tg-b7b8\">Capacidade:<\/td>\n<td class=\"tg-b7b8\">500ml 750ml<\/td>\n<\/tr>\n<tr>\n<td class=\"tg-yw4l\">Recurso:<\/td>\n<td class=\"tg-yw4l\">Ecol\u00f3gico<\/td>\n<\/tr>\n<tr>\n<td class=\"tg-b7b8\">Quantidade m\u00ednima:<\/td>\n<td class=\"tg-b7b8\">10.000 unidades<\/td>\n<\/tr>\n<tr>\n<td class=\"tg-yw4l\">Origem do lugar:<\/td>\n<td class=\"tg-yw4l\">Shandong,China<\/td>\n<\/tr>\n<tr>\n<td class=\"tg-b7b8\">Unidades\/Ctn:<\/td>\n<td class=\"tg-b7b8\">24 unidades<\/td>\n<\/tr>\n<tr>\n<td class=\"tg-yw4l\">Refer\u00eancia:<\/td>\n<td class=\"tg-yw4l\">RS124<\/td>\n<\/tr>\n<tr>\n<td class=\"tg-b7b8\">Maneira de envio:<\/td>\n<td class=\"tg-b7b8\">Navio,Expresso<\/td>\n<\/tr>\n<tr>\n<td class=\"tg-yw4l\">OEM\/ODM:<\/td>\n<td class=\"tg-yw4l\">Bem-vindo<\/td>\n<\/tr>\n<\/tbody>\n<\/table>","protected":false},"featured_media":4487,"comment_status":"open","ping_status":"closed","template":"","meta":[],"product_brand":[],"product_cat":[50,52,62],"product_tag":[],"class_list":{"0":"post-456","1":"product","2":"type-product","3":"status-publish","4":"has-post-thumbnail","6":"product_cat-500ml-glass-bottle","7":"product_cat-750ml-glass-bottle","8":"product_cat-liqueur-bottle","9":"entry","10":"has-media","12":"first","13":"instock","14":"shipping-taxable","15":"product-type-simple"},"yoast_head":"<!-- This site is optimized with the Yoast SEO plugin v27.3 - https:\/\/yoast.com\/product\/yoast-seo-wordpress\/ -->\n<title>750ml Clear Glass Bottle Bulk|Wholesale Cylinder Glass Bottle With T-cork<\/title>\n<meta name=\"description\" content=\"Buy 750ml Clear Glass Bottles Bulk From China Liquor Bottle Manufacturer. Factory Outlet Wholesale Cylinder Glass Bottle With T-cork\" \/>\n<meta name=\"robots\" content=\"index, follow, max-snippet:-1, max-image-preview:large, max-video-preview:-1\" \/>\n<link rel=\"canonical\" href=\"https:\/\/ruishengglassco.com\/product\/rs124-500ml-750ml-clear-cylinder-glass-bottles\" \/>\n<meta property=\"og:locale\" content=\"pt_PT\" \/>\n<meta property=\"og:type\" content=\"article\" \/>\n<meta property=\"og:title\" content=\"750ml Clear Glass Bottle Bulk|Wholesale Cylinder Glass Bottle With T-cork\" \/>\n<meta property=\"og:description\" content=\"Buy 750ml Clear Glass Bottles Bulk From China Liquor Bottle Manufacturer. Factory Outlet Wholesale Cylinder Glass Bottle With T-cork\" \/>\n<meta property=\"og:url\" content=\"https:\/\/ruishengglassco.com\/product\/rs124-500ml-750ml-clear-cylinder-glass-bottles\" \/>\n<meta property=\"og:site_name\" content=\"Glass Bottle Wholesale\" \/>\n<meta property=\"article:modified_time\" content=\"2025-07-10T01:02:15+00:00\" \/>\n<meta property=\"og:image\" content=\"https:\/\/glassbottlewholesale.com\/wp-content\/uploads\/2024\/01\/rs124-1.jpg\" \/>\n\t<meta property=\"og:image:width\" content=\"800\" \/>\n\t<meta property=\"og:image:height\" content=\"800\" \/>\n\t<meta property=\"og:image:type\" content=\"image\/jpeg\" \/>\n<meta name=\"twitter:card\" content=\"summary_large_image\" \/>\n<meta name=\"twitter:label1\" content=\"Tempo estimado de leitura\" \/>\n\t<meta name=\"twitter:data1\" content=\"2 minutos\" \/>\n<script type=\"application\/ld+json\" class=\"yoast-schema-graph\">{\"@context\":\"https:\\\/\\\/schema.org\",\"@graph\":[{\"@type\":\"WebPage\",\"@id\":\"https:\\\/\\\/glassbottlewholesale.com\\\/500ml-750ml-clear-cylinder-glass-bottles\\\/\",\"url\":\"https:\\\/\\\/ruishengglassco.com\\\/product\\\/rs124-500ml-750ml-clear-cylinder-glass-bottles\",\"name\":\"750ml Clear Glass Bottle Bulk|Wholesale Cylinder Glass Bottle With T-cork\",\"isPartOf\":{\"@id\":\"https:\\\/\\\/glassbottlewholesale.com\\\/#website\"},\"primaryImageOfPage\":{\"@id\":\"https:\\\/\\\/ruishengglassco.com\\\/product\\\/rs124-500ml-750ml-clear-cylinder-glass-bottles#primaryimage\"},\"image\":{\"@id\":\"https:\\\/\\\/ruishengglassco.com\\\/product\\\/rs124-500ml-750ml-clear-cylinder-glass-bottles#primaryimage\"},\"thumbnailUrl\":\"https:\\\/\\\/glassbottlewholesale.com\\\/wp-content\\\/uploads\\\/2024\\\/01\\\/rs124-1.jpg\",\"datePublished\":\"2019-10-14T13:03:10+00:00\",\"dateModified\":\"2025-07-10T01:02:15+00:00\",\"description\":\"Buy 750ml Clear Glass Bottles Bulk From China Liquor Bottle Manufacturer. Factory Outlet Wholesale Cylinder Glass Bottle With T-cork\",\"breadcrumb\":{\"@id\":\"https:\\\/\\\/ruishengglassco.com\\\/product\\\/rs124-500ml-750ml-clear-cylinder-glass-bottles#breadcrumb\"},\"inLanguage\":\"pt-PT\",\"potentialAction\":[{\"@type\":\"ReadAction\",\"target\":[\"https:\\\/\\\/ruishengglassco.com\\\/product\\\/rs124-500ml-750ml-clear-cylinder-glass-bottles\"]}]},{\"@type\":\"ImageObject\",\"inLanguage\":\"pt-PT\",\"@id\":\"https:\\\/\\\/ruishengglassco.com\\\/product\\\/rs124-500ml-750ml-clear-cylinder-glass-bottles#primaryimage\",\"url\":\"https:\\\/\\\/glassbottlewholesale.com\\\/wp-content\\\/uploads\\\/2024\\\/01\\\/rs124-1.jpg\",\"contentUrl\":\"https:\\\/\\\/glassbottlewholesale.com\\\/wp-content\\\/uploads\\\/2024\\\/01\\\/rs124-1.jpg\",\"width\":800,\"height\":800,\"caption\":\"RS124: 500ml 750ml Clear Cylinder Glass Bottles\"},{\"@type\":\"BreadcrumbList\",\"@id\":\"https:\\\/\\\/ruishengglassco.com\\\/product\\\/rs124-500ml-750ml-clear-cylinder-glass-bottles#breadcrumb\",\"itemListElement\":[{\"@type\":\"ListItem\",\"position\":1,\"name\":\"Home\",\"item\":\"https:\\\/\\\/glassbottlewholesale.com\\\/\"},{\"@type\":\"ListItem\",\"position\":2,\"name\":\"Products\",\"item\":\"https:\\\/\\\/glassbottlewholesale.com\\\/shop\\\/\"},{\"@type\":\"ListItem\",\"position\":3,\"name\":\"RS124: 500ml 750ml Clear Cylinder Glass Bottles\"}]},{\"@type\":\"WebSite\",\"@id\":\"https:\\\/\\\/glassbottlewholesale.com\\\/#website\",\"url\":\"https:\\\/\\\/glassbottlewholesale.com\\\/\",\"name\":\"Glass Bottle Wholesale\",\"description\":\"\",\"publisher\":{\"@id\":\"https:\\\/\\\/glassbottlewholesale.com\\\/#organization\"},\"potentialAction\":[{\"@type\":\"SearchAction\",\"target\":{\"@type\":\"EntryPoint\",\"urlTemplate\":\"https:\\\/\\\/glassbottlewholesale.com\\\/?s={search_term_string}\"},\"query-input\":{\"@type\":\"PropertyValueSpecification\",\"valueRequired\":true,\"valueName\":\"search_term_string\"}}],\"inLanguage\":\"pt-PT\"},{\"@type\":\"Organization\",\"@id\":\"https:\\\/\\\/glassbottlewholesale.com\\\/#organization\",\"name\":\"Glass Bottle Wholesale\",\"url\":\"https:\\\/\\\/glassbottlewholesale.com\\\/\",\"logo\":{\"@type\":\"ImageObject\",\"inLanguage\":\"pt-PT\",\"@id\":\"https:\\\/\\\/glassbottlewholesale.com\\\/#\\\/schema\\\/logo\\\/image\\\/\",\"url\":\"https:\\\/\\\/glassbottlewholesale.com\\\/wp-content\\\/uploads\\\/2023\\\/12\\\/ruisheng-logo.webp\",\"contentUrl\":\"https:\\\/\\\/glassbottlewholesale.com\\\/wp-content\\\/uploads\\\/2023\\\/12\\\/ruisheng-logo.webp\",\"width\":400,\"height\":233,\"caption\":\"Glass Bottle Wholesale\"},\"image\":{\"@id\":\"https:\\\/\\\/glassbottlewholesale.com\\\/#\\\/schema\\\/logo\\\/image\\\/\"}}]}<\/script>\n<!-- \/ Yoast SEO plugin. -->","yoast_head_json":{"title":"Garrafa de vidro transparente de 750 ml a granel|Garrafa de vidro cil\u00edndrica com rolha em T","description":"Compre garrafas de vidro transparente de 750ml a granel do fabricante de garrafas de licor da China. Garrafa de vidro cil\u00edndrica com rolha em T","robots":{"index":"index","follow":"follow","max-snippet":"max-snippet:-1","max-image-preview":"max-image-preview:large","max-video-preview":"max-video-preview:-1"},"canonical":"https:\/\/ruishengglassco.com\/product\/rs124-500ml-750ml-clear-cylinder-glass-bottles","og_locale":"pt_PT","og_type":"article","og_title":"750ml Clear Glass Bottle Bulk|Wholesale Cylinder Glass Bottle With T-cork","og_description":"Buy 750ml Clear Glass Bottles Bulk From China Liquor Bottle Manufacturer. Factory Outlet Wholesale Cylinder Glass Bottle With T-cork","og_url":"https:\/\/ruishengglassco.com\/product\/rs124-500ml-750ml-clear-cylinder-glass-bottles","og_site_name":"Glass Bottle Wholesale","article_modified_time":"2025-07-10T01:02:15+00:00","og_image":[{"width":800,"height":800,"url":"https:\/\/glassbottlewholesale.com\/wp-content\/uploads\/2024\/01\/rs124-1.jpg","type":"image\/jpeg"}],"twitter_card":"summary_large_image","twitter_misc":{"Tempo estimado de leitura":"2 minutos"},"schema":{"@context":"https:\/\/schema.org","@graph":[{"@type":"WebPage","@id":"https:\/\/glassbottlewholesale.com\/500ml-750ml-clear-cylinder-glass-bottles\/","url":"https:\/\/ruishengglassco.com\/product\/rs124-500ml-750ml-clear-cylinder-glass-bottles","name":"Garrafa de vidro transparente de 750 ml a granel|Garrafa de vidro cil\u00edndrica com rolha em T","isPartOf":{"@id":"https:\/\/glassbottlewholesale.com\/#website"},"primaryImageOfPage":{"@id":"https:\/\/ruishengglassco.com\/product\/rs124-500ml-750ml-clear-cylinder-glass-bottles#primaryimage"},"image":{"@id":"https:\/\/ruishengglassco.com\/product\/rs124-500ml-750ml-clear-cylinder-glass-bottles#primaryimage"},"thumbnailUrl":"https:\/\/glassbottlewholesale.com\/wp-content\/uploads\/2024\/01\/rs124-1.jpg","datePublished":"2019-10-14T13:03:10+00:00","dateModified":"2025-07-10T01:02:15+00:00","description":"Compre garrafas de vidro transparente de 750ml a granel do fabricante de garrafas de licor da China. Garrafa de vidro cil\u00edndrica com rolha em T","breadcrumb":{"@id":"https:\/\/ruishengglassco.com\/product\/rs124-500ml-750ml-clear-cylinder-glass-bottles#breadcrumb"},"inLanguage":"pt-PT","potentialAction":[{"@type":"ReadAction","target":["https:\/\/ruishengglassco.com\/product\/rs124-500ml-750ml-clear-cylinder-glass-bottles"]}]},{"@type":"ImageObject","inLanguage":"pt-PT","@id":"https:\/\/ruishengglassco.com\/product\/rs124-500ml-750ml-clear-cylinder-glass-bottles#primaryimage","url":"https:\/\/glassbottlewholesale.com\/wp-content\/uploads\/2024\/01\/rs124-1.jpg","contentUrl":"https:\/\/glassbottlewholesale.com\/wp-content\/uploads\/2024\/01\/rs124-1.jpg","width":800,"height":800,"caption":"RS124: 500ml 750ml Clear Cylinder Glass Bottles"},{"@type":"BreadcrumbList","@id":"https:\/\/ruishengglassco.com\/product\/rs124-500ml-750ml-clear-cylinder-glass-bottles#breadcrumb","itemListElement":[{"@type":"ListItem","position":1,"name":"Home","item":"https:\/\/glassbottlewholesale.com\/"},{"@type":"ListItem","position":2,"name":"Products","item":"https:\/\/glassbottlewholesale.com\/shop\/"},{"@type":"ListItem","position":3,"name":"RS124: 500ml 750ml Clear Cylinder Glass Bottles"}]},{"@type":"WebSite","@id":"https:\/\/glassbottlewholesale.com\/#website","url":"https:\/\/glassbottlewholesale.com\/","name":"Glass Bottle Wholesale","description":"","publisher":{"@id":"https:\/\/glassbottlewholesale.com\/#organization"},"potentialAction":[{"@type":"SearchAction","target":{"@type":"EntryPoint","urlTemplate":"https:\/\/glassbottlewholesale.com\/?s={search_term_string}"},"query-input":{"@type":"PropertyValueSpecification","valueRequired":true,"valueName":"search_term_string"}}],"inLanguage":"pt-PT"},{"@type":"Organization","@id":"https:\/\/glassbottlewholesale.com\/#organization","name":"Glass Bottle Wholesale","url":"https:\/\/glassbottlewholesale.com\/","logo":{"@type":"ImageObject","inLanguage":"pt-PT","@id":"https:\/\/glassbottlewholesale.com\/#\/schema\/logo\/image\/","url":"https:\/\/glassbottlewholesale.com\/wp-content\/uploads\/2023\/12\/ruisheng-logo.webp","contentUrl":"https:\/\/glassbottlewholesale.com\/wp-content\/uploads\/2023\/12\/ruisheng-logo.webp","width":400,"height":233,"caption":"Glass Bottle Wholesale"},"image":{"@id":"https:\/\/glassbottlewholesale.com\/#\/schema\/logo\/image\/"}}]}},"_links":{"self":[{"href":"https:\/\/glassbottlewholesale.com\/pt\/wp-json\/wp\/v2\/product\/456","targetHints":{"allow":["GET"]}}],"collection":[{"href":"https:\/\/glassbottlewholesale.com\/pt\/wp-json\/wp\/v2\/product"}],"about":[{"href":"https:\/\/glassbottlewholesale.com\/pt\/wp-json\/wp\/v2\/types\/product"}],"replies":[{"embeddable":true,"href":"https:\/\/glassbottlewholesale.com\/pt\/wp-json\/wp\/v2\/comments?post=456"}],"wp:featuredmedia":[{"embeddable":true,"href":"https:\/\/glassbottlewholesale.com\/pt\/wp-json\/wp\/v2\/media\/4487"}],"wp:attachment":[{"href":"https:\/\/glassbottlewholesale.com\/pt\/wp-json\/wp\/v2\/media?parent=456"}],"wp:term":[{"taxonomy":"product_brand","embeddable":true,"href":"https:\/\/glassbottlewholesale.com\/pt\/wp-json\/wp\/v2\/product_brand?post=456"},{"taxonomy":"product_cat","embeddable":true,"href":"https:\/\/glassbottlewholesale.com\/pt\/wp-json\/wp\/v2\/product_cat?post=456"},{"taxonomy":"product_tag","embeddable":true,"href":"https:\/\/glassbottlewholesale.com\/pt\/wp-json\/wp\/v2\/product_tag?post=456"}],"curies":[{"name":"wp","href":"https:\/\/api.w.org\/{rel}","templated":true}]}}