{"id":4587,"date":"2024-03-12T08:51:00","date_gmt":"2024-03-12T08:51:00","guid":{"rendered":"https:\/\/glassbottlewholesale.com\/?post_type=product&#038;p=4587"},"modified":"2025-06-23T06:38:54","modified_gmt":"2025-06-23T06:38:54","slug":"rs158-fornecedor-de-garrafa-de-uisque-personalizada-da-china","status":"publish","type":"product","link":"https:\/\/glassbottlewholesale.com\/pt\/rs158-fornecedor-de-garrafa-de-uisque-personalizada-da-china\/","title":{"rendered":"Fornecedor de garrafa de u\u00edsque personalizada RS158 China"},"content":{"rendered":"<div class=\"wpb-content-wrapper\"><h2 data-spm-anchor-id=\"a2700.details.0.i82.67a53c122iOfKz\">Detalhes do servi\u00e7o de garrafa de u\u00edsque feito sob medida da Ruisheng<\/h2>\n<p>Se pretender iniciar a sua encomenda de garrafas de u\u00edsque personalizadas, o primeiro passo a dar \u00e9 comunicar as suas necessidades \u00e0 nossa equipa de vendas, incluindo a forma, o tamanho e a capacidade da garrafa pretendida, bem como quaisquer elementos de design espec\u00edficos.<\/p>\n<p>Em seguida, a nossa equipa de design enviar-lhe-\u00e1 modelos de garrafas de vidro da nossa empresa. Naturalmente, se tiver o seu pr\u00f3prio modelo de design de garrafa. Colaboraremos consigo para rever e aperfei\u00e7oar os conceitos iniciais.<\/p>\n<p>Assim que o design estiver finalizado, criaremos um prot\u00f3tipo f\u00edsico da garrafa personalizada. Ap\u00f3s esta etapa, procederemos \u00e0 produ\u00e7\u00e3o das garrafas de u\u00edsque personalizadas.<\/p>\n<h4 data-spm-anchor-id=\"a2700.details.0.i82.67a53c122iOfKz\">Especifica\u00e7\u00f5es<\/h4>\n<div class=\"attribute-list\">\n<div class=\"attribute-item\">\n<ul>\n<li class=\"left\">Manuseio de superf\u00edcie: <span style=\"color: var(--wpex-text-2)\">Gravura Interna<\/span><\/li>\n<li class=\"left\">Uso industrial: <span style=\"color: var(--wpex-text-2)\">Bebida<\/span><\/li>\n<li class=\"left\">Tipo de veda\u00e7\u00e3o: <span style=\"color: var(--wpex-text-2)\">TAMPA DE ROSCA\/Corti\u00e7a<\/span><\/li>\n<li class=\"left\">Lugar de origem: <span style=\"color: var(--wpex-text-2)\">Shandong, China<\/span><\/li>\n<li class=\"left\">Material Base: S<span style=\"color: var(--wpex-text-2)\">vidro de pedra superior<\/span><\/li>\n<li class=\"left\">Material do corpo: <span style=\"color: var(--wpex-text-2)\">Vidro super s\u00edlex<\/span><\/li>\n<li class=\"left\">N\u00famero do modelo: <span style=\"color: var(--wpex-text-2)\">RS-160<\/span><\/li>\n<li class=\"left\">Marca: <span style=\"color: var(--wpex-text-2)\">RUISHENG<\/span><\/li>\n<li class=\"left\">Uso: <span style=\"color: var(--wpex-text-2)\">\u00c1lcool\/licor\/destilados\/vodka\/u\u00edsque\/conhaque\/rum\/gin<\/span><\/li>\n<li class=\"left\">Embalagem: <span style=\"color: var(--wpex-text-2)\">Embalagem personalizada aceit\u00e1vel<\/span><\/li>\n<li class=\"left\">Capacidade: <span style=\"color: var(--wpex-text-2)\">200ml\/300ml\/500ml\/700\/750ml\/1000ml<\/span><\/li>\n<li class=\"left\">Forma: <span style=\"color: var(--wpex-text-2)\">Forma personalizada<\/span><\/li>\n<li class=\"left\">Logotipo: <span style=\"color: var(--wpex-text-2)\">Logotipo aceit\u00e1vel do cliente<\/span><\/li>\n<li class=\"left\">Servi\u00e7o: <span style=\"color: var(--wpex-text-2)\">OEM\/ODM<\/span><\/li>\n<li class=\"left\">Amostra: <span style=\"color: var(--wpex-text-2)\">Fornecido gratuitamente<\/span><\/li>\n<li class=\"left\">Impress\u00e3o do logotipo: <span style=\"color: var(--wpex-text-2)\">Aceite a impress\u00e3o do logotipo do cliente<\/span><\/li>\n<li class=\"left\">Prazo de entrega: <span style=\"color: var(--wpex-text-2)\">30-45 dias<\/span><\/li>\n<li class=\"left\">Embalagem: <span style=\"font-family: var(--wpex-heading-font-family);font-style: var(--wpex-heading-font-style);letter-spacing: var(--wpex-heading-letter-spacing);text-transform: var(--wpex-heading-text-transform);color: var(--wpex-text-2)\" data-spm-anchor-id=\"a2700.details.0.i77.67a53c122iOfKz\">Caixa padr\u00e3o de exporta\u00e7\u00e3o\/<\/span><span style=\"color: var(--wpex-text-2)\">Palete\/<\/span><span style=\"color: var(--wpex-text-2)\">Embalagem personalizada<\/span><\/li>\n<li class=\"left\">Porta: <span style=\"color: var(--wpex-text-2)\">Qingdao<\/span><\/li>\n<\/ul>\n<\/div>\n<\/div>\n<div class=\"attribute-list\">\n<div class=\"attribute-item\">\n<div class=\"right\">\n<div class=\"vc_row wpb_row vc_row-fluid\"><div class=\"wpb_column vc_column_container vc_col-sm-6\"><div class=\"vc_column-inner\"><div class=\"wpb_wrapper\">\n\t<div  class=\"wpb_single_image wpb_content_element vc_align_ wpb_content_element\">\n\t\t\n\t\t<figure class=\"wpb_wrapper vc_figure\">\n\t\t\t<div class=\"vc_single_image-wrapper   vc_box_border_grey\"><img width=\"741\" height=\"417\" src=\"https:\/\/glassbottlewholesale.com\/wp-content\/uploads\/2021\/07\/ruisheng-glass-bottle-1.jpeg\" class=\"vc_single_image-img attachment-full\" alt=\"garrafa de vidro ruisheng\" title=\"garrafa de vidro ruisheng (1)\" srcset=\"https:\/\/glassbottlewholesale.com\/wp-content\/uploads\/2021\/07\/ruisheng-glass-bottle-1.jpeg 741w, https:\/\/glassbottlewholesale.com\/wp-content\/uploads\/2021\/07\/ruisheng-glass-bottle-1-300x169.jpeg 300w, https:\/\/glassbottlewholesale.com\/wp-content\/uploads\/2021\/07\/ruisheng-glass-bottle-1-600x338.jpeg 600w\" sizes=\"(max-width: 741px) 100vw, 741px\" \/><\/div>\n\t\t<\/figure>\n\t<\/div>\n<\/div><\/div><\/div><div class=\"wpb_column vc_column_container vc_col-sm-6\"><div class=\"vc_column-inner\"><div class=\"wpb_wrapper\"><h2 class=\"vcex-heading vcex-heading-plain vcex-module wpex-heading wpex-text-2xl\"><span class=\"vcex-heading-inner wpex-inline-block\">F\u00e1brica de vidro Ruisheng em Shandong, China<\/span><\/h2><div class=\"vc_separator wpb_content_element vc_separator_align_center vc_sep_width_30 vc_sep_border_width_2 vc_sep_pos_align_left vc_separator_no_text vc_custom_1626068292507 wpb_content_element  vc_custom_1626068292507 wpb_content_element\" ><span class=\"vc_sep_holder vc_sep_holder_l\"><span style=\"border-color:#c6b20a;\" class=\"vc_sep_line\"><\/span><\/span><span class=\"vc_sep_holder vc_sep_holder_r\"><span style=\"border-color:#c6b20a;\" class=\"vc_sep_line\"><\/span><\/span>\n<\/div><div class=\"vcex-spacing wpex-w-100 wpex-clear\" style=\"height:20px;\"><\/div>\n\t<div class=\"wpb_text_column wpb_content_element\" >\n\t\t<div class=\"wpb_wrapper\">\n\t\t\t<p>Desde 2009, nossa moderna f\u00e1brica de produ\u00e7\u00e3o de garrafas de vidro e um centro de P&amp;D bem equipado operam em uma \u00e1rea de 5.000.000 p\u00e9s quadrados. A f\u00e1brica se concentra na produ\u00e7\u00e3o de garrafas de vidro de alta qualidade para licores, destilados, u\u00edsque, vodca, conhaque e outras bebidas alco\u00f3licas.<\/p>\n\n\t\t<\/div>\n\t<\/div>\n<\/div><\/div><\/div><\/div><div class=\"vc_row wpb_row vc_row-fluid\"><div class=\"wpb_column vc_column_container vc_col-sm-12\"><div class=\"vc_column-inner\"><div class=\"wpb_wrapper\">\n\t<div class=\"wpb_text_column wpb_content_element\" >\n\t\t<div class=\"wpb_wrapper\">\n\t\t\t<h3>Capacidade total em nossa f\u00e1brica de fabrica\u00e7\u00e3o de garrafas de vidro para bebidas alco\u00f3licas:<\/h3>\n\n\t\t<\/div>\n\t<\/div>\n<div class=\"vcex-spacing wpex-w-100 wpex-clear\" style=\"height:20px;\"><\/div><div class=\"vc_row wpb_row vc_inner vc_row-fluid\"><div class=\"wpb_column vc_column_container vc_col-sm-3\"><div class=\"vc_column-inner\"><div class=\"wpb_wrapper\"><style>.vcex-heading.vcex_69f4c1ca19df0{color:#c6b20a;font-size:50px;font-weight:900;text-transform:capitalize;}<\/style><h2 class=\"vcex-heading vcex-heading-plain vcex-module wpex-heading wpex-text-2xl wpex-text-center vcex_69f4c1ca19df0\"><span class=\"vcex-heading-inner wpex-inline-block\">12<\/span><\/h2>\n\t<div class=\"wpb_text_column wpb_content_element\" >\n\t\t<div class=\"wpb_wrapper\">\n\t\t\t<p style=\"text-align: center\"><strong>-Linha de produ\u00e7\u00e3o-<\/strong><\/p>\n\n\t\t<\/div>\n\t<\/div>\n\n\t<div class=\"wpb_text_column wpb_content_element\" >\n\t\t<div class=\"wpb_wrapper\">\n\t\t\t<p>Linha de produ\u00e7\u00e3o semiautom\u00e1tica de garrafas de vidro de alta efici\u00eancia. Pode produzir garrafas de vidro com diferentes processos de tratamento ao mesmo tempo.<\/p>\n\n\t\t<\/div>\n\t<\/div>\n<\/div><\/div><\/div><div class=\"wpb_column vc_column_container vc_col-sm-3\"><div class=\"vc_column-inner\"><div class=\"wpb_wrapper\"><style>.vcex-heading.vcex_69f4c1ca1a645{color:#c6b20a;font-size:50px;font-weight:900;text-transform:capitalize;}<\/style><h2 class=\"vcex-heading vcex-heading-plain vcex-module wpex-heading wpex-text-2xl wpex-text-center vcex_69f4c1ca1a645\"><span class=\"vcex-heading-inner wpex-inline-block\">500+<\/span><\/h2>\n\t<div class=\"wpb_text_column wpb_content_element\" >\n\t\t<div class=\"wpb_wrapper\">\n\t\t\t<p style=\"text-align: center\"><strong>-Coisas de trabalho-<\/strong><\/p>\n\n\t\t<\/div>\n\t<\/div>\n\n\t<div class=\"wpb_text_column wpb_content_element\" >\n\t\t<div class=\"wpb_wrapper\">\n\t\t\t<p style=\"text-align: center\">Nossa empresa tem mais de 500 funcion\u00e1rios, incluindo 15 designers industriais, 35 inspetores de qualidade de produto e outros trabalhadores de produ\u00e7\u00e3o, pessoal de vendas e marketing, etc.<\/p>\n\n\t\t<\/div>\n\t<\/div>\n<\/div><\/div><\/div><div class=\"wpb_column vc_column_container vc_col-sm-3\"><div class=\"vc_column-inner\"><div class=\"wpb_wrapper\"><style>.vcex-heading.vcex_69f4c1ca1ae0f{color:#c6b20a;font-size:50px;font-weight:900;text-transform:capitalize;}<\/style><h2 class=\"vcex-heading vcex-heading-plain vcex-module wpex-heading wpex-text-2xl wpex-text-center vcex_69f4c1ca1ae0f\"><span class=\"vcex-heading-inner wpex-inline-block\">8000+<\/span><\/h2>\n\t<div class=\"wpb_text_column wpb_content_element\" >\n\t\t<div class=\"wpb_wrapper\">\n\t\t\t<p style=\"text-align: center\"><strong>-Molde de design-<\/strong><\/p>\n\n\t\t<\/div>\n\t<\/div>\n\n\t<div class=\"wpb_text_column wpb_content_element\" >\n\t\t<div class=\"wpb_wrapper\">\n\t\t\t<p style=\"text-align: center\">a principal vantagem de estocar internamente uma grande quantidade de moldes \u00e9 a flexibilidade. Uma f\u00e1brica dificilmente consegue atender a todas as suas necessidades.<\/p>\n\n\t\t<\/div>\n\t<\/div>\n<\/div><\/div><\/div><div class=\"wpb_column vc_column_container vc_col-sm-3\"><div class=\"vc_column-inner\"><div class=\"wpb_wrapper\"><style>.vcex-heading.vcex_69f4c1ca1b5e3{color:#c6b20a;font-size:50px;font-weight:900;text-transform:capitalize;}<\/style><h2 class=\"vcex-heading vcex-heading-plain vcex-module wpex-heading wpex-text-2xl wpex-text-center vcex_69f4c1ca1b5e3\"><span class=\"vcex-heading-inner wpex-inline-block\">120,000+<\/span><\/h2>\n\t<div class=\"wpb_text_column wpb_content_element\" >\n\t\t<div class=\"wpb_wrapper\">\n\t\t\t<p style=\"text-align: center\"><strong>-Sa\u00edda di\u00e1ria-<\/strong><\/p>\n\n\t\t<\/div>\n\t<\/div>\n\n\t<div class=\"wpb_text_column wpb_content_element\" >\n\t\t<div class=\"wpb_wrapper\">\n\t\t\t<p style=\"text-align: center\">Reaja ao mercado rapidamente. Nossa produ\u00e7\u00e3o em massa permite que as empresas passem pelas fases de produ\u00e7\u00e3o com rapidez e facilidade.<\/p>\n\n\t\t<\/div>\n\t<\/div>\n<\/div><\/div><\/div><\/div><\/div><\/div><\/div><\/div><div class=\"vc_row wpb_row vc_row-fluid\"><div class=\"wpb_column vc_column_container vc_col-sm-12\"><div class=\"vc_column-inner\"><div class=\"wpb_wrapper\"><h2 class=\"vcex-heading vcex-heading-plain vcex-module wpex-heading wpex-text-2xl\"><span class=\"vcex-heading-inner wpex-inline-block\">Como encomendar vidro Ruisheng<\/span><\/h2><div class=\"vcex-spacing wpex-w-100 wpex-clear\" style=\"height:20px;\"><\/div>\n\t<div  class=\"wpb_single_image wpb_content_element vc_align_center wpb_content_element\">\n\t\t\n\t\t<figure class=\"wpb_wrapper vc_figure\">\n\t\t\t<div class=\"vc_single_image-wrapper   vc_box_border_grey\"><img width=\"564\" height=\"795\" src=\"https:\/\/glassbottlewholesale.com\/wp-content\/uploads\/2021\/07\/WX20210712-153708.png\" class=\"vc_single_image-img attachment-full\" alt=\"Como encomendar uma garrafa de vidro de Ruisheng\" title=\"Como encomendar uma garrafa de vidro de Ruisheng\" srcset=\"https:\/\/glassbottlewholesale.com\/wp-content\/uploads\/2021\/07\/WX20210712-153708.png 564w, https:\/\/glassbottlewholesale.com\/wp-content\/uploads\/2021\/07\/WX20210712-153708-213x300.png 213w\" sizes=\"(max-width: 564px) 100vw, 564px\" \/><\/div>\n\t\t<\/figure>\n\t<\/div>\n<\/div><\/div><\/div><\/div>\n<\/div>\n<\/div>\n<\/div>\n<\/div>","protected":false},"excerpt":{"rendered":"<p>Shandong Yuncheng Ruisheng Glass Co., Ltd, um dos principais fornecedores de garrafas de u\u00edsque personalizadas na China, especializado no fabrico de garrafas de licor de vidro de alta qualidade h\u00e1 mais de 16 anos. Oferecemos v\u00e1rias op\u00e7\u00f5es de personaliza\u00e7\u00e3o dispon\u00edveis para formas, tamanhos e designs de garrafas.<\/p>\n<p>Se tiver alguma necessidade de uma garrafa de u\u00edsque personalizada, por favor <a href=\"https:\/\/ruishengglassco.com\/contact\" target=\"_blank\" rel=\"noopener\">deixar uma mensagem<\/a> no nosso s\u00edtio Web, e a nossa equipa de vendas profissional ir\u00e1 falar consigo sobre os pormenores.<\/p>","protected":false},"featured_media":4579,"comment_status":"open","ping_status":"closed","template":"","meta":[],"product_brand":[],"product_cat":[68],"product_tag":[],"class_list":{"0":"post-4587","1":"product","2":"type-product","3":"status-publish","4":"has-post-thumbnail","6":"product_cat-whiskey-bottle","7":"entry","8":"has-media","10":"first","11":"instock","12":"shipping-taxable","13":"product-type-simple"},"yoast_head":"<!-- This site is optimized with the Yoast SEO plugin v27.3 - https:\/\/yoast.com\/product\/yoast-seo-wordpress\/ -->\n<title>Ruisheng: China Custom Made Whiskey Bottle Supplier<\/title>\n<meta name=\"description\" content=\"Want to find reliable China Custom Made Whiskey Bottle Supplier? Click here! Best Glass Bottle Manufacturer With 16 Years Experience.\" \/>\n<meta name=\"robots\" content=\"index, follow, max-snippet:-1, max-image-preview:large, max-video-preview:-1\" \/>\n<link rel=\"canonical\" href=\"https:\/\/ruishengglassco.com\/product\/rs158-china-custom-made-whiskey-bottle-supplier\" \/>\n<meta property=\"og:locale\" content=\"pt_PT\" \/>\n<meta property=\"og:type\" content=\"article\" \/>\n<meta property=\"og:title\" content=\"Ruisheng: China Custom Made Whiskey Bottle Supplier\" \/>\n<meta property=\"og:description\" content=\"Want to find reliable China Custom Made Whiskey Bottle Supplier? Click here! Best Glass Bottle Manufacturer With 16 Years Experience.\" \/>\n<meta property=\"og:url\" content=\"https:\/\/ruishengglassco.com\/product\/rs158-china-custom-made-whiskey-bottle-supplier\" \/>\n<meta property=\"og:site_name\" content=\"Glass Bottle Wholesale\" \/>\n<meta property=\"article:modified_time\" content=\"2025-06-23T06:38:54+00:00\" \/>\n<meta property=\"og:image\" content=\"https:\/\/glassbottlewholesale.com\/wp-content\/uploads\/2024\/03\/wholesale-whiskey-bottle-manufacturer11.png\" \/>\n\t<meta property=\"og:image:width\" content=\"800\" \/>\n\t<meta property=\"og:image:height\" content=\"800\" \/>\n\t<meta property=\"og:image:type\" content=\"image\/png\" \/>\n<meta name=\"twitter:card\" content=\"summary_large_image\" \/>\n<meta name=\"twitter:label1\" content=\"Tempo estimado de leitura\" \/>\n\t<meta name=\"twitter:data1\" content=\"2 minutos\" \/>\n<script type=\"application\/ld+json\" class=\"yoast-schema-graph\">{\"@context\":\"https:\\\/\\\/schema.org\",\"@graph\":[{\"@type\":\"WebPage\",\"@id\":\"https:\\\/\\\/glassbottlewholesale.com\\\/rs158-china-custom-made-whiskey-bottle-supplier\\\/\",\"url\":\"https:\\\/\\\/ruishengglassco.com\\\/product\\\/rs158-china-custom-made-whiskey-bottle-supplier\",\"name\":\"Ruisheng: China Custom Made Whiskey Bottle Supplier\",\"isPartOf\":{\"@id\":\"https:\\\/\\\/glassbottlewholesale.com\\\/#website\"},\"primaryImageOfPage\":{\"@id\":\"https:\\\/\\\/ruishengglassco.com\\\/product\\\/rs158-china-custom-made-whiskey-bottle-supplier#primaryimage\"},\"image\":{\"@id\":\"https:\\\/\\\/ruishengglassco.com\\\/product\\\/rs158-china-custom-made-whiskey-bottle-supplier#primaryimage\"},\"thumbnailUrl\":\"https:\\\/\\\/glassbottlewholesale.com\\\/wp-content\\\/uploads\\\/2024\\\/03\\\/wholesale-whiskey-bottle-manufacturer11.png\",\"datePublished\":\"2024-03-12T08:51:00+00:00\",\"dateModified\":\"2025-06-23T06:38:54+00:00\",\"description\":\"Want to find reliable China Custom Made Whiskey Bottle Supplier? Click here! Best Glass Bottle Manufacturer With 16 Years Experience.\",\"breadcrumb\":{\"@id\":\"https:\\\/\\\/ruishengglassco.com\\\/product\\\/rs158-china-custom-made-whiskey-bottle-supplier#breadcrumb\"},\"inLanguage\":\"pt-PT\",\"potentialAction\":[{\"@type\":\"ReadAction\",\"target\":[\"https:\\\/\\\/ruishengglassco.com\\\/product\\\/rs158-china-custom-made-whiskey-bottle-supplier\"]}]},{\"@type\":\"ImageObject\",\"inLanguage\":\"pt-PT\",\"@id\":\"https:\\\/\\\/ruishengglassco.com\\\/product\\\/rs158-china-custom-made-whiskey-bottle-supplier#primaryimage\",\"url\":\"https:\\\/\\\/glassbottlewholesale.com\\\/wp-content\\\/uploads\\\/2024\\\/03\\\/wholesale-whiskey-bottle-manufacturer11.png\",\"contentUrl\":\"https:\\\/\\\/glassbottlewholesale.com\\\/wp-content\\\/uploads\\\/2024\\\/03\\\/wholesale-whiskey-bottle-manufacturer11.png\",\"width\":800,\"height\":800,\"caption\":\"custom made whiskey bottle\"},{\"@type\":\"BreadcrumbList\",\"@id\":\"https:\\\/\\\/ruishengglassco.com\\\/product\\\/rs158-china-custom-made-whiskey-bottle-supplier#breadcrumb\",\"itemListElement\":[{\"@type\":\"ListItem\",\"position\":1,\"name\":\"Home\",\"item\":\"https:\\\/\\\/glassbottlewholesale.com\\\/\"},{\"@type\":\"ListItem\",\"position\":2,\"name\":\"Products\",\"item\":\"https:\\\/\\\/glassbottlewholesale.com\\\/shop\\\/\"},{\"@type\":\"ListItem\",\"position\":3,\"name\":\"RS158 China Custom Made Whiskey Bottle Supplier\"}]},{\"@type\":\"WebSite\",\"@id\":\"https:\\\/\\\/glassbottlewholesale.com\\\/#website\",\"url\":\"https:\\\/\\\/glassbottlewholesale.com\\\/\",\"name\":\"Glass Bottle Wholesale\",\"description\":\"\",\"publisher\":{\"@id\":\"https:\\\/\\\/glassbottlewholesale.com\\\/#organization\"},\"potentialAction\":[{\"@type\":\"SearchAction\",\"target\":{\"@type\":\"EntryPoint\",\"urlTemplate\":\"https:\\\/\\\/glassbottlewholesale.com\\\/?s={search_term_string}\"},\"query-input\":{\"@type\":\"PropertyValueSpecification\",\"valueRequired\":true,\"valueName\":\"search_term_string\"}}],\"inLanguage\":\"pt-PT\"},{\"@type\":\"Organization\",\"@id\":\"https:\\\/\\\/glassbottlewholesale.com\\\/#organization\",\"name\":\"Glass Bottle Wholesale\",\"url\":\"https:\\\/\\\/glassbottlewholesale.com\\\/\",\"logo\":{\"@type\":\"ImageObject\",\"inLanguage\":\"pt-PT\",\"@id\":\"https:\\\/\\\/glassbottlewholesale.com\\\/#\\\/schema\\\/logo\\\/image\\\/\",\"url\":\"https:\\\/\\\/glassbottlewholesale.com\\\/wp-content\\\/uploads\\\/2023\\\/12\\\/ruisheng-logo.webp\",\"contentUrl\":\"https:\\\/\\\/glassbottlewholesale.com\\\/wp-content\\\/uploads\\\/2023\\\/12\\\/ruisheng-logo.webp\",\"width\":400,\"height\":233,\"caption\":\"Glass Bottle Wholesale\"},\"image\":{\"@id\":\"https:\\\/\\\/glassbottlewholesale.com\\\/#\\\/schema\\\/logo\\\/image\\\/\"}}]}<\/script>\n<!-- \/ Yoast SEO plugin. -->","yoast_head_json":{"title":"Ruisheng: China Custom Made Whiskey Bottle Supplier","description":"Want to find reliable China Custom Made Whiskey Bottle Supplier? Click here! Best Glass Bottle Manufacturer With 16 Years Experience.","robots":{"index":"index","follow":"follow","max-snippet":"max-snippet:-1","max-image-preview":"max-image-preview:large","max-video-preview":"max-video-preview:-1"},"canonical":"https:\/\/ruishengglassco.com\/product\/rs158-china-custom-made-whiskey-bottle-supplier","og_locale":"pt_PT","og_type":"article","og_title":"Ruisheng: China Custom Made Whiskey Bottle Supplier","og_description":"Want to find reliable China Custom Made Whiskey Bottle Supplier? Click here! Best Glass Bottle Manufacturer With 16 Years Experience.","og_url":"https:\/\/ruishengglassco.com\/product\/rs158-china-custom-made-whiskey-bottle-supplier","og_site_name":"Glass Bottle Wholesale","article_modified_time":"2025-06-23T06:38:54+00:00","og_image":[{"width":800,"height":800,"url":"https:\/\/glassbottlewholesale.com\/wp-content\/uploads\/2024\/03\/wholesale-whiskey-bottle-manufacturer11.png","type":"image\/png"}],"twitter_card":"summary_large_image","twitter_misc":{"Tempo estimado de leitura":"2 minutos"},"schema":{"@context":"https:\/\/schema.org","@graph":[{"@type":"WebPage","@id":"https:\/\/glassbottlewholesale.com\/rs158-china-custom-made-whiskey-bottle-supplier\/","url":"https:\/\/ruishengglassco.com\/product\/rs158-china-custom-made-whiskey-bottle-supplier","name":"Ruisheng: China Custom Made Whiskey Bottle Supplier","isPartOf":{"@id":"https:\/\/glassbottlewholesale.com\/#website"},"primaryImageOfPage":{"@id":"https:\/\/ruishengglassco.com\/product\/rs158-china-custom-made-whiskey-bottle-supplier#primaryimage"},"image":{"@id":"https:\/\/ruishengglassco.com\/product\/rs158-china-custom-made-whiskey-bottle-supplier#primaryimage"},"thumbnailUrl":"https:\/\/glassbottlewholesale.com\/wp-content\/uploads\/2024\/03\/wholesale-whiskey-bottle-manufacturer11.png","datePublished":"2024-03-12T08:51:00+00:00","dateModified":"2025-06-23T06:38:54+00:00","description":"Want to find reliable China Custom Made Whiskey Bottle Supplier? Click here! Best Glass Bottle Manufacturer With 16 Years Experience.","breadcrumb":{"@id":"https:\/\/ruishengglassco.com\/product\/rs158-china-custom-made-whiskey-bottle-supplier#breadcrumb"},"inLanguage":"pt-PT","potentialAction":[{"@type":"ReadAction","target":["https:\/\/ruishengglassco.com\/product\/rs158-china-custom-made-whiskey-bottle-supplier"]}]},{"@type":"ImageObject","inLanguage":"pt-PT","@id":"https:\/\/ruishengglassco.com\/product\/rs158-china-custom-made-whiskey-bottle-supplier#primaryimage","url":"https:\/\/glassbottlewholesale.com\/wp-content\/uploads\/2024\/03\/wholesale-whiskey-bottle-manufacturer11.png","contentUrl":"https:\/\/glassbottlewholesale.com\/wp-content\/uploads\/2024\/03\/wholesale-whiskey-bottle-manufacturer11.png","width":800,"height":800,"caption":"custom made whiskey bottle"},{"@type":"BreadcrumbList","@id":"https:\/\/ruishengglassco.com\/product\/rs158-china-custom-made-whiskey-bottle-supplier#breadcrumb","itemListElement":[{"@type":"ListItem","position":1,"name":"Home","item":"https:\/\/glassbottlewholesale.com\/"},{"@type":"ListItem","position":2,"name":"Products","item":"https:\/\/glassbottlewholesale.com\/shop\/"},{"@type":"ListItem","position":3,"name":"RS158 China Custom Made Whiskey Bottle Supplier"}]},{"@type":"WebSite","@id":"https:\/\/glassbottlewholesale.com\/#website","url":"https:\/\/glassbottlewholesale.com\/","name":"Glass Bottle Wholesale","description":"","publisher":{"@id":"https:\/\/glassbottlewholesale.com\/#organization"},"potentialAction":[{"@type":"SearchAction","target":{"@type":"EntryPoint","urlTemplate":"https:\/\/glassbottlewholesale.com\/?s={search_term_string}"},"query-input":{"@type":"PropertyValueSpecification","valueRequired":true,"valueName":"search_term_string"}}],"inLanguage":"pt-PT"},{"@type":"Organization","@id":"https:\/\/glassbottlewholesale.com\/#organization","name":"Glass Bottle Wholesale","url":"https:\/\/glassbottlewholesale.com\/","logo":{"@type":"ImageObject","inLanguage":"pt-PT","@id":"https:\/\/glassbottlewholesale.com\/#\/schema\/logo\/image\/","url":"https:\/\/glassbottlewholesale.com\/wp-content\/uploads\/2023\/12\/ruisheng-logo.webp","contentUrl":"https:\/\/glassbottlewholesale.com\/wp-content\/uploads\/2023\/12\/ruisheng-logo.webp","width":400,"height":233,"caption":"Glass Bottle Wholesale"},"image":{"@id":"https:\/\/glassbottlewholesale.com\/#\/schema\/logo\/image\/"}}]}},"_links":{"self":[{"href":"https:\/\/glassbottlewholesale.com\/pt\/wp-json\/wp\/v2\/product\/4587","targetHints":{"allow":["GET"]}}],"collection":[{"href":"https:\/\/glassbottlewholesale.com\/pt\/wp-json\/wp\/v2\/product"}],"about":[{"href":"https:\/\/glassbottlewholesale.com\/pt\/wp-json\/wp\/v2\/types\/product"}],"replies":[{"embeddable":true,"href":"https:\/\/glassbottlewholesale.com\/pt\/wp-json\/wp\/v2\/comments?post=4587"}],"wp:featuredmedia":[{"embeddable":true,"href":"https:\/\/glassbottlewholesale.com\/pt\/wp-json\/wp\/v2\/media\/4579"}],"wp:attachment":[{"href":"https:\/\/glassbottlewholesale.com\/pt\/wp-json\/wp\/v2\/media?parent=4587"}],"wp:term":[{"taxonomy":"product_brand","embeddable":true,"href":"https:\/\/glassbottlewholesale.com\/pt\/wp-json\/wp\/v2\/product_brand?post=4587"},{"taxonomy":"product_cat","embeddable":true,"href":"https:\/\/glassbottlewholesale.com\/pt\/wp-json\/wp\/v2\/product_cat?post=4587"},{"taxonomy":"product_tag","embeddable":true,"href":"https:\/\/glassbottlewholesale.com\/pt\/wp-json\/wp\/v2\/product_tag?post=4587"}],"curies":[{"name":"wp","href":"https:\/\/api.w.org\/{rel}","templated":true}]}}