{"id":466,"date":"2019-10-14T13:53:43","date_gmt":"2019-10-14T13:53:43","guid":{"rendered":"https:\/\/queenchingglass.com\/?post_type=product&#038;p=466"},"modified":"2025-07-10T03:08:31","modified_gmt":"2025-07-10T03:08:31","slug":"venda-por-grosso-de-garrafas-de-vidro-transparente-de-750-ml-com-tampa-de-rosca","status":"publish","type":"product","link":"https:\/\/glassbottlewholesale.com\/pt\/venda-por-grosso-de-garrafas-de-vidro-transparente-de-750-ml-com-tampa-de-rosca\/","title":{"rendered":"RS120: Garrafas de vidro transparentes de 750 ml com tampas de rosca no atacado"},"content":{"rendered":"<div class=\"wpb-content-wrapper\"><div class=\"vc_row wpb_row vc_row-fluid\"><div class=\"wpb_column vc_column_container vc_col-sm-12\"><div class=\"vc_column-inner\"><div class=\"wpb_wrapper\">\n\t<div class=\"wpb_text_column wpb_content_element\" >\n\t\t<div class=\"wpb_wrapper\">\n\t\t\t<p>&nbsp;<\/p>\n<p>As garrafas de vidro transparente de 750 ml com tampa de rosca s\u00e3o fabricadas em Shandong Yuncheng Ruisheng Glass Co., Ltd. A nossa empresa \u00e9 uma das maiores empresas de<a href=\"https:\/\/ruishengglassco.com\/glass-liquor-spirit-bottles\"> fabricantes de garrafas de vidro para bebidas alco\u00f3licas<\/a>\u00a0na China. A nossa empresa tem mais de 500 funcion\u00e1rios e um grupo de engenheiros qualificados. Com uma experi\u00eancia rica, temos uma boa reputa\u00e7\u00e3o em todo o mundo.<\/p>\n<p>A garrafa de bebida espirituosa por atacado de 750ml com rolhas \u00e9 feita de material de vidro de s\u00edlex alto, o que torna a garrafa de vidro mais clara, mais dur\u00e1vel e mais suave.  Que \u00e9 adequado para a embalagem de licor, vodka, conhaque, u\u00edsque, gel\u00e9ia e assim por diante.<\/p>\n<p>Como um dos principais fabricantes de garrafas de bebidas espirituosas por atacado com rolhas, Ruisheng se concentra na fabrica\u00e7\u00e3o de garrafas de vidro de alta qualidade, como garrafa de vodka, garrafa de conhaque, garrafa de u\u00edsque, garrafa de licor, garrafa de gel\u00e9ia e assim por diante. N\u00f3s tamb\u00e9m podemos oferecer diferentes cores de garrafa de esp\u00edrito por atacado, como garrafas de vidro \u00e2mbar, garrafas verdes, garrafas de vidro branco, garrafas de vidro transparente, etc. O nosso principal mercado \u00e9 o Reino Unido, os EUA, a Austr\u00e1lia, o Canad\u00e1 e muitos outros pa\u00edses. E todos os produtos gozam de uma grande reputa\u00e7\u00e3o de inova\u00e7\u00e3o e funcionalidade.<\/p>\n<p>E como escolher garrafas de vidro e-l\u00edquido? Escolha a garrafa de vidro transparente certa para o licor, a primeira \u00e9 a qualidade das garrafas de l\u00edquido,\u00a0<a href=\"https:\/\/ruishengglassco.com\/glass-liquor-spirit-bottles\">garrafa de vidro de alta qualidade<\/a>\u00a0\u00e9 capaz de garantir a qualidade do licor e melhorar o seu valor. Al\u00e9m disso, os clientes tamb\u00e9m precisam de prestar aten\u00e7\u00e3o \u00e0 qualidade dos produtos de licor, ao sabor do licor e \u00e0 propaganda cultural para selecionar uma garrafa de vidro l\u00edquido. Al\u00e9m disso, escolher e comprar um produto de garrafa de licor precisa escolher um fabricante regular de garrafas de licor, para garantir a qualidade e o pre\u00e7o das garrafas de \u00e1lcool.<\/p>\n<p>Se estiver interessado nas nossas garrafas de vidro transparente de 750 ml com tampa de rosca, contacte-nos. Responder-lhe-emos no prazo de 24 horas.<\/p>\n\n\t\t<\/div>\n\t<\/div>\n<\/div><\/div><\/div><\/div>\n<\/div>","protected":false},"excerpt":{"rendered":"<p>Garrafas de vidro redondas de 750 ml com tampa de rosca. A bela cor da bebida espirituosa \u00e9 vis\u00edvel atrav\u00e9s do vidro super-flint para Whisky, Brandy, Vodka, etc. Dispon\u00edvel em corti\u00e7a\/tampa de rosca.<\/p>\n<p>Garrafa de vidro para bebidas espirituosas personalizada de 750 ml por atacado Detalhes:<\/p>\n<ul>\n<li>Refer\u00eancia: RS120<\/li>\n<li><strong>Servi\u00e7o OEM\/ODM oferecido. Quantidade m\u00ednima: 10.000 unidades (10.000 unidades)<\/strong><\/li>\n<li>Tampa: Tampa de rosca\/corti\u00e7a<\/li>\n<li>Material: vidro de s\u00edlex alto<\/li>\n<li>Entrega: Amostra gr\u00e1tis oferecida dentro de 3-7 dias. Encomenda a granel no prazo de 30 dias.<\/li>\n<li>Mat\u00e9ria: Ecol\u00f3gico<\/li>\n<\/ul>","protected":false},"featured_media":4747,"comment_status":"open","ping_status":"closed","template":"","meta":[],"product_brand":[],"product_cat":[51,52,63],"product_tag":[],"class_list":{"0":"post-466","1":"product","2":"type-product","3":"status-publish","4":"has-post-thumbnail","6":"product_cat-700ml-glass-bottle","7":"product_cat-750ml-glass-bottle","8":"product_cat-liquor-bottle","9":"entry","10":"has-media","12":"first","13":"instock","14":"shipping-taxable","15":"product-type-simple"},"yoast_head":"<!-- This site is optimized with the Yoast SEO plugin v27.3 - https:\/\/yoast.com\/product\/yoast-seo-wordpress\/ -->\n<title>Clear Glass Bottles With Screw Caps | Wholesale Glass Liquor Bottle<\/title>\n<meta name=\"description\" content=\"Buy Clear Glass Bottles With Screw Caps From China Liquor Bottle Factory. 750ML Glass Liquot Bottle Wholesale In Cheap Price.\" \/>\n<meta name=\"robots\" content=\"index, follow, max-snippet:-1, max-image-preview:large, max-video-preview:-1\" \/>\n<link rel=\"canonical\" href=\"https:\/\/ruishengglassco.com\/product\/rs120clear-750ml-glass-bottles-with-screw-caps-wholesale\" \/>\n<meta property=\"og:locale\" content=\"pt_PT\" \/>\n<meta property=\"og:type\" content=\"article\" \/>\n<meta property=\"og:title\" content=\"Clear Glass Bottles With Screw Caps | Wholesale Glass Liquor Bottle\" \/>\n<meta property=\"og:description\" content=\"Buy Clear Glass Bottles With Screw Caps From China Liquor Bottle Factory. 750ML Glass Liquot Bottle Wholesale In Cheap Price.\" \/>\n<meta property=\"og:url\" content=\"https:\/\/ruishengglassco.com\/product\/rs120clear-750ml-glass-bottles-with-screw-caps-wholesale\" \/>\n<meta property=\"og:site_name\" content=\"Glass Bottle Wholesale\" \/>\n<meta property=\"article:modified_time\" content=\"2025-07-10T03:08:31+00:00\" \/>\n<meta property=\"og:image\" content=\"https:\/\/glassbottlewholesale.com\/wp-content\/uploads\/2024\/04\/glass-bottle-manufacturing11-1.png\" \/>\n\t<meta property=\"og:image:width\" content=\"800\" \/>\n\t<meta property=\"og:image:height\" content=\"800\" \/>\n\t<meta property=\"og:image:type\" content=\"image\/png\" \/>\n<meta name=\"twitter:card\" content=\"summary_large_image\" \/>\n<meta name=\"twitter:label1\" content=\"Tempo estimado de leitura\" \/>\n\t<meta name=\"twitter:data1\" content=\"2 minutos\" \/>\n<script type=\"application\/ld+json\" class=\"yoast-schema-graph\">{\"@context\":\"https:\\\/\\\/schema.org\",\"@graph\":[{\"@type\":\"WebPage\",\"@id\":\"https:\\\/\\\/glassbottlewholesale.com\\\/wholesale-clear-750ml-glass-bottles-with-screw-caps\\\/\",\"url\":\"https:\\\/\\\/ruishengglassco.com\\\/product\\\/rs120clear-750ml-glass-bottles-with-screw-caps-wholesale\",\"name\":\"Clear Glass Bottles With Screw Caps | Wholesale Glass Liquor Bottle\",\"isPartOf\":{\"@id\":\"https:\\\/\\\/glassbottlewholesale.com\\\/#website\"},\"primaryImageOfPage\":{\"@id\":\"https:\\\/\\\/ruishengglassco.com\\\/product\\\/rs120clear-750ml-glass-bottles-with-screw-caps-wholesale#primaryimage\"},\"image\":{\"@id\":\"https:\\\/\\\/ruishengglassco.com\\\/product\\\/rs120clear-750ml-glass-bottles-with-screw-caps-wholesale#primaryimage\"},\"thumbnailUrl\":\"https:\\\/\\\/glassbottlewholesale.com\\\/wp-content\\\/uploads\\\/2024\\\/04\\\/glass-bottle-manufacturing11-1.png\",\"datePublished\":\"2019-10-14T13:53:43+00:00\",\"dateModified\":\"2025-07-10T03:08:31+00:00\",\"description\":\"Buy Clear Glass Bottles With Screw Caps From China Liquor Bottle Factory. 750ML Glass Liquot Bottle Wholesale In Cheap Price.\",\"breadcrumb\":{\"@id\":\"https:\\\/\\\/ruishengglassco.com\\\/product\\\/rs120clear-750ml-glass-bottles-with-screw-caps-wholesale#breadcrumb\"},\"inLanguage\":\"pt-PT\",\"potentialAction\":[{\"@type\":\"ReadAction\",\"target\":[\"https:\\\/\\\/ruishengglassco.com\\\/product\\\/rs120clear-750ml-glass-bottles-with-screw-caps-wholesale\"]}]},{\"@type\":\"ImageObject\",\"inLanguage\":\"pt-PT\",\"@id\":\"https:\\\/\\\/ruishengglassco.com\\\/product\\\/rs120clear-750ml-glass-bottles-with-screw-caps-wholesale#primaryimage\",\"url\":\"https:\\\/\\\/glassbottlewholesale.com\\\/wp-content\\\/uploads\\\/2024\\\/04\\\/glass-bottle-manufacturing11-1.png\",\"contentUrl\":\"https:\\\/\\\/glassbottlewholesale.com\\\/wp-content\\\/uploads\\\/2024\\\/04\\\/glass-bottle-manufacturing11-1.png\",\"width\":800,\"height\":800,\"caption\":\"RS120:Clear 750ml Glass Bottles With Screw Caps Wholesale\"},{\"@type\":\"BreadcrumbList\",\"@id\":\"https:\\\/\\\/ruishengglassco.com\\\/product\\\/rs120clear-750ml-glass-bottles-with-screw-caps-wholesale#breadcrumb\",\"itemListElement\":[{\"@type\":\"ListItem\",\"position\":1,\"name\":\"Home\",\"item\":\"https:\\\/\\\/glassbottlewholesale.com\\\/\"},{\"@type\":\"ListItem\",\"position\":2,\"name\":\"Products\",\"item\":\"https:\\\/\\\/glassbottlewholesale.com\\\/shop\\\/\"},{\"@type\":\"ListItem\",\"position\":3,\"name\":\"RS120:Clear 750ml Glass Bottles With Screw Caps Wholesale\"}]},{\"@type\":\"WebSite\",\"@id\":\"https:\\\/\\\/glassbottlewholesale.com\\\/#website\",\"url\":\"https:\\\/\\\/glassbottlewholesale.com\\\/\",\"name\":\"Glass Bottle Wholesale\",\"description\":\"\",\"publisher\":{\"@id\":\"https:\\\/\\\/glassbottlewholesale.com\\\/#organization\"},\"potentialAction\":[{\"@type\":\"SearchAction\",\"target\":{\"@type\":\"EntryPoint\",\"urlTemplate\":\"https:\\\/\\\/glassbottlewholesale.com\\\/?s={search_term_string}\"},\"query-input\":{\"@type\":\"PropertyValueSpecification\",\"valueRequired\":true,\"valueName\":\"search_term_string\"}}],\"inLanguage\":\"pt-PT\"},{\"@type\":\"Organization\",\"@id\":\"https:\\\/\\\/glassbottlewholesale.com\\\/#organization\",\"name\":\"Glass Bottle Wholesale\",\"url\":\"https:\\\/\\\/glassbottlewholesale.com\\\/\",\"logo\":{\"@type\":\"ImageObject\",\"inLanguage\":\"pt-PT\",\"@id\":\"https:\\\/\\\/glassbottlewholesale.com\\\/#\\\/schema\\\/logo\\\/image\\\/\",\"url\":\"https:\\\/\\\/glassbottlewholesale.com\\\/wp-content\\\/uploads\\\/2023\\\/12\\\/ruisheng-logo.webp\",\"contentUrl\":\"https:\\\/\\\/glassbottlewholesale.com\\\/wp-content\\\/uploads\\\/2023\\\/12\\\/ruisheng-logo.webp\",\"width\":400,\"height\":233,\"caption\":\"Glass Bottle Wholesale\"},\"image\":{\"@id\":\"https:\\\/\\\/glassbottlewholesale.com\\\/#\\\/schema\\\/logo\\\/image\\\/\"}}]}<\/script>\n<!-- \/ Yoast SEO plugin. -->","yoast_head_json":{"title":"Garrafas de vidro transparente com tampa de rosca | Garrafa de licor de vidro por atacado","description":"Compre garrafas de vidro transparente com tampas de rosca da f\u00e1brica de garrafas de licor da China. Garrafa de licor de vidro 750ML por atacado em pre\u00e7o barato.","robots":{"index":"index","follow":"follow","max-snippet":"max-snippet:-1","max-image-preview":"max-image-preview:large","max-video-preview":"max-video-preview:-1"},"canonical":"https:\/\/ruishengglassco.com\/product\/rs120clear-750ml-glass-bottles-with-screw-caps-wholesale","og_locale":"pt_PT","og_type":"article","og_title":"Clear Glass Bottles With Screw Caps | Wholesale Glass Liquor Bottle","og_description":"Buy Clear Glass Bottles With Screw Caps From China Liquor Bottle Factory. 750ML Glass Liquot Bottle Wholesale In Cheap Price.","og_url":"https:\/\/ruishengglassco.com\/product\/rs120clear-750ml-glass-bottles-with-screw-caps-wholesale","og_site_name":"Glass Bottle Wholesale","article_modified_time":"2025-07-10T03:08:31+00:00","og_image":[{"width":800,"height":800,"url":"https:\/\/glassbottlewholesale.com\/wp-content\/uploads\/2024\/04\/glass-bottle-manufacturing11-1.png","type":"image\/png"}],"twitter_card":"summary_large_image","twitter_misc":{"Tempo estimado de leitura":"2 minutos"},"schema":{"@context":"https:\/\/schema.org","@graph":[{"@type":"WebPage","@id":"https:\/\/glassbottlewholesale.com\/wholesale-clear-750ml-glass-bottles-with-screw-caps\/","url":"https:\/\/ruishengglassco.com\/product\/rs120clear-750ml-glass-bottles-with-screw-caps-wholesale","name":"Garrafas de vidro transparente com tampa de rosca | Garrafa de licor de vidro por atacado","isPartOf":{"@id":"https:\/\/glassbottlewholesale.com\/#website"},"primaryImageOfPage":{"@id":"https:\/\/ruishengglassco.com\/product\/rs120clear-750ml-glass-bottles-with-screw-caps-wholesale#primaryimage"},"image":{"@id":"https:\/\/ruishengglassco.com\/product\/rs120clear-750ml-glass-bottles-with-screw-caps-wholesale#primaryimage"},"thumbnailUrl":"https:\/\/glassbottlewholesale.com\/wp-content\/uploads\/2024\/04\/glass-bottle-manufacturing11-1.png","datePublished":"2019-10-14T13:53:43+00:00","dateModified":"2025-07-10T03:08:31+00:00","description":"Compre garrafas de vidro transparente com tampas de rosca da f\u00e1brica de garrafas de licor da China. Garrafa de licor de vidro 750ML por atacado em pre\u00e7o barato.","breadcrumb":{"@id":"https:\/\/ruishengglassco.com\/product\/rs120clear-750ml-glass-bottles-with-screw-caps-wholesale#breadcrumb"},"inLanguage":"pt-PT","potentialAction":[{"@type":"ReadAction","target":["https:\/\/ruishengglassco.com\/product\/rs120clear-750ml-glass-bottles-with-screw-caps-wholesale"]}]},{"@type":"ImageObject","inLanguage":"pt-PT","@id":"https:\/\/ruishengglassco.com\/product\/rs120clear-750ml-glass-bottles-with-screw-caps-wholesale#primaryimage","url":"https:\/\/glassbottlewholesale.com\/wp-content\/uploads\/2024\/04\/glass-bottle-manufacturing11-1.png","contentUrl":"https:\/\/glassbottlewholesale.com\/wp-content\/uploads\/2024\/04\/glass-bottle-manufacturing11-1.png","width":800,"height":800,"caption":"RS120:Clear 750ml Glass Bottles With Screw Caps Wholesale"},{"@type":"BreadcrumbList","@id":"https:\/\/ruishengglassco.com\/product\/rs120clear-750ml-glass-bottles-with-screw-caps-wholesale#breadcrumb","itemListElement":[{"@type":"ListItem","position":1,"name":"Home","item":"https:\/\/glassbottlewholesale.com\/"},{"@type":"ListItem","position":2,"name":"Products","item":"https:\/\/glassbottlewholesale.com\/shop\/"},{"@type":"ListItem","position":3,"name":"RS120:Clear 750ml Glass Bottles With Screw Caps Wholesale"}]},{"@type":"WebSite","@id":"https:\/\/glassbottlewholesale.com\/#website","url":"https:\/\/glassbottlewholesale.com\/","name":"Glass Bottle Wholesale","description":"","publisher":{"@id":"https:\/\/glassbottlewholesale.com\/#organization"},"potentialAction":[{"@type":"SearchAction","target":{"@type":"EntryPoint","urlTemplate":"https:\/\/glassbottlewholesale.com\/?s={search_term_string}"},"query-input":{"@type":"PropertyValueSpecification","valueRequired":true,"valueName":"search_term_string"}}],"inLanguage":"pt-PT"},{"@type":"Organization","@id":"https:\/\/glassbottlewholesale.com\/#organization","name":"Glass Bottle Wholesale","url":"https:\/\/glassbottlewholesale.com\/","logo":{"@type":"ImageObject","inLanguage":"pt-PT","@id":"https:\/\/glassbottlewholesale.com\/#\/schema\/logo\/image\/","url":"https:\/\/glassbottlewholesale.com\/wp-content\/uploads\/2023\/12\/ruisheng-logo.webp","contentUrl":"https:\/\/glassbottlewholesale.com\/wp-content\/uploads\/2023\/12\/ruisheng-logo.webp","width":400,"height":233,"caption":"Glass Bottle Wholesale"},"image":{"@id":"https:\/\/glassbottlewholesale.com\/#\/schema\/logo\/image\/"}}]}},"_links":{"self":[{"href":"https:\/\/glassbottlewholesale.com\/pt\/wp-json\/wp\/v2\/product\/466","targetHints":{"allow":["GET"]}}],"collection":[{"href":"https:\/\/glassbottlewholesale.com\/pt\/wp-json\/wp\/v2\/product"}],"about":[{"href":"https:\/\/glassbottlewholesale.com\/pt\/wp-json\/wp\/v2\/types\/product"}],"replies":[{"embeddable":true,"href":"https:\/\/glassbottlewholesale.com\/pt\/wp-json\/wp\/v2\/comments?post=466"}],"wp:featuredmedia":[{"embeddable":true,"href":"https:\/\/glassbottlewholesale.com\/pt\/wp-json\/wp\/v2\/media\/4747"}],"wp:attachment":[{"href":"https:\/\/glassbottlewholesale.com\/pt\/wp-json\/wp\/v2\/media?parent=466"}],"wp:term":[{"taxonomy":"product_brand","embeddable":true,"href":"https:\/\/glassbottlewholesale.com\/pt\/wp-json\/wp\/v2\/product_brand?post=466"},{"taxonomy":"product_cat","embeddable":true,"href":"https:\/\/glassbottlewholesale.com\/pt\/wp-json\/wp\/v2\/product_cat?post=466"},{"taxonomy":"product_tag","embeddable":true,"href":"https:\/\/glassbottlewholesale.com\/pt\/wp-json\/wp\/v2\/product_tag?post=466"}],"curies":[{"name":"wp","href":"https:\/\/api.w.org\/{rel}","templated":true}]}}