{"id":489,"date":"2019-10-15T12:33:51","date_gmt":"2019-10-15T12:33:51","guid":{"rendered":"https:\/\/queenchingglass.com\/?post_type=product&#038;p=489"},"modified":"2025-07-10T00:46:52","modified_gmt":"2025-07-10T00:46:52","slug":"1500ml-alcohol-glass-bottles-with-lids","status":"publish","type":"product","link":"https:\/\/glassbottlewholesale.com\/pt\/1500ml-alcohol-glass-bottles-with-lids\/","title":{"rendered":"RS105: Garrafas de vidro de \u00e1lcool de 1500ml com tampa"},"content":{"rendered":"<div class=\"wpb-content-wrapper\"><div class=\"vc_row wpb_row vc_row-fluid\"><div class=\"wpb_column vc_column_container vc_col-sm-12\"><div class=\"vc_column-inner\"><div class=\"wpb_wrapper\">\n\t<div class=\"wpb_text_column wpb_content_element\" >\n\t\t<div class=\"wpb_wrapper\">\n\t\t\t<p>Ruisheng, a professional glass bottle manufacturer in China, bulk glass bottles with lids for alcohol. The factory is focus on high-quality glass bottle manufacturing since 2009. Our this corked glass bottles often used as glass alcohol bottle, Whiskey bottle, Brandy Bottle, Vodka Bottle, Rum Bottle, Gin Bottle, and other spirit bottles for wineries, shopping malls, supermarkets, glass bottle wholesalers and distributors, etc.<\/p>\n<p>As a glass bottle supplier, Ruisheng adopts super flint glass material to manufacturing glass bottle with stopper, which makes the glass bottle is more clear, transparent, and smooth. Ruisheng offers 3 types of lids to choose: Cork , Screw Cap, Guala Cap. Meanwhile,\u00a0 we provide custom glass bottle service: glass bottle template, Color, Capacity, Logo, and Others. Here are some details about Our glass bottle wholesale:<\/p>\n<p>About 1500ml\u00a0Alcohol Bottles Wholesale<\/p>\n<ul>\n<li><strong>Name:\u00a0<\/strong>\u00a01500ml Alcohol Glass Bottles<\/li>\n<li><strong>Marca:<\/strong>\u00a0RS<\/li>\n<li><strong>Cor:<\/strong>\u00a0Clear<\/li>\n<li><strong>Material:<\/strong>\u00a0Material branco cristalino, material extremamente branco<\/li>\n<li><strong>Quantidade m\u00ednima:<\/strong>\u00a010.000 unidades<\/li>\n<li><strong>Recurso:<\/strong>\u00a0Alta qualidade, mais transparente, inquebr\u00e1vel, recicl\u00e1vel<\/li>\n<li><strong>Standard:<\/strong>\u00a0ISO9001:2008, ISO14001:2004, FDA<\/li>\n<li><strong>Packing Method:<\/strong>\u00a0Standard Export Packing or Customized Packing<\/li>\n<li><strong>Payment Term:<\/strong>\u00a0T\/T, L\/C, Western Union, Paypal.<\/li>\n<li><strong>Delivery Time:<\/strong>\u00a0Within 20-30 days according to your required size &amp; quantity.<\/li>\n<li><strong>Offer free samples if we have<\/strong><\/li>\n<\/ul>\n<p>After nearly 10 years of development, now Ruisheng is a large international company with an area of more than 300,000 acres and a daily production capacity of more than 120,000pcs bottles. Our glass bottles with corks are exported to the USA, UK, France, Egypt,\u00a0UAE, Argentina, South America\uff0cand other counties.<\/p>\n<p>If you are interested in bulk glass bottles with lids, please be free to contact us. We will reply to you within 24 hours. You also can <a href=\"https:\/\/glassbottlewholesale.com\/pt\/contact\/\">deixar uma mensagem<\/a> to us, we will contact you asap.<\/p>\n\n\t\t<\/div>\n\t<\/div>\n<\/div><\/div><\/div><\/div>\n<\/div>","protected":false},"excerpt":{"rendered":"<table class=\"tg\">\n<tbody>\n<tr>\n<th class=\"tg-24i8\" colspan=\"2\">1500ml Alcohol Glass Bottles With Lids<\/th>\n<\/tr>\n<tr>\n<td class=\"tg-b7b8\">Refer\u00eancia:<\/td>\n<td class=\"tg-b7b8\">RS105<\/td>\n<\/tr>\n<tr>\n<td class=\"tg-yw4l\">Material Principal:<\/td>\n<td class=\"tg-yw4l\">High flint glass (,this material is also called crystal white glass )<\/td>\n<\/tr>\n<tr>\n<td class=\"tg-b7b8\">Bon\u00e9:<\/td>\n<td class=\"tg-b7b8\">Cork , Screw Cap, Guala Cap.<\/td>\n<\/tr>\n<tr>\n<td class=\"tg-yw4l\">Capacidade:<\/td>\n<td class=\"tg-yw4l\">1500ML<\/td>\n<\/tr>\n<tr>\n<td class=\"tg-b7b8\">Recurso:<\/td>\n<td class=\"tg-b7b8\">Ecol\u00f3gico<\/td>\n<\/tr>\n<tr>\n<td class=\"tg-yw4l\">Quantidade m\u00ednima:<\/td>\n<td class=\"tg-yw4l\">10.000 unidades<\/td>\n<\/tr>\n<tr>\n<td class=\"tg-b7b8\">Maneira de embalagem:<\/td>\n<td class=\"tg-b7b8\">Caixa padr\u00e3o de exporta\u00e7\u00e3o\/palete\/caixa padr\u00e3o de exporta\u00e7\u00e3o e palete<\/td>\n<\/tr>\n<tr>\n<td class=\"tg-yw4l\">OEM\/ODM:<\/td>\n<td class=\"tg-yw4l\">Bem-vindo<\/td>\n<\/tr>\n<tr>\n<td class=\"tg-b7b8\">Origem do lugar:<\/td>\n<td class=\"tg-b7b8\">Shandong,China<\/td>\n<\/tr>\n<tr>\n<td class=\"tg-yw4l\">Unidades\/Ctn:<\/td>\n<td class=\"tg-yw4l\">24pcs ou de acordo com as demandas do cliente<\/td>\n<\/tr>\n<\/tbody>\n<\/table>","protected":false},"featured_media":490,"comment_status":"open","ping_status":"closed","template":"","meta":[],"product_brand":[],"product_cat":[54,63],"product_tag":[],"class_list":{"0":"post-489","1":"product","2":"type-product","3":"status-publish","4":"has-post-thumbnail","6":"product_cat-1500ml-glass-bottle","7":"product_cat-liquor-bottle","8":"entry","9":"has-media","11":"first","12":"instock","13":"shipping-taxable","14":"product-type-simple"},"yoast_head":"<!-- This site is optimized with the Yoast SEO plugin v27.3 - https:\/\/yoast.com\/product\/yoast-seo-wordpress\/ -->\n<title>Bulk Glass Bottles With Lids | 1500ml Alcohol Bottles Wholesale-RS<\/title>\n<meta name=\"description\" content=\"Bulk Glass Bottles with Lids in Wholesale Price! High Quality 1500ml Alcohol Glass Bottles With Free Sample&amp;5 Years Warranty.\" \/>\n<meta name=\"robots\" content=\"index, follow, max-snippet:-1, max-image-preview:large, max-video-preview:-1\" \/>\n<link rel=\"canonical\" href=\"https:\/\/ruishengglassco.com\/product\/rs105-1500ml-alcohol-glass-bottles-with-lids\" \/>\n<meta property=\"og:locale\" content=\"pt_PT\" \/>\n<meta property=\"og:type\" content=\"article\" \/>\n<meta property=\"og:title\" content=\"Bulk Glass Bottles With Lids | 1500ml Alcohol Bottles Wholesale-RS\" \/>\n<meta property=\"og:description\" content=\"Bulk Glass Bottles with Lids in Wholesale Price! High Quality 1500ml Alcohol Glass Bottles With Free Sample&amp;5 Years Warranty.\" \/>\n<meta property=\"og:url\" content=\"https:\/\/ruishengglassco.com\/product\/rs105-1500ml-alcohol-glass-bottles-with-lids\" \/>\n<meta property=\"og:site_name\" content=\"Glass Bottle Wholesale\" \/>\n<meta property=\"article:modified_time\" content=\"2025-07-10T00:46:52+00:00\" \/>\n<meta property=\"og:image\" content=\"https:\/\/glassbottlewholesale.com\/wp-content\/uploads\/2019\/10\/\u767d\u915213.jpg\" \/>\n\t<meta property=\"og:image:width\" content=\"640\" \/>\n\t<meta property=\"og:image:height\" content=\"640\" \/>\n\t<meta property=\"og:image:type\" content=\"image\/jpeg\" \/>\n<meta name=\"twitter:card\" content=\"summary_large_image\" \/>\n<meta name=\"twitter:label1\" content=\"Tempo estimado de leitura\" \/>\n\t<meta name=\"twitter:data1\" content=\"2 minutos\" \/>\n<script type=\"application\/ld+json\" class=\"yoast-schema-graph\">{\"@context\":\"https:\\\/\\\/schema.org\",\"@graph\":[{\"@type\":\"WebPage\",\"@id\":\"https:\\\/\\\/glassbottlewholesale.com\\\/1500ml-alcohol-glass-bottles-with-lids\\\/\",\"url\":\"https:\\\/\\\/ruishengglassco.com\\\/product\\\/rs105-1500ml-alcohol-glass-bottles-with-lids\",\"name\":\"Bulk Glass Bottles With Lids | 1500ml Alcohol Bottles Wholesale-RS\",\"isPartOf\":{\"@id\":\"https:\\\/\\\/glassbottlewholesale.com\\\/#website\"},\"primaryImageOfPage\":{\"@id\":\"https:\\\/\\\/ruishengglassco.com\\\/product\\\/rs105-1500ml-alcohol-glass-bottles-with-lids#primaryimage\"},\"image\":{\"@id\":\"https:\\\/\\\/ruishengglassco.com\\\/product\\\/rs105-1500ml-alcohol-glass-bottles-with-lids#primaryimage\"},\"thumbnailUrl\":\"https:\\\/\\\/glassbottlewholesale.com\\\/wp-content\\\/uploads\\\/2019\\\/10\\\/\u767d\u915213.jpg\",\"datePublished\":\"2019-10-15T12:33:51+00:00\",\"dateModified\":\"2025-07-10T00:46:52+00:00\",\"description\":\"Bulk Glass Bottles with Lids in Wholesale Price! High Quality 1500ml Alcohol Glass Bottles With Free Sample&5 Years Warranty.\",\"breadcrumb\":{\"@id\":\"https:\\\/\\\/ruishengglassco.com\\\/product\\\/rs105-1500ml-alcohol-glass-bottles-with-lids#breadcrumb\"},\"inLanguage\":\"pt-PT\",\"potentialAction\":[{\"@type\":\"ReadAction\",\"target\":[\"https:\\\/\\\/ruishengglassco.com\\\/product\\\/rs105-1500ml-alcohol-glass-bottles-with-lids\"]}]},{\"@type\":\"ImageObject\",\"inLanguage\":\"pt-PT\",\"@id\":\"https:\\\/\\\/ruishengglassco.com\\\/product\\\/rs105-1500ml-alcohol-glass-bottles-with-lids#primaryimage\",\"url\":\"https:\\\/\\\/glassbottlewholesale.com\\\/wp-content\\\/uploads\\\/2019\\\/10\\\/\u767d\u915213.jpg\",\"contentUrl\":\"https:\\\/\\\/glassbottlewholesale.com\\\/wp-content\\\/uploads\\\/2019\\\/10\\\/\u767d\u915213.jpg\",\"width\":640,\"height\":640,\"caption\":\"Bulk Glass Bottles With Lids\"},{\"@type\":\"BreadcrumbList\",\"@id\":\"https:\\\/\\\/ruishengglassco.com\\\/product\\\/rs105-1500ml-alcohol-glass-bottles-with-lids#breadcrumb\",\"itemListElement\":[{\"@type\":\"ListItem\",\"position\":1,\"name\":\"Home\",\"item\":\"https:\\\/\\\/glassbottlewholesale.com\\\/\"},{\"@type\":\"ListItem\",\"position\":2,\"name\":\"Products\",\"item\":\"https:\\\/\\\/glassbottlewholesale.com\\\/shop\\\/\"},{\"@type\":\"ListItem\",\"position\":3,\"name\":\"RS105: 1500ml Alcohol Glass Bottles With Lids\"}]},{\"@type\":\"WebSite\",\"@id\":\"https:\\\/\\\/glassbottlewholesale.com\\\/#website\",\"url\":\"https:\\\/\\\/glassbottlewholesale.com\\\/\",\"name\":\"Glass Bottle Wholesale\",\"description\":\"\",\"publisher\":{\"@id\":\"https:\\\/\\\/glassbottlewholesale.com\\\/#organization\"},\"potentialAction\":[{\"@type\":\"SearchAction\",\"target\":{\"@type\":\"EntryPoint\",\"urlTemplate\":\"https:\\\/\\\/glassbottlewholesale.com\\\/?s={search_term_string}\"},\"query-input\":{\"@type\":\"PropertyValueSpecification\",\"valueRequired\":true,\"valueName\":\"search_term_string\"}}],\"inLanguage\":\"pt-PT\"},{\"@type\":\"Organization\",\"@id\":\"https:\\\/\\\/glassbottlewholesale.com\\\/#organization\",\"name\":\"Glass Bottle Wholesale\",\"url\":\"https:\\\/\\\/glassbottlewholesale.com\\\/\",\"logo\":{\"@type\":\"ImageObject\",\"inLanguage\":\"pt-PT\",\"@id\":\"https:\\\/\\\/glassbottlewholesale.com\\\/#\\\/schema\\\/logo\\\/image\\\/\",\"url\":\"https:\\\/\\\/glassbottlewholesale.com\\\/wp-content\\\/uploads\\\/2023\\\/12\\\/ruisheng-logo.webp\",\"contentUrl\":\"https:\\\/\\\/glassbottlewholesale.com\\\/wp-content\\\/uploads\\\/2023\\\/12\\\/ruisheng-logo.webp\",\"width\":400,\"height\":233,\"caption\":\"Glass Bottle Wholesale\"},\"image\":{\"@id\":\"https:\\\/\\\/glassbottlewholesale.com\\\/#\\\/schema\\\/logo\\\/image\\\/\"}}]}<\/script>\n<!-- \/ Yoast SEO plugin. -->","yoast_head_json":{"title":"Bulk Glass Bottles With Lids | 1500ml Alcohol Bottles Wholesale-RS","description":"Bulk Glass Bottles with Lids in Wholesale Price! High Quality 1500ml Alcohol Glass Bottles With Free Sample&5 Years Warranty.","robots":{"index":"index","follow":"follow","max-snippet":"max-snippet:-1","max-image-preview":"max-image-preview:large","max-video-preview":"max-video-preview:-1"},"canonical":"https:\/\/ruishengglassco.com\/product\/rs105-1500ml-alcohol-glass-bottles-with-lids","og_locale":"pt_PT","og_type":"article","og_title":"Bulk Glass Bottles With Lids | 1500ml Alcohol Bottles Wholesale-RS","og_description":"Bulk Glass Bottles with Lids in Wholesale Price! High Quality 1500ml Alcohol Glass Bottles With Free Sample&5 Years Warranty.","og_url":"https:\/\/ruishengglassco.com\/product\/rs105-1500ml-alcohol-glass-bottles-with-lids","og_site_name":"Glass Bottle Wholesale","article_modified_time":"2025-07-10T00:46:52+00:00","og_image":[{"width":640,"height":640,"url":"https:\/\/glassbottlewholesale.com\/wp-content\/uploads\/2019\/10\/\u767d\u915213.jpg","type":"image\/jpeg"}],"twitter_card":"summary_large_image","twitter_misc":{"Tempo estimado de leitura":"2 minutos"},"schema":{"@context":"https:\/\/schema.org","@graph":[{"@type":"WebPage","@id":"https:\/\/glassbottlewholesale.com\/1500ml-alcohol-glass-bottles-with-lids\/","url":"https:\/\/ruishengglassco.com\/product\/rs105-1500ml-alcohol-glass-bottles-with-lids","name":"Bulk Glass Bottles With Lids | 1500ml Alcohol Bottles Wholesale-RS","isPartOf":{"@id":"https:\/\/glassbottlewholesale.com\/#website"},"primaryImageOfPage":{"@id":"https:\/\/ruishengglassco.com\/product\/rs105-1500ml-alcohol-glass-bottles-with-lids#primaryimage"},"image":{"@id":"https:\/\/ruishengglassco.com\/product\/rs105-1500ml-alcohol-glass-bottles-with-lids#primaryimage"},"thumbnailUrl":"https:\/\/glassbottlewholesale.com\/wp-content\/uploads\/2019\/10\/\u767d\u915213.jpg","datePublished":"2019-10-15T12:33:51+00:00","dateModified":"2025-07-10T00:46:52+00:00","description":"Bulk Glass Bottles with Lids in Wholesale Price! High Quality 1500ml Alcohol Glass Bottles With Free Sample&5 Years Warranty.","breadcrumb":{"@id":"https:\/\/ruishengglassco.com\/product\/rs105-1500ml-alcohol-glass-bottles-with-lids#breadcrumb"},"inLanguage":"pt-PT","potentialAction":[{"@type":"ReadAction","target":["https:\/\/ruishengglassco.com\/product\/rs105-1500ml-alcohol-glass-bottles-with-lids"]}]},{"@type":"ImageObject","inLanguage":"pt-PT","@id":"https:\/\/ruishengglassco.com\/product\/rs105-1500ml-alcohol-glass-bottles-with-lids#primaryimage","url":"https:\/\/glassbottlewholesale.com\/wp-content\/uploads\/2019\/10\/\u767d\u915213.jpg","contentUrl":"https:\/\/glassbottlewholesale.com\/wp-content\/uploads\/2019\/10\/\u767d\u915213.jpg","width":640,"height":640,"caption":"Bulk Glass Bottles With Lids"},{"@type":"BreadcrumbList","@id":"https:\/\/ruishengglassco.com\/product\/rs105-1500ml-alcohol-glass-bottles-with-lids#breadcrumb","itemListElement":[{"@type":"ListItem","position":1,"name":"Home","item":"https:\/\/glassbottlewholesale.com\/"},{"@type":"ListItem","position":2,"name":"Products","item":"https:\/\/glassbottlewholesale.com\/shop\/"},{"@type":"ListItem","position":3,"name":"RS105: 1500ml Alcohol Glass Bottles With Lids"}]},{"@type":"WebSite","@id":"https:\/\/glassbottlewholesale.com\/#website","url":"https:\/\/glassbottlewholesale.com\/","name":"Glass Bottle Wholesale","description":"","publisher":{"@id":"https:\/\/glassbottlewholesale.com\/#organization"},"potentialAction":[{"@type":"SearchAction","target":{"@type":"EntryPoint","urlTemplate":"https:\/\/glassbottlewholesale.com\/?s={search_term_string}"},"query-input":{"@type":"PropertyValueSpecification","valueRequired":true,"valueName":"search_term_string"}}],"inLanguage":"pt-PT"},{"@type":"Organization","@id":"https:\/\/glassbottlewholesale.com\/#organization","name":"Glass Bottle Wholesale","url":"https:\/\/glassbottlewholesale.com\/","logo":{"@type":"ImageObject","inLanguage":"pt-PT","@id":"https:\/\/glassbottlewholesale.com\/#\/schema\/logo\/image\/","url":"https:\/\/glassbottlewholesale.com\/wp-content\/uploads\/2023\/12\/ruisheng-logo.webp","contentUrl":"https:\/\/glassbottlewholesale.com\/wp-content\/uploads\/2023\/12\/ruisheng-logo.webp","width":400,"height":233,"caption":"Glass Bottle Wholesale"},"image":{"@id":"https:\/\/glassbottlewholesale.com\/#\/schema\/logo\/image\/"}}]}},"_links":{"self":[{"href":"https:\/\/glassbottlewholesale.com\/pt\/wp-json\/wp\/v2\/product\/489","targetHints":{"allow":["GET"]}}],"collection":[{"href":"https:\/\/glassbottlewholesale.com\/pt\/wp-json\/wp\/v2\/product"}],"about":[{"href":"https:\/\/glassbottlewholesale.com\/pt\/wp-json\/wp\/v2\/types\/product"}],"replies":[{"embeddable":true,"href":"https:\/\/glassbottlewholesale.com\/pt\/wp-json\/wp\/v2\/comments?post=489"}],"wp:featuredmedia":[{"embeddable":true,"href":"https:\/\/glassbottlewholesale.com\/pt\/wp-json\/wp\/v2\/media\/490"}],"wp:attachment":[{"href":"https:\/\/glassbottlewholesale.com\/pt\/wp-json\/wp\/v2\/media?parent=489"}],"wp:term":[{"taxonomy":"product_brand","embeddable":true,"href":"https:\/\/glassbottlewholesale.com\/pt\/wp-json\/wp\/v2\/product_brand?post=489"},{"taxonomy":"product_cat","embeddable":true,"href":"https:\/\/glassbottlewholesale.com\/pt\/wp-json\/wp\/v2\/product_cat?post=489"},{"taxonomy":"product_tag","embeddable":true,"href":"https:\/\/glassbottlewholesale.com\/pt\/wp-json\/wp\/v2\/product_tag?post=489"}],"curies":[{"name":"wp","href":"https:\/\/api.w.org\/{rel}","templated":true}]}}