{"id":493,"date":"2019-10-15T12:36:13","date_gmt":"2019-10-15T12:36:13","guid":{"rendered":"https:\/\/queenchingglass.com\/?post_type=product&#038;p=493"},"modified":"2025-07-10T01:33:49","modified_gmt":"2025-07-10T01:33:49","slug":"garrafa-de-licor-redonda-de-50ml-a-granel","status":"publish","type":"product","link":"https:\/\/glassbottlewholesale.com\/pt\/garrafa-de-licor-redonda-de-50ml-a-granel\/","title":{"rendered":"RS103: Garrafa redonda de licor de 50ml a granel"},"content":{"rendered":"<div class=\"wpb-content-wrapper\"><div class=\"vc_row wpb_row vc_row-fluid\"><div class=\"wpb_column vc_column_container vc_col-sm-12\"><div class=\"vc_column-inner\"><div class=\"wpb_wrapper\">\n\t<div class=\"wpb_text_column wpb_content_element\" >\n\t\t<div class=\"wpb_wrapper\">\n\t\t\t<p>Voc\u00ea est\u00e1 procurando garrafas de vidro redondas no atacado para sua marca de bebidas? Estas garrafas de licor de 50ml s\u00e3o garrafas de vidro de s\u00edlex. Podemos pintar esta garrafa de vidro de qualquer cor se precisar, como verde, preto, dourado e assim por diante. H\u00e1 uma zona redonda nas garrafas de licor de vidro, podemos colocar o seu logotipo ali, n\u00e3o importa o logotipo de papel, mas tamb\u00e9m o logotipo de pl\u00e1stico, logotipo de metal, entre outros.<\/p>\n<p>Nossas garrafas de vidro redondas de 50ml no atacado s\u00e3o feitas de m\u00e1quinas avan\u00e7adas - m\u00e1quinas totalmente autom\u00e1ticas 8S. Existem 4 linhas de produ\u00e7\u00e3o por m\u00e1quina e temos 2 m\u00e1quinas totalmente autom\u00e1ticas 8S e 1 m\u00e1quina semiautom\u00e1tica 6S. Portanto, existem 12 linhas de produ\u00e7\u00e3o em nossa f\u00e1brica e nossa produ\u00e7\u00e3o \u00e9 de 120.000 garrafas por dia. N\u00e3o importa se seu pedido \u00e9 pequeno ou grande, tamb\u00e9m podemos finaliz\u00e1-lo e envi\u00e1-lo para voc\u00ea dentro do prazo.<\/p>\n<p>&nbsp;<\/p>\n<h4>As informa\u00e7\u00f5es das garrafas de vidro redondas no atacado conforme abaixo:<\/h4>\n<ul>\n<li>Material principal: vidro branco cristalino, vidro<\/li>\n<li>Tampa: tampa de rosca<\/li>\n<li>Refer\u00eancia: RS103<\/li>\n<li>Quantidade m\u00ednima: 10000 PCS<\/li>\n<li><span class=\"attr-name J-attr-name\" title=\"Capacidade\">Capacidade<\/span>: 50ml\/ 100ml\/375ml\/500ml\/700ml\/750ml\/Personalizado<\/li>\n<li>Pe\u00e7as\/Ctn: 24 pe\u00e7as<\/li>\n<li>Origem do lugar: Shandong, China<\/li>\n<li>Mat\u00e9ria: Ecol\u00f3gico<\/li>\n<\/ul>\n<p>Se voc\u00ea estiver satisfeito com este volume de garrafas de licor de 50ml, entre em contato comigo a tempo. Se n\u00e3o gostar, pode dar uma olhada em nossas outras garrafas. Ou te dou o cat\u00e1logo, voc\u00ea pode escolher o que quiser. Se voc\u00ea estiver interessado em nossas garrafas herm\u00e9ticas de \u00e1lcool, por favor <a href=\"https:\/\/ruishengglassco.com\/contact\">Contate-nos<\/a>. Responderemos dentro de 24 horas.<\/p>\n\n\t\t<\/div>\n\t<\/div>\n<\/div><\/div><\/div><\/div>\n<\/div>","protected":false},"excerpt":{"rendered":"<div class=\"col col-sm-6 col-xs-12\">\n<div id=\"slider-4570-product-image-carosel\" class=\"rt-carousel carousel-holder clearfix product-image-carosel rt-image-carousel\" data-item-width=\"1\" data-nav=\"true\" data-dots=\"false\" data-margin=\"15\" data-autoplay=\"true\" data-timeout=\"7500\" data-loop=\"false\" data-tablet-item-width=\"\" data-mobile-item-width=\"1\">\n<div class=\"owl-carousel owl-loaded owl-drag\">\n<div class=\"owl-nav\">\n<div class=\"owl-next\">Garrafas de vidro redondas no atacado com rolhas do fabricante de garrafas de bebidas espirituosas da China. A cor do corpo transparente exibir\u00e1 claramente a qualidade do conte\u00fado da garrafa. Design de fundo de garrafa espessado, prop\u00edcio \u00e0 coloca\u00e7\u00e3o de garrafas. Esta garrafa de 50ml possui 3 tipos de rolhas para escolher: Screwcap, Rolhas e Guala Cap, que foram testadas rigorosamente quanto \u00e0 estanqueidade e podem preservar bem o sabor original do licor.<\/div>\n<\/div>\n<div>Se voc\u00ea estiver interessado em comprar garrafas de licor de 50ml a granel, sinta-se \u00e0 vontade para <a href=\"https:\/\/glassbottlewholesale.com\/pt\/contact\/\">Contate-nos<\/a>.<\/div>\n<\/div>\n<\/div>\n<\/div>","protected":false},"featured_media":2118,"comment_status":"open","ping_status":"closed","template":"","meta":[],"product_brand":[],"product_cat":[58,63],"product_tag":[],"class_list":{"0":"post-493","1":"product","2":"type-product","3":"status-publish","4":"has-post-thumbnail","6":"product_cat-50ml-glass-bottle","7":"product_cat-liquor-bottle","8":"entry","9":"has-media","11":"first","12":"instock","13":"shipping-taxable","14":"product-type-simple"},"yoast_head":"<!-- This site is optimized with the Yoast SEO plugin v27.3 - https:\/\/yoast.com\/product\/yoast-seo-wordpress\/ -->\n<title>Wholesale Round Glass Bottles With Stoppers | 50ml Liquor Bottles Bulk<\/title>\n<meta name=\"description\" content=\"Buy Wholesale Round Glass Bottles With Stoopers Factory Outlet&amp;Cheap Price. High Quality 50ml Liquor Bottles Bulk With Free Sample. Get Quote Now\" \/>\n<meta name=\"robots\" content=\"index, follow, max-snippet:-1, max-image-preview:large, max-video-preview:-1\" \/>\n<link rel=\"canonical\" href=\"https:\/\/ruishengglassco.com\/product\/rs10350ml-round-liquor-bottle-in-bulk\" \/>\n<meta property=\"og:locale\" content=\"pt_PT\" \/>\n<meta property=\"og:type\" content=\"article\" \/>\n<meta property=\"og:title\" content=\"Wholesale Round Glass Bottles With Stoppers | 50ml Liquor Bottles Bulk\" \/>\n<meta property=\"og:description\" content=\"Buy Wholesale Round Glass Bottles With Stoopers Factory Outlet&amp;Cheap Price. High Quality 50ml Liquor Bottles Bulk With Free Sample. Get Quote Now\" \/>\n<meta property=\"og:url\" content=\"https:\/\/ruishengglassco.com\/product\/rs10350ml-round-liquor-bottle-in-bulk\" \/>\n<meta property=\"og:site_name\" content=\"Glass Bottle Wholesale\" \/>\n<meta property=\"article:modified_time\" content=\"2025-07-10T01:33:49+00:00\" \/>\n<meta property=\"og:image\" content=\"https:\/\/glassbottlewholesale.com\/wp-content\/uploads\/2019\/10\/E7_99_BD_E9_85_9215l_5c3d7919f6320d1198244566270883d7.jpg\" \/>\n\t<meta property=\"og:image:width\" content=\"400\" \/>\n\t<meta property=\"og:image:height\" content=\"400\" \/>\n\t<meta property=\"og:image:type\" content=\"image\/jpeg\" \/>\n<meta name=\"twitter:card\" content=\"summary_large_image\" \/>\n<meta name=\"twitter:label1\" content=\"Tempo estimado de leitura\" \/>\n\t<meta name=\"twitter:data1\" content=\"2 minutos\" \/>\n<script type=\"application\/ld+json\" class=\"yoast-schema-graph\">{\"@context\":\"https:\\\/\\\/schema.org\",\"@graph\":[{\"@type\":\"WebPage\",\"@id\":\"https:\\\/\\\/glassbottlewholesale.com\\\/50ml-round-liquor-bottle-in-bulk\\\/\",\"url\":\"https:\\\/\\\/ruishengglassco.com\\\/product\\\/rs10350ml-round-liquor-bottle-in-bulk\",\"name\":\"Wholesale Round Glass Bottles With Stoppers | 50ml Liquor Bottles Bulk\",\"isPartOf\":{\"@id\":\"https:\\\/\\\/glassbottlewholesale.com\\\/#website\"},\"primaryImageOfPage\":{\"@id\":\"https:\\\/\\\/ruishengglassco.com\\\/product\\\/rs10350ml-round-liquor-bottle-in-bulk#primaryimage\"},\"image\":{\"@id\":\"https:\\\/\\\/ruishengglassco.com\\\/product\\\/rs10350ml-round-liquor-bottle-in-bulk#primaryimage\"},\"thumbnailUrl\":\"https:\\\/\\\/glassbottlewholesale.com\\\/wp-content\\\/uploads\\\/2019\\\/10\\\/E7_99_BD_E9_85_9215l_5c3d7919f6320d1198244566270883d7.jpg\",\"datePublished\":\"2019-10-15T12:36:13+00:00\",\"dateModified\":\"2025-07-10T01:33:49+00:00\",\"description\":\"Buy Wholesale Round Glass Bottles With Stoopers Factory Outlet&Cheap Price. High Quality 50ml Liquor Bottles Bulk With Free Sample. Get Quote Now\",\"breadcrumb\":{\"@id\":\"https:\\\/\\\/ruishengglassco.com\\\/product\\\/rs10350ml-round-liquor-bottle-in-bulk#breadcrumb\"},\"inLanguage\":\"pt-PT\",\"potentialAction\":[{\"@type\":\"ReadAction\",\"target\":[\"https:\\\/\\\/ruishengglassco.com\\\/product\\\/rs10350ml-round-liquor-bottle-in-bulk\"]}]},{\"@type\":\"ImageObject\",\"inLanguage\":\"pt-PT\",\"@id\":\"https:\\\/\\\/ruishengglassco.com\\\/product\\\/rs10350ml-round-liquor-bottle-in-bulk#primaryimage\",\"url\":\"https:\\\/\\\/glassbottlewholesale.com\\\/wp-content\\\/uploads\\\/2019\\\/10\\\/E7_99_BD_E9_85_9215l_5c3d7919f6320d1198244566270883d7.jpg\",\"contentUrl\":\"https:\\\/\\\/glassbottlewholesale.com\\\/wp-content\\\/uploads\\\/2019\\\/10\\\/E7_99_BD_E9_85_9215l_5c3d7919f6320d1198244566270883d7.jpg\",\"width\":400,\"height\":400,\"caption\":\"50ml Round Liquor Bottle In Bulk\"},{\"@type\":\"BreadcrumbList\",\"@id\":\"https:\\\/\\\/ruishengglassco.com\\\/product\\\/rs10350ml-round-liquor-bottle-in-bulk#breadcrumb\",\"itemListElement\":[{\"@type\":\"ListItem\",\"position\":1,\"name\":\"Home\",\"item\":\"https:\\\/\\\/glassbottlewholesale.com\\\/\"},{\"@type\":\"ListItem\",\"position\":2,\"name\":\"Products\",\"item\":\"https:\\\/\\\/glassbottlewholesale.com\\\/shop\\\/\"},{\"@type\":\"ListItem\",\"position\":3,\"name\":\"RS103:50ml Round Liquor Bottle In Bulk\"}]},{\"@type\":\"WebSite\",\"@id\":\"https:\\\/\\\/glassbottlewholesale.com\\\/#website\",\"url\":\"https:\\\/\\\/glassbottlewholesale.com\\\/\",\"name\":\"Glass Bottle Wholesale\",\"description\":\"\",\"publisher\":{\"@id\":\"https:\\\/\\\/glassbottlewholesale.com\\\/#organization\"},\"potentialAction\":[{\"@type\":\"SearchAction\",\"target\":{\"@type\":\"EntryPoint\",\"urlTemplate\":\"https:\\\/\\\/glassbottlewholesale.com\\\/?s={search_term_string}\"},\"query-input\":{\"@type\":\"PropertyValueSpecification\",\"valueRequired\":true,\"valueName\":\"search_term_string\"}}],\"inLanguage\":\"pt-PT\"},{\"@type\":\"Organization\",\"@id\":\"https:\\\/\\\/glassbottlewholesale.com\\\/#organization\",\"name\":\"Glass Bottle Wholesale\",\"url\":\"https:\\\/\\\/glassbottlewholesale.com\\\/\",\"logo\":{\"@type\":\"ImageObject\",\"inLanguage\":\"pt-PT\",\"@id\":\"https:\\\/\\\/glassbottlewholesale.com\\\/#\\\/schema\\\/logo\\\/image\\\/\",\"url\":\"https:\\\/\\\/glassbottlewholesale.com\\\/wp-content\\\/uploads\\\/2023\\\/12\\\/ruisheng-logo.webp\",\"contentUrl\":\"https:\\\/\\\/glassbottlewholesale.com\\\/wp-content\\\/uploads\\\/2023\\\/12\\\/ruisheng-logo.webp\",\"width\":400,\"height\":233,\"caption\":\"Glass Bottle Wholesale\"},\"image\":{\"@id\":\"https:\\\/\\\/glassbottlewholesale.com\\\/#\\\/schema\\\/logo\\\/image\\\/\"}}]}<\/script>\n<!-- \/ Yoast SEO plugin. -->","yoast_head_json":{"title":"Garrafas de vidro redondas por atacado com rolhas | Garrafas de licor 50ml a granel","description":"Compre garrafas de vidro redondas no atacado com Stoopers Factory Outlet e pre\u00e7o barato. Garrafas de licor de 50ml de alta qualidade a granel com amostra gr\u00e1tis. Obtenha um or\u00e7amento agora","robots":{"index":"index","follow":"follow","max-snippet":"max-snippet:-1","max-image-preview":"max-image-preview:large","max-video-preview":"max-video-preview:-1"},"canonical":"https:\/\/ruishengglassco.com\/product\/rs10350ml-round-liquor-bottle-in-bulk","og_locale":"pt_PT","og_type":"article","og_title":"Wholesale Round Glass Bottles With Stoppers | 50ml Liquor Bottles Bulk","og_description":"Buy Wholesale Round Glass Bottles With Stoopers Factory Outlet&Cheap Price. High Quality 50ml Liquor Bottles Bulk With Free Sample. Get Quote Now","og_url":"https:\/\/ruishengglassco.com\/product\/rs10350ml-round-liquor-bottle-in-bulk","og_site_name":"Glass Bottle Wholesale","article_modified_time":"2025-07-10T01:33:49+00:00","og_image":[{"width":400,"height":400,"url":"https:\/\/glassbottlewholesale.com\/wp-content\/uploads\/2019\/10\/E7_99_BD_E9_85_9215l_5c3d7919f6320d1198244566270883d7.jpg","type":"image\/jpeg"}],"twitter_card":"summary_large_image","twitter_misc":{"Tempo estimado de leitura":"2 minutos"},"schema":{"@context":"https:\/\/schema.org","@graph":[{"@type":"WebPage","@id":"https:\/\/glassbottlewholesale.com\/50ml-round-liquor-bottle-in-bulk\/","url":"https:\/\/ruishengglassco.com\/product\/rs10350ml-round-liquor-bottle-in-bulk","name":"Garrafas de vidro redondas por atacado com rolhas | Garrafas de licor 50ml a granel","isPartOf":{"@id":"https:\/\/glassbottlewholesale.com\/#website"},"primaryImageOfPage":{"@id":"https:\/\/ruishengglassco.com\/product\/rs10350ml-round-liquor-bottle-in-bulk#primaryimage"},"image":{"@id":"https:\/\/ruishengglassco.com\/product\/rs10350ml-round-liquor-bottle-in-bulk#primaryimage"},"thumbnailUrl":"https:\/\/glassbottlewholesale.com\/wp-content\/uploads\/2019\/10\/E7_99_BD_E9_85_9215l_5c3d7919f6320d1198244566270883d7.jpg","datePublished":"2019-10-15T12:36:13+00:00","dateModified":"2025-07-10T01:33:49+00:00","description":"Compre garrafas de vidro redondas no atacado com Stoopers Factory Outlet e pre\u00e7o barato. Garrafas de licor de 50ml de alta qualidade a granel com amostra gr\u00e1tis. Obtenha um or\u00e7amento agora","breadcrumb":{"@id":"https:\/\/ruishengglassco.com\/product\/rs10350ml-round-liquor-bottle-in-bulk#breadcrumb"},"inLanguage":"pt-PT","potentialAction":[{"@type":"ReadAction","target":["https:\/\/ruishengglassco.com\/product\/rs10350ml-round-liquor-bottle-in-bulk"]}]},{"@type":"ImageObject","inLanguage":"pt-PT","@id":"https:\/\/ruishengglassco.com\/product\/rs10350ml-round-liquor-bottle-in-bulk#primaryimage","url":"https:\/\/glassbottlewholesale.com\/wp-content\/uploads\/2019\/10\/E7_99_BD_E9_85_9215l_5c3d7919f6320d1198244566270883d7.jpg","contentUrl":"https:\/\/glassbottlewholesale.com\/wp-content\/uploads\/2019\/10\/E7_99_BD_E9_85_9215l_5c3d7919f6320d1198244566270883d7.jpg","width":400,"height":400,"caption":"50ml Round Liquor Bottle In Bulk"},{"@type":"BreadcrumbList","@id":"https:\/\/ruishengglassco.com\/product\/rs10350ml-round-liquor-bottle-in-bulk#breadcrumb","itemListElement":[{"@type":"ListItem","position":1,"name":"Home","item":"https:\/\/glassbottlewholesale.com\/"},{"@type":"ListItem","position":2,"name":"Products","item":"https:\/\/glassbottlewholesale.com\/shop\/"},{"@type":"ListItem","position":3,"name":"RS103:50ml Round Liquor Bottle In Bulk"}]},{"@type":"WebSite","@id":"https:\/\/glassbottlewholesale.com\/#website","url":"https:\/\/glassbottlewholesale.com\/","name":"Glass Bottle Wholesale","description":"","publisher":{"@id":"https:\/\/glassbottlewholesale.com\/#organization"},"potentialAction":[{"@type":"SearchAction","target":{"@type":"EntryPoint","urlTemplate":"https:\/\/glassbottlewholesale.com\/?s={search_term_string}"},"query-input":{"@type":"PropertyValueSpecification","valueRequired":true,"valueName":"search_term_string"}}],"inLanguage":"pt-PT"},{"@type":"Organization","@id":"https:\/\/glassbottlewholesale.com\/#organization","name":"Glass Bottle Wholesale","url":"https:\/\/glassbottlewholesale.com\/","logo":{"@type":"ImageObject","inLanguage":"pt-PT","@id":"https:\/\/glassbottlewholesale.com\/#\/schema\/logo\/image\/","url":"https:\/\/glassbottlewholesale.com\/wp-content\/uploads\/2023\/12\/ruisheng-logo.webp","contentUrl":"https:\/\/glassbottlewholesale.com\/wp-content\/uploads\/2023\/12\/ruisheng-logo.webp","width":400,"height":233,"caption":"Glass Bottle Wholesale"},"image":{"@id":"https:\/\/glassbottlewholesale.com\/#\/schema\/logo\/image\/"}}]}},"_links":{"self":[{"href":"https:\/\/glassbottlewholesale.com\/pt\/wp-json\/wp\/v2\/product\/493","targetHints":{"allow":["GET"]}}],"collection":[{"href":"https:\/\/glassbottlewholesale.com\/pt\/wp-json\/wp\/v2\/product"}],"about":[{"href":"https:\/\/glassbottlewholesale.com\/pt\/wp-json\/wp\/v2\/types\/product"}],"replies":[{"embeddable":true,"href":"https:\/\/glassbottlewholesale.com\/pt\/wp-json\/wp\/v2\/comments?post=493"}],"wp:featuredmedia":[{"embeddable":true,"href":"https:\/\/glassbottlewholesale.com\/pt\/wp-json\/wp\/v2\/media\/2118"}],"wp:attachment":[{"href":"https:\/\/glassbottlewholesale.com\/pt\/wp-json\/wp\/v2\/media?parent=493"}],"wp:term":[{"taxonomy":"product_brand","embeddable":true,"href":"https:\/\/glassbottlewholesale.com\/pt\/wp-json\/wp\/v2\/product_brand?post=493"},{"taxonomy":"product_cat","embeddable":true,"href":"https:\/\/glassbottlewholesale.com\/pt\/wp-json\/wp\/v2\/product_cat?post=493"},{"taxonomy":"product_tag","embeddable":true,"href":"https:\/\/glassbottlewholesale.com\/pt\/wp-json\/wp\/v2\/product_tag?post=493"}],"curies":[{"name":"wp","href":"https:\/\/api.w.org\/{rel}","templated":true}]}}