{"id":497,"date":"2019-10-15T12:38:52","date_gmt":"2019-10-15T12:38:52","guid":{"rendered":"https:\/\/queenchingglass.com\/?post_type=product&#038;p=497"},"modified":"2023-12-06T01:20:02","modified_gmt":"2023-12-06T01:20:02","slug":"buy-bulk-mini-glass-bottles","status":"publish","type":"product","link":"https:\/\/glassbottlewholesale.com\/pt\/buy-bulk-mini-glass-bottles\/","title":{"rendered":"RS102: Compre mini garrafas de licor a granel"},"content":{"rendered":"<p>Deseja comprar mini garrafas de vidro para licor a granel de um fabricante fi\u00e1vel de garrafas de licor na China? Ruisheng Glass Ltd. \u00e9 um dos maiores fabricantes de garrafas de licor na China. A nossa f\u00e1brica produz principalmente garrafas de vidro para bebidas espirituosas de grau superior e m\u00e9dio, tais como garrafas de vidro branco cristal e garrafas de vidro branco alto.<\/p>\n<p>Esta garrafa de vidro redonda transparente por atacado \u00e9 um dos principais volumes de garrafas de vidro em nossa f\u00e1brica. Podemos oferecer garrafas de vidro vazias de diferentes formas, como garrafas de vidro cil\u00edndricas, garrafas de vidro quadradas, garrafas de vidro de placa e garrafas de vidro de formato personalizado. E podemos fazer garrafas de vidro de licor de diferentes volumes, como 100ml, 125ml, 250ml, 375ml, 500ml. 700ml, 750ml, 1000ml, 1750ml, 3000ml e outras garrafas de vidro de volume personalizado.<\/p>\n<h4>Informa\u00e7\u00f5es sobre a compra de mini garrafas de licor a granel<\/h4>\n<ul>\n<li>Capacidade: 50ml<\/li>\n<li>Forma: Redondo<\/li>\n<li>Largura: 80 mm<\/li>\n<li>Comprimento: 190mm<\/li>\n<li>Tampa: Tampa de rosca<\/li>\n<li>Cor: Claro, Transparente<\/li>\n<li>Servi\u00e7os: OEM\/ODM<\/li>\n<\/ul>\n<p>Temos tr\u00eas maneiras de embalar as garrafas de vidro redondas transparentes por atacado, e tamb\u00e9m podemos embalar as garrafas de vidro de acordo com a demanda do cliente.<\/p>\n<p>A primeira forma de embalagem das garrafas de vidro \u00e9 a embalagem em cart\u00e3o. A caixa de papel\u00e3o \u00e9 uma caixa de papel\u00e3o padr\u00e3o para exporta\u00e7\u00e3o. Se quiser fazer a sua caixa de embalagem personalizada, tamb\u00e9m o podemos fazer por si.<\/p>\n<p>A segunda forma de embalagem de garrafas de vidro para bebidas espirituosas \u00e9 a embalagem em paletes. A palete n\u00e3o \u00e9 fumigada. E o tamanho da palete \u00e9 de 100 x 120 cm.<\/p>\n<p>A terceira forma de embalagem \u00e9 a embalagem em cart\u00e3o e em palete. A caixa de cart\u00e3o \u00e9 uma caixa de cart\u00e3o normal para exporta\u00e7\u00e3o ou uma caixa de cor personalizada, e a palete \u00e9 livre de fumiga\u00e7\u00e3o.<\/p>\n<p>Se estiver satisfeito com esta garrafa de vidro transparente, contacte-me atempadamente. Se n\u00e3o gostar, pode ver as nossas outras garrafas. Ou eu dou-lhe o cat\u00e1logo, pode escolher o que quiser. Se estiver interessado nas nossas garrafas herm\u00e9ticas de \u00e1lcool, contacte-nos. Responder-lhe-emos no prazo de 24 horas.<\/p>","protected":false},"excerpt":{"rendered":"<div class=\"col col-sm-6 col-xs-12\">\n<div id=\"slider-4582-product-image-carosel\" class=\"rt-carousel carousel-holder clearfix product-image-carosel rt-image-carousel\" data-item-width=\"1\" data-nav=\"true\" data-dots=\"false\" data-margin=\"15\" data-autoplay=\"true\" data-timeout=\"7500\" data-loop=\"false\" data-tablet-item-width=\"\" data-mobile-item-width=\"1\">\n<div class=\"owl-carousel owl-loaded owl-drag\">\n<div class=\"owl-nav\">\n<div class=\"owl-next disabled\">As garrafas de vidro transparente de 50 ml de grau superior s\u00e3o uma das principais garrafas de vidro de volume da nossa f\u00e1brica. Podemos oferecer garrafas de vidro vazias de diferentes formatos, como garrafas de vidro cil\u00edndricas, garrafas de vidro quadradas, garrafas de vidro de placa e garrafas de vidro de formato personalizado. E podemos fazer garrafas de vidro de licor de diferentes volumes, como 100ml, 125ml, 250ml, 375ml, 500ml. 700ml, 750ml, 1000ml, 1750ml, 3000ml e outras garrafas de vidro de volume personalizado.<\/div>\n<\/div>\n<\/div>\n<\/div>\n<\/div>","protected":false},"featured_media":2120,"comment_status":"open","ping_status":"closed","template":"","meta":[],"product_brand":[],"product_cat":[58,63],"product_tag":[],"class_list":{"0":"post-497","1":"product","2":"type-product","3":"status-publish","4":"has-post-thumbnail","6":"product_cat-50ml-glass-bottle","7":"product_cat-liquor-bottle","8":"entry","9":"has-media","11":"first","12":"instock","13":"shipping-taxable","14":"product-type-simple"},"yoast_head":"<!-- This site is optimized with the Yoast SEO plugin v27.3 - https:\/\/yoast.com\/product\/yoast-seo-wordpress\/ -->\n<title>Buy Bulk Mini Liquor Bottles | Clear Round Glass Bottle Wholesale<\/title>\n<meta name=\"description\" content=\"Buy Bulk Mini Liquor Bottles Bulk From China Spirit Bottle Manufacturer. Factory Outlet&amp;Cheap Clear Round Glass Bottle Wholesale. Get Quote Now.\" \/>\n<meta name=\"robots\" content=\"index, follow, max-snippet:-1, max-image-preview:large, max-video-preview:-1\" \/>\n<link rel=\"canonical\" href=\"https:\/\/ruishengglassco.com\/product\/rs102buy-bulk-mini-liquor-bottles\" \/>\n<meta property=\"og:locale\" content=\"pt_PT\" \/>\n<meta property=\"og:type\" content=\"article\" \/>\n<meta property=\"og:title\" content=\"Buy Bulk Mini Liquor Bottles | Clear Round Glass Bottle Wholesale\" \/>\n<meta property=\"og:description\" content=\"Buy Bulk Mini Liquor Bottles Bulk From China Spirit Bottle Manufacturer. Factory Outlet&amp;Cheap Clear Round Glass Bottle Wholesale. Get Quote Now.\" \/>\n<meta property=\"og:url\" content=\"https:\/\/ruishengglassco.com\/product\/rs102buy-bulk-mini-liquor-bottles\" \/>\n<meta property=\"og:site_name\" content=\"Glass Bottle Wholesale\" \/>\n<meta property=\"article:modified_time\" content=\"2023-12-06T01:20:02+00:00\" \/>\n<meta property=\"og:image\" content=\"https:\/\/glassbottlewholesale.com\/wp-content\/uploads\/2019\/10\/E7_99_BD_E9_85_9217_c79fbe74210dfca01a387fdec5bd86e5.jpg\" \/>\n\t<meta property=\"og:image:width\" content=\"640\" \/>\n\t<meta property=\"og:image:height\" content=\"640\" \/>\n\t<meta property=\"og:image:type\" content=\"image\/jpeg\" \/>\n<meta name=\"twitter:card\" content=\"summary_large_image\" \/>\n<meta name=\"twitter:label1\" content=\"Tempo estimado de leitura\" \/>\n\t<meta name=\"twitter:data1\" content=\"2 minutos\" \/>\n<script type=\"application\/ld+json\" class=\"yoast-schema-graph\">{\"@context\":\"https:\\\/\\\/schema.org\",\"@graph\":[{\"@type\":\"WebPage\",\"@id\":\"https:\\\/\\\/glassbottlewholesale.com\\\/buy-bulk-mini-glass-bottles\\\/\",\"url\":\"https:\\\/\\\/ruishengglassco.com\\\/product\\\/rs102buy-bulk-mini-liquor-bottles\",\"name\":\"Buy Bulk Mini Liquor Bottles | Clear Round Glass Bottle Wholesale\",\"isPartOf\":{\"@id\":\"https:\\\/\\\/glassbottlewholesale.com\\\/#website\"},\"primaryImageOfPage\":{\"@id\":\"https:\\\/\\\/ruishengglassco.com\\\/product\\\/rs102buy-bulk-mini-liquor-bottles#primaryimage\"},\"image\":{\"@id\":\"https:\\\/\\\/ruishengglassco.com\\\/product\\\/rs102buy-bulk-mini-liquor-bottles#primaryimage\"},\"thumbnailUrl\":\"https:\\\/\\\/glassbottlewholesale.com\\\/wp-content\\\/uploads\\\/2019\\\/10\\\/E7_99_BD_E9_85_9217_c79fbe74210dfca01a387fdec5bd86e5.jpg\",\"datePublished\":\"2019-10-15T12:38:52+00:00\",\"dateModified\":\"2023-12-06T01:20:02+00:00\",\"description\":\"Buy Bulk Mini Liquor Bottles Bulk From China Spirit Bottle Manufacturer. Factory Outlet&Cheap Clear Round Glass Bottle Wholesale. Get Quote Now.\",\"breadcrumb\":{\"@id\":\"https:\\\/\\\/ruishengglassco.com\\\/product\\\/rs102buy-bulk-mini-liquor-bottles#breadcrumb\"},\"inLanguage\":\"pt-PT\",\"potentialAction\":[{\"@type\":\"ReadAction\",\"target\":[\"https:\\\/\\\/ruishengglassco.com\\\/product\\\/rs102buy-bulk-mini-liquor-bottles\"]}]},{\"@type\":\"ImageObject\",\"inLanguage\":\"pt-PT\",\"@id\":\"https:\\\/\\\/ruishengglassco.com\\\/product\\\/rs102buy-bulk-mini-liquor-bottles#primaryimage\",\"url\":\"https:\\\/\\\/glassbottlewholesale.com\\\/wp-content\\\/uploads\\\/2019\\\/10\\\/E7_99_BD_E9_85_9217_c79fbe74210dfca01a387fdec5bd86e5.jpg\",\"contentUrl\":\"https:\\\/\\\/glassbottlewholesale.com\\\/wp-content\\\/uploads\\\/2019\\\/10\\\/E7_99_BD_E9_85_9217_c79fbe74210dfca01a387fdec5bd86e5.jpg\",\"width\":640,\"height\":640,\"caption\":\"Buy Bulk Mini Glass Bottles\"},{\"@type\":\"BreadcrumbList\",\"@id\":\"https:\\\/\\\/ruishengglassco.com\\\/product\\\/rs102buy-bulk-mini-liquor-bottles#breadcrumb\",\"itemListElement\":[{\"@type\":\"ListItem\",\"position\":1,\"name\":\"Home\",\"item\":\"https:\\\/\\\/glassbottlewholesale.com\\\/\"},{\"@type\":\"ListItem\",\"position\":2,\"name\":\"Products\",\"item\":\"https:\\\/\\\/glassbottlewholesale.com\\\/shop\\\/\"},{\"@type\":\"ListItem\",\"position\":3,\"name\":\"RS102:Buy Bulk Mini Liquor Bottles\"}]},{\"@type\":\"WebSite\",\"@id\":\"https:\\\/\\\/glassbottlewholesale.com\\\/#website\",\"url\":\"https:\\\/\\\/glassbottlewholesale.com\\\/\",\"name\":\"Glass Bottle Wholesale\",\"description\":\"\",\"publisher\":{\"@id\":\"https:\\\/\\\/glassbottlewholesale.com\\\/#organization\"},\"potentialAction\":[{\"@type\":\"SearchAction\",\"target\":{\"@type\":\"EntryPoint\",\"urlTemplate\":\"https:\\\/\\\/glassbottlewholesale.com\\\/?s={search_term_string}\"},\"query-input\":{\"@type\":\"PropertyValueSpecification\",\"valueRequired\":true,\"valueName\":\"search_term_string\"}}],\"inLanguage\":\"pt-PT\"},{\"@type\":\"Organization\",\"@id\":\"https:\\\/\\\/glassbottlewholesale.com\\\/#organization\",\"name\":\"Glass Bottle Wholesale\",\"url\":\"https:\\\/\\\/glassbottlewholesale.com\\\/\",\"logo\":{\"@type\":\"ImageObject\",\"inLanguage\":\"pt-PT\",\"@id\":\"https:\\\/\\\/glassbottlewholesale.com\\\/#\\\/schema\\\/logo\\\/image\\\/\",\"url\":\"https:\\\/\\\/glassbottlewholesale.com\\\/wp-content\\\/uploads\\\/2023\\\/12\\\/ruisheng-logo.webp\",\"contentUrl\":\"https:\\\/\\\/glassbottlewholesale.com\\\/wp-content\\\/uploads\\\/2023\\\/12\\\/ruisheng-logo.webp\",\"width\":400,\"height\":233,\"caption\":\"Glass Bottle Wholesale\"},\"image\":{\"@id\":\"https:\\\/\\\/glassbottlewholesale.com\\\/#\\\/schema\\\/logo\\\/image\\\/\"}}]}<\/script>\n<!-- \/ Yoast SEO plugin. -->","yoast_head_json":{"title":"Buy Bulk Mini Liquor Bottles | Clear Round Glass Bottle Wholesale","description":"Buy Bulk Mini Liquor Bottles Bulk From China Spirit Bottle Manufacturer. Factory Outlet&Cheap Clear Round Glass Bottle Wholesale. Get Quote Now.","robots":{"index":"index","follow":"follow","max-snippet":"max-snippet:-1","max-image-preview":"max-image-preview:large","max-video-preview":"max-video-preview:-1"},"canonical":"https:\/\/ruishengglassco.com\/product\/rs102buy-bulk-mini-liquor-bottles","og_locale":"pt_PT","og_type":"article","og_title":"Buy Bulk Mini Liquor Bottles | Clear Round Glass Bottle Wholesale","og_description":"Buy Bulk Mini Liquor Bottles Bulk From China Spirit Bottle Manufacturer. Factory Outlet&Cheap Clear Round Glass Bottle Wholesale. Get Quote Now.","og_url":"https:\/\/ruishengglassco.com\/product\/rs102buy-bulk-mini-liquor-bottles","og_site_name":"Glass Bottle Wholesale","article_modified_time":"2023-12-06T01:20:02+00:00","og_image":[{"width":640,"height":640,"url":"https:\/\/glassbottlewholesale.com\/wp-content\/uploads\/2019\/10\/E7_99_BD_E9_85_9217_c79fbe74210dfca01a387fdec5bd86e5.jpg","type":"image\/jpeg"}],"twitter_card":"summary_large_image","twitter_misc":{"Tempo estimado de leitura":"2 minutos"},"schema":{"@context":"https:\/\/schema.org","@graph":[{"@type":"WebPage","@id":"https:\/\/glassbottlewholesale.com\/buy-bulk-mini-glass-bottles\/","url":"https:\/\/ruishengglassco.com\/product\/rs102buy-bulk-mini-liquor-bottles","name":"Buy Bulk Mini Liquor Bottles | Clear Round Glass Bottle Wholesale","isPartOf":{"@id":"https:\/\/glassbottlewholesale.com\/#website"},"primaryImageOfPage":{"@id":"https:\/\/ruishengglassco.com\/product\/rs102buy-bulk-mini-liquor-bottles#primaryimage"},"image":{"@id":"https:\/\/ruishengglassco.com\/product\/rs102buy-bulk-mini-liquor-bottles#primaryimage"},"thumbnailUrl":"https:\/\/glassbottlewholesale.com\/wp-content\/uploads\/2019\/10\/E7_99_BD_E9_85_9217_c79fbe74210dfca01a387fdec5bd86e5.jpg","datePublished":"2019-10-15T12:38:52+00:00","dateModified":"2023-12-06T01:20:02+00:00","description":"Buy Bulk Mini Liquor Bottles Bulk From China Spirit Bottle Manufacturer. Factory Outlet&Cheap Clear Round Glass Bottle Wholesale. Get Quote Now.","breadcrumb":{"@id":"https:\/\/ruishengglassco.com\/product\/rs102buy-bulk-mini-liquor-bottles#breadcrumb"},"inLanguage":"pt-PT","potentialAction":[{"@type":"ReadAction","target":["https:\/\/ruishengglassco.com\/product\/rs102buy-bulk-mini-liquor-bottles"]}]},{"@type":"ImageObject","inLanguage":"pt-PT","@id":"https:\/\/ruishengglassco.com\/product\/rs102buy-bulk-mini-liquor-bottles#primaryimage","url":"https:\/\/glassbottlewholesale.com\/wp-content\/uploads\/2019\/10\/E7_99_BD_E9_85_9217_c79fbe74210dfca01a387fdec5bd86e5.jpg","contentUrl":"https:\/\/glassbottlewholesale.com\/wp-content\/uploads\/2019\/10\/E7_99_BD_E9_85_9217_c79fbe74210dfca01a387fdec5bd86e5.jpg","width":640,"height":640,"caption":"Buy Bulk Mini Glass Bottles"},{"@type":"BreadcrumbList","@id":"https:\/\/ruishengglassco.com\/product\/rs102buy-bulk-mini-liquor-bottles#breadcrumb","itemListElement":[{"@type":"ListItem","position":1,"name":"Home","item":"https:\/\/glassbottlewholesale.com\/"},{"@type":"ListItem","position":2,"name":"Products","item":"https:\/\/glassbottlewholesale.com\/shop\/"},{"@type":"ListItem","position":3,"name":"RS102:Buy Bulk Mini Liquor Bottles"}]},{"@type":"WebSite","@id":"https:\/\/glassbottlewholesale.com\/#website","url":"https:\/\/glassbottlewholesale.com\/","name":"Glass Bottle Wholesale","description":"","publisher":{"@id":"https:\/\/glassbottlewholesale.com\/#organization"},"potentialAction":[{"@type":"SearchAction","target":{"@type":"EntryPoint","urlTemplate":"https:\/\/glassbottlewholesale.com\/?s={search_term_string}"},"query-input":{"@type":"PropertyValueSpecification","valueRequired":true,"valueName":"search_term_string"}}],"inLanguage":"pt-PT"},{"@type":"Organization","@id":"https:\/\/glassbottlewholesale.com\/#organization","name":"Glass Bottle Wholesale","url":"https:\/\/glassbottlewholesale.com\/","logo":{"@type":"ImageObject","inLanguage":"pt-PT","@id":"https:\/\/glassbottlewholesale.com\/#\/schema\/logo\/image\/","url":"https:\/\/glassbottlewholesale.com\/wp-content\/uploads\/2023\/12\/ruisheng-logo.webp","contentUrl":"https:\/\/glassbottlewholesale.com\/wp-content\/uploads\/2023\/12\/ruisheng-logo.webp","width":400,"height":233,"caption":"Glass Bottle Wholesale"},"image":{"@id":"https:\/\/glassbottlewholesale.com\/#\/schema\/logo\/image\/"}}]}},"_links":{"self":[{"href":"https:\/\/glassbottlewholesale.com\/pt\/wp-json\/wp\/v2\/product\/497","targetHints":{"allow":["GET"]}}],"collection":[{"href":"https:\/\/glassbottlewholesale.com\/pt\/wp-json\/wp\/v2\/product"}],"about":[{"href":"https:\/\/glassbottlewholesale.com\/pt\/wp-json\/wp\/v2\/types\/product"}],"replies":[{"embeddable":true,"href":"https:\/\/glassbottlewholesale.com\/pt\/wp-json\/wp\/v2\/comments?post=497"}],"wp:featuredmedia":[{"embeddable":true,"href":"https:\/\/glassbottlewholesale.com\/pt\/wp-json\/wp\/v2\/media\/2120"}],"wp:attachment":[{"href":"https:\/\/glassbottlewholesale.com\/pt\/wp-json\/wp\/v2\/media?parent=497"}],"wp:term":[{"taxonomy":"product_brand","embeddable":true,"href":"https:\/\/glassbottlewholesale.com\/pt\/wp-json\/wp\/v2\/product_brand?post=497"},{"taxonomy":"product_cat","embeddable":true,"href":"https:\/\/glassbottlewholesale.com\/pt\/wp-json\/wp\/v2\/product_cat?post=497"},{"taxonomy":"product_tag","embeddable":true,"href":"https:\/\/glassbottlewholesale.com\/pt\/wp-json\/wp\/v2\/product_tag?post=497"}],"curies":[{"name":"wp","href":"https:\/\/api.w.org\/{rel}","templated":true}]}}