{"id":529,"date":"2019-10-15T13:06:08","date_gmt":"2019-10-15T13:06:08","guid":{"rendered":"https:\/\/queenchingglass.com\/?post_type=product&#038;p=529"},"modified":"2025-07-10T01:27:35","modified_gmt":"2025-07-10T01:27:35","slug":"250ml-empty-vodka-glass-bottle","status":"publish","type":"product","link":"https:\/\/glassbottlewholesale.com\/pt\/250ml-empty-vodka-glass-bottle\/","title":{"rendered":"RS091: Garrafa de vidro de vodka vazia de 250ml"},"content":{"rendered":"<div class=\"wpb-content-wrapper\"><div class=\"vc_row wpb_row vc_row-fluid\"><div class=\"wpb_column vc_column_container vc_col-sm-12\"><div class=\"vc_column-inner\"><div class=\"wpb_wrapper\">\n\t<div class=\"wpb_text_column wpb_content_element\" >\n\t\t<div class=\"wpb_wrapper\">\n\t\t\t<p>Esta garrafa de vidro de vodka vazia de 250ml \u00e9 uma das nossas garrafas de vidro transparente. A garrafa de vidro vazia \u00e9 acabada com corti\u00e7a. A sua forma elegante e redonda faz com que as garrafas de vodka vazias de 250 ml sejam uma boa escolha para uma bebida.<\/p>\n<p>Este\u00a0<a href=\"https:\/\/ruishengglassco.com\/250ml-liquor-glass-bottle-manufacturer\">mini garrafa de vidro com rolha<\/a> \u00e9 muito claro, \u00e9 f\u00e1cil ver o l\u00edquido que cont\u00e9m. Pode apreciar o l\u00edquido enquanto desfruta da vodka. Esta garrafa de licor por atacado \u00e9 muito dur\u00e1vel depois de beber o l\u00edquido, voc\u00ea pode usar esta garrafa de vidro para fazer uma decora\u00e7\u00e3o DIY.<\/p>\n<p>O nosso tipo de veda\u00e7\u00e3o para esta garrafa de vidro de vodka vazia de 250 ml \u00e9 a corti\u00e7a. Pode escolher a corti\u00e7a de alto pol\u00edmero, a corti\u00e7a de madeira, a corti\u00e7a complexa. Se precisar de corti\u00e7a de vidro para esta garrafa, tamb\u00e9m podemos oferecer-lha.<\/p>\n<h4>Detalhes de Garrafa de vidro vazia de vodka 250ml<\/h4>\n<p>A informa\u00e7\u00e3o das garrafas de vidro \u00e9 estridente:<\/p>\n<ul>\n<li>Material principal: Vidro de s\u00edlex alto<\/li>\n<li>Tampa: Corti\u00e7a<\/li>\n<li>Refer\u00eancia: RS091<\/li>\n<li>Quantidade m\u00ednima: 10000 PCS<\/li>\n<li>Capacidade: 250ml<\/li>\n<li>Forma de embalagem: Caixa de cart\u00e3o, palete, caixa de cart\u00e3o e palete<\/li>\n<li>Origem do lugar: Shandong, China<\/li>\n<li>Mat\u00e9ria: Ecol\u00f3gico<\/li>\n<\/ul>\n<p>Se voc\u00ea precisar de processamento profundo nesta garrafa de licor de vidro de 250 ml, informe-nos, voc\u00ea pode obter o que quiser, decalque, serigrafia, geada, pintura, etc. Podemos fazer esta garrafa pintando de verde, castanho e outra cor que desejar.<\/p>\n<p>Existem cerca de 500 funcion\u00e1rios e um grupo de QC qualificados, podemos garantir que todas as garrafas de bebidas espirituosas vazias ser\u00e3o enviadas para a f\u00e1brica depois de passar pela verifica\u00e7\u00e3o do QC. Nossas garrafas de licor por atacado s\u00e3o exportadas para muitos lugares e pa\u00edses, como Europa, Austr\u00e1lia, Am\u00e9rica, Nova Zel\u00e2ndia e assim por diante. Muitos clientes <span class=\"tran\" data-group=\"3_1\">dar<\/span>\u00a0<span class=\"tran\" data-group=\"4_2\">elevado<\/span>\u00a0<span class=\"tran\" data-group=\"5_3\">elogio das nossas garrafas de vidro para vinho.<\/span><\/p>\n<p>Se voc\u00ea est\u00e1 interessado em comprar garrafa de vidro de vodka 250ml por atacado a granel, entre em contato conosco. Faremos o nosso melhor para si, o que queremos fazer \u00e9 fornecer um servi\u00e7o \u00fanico a todos os amigos em todo o mundo.<\/p>\n\n\t\t<\/div>\n\t<\/div>\n<\/div><\/div><\/div><\/div>\n<\/div>","protected":false},"excerpt":{"rendered":"<table class=\"tg\">\n<tbody>\n<tr>\n<th class=\"tg-24i8\" colspan=\"2\">Garrafa de vidro vazia de vodka de 250 ml<\/th>\n<\/tr>\n<tr>\n<td class=\"tg-b7b8\">Material Principal:<\/td>\n<td class=\"tg-b7b8\">Vidro de s\u00edlex alto<\/td>\n<\/tr>\n<tr>\n<td class=\"tg-yw4l\">Bon\u00e9:<\/td>\n<td class=\"tg-yw4l\">Tampa de rosca<\/td>\n<\/tr>\n<tr>\n<td class=\"tg-b7b8\">Forma de embalagem<\/td>\n<td class=\"tg-b7b8\">Caixa de cart\u00e3o, palete, caixa de cart\u00e3o e palete<\/td>\n<\/tr>\n<tr>\n<td class=\"tg-yw4l\">Recurso:<\/td>\n<td class=\"tg-yw4l\">Ecol\u00f3gico<\/td>\n<\/tr>\n<tr>\n<td class=\"tg-b7b8\">Quantidade m\u00ednima:<\/td>\n<td class=\"tg-b7b8\">10.000 unidades<\/td>\n<\/tr>\n<tr>\n<td class=\"tg-yw4l\">Origem do lugar:<\/td>\n<td class=\"tg-yw4l\">Shandong,China<\/td>\n<\/tr>\n<tr>\n<td class=\"tg-b7b8\">Unidades\/Ctn:<\/td>\n<td class=\"tg-b7b8\">24 unidades<\/td>\n<\/tr>\n<tr>\n<td class=\"tg-yw4l\">Refer\u00eancia:<\/td>\n<td class=\"tg-yw4l\">RS091<\/td>\n<\/tr>\n<tr>\n<td class=\"tg-b7b8\">Maneira de envio:<\/td>\n<td class=\"tg-b7b8\">Navio,Expresso<\/td>\n<\/tr>\n<tr>\n<td class=\"tg-yw4l\">OEM\/ODM:<\/td>\n<td class=\"tg-yw4l\">Bem-vindo<\/td>\n<\/tr>\n<\/tbody>\n<\/table>","protected":false},"featured_media":2794,"comment_status":"open","ping_status":"closed","template":"","meta":[],"product_brand":[],"product_cat":[48,67],"product_tag":[],"class_list":{"0":"post-529","1":"product","2":"type-product","3":"status-publish","4":"has-post-thumbnail","6":"product_cat-250ml-glass-bottle","7":"product_cat-vodka-bottle","8":"entry","9":"has-media","11":"first","12":"instock","13":"shipping-taxable","14":"product-type-simple"},"yoast_head":"<!-- This site is optimized with the Yoast SEO plugin v27.3 - https:\/\/yoast.com\/product\/yoast-seo-wordpress\/ -->\n<title>Buy 250ml Empty Vodka Glass Bottles In Bulk Wholesale Price<\/title>\n<meta name=\"description\" content=\"Buy 250ml Empty Vodka Glass Bottle In Bulk Wholesale Price From China Liquor Bottle Mnaufacturing Factory. Elegant, Round Shape, And High Quality.\" \/>\n<meta name=\"robots\" content=\"index, follow, max-snippet:-1, max-image-preview:large, max-video-preview:-1\" \/>\n<link rel=\"canonical\" href=\"https:\/\/ruishengglassco.com\/product\/rs091-250ml-empty-vodka-glass-bottle\" \/>\n<meta property=\"og:locale\" content=\"pt_PT\" \/>\n<meta property=\"og:type\" content=\"article\" \/>\n<meta property=\"og:title\" content=\"Buy 250ml Empty Vodka Glass Bottles In Bulk Wholesale Price\" \/>\n<meta property=\"og:description\" content=\"Buy 250ml Empty Vodka Glass Bottle In Bulk Wholesale Price From China Liquor Bottle Mnaufacturing Factory. Elegant, Round Shape, And High Quality.\" \/>\n<meta property=\"og:url\" content=\"https:\/\/ruishengglassco.com\/product\/rs091-250ml-empty-vodka-glass-bottle\" \/>\n<meta property=\"og:site_name\" content=\"Glass Bottle Wholesale\" \/>\n<meta property=\"article:modified_time\" content=\"2025-07-10T01:27:35+00:00\" \/>\n<meta property=\"og:image\" content=\"https:\/\/glassbottlewholesale.com\/wp-content\/uploads\/2021\/05\/R75-glassbottle.jpg\" \/>\n\t<meta property=\"og:image:width\" content=\"800\" \/>\n\t<meta property=\"og:image:height\" content=\"800\" \/>\n\t<meta property=\"og:image:type\" content=\"image\/jpeg\" \/>\n<meta name=\"twitter:card\" content=\"summary_large_image\" \/>\n<meta name=\"twitter:label1\" content=\"Tempo estimado de leitura\" \/>\n\t<meta name=\"twitter:data1\" content=\"2 minutos\" \/>\n<script type=\"application\/ld+json\" class=\"yoast-schema-graph\">{\"@context\":\"https:\\\/\\\/schema.org\",\"@graph\":[{\"@type\":\"WebPage\",\"@id\":\"https:\\\/\\\/glassbottlewholesale.com\\\/250ml-empty-vodka-glass-bottle\\\/\",\"url\":\"https:\\\/\\\/ruishengglassco.com\\\/product\\\/rs091-250ml-empty-vodka-glass-bottle\",\"name\":\"Buy 250ml Empty Vodka Glass Bottles In Bulk Wholesale Price\",\"isPartOf\":{\"@id\":\"https:\\\/\\\/glassbottlewholesale.com\\\/#website\"},\"primaryImageOfPage\":{\"@id\":\"https:\\\/\\\/ruishengglassco.com\\\/product\\\/rs091-250ml-empty-vodka-glass-bottle#primaryimage\"},\"image\":{\"@id\":\"https:\\\/\\\/ruishengglassco.com\\\/product\\\/rs091-250ml-empty-vodka-glass-bottle#primaryimage\"},\"thumbnailUrl\":\"https:\\\/\\\/glassbottlewholesale.com\\\/wp-content\\\/uploads\\\/2021\\\/05\\\/R75-glassbottle.jpg\",\"datePublished\":\"2019-10-15T13:06:08+00:00\",\"dateModified\":\"2025-07-10T01:27:35+00:00\",\"description\":\"Buy 250ml Empty Vodka Glass Bottle In Bulk Wholesale Price From China Liquor Bottle Mnaufacturing Factory. Elegant, Round Shape, And High Quality.\",\"breadcrumb\":{\"@id\":\"https:\\\/\\\/ruishengglassco.com\\\/product\\\/rs091-250ml-empty-vodka-glass-bottle#breadcrumb\"},\"inLanguage\":\"pt-PT\",\"potentialAction\":[{\"@type\":\"ReadAction\",\"target\":[\"https:\\\/\\\/ruishengglassco.com\\\/product\\\/rs091-250ml-empty-vodka-glass-bottle\"]}]},{\"@type\":\"ImageObject\",\"inLanguage\":\"pt-PT\",\"@id\":\"https:\\\/\\\/ruishengglassco.com\\\/product\\\/rs091-250ml-empty-vodka-glass-bottle#primaryimage\",\"url\":\"https:\\\/\\\/glassbottlewholesale.com\\\/wp-content\\\/uploads\\\/2021\\\/05\\\/R75-glassbottle.jpg\",\"contentUrl\":\"https:\\\/\\\/glassbottlewholesale.com\\\/wp-content\\\/uploads\\\/2021\\\/05\\\/R75-glassbottle.jpg\",\"width\":800,\"height\":800,\"caption\":\"250ml Empty Vodka Glass Bottle\"},{\"@type\":\"BreadcrumbList\",\"@id\":\"https:\\\/\\\/ruishengglassco.com\\\/product\\\/rs091-250ml-empty-vodka-glass-bottle#breadcrumb\",\"itemListElement\":[{\"@type\":\"ListItem\",\"position\":1,\"name\":\"Home\",\"item\":\"https:\\\/\\\/glassbottlewholesale.com\\\/\"},{\"@type\":\"ListItem\",\"position\":2,\"name\":\"Products\",\"item\":\"https:\\\/\\\/glassbottlewholesale.com\\\/shop\\\/\"},{\"@type\":\"ListItem\",\"position\":3,\"name\":\"RS091: 250ml Empty Vodka Glass Bottle\"}]},{\"@type\":\"WebSite\",\"@id\":\"https:\\\/\\\/glassbottlewholesale.com\\\/#website\",\"url\":\"https:\\\/\\\/glassbottlewholesale.com\\\/\",\"name\":\"Glass Bottle Wholesale\",\"description\":\"\",\"publisher\":{\"@id\":\"https:\\\/\\\/glassbottlewholesale.com\\\/#organization\"},\"potentialAction\":[{\"@type\":\"SearchAction\",\"target\":{\"@type\":\"EntryPoint\",\"urlTemplate\":\"https:\\\/\\\/glassbottlewholesale.com\\\/?s={search_term_string}\"},\"query-input\":{\"@type\":\"PropertyValueSpecification\",\"valueRequired\":true,\"valueName\":\"search_term_string\"}}],\"inLanguage\":\"pt-PT\"},{\"@type\":\"Organization\",\"@id\":\"https:\\\/\\\/glassbottlewholesale.com\\\/#organization\",\"name\":\"Glass Bottle Wholesale\",\"url\":\"https:\\\/\\\/glassbottlewholesale.com\\\/\",\"logo\":{\"@type\":\"ImageObject\",\"inLanguage\":\"pt-PT\",\"@id\":\"https:\\\/\\\/glassbottlewholesale.com\\\/#\\\/schema\\\/logo\\\/image\\\/\",\"url\":\"https:\\\/\\\/glassbottlewholesale.com\\\/wp-content\\\/uploads\\\/2023\\\/12\\\/ruisheng-logo.webp\",\"contentUrl\":\"https:\\\/\\\/glassbottlewholesale.com\\\/wp-content\\\/uploads\\\/2023\\\/12\\\/ruisheng-logo.webp\",\"width\":400,\"height\":233,\"caption\":\"Glass Bottle Wholesale\"},\"image\":{\"@id\":\"https:\\\/\\\/glassbottlewholesale.com\\\/#\\\/schema\\\/logo\\\/image\\\/\"}}]}<\/script>\n<!-- \/ Yoast SEO plugin. -->","yoast_head_json":{"title":"Buy 250ml Empty Vodka Glass Bottles In Bulk Wholesale Price","description":"Buy 250ml Empty Vodka Glass Bottle In Bulk Wholesale Price From China Liquor Bottle Mnaufacturing Factory. Elegant, Round Shape, And High Quality.","robots":{"index":"index","follow":"follow","max-snippet":"max-snippet:-1","max-image-preview":"max-image-preview:large","max-video-preview":"max-video-preview:-1"},"canonical":"https:\/\/ruishengglassco.com\/product\/rs091-250ml-empty-vodka-glass-bottle","og_locale":"pt_PT","og_type":"article","og_title":"Buy 250ml Empty Vodka Glass Bottles In Bulk Wholesale Price","og_description":"Buy 250ml Empty Vodka Glass Bottle In Bulk Wholesale Price From China Liquor Bottle Mnaufacturing Factory. Elegant, Round Shape, And High Quality.","og_url":"https:\/\/ruishengglassco.com\/product\/rs091-250ml-empty-vodka-glass-bottle","og_site_name":"Glass Bottle Wholesale","article_modified_time":"2025-07-10T01:27:35+00:00","og_image":[{"width":800,"height":800,"url":"https:\/\/glassbottlewholesale.com\/wp-content\/uploads\/2021\/05\/R75-glassbottle.jpg","type":"image\/jpeg"}],"twitter_card":"summary_large_image","twitter_misc":{"Tempo estimado de leitura":"2 minutos"},"schema":{"@context":"https:\/\/schema.org","@graph":[{"@type":"WebPage","@id":"https:\/\/glassbottlewholesale.com\/250ml-empty-vodka-glass-bottle\/","url":"https:\/\/ruishengglassco.com\/product\/rs091-250ml-empty-vodka-glass-bottle","name":"Buy 250ml Empty Vodka Glass Bottles In Bulk Wholesale Price","isPartOf":{"@id":"https:\/\/glassbottlewholesale.com\/#website"},"primaryImageOfPage":{"@id":"https:\/\/ruishengglassco.com\/product\/rs091-250ml-empty-vodka-glass-bottle#primaryimage"},"image":{"@id":"https:\/\/ruishengglassco.com\/product\/rs091-250ml-empty-vodka-glass-bottle#primaryimage"},"thumbnailUrl":"https:\/\/glassbottlewholesale.com\/wp-content\/uploads\/2021\/05\/R75-glassbottle.jpg","datePublished":"2019-10-15T13:06:08+00:00","dateModified":"2025-07-10T01:27:35+00:00","description":"Buy 250ml Empty Vodka Glass Bottle In Bulk Wholesale Price From China Liquor Bottle Mnaufacturing Factory. Elegant, Round Shape, And High Quality.","breadcrumb":{"@id":"https:\/\/ruishengglassco.com\/product\/rs091-250ml-empty-vodka-glass-bottle#breadcrumb"},"inLanguage":"pt-PT","potentialAction":[{"@type":"ReadAction","target":["https:\/\/ruishengglassco.com\/product\/rs091-250ml-empty-vodka-glass-bottle"]}]},{"@type":"ImageObject","inLanguage":"pt-PT","@id":"https:\/\/ruishengglassco.com\/product\/rs091-250ml-empty-vodka-glass-bottle#primaryimage","url":"https:\/\/glassbottlewholesale.com\/wp-content\/uploads\/2021\/05\/R75-glassbottle.jpg","contentUrl":"https:\/\/glassbottlewholesale.com\/wp-content\/uploads\/2021\/05\/R75-glassbottle.jpg","width":800,"height":800,"caption":"250ml Empty Vodka Glass Bottle"},{"@type":"BreadcrumbList","@id":"https:\/\/ruishengglassco.com\/product\/rs091-250ml-empty-vodka-glass-bottle#breadcrumb","itemListElement":[{"@type":"ListItem","position":1,"name":"Home","item":"https:\/\/glassbottlewholesale.com\/"},{"@type":"ListItem","position":2,"name":"Products","item":"https:\/\/glassbottlewholesale.com\/shop\/"},{"@type":"ListItem","position":3,"name":"RS091: 250ml Empty Vodka Glass Bottle"}]},{"@type":"WebSite","@id":"https:\/\/glassbottlewholesale.com\/#website","url":"https:\/\/glassbottlewholesale.com\/","name":"Glass Bottle Wholesale","description":"","publisher":{"@id":"https:\/\/glassbottlewholesale.com\/#organization"},"potentialAction":[{"@type":"SearchAction","target":{"@type":"EntryPoint","urlTemplate":"https:\/\/glassbottlewholesale.com\/?s={search_term_string}"},"query-input":{"@type":"PropertyValueSpecification","valueRequired":true,"valueName":"search_term_string"}}],"inLanguage":"pt-PT"},{"@type":"Organization","@id":"https:\/\/glassbottlewholesale.com\/#organization","name":"Glass Bottle Wholesale","url":"https:\/\/glassbottlewholesale.com\/","logo":{"@type":"ImageObject","inLanguage":"pt-PT","@id":"https:\/\/glassbottlewholesale.com\/#\/schema\/logo\/image\/","url":"https:\/\/glassbottlewholesale.com\/wp-content\/uploads\/2023\/12\/ruisheng-logo.webp","contentUrl":"https:\/\/glassbottlewholesale.com\/wp-content\/uploads\/2023\/12\/ruisheng-logo.webp","width":400,"height":233,"caption":"Glass Bottle Wholesale"},"image":{"@id":"https:\/\/glassbottlewholesale.com\/#\/schema\/logo\/image\/"}}]}},"_links":{"self":[{"href":"https:\/\/glassbottlewholesale.com\/pt\/wp-json\/wp\/v2\/product\/529","targetHints":{"allow":["GET"]}}],"collection":[{"href":"https:\/\/glassbottlewholesale.com\/pt\/wp-json\/wp\/v2\/product"}],"about":[{"href":"https:\/\/glassbottlewholesale.com\/pt\/wp-json\/wp\/v2\/types\/product"}],"replies":[{"embeddable":true,"href":"https:\/\/glassbottlewholesale.com\/pt\/wp-json\/wp\/v2\/comments?post=529"}],"wp:featuredmedia":[{"embeddable":true,"href":"https:\/\/glassbottlewholesale.com\/pt\/wp-json\/wp\/v2\/media\/2794"}],"wp:attachment":[{"href":"https:\/\/glassbottlewholesale.com\/pt\/wp-json\/wp\/v2\/media?parent=529"}],"wp:term":[{"taxonomy":"product_brand","embeddable":true,"href":"https:\/\/glassbottlewholesale.com\/pt\/wp-json\/wp\/v2\/product_brand?post=529"},{"taxonomy":"product_cat","embeddable":true,"href":"https:\/\/glassbottlewholesale.com\/pt\/wp-json\/wp\/v2\/product_cat?post=529"},{"taxonomy":"product_tag","embeddable":true,"href":"https:\/\/glassbottlewholesale.com\/pt\/wp-json\/wp\/v2\/product_tag?post=529"}],"curies":[{"name":"wp","href":"https:\/\/api.w.org\/{rel}","templated":true}]}}