{"id":533,"date":"2019-10-15T13:08:52","date_gmt":"2019-10-15T13:08:52","guid":{"rendered":"https:\/\/queenchingglass.com\/?post_type=product&#038;p=533"},"modified":"2023-12-06T01:20:42","modified_gmt":"2023-12-06T01:20:42","slug":"garrafa-grande-de-1500ml-de-vodka","status":"publish","type":"product","link":"https:\/\/glassbottlewholesale.com\/pt\/garrafa-grande-de-1500ml-de-vodka\/","title":{"rendered":"RS089: Garrafa Grande de Vodka 1500ml"},"content":{"rendered":"<p>Ruisheng, um fabricante profissional de garrafas de vidro, fornece um grande servi\u00e7o de design e fabrico de garrafas de vidro desde 2009. Nosso principal produto s\u00e3o garrafas vazias para \u00e1lcool, u\u00edsque, vodka, conhaque, rum, gim e etc. Tamb\u00e9m aceitamos o servi\u00e7o OEM\/ODM.<\/p>\n<p>Este\u00a0<strong>Garrafa grande de 1500ml de Vodka por atacado,<\/strong>\u00a0adotar material de vidro super flint, o que torna a garrafa de vidro mais transparente, suave e clara.  Oferecemos estas garrafas de vidro grandes com tampa a adegas, centros comerciais, supermercados, grossistas de garrafas, etc. Aqui est\u00e3o alguns detalhes sobre estas garrafas de vidro extra grandes.<\/p>\n<h4>Sobre 1500ml garrafa grande de vodka por atacado<\/h4>\n<ul>\n<li><strong>Nome do produto:<\/strong>\u00a0Garrafa grande de vodka de 1500 ml<\/li>\n<li><strong>Marca:<\/strong>\u00a0Ruisheng<\/li>\n<li><strong>Capacidade:<\/strong>\u00a01,5L (tamb\u00e9m h\u00e1 100ml, 25oml, 350ml, 700ml, 1000ml, etc.)<\/li>\n<li><strong>Material:<\/strong>\u00a0Materiais de vidro super flint<\/li>\n<li><strong>Tipo de veda\u00e7\u00e3o:<\/strong>\u00a0Corti\u00e7a, bon\u00e9 guala, bon\u00e9 de tripula\u00e7\u00e3o<\/li>\n<li><strong>Superf\u00edcie:<\/strong>\u00a0Frostdecal, pintura, hot stamping, relevo, impress\u00e3o, dourado, serigrafia<\/li>\n<li><strong>Amostra:<\/strong>\u00a0Livremente utilizando o nosso molde existente<\/li>\n<li><strong>Prazo de entrega:<\/strong>\u00a020-30 dias para produtos em massa<\/li>\n<li><strong>Porto\uff1a<\/strong>\u00a0Qingdao, China<\/li>\n<li><strong>Pagamento\uff1a<\/strong>\u00a0T\/T,Paypal,Garantia comercial<\/li>\n<\/ul>\n<p>Se precisar de garrafas de vidro grandes com corti\u00e7a, n\u00e3o hesite em contactar-nos! O nosso departamento de vendas responder-lhe-\u00e1 o mais rapidamente poss\u00edvel.<\/p>","protected":false},"excerpt":{"rendered":"<table class=\"tg\">\n<colgroup>\n<col \/>\n<col \/><\/colgroup>\n<tbody>\n<tr>\n<th class=\"tg-wrg0\" colspan=\"2\">Garrafa Grande de Vodka de 1500ml por atacado<\/th>\n<\/tr>\n<tr>\n<td class=\"tg-b7b8\">Material Principal:<\/td>\n<td class=\"tg-b7b8\">Vidro super s\u00edlex<\/td>\n<\/tr>\n<tr>\n<td class=\"tg-yw4l\">Bon\u00e9:<\/td>\n<td class=\"tg-yw4l\">Corti\u00e7a<\/td>\n<\/tr>\n<tr>\n<td class=\"tg-b7b8\">Capacidade:<\/td>\n<td class=\"tg-b7b8\">1500ml<\/td>\n<\/tr>\n<tr>\n<td class=\"tg-yw4l\">Recurso:<\/td>\n<td class=\"tg-yw4l\">Ecol\u00f3gico<\/td>\n<\/tr>\n<tr>\n<td class=\"tg-b7b8\">Quantidade m\u00ednima:<\/td>\n<td class=\"tg-b7b8\">10.000 unidades<\/td>\n<\/tr>\n<tr>\n<td class=\"tg-yw4l\">Origem do lugar:<\/td>\n<td class=\"tg-yw4l\">Shandong,China<\/td>\n<\/tr>\n<tr>\n<td class=\"tg-b7b8\">Unidades\/Ctn:<\/td>\n<td class=\"tg-b7b8\">24 unidades<\/td>\n<\/tr>\n<tr>\n<td class=\"tg-yw4l\">Refer\u00eancia:<\/td>\n<td class=\"tg-yw4l\">RS089<\/td>\n<\/tr>\n<\/tbody>\n<\/table>","protected":false},"featured_media":535,"comment_status":"open","ping_status":"closed","template":"","meta":[],"product_brand":[],"product_cat":[54,67],"product_tag":[],"class_list":{"0":"post-533","1":"product","2":"type-product","3":"status-publish","4":"has-post-thumbnail","6":"product_cat-1500ml-glass-bottle","7":"product_cat-vodka-bottle","8":"entry","9":"has-media","11":"first","12":"instock","13":"shipping-taxable","14":"product-type-simple"},"yoast_head":"<!-- This site is optimized with the Yoast SEO plugin v27.3 - https:\/\/yoast.com\/product\/yoast-seo-wordpress\/ -->\n<title>1500ml Big Bottle of Vodka Wholesale | Large Glass Bottle Manufacturer<\/title>\n<meta name=\"description\" content=\"1500ml Big Bottle of Vodka Wholesale Alway in Loweast Price! High Quality Large Glass Bottle from China Glass Botttle Manufacturers Here!\" \/>\n<meta name=\"robots\" content=\"index, follow, max-snippet:-1, max-image-preview:large, max-video-preview:-1\" \/>\n<link rel=\"canonical\" href=\"https:\/\/ruishengglassco.com\/product\/rs089-1500ml-big-bottle-of-vodka\" \/>\n<meta property=\"og:locale\" content=\"pt_PT\" \/>\n<meta property=\"og:type\" content=\"article\" \/>\n<meta property=\"og:title\" content=\"1500ml Big Bottle of Vodka Wholesale | Large Glass Bottle Manufacturer\" \/>\n<meta property=\"og:description\" content=\"1500ml Big Bottle of Vodka Wholesale Alway in Loweast Price! High Quality Large Glass Bottle from China Glass Botttle Manufacturers Here!\" \/>\n<meta property=\"og:url\" content=\"https:\/\/ruishengglassco.com\/product\/rs089-1500ml-big-bottle-of-vodka\" \/>\n<meta property=\"og:site_name\" content=\"Glass Bottle Wholesale\" \/>\n<meta property=\"article:modified_time\" content=\"2023-12-06T01:20:42+00:00\" \/>\n<meta property=\"og:image\" content=\"https:\/\/glassbottlewholesale.com\/wp-content\/uploads\/2019\/10\/\u4f0f\u7279\u52a05.jpg\" \/>\n\t<meta property=\"og:image:width\" content=\"640\" \/>\n\t<meta property=\"og:image:height\" content=\"640\" \/>\n\t<meta property=\"og:image:type\" content=\"image\/jpeg\" \/>\n<meta name=\"twitter:card\" content=\"summary_large_image\" \/>\n<meta name=\"twitter:label1\" content=\"Tempo estimado de leitura\" \/>\n\t<meta name=\"twitter:data1\" content=\"1 minuto\" \/>\n<script type=\"application\/ld+json\" class=\"yoast-schema-graph\">{\"@context\":\"https:\\\/\\\/schema.org\",\"@graph\":[{\"@type\":\"WebPage\",\"@id\":\"https:\\\/\\\/glassbottlewholesale.com\\\/1500ml-big-bottle-of-vodka\\\/\",\"url\":\"https:\\\/\\\/ruishengglassco.com\\\/product\\\/rs089-1500ml-big-bottle-of-vodka\",\"name\":\"1500ml Big Bottle of Vodka Wholesale | Large Glass Bottle Manufacturer\",\"isPartOf\":{\"@id\":\"https:\\\/\\\/glassbottlewholesale.com\\\/#website\"},\"primaryImageOfPage\":{\"@id\":\"https:\\\/\\\/ruishengglassco.com\\\/product\\\/rs089-1500ml-big-bottle-of-vodka#primaryimage\"},\"image\":{\"@id\":\"https:\\\/\\\/ruishengglassco.com\\\/product\\\/rs089-1500ml-big-bottle-of-vodka#primaryimage\"},\"thumbnailUrl\":\"https:\\\/\\\/glassbottlewholesale.com\\\/wp-content\\\/uploads\\\/2019\\\/10\\\/\u4f0f\u7279\u52a05.jpg\",\"datePublished\":\"2019-10-15T13:08:52+00:00\",\"dateModified\":\"2023-12-06T01:20:42+00:00\",\"description\":\"1500ml Big Bottle of Vodka Wholesale Alway in Loweast Price! High Quality Large Glass Bottle from China Glass Botttle Manufacturers Here!\",\"breadcrumb\":{\"@id\":\"https:\\\/\\\/ruishengglassco.com\\\/product\\\/rs089-1500ml-big-bottle-of-vodka#breadcrumb\"},\"inLanguage\":\"pt-PT\",\"potentialAction\":[{\"@type\":\"ReadAction\",\"target\":[\"https:\\\/\\\/ruishengglassco.com\\\/product\\\/rs089-1500ml-big-bottle-of-vodka\"]}]},{\"@type\":\"ImageObject\",\"inLanguage\":\"pt-PT\",\"@id\":\"https:\\\/\\\/ruishengglassco.com\\\/product\\\/rs089-1500ml-big-bottle-of-vodka#primaryimage\",\"url\":\"https:\\\/\\\/glassbottlewholesale.com\\\/wp-content\\\/uploads\\\/2019\\\/10\\\/\u4f0f\u7279\u52a05.jpg\",\"contentUrl\":\"https:\\\/\\\/glassbottlewholesale.com\\\/wp-content\\\/uploads\\\/2019\\\/10\\\/\u4f0f\u7279\u52a05.jpg\",\"width\":640,\"height\":640,\"caption\":\"1500ml Big Bottle of Vodka Wholesale\"},{\"@type\":\"BreadcrumbList\",\"@id\":\"https:\\\/\\\/ruishengglassco.com\\\/product\\\/rs089-1500ml-big-bottle-of-vodka#breadcrumb\",\"itemListElement\":[{\"@type\":\"ListItem\",\"position\":1,\"name\":\"Home\",\"item\":\"https:\\\/\\\/glassbottlewholesale.com\\\/\"},{\"@type\":\"ListItem\",\"position\":2,\"name\":\"Products\",\"item\":\"https:\\\/\\\/glassbottlewholesale.com\\\/shop\\\/\"},{\"@type\":\"ListItem\",\"position\":3,\"name\":\"RS089: 1500ml Big Bottle of Vodka\"}]},{\"@type\":\"WebSite\",\"@id\":\"https:\\\/\\\/glassbottlewholesale.com\\\/#website\",\"url\":\"https:\\\/\\\/glassbottlewholesale.com\\\/\",\"name\":\"Glass Bottle Wholesale\",\"description\":\"\",\"publisher\":{\"@id\":\"https:\\\/\\\/glassbottlewholesale.com\\\/#organization\"},\"potentialAction\":[{\"@type\":\"SearchAction\",\"target\":{\"@type\":\"EntryPoint\",\"urlTemplate\":\"https:\\\/\\\/glassbottlewholesale.com\\\/?s={search_term_string}\"},\"query-input\":{\"@type\":\"PropertyValueSpecification\",\"valueRequired\":true,\"valueName\":\"search_term_string\"}}],\"inLanguage\":\"pt-PT\"},{\"@type\":\"Organization\",\"@id\":\"https:\\\/\\\/glassbottlewholesale.com\\\/#organization\",\"name\":\"Glass Bottle Wholesale\",\"url\":\"https:\\\/\\\/glassbottlewholesale.com\\\/\",\"logo\":{\"@type\":\"ImageObject\",\"inLanguage\":\"pt-PT\",\"@id\":\"https:\\\/\\\/glassbottlewholesale.com\\\/#\\\/schema\\\/logo\\\/image\\\/\",\"url\":\"https:\\\/\\\/glassbottlewholesale.com\\\/wp-content\\\/uploads\\\/2023\\\/12\\\/ruisheng-logo.webp\",\"contentUrl\":\"https:\\\/\\\/glassbottlewholesale.com\\\/wp-content\\\/uploads\\\/2023\\\/12\\\/ruisheng-logo.webp\",\"width\":400,\"height\":233,\"caption\":\"Glass Bottle Wholesale\"},\"image\":{\"@id\":\"https:\\\/\\\/glassbottlewholesale.com\\\/#\\\/schema\\\/logo\\\/image\\\/\"}}]}<\/script>\n<!-- \/ Yoast SEO plugin. -->","yoast_head_json":{"title":"Garrafa grande de 1500ml de vodka no atacado | Fabricante de garrafas de vidro grandes","description":"Garrafa grande de 1500ml de Vodka no atacado sempre com pre\u00e7o mais baixo! Garrafa de vidro grande de alta qualidade dos fabricantes de garrafas de vidro da China aqui!","robots":{"index":"index","follow":"follow","max-snippet":"max-snippet:-1","max-image-preview":"max-image-preview:large","max-video-preview":"max-video-preview:-1"},"canonical":"https:\/\/ruishengglassco.com\/product\/rs089-1500ml-big-bottle-of-vodka","og_locale":"pt_PT","og_type":"article","og_title":"1500ml Big Bottle of Vodka Wholesale | Large Glass Bottle Manufacturer","og_description":"1500ml Big Bottle of Vodka Wholesale Alway in Loweast Price! High Quality Large Glass Bottle from China Glass Botttle Manufacturers Here!","og_url":"https:\/\/ruishengglassco.com\/product\/rs089-1500ml-big-bottle-of-vodka","og_site_name":"Glass Bottle Wholesale","article_modified_time":"2023-12-06T01:20:42+00:00","og_image":[{"width":640,"height":640,"url":"https:\/\/glassbottlewholesale.com\/wp-content\/uploads\/2019\/10\/\u4f0f\u7279\u52a05.jpg","type":"image\/jpeg"}],"twitter_card":"summary_large_image","twitter_misc":{"Tempo estimado de leitura":"1 minuto"},"schema":{"@context":"https:\/\/schema.org","@graph":[{"@type":"WebPage","@id":"https:\/\/glassbottlewholesale.com\/1500ml-big-bottle-of-vodka\/","url":"https:\/\/ruishengglassco.com\/product\/rs089-1500ml-big-bottle-of-vodka","name":"Garrafa grande de 1500ml de vodka no atacado | Fabricante de garrafas de vidro grandes","isPartOf":{"@id":"https:\/\/glassbottlewholesale.com\/#website"},"primaryImageOfPage":{"@id":"https:\/\/ruishengglassco.com\/product\/rs089-1500ml-big-bottle-of-vodka#primaryimage"},"image":{"@id":"https:\/\/ruishengglassco.com\/product\/rs089-1500ml-big-bottle-of-vodka#primaryimage"},"thumbnailUrl":"https:\/\/glassbottlewholesale.com\/wp-content\/uploads\/2019\/10\/\u4f0f\u7279\u52a05.jpg","datePublished":"2019-10-15T13:08:52+00:00","dateModified":"2023-12-06T01:20:42+00:00","description":"Garrafa grande de 1500ml de Vodka no atacado sempre com pre\u00e7o mais baixo! Garrafa de vidro grande de alta qualidade dos fabricantes de garrafas de vidro da China aqui!","breadcrumb":{"@id":"https:\/\/ruishengglassco.com\/product\/rs089-1500ml-big-bottle-of-vodka#breadcrumb"},"inLanguage":"pt-PT","potentialAction":[{"@type":"ReadAction","target":["https:\/\/ruishengglassco.com\/product\/rs089-1500ml-big-bottle-of-vodka"]}]},{"@type":"ImageObject","inLanguage":"pt-PT","@id":"https:\/\/ruishengglassco.com\/product\/rs089-1500ml-big-bottle-of-vodka#primaryimage","url":"https:\/\/glassbottlewholesale.com\/wp-content\/uploads\/2019\/10\/\u4f0f\u7279\u52a05.jpg","contentUrl":"https:\/\/glassbottlewholesale.com\/wp-content\/uploads\/2019\/10\/\u4f0f\u7279\u52a05.jpg","width":640,"height":640,"caption":"1500ml Big Bottle of Vodka Wholesale"},{"@type":"BreadcrumbList","@id":"https:\/\/ruishengglassco.com\/product\/rs089-1500ml-big-bottle-of-vodka#breadcrumb","itemListElement":[{"@type":"ListItem","position":1,"name":"Home","item":"https:\/\/glassbottlewholesale.com\/"},{"@type":"ListItem","position":2,"name":"Products","item":"https:\/\/glassbottlewholesale.com\/shop\/"},{"@type":"ListItem","position":3,"name":"RS089: 1500ml Big Bottle of Vodka"}]},{"@type":"WebSite","@id":"https:\/\/glassbottlewholesale.com\/#website","url":"https:\/\/glassbottlewholesale.com\/","name":"Glass Bottle Wholesale","description":"","publisher":{"@id":"https:\/\/glassbottlewholesale.com\/#organization"},"potentialAction":[{"@type":"SearchAction","target":{"@type":"EntryPoint","urlTemplate":"https:\/\/glassbottlewholesale.com\/?s={search_term_string}"},"query-input":{"@type":"PropertyValueSpecification","valueRequired":true,"valueName":"search_term_string"}}],"inLanguage":"pt-PT"},{"@type":"Organization","@id":"https:\/\/glassbottlewholesale.com\/#organization","name":"Glass Bottle Wholesale","url":"https:\/\/glassbottlewholesale.com\/","logo":{"@type":"ImageObject","inLanguage":"pt-PT","@id":"https:\/\/glassbottlewholesale.com\/#\/schema\/logo\/image\/","url":"https:\/\/glassbottlewholesale.com\/wp-content\/uploads\/2023\/12\/ruisheng-logo.webp","contentUrl":"https:\/\/glassbottlewholesale.com\/wp-content\/uploads\/2023\/12\/ruisheng-logo.webp","width":400,"height":233,"caption":"Glass Bottle Wholesale"},"image":{"@id":"https:\/\/glassbottlewholesale.com\/#\/schema\/logo\/image\/"}}]}},"_links":{"self":[{"href":"https:\/\/glassbottlewholesale.com\/pt\/wp-json\/wp\/v2\/product\/533","targetHints":{"allow":["GET"]}}],"collection":[{"href":"https:\/\/glassbottlewholesale.com\/pt\/wp-json\/wp\/v2\/product"}],"about":[{"href":"https:\/\/glassbottlewholesale.com\/pt\/wp-json\/wp\/v2\/types\/product"}],"replies":[{"embeddable":true,"href":"https:\/\/glassbottlewholesale.com\/pt\/wp-json\/wp\/v2\/comments?post=533"}],"wp:featuredmedia":[{"embeddable":true,"href":"https:\/\/glassbottlewholesale.com\/pt\/wp-json\/wp\/v2\/media\/535"}],"wp:attachment":[{"href":"https:\/\/glassbottlewholesale.com\/pt\/wp-json\/wp\/v2\/media?parent=533"}],"wp:term":[{"taxonomy":"product_brand","embeddable":true,"href":"https:\/\/glassbottlewholesale.com\/pt\/wp-json\/wp\/v2\/product_brand?post=533"},{"taxonomy":"product_cat","embeddable":true,"href":"https:\/\/glassbottlewholesale.com\/pt\/wp-json\/wp\/v2\/product_cat?post=533"},{"taxonomy":"product_tag","embeddable":true,"href":"https:\/\/glassbottlewholesale.com\/pt\/wp-json\/wp\/v2\/product_tag?post=533"}],"curies":[{"name":"wp","href":"https:\/\/api.w.org\/{rel}","templated":true}]}}