{"id":538,"date":"2019-10-15T13:14:19","date_gmt":"2019-10-15T13:14:19","guid":{"rendered":"https:\/\/queenchingglass.com\/?post_type=product&#038;p=538"},"modified":"2025-07-10T03:17:19","modified_gmt":"2025-07-10T03:17:19","slug":"wholesale-colored-glass-bottles-custom-whiskey-bottles","status":"publish","type":"product","link":"https:\/\/glassbottlewholesale.com\/pt\/wholesale-colored-glass-bottles-custom-whiskey-bottles\/","title":{"rendered":"RS087: Garrafas de vidro coloridas no atacado, garrafas de u\u00edsque personalizadas"},"content":{"rendered":"<div class=\"wpb-content-wrapper\"><div class=\"vc_row wpb_row vc_row-fluid\"><div class=\"wpb_column vc_column_container vc_col-sm-12\"><div class=\"vc_column-inner\"><div class=\"wpb_wrapper\">\n\t<div class=\"wpb_text_column wpb_content_element\" >\n\t\t<div class=\"wpb_wrapper\">\n\t\t\t<p>The wholesale colored glass bottles custom whiskey bottle shape is fancy, its shape is very novel. As a professional glass bottle supplier, we produces many of these<a href=\"https:\/\/ruishengglassco.com\/custom-glass-bottle\">\u00a0garrafas de vidro personalizadas<\/a>, we have our own unique style of production.<\/p>\n<p>We all have the mold for glass bottle design, we can print your trademark on it, and change color what you want. Our designers are very knowledgeable about the glass bottle industry, it has a unique feel for glass bottles.<\/p>\n<p>Our company has many experienced workers, they are very familiar with the production process of the Whiskey glass bottle. Therefore, the quality of our products is very high.<\/p>\n<h4>Wholesale Colored Glass Bottles Custom Whiskey Bottles<\/h4>\n<p>The information of the glass bottle as below:<\/p>\n<ul>\n<li>Material principal: vidro de pedra alta<\/li>\n<li>Tampa: Corti\u00e7a<\/li>\n<li>Reference: RS087<\/li>\n<li>Quantidade m\u00ednima: 10000 PCS<\/li>\n<li>Capacity: custom<\/li>\n<li>Pe\u00e7as\/Ctn: 24 pe\u00e7as<\/li>\n<li>Origem do local: Shandong,China<\/li>\n<li>Mat\u00e9ria: Ecol\u00f3gico<\/li>\n<\/ul>\n<p>Os nossos principais produtos s\u00e3o de qualidade superior\u00a0<a href=\"https:\/\/ruishengglassco.com\/\">glass bottle with stoppers<\/a>, such as vodka bottle, brandy bottle, whiskey bottle, liquor bottle, jam bottle and so on. We also can offer amber glass bottle, green bottle and water bottle. Our main market is Europe, USA, Australia, America etc.And all products enjoy a high reputation for innovation and functionality.<\/p>\n<p>We can make other capacity for this empty glass bottle, such as 500ml,700ml,750ml and 1000ml.In addition, we can make deep processing on this bottle, such as printing, frosting and others.<\/p>\n<p>If you are interested in this<a href=\"https:\/\/ruishengglassco.com\/whiskey-bottle\">\u00a0custom whiskey bottle<\/a>, please feel free to contact us.If you don\u2019t like this bottle, we can give you the website of our company, you can choose someone you like .<\/p>\n<p>In addition, we welcome you to visit our factory, we\u2019ll have someone to show you around the factory.<\/p>\n<p>Hope you can like this bottle and place an order.<\/p>\n<p>If you are interested in our this Wholesale colored glass bottles custom whiskey bottles\u00a0, please contact with us. We will reply you within 24hours.<\/p>\n\n\t\t<\/div>\n\t<\/div>\n<\/div><\/div><\/div><\/div>\n<\/div>","protected":false},"excerpt":{"rendered":"<table class=\"tg\">\n<tbody>\n<tr>\n<th class=\"tg-24i8\" colspan=\"2\">Wholesale Colored Glass Bottles Custom Whiskey Bottles<\/th>\n<\/tr>\n<tr>\n<td class=\"tg-b7b8\">Refer\u00eancia:<\/td>\n<td class=\"tg-b7b8\">RS087<\/td>\n<\/tr>\n<tr>\n<td class=\"tg-yw4l\">Material Principal:<\/td>\n<td class=\"tg-yw4l\">Vidro de pedra alta (este material tamb\u00e9m \u00e9 chamado de vidro branco cristalino)<\/td>\n<\/tr>\n<tr>\n<td class=\"tg-b7b8\">Bon\u00e9:<\/td>\n<td class=\"tg-b7b8\">Corti\u00e7a<\/td>\n<\/tr>\n<tr>\n<td class=\"tg-yw4l\">Capacidade:<\/td>\n<td class=\"tg-yw4l\">Personalizado<\/td>\n<\/tr>\n<tr>\n<td class=\"tg-b7b8\">Recurso:<\/td>\n<td class=\"tg-b7b8\">Ecol\u00f3gico<\/td>\n<\/tr>\n<tr>\n<td class=\"tg-yw4l\">Quantidade m\u00ednima:<\/td>\n<td class=\"tg-yw4l\">10.000 unidades<\/td>\n<\/tr>\n<tr>\n<td class=\"tg-b7b8\">Maneira de embalagem:<\/td>\n<td class=\"tg-b7b8\">Caixa padr\u00e3o de exporta\u00e7\u00e3o\/palete\/caixa padr\u00e3o de exporta\u00e7\u00e3o e palete<\/td>\n<\/tr>\n<tr>\n<td class=\"tg-yw4l\">OEM\/ODM:<\/td>\n<td class=\"tg-yw4l\">Bem-vindo<\/td>\n<\/tr>\n<tr>\n<td class=\"tg-b7b8\">Origem do lugar:<\/td>\n<td class=\"tg-b7b8\">Shandong,China<\/td>\n<\/tr>\n<tr>\n<td class=\"tg-yw4l\">Unidades\/Ctn:<\/td>\n<td class=\"tg-yw4l\">24pcs ou de acordo com as demandas do cliente<\/td>\n<\/tr>\n<\/tbody>\n<\/table>","protected":false},"featured_media":539,"comment_status":"open","ping_status":"closed","template":"","meta":[],"product_brand":[],"product_cat":[55,68],"product_tag":[],"class_list":{"0":"post-538","1":"product","2":"type-product","3":"status-publish","4":"has-post-thumbnail","6":"product_cat-custom-glass-bottle","7":"product_cat-whiskey-bottle","8":"entry","9":"has-media","11":"first","12":"instock","13":"shipping-taxable","14":"product-type-simple"},"yoast_head":"<!-- This site is optimized with the Yoast SEO plugin v27.3 - https:\/\/yoast.com\/product\/yoast-seo-wordpress\/ -->\n<title>Wholesale Colored Glass Bottles Custom Whiskey Bottles<\/title>\n<meta name=\"description\" content=\"The wholesale colored glass bottles custom whiskey bottles shape is fancy,its shape is very novel.Main material: high flint glass\" \/>\n<meta name=\"robots\" content=\"index, follow, max-snippet:-1, max-image-preview:large, max-video-preview:-1\" \/>\n<link rel=\"canonical\" href=\"https:\/\/ruishengglassco.com\/product\/rs087-wholesale-colored-glass-bottles-custom-whiskey-bottles\" \/>\n<meta property=\"og:locale\" content=\"pt_PT\" \/>\n<meta property=\"og:type\" content=\"article\" \/>\n<meta property=\"og:title\" content=\"Wholesale Colored Glass Bottles Custom Whiskey Bottles\" \/>\n<meta property=\"og:description\" content=\"The wholesale colored glass bottles custom whiskey bottles shape is fancy,its shape is very novel.Main material: high flint glass\" \/>\n<meta property=\"og:url\" content=\"https:\/\/ruishengglassco.com\/product\/rs087-wholesale-colored-glass-bottles-custom-whiskey-bottles\" \/>\n<meta property=\"og:site_name\" content=\"Glass Bottle Wholesale\" \/>\n<meta property=\"article:modified_time\" content=\"2025-07-10T03:17:19+00:00\" \/>\n<meta property=\"og:image\" content=\"https:\/\/glassbottlewholesale.com\/wp-content\/uploads\/2019\/10\/\u5a01\u58eb\u5fcc2.jpg\" \/>\n\t<meta property=\"og:image:width\" content=\"400\" \/>\n\t<meta property=\"og:image:height\" content=\"400\" \/>\n\t<meta property=\"og:image:type\" content=\"image\/jpeg\" \/>\n<meta name=\"twitter:card\" content=\"summary_large_image\" \/>\n<meta name=\"twitter:label1\" content=\"Tempo estimado de leitura\" \/>\n\t<meta name=\"twitter:data1\" content=\"2 minutos\" \/>\n<script type=\"application\/ld+json\" class=\"yoast-schema-graph\">{\"@context\":\"https:\\\/\\\/schema.org\",\"@graph\":[{\"@type\":\"WebPage\",\"@id\":\"https:\\\/\\\/glassbottlewholesale.com\\\/wholesale-colored-glass-bottles-custom-whiskey-bottles\\\/\",\"url\":\"https:\\\/\\\/ruishengglassco.com\\\/product\\\/rs087-wholesale-colored-glass-bottles-custom-whiskey-bottles\",\"name\":\"Wholesale Colored Glass Bottles Custom Whiskey Bottles\",\"isPartOf\":{\"@id\":\"https:\\\/\\\/glassbottlewholesale.com\\\/#website\"},\"primaryImageOfPage\":{\"@id\":\"https:\\\/\\\/ruishengglassco.com\\\/product\\\/rs087-wholesale-colored-glass-bottles-custom-whiskey-bottles#primaryimage\"},\"image\":{\"@id\":\"https:\\\/\\\/ruishengglassco.com\\\/product\\\/rs087-wholesale-colored-glass-bottles-custom-whiskey-bottles#primaryimage\"},\"thumbnailUrl\":\"https:\\\/\\\/glassbottlewholesale.com\\\/wp-content\\\/uploads\\\/2019\\\/10\\\/\u5a01\u58eb\u5fcc2.jpg\",\"datePublished\":\"2019-10-15T13:14:19+00:00\",\"dateModified\":\"2025-07-10T03:17:19+00:00\",\"description\":\"The wholesale colored glass bottles custom whiskey bottles shape is fancy,its shape is very novel.Main material: high flint glass\",\"breadcrumb\":{\"@id\":\"https:\\\/\\\/ruishengglassco.com\\\/product\\\/rs087-wholesale-colored-glass-bottles-custom-whiskey-bottles#breadcrumb\"},\"inLanguage\":\"pt-PT\",\"potentialAction\":[{\"@type\":\"ReadAction\",\"target\":[\"https:\\\/\\\/ruishengglassco.com\\\/product\\\/rs087-wholesale-colored-glass-bottles-custom-whiskey-bottles\"]}]},{\"@type\":\"ImageObject\",\"inLanguage\":\"pt-PT\",\"@id\":\"https:\\\/\\\/ruishengglassco.com\\\/product\\\/rs087-wholesale-colored-glass-bottles-custom-whiskey-bottles#primaryimage\",\"url\":\"https:\\\/\\\/glassbottlewholesale.com\\\/wp-content\\\/uploads\\\/2019\\\/10\\\/\u5a01\u58eb\u5fcc2.jpg\",\"contentUrl\":\"https:\\\/\\\/glassbottlewholesale.com\\\/wp-content\\\/uploads\\\/2019\\\/10\\\/\u5a01\u58eb\u5fcc2.jpg\",\"width\":400,\"height\":400,\"caption\":\"Wholesale Colored Glass Bottles Custom Whiskey Bottles\"},{\"@type\":\"BreadcrumbList\",\"@id\":\"https:\\\/\\\/ruishengglassco.com\\\/product\\\/rs087-wholesale-colored-glass-bottles-custom-whiskey-bottles#breadcrumb\",\"itemListElement\":[{\"@type\":\"ListItem\",\"position\":1,\"name\":\"Home\",\"item\":\"https:\\\/\\\/glassbottlewholesale.com\\\/\"},{\"@type\":\"ListItem\",\"position\":2,\"name\":\"Products\",\"item\":\"https:\\\/\\\/glassbottlewholesale.com\\\/shop\\\/\"},{\"@type\":\"ListItem\",\"position\":3,\"name\":\"RS087: Wholesale Colored Glass Bottles Custom Whiskey Bottles\"}]},{\"@type\":\"WebSite\",\"@id\":\"https:\\\/\\\/glassbottlewholesale.com\\\/#website\",\"url\":\"https:\\\/\\\/glassbottlewholesale.com\\\/\",\"name\":\"Glass Bottle Wholesale\",\"description\":\"\",\"publisher\":{\"@id\":\"https:\\\/\\\/glassbottlewholesale.com\\\/#organization\"},\"potentialAction\":[{\"@type\":\"SearchAction\",\"target\":{\"@type\":\"EntryPoint\",\"urlTemplate\":\"https:\\\/\\\/glassbottlewholesale.com\\\/?s={search_term_string}\"},\"query-input\":{\"@type\":\"PropertyValueSpecification\",\"valueRequired\":true,\"valueName\":\"search_term_string\"}}],\"inLanguage\":\"pt-PT\"},{\"@type\":\"Organization\",\"@id\":\"https:\\\/\\\/glassbottlewholesale.com\\\/#organization\",\"name\":\"Glass Bottle Wholesale\",\"url\":\"https:\\\/\\\/glassbottlewholesale.com\\\/\",\"logo\":{\"@type\":\"ImageObject\",\"inLanguage\":\"pt-PT\",\"@id\":\"https:\\\/\\\/glassbottlewholesale.com\\\/#\\\/schema\\\/logo\\\/image\\\/\",\"url\":\"https:\\\/\\\/glassbottlewholesale.com\\\/wp-content\\\/uploads\\\/2023\\\/12\\\/ruisheng-logo.webp\",\"contentUrl\":\"https:\\\/\\\/glassbottlewholesale.com\\\/wp-content\\\/uploads\\\/2023\\\/12\\\/ruisheng-logo.webp\",\"width\":400,\"height\":233,\"caption\":\"Glass Bottle Wholesale\"},\"image\":{\"@id\":\"https:\\\/\\\/glassbottlewholesale.com\\\/#\\\/schema\\\/logo\\\/image\\\/\"}}]}<\/script>\n<!-- \/ Yoast SEO plugin. -->","yoast_head_json":{"title":"Wholesale Colored Glass Bottles Custom Whiskey Bottles","description":"The wholesale colored glass bottles custom whiskey bottles shape is fancy,its shape is very novel.Main material: high flint glass","robots":{"index":"index","follow":"follow","max-snippet":"max-snippet:-1","max-image-preview":"max-image-preview:large","max-video-preview":"max-video-preview:-1"},"canonical":"https:\/\/ruishengglassco.com\/product\/rs087-wholesale-colored-glass-bottles-custom-whiskey-bottles","og_locale":"pt_PT","og_type":"article","og_title":"Wholesale Colored Glass Bottles Custom Whiskey Bottles","og_description":"The wholesale colored glass bottles custom whiskey bottles shape is fancy,its shape is very novel.Main material: high flint glass","og_url":"https:\/\/ruishengglassco.com\/product\/rs087-wholesale-colored-glass-bottles-custom-whiskey-bottles","og_site_name":"Glass Bottle Wholesale","article_modified_time":"2025-07-10T03:17:19+00:00","og_image":[{"width":400,"height":400,"url":"https:\/\/glassbottlewholesale.com\/wp-content\/uploads\/2019\/10\/\u5a01\u58eb\u5fcc2.jpg","type":"image\/jpeg"}],"twitter_card":"summary_large_image","twitter_misc":{"Tempo estimado de leitura":"2 minutos"},"schema":{"@context":"https:\/\/schema.org","@graph":[{"@type":"WebPage","@id":"https:\/\/glassbottlewholesale.com\/wholesale-colored-glass-bottles-custom-whiskey-bottles\/","url":"https:\/\/ruishengglassco.com\/product\/rs087-wholesale-colored-glass-bottles-custom-whiskey-bottles","name":"Wholesale Colored Glass Bottles Custom Whiskey Bottles","isPartOf":{"@id":"https:\/\/glassbottlewholesale.com\/#website"},"primaryImageOfPage":{"@id":"https:\/\/ruishengglassco.com\/product\/rs087-wholesale-colored-glass-bottles-custom-whiskey-bottles#primaryimage"},"image":{"@id":"https:\/\/ruishengglassco.com\/product\/rs087-wholesale-colored-glass-bottles-custom-whiskey-bottles#primaryimage"},"thumbnailUrl":"https:\/\/glassbottlewholesale.com\/wp-content\/uploads\/2019\/10\/\u5a01\u58eb\u5fcc2.jpg","datePublished":"2019-10-15T13:14:19+00:00","dateModified":"2025-07-10T03:17:19+00:00","description":"The wholesale colored glass bottles custom whiskey bottles shape is fancy,its shape is very novel.Main material: high flint glass","breadcrumb":{"@id":"https:\/\/ruishengglassco.com\/product\/rs087-wholesale-colored-glass-bottles-custom-whiskey-bottles#breadcrumb"},"inLanguage":"pt-PT","potentialAction":[{"@type":"ReadAction","target":["https:\/\/ruishengglassco.com\/product\/rs087-wholesale-colored-glass-bottles-custom-whiskey-bottles"]}]},{"@type":"ImageObject","inLanguage":"pt-PT","@id":"https:\/\/ruishengglassco.com\/product\/rs087-wholesale-colored-glass-bottles-custom-whiskey-bottles#primaryimage","url":"https:\/\/glassbottlewholesale.com\/wp-content\/uploads\/2019\/10\/\u5a01\u58eb\u5fcc2.jpg","contentUrl":"https:\/\/glassbottlewholesale.com\/wp-content\/uploads\/2019\/10\/\u5a01\u58eb\u5fcc2.jpg","width":400,"height":400,"caption":"Wholesale Colored Glass Bottles Custom Whiskey Bottles"},{"@type":"BreadcrumbList","@id":"https:\/\/ruishengglassco.com\/product\/rs087-wholesale-colored-glass-bottles-custom-whiskey-bottles#breadcrumb","itemListElement":[{"@type":"ListItem","position":1,"name":"Home","item":"https:\/\/glassbottlewholesale.com\/"},{"@type":"ListItem","position":2,"name":"Products","item":"https:\/\/glassbottlewholesale.com\/shop\/"},{"@type":"ListItem","position":3,"name":"RS087: Wholesale Colored Glass Bottles Custom Whiskey Bottles"}]},{"@type":"WebSite","@id":"https:\/\/glassbottlewholesale.com\/#website","url":"https:\/\/glassbottlewholesale.com\/","name":"Glass Bottle Wholesale","description":"","publisher":{"@id":"https:\/\/glassbottlewholesale.com\/#organization"},"potentialAction":[{"@type":"SearchAction","target":{"@type":"EntryPoint","urlTemplate":"https:\/\/glassbottlewholesale.com\/?s={search_term_string}"},"query-input":{"@type":"PropertyValueSpecification","valueRequired":true,"valueName":"search_term_string"}}],"inLanguage":"pt-PT"},{"@type":"Organization","@id":"https:\/\/glassbottlewholesale.com\/#organization","name":"Glass Bottle Wholesale","url":"https:\/\/glassbottlewholesale.com\/","logo":{"@type":"ImageObject","inLanguage":"pt-PT","@id":"https:\/\/glassbottlewholesale.com\/#\/schema\/logo\/image\/","url":"https:\/\/glassbottlewholesale.com\/wp-content\/uploads\/2023\/12\/ruisheng-logo.webp","contentUrl":"https:\/\/glassbottlewholesale.com\/wp-content\/uploads\/2023\/12\/ruisheng-logo.webp","width":400,"height":233,"caption":"Glass Bottle Wholesale"},"image":{"@id":"https:\/\/glassbottlewholesale.com\/#\/schema\/logo\/image\/"}}]}},"_links":{"self":[{"href":"https:\/\/glassbottlewholesale.com\/pt\/wp-json\/wp\/v2\/product\/538","targetHints":{"allow":["GET"]}}],"collection":[{"href":"https:\/\/glassbottlewholesale.com\/pt\/wp-json\/wp\/v2\/product"}],"about":[{"href":"https:\/\/glassbottlewholesale.com\/pt\/wp-json\/wp\/v2\/types\/product"}],"replies":[{"embeddable":true,"href":"https:\/\/glassbottlewholesale.com\/pt\/wp-json\/wp\/v2\/comments?post=538"}],"wp:featuredmedia":[{"embeddable":true,"href":"https:\/\/glassbottlewholesale.com\/pt\/wp-json\/wp\/v2\/media\/539"}],"wp:attachment":[{"href":"https:\/\/glassbottlewholesale.com\/pt\/wp-json\/wp\/v2\/media?parent=538"}],"wp:term":[{"taxonomy":"product_brand","embeddable":true,"href":"https:\/\/glassbottlewholesale.com\/pt\/wp-json\/wp\/v2\/product_brand?post=538"},{"taxonomy":"product_cat","embeddable":true,"href":"https:\/\/glassbottlewholesale.com\/pt\/wp-json\/wp\/v2\/product_cat?post=538"},{"taxonomy":"product_tag","embeddable":true,"href":"https:\/\/glassbottlewholesale.com\/pt\/wp-json\/wp\/v2\/product_tag?post=538"}],"curies":[{"name":"wp","href":"https:\/\/api.w.org\/{rel}","templated":true}]}}