{"id":663,"date":"2019-10-18T06:00:05","date_gmt":"2019-10-18T06:00:05","guid":{"rendered":"https:\/\/queenchingglass.com\/?post_type=product&#038;p=663"},"modified":"2025-07-10T01:24:04","modified_gmt":"2025-07-10T01:24:04","slug":"50ml-clear-mini-glass-bottles-wholesale","status":"publish","type":"product","link":"https:\/\/glassbottlewholesale.com\/pt\/50ml-clear-mini-glass-bottles-wholesale\/","title":{"rendered":"RS083: Mini garrafas de vidro transparentes de 50ml no atacado"},"content":{"rendered":"<div class=\"wpb-content-wrapper\"><div class=\"vc_row wpb_row vc_row-fluid\"><div class=\"wpb_column vc_column_container vc_col-sm-12\"><div class=\"vc_column-inner\"><div class=\"wpb_wrapper\">\n\t<div class=\"wpb_text_column wpb_content_element\" >\n\t\t<div class=\"wpb_wrapper\">\n\t\t\t<p>Shandong Yuncheng Ruisheng Glass Co., Ltd, um dos maiores fabricantes de garrafas de vidro na China, vende garrafas de licor transparente de 50 ml por atacado para marcas, empresas, fornecedores de garrafas de vidro, grossistas, distribuidores e etc.<\/p>\n<p>Somos especializados na exporta\u00e7\u00e3o de garrafas de vidro branco cristal, por exemplo, vodka, u\u00edsque, brandy, licor, \u00e1gua, \u00f3leo, bebidas e outras garrafas. Al\u00e9m disso, nossos produtos t\u00eam alta qualidade e pre\u00e7o razo\u00e1vel. Temos parcerias com os EUA, R\u00fassia, M\u00e9dio Oriente e pa\u00edses do Sudeste Asi\u00e1tico, bem-vindo ao OEM\/ODM. Qualquer coment\u00e1rio ser\u00e1 muito apreciado.<\/p>\n<p>As garrafas de licor de vidro transparente de 50 ml com rolhas s\u00e3o feitas de material de vidro de s\u00edlex alto, o que torna nossa garrafa de vidro mais clara, transparente e n\u00e3o \u00e9 f\u00e1cil de quebrar. Se gosta do design desta garrafa, mas n\u00e3o est\u00e1 satisfeito com a sua capacidade, ent\u00e3o, podemos alterar a capacidade de acordo com as suas necessidades.<\/p>\n<h2>Detalhes sobre Garrafas de licor transparentes de 50 ml por atacado<\/h2>\n<ul>\n<li><strong>Marca:<\/strong> Ruisheng<\/li>\n<li><strong>Material Principal:<\/strong> Vidro de s\u00edlex alto<\/li>\n<li><strong>Cor principal:<\/strong> Transparente<\/li>\n<li><strong>Forma:\u00a0 <\/strong>Garrafas de licor quadradas<\/li>\n<li><strong>Capacidade:<\/strong> 50ml<\/li>\n<li><strong>Tipo de veda\u00e7\u00e3o:\u00a0 <\/strong>Tampa de rosca\/corti\u00e7a<\/li>\n<li><strong>Recurso:<\/strong> Ecol\u00f3gico<\/li>\n<li><strong>Unidades\/Ctn:<\/strong> 24 unidades<\/li>\n<li><strong>Quantidade m\u00ednima:<\/strong> 1x40GP<\/li>\n<\/ul>\n<p>Se voc\u00ea acha que essas mini garrafas de bebidas espirituosas a granel s\u00e3o boas, entre em contato comigo a tempo. No entanto, se n\u00e3o gostar, pode ver as nossas outras garrafas. Ou eu dou-lhe o cat\u00e1logo, pode escolher o que quiser. Se estiver interessado nesta garrafa de vidro transparente, por favor <a href=\"https:\/\/ruishengglassco.com\/contact\">Contate-nos<\/a>. Responder-lhe-emos no prazo de 24 horas. Teremos todo o prazer em poder servir-vos num futuro pr\u00f3ximo!<\/p>\n<p>&nbsp;<\/p>\n\n\t\t<\/div>\n\t<\/div>\n<\/div><\/div><\/div><\/div>\n<\/div>","protected":false},"excerpt":{"rendered":"<p>Este tipo de garrafas \u00e9 produzido na Shandong Yuncheng Ruisheng Glass Co., Ltd, um dos maiores fabricantes de garrafas de vidro da China.<\/p>","protected":false},"featured_media":2722,"comment_status":"open","ping_status":"closed","template":"","meta":[],"product_brand":[],"product_cat":[58,63],"product_tag":[],"class_list":{"0":"post-663","1":"product","2":"type-product","3":"status-publish","4":"has-post-thumbnail","6":"product_cat-50ml-glass-bottle","7":"product_cat-liquor-bottle","8":"entry","9":"has-media","11":"first","12":"instock","13":"shipping-taxable","14":"product-type-simple"},"yoast_head":"<!-- This site is optimized with the Yoast SEO plugin v27.3 - https:\/\/yoast.com\/product\/yoast-seo-wordpress\/ -->\n<title>50ml Clear Liquor Bottles Wholesale | Mini Spirits Bottles Bulk<\/title>\n<meta name=\"description\" content=\"Buy 50ml Clear Liquor Bottles Wholesale In Factory Outlet Price. China Glass Bottle Manufacturer, Sales Mini Spirits Bottles Bulk Around The World.\" \/>\n<meta name=\"robots\" content=\"index, follow, max-snippet:-1, max-image-preview:large, max-video-preview:-1\" \/>\n<link rel=\"canonical\" href=\"https:\/\/ruishengglassco.com\/product\/rs083-50ml-clear-mini-glass-bottles-wholesale\" \/>\n<meta property=\"og:locale\" content=\"pt_PT\" \/>\n<meta property=\"og:type\" content=\"article\" \/>\n<meta property=\"og:title\" content=\"50ml Clear Liquor Bottles Wholesale | Mini Spirits Bottles Bulk\" \/>\n<meta property=\"og:description\" content=\"Buy 50ml Clear Liquor Bottles Wholesale In Factory Outlet Price. China Glass Bottle Manufacturer, Sales Mini Spirits Bottles Bulk Around The World.\" \/>\n<meta property=\"og:url\" content=\"https:\/\/ruishengglassco.com\/product\/rs083-50ml-clear-mini-glass-bottles-wholesale\" \/>\n<meta property=\"og:site_name\" content=\"Glass Bottle Wholesale\" \/>\n<meta property=\"article:modified_time\" content=\"2025-07-10T01:24:04+00:00\" \/>\n<meta property=\"og:image\" content=\"https:\/\/glassbottlewholesale.com\/wp-content\/uploads\/2019\/10\/R2-glassbottle.jpg\" \/>\n\t<meta property=\"og:image:width\" content=\"800\" \/>\n\t<meta property=\"og:image:height\" content=\"800\" \/>\n\t<meta property=\"og:image:type\" content=\"image\/jpeg\" \/>\n<meta name=\"twitter:card\" content=\"summary_large_image\" \/>\n<meta name=\"twitter:label1\" content=\"Tempo estimado de leitura\" \/>\n\t<meta name=\"twitter:data1\" content=\"2 minutos\" \/>\n<script type=\"application\/ld+json\" class=\"yoast-schema-graph\">{\"@context\":\"https:\\\/\\\/schema.org\",\"@graph\":[{\"@type\":\"WebPage\",\"@id\":\"https:\\\/\\\/glassbottlewholesale.com\\\/50ml-clear-mini-glass-bottles-wholesale\\\/\",\"url\":\"https:\\\/\\\/ruishengglassco.com\\\/product\\\/rs083-50ml-clear-mini-glass-bottles-wholesale\",\"name\":\"50ml Clear Liquor Bottles Wholesale | Mini Spirits Bottles Bulk\",\"isPartOf\":{\"@id\":\"https:\\\/\\\/glassbottlewholesale.com\\\/#website\"},\"primaryImageOfPage\":{\"@id\":\"https:\\\/\\\/ruishengglassco.com\\\/product\\\/rs083-50ml-clear-mini-glass-bottles-wholesale#primaryimage\"},\"image\":{\"@id\":\"https:\\\/\\\/ruishengglassco.com\\\/product\\\/rs083-50ml-clear-mini-glass-bottles-wholesale#primaryimage\"},\"thumbnailUrl\":\"https:\\\/\\\/glassbottlewholesale.com\\\/wp-content\\\/uploads\\\/2019\\\/10\\\/R2-glassbottle.jpg\",\"datePublished\":\"2019-10-18T06:00:05+00:00\",\"dateModified\":\"2025-07-10T01:24:04+00:00\",\"description\":\"Buy 50ml Clear Liquor Bottles Wholesale In Factory Outlet Price. China Glass Bottle Manufacturer, Sales Mini Spirits Bottles Bulk Around The World.\",\"breadcrumb\":{\"@id\":\"https:\\\/\\\/ruishengglassco.com\\\/product\\\/rs083-50ml-clear-mini-glass-bottles-wholesale#breadcrumb\"},\"inLanguage\":\"pt-PT\",\"potentialAction\":[{\"@type\":\"ReadAction\",\"target\":[\"https:\\\/\\\/ruishengglassco.com\\\/product\\\/rs083-50ml-clear-mini-glass-bottles-wholesale\"]}]},{\"@type\":\"ImageObject\",\"inLanguage\":\"pt-PT\",\"@id\":\"https:\\\/\\\/ruishengglassco.com\\\/product\\\/rs083-50ml-clear-mini-glass-bottles-wholesale#primaryimage\",\"url\":\"https:\\\/\\\/glassbottlewholesale.com\\\/wp-content\\\/uploads\\\/2019\\\/10\\\/R2-glassbottle.jpg\",\"contentUrl\":\"https:\\\/\\\/glassbottlewholesale.com\\\/wp-content\\\/uploads\\\/2019\\\/10\\\/R2-glassbottle.jpg\",\"width\":800,\"height\":800,\"caption\":\"50ml Clear Mini Glass Bottles Wholesale\"},{\"@type\":\"BreadcrumbList\",\"@id\":\"https:\\\/\\\/ruishengglassco.com\\\/product\\\/rs083-50ml-clear-mini-glass-bottles-wholesale#breadcrumb\",\"itemListElement\":[{\"@type\":\"ListItem\",\"position\":1,\"name\":\"Home\",\"item\":\"https:\\\/\\\/glassbottlewholesale.com\\\/\"},{\"@type\":\"ListItem\",\"position\":2,\"name\":\"Products\",\"item\":\"https:\\\/\\\/glassbottlewholesale.com\\\/shop\\\/\"},{\"@type\":\"ListItem\",\"position\":3,\"name\":\"RS083: 50ml Clear Mini Glass Bottles Wholesale\"}]},{\"@type\":\"WebSite\",\"@id\":\"https:\\\/\\\/glassbottlewholesale.com\\\/#website\",\"url\":\"https:\\\/\\\/glassbottlewholesale.com\\\/\",\"name\":\"Glass Bottle Wholesale\",\"description\":\"\",\"publisher\":{\"@id\":\"https:\\\/\\\/glassbottlewholesale.com\\\/#organization\"},\"potentialAction\":[{\"@type\":\"SearchAction\",\"target\":{\"@type\":\"EntryPoint\",\"urlTemplate\":\"https:\\\/\\\/glassbottlewholesale.com\\\/?s={search_term_string}\"},\"query-input\":{\"@type\":\"PropertyValueSpecification\",\"valueRequired\":true,\"valueName\":\"search_term_string\"}}],\"inLanguage\":\"pt-PT\"},{\"@type\":\"Organization\",\"@id\":\"https:\\\/\\\/glassbottlewholesale.com\\\/#organization\",\"name\":\"Glass Bottle Wholesale\",\"url\":\"https:\\\/\\\/glassbottlewholesale.com\\\/\",\"logo\":{\"@type\":\"ImageObject\",\"inLanguage\":\"pt-PT\",\"@id\":\"https:\\\/\\\/glassbottlewholesale.com\\\/#\\\/schema\\\/logo\\\/image\\\/\",\"url\":\"https:\\\/\\\/glassbottlewholesale.com\\\/wp-content\\\/uploads\\\/2023\\\/12\\\/ruisheng-logo.webp\",\"contentUrl\":\"https:\\\/\\\/glassbottlewholesale.com\\\/wp-content\\\/uploads\\\/2023\\\/12\\\/ruisheng-logo.webp\",\"width\":400,\"height\":233,\"caption\":\"Glass Bottle Wholesale\"},\"image\":{\"@id\":\"https:\\\/\\\/glassbottlewholesale.com\\\/#\\\/schema\\\/logo\\\/image\\\/\"}}]}<\/script>\n<!-- \/ Yoast SEO plugin. -->","yoast_head_json":{"title":"50ml Clear Liquor Bottles Wholesale | Mini Spirits Bottles Bulk","description":"Buy 50ml Clear Liquor Bottles Wholesale In Factory Outlet Price. China Glass Bottle Manufacturer, Sales Mini Spirits Bottles Bulk Around The World.","robots":{"index":"index","follow":"follow","max-snippet":"max-snippet:-1","max-image-preview":"max-image-preview:large","max-video-preview":"max-video-preview:-1"},"canonical":"https:\/\/ruishengglassco.com\/product\/rs083-50ml-clear-mini-glass-bottles-wholesale","og_locale":"pt_PT","og_type":"article","og_title":"50ml Clear Liquor Bottles Wholesale | Mini Spirits Bottles Bulk","og_description":"Buy 50ml Clear Liquor Bottles Wholesale In Factory Outlet Price. China Glass Bottle Manufacturer, Sales Mini Spirits Bottles Bulk Around The World.","og_url":"https:\/\/ruishengglassco.com\/product\/rs083-50ml-clear-mini-glass-bottles-wholesale","og_site_name":"Glass Bottle Wholesale","article_modified_time":"2025-07-10T01:24:04+00:00","og_image":[{"width":800,"height":800,"url":"https:\/\/glassbottlewholesale.com\/wp-content\/uploads\/2019\/10\/R2-glassbottle.jpg","type":"image\/jpeg"}],"twitter_card":"summary_large_image","twitter_misc":{"Tempo estimado de leitura":"2 minutos"},"schema":{"@context":"https:\/\/schema.org","@graph":[{"@type":"WebPage","@id":"https:\/\/glassbottlewholesale.com\/50ml-clear-mini-glass-bottles-wholesale\/","url":"https:\/\/ruishengglassco.com\/product\/rs083-50ml-clear-mini-glass-bottles-wholesale","name":"50ml Clear Liquor Bottles Wholesale | Mini Spirits Bottles Bulk","isPartOf":{"@id":"https:\/\/glassbottlewholesale.com\/#website"},"primaryImageOfPage":{"@id":"https:\/\/ruishengglassco.com\/product\/rs083-50ml-clear-mini-glass-bottles-wholesale#primaryimage"},"image":{"@id":"https:\/\/ruishengglassco.com\/product\/rs083-50ml-clear-mini-glass-bottles-wholesale#primaryimage"},"thumbnailUrl":"https:\/\/glassbottlewholesale.com\/wp-content\/uploads\/2019\/10\/R2-glassbottle.jpg","datePublished":"2019-10-18T06:00:05+00:00","dateModified":"2025-07-10T01:24:04+00:00","description":"Buy 50ml Clear Liquor Bottles Wholesale In Factory Outlet Price. China Glass Bottle Manufacturer, Sales Mini Spirits Bottles Bulk Around The World.","breadcrumb":{"@id":"https:\/\/ruishengglassco.com\/product\/rs083-50ml-clear-mini-glass-bottles-wholesale#breadcrumb"},"inLanguage":"pt-PT","potentialAction":[{"@type":"ReadAction","target":["https:\/\/ruishengglassco.com\/product\/rs083-50ml-clear-mini-glass-bottles-wholesale"]}]},{"@type":"ImageObject","inLanguage":"pt-PT","@id":"https:\/\/ruishengglassco.com\/product\/rs083-50ml-clear-mini-glass-bottles-wholesale#primaryimage","url":"https:\/\/glassbottlewholesale.com\/wp-content\/uploads\/2019\/10\/R2-glassbottle.jpg","contentUrl":"https:\/\/glassbottlewholesale.com\/wp-content\/uploads\/2019\/10\/R2-glassbottle.jpg","width":800,"height":800,"caption":"50ml Clear Mini Glass Bottles Wholesale"},{"@type":"BreadcrumbList","@id":"https:\/\/ruishengglassco.com\/product\/rs083-50ml-clear-mini-glass-bottles-wholesale#breadcrumb","itemListElement":[{"@type":"ListItem","position":1,"name":"Home","item":"https:\/\/glassbottlewholesale.com\/"},{"@type":"ListItem","position":2,"name":"Products","item":"https:\/\/glassbottlewholesale.com\/shop\/"},{"@type":"ListItem","position":3,"name":"RS083: 50ml Clear Mini Glass Bottles Wholesale"}]},{"@type":"WebSite","@id":"https:\/\/glassbottlewholesale.com\/#website","url":"https:\/\/glassbottlewholesale.com\/","name":"Glass Bottle Wholesale","description":"","publisher":{"@id":"https:\/\/glassbottlewholesale.com\/#organization"},"potentialAction":[{"@type":"SearchAction","target":{"@type":"EntryPoint","urlTemplate":"https:\/\/glassbottlewholesale.com\/?s={search_term_string}"},"query-input":{"@type":"PropertyValueSpecification","valueRequired":true,"valueName":"search_term_string"}}],"inLanguage":"pt-PT"},{"@type":"Organization","@id":"https:\/\/glassbottlewholesale.com\/#organization","name":"Glass Bottle Wholesale","url":"https:\/\/glassbottlewholesale.com\/","logo":{"@type":"ImageObject","inLanguage":"pt-PT","@id":"https:\/\/glassbottlewholesale.com\/#\/schema\/logo\/image\/","url":"https:\/\/glassbottlewholesale.com\/wp-content\/uploads\/2023\/12\/ruisheng-logo.webp","contentUrl":"https:\/\/glassbottlewholesale.com\/wp-content\/uploads\/2023\/12\/ruisheng-logo.webp","width":400,"height":233,"caption":"Glass Bottle Wholesale"},"image":{"@id":"https:\/\/glassbottlewholesale.com\/#\/schema\/logo\/image\/"}}]}},"_links":{"self":[{"href":"https:\/\/glassbottlewholesale.com\/pt\/wp-json\/wp\/v2\/product\/663","targetHints":{"allow":["GET"]}}],"collection":[{"href":"https:\/\/glassbottlewholesale.com\/pt\/wp-json\/wp\/v2\/product"}],"about":[{"href":"https:\/\/glassbottlewholesale.com\/pt\/wp-json\/wp\/v2\/types\/product"}],"replies":[{"embeddable":true,"href":"https:\/\/glassbottlewholesale.com\/pt\/wp-json\/wp\/v2\/comments?post=663"}],"wp:featuredmedia":[{"embeddable":true,"href":"https:\/\/glassbottlewholesale.com\/pt\/wp-json\/wp\/v2\/media\/2722"}],"wp:attachment":[{"href":"https:\/\/glassbottlewholesale.com\/pt\/wp-json\/wp\/v2\/media?parent=663"}],"wp:term":[{"taxonomy":"product_brand","embeddable":true,"href":"https:\/\/glassbottlewholesale.com\/pt\/wp-json\/wp\/v2\/product_brand?post=663"},{"taxonomy":"product_cat","embeddable":true,"href":"https:\/\/glassbottlewholesale.com\/pt\/wp-json\/wp\/v2\/product_cat?post=663"},{"taxonomy":"product_tag","embeddable":true,"href":"https:\/\/glassbottlewholesale.com\/pt\/wp-json\/wp\/v2\/product_tag?post=663"}],"curies":[{"name":"wp","href":"https:\/\/api.w.org\/{rel}","templated":true}]}}