{"id":677,"date":"2019-10-18T06:23:09","date_gmt":"2019-10-18T06:23:09","guid":{"rendered":"https:\/\/queenchingglass.com\/?post_type=product&#038;p=677"},"modified":"2025-07-10T01:23:35","modified_gmt":"2025-07-10T01:23:35","slug":"50ml-cheap-glass-bottle-wholesale","status":"publish","type":"product","link":"https:\/\/glassbottlewholesale.com\/pt\/50ml-cheap-glass-bottle-wholesale\/","title":{"rendered":"RS082: Garrafas pequenas de tequila baratas de 50ml\/Mini garrafas de tequila a granel"},"content":{"rendered":"<div class=\"wpb-content-wrapper\"><div class=\"vc_row wpb_row vc_row-fluid\"><div class=\"wpb_column vc_column_container vc_col-sm-12\"><div class=\"vc_column-inner\"><div class=\"wpb_wrapper\">\n\t<div class=\"wpb_text_column wpb_content_element\" >\n\t\t<div class=\"wpb_wrapper\">\n\t\t\t<p><strong>Garrafas de vidro quadradas de 50 ml por atacado, <\/strong>adoptando mat\u00e9ria-prima de vidro com alto teor de s\u00edlex, o que torna a garrafa de vidro mais clara, dur\u00e1vel e suave do que outras garrafas de vidro, utilizada principalmente em embalagens de licor, u\u00edsque, vodka, bebidas, \u00e1gua e outros l\u00edquidos.<\/p>\n<p>Como um fabricante profissional de garrafas de licor, tamb\u00e9m aceitamos o servi\u00e7o de garrafa de vidro personalizada. Neste servi\u00e7o de garrafa de vidro personalizada, voc\u00ea pode personalizar diferentes formas de garrafa de vidro, como forma redonda, forma quadrada, forma de linhas aerodin\u00e2micas, forma de cr\u00e2nio e etc. A capacidade diferente da garrafa de vidro est\u00e1 dispon\u00edvel em 50ml, 100ml, 250ml, 350ml, 500ml, 700ml, 750ml, 1000ml, 1,5 L e outros. E tamb\u00e9m aceitamos etiqueta privada personalizada e servi\u00e7o de log\u00f3tipo. O que voc\u00ea precisa \u00e9 o que podemos oferecer!<\/p>\n<h4>Sobre garrafas de vidro quadradas de 50 ml por atacado<\/h4>\n<ul>\n<li>Pa\u00eds de origem\uff1aChina<\/li>\n<li>Material principal: vidro de pedra alta<\/li>\n<li>Tampa: Corti\u00e7a (podemos mudar a tampa para uma tampa de rosca, se necess\u00e1rio)<\/li>\n<li>Refer\u00eancia: RS082<\/li>\n<li>MOQ: 1x 40\u2033 GP<\/li>\n<li>Capacidade: 50ml<\/li>\n<li>Forma de embalagem: Caixa padr\u00e3o de exporta\u00e7\u00e3o\/Palete\/Caixa padr\u00e3o de exporta\u00e7\u00e3o e palete<\/li>\n<li>Origem do lugar: Shandong, China<\/li>\n<li>Mat\u00e9ria: Ecol\u00f3gico<\/li>\n<\/ul>\n<p>H\u00e1 cerca de mais de 500 funcion\u00e1rios em nossa f\u00e1brica, e cerca de 30 QC para verificar a qualidade das garrafas de vidro por atacado. Todas as garrafas de vidro de 50ml por atacado ser\u00e3o exportadas depois de passar pelo QC.<\/p>\n<p>E h\u00e1 tamb\u00e9m um grupo de engenheiros qualificados, que far\u00e3o o trabalho de desenho de garrafas, design de r\u00f3tulos e resolver\u00e3o as quest\u00f5es entre as vendas e os clientes. Com a experi\u00eancia rica, temos uma boa reputa\u00e7\u00e3o em todo o mundo.<\/p>\n<p>Os nossos principais produtos s\u00e3o garrafas de vidro de alta qualidade, tais como garrafa de vodka, garrafa de brandy, garrafa de u\u00edsque, garrafa de licor, garrafa de rum e assim por diante. N\u00f3s tamb\u00e9m podemos oferecer garrafa de vidro \u00e2mbar, garrafa verde e garrafa transparente. O nosso principal mercado \u00e9 o Reino Unido, EUA, Austr\u00e1lia, Fran\u00e7a, etc. E todos os produtos gozam de uma grande reputa\u00e7\u00e3o de inova\u00e7\u00e3o e funcionalidade.<\/p>\n<p>Se estiver interessado nas nossas garrafas de vidro quadradas de 50 ml por atacado, por favor <a href=\"https:\/\/ruishengglassco.com\/contact\">Contate-nos.<\/a> Se voc\u00ea quiser fazer garrafas de vidro personalizadas, entre em contato conosco tamb\u00e9m. Estamos muito felizes em receber sua pergunta sobre a melhor garrafa de \u00e1gua de vidro.<\/p>\n\n\t\t<\/div>\n\t<\/div>\n<\/div><\/div><\/div><\/div>\n<\/div>","protected":false},"excerpt":{"rendered":"<p>Are you searching for mini square glass bottles wholesale for liquors?\u00a0 Our 50ml mini glass bottle bulk with clear, transparent, square shape. With a width of 90 centimeters, it&#8217;s easy to hold on. The tiny shape is irresistible and also convenient for people to drink. If you want to know more about our mini square glass bottles wholesale, please leave a message for us.<\/p>","protected":false},"featured_media":2723,"comment_status":"open","ping_status":"closed","template":"","meta":[],"product_brand":[],"product_cat":[58,63,67,61],"product_tag":[],"class_list":{"0":"post-677","1":"product","2":"type-product","3":"status-publish","4":"has-post-thumbnail","6":"product_cat-50ml-glass-bottle","7":"product_cat-liquor-bottle","8":"product_cat-vodka-bottle","9":"product_cat-xo-brandy-bottle","10":"entry","11":"has-media","13":"first","14":"instock","15":"shipping-taxable","16":"product-type-simple"},"yoast_head":"<!-- This site is optimized with the Yoast SEO plugin v27.3 - https:\/\/yoast.com\/product\/yoast-seo-wordpress\/ -->\n<title>50ml Square Glass Bottles Wholesale | Cheap Liquor Bottle Supplier<\/title>\n<meta name=\"description\" content=\"Buy 50ml Square Glass Bottles Wholesale From China Cheap Liquor Bottle Supplier. Factory Outlet&amp;Quality Assurance. Free Sample Here.\" \/>\n<meta name=\"robots\" content=\"index, follow, max-snippet:-1, max-image-preview:large, max-video-preview:-1\" \/>\n<link rel=\"canonical\" href=\"https:\/\/ruishengglassco.com\/product\/rs082-50ml-cheap-little-tequila-bottles-mini-tequila-bottles-bulk\" \/>\n<meta property=\"og:locale\" content=\"pt_PT\" \/>\n<meta property=\"og:type\" content=\"article\" \/>\n<meta property=\"og:title\" content=\"50ml Square Glass Bottles Wholesale | Cheap Liquor Bottle Supplier\" \/>\n<meta property=\"og:description\" content=\"Buy 50ml Square Glass Bottles Wholesale From China Cheap Liquor Bottle Supplier. Factory Outlet&amp;Quality Assurance. Free Sample Here.\" \/>\n<meta property=\"og:url\" content=\"https:\/\/ruishengglassco.com\/product\/rs082-50ml-cheap-little-tequila-bottles-mini-tequila-bottles-bulk\" \/>\n<meta property=\"og:site_name\" content=\"Glass Bottle Wholesale\" \/>\n<meta property=\"article:modified_time\" content=\"2025-07-10T01:23:35+00:00\" \/>\n<meta property=\"og:image\" content=\"https:\/\/glassbottlewholesale.com\/wp-content\/uploads\/2019\/10\/R1-glassbottle.jpg\" \/>\n\t<meta property=\"og:image:width\" content=\"800\" \/>\n\t<meta property=\"og:image:height\" content=\"800\" \/>\n\t<meta property=\"og:image:type\" content=\"image\/jpeg\" \/>\n<meta name=\"twitter:card\" content=\"summary_large_image\" \/>\n<meta name=\"twitter:label1\" content=\"Tempo estimado de leitura\" \/>\n\t<meta name=\"twitter:data1\" content=\"2 minutos\" \/>\n<script type=\"application\/ld+json\" class=\"yoast-schema-graph\">{\"@context\":\"https:\\\/\\\/schema.org\",\"@graph\":[{\"@type\":\"WebPage\",\"@id\":\"https:\\\/\\\/glassbottlewholesale.com\\\/50ml-cheap-glass-bottle-wholesale\\\/\",\"url\":\"https:\\\/\\\/ruishengglassco.com\\\/product\\\/rs082-50ml-cheap-little-tequila-bottles-mini-tequila-bottles-bulk\",\"name\":\"50ml Square Glass Bottles Wholesale | Cheap Liquor Bottle Supplier\",\"isPartOf\":{\"@id\":\"https:\\\/\\\/glassbottlewholesale.com\\\/#website\"},\"primaryImageOfPage\":{\"@id\":\"https:\\\/\\\/ruishengglassco.com\\\/product\\\/rs082-50ml-cheap-little-tequila-bottles-mini-tequila-bottles-bulk#primaryimage\"},\"image\":{\"@id\":\"https:\\\/\\\/ruishengglassco.com\\\/product\\\/rs082-50ml-cheap-little-tequila-bottles-mini-tequila-bottles-bulk#primaryimage\"},\"thumbnailUrl\":\"https:\\\/\\\/glassbottlewholesale.com\\\/wp-content\\\/uploads\\\/2019\\\/10\\\/R1-glassbottle.jpg\",\"datePublished\":\"2019-10-18T06:23:09+00:00\",\"dateModified\":\"2025-07-10T01:23:35+00:00\",\"description\":\"Buy 50ml Square Glass Bottles Wholesale From China Cheap Liquor Bottle Supplier. Factory Outlet&Quality Assurance. Free Sample Here.\",\"breadcrumb\":{\"@id\":\"https:\\\/\\\/ruishengglassco.com\\\/product\\\/rs082-50ml-cheap-little-tequila-bottles-mini-tequila-bottles-bulk#breadcrumb\"},\"inLanguage\":\"pt-PT\",\"potentialAction\":[{\"@type\":\"ReadAction\",\"target\":[\"https:\\\/\\\/ruishengglassco.com\\\/product\\\/rs082-50ml-cheap-little-tequila-bottles-mini-tequila-bottles-bulk\"]}]},{\"@type\":\"ImageObject\",\"inLanguage\":\"pt-PT\",\"@id\":\"https:\\\/\\\/ruishengglassco.com\\\/product\\\/rs082-50ml-cheap-little-tequila-bottles-mini-tequila-bottles-bulk#primaryimage\",\"url\":\"https:\\\/\\\/glassbottlewholesale.com\\\/wp-content\\\/uploads\\\/2019\\\/10\\\/R1-glassbottle.jpg\",\"contentUrl\":\"https:\\\/\\\/glassbottlewholesale.com\\\/wp-content\\\/uploads\\\/2019\\\/10\\\/R1-glassbottle.jpg\",\"width\":800,\"height\":800,\"caption\":\"50ml Cheap Little Tequila Bottles\\\/Mini Tequila Bottles Bulk\"},{\"@type\":\"BreadcrumbList\",\"@id\":\"https:\\\/\\\/ruishengglassco.com\\\/product\\\/rs082-50ml-cheap-little-tequila-bottles-mini-tequila-bottles-bulk#breadcrumb\",\"itemListElement\":[{\"@type\":\"ListItem\",\"position\":1,\"name\":\"Home\",\"item\":\"https:\\\/\\\/glassbottlewholesale.com\\\/\"},{\"@type\":\"ListItem\",\"position\":2,\"name\":\"Products\",\"item\":\"https:\\\/\\\/glassbottlewholesale.com\\\/shop\\\/\"},{\"@type\":\"ListItem\",\"position\":3,\"name\":\"RS082: 50ml Cheap Little Tequila Bottles\\\/Mini Tequila Bottles Bulk\"}]},{\"@type\":\"WebSite\",\"@id\":\"https:\\\/\\\/glassbottlewholesale.com\\\/#website\",\"url\":\"https:\\\/\\\/glassbottlewholesale.com\\\/\",\"name\":\"Glass Bottle Wholesale\",\"description\":\"\",\"publisher\":{\"@id\":\"https:\\\/\\\/glassbottlewholesale.com\\\/#organization\"},\"potentialAction\":[{\"@type\":\"SearchAction\",\"target\":{\"@type\":\"EntryPoint\",\"urlTemplate\":\"https:\\\/\\\/glassbottlewholesale.com\\\/?s={search_term_string}\"},\"query-input\":{\"@type\":\"PropertyValueSpecification\",\"valueRequired\":true,\"valueName\":\"search_term_string\"}}],\"inLanguage\":\"pt-PT\"},{\"@type\":\"Organization\",\"@id\":\"https:\\\/\\\/glassbottlewholesale.com\\\/#organization\",\"name\":\"Glass Bottle Wholesale\",\"url\":\"https:\\\/\\\/glassbottlewholesale.com\\\/\",\"logo\":{\"@type\":\"ImageObject\",\"inLanguage\":\"pt-PT\",\"@id\":\"https:\\\/\\\/glassbottlewholesale.com\\\/#\\\/schema\\\/logo\\\/image\\\/\",\"url\":\"https:\\\/\\\/glassbottlewholesale.com\\\/wp-content\\\/uploads\\\/2023\\\/12\\\/ruisheng-logo.webp\",\"contentUrl\":\"https:\\\/\\\/glassbottlewholesale.com\\\/wp-content\\\/uploads\\\/2023\\\/12\\\/ruisheng-logo.webp\",\"width\":400,\"height\":233,\"caption\":\"Glass Bottle Wholesale\"},\"image\":{\"@id\":\"https:\\\/\\\/glassbottlewholesale.com\\\/#\\\/schema\\\/logo\\\/image\\\/\"}}]}<\/script>\n<!-- \/ Yoast SEO plugin. -->","yoast_head_json":{"title":"50ml Square Glass Bottles Wholesale | Cheap Liquor Bottle Supplier","description":"Buy 50ml Square Glass Bottles Wholesale From China Cheap Liquor Bottle Supplier. Factory Outlet&Quality Assurance. Free Sample Here.","robots":{"index":"index","follow":"follow","max-snippet":"max-snippet:-1","max-image-preview":"max-image-preview:large","max-video-preview":"max-video-preview:-1"},"canonical":"https:\/\/ruishengglassco.com\/product\/rs082-50ml-cheap-little-tequila-bottles-mini-tequila-bottles-bulk","og_locale":"pt_PT","og_type":"article","og_title":"50ml Square Glass Bottles Wholesale | Cheap Liquor Bottle Supplier","og_description":"Buy 50ml Square Glass Bottles Wholesale From China Cheap Liquor Bottle Supplier. Factory Outlet&Quality Assurance. Free Sample Here.","og_url":"https:\/\/ruishengglassco.com\/product\/rs082-50ml-cheap-little-tequila-bottles-mini-tequila-bottles-bulk","og_site_name":"Glass Bottle Wholesale","article_modified_time":"2025-07-10T01:23:35+00:00","og_image":[{"width":800,"height":800,"url":"https:\/\/glassbottlewholesale.com\/wp-content\/uploads\/2019\/10\/R1-glassbottle.jpg","type":"image\/jpeg"}],"twitter_card":"summary_large_image","twitter_misc":{"Tempo estimado de leitura":"2 minutos"},"schema":{"@context":"https:\/\/schema.org","@graph":[{"@type":"WebPage","@id":"https:\/\/glassbottlewholesale.com\/50ml-cheap-glass-bottle-wholesale\/","url":"https:\/\/ruishengglassco.com\/product\/rs082-50ml-cheap-little-tequila-bottles-mini-tequila-bottles-bulk","name":"50ml Square Glass Bottles Wholesale | Cheap Liquor Bottle Supplier","isPartOf":{"@id":"https:\/\/glassbottlewholesale.com\/#website"},"primaryImageOfPage":{"@id":"https:\/\/ruishengglassco.com\/product\/rs082-50ml-cheap-little-tequila-bottles-mini-tequila-bottles-bulk#primaryimage"},"image":{"@id":"https:\/\/ruishengglassco.com\/product\/rs082-50ml-cheap-little-tequila-bottles-mini-tequila-bottles-bulk#primaryimage"},"thumbnailUrl":"https:\/\/glassbottlewholesale.com\/wp-content\/uploads\/2019\/10\/R1-glassbottle.jpg","datePublished":"2019-10-18T06:23:09+00:00","dateModified":"2025-07-10T01:23:35+00:00","description":"Buy 50ml Square Glass Bottles Wholesale From China Cheap Liquor Bottle Supplier. Factory Outlet&Quality Assurance. Free Sample Here.","breadcrumb":{"@id":"https:\/\/ruishengglassco.com\/product\/rs082-50ml-cheap-little-tequila-bottles-mini-tequila-bottles-bulk#breadcrumb"},"inLanguage":"pt-PT","potentialAction":[{"@type":"ReadAction","target":["https:\/\/ruishengglassco.com\/product\/rs082-50ml-cheap-little-tequila-bottles-mini-tequila-bottles-bulk"]}]},{"@type":"ImageObject","inLanguage":"pt-PT","@id":"https:\/\/ruishengglassco.com\/product\/rs082-50ml-cheap-little-tequila-bottles-mini-tequila-bottles-bulk#primaryimage","url":"https:\/\/glassbottlewholesale.com\/wp-content\/uploads\/2019\/10\/R1-glassbottle.jpg","contentUrl":"https:\/\/glassbottlewholesale.com\/wp-content\/uploads\/2019\/10\/R1-glassbottle.jpg","width":800,"height":800,"caption":"50ml Cheap Little Tequila Bottles\/Mini Tequila Bottles Bulk"},{"@type":"BreadcrumbList","@id":"https:\/\/ruishengglassco.com\/product\/rs082-50ml-cheap-little-tequila-bottles-mini-tequila-bottles-bulk#breadcrumb","itemListElement":[{"@type":"ListItem","position":1,"name":"Home","item":"https:\/\/glassbottlewholesale.com\/"},{"@type":"ListItem","position":2,"name":"Products","item":"https:\/\/glassbottlewholesale.com\/shop\/"},{"@type":"ListItem","position":3,"name":"RS082: 50ml Cheap Little Tequila Bottles\/Mini Tequila Bottles Bulk"}]},{"@type":"WebSite","@id":"https:\/\/glassbottlewholesale.com\/#website","url":"https:\/\/glassbottlewholesale.com\/","name":"Glass Bottle Wholesale","description":"","publisher":{"@id":"https:\/\/glassbottlewholesale.com\/#organization"},"potentialAction":[{"@type":"SearchAction","target":{"@type":"EntryPoint","urlTemplate":"https:\/\/glassbottlewholesale.com\/?s={search_term_string}"},"query-input":{"@type":"PropertyValueSpecification","valueRequired":true,"valueName":"search_term_string"}}],"inLanguage":"pt-PT"},{"@type":"Organization","@id":"https:\/\/glassbottlewholesale.com\/#organization","name":"Glass Bottle Wholesale","url":"https:\/\/glassbottlewholesale.com\/","logo":{"@type":"ImageObject","inLanguage":"pt-PT","@id":"https:\/\/glassbottlewholesale.com\/#\/schema\/logo\/image\/","url":"https:\/\/glassbottlewholesale.com\/wp-content\/uploads\/2023\/12\/ruisheng-logo.webp","contentUrl":"https:\/\/glassbottlewholesale.com\/wp-content\/uploads\/2023\/12\/ruisheng-logo.webp","width":400,"height":233,"caption":"Glass Bottle Wholesale"},"image":{"@id":"https:\/\/glassbottlewholesale.com\/#\/schema\/logo\/image\/"}}]}},"_links":{"self":[{"href":"https:\/\/glassbottlewholesale.com\/pt\/wp-json\/wp\/v2\/product\/677","targetHints":{"allow":["GET"]}}],"collection":[{"href":"https:\/\/glassbottlewholesale.com\/pt\/wp-json\/wp\/v2\/product"}],"about":[{"href":"https:\/\/glassbottlewholesale.com\/pt\/wp-json\/wp\/v2\/types\/product"}],"replies":[{"embeddable":true,"href":"https:\/\/glassbottlewholesale.com\/pt\/wp-json\/wp\/v2\/comments?post=677"}],"wp:featuredmedia":[{"embeddable":true,"href":"https:\/\/glassbottlewholesale.com\/pt\/wp-json\/wp\/v2\/media\/2723"}],"wp:attachment":[{"href":"https:\/\/glassbottlewholesale.com\/pt\/wp-json\/wp\/v2\/media?parent=677"}],"wp:term":[{"taxonomy":"product_brand","embeddable":true,"href":"https:\/\/glassbottlewholesale.com\/pt\/wp-json\/wp\/v2\/product_brand?post=677"},{"taxonomy":"product_cat","embeddable":true,"href":"https:\/\/glassbottlewholesale.com\/pt\/wp-json\/wp\/v2\/product_cat?post=677"},{"taxonomy":"product_tag","embeddable":true,"href":"https:\/\/glassbottlewholesale.com\/pt\/wp-json\/wp\/v2\/product_tag?post=677"}],"curies":[{"name":"wp","href":"https:\/\/api.w.org\/{rel}","templated":true}]}}