{"id":708,"date":"2019-10-18T07:18:11","date_gmt":"2019-10-18T07:18:11","guid":{"rendered":"https:\/\/queenchingglass.com\/?post_type=product&#038;p=708"},"modified":"2025-07-10T03:30:43","modified_gmt":"2025-07-10T03:30:43","slug":"garrafas-de-vidro-com-tampa-de-cortica-de-500ml-no-atacado","status":"publish","type":"product","link":"https:\/\/glassbottlewholesale.com\/pt\/garrafas-de-vidro-com-tampa-de-cortica-de-500ml-no-atacado\/","title":{"rendered":"RS075: Garrafas de vidro com tampa de corti\u00e7a de 500ml no atacado"},"content":{"rendered":"<div class=\"wpb-content-wrapper\"><div class=\"vc_row wpb_row vc_row-fluid\"><div class=\"wpb_column vc_column_container vc_col-sm-12\"><div class=\"vc_column-inner\"><div class=\"wpb_wrapper\">\n\t<div class=\"wpb_text_column wpb_content_element\" >\n\t\t<div class=\"wpb_wrapper\">\n\t\t\t<h2>Informa\u00e7\u00f5es detalhadas sobre garrafas de vidro com tampa de corti\u00e7a de 500ml no atacado<\/h2>\n<p>Os 500ml <strong>garrafas de vidro com tampa de corti\u00e7a no atacado<\/strong> \u00e9 um dos produtos mais vendidos em nossa f\u00e1brica. Esta garrafa de vidro para licor tem o formato de uma torre, \u00e9 estreita na parte superior e larga na parte inferior. O fechamento dessas garrafas de vidro no atacado \u00e9 de corti\u00e7a, cor preta, cor dourada, cor prata e outras cores est\u00e3o dispon\u00edveis. \u00c9 projetado principalmente para embalagens de Gin.<\/p>\n<p>A empresa Ruisheng Glass fabrica essas garrafas vazias de gim de 500ml. Nossa empresa est\u00e1 localizada na cidade onde \u00e9 famosa por seus produtos de embalagens de bebidas. Nesta cidade voc\u00ea pode encontrar todos os tipos de recipientes de vidro, tampas, caixas de embalagem e todos os tipos de r\u00f3tulos. A empresa Ruisheng se dedica a oferecer um servi\u00e7o completo aos clientes, podemos oferecer processamento profundo e decora\u00e7\u00e3o em garrafas de vidro com rolha.<\/p>\n<p>Existem 12 linhas de produ\u00e7\u00e3o de garrafas de vidro com rolhas em nossa f\u00e1brica, incluindo m\u00e1quinas totalmente autom\u00e1ticas e m\u00e1quinas semiautom\u00e1ticas. Podemos produzir 12 tipos<a href=\"https:\/\/ruishengglassco.com\/glass-liquor-spirit-bottles\"> garrafas de vidro espirituosas<\/a> cerca de 10.000 unidades por dia e um total de cerca de 120.000 unidades por dia. N\u00e3o importa quantas garrafas de vidro vazias voc\u00ea queira, podemos produzi-las para voc\u00ea dentro do prazo.<\/p>\n<h5>Os detalhes das garrafas de vidro com tampa de corti\u00e7a de 500ml<\/h5>\n<p>O peso destas garrafas de vidro de 500ml com rolha \u00e9 de 550g. Seu fundo \u00e9 fino e voc\u00ea pode ver claramente o licor dentro. O di\u00e2metro inferior desta garrafa de vidro com rolha \u00e9 de 88 mm. E sua altura \u00e9 de 280 mm. Este fecho de corti\u00e7a para garrafa de vidro. E seu di\u00e2metro interno superior \u00e9 de 17,5 mm e o di\u00e2metro externo superior \u00e9 de 28,5 mm. Esta boca de garrafas de vidro no atacado \u00e9 adequada para a rolha T padr\u00e3o. Sobre a cor T-corti\u00e7a, podemos oferecer-lhe diversas cores, como preto, dourado, prata e outras cores personalizadas. E quanto ao material T-corti\u00e7a, podemos oferecer corti\u00e7a de alto pol\u00edmero, corti\u00e7a complexa, corti\u00e7a de madeira e corti\u00e7a de vidro.<\/p>\n<p>Se voc\u00ea quiser saber mais informa\u00e7\u00f5es sobre nossas garrafas de corti\u00e7a de vidro ou nossa f\u00e1brica, entre em contato conosco.<\/p>\n\n\t\t<\/div>\n\t<\/div>\n<\/div><\/div><\/div><\/div>\n<\/div>","protected":false},"excerpt":{"rendered":"<p>Ruisheng, um fabricante profissional de garrafas de licor de vidro, fornece servi\u00e7o de atacado de garrafas de vidro com tampa de corti\u00e7a para marcas e empresas de bebidas alco\u00f3licas. Esta s\u00e9rie <strong>Garrafas de vidro com tampa de corti\u00e7a de 500ml no atacado<\/strong> \u00e9 um dos produtos mais vendidos em nossa f\u00e1brica. Esta garrafa de vidro para licor tem o formato de uma torre, \u00e9 estreita na parte superior e larga na parte inferior. O fechamento desta garrafa de vidro no atacado \u00e9 de corti\u00e7a, cor preta, cor dourada, cor prata e outras cores est\u00e3o dispon\u00edveis.<\/p>\n<div><strong><span class=\"mceItemHidden\"><span class=\"hiddenSpellError\">\u2013<\/span><span class=\"hiddenSpellError\">Quantidade m\u00ednima<\/span>: 10.000 PCS (Cerca de 10.000 <span class=\"hiddenSpellError\">pe\u00e7as<\/span>)<\/span><\/strong><\/div>\n<div><span class=\"mceItemHidden\"><span class=\"hiddenSpellError\">-Livre<\/span>\u00a0Amostra oferecida.<\/span><\/div>\n<div><span class=\"mceItemHidden\"><span class=\"hiddenSpellError\">-Global<\/span>\u00a0Entrega em 30 dias.<\/span><\/div>\n<div><span class=\"mceItemHidden\"><span class=\"hiddenSpellError\">-OEM<\/span>\/Servi\u00e7o ODM oferecido<\/span><\/div>\n<p>Se voc\u00ea quiser saber o pre\u00e7o das garrafas de vidro no atacado com rolhas, por favor<a href=\"https:\/\/glassbottlewholesale.com\/pt\/contact\/\"> contato<\/a> nossa equipe de vendas.<\/p>","protected":false},"featured_media":709,"comment_status":"open","ping_status":"closed","template":"","meta":[],"product_brand":[],"product_cat":[50,64],"product_tag":[],"class_list":{"0":"post-708","1":"product","2":"type-product","3":"status-publish","4":"has-post-thumbnail","6":"product_cat-500ml-glass-bottle","7":"product_cat-gin-bottle","8":"entry","9":"has-media","11":"first","12":"instock","13":"shipping-taxable","14":"product-type-simple"},"yoast_head":"<!-- This site is optimized with the Yoast SEO plugin v27.3 - https:\/\/yoast.com\/product\/yoast-seo-wordpress\/ -->\n<title>500ml Cork Top Glass Bottles Wholesale | Empty Gin Bottle Suppliers<\/title>\n<meta name=\"description\" content=\"Buy 500ml Cork Top Glass Bottles Wholesale From China Empty Gin Bottle Suppliers. Factory Outlet Price&amp;Free Sample Offered. Get Quote Here.\" \/>\n<meta name=\"robots\" content=\"index, follow, max-snippet:-1, max-image-preview:large, max-video-preview:-1\" \/>\n<link rel=\"canonical\" href=\"https:\/\/ruishengglassco.com\/product\/rs075-500ml-cork-top-glass-bottles-wholesale\" \/>\n<meta property=\"og:locale\" content=\"pt_PT\" \/>\n<meta property=\"og:type\" content=\"article\" \/>\n<meta property=\"og:title\" content=\"500ml Cork Top Glass Bottles Wholesale | Empty Gin Bottle Suppliers\" \/>\n<meta property=\"og:description\" content=\"Buy 500ml Cork Top Glass Bottles Wholesale From China Empty Gin Bottle Suppliers. Factory Outlet Price&amp;Free Sample Offered. Get Quote Here.\" \/>\n<meta property=\"og:url\" content=\"https:\/\/ruishengglassco.com\/product\/rs075-500ml-cork-top-glass-bottles-wholesale\" \/>\n<meta property=\"og:site_name\" content=\"Glass Bottle Wholesale\" \/>\n<meta property=\"article:modified_time\" content=\"2025-07-10T03:30:43+00:00\" \/>\n<meta property=\"og:image\" content=\"https:\/\/glassbottlewholesale.com\/wp-content\/uploads\/2019\/10\/500ml-550g-\u897f\u7f8e\u9152\u4e1a-1-640x640\u8f85\u5bfc\u73ed.jpg\" \/>\n\t<meta property=\"og:image:width\" content=\"460\" \/>\n\t<meta property=\"og:image:height\" content=\"460\" \/>\n\t<meta property=\"og:image:type\" content=\"image\/jpeg\" \/>\n<meta name=\"twitter:card\" content=\"summary_large_image\" \/>\n<meta name=\"twitter:label1\" content=\"Tempo estimado de leitura\" \/>\n\t<meta name=\"twitter:data1\" content=\"2 minutos\" \/>\n<script type=\"application\/ld+json\" class=\"yoast-schema-graph\">{\"@context\":\"https:\\\/\\\/schema.org\",\"@graph\":[{\"@type\":\"WebPage\",\"@id\":\"https:\\\/\\\/glassbottlewholesale.com\\\/500ml-cork-top-glass-bottles-wholesale\\\/\",\"url\":\"https:\\\/\\\/ruishengglassco.com\\\/product\\\/rs075-500ml-cork-top-glass-bottles-wholesale\",\"name\":\"500ml Cork Top Glass Bottles Wholesale | Empty Gin Bottle Suppliers\",\"isPartOf\":{\"@id\":\"https:\\\/\\\/glassbottlewholesale.com\\\/#website\"},\"primaryImageOfPage\":{\"@id\":\"https:\\\/\\\/ruishengglassco.com\\\/product\\\/rs075-500ml-cork-top-glass-bottles-wholesale#primaryimage\"},\"image\":{\"@id\":\"https:\\\/\\\/ruishengglassco.com\\\/product\\\/rs075-500ml-cork-top-glass-bottles-wholesale#primaryimage\"},\"thumbnailUrl\":\"https:\\\/\\\/glassbottlewholesale.com\\\/wp-content\\\/uploads\\\/2019\\\/10\\\/500ml-550g-\u897f\u7f8e\u9152\u4e1a-1-640x640\u8f85\u5bfc\u73ed.jpg\",\"datePublished\":\"2019-10-18T07:18:11+00:00\",\"dateModified\":\"2025-07-10T03:30:43+00:00\",\"description\":\"Buy 500ml Cork Top Glass Bottles Wholesale From China Empty Gin Bottle Suppliers. Factory Outlet Price&Free Sample Offered. Get Quote Here.\",\"breadcrumb\":{\"@id\":\"https:\\\/\\\/ruishengglassco.com\\\/product\\\/rs075-500ml-cork-top-glass-bottles-wholesale#breadcrumb\"},\"inLanguage\":\"pt-PT\",\"potentialAction\":[{\"@type\":\"ReadAction\",\"target\":[\"https:\\\/\\\/ruishengglassco.com\\\/product\\\/rs075-500ml-cork-top-glass-bottles-wholesale\"]}]},{\"@type\":\"ImageObject\",\"inLanguage\":\"pt-PT\",\"@id\":\"https:\\\/\\\/ruishengglassco.com\\\/product\\\/rs075-500ml-cork-top-glass-bottles-wholesale#primaryimage\",\"url\":\"https:\\\/\\\/glassbottlewholesale.com\\\/wp-content\\\/uploads\\\/2019\\\/10\\\/500ml-550g-\u897f\u7f8e\u9152\u4e1a-1-640x640\u8f85\u5bfc\u73ed.jpg\",\"contentUrl\":\"https:\\\/\\\/glassbottlewholesale.com\\\/wp-content\\\/uploads\\\/2019\\\/10\\\/500ml-550g-\u897f\u7f8e\u9152\u4e1a-1-640x640\u8f85\u5bfc\u73ed.jpg\",\"width\":460,\"height\":460,\"caption\":\"Cork Top Glass Bottles Wholesale\"},{\"@type\":\"BreadcrumbList\",\"@id\":\"https:\\\/\\\/ruishengglassco.com\\\/product\\\/rs075-500ml-cork-top-glass-bottles-wholesale#breadcrumb\",\"itemListElement\":[{\"@type\":\"ListItem\",\"position\":1,\"name\":\"Home\",\"item\":\"https:\\\/\\\/glassbottlewholesale.com\\\/\"},{\"@type\":\"ListItem\",\"position\":2,\"name\":\"Products\",\"item\":\"https:\\\/\\\/glassbottlewholesale.com\\\/shop\\\/\"},{\"@type\":\"ListItem\",\"position\":3,\"name\":\"RS075: 500ml Cork Top Glass Bottles Wholesale\"}]},{\"@type\":\"WebSite\",\"@id\":\"https:\\\/\\\/glassbottlewholesale.com\\\/#website\",\"url\":\"https:\\\/\\\/glassbottlewholesale.com\\\/\",\"name\":\"Glass Bottle Wholesale\",\"description\":\"\",\"publisher\":{\"@id\":\"https:\\\/\\\/glassbottlewholesale.com\\\/#organization\"},\"potentialAction\":[{\"@type\":\"SearchAction\",\"target\":{\"@type\":\"EntryPoint\",\"urlTemplate\":\"https:\\\/\\\/glassbottlewholesale.com\\\/?s={search_term_string}\"},\"query-input\":{\"@type\":\"PropertyValueSpecification\",\"valueRequired\":true,\"valueName\":\"search_term_string\"}}],\"inLanguage\":\"pt-PT\"},{\"@type\":\"Organization\",\"@id\":\"https:\\\/\\\/glassbottlewholesale.com\\\/#organization\",\"name\":\"Glass Bottle Wholesale\",\"url\":\"https:\\\/\\\/glassbottlewholesale.com\\\/\",\"logo\":{\"@type\":\"ImageObject\",\"inLanguage\":\"pt-PT\",\"@id\":\"https:\\\/\\\/glassbottlewholesale.com\\\/#\\\/schema\\\/logo\\\/image\\\/\",\"url\":\"https:\\\/\\\/glassbottlewholesale.com\\\/wp-content\\\/uploads\\\/2023\\\/12\\\/ruisheng-logo.webp\",\"contentUrl\":\"https:\\\/\\\/glassbottlewholesale.com\\\/wp-content\\\/uploads\\\/2023\\\/12\\\/ruisheng-logo.webp\",\"width\":400,\"height\":233,\"caption\":\"Glass Bottle Wholesale\"},\"image\":{\"@id\":\"https:\\\/\\\/glassbottlewholesale.com\\\/#\\\/schema\\\/logo\\\/image\\\/\"}}]}<\/script>\n<!-- \/ Yoast SEO plugin. -->","yoast_head_json":{"title":"Garrafas de vidro com tampa de corti\u00e7a de 500ml no atacado | Fornecedores de garrafas de gim vazias","description":"Compre garrafas de vidro com tampa de corti\u00e7a de 500ml no atacado da China Fornecedores de garrafas de gim vazias. Pre\u00e7o de sa\u00edda de f\u00e1brica e amostra gr\u00e1tis oferecida. Obtenha um or\u00e7amento aqui.","robots":{"index":"index","follow":"follow","max-snippet":"max-snippet:-1","max-image-preview":"max-image-preview:large","max-video-preview":"max-video-preview:-1"},"canonical":"https:\/\/ruishengglassco.com\/product\/rs075-500ml-cork-top-glass-bottles-wholesale","og_locale":"pt_PT","og_type":"article","og_title":"500ml Cork Top Glass Bottles Wholesale | Empty Gin Bottle Suppliers","og_description":"Buy 500ml Cork Top Glass Bottles Wholesale From China Empty Gin Bottle Suppliers. Factory Outlet Price&Free Sample Offered. Get Quote Here.","og_url":"https:\/\/ruishengglassco.com\/product\/rs075-500ml-cork-top-glass-bottles-wholesale","og_site_name":"Glass Bottle Wholesale","article_modified_time":"2025-07-10T03:30:43+00:00","og_image":[{"width":460,"height":460,"url":"https:\/\/glassbottlewholesale.com\/wp-content\/uploads\/2019\/10\/500ml-550g-\u897f\u7f8e\u9152\u4e1a-1-640x640\u8f85\u5bfc\u73ed.jpg","type":"image\/jpeg"}],"twitter_card":"summary_large_image","twitter_misc":{"Tempo estimado de leitura":"2 minutos"},"schema":{"@context":"https:\/\/schema.org","@graph":[{"@type":"WebPage","@id":"https:\/\/glassbottlewholesale.com\/500ml-cork-top-glass-bottles-wholesale\/","url":"https:\/\/ruishengglassco.com\/product\/rs075-500ml-cork-top-glass-bottles-wholesale","name":"Garrafas de vidro com tampa de corti\u00e7a de 500ml no atacado | Fornecedores de garrafas de gim vazias","isPartOf":{"@id":"https:\/\/glassbottlewholesale.com\/#website"},"primaryImageOfPage":{"@id":"https:\/\/ruishengglassco.com\/product\/rs075-500ml-cork-top-glass-bottles-wholesale#primaryimage"},"image":{"@id":"https:\/\/ruishengglassco.com\/product\/rs075-500ml-cork-top-glass-bottles-wholesale#primaryimage"},"thumbnailUrl":"https:\/\/glassbottlewholesale.com\/wp-content\/uploads\/2019\/10\/500ml-550g-\u897f\u7f8e\u9152\u4e1a-1-640x640\u8f85\u5bfc\u73ed.jpg","datePublished":"2019-10-18T07:18:11+00:00","dateModified":"2025-07-10T03:30:43+00:00","description":"Compre garrafas de vidro com tampa de corti\u00e7a de 500ml no atacado da China Fornecedores de garrafas de gim vazias. Pre\u00e7o de sa\u00edda de f\u00e1brica e amostra gr\u00e1tis oferecida. Obtenha um or\u00e7amento aqui.","breadcrumb":{"@id":"https:\/\/ruishengglassco.com\/product\/rs075-500ml-cork-top-glass-bottles-wholesale#breadcrumb"},"inLanguage":"pt-PT","potentialAction":[{"@type":"ReadAction","target":["https:\/\/ruishengglassco.com\/product\/rs075-500ml-cork-top-glass-bottles-wholesale"]}]},{"@type":"ImageObject","inLanguage":"pt-PT","@id":"https:\/\/ruishengglassco.com\/product\/rs075-500ml-cork-top-glass-bottles-wholesale#primaryimage","url":"https:\/\/glassbottlewholesale.com\/wp-content\/uploads\/2019\/10\/500ml-550g-\u897f\u7f8e\u9152\u4e1a-1-640x640\u8f85\u5bfc\u73ed.jpg","contentUrl":"https:\/\/glassbottlewholesale.com\/wp-content\/uploads\/2019\/10\/500ml-550g-\u897f\u7f8e\u9152\u4e1a-1-640x640\u8f85\u5bfc\u73ed.jpg","width":460,"height":460,"caption":"Cork Top Glass Bottles Wholesale"},{"@type":"BreadcrumbList","@id":"https:\/\/ruishengglassco.com\/product\/rs075-500ml-cork-top-glass-bottles-wholesale#breadcrumb","itemListElement":[{"@type":"ListItem","position":1,"name":"Home","item":"https:\/\/glassbottlewholesale.com\/"},{"@type":"ListItem","position":2,"name":"Products","item":"https:\/\/glassbottlewholesale.com\/shop\/"},{"@type":"ListItem","position":3,"name":"RS075: 500ml Cork Top Glass Bottles Wholesale"}]},{"@type":"WebSite","@id":"https:\/\/glassbottlewholesale.com\/#website","url":"https:\/\/glassbottlewholesale.com\/","name":"Glass Bottle Wholesale","description":"","publisher":{"@id":"https:\/\/glassbottlewholesale.com\/#organization"},"potentialAction":[{"@type":"SearchAction","target":{"@type":"EntryPoint","urlTemplate":"https:\/\/glassbottlewholesale.com\/?s={search_term_string}"},"query-input":{"@type":"PropertyValueSpecification","valueRequired":true,"valueName":"search_term_string"}}],"inLanguage":"pt-PT"},{"@type":"Organization","@id":"https:\/\/glassbottlewholesale.com\/#organization","name":"Glass Bottle Wholesale","url":"https:\/\/glassbottlewholesale.com\/","logo":{"@type":"ImageObject","inLanguage":"pt-PT","@id":"https:\/\/glassbottlewholesale.com\/#\/schema\/logo\/image\/","url":"https:\/\/glassbottlewholesale.com\/wp-content\/uploads\/2023\/12\/ruisheng-logo.webp","contentUrl":"https:\/\/glassbottlewholesale.com\/wp-content\/uploads\/2023\/12\/ruisheng-logo.webp","width":400,"height":233,"caption":"Glass Bottle Wholesale"},"image":{"@id":"https:\/\/glassbottlewholesale.com\/#\/schema\/logo\/image\/"}}]}},"_links":{"self":[{"href":"https:\/\/glassbottlewholesale.com\/pt\/wp-json\/wp\/v2\/product\/708","targetHints":{"allow":["GET"]}}],"collection":[{"href":"https:\/\/glassbottlewholesale.com\/pt\/wp-json\/wp\/v2\/product"}],"about":[{"href":"https:\/\/glassbottlewholesale.com\/pt\/wp-json\/wp\/v2\/types\/product"}],"replies":[{"embeddable":true,"href":"https:\/\/glassbottlewholesale.com\/pt\/wp-json\/wp\/v2\/comments?post=708"}],"wp:featuredmedia":[{"embeddable":true,"href":"https:\/\/glassbottlewholesale.com\/pt\/wp-json\/wp\/v2\/media\/709"}],"wp:attachment":[{"href":"https:\/\/glassbottlewholesale.com\/pt\/wp-json\/wp\/v2\/media?parent=708"}],"wp:term":[{"taxonomy":"product_brand","embeddable":true,"href":"https:\/\/glassbottlewholesale.com\/pt\/wp-json\/wp\/v2\/product_brand?post=708"},{"taxonomy":"product_cat","embeddable":true,"href":"https:\/\/glassbottlewholesale.com\/pt\/wp-json\/wp\/v2\/product_cat?post=708"},{"taxonomy":"product_tag","embeddable":true,"href":"https:\/\/glassbottlewholesale.com\/pt\/wp-json\/wp\/v2\/product_tag?post=708"}],"curies":[{"name":"wp","href":"https:\/\/api.w.org\/{rel}","templated":true}]}}