{"id":718,"date":"2019-10-18T07:39:27","date_gmt":"2019-10-18T07:39:27","guid":{"rendered":"https:\/\/queenchingglass.com\/?post_type=product&#038;p=718"},"modified":"2025-07-10T01:45:15","modified_gmt":"2025-07-10T01:45:15","slug":"500ml-glass-spirit-bottles-manufacturer","status":"publish","type":"product","link":"https:\/\/glassbottlewholesale.com\/pt\/500ml-glass-spirit-bottles-manufacturer\/","title":{"rendered":"RS073: Fabricante de garrafas de bebidas espirituosas de vidro de 500ml"},"content":{"rendered":"<div class=\"wpb-content-wrapper\"><div class=\"vc_row wpb_row vc_row-fluid\"><div class=\"wpb_column vc_column_container vc_col-sm-12\"><div class=\"vc_column-inner\"><div class=\"wpb_wrapper\">\n\t<div class=\"wpb_text_column wpb_content_element\" >\n\t\t<div class=\"wpb_wrapper\">\n\t\t\t<p>Ruisheng Glass Ltd. is the 500ml glass spirit bottles manufacturer in China. Our factory is mainly product top grade and middle grade spirit glass bottles such as crystal white glass bottles and high white glass bottles.<\/p>\n<p>O <a href=\"https:\/\/ruishengglassco.com\/500ml-liquor-glass-bottle-manufacturer\">Garrafas de vidro de 500 ml<\/a> is one of the mainly volume glass bottles in our factory. We can offer different shape empty glass bottles such as cylinder glass bottle, square glass bottles, plate glass bottle, and custom shape glass bottles. And we can make different volume liquor glass bottles such as 100ml, 125ml, 250ml, 375ml, 500ml. 700ml, 750ml, 1000ml, 1750ml, 3000ml and other custom volume glass bottles.<\/p>\n<h4>The details of this 500ml glass spirit bottles<\/h4>\n<p>Our this 500ml glass spirit bottles is hexagonal prisms shape. And its weight is 580g. This glass bottle is guala cap clousure. The sealing type is very safe and anti-fake. You just can use this cap to seal the glass bottles one time. You can put the cap on the glass bottles when you leave some liquid on the glass bottles. But you can filled liquid to the glass bottles for second time. So this can be safe for your liquid and other companies can not use your bottle to hold the liquid.<\/p>\n<h4>About the packing way<\/h4>\n<p>We have three ways for packing the alcohol glass bottles, and we also can packaging the glass bottles according the customer&#8217;s demand.<\/p>\n<p>The first packing way of glass bottles is carton packing. The carton is standard export carton. If you want to make your custom packing box, we also can do it for you.<\/p>\n<p>A segunda forma de embalagem de garrafas de vidro para bebidas espirituosas \u00e9 a embalagem em paletes. A palete n\u00e3o \u00e9 fumigada. E o tamanho da palete \u00e9 de 100 x 120 cm.<\/p>\n<p>The third packaging way is carton and pallet packing. The carton is standard export carton or custom color box, and the pallet is fumigation free.<\/p>\n<p>If you want to buy 500ml glass spirit bottles, welcome contact with us.<\/p>\n\n\t\t<\/div>\n\t<\/div>\n<\/div><\/div><\/div><\/div>\n<\/div>","protected":false},"excerpt":{"rendered":"<p>.tg {border-collapse:collapse;border-spacing:0;border-color:#ccc;}<br \/>.tg td{font-family:Arial, sans-serif;font-size:14px;padding:10px 5px;border-style:solid;border-width:1px;overflow:hidden;word-break:normal;border-color:#ccc;color:#333;background-color:#fff;}<br \/>.tg th{font-family:Arial, sans-serif;font-size:14px;font-weight:normal;padding:10px 5px;border-style:solid;border-width:1px;overflow:hidden;word-break:normal;border-color:#ccc;color:#333;background-color:#f0f0;}<br \/>.tg .tg-yw4l{alinhamento vertical:topo}<br \/>.tg .tg-b7b8{background-color:#f9f9f9;vertical-align:top}<\/p>\n<table class=\"tg\">\n<tbody>\n<tr>\n<th class=\"tg-yw4l\" colspan=\"2\">500ml Glass Spirit Bottles Manufacturer<\/th>\n<\/tr>\n<tr>\n<td class=\"tg-b7b8\">Refer\u00eancia:<\/td>\n<td class=\"tg-b7b8\">RS073<\/td>\n<\/tr>\n<tr>\n<td class=\"tg-yw4l\">Material Principal:<\/td>\n<td class=\"tg-yw4l\">Vidro de pedra alta (este material tamb\u00e9m \u00e9 chamado de vidro branco cristalino)<\/td>\n<\/tr>\n<tr>\n<td class=\"tg-b7b8\">Bon\u00e9:<\/td>\n<td class=\"tg-b7b8\">guala cap<\/td>\n<\/tr>\n<tr>\n<td class=\"tg-yw4l\">Capacidade:<\/td>\n<td class=\"tg-yw4l\">700ml<\/td>\n<\/tr>\n<tr>\n<td class=\"tg-b7b8\">Recurso:<\/td>\n<td class=\"tg-b7b8\">Ecol\u00f3gico<\/td>\n<\/tr>\n<tr>\n<td class=\"tg-yw4l\">Quantidade m\u00ednima:<\/td>\n<td class=\"tg-yw4l\">10.000 unidades<\/td>\n<\/tr>\n<tr>\n<td class=\"tg-b7b8\">Maneira de embalagem:<\/td>\n<td class=\"tg-b7b8\">Caixa padr\u00e3o de exporta\u00e7\u00e3o\/palete\/caixa padr\u00e3o de exporta\u00e7\u00e3o e palete<\/td>\n<\/tr>\n<tr>\n<td class=\"tg-yw4l\">OEM\/ODM:<\/td>\n<td class=\"tg-yw4l\">Bem-vindo<\/td>\n<\/tr>\n<tr>\n<td class=\"tg-b7b8\">Origem do lugar:<\/td>\n<td class=\"tg-b7b8\">Shandong,China<\/td>\n<\/tr>\n<tr>\n<td class=\"tg-yw4l\">Unidades\/Ctn:<\/td>\n<td class=\"tg-yw4l\">24pcs ou de acordo com as demandas do cliente<\/td>\n<\/tr>\n<\/tbody>\n<\/table>","protected":false},"featured_media":4788,"comment_status":"open","ping_status":"closed","template":"","meta":[],"product_brand":[],"product_cat":[50],"product_tag":[],"class_list":{"0":"post-718","1":"product","2":"type-product","3":"status-publish","4":"has-post-thumbnail","6":"product_cat-500ml-glass-bottle","7":"entry","8":"has-media","10":"first","11":"instock","12":"shipping-taxable","13":"product-type-simple"},"yoast_head":"<!-- This site is optimized with the Yoast SEO plugin v27.3 - https:\/\/yoast.com\/product\/yoast-seo-wordpress\/ -->\n<title>500ml Glass Spirit Bottles Manufacturer |Wholesale Glass Bottle For Liquor<\/title>\n<meta name=\"description\" content=\"Ruisheng(RS), one of the best China glass spirit bottles manufacturer, wholesale 500ml glass bottle for liquor with high quality&amp;cheap price.\" \/>\n<meta name=\"robots\" content=\"index, follow, max-snippet:-1, max-image-preview:large, max-video-preview:-1\" \/>\n<link rel=\"canonical\" href=\"https:\/\/ruishengglassco.com\/product\/rs073-500ml-glass-spirit-bottles-manufacturer\" \/>\n<meta property=\"og:locale\" content=\"pt_PT\" \/>\n<meta property=\"og:type\" content=\"article\" \/>\n<meta property=\"og:title\" content=\"500ml Glass Spirit Bottles Manufacturer |Wholesale Glass Bottle For Liquor\" \/>\n<meta property=\"og:description\" content=\"Ruisheng(RS), one of the best China glass spirit bottles manufacturer, wholesale 500ml glass bottle for liquor with high quality&amp;cheap price.\" \/>\n<meta property=\"og:url\" content=\"https:\/\/ruishengglassco.com\/product\/rs073-500ml-glass-spirit-bottles-manufacturer\" \/>\n<meta property=\"og:site_name\" content=\"Glass Bottle Wholesale\" \/>\n<meta property=\"article:modified_time\" content=\"2025-07-10T01:45:15+00:00\" \/>\n<meta property=\"og:image\" content=\"https:\/\/glassbottlewholesale.com\/wp-content\/uploads\/2024\/04\/glass-bottle-manufacturing-40-1.png\" \/>\n\t<meta property=\"og:image:width\" content=\"800\" \/>\n\t<meta property=\"og:image:height\" content=\"800\" \/>\n\t<meta property=\"og:image:type\" content=\"image\/png\" \/>\n<meta name=\"twitter:card\" content=\"summary_large_image\" \/>\n<meta name=\"twitter:label1\" content=\"Tempo estimado de leitura\" \/>\n\t<meta name=\"twitter:data1\" content=\"2 minutos\" \/>\n<script type=\"application\/ld+json\" class=\"yoast-schema-graph\">{\"@context\":\"https:\\\/\\\/schema.org\",\"@graph\":[{\"@type\":\"WebPage\",\"@id\":\"https:\\\/\\\/glassbottlewholesale.com\\\/500ml-glass-spirit-bottles-manufacturer\\\/\",\"url\":\"https:\\\/\\\/ruishengglassco.com\\\/product\\\/rs073-500ml-glass-spirit-bottles-manufacturer\",\"name\":\"500ml Glass Spirit Bottles Manufacturer |Wholesale Glass Bottle For Liquor\",\"isPartOf\":{\"@id\":\"https:\\\/\\\/glassbottlewholesale.com\\\/#website\"},\"primaryImageOfPage\":{\"@id\":\"https:\\\/\\\/ruishengglassco.com\\\/product\\\/rs073-500ml-glass-spirit-bottles-manufacturer#primaryimage\"},\"image\":{\"@id\":\"https:\\\/\\\/ruishengglassco.com\\\/product\\\/rs073-500ml-glass-spirit-bottles-manufacturer#primaryimage\"},\"thumbnailUrl\":\"https:\\\/\\\/glassbottlewholesale.com\\\/wp-content\\\/uploads\\\/2024\\\/04\\\/glass-bottle-manufacturing-40-1.png\",\"datePublished\":\"2019-10-18T07:39:27+00:00\",\"dateModified\":\"2025-07-10T01:45:15+00:00\",\"description\":\"Ruisheng(RS), one of the best China glass spirit bottles manufacturer, wholesale 500ml glass bottle for liquor with high quality&cheap price.\",\"breadcrumb\":{\"@id\":\"https:\\\/\\\/ruishengglassco.com\\\/product\\\/rs073-500ml-glass-spirit-bottles-manufacturer#breadcrumb\"},\"inLanguage\":\"pt-PT\",\"potentialAction\":[{\"@type\":\"ReadAction\",\"target\":[\"https:\\\/\\\/ruishengglassco.com\\\/product\\\/rs073-500ml-glass-spirit-bottles-manufacturer\"]}]},{\"@type\":\"ImageObject\",\"inLanguage\":\"pt-PT\",\"@id\":\"https:\\\/\\\/ruishengglassco.com\\\/product\\\/rs073-500ml-glass-spirit-bottles-manufacturer#primaryimage\",\"url\":\"https:\\\/\\\/glassbottlewholesale.com\\\/wp-content\\\/uploads\\\/2024\\\/04\\\/glass-bottle-manufacturing-40-1.png\",\"contentUrl\":\"https:\\\/\\\/glassbottlewholesale.com\\\/wp-content\\\/uploads\\\/2024\\\/04\\\/glass-bottle-manufacturing-40-1.png\",\"width\":800,\"height\":800,\"caption\":\"RS073: 500ml Glass Spirit Bottles Manufacturer\"},{\"@type\":\"BreadcrumbList\",\"@id\":\"https:\\\/\\\/ruishengglassco.com\\\/product\\\/rs073-500ml-glass-spirit-bottles-manufacturer#breadcrumb\",\"itemListElement\":[{\"@type\":\"ListItem\",\"position\":1,\"name\":\"Home\",\"item\":\"https:\\\/\\\/glassbottlewholesale.com\\\/\"},{\"@type\":\"ListItem\",\"position\":2,\"name\":\"Products\",\"item\":\"https:\\\/\\\/glassbottlewholesale.com\\\/shop\\\/\"},{\"@type\":\"ListItem\",\"position\":3,\"name\":\"RS073: 500ml Glass Spirit Bottles Manufacturer\"}]},{\"@type\":\"WebSite\",\"@id\":\"https:\\\/\\\/glassbottlewholesale.com\\\/#website\",\"url\":\"https:\\\/\\\/glassbottlewholesale.com\\\/\",\"name\":\"Glass Bottle Wholesale\",\"description\":\"\",\"publisher\":{\"@id\":\"https:\\\/\\\/glassbottlewholesale.com\\\/#organization\"},\"potentialAction\":[{\"@type\":\"SearchAction\",\"target\":{\"@type\":\"EntryPoint\",\"urlTemplate\":\"https:\\\/\\\/glassbottlewholesale.com\\\/?s={search_term_string}\"},\"query-input\":{\"@type\":\"PropertyValueSpecification\",\"valueRequired\":true,\"valueName\":\"search_term_string\"}}],\"inLanguage\":\"pt-PT\"},{\"@type\":\"Organization\",\"@id\":\"https:\\\/\\\/glassbottlewholesale.com\\\/#organization\",\"name\":\"Glass Bottle Wholesale\",\"url\":\"https:\\\/\\\/glassbottlewholesale.com\\\/\",\"logo\":{\"@type\":\"ImageObject\",\"inLanguage\":\"pt-PT\",\"@id\":\"https:\\\/\\\/glassbottlewholesale.com\\\/#\\\/schema\\\/logo\\\/image\\\/\",\"url\":\"https:\\\/\\\/glassbottlewholesale.com\\\/wp-content\\\/uploads\\\/2023\\\/12\\\/ruisheng-logo.webp\",\"contentUrl\":\"https:\\\/\\\/glassbottlewholesale.com\\\/wp-content\\\/uploads\\\/2023\\\/12\\\/ruisheng-logo.webp\",\"width\":400,\"height\":233,\"caption\":\"Glass Bottle Wholesale\"},\"image\":{\"@id\":\"https:\\\/\\\/glassbottlewholesale.com\\\/#\\\/schema\\\/logo\\\/image\\\/\"}}]}<\/script>\n<!-- \/ Yoast SEO plugin. -->","yoast_head_json":{"title":"500ml Glass Spirit Bottles Manufacturer |Wholesale Glass Bottle For Liquor","description":"Ruisheng(RS), one of the best China glass spirit bottles manufacturer, wholesale 500ml glass bottle for liquor with high quality&cheap price.","robots":{"index":"index","follow":"follow","max-snippet":"max-snippet:-1","max-image-preview":"max-image-preview:large","max-video-preview":"max-video-preview:-1"},"canonical":"https:\/\/ruishengglassco.com\/product\/rs073-500ml-glass-spirit-bottles-manufacturer","og_locale":"pt_PT","og_type":"article","og_title":"500ml Glass Spirit Bottles Manufacturer |Wholesale Glass Bottle For Liquor","og_description":"Ruisheng(RS), one of the best China glass spirit bottles manufacturer, wholesale 500ml glass bottle for liquor with high quality&cheap price.","og_url":"https:\/\/ruishengglassco.com\/product\/rs073-500ml-glass-spirit-bottles-manufacturer","og_site_name":"Glass Bottle Wholesale","article_modified_time":"2025-07-10T01:45:15+00:00","og_image":[{"width":800,"height":800,"url":"https:\/\/glassbottlewholesale.com\/wp-content\/uploads\/2024\/04\/glass-bottle-manufacturing-40-1.png","type":"image\/png"}],"twitter_card":"summary_large_image","twitter_misc":{"Tempo estimado de leitura":"2 minutos"},"schema":{"@context":"https:\/\/schema.org","@graph":[{"@type":"WebPage","@id":"https:\/\/glassbottlewholesale.com\/500ml-glass-spirit-bottles-manufacturer\/","url":"https:\/\/ruishengglassco.com\/product\/rs073-500ml-glass-spirit-bottles-manufacturer","name":"500ml Glass Spirit Bottles Manufacturer |Wholesale Glass Bottle For Liquor","isPartOf":{"@id":"https:\/\/glassbottlewholesale.com\/#website"},"primaryImageOfPage":{"@id":"https:\/\/ruishengglassco.com\/product\/rs073-500ml-glass-spirit-bottles-manufacturer#primaryimage"},"image":{"@id":"https:\/\/ruishengglassco.com\/product\/rs073-500ml-glass-spirit-bottles-manufacturer#primaryimage"},"thumbnailUrl":"https:\/\/glassbottlewholesale.com\/wp-content\/uploads\/2024\/04\/glass-bottle-manufacturing-40-1.png","datePublished":"2019-10-18T07:39:27+00:00","dateModified":"2025-07-10T01:45:15+00:00","description":"Ruisheng(RS), one of the best China glass spirit bottles manufacturer, wholesale 500ml glass bottle for liquor with high quality&cheap price.","breadcrumb":{"@id":"https:\/\/ruishengglassco.com\/product\/rs073-500ml-glass-spirit-bottles-manufacturer#breadcrumb"},"inLanguage":"pt-PT","potentialAction":[{"@type":"ReadAction","target":["https:\/\/ruishengglassco.com\/product\/rs073-500ml-glass-spirit-bottles-manufacturer"]}]},{"@type":"ImageObject","inLanguage":"pt-PT","@id":"https:\/\/ruishengglassco.com\/product\/rs073-500ml-glass-spirit-bottles-manufacturer#primaryimage","url":"https:\/\/glassbottlewholesale.com\/wp-content\/uploads\/2024\/04\/glass-bottle-manufacturing-40-1.png","contentUrl":"https:\/\/glassbottlewholesale.com\/wp-content\/uploads\/2024\/04\/glass-bottle-manufacturing-40-1.png","width":800,"height":800,"caption":"RS073: 500ml Glass Spirit Bottles Manufacturer"},{"@type":"BreadcrumbList","@id":"https:\/\/ruishengglassco.com\/product\/rs073-500ml-glass-spirit-bottles-manufacturer#breadcrumb","itemListElement":[{"@type":"ListItem","position":1,"name":"Home","item":"https:\/\/glassbottlewholesale.com\/"},{"@type":"ListItem","position":2,"name":"Products","item":"https:\/\/glassbottlewholesale.com\/shop\/"},{"@type":"ListItem","position":3,"name":"RS073: 500ml Glass Spirit Bottles Manufacturer"}]},{"@type":"WebSite","@id":"https:\/\/glassbottlewholesale.com\/#website","url":"https:\/\/glassbottlewholesale.com\/","name":"Glass Bottle Wholesale","description":"","publisher":{"@id":"https:\/\/glassbottlewholesale.com\/#organization"},"potentialAction":[{"@type":"SearchAction","target":{"@type":"EntryPoint","urlTemplate":"https:\/\/glassbottlewholesale.com\/?s={search_term_string}"},"query-input":{"@type":"PropertyValueSpecification","valueRequired":true,"valueName":"search_term_string"}}],"inLanguage":"pt-PT"},{"@type":"Organization","@id":"https:\/\/glassbottlewholesale.com\/#organization","name":"Glass Bottle Wholesale","url":"https:\/\/glassbottlewholesale.com\/","logo":{"@type":"ImageObject","inLanguage":"pt-PT","@id":"https:\/\/glassbottlewholesale.com\/#\/schema\/logo\/image\/","url":"https:\/\/glassbottlewholesale.com\/wp-content\/uploads\/2023\/12\/ruisheng-logo.webp","contentUrl":"https:\/\/glassbottlewholesale.com\/wp-content\/uploads\/2023\/12\/ruisheng-logo.webp","width":400,"height":233,"caption":"Glass Bottle Wholesale"},"image":{"@id":"https:\/\/glassbottlewholesale.com\/#\/schema\/logo\/image\/"}}]}},"_links":{"self":[{"href":"https:\/\/glassbottlewholesale.com\/pt\/wp-json\/wp\/v2\/product\/718","targetHints":{"allow":["GET"]}}],"collection":[{"href":"https:\/\/glassbottlewholesale.com\/pt\/wp-json\/wp\/v2\/product"}],"about":[{"href":"https:\/\/glassbottlewholesale.com\/pt\/wp-json\/wp\/v2\/types\/product"}],"replies":[{"embeddable":true,"href":"https:\/\/glassbottlewholesale.com\/pt\/wp-json\/wp\/v2\/comments?post=718"}],"wp:featuredmedia":[{"embeddable":true,"href":"https:\/\/glassbottlewholesale.com\/pt\/wp-json\/wp\/v2\/media\/4788"}],"wp:attachment":[{"href":"https:\/\/glassbottlewholesale.com\/pt\/wp-json\/wp\/v2\/media?parent=718"}],"wp:term":[{"taxonomy":"product_brand","embeddable":true,"href":"https:\/\/glassbottlewholesale.com\/pt\/wp-json\/wp\/v2\/product_brand?post=718"},{"taxonomy":"product_cat","embeddable":true,"href":"https:\/\/glassbottlewholesale.com\/pt\/wp-json\/wp\/v2\/product_cat?post=718"},{"taxonomy":"product_tag","embeddable":true,"href":"https:\/\/glassbottlewholesale.com\/pt\/wp-json\/wp\/v2\/product_tag?post=718"}],"curies":[{"name":"wp","href":"https:\/\/api.w.org\/{rel}","templated":true}]}}