{"id":756,"date":"2019-10-18T08:33:21","date_gmt":"2019-10-18T08:33:21","guid":{"rendered":"https:\/\/queenchingglass.com\/?post_type=product&#038;p=756"},"modified":"2025-07-10T01:39:37","modified_gmt":"2025-07-10T01:39:37","slug":"garrafas-de-vodka-de-vidro-de-1-litro-no-atacado-com-rolhas","status":"publish","type":"product","link":"https:\/\/glassbottlewholesale.com\/pt\/garrafas-de-vodka-de-vidro-de-1-litro-no-atacado-com-rolhas\/","title":{"rendered":"RS062: Garrafas de vodka de vidro de 1 litro no atacado com rolhas"},"content":{"rendered":"<div class=\"wpb-content-wrapper\"><div class=\"vc_row wpb_row vc_row-fluid\"><div class=\"wpb_column vc_column_container vc_col-sm-12\"><div class=\"vc_column-inner\"><div class=\"wpb_wrapper\">\n\t<div class=\"wpb_text_column wpb_content_element\" >\n\t\t<div class=\"wpb_wrapper\">\n\t\t\t<p>Ruisheng, um dos maiores fornecedores de garrafas de vodka da China, fornece esta grande garrafa de vodka a pre\u00e7o de atacado. Esse <a href=\"https:\/\/ruishengglassco.com\/1000ml-liquor-glass-bottle-manufacturer\">Garrafa de vidro de 1000ml com rolha<\/a> \u00e9 uma das grandes garrafas de vodka.<\/p>\n<p>Oferecemos uma ampla variedade de garrafas de vidro de 1000ml, como garrafas de conhaque, garrafas de rum, garrafas de vodka, garrafas de u\u00edsque, garrafas de gin e garrafas de vinho, etc. Est\u00e1 dispon\u00edvel em todos os formatos, tamanhos e cores, como de 50ml a 3000ml, do formato normal ao formato personalizado, da cor s\u00edlex \u00e0 cor preta. Existem 12 linhas de produ\u00e7\u00e3o em nossa f\u00e1brica, o que garante a produ\u00e7\u00e3o de produtos de qualidade no mercado.<\/p>\n<p>A garrafa grande de vodka \u00e9 uma garrafa de vidro alto. Geralmente \u00e9 para guardar vodca, mas voc\u00ea tamb\u00e9m pode us\u00e1-lo para guardar u\u00edsque, conhaque e outros l\u00edquidos. Nossas garrafas de vodka exclusivas s\u00e3o feitas por uma avan\u00e7ada m\u00e1quina de fabrica\u00e7\u00e3o de garrafas de vidro - m\u00e1quina IS. Esta m\u00e1quina \u00e9 totalmente autom\u00e1tica, n\u00e3o precisa de tantas pessoas.<\/p>\n<p>Existem muitas garrafas de vidro no atacado semelhantes para essas garrafas, como 250ml, 375ml, 500ml, 700ml e assim por diante. Esta tampa de garrafa de vidro \u00e9 de corti\u00e7a. Oferecemos corti\u00e7a em diferentes tamanhos, diferentes materiais, diferentes cores. Podemos oferecer qualquer corti\u00e7a que voc\u00ea desejar.83mm.<\/p>\n<h4>Os detalhes desta grande garrafa de vodka a pre\u00e7o de atacado<\/h4>\n<p>Esta garrafa de vidro de 1000ml com corti\u00e7a \u00e9 feita de vidro de alta s\u00edlex\/vidro branco cristalino. Seu peso de vidro \u00e9 de 850g, e esta garrafa de vodka com fundo grosso, isso torna a garrafa de vidro de alta qualidade. O tamanho desta garrafa grande de vodka \u00e9 90 x 283 mm. O di\u00e2metro externo da boca \u00e9 de 34,5 mm e o di\u00e2metro interno da boca \u00e9 de 21,2 mm. Esta melhor garrafa de vodka \u00e9 adequada para rolha T de 22,5 mm. E a rolha pode ser a que voc\u00ea quiser.<\/p>\n<p>Existem mais de 10 trabalhadores e designers de controle de qualidade em nossa f\u00e1brica. Saudamos tamb\u00e9m a ordem OEM. N\u00e3o importa a garrafa que voc\u00ea queira, voc\u00ea pode nos dizer que iremos desenha-la e fabric\u00e1-la de acordo com suas demandas.<\/p>\n<p>&nbsp;<\/p>\n\n\t\t<\/div>\n\t<\/div>\n<\/div><\/div><\/div><\/div>\n<\/div>","protected":false},"excerpt":{"rendered":"<p>.tg {border-collapse:collapse;border-spacing:0;border-color:#ccc;}<br \/>.tg td{font-family:Arial, sans-serif;font-size:14px;padding:10px 5px;border-style:solid;border-width:1px;overflow:hidden;word-break:normal;border-color:#ccc;color:#333;background-color:#fff;}<br \/>.tg th{font-family:Arial, sans-serif;font-size:14px;font-weight:normal;padding:10px 5px;border-style:solid;border-width:1px;overflow:hidden;word-break:normal;border-color:#ccc;color:#333;background-color:#f0f0;}<br \/>.tg .tg-hjji{font-size:24px;text-align:center;vertical-align:top}<br \/>.tg .tg-b7b8{background-color:#f9f9f9;vertical-align:top}<br \/>.tg .tg-yw4l{alinhamento vertical:topo}<\/p>\n<table class=\"tg\">\n<tbody>\n<tr>\n<th class=\"tg-hjji\" colspan=\"2\">Garrafa grande de vodka pre\u00e7o de atacado<\/th>\n<\/tr>\n<tr>\n<td class=\"tg-b7b8\">Capacidade<\/td>\n<td class=\"tg-b7b8\">1000ml 1,5L<\/td>\n<\/tr>\n<tr>\n<td class=\"tg-yw4l\">Material<\/td>\n<td class=\"tg-yw4l\">Materail de vidro super s\u00edlex, material de vidro de s\u00edlex alto<\/td>\n<\/tr>\n<tr>\n<td class=\"tg-b7b8\">Tipo de veda\u00e7\u00e3o<\/td>\n<td class=\"tg-b7b8\">Corti\u00e7a, tampa de guala, tampa de rosca<\/td>\n<\/tr>\n<tr>\n<td class=\"tg-yw4l\">Superf\u00edcie<\/td>\n<td class=\"tg-yw4l\">Frost, decalque, pintura, hot stamping, relevo, impress\u00e3o, gloden, serigrafia<\/td>\n<\/tr>\n<tr>\n<td class=\"tg-b7b8\">Amostra<\/td>\n<td class=\"tg-b7b8\">Gr\u00e1tis usando nosso molde existente<\/td>\n<\/tr>\n<tr>\n<td class=\"tg-yw4l\">Tempo de espera<\/td>\n<td class=\"tg-yw4l\">20-30 dias para produtos em massa<\/td>\n<\/tr>\n<tr>\n<td class=\"tg-b7b8\">Porta<\/td>\n<td class=\"tg-b7b8\">Qingdao, China<\/td>\n<\/tr>\n<tr>\n<td class=\"tg-yw4l\">Pagamento<\/td>\n<td class=\"tg-yw4l\">T\/T, Paypal, garantia de com\u00e9rcio<\/td>\n<\/tr>\n<\/tbody>\n<\/table>","protected":false},"featured_media":4375,"comment_status":"open","ping_status":"closed","template":"","meta":[],"product_brand":[],"product_cat":[53,67],"product_tag":[],"class_list":{"0":"post-756","1":"product","2":"type-product","3":"status-publish","4":"has-post-thumbnail","6":"product_cat-1000ml-glass-bottle","7":"product_cat-vodka-bottle","8":"entry","9":"has-media","11":"first","12":"instock","13":"shipping-taxable","14":"product-type-simple"},"yoast_head":"<!-- This site is optimized with the Yoast SEO plugin v27.3 - https:\/\/yoast.com\/product\/yoast-seo-wordpress\/ -->\n<title>Big Bottle of Vodka Wholesale Price|1 liter Glass Bottle With Corks<\/title>\n<meta name=\"description\" content=\"Big Bottle of Vodka Wholesale Price. 100% quality assurance.Also provide 1000ml glass bottle wholesale for brandy, rum , vodka, whiksey, gin and wine ect.\" \/>\n<meta name=\"robots\" content=\"index, follow, max-snippet:-1, max-image-preview:large, max-video-preview:-1\" \/>\n<link rel=\"canonical\" href=\"https:\/\/ruishengglassco.com\/product\/rs062-1-liter-glass-vodka-bottles-manufacturers-with-corks\" \/>\n<meta property=\"og:locale\" content=\"pt_PT\" \/>\n<meta property=\"og:type\" content=\"article\" \/>\n<meta property=\"og:title\" content=\"Big Bottle of Vodka Wholesale Price|1 liter Glass Bottle With Corks\" \/>\n<meta property=\"og:description\" content=\"Big Bottle of Vodka Wholesale Price. 100% quality assurance.Also provide 1000ml glass bottle wholesale for brandy, rum , vodka, whiksey, gin and wine ect.\" \/>\n<meta property=\"og:url\" content=\"https:\/\/ruishengglassco.com\/product\/rs062-1-liter-glass-vodka-bottles-manufacturers-with-corks\" \/>\n<meta property=\"og:site_name\" content=\"Glass Bottle Wholesale\" \/>\n<meta property=\"article:modified_time\" content=\"2025-07-10T01:39:37+00:00\" \/>\n<meta property=\"og:image\" content=\"https:\/\/glassbottlewholesale.com\/wp-content\/uploads\/2023\/12\/1000ml850g-1.jpg\" \/>\n\t<meta property=\"og:image:width\" content=\"800\" \/>\n\t<meta property=\"og:image:height\" content=\"800\" \/>\n\t<meta property=\"og:image:type\" content=\"image\/jpeg\" \/>\n<meta name=\"twitter:card\" content=\"summary_large_image\" \/>\n<meta name=\"twitter:label1\" content=\"Tempo estimado de leitura\" \/>\n\t<meta name=\"twitter:data1\" content=\"2 minutos\" \/>\n<script type=\"application\/ld+json\" class=\"yoast-schema-graph\">{\"@context\":\"https:\\\/\\\/schema.org\",\"@graph\":[{\"@type\":\"WebPage\",\"@id\":\"https:\\\/\\\/glassbottlewholesale.com\\\/1-liter-glass-vodka-bottles-wholesale-with-corks\\\/\",\"url\":\"https:\\\/\\\/ruishengglassco.com\\\/product\\\/rs062-1-liter-glass-vodka-bottles-manufacturers-with-corks\",\"name\":\"Big Bottle of Vodka Wholesale Price|1 liter Glass Bottle With Corks\",\"isPartOf\":{\"@id\":\"https:\\\/\\\/glassbottlewholesale.com\\\/#website\"},\"primaryImageOfPage\":{\"@id\":\"https:\\\/\\\/ruishengglassco.com\\\/product\\\/rs062-1-liter-glass-vodka-bottles-manufacturers-with-corks#primaryimage\"},\"image\":{\"@id\":\"https:\\\/\\\/ruishengglassco.com\\\/product\\\/rs062-1-liter-glass-vodka-bottles-manufacturers-with-corks#primaryimage\"},\"thumbnailUrl\":\"https:\\\/\\\/glassbottlewholesale.com\\\/wp-content\\\/uploads\\\/2023\\\/12\\\/1000ml850g-1.jpg\",\"datePublished\":\"2019-10-18T08:33:21+00:00\",\"dateModified\":\"2025-07-10T01:39:37+00:00\",\"description\":\"Big Bottle of Vodka Wholesale Price. 100% quality assurance.Also provide 1000ml glass bottle wholesale for brandy, rum , vodka, whiksey, gin and wine ect.\",\"breadcrumb\":{\"@id\":\"https:\\\/\\\/ruishengglassco.com\\\/product\\\/rs062-1-liter-glass-vodka-bottles-manufacturers-with-corks#breadcrumb\"},\"inLanguage\":\"pt-PT\",\"potentialAction\":[{\"@type\":\"ReadAction\",\"target\":[\"https:\\\/\\\/ruishengglassco.com\\\/product\\\/rs062-1-liter-glass-vodka-bottles-manufacturers-with-corks\"]}]},{\"@type\":\"ImageObject\",\"inLanguage\":\"pt-PT\",\"@id\":\"https:\\\/\\\/ruishengglassco.com\\\/product\\\/rs062-1-liter-glass-vodka-bottles-manufacturers-with-corks#primaryimage\",\"url\":\"https:\\\/\\\/glassbottlewholesale.com\\\/wp-content\\\/uploads\\\/2023\\\/12\\\/1000ml850g-1.jpg\",\"contentUrl\":\"https:\\\/\\\/glassbottlewholesale.com\\\/wp-content\\\/uploads\\\/2023\\\/12\\\/1000ml850g-1.jpg\",\"width\":800,\"height\":800,\"caption\":\"1000ml glass bottle wholesale\"},{\"@type\":\"BreadcrumbList\",\"@id\":\"https:\\\/\\\/ruishengglassco.com\\\/product\\\/rs062-1-liter-glass-vodka-bottles-manufacturers-with-corks#breadcrumb\",\"itemListElement\":[{\"@type\":\"ListItem\",\"position\":1,\"name\":\"Home\",\"item\":\"https:\\\/\\\/glassbottlewholesale.com\\\/\"},{\"@type\":\"ListItem\",\"position\":2,\"name\":\"Products\",\"item\":\"https:\\\/\\\/glassbottlewholesale.com\\\/shop\\\/\"},{\"@type\":\"ListItem\",\"position\":3,\"name\":\"RS062: 1 Liter Glass Vodka Bottles Wholesale With Corks\"}]},{\"@type\":\"WebSite\",\"@id\":\"https:\\\/\\\/glassbottlewholesale.com\\\/#website\",\"url\":\"https:\\\/\\\/glassbottlewholesale.com\\\/\",\"name\":\"Glass Bottle Wholesale\",\"description\":\"\",\"publisher\":{\"@id\":\"https:\\\/\\\/glassbottlewholesale.com\\\/#organization\"},\"potentialAction\":[{\"@type\":\"SearchAction\",\"target\":{\"@type\":\"EntryPoint\",\"urlTemplate\":\"https:\\\/\\\/glassbottlewholesale.com\\\/?s={search_term_string}\"},\"query-input\":{\"@type\":\"PropertyValueSpecification\",\"valueRequired\":true,\"valueName\":\"search_term_string\"}}],\"inLanguage\":\"pt-PT\"},{\"@type\":\"Organization\",\"@id\":\"https:\\\/\\\/glassbottlewholesale.com\\\/#organization\",\"name\":\"Glass Bottle Wholesale\",\"url\":\"https:\\\/\\\/glassbottlewholesale.com\\\/\",\"logo\":{\"@type\":\"ImageObject\",\"inLanguage\":\"pt-PT\",\"@id\":\"https:\\\/\\\/glassbottlewholesale.com\\\/#\\\/schema\\\/logo\\\/image\\\/\",\"url\":\"https:\\\/\\\/glassbottlewholesale.com\\\/wp-content\\\/uploads\\\/2023\\\/12\\\/ruisheng-logo.webp\",\"contentUrl\":\"https:\\\/\\\/glassbottlewholesale.com\\\/wp-content\\\/uploads\\\/2023\\\/12\\\/ruisheng-logo.webp\",\"width\":400,\"height\":233,\"caption\":\"Glass Bottle Wholesale\"},\"image\":{\"@id\":\"https:\\\/\\\/glassbottlewholesale.com\\\/#\\\/schema\\\/logo\\\/image\\\/\"}}]}<\/script>\n<!-- \/ Yoast SEO plugin. -->","yoast_head_json":{"title":"Garrafa grande de vodka pre\u00e7o de atacado | Garrafa de vidro de 1 litro com rolhas","description":"Grande garrafa de vodka pre\u00e7o de atacado. Garantia de qualidade 100%. Tamb\u00e9m fornece garrafa de vidro de 1000ml no atacado para conhaque, rum, vodka, whisky, gim e vinho, etc.","robots":{"index":"index","follow":"follow","max-snippet":"max-snippet:-1","max-image-preview":"max-image-preview:large","max-video-preview":"max-video-preview:-1"},"canonical":"https:\/\/ruishengglassco.com\/product\/rs062-1-liter-glass-vodka-bottles-manufacturers-with-corks","og_locale":"pt_PT","og_type":"article","og_title":"Big Bottle of Vodka Wholesale Price|1 liter Glass Bottle With Corks","og_description":"Big Bottle of Vodka Wholesale Price. 100% quality assurance.Also provide 1000ml glass bottle wholesale for brandy, rum , vodka, whiksey, gin and wine ect.","og_url":"https:\/\/ruishengglassco.com\/product\/rs062-1-liter-glass-vodka-bottles-manufacturers-with-corks","og_site_name":"Glass Bottle Wholesale","article_modified_time":"2025-07-10T01:39:37+00:00","og_image":[{"width":800,"height":800,"url":"https:\/\/glassbottlewholesale.com\/wp-content\/uploads\/2023\/12\/1000ml850g-1.jpg","type":"image\/jpeg"}],"twitter_card":"summary_large_image","twitter_misc":{"Tempo estimado de leitura":"2 minutos"},"schema":{"@context":"https:\/\/schema.org","@graph":[{"@type":"WebPage","@id":"https:\/\/glassbottlewholesale.com\/1-liter-glass-vodka-bottles-wholesale-with-corks\/","url":"https:\/\/ruishengglassco.com\/product\/rs062-1-liter-glass-vodka-bottles-manufacturers-with-corks","name":"Garrafa grande de vodka pre\u00e7o de atacado | Garrafa de vidro de 1 litro com rolhas","isPartOf":{"@id":"https:\/\/glassbottlewholesale.com\/#website"},"primaryImageOfPage":{"@id":"https:\/\/ruishengglassco.com\/product\/rs062-1-liter-glass-vodka-bottles-manufacturers-with-corks#primaryimage"},"image":{"@id":"https:\/\/ruishengglassco.com\/product\/rs062-1-liter-glass-vodka-bottles-manufacturers-with-corks#primaryimage"},"thumbnailUrl":"https:\/\/glassbottlewholesale.com\/wp-content\/uploads\/2023\/12\/1000ml850g-1.jpg","datePublished":"2019-10-18T08:33:21+00:00","dateModified":"2025-07-10T01:39:37+00:00","description":"Grande garrafa de vodka pre\u00e7o de atacado. Garantia de qualidade 100%. Tamb\u00e9m fornece garrafa de vidro de 1000ml no atacado para conhaque, rum, vodka, whisky, gim e vinho, etc.","breadcrumb":{"@id":"https:\/\/ruishengglassco.com\/product\/rs062-1-liter-glass-vodka-bottles-manufacturers-with-corks#breadcrumb"},"inLanguage":"pt-PT","potentialAction":[{"@type":"ReadAction","target":["https:\/\/ruishengglassco.com\/product\/rs062-1-liter-glass-vodka-bottles-manufacturers-with-corks"]}]},{"@type":"ImageObject","inLanguage":"pt-PT","@id":"https:\/\/ruishengglassco.com\/product\/rs062-1-liter-glass-vodka-bottles-manufacturers-with-corks#primaryimage","url":"https:\/\/glassbottlewholesale.com\/wp-content\/uploads\/2023\/12\/1000ml850g-1.jpg","contentUrl":"https:\/\/glassbottlewholesale.com\/wp-content\/uploads\/2023\/12\/1000ml850g-1.jpg","width":800,"height":800,"caption":"1000ml glass bottle wholesale"},{"@type":"BreadcrumbList","@id":"https:\/\/ruishengglassco.com\/product\/rs062-1-liter-glass-vodka-bottles-manufacturers-with-corks#breadcrumb","itemListElement":[{"@type":"ListItem","position":1,"name":"Home","item":"https:\/\/glassbottlewholesale.com\/"},{"@type":"ListItem","position":2,"name":"Products","item":"https:\/\/glassbottlewholesale.com\/shop\/"},{"@type":"ListItem","position":3,"name":"RS062: 1 Liter Glass Vodka Bottles Wholesale With Corks"}]},{"@type":"WebSite","@id":"https:\/\/glassbottlewholesale.com\/#website","url":"https:\/\/glassbottlewholesale.com\/","name":"Glass Bottle Wholesale","description":"","publisher":{"@id":"https:\/\/glassbottlewholesale.com\/#organization"},"potentialAction":[{"@type":"SearchAction","target":{"@type":"EntryPoint","urlTemplate":"https:\/\/glassbottlewholesale.com\/?s={search_term_string}"},"query-input":{"@type":"PropertyValueSpecification","valueRequired":true,"valueName":"search_term_string"}}],"inLanguage":"pt-PT"},{"@type":"Organization","@id":"https:\/\/glassbottlewholesale.com\/#organization","name":"Glass Bottle Wholesale","url":"https:\/\/glassbottlewholesale.com\/","logo":{"@type":"ImageObject","inLanguage":"pt-PT","@id":"https:\/\/glassbottlewholesale.com\/#\/schema\/logo\/image\/","url":"https:\/\/glassbottlewholesale.com\/wp-content\/uploads\/2023\/12\/ruisheng-logo.webp","contentUrl":"https:\/\/glassbottlewholesale.com\/wp-content\/uploads\/2023\/12\/ruisheng-logo.webp","width":400,"height":233,"caption":"Glass Bottle Wholesale"},"image":{"@id":"https:\/\/glassbottlewholesale.com\/#\/schema\/logo\/image\/"}}]}},"_links":{"self":[{"href":"https:\/\/glassbottlewholesale.com\/pt\/wp-json\/wp\/v2\/product\/756","targetHints":{"allow":["GET"]}}],"collection":[{"href":"https:\/\/glassbottlewholesale.com\/pt\/wp-json\/wp\/v2\/product"}],"about":[{"href":"https:\/\/glassbottlewholesale.com\/pt\/wp-json\/wp\/v2\/types\/product"}],"replies":[{"embeddable":true,"href":"https:\/\/glassbottlewholesale.com\/pt\/wp-json\/wp\/v2\/comments?post=756"}],"wp:featuredmedia":[{"embeddable":true,"href":"https:\/\/glassbottlewholesale.com\/pt\/wp-json\/wp\/v2\/media\/4375"}],"wp:attachment":[{"href":"https:\/\/glassbottlewholesale.com\/pt\/wp-json\/wp\/v2\/media?parent=756"}],"wp:term":[{"taxonomy":"product_brand","embeddable":true,"href":"https:\/\/glassbottlewholesale.com\/pt\/wp-json\/wp\/v2\/product_brand?post=756"},{"taxonomy":"product_cat","embeddable":true,"href":"https:\/\/glassbottlewholesale.com\/pt\/wp-json\/wp\/v2\/product_cat?post=756"},{"taxonomy":"product_tag","embeddable":true,"href":"https:\/\/glassbottlewholesale.com\/pt\/wp-json\/wp\/v2\/product_tag?post=756"}],"curies":[{"name":"wp","href":"https:\/\/api.w.org\/{rel}","templated":true}]}}