{"id":758,"date":"2019-10-18T08:36:43","date_gmt":"2019-10-18T08:36:43","guid":{"rendered":"https:\/\/queenchingglass.com\/?post_type=product&#038;p=758"},"modified":"2025-07-10T01:39:02","modified_gmt":"2025-07-10T01:39:02","slug":"garrafas-de-vidro-pequenas-personalizadas-no-atacado-de-250ml","status":"publish","type":"product","link":"https:\/\/glassbottlewholesale.com\/pt\/garrafas-de-vidro-pequenas-personalizadas-no-atacado-de-250ml\/","title":{"rendered":"RS0611: Garrafas de vidro pequenas personalizadas no atacado de 250ml"},"content":{"rendered":"<div class=\"wpb-content-wrapper\"><div class=\"vc_row wpb_row vc_row-fluid\"><div class=\"wpb_column vc_column_container vc_col-sm-12\"><div class=\"vc_column-inner\"><div class=\"wpb_wrapper\">\n\t<div class=\"wpb_text_column wpb_content_element\" >\n\t\t<div class=\"wpb_wrapper\">\n\t\t\t<h4>Garrafas de vidro personalizadas com tampa<\/h4>\n<p>Al\u00e9m de produzir garrafas de vidro l\u00edquido de m\u00e9dio e grande porte, nossa empresa tamb\u00e9m customiza garrafas de vidro com tampa de 250ml. As pequenas garrafas de vidro Ruisheng, adotando material de vidro de alta s\u00edlex, tornam essas garrafas de vidro \u00e0 venda mais claras e transparentes\u3002<\/p>\n<p>Esses <a href=\"https:\/\/ruishengglassco.com\/\">garrafas de vidro com tampa<\/a> pode ser usado para perfumes, brindes ou condimentos, voc\u00ea tamb\u00e9m pode us\u00e1-lo para guardar as amostras apresentadas. Tem muita capacidade, 50ml.100ml.150ml ou 200ml. Voc\u00ea tamb\u00e9m pode pedir pela sua capacidade o que quiser.<\/p>\n<p>Nossa empresa tem muitas dessas garrafas de vidro impressas personalizadas, tem muitos tipos de formatos, como formato de torre, formato de cora\u00e7\u00e3o, formato de caveira e garrafas redondas de vidro preto Boston. Tamb\u00e9m aceitamos pedidos ODM \/ OEM, s\u00f3 voc\u00ea nos d\u00e1 uma foto ou desenho, podemos fazer a mesma garrafa.<\/p>\n<h4>As informa\u00e7\u00f5es das garrafas de vidro personalizadas com tampa 250ml:<\/h4>\n<ul>\n<li>Material principal: vidro de pedra alta<\/li>\n<li>Tampa: tampa de rosca<\/li>\n<li>Refer\u00eancia: RS061<\/li>\n<li>Quantidade m\u00ednima: 10000 PCS<\/li>\n<li>Capacidade: 100ml<\/li>\n<li>Pe\u00e7as\/Ctn: 24 pe\u00e7as<\/li>\n<li>Origem do lugar: Shandong, China<\/li>\n<li>Mat\u00e9ria: Ecol\u00f3gico<\/li>\n<\/ul>\n<p>Essas garrafas de vidro personalizadas para bebidas alco\u00f3licas s\u00e3o feitas muito rapidamente e temos algumas garrafas em estoque. Se voc\u00ea quiser com urg\u00eancia, podemos providenciar a entrega para voc\u00ea o mais r\u00e1pido poss\u00edvel.<\/p>\n<p>Como um dos maiores fabricantes de garrafas de bebidas espirituosas da China, a Ruisheng tamb\u00e9m pode fabricar pulverizadores para voc\u00ea com esta garrafa.<\/p>\n<p>Nossos principais produtos s\u00e3o garrafas de vidro transparente de alta qualidade, como garrafa de vodka, garrafa de conhaque, garrafa de u\u00edsque, garrafa de licor, garrafa de gel\u00e9ia e assim por diante. Tamb\u00e9m podemos oferecer garrafas de vidro \u00e2mbar, garrafas verdes e garrafas de \u00e1gua. Nosso principal mercado \u00e9 Europa, R\u00fassia, Austr\u00e1lia, Am\u00e9rica, etc. E todos os produtos gozam de grande reputa\u00e7\u00e3o em termos de inova\u00e7\u00e3o e funcionalidade.<\/p>\n<p>Espero que gostem dessas garrafinhas de vidro personalizadas no atacado, tamb\u00e9m podemos enviar o cat\u00e1logo, voc\u00ea pode escolher algu\u00e9m de sua prefer\u00eancia. Tamb\u00e9m convidamos voc\u00ea a visitar nossa f\u00e1brica e fazer um pedido. Esperamos cooperar com voc\u00ea por muito tempo. <span class=\"tran\" data-group=\"0_0\">eu espero que<\/span> <span class=\"tran\" data-group=\"1_1\">n\u00f3s<\/span> <span class=\"tran\" data-group=\"2_2\">pode<\/span> <span class=\"tran highlight\" data-group=\"3_3\">colaborar<\/span> <span class=\"tran\" data-group=\"4_4\">Felizmente<\/span>.<\/p>\n<p>Se voc\u00ea estiver interessado em garrafas de vidro a granel no pre\u00e7o de sa\u00edda da f\u00e1brica. Por favor, entre em contato conosco. Responderemos dentro de 24 horas.<\/p>\n\n\t\t<\/div>\n\t<\/div>\n<\/div><\/div><\/div><\/div>\n<\/div>","protected":false},"excerpt":{"rendered":"<p>.tg {border-collapse:collapse;border-spacing:0;border-color:#ccc;}<br \/>.tg td{font-family:Arial, sans-serif;font-size:14px;padding:10px 5px;border-style:solid;border-width:1px;overflow:hidden;word-break:normal;border-color:#ccc;color:#333;background-color:#fff;}<br \/>.tg th{font-family:Arial, sans-serif;font-size:14px;font-weight:normal;padding:10px 5px;border-style:solid;border-width:1px;overflow:hidden;word-break:normal;border-color:#ccc;color:#333;background-color:#f0f0;}<br \/>.tg .tg-24i8{font-size:24px;vertical-align:top}<br \/>.tg .tg-b7b8{background-color:#f9f9f9;vertical-align:top}<br \/>.tg .tg-yw4l{alinhamento vertical:topo}<\/p>\n<table class=\"tg\">\n<tbody>\n<tr>\n<th class=\"tg-24i8\" colspan=\"2\">Pequenas garrafas de vidro personalizadas com tampa<\/th>\n<\/tr>\n<tr>\n<td class=\"tg-b7b8\">Refer\u00eancia:<\/td>\n<td class=\"tg-b7b8\">RS061<\/td>\n<\/tr>\n<tr>\n<td class=\"tg-yw4l\">Material Principal:<\/td>\n<td class=\"tg-yw4l\">Vidro de pedra alta (este material tamb\u00e9m \u00e9 chamado de vidro branco cristalino)<\/td>\n<\/tr>\n<tr>\n<td class=\"tg-b7b8\">Bon\u00e9:<\/td>\n<td class=\"tg-b7b8\">Tampa de rosca<\/td>\n<\/tr>\n<tr>\n<td class=\"tg-yw4l\">Capacidade:<\/td>\n<td class=\"tg-yw4l\">Personalizado<\/td>\n<\/tr>\n<tr>\n<td class=\"tg-b7b8\">Recurso:<\/td>\n<td class=\"tg-b7b8\">Ecol\u00f3gico<\/td>\n<\/tr>\n<tr>\n<td class=\"tg-yw4l\">Quantidade m\u00ednima:<\/td>\n<td class=\"tg-yw4l\">10.000 unidades<\/td>\n<\/tr>\n<tr>\n<td class=\"tg-b7b8\">Maneira de embalagem:<\/td>\n<td class=\"tg-b7b8\">Caixa padr\u00e3o de exporta\u00e7\u00e3o\/palete\/caixa padr\u00e3o de exporta\u00e7\u00e3o e palete<\/td>\n<\/tr>\n<tr>\n<td class=\"tg-yw4l\">OEM\/ODM:<\/td>\n<td class=\"tg-yw4l\">Bem-vindo<\/td>\n<\/tr>\n<tr>\n<td class=\"tg-b7b8\">Origem do lugar:<\/td>\n<td class=\"tg-b7b8\">Shandong,China<\/td>\n<\/tr>\n<tr>\n<td class=\"tg-yw4l\">Unidades\/Ctn:<\/td>\n<td class=\"tg-yw4l\">24pcs ou de acordo com as demandas do cliente<\/td>\n<\/tr>\n<\/tbody>\n<\/table>","protected":false},"featured_media":2793,"comment_status":"open","ping_status":"closed","template":"","meta":[],"product_brand":[],"product_cat":[48,55,67],"product_tag":[],"class_list":{"0":"post-758","1":"product","2":"type-product","3":"status-publish","4":"has-post-thumbnail","6":"product_cat-250ml-glass-bottle","7":"product_cat-custom-glass-bottle","8":"product_cat-vodka-bottle","9":"entry","10":"has-media","12":"first","13":"instock","14":"shipping-taxable","15":"product-type-simple"},"yoast_head":"<!-- This site is optimized with the Yoast SEO plugin v27.3 - https:\/\/yoast.com\/product\/yoast-seo-wordpress\/ -->\n<title>250ml Custom Glass Bottles With Lids | China Spirit Bottles Manufacturers<\/title>\n<meta name=\"description\" content=\"Ruisheng, a professional China Spirit Bottle Manufacturer, Wholesale 250ml 250ml Custom Glass Bottles with Lids In Factory Outlet Price.\" \/>\n<meta name=\"robots\" content=\"index, follow, max-snippet:-1, max-image-preview:large, max-video-preview:-1\" \/>\n<link rel=\"canonical\" href=\"https:\/\/ruishengglassco.com\/product\/rs0611-custom-manufacturers-small-glass-bottles-250ml\" \/>\n<meta property=\"og:locale\" content=\"pt_PT\" \/>\n<meta property=\"og:type\" content=\"article\" \/>\n<meta property=\"og:title\" content=\"250ml Custom Glass Bottles With Lids | China Spirit Bottles Manufacturers\" \/>\n<meta property=\"og:description\" content=\"Ruisheng, a professional China Spirit Bottle Manufacturer, Wholesale 250ml 250ml Custom Glass Bottles with Lids In Factory Outlet Price.\" \/>\n<meta property=\"og:url\" content=\"https:\/\/ruishengglassco.com\/product\/rs0611-custom-manufacturers-small-glass-bottles-250ml\" \/>\n<meta property=\"og:site_name\" content=\"Glass Bottle Wholesale\" \/>\n<meta property=\"article:modified_time\" content=\"2025-07-10T01:39:02+00:00\" \/>\n<meta property=\"og:image\" content=\"https:\/\/glassbottlewholesale.com\/wp-content\/uploads\/2021\/05\/R85-glassbottle.jpg\" \/>\n\t<meta property=\"og:image:width\" content=\"800\" \/>\n\t<meta property=\"og:image:height\" content=\"800\" \/>\n\t<meta property=\"og:image:type\" content=\"image\/jpeg\" \/>\n<meta name=\"twitter:card\" content=\"summary_large_image\" \/>\n<meta name=\"twitter:label1\" content=\"Tempo estimado de leitura\" \/>\n\t<meta name=\"twitter:data1\" content=\"2 minutos\" \/>\n<script type=\"application\/ld+json\" class=\"yoast-schema-graph\">{\"@context\":\"https:\\\/\\\/schema.org\",\"@graph\":[{\"@type\":\"WebPage\",\"@id\":\"https:\\\/\\\/glassbottlewholesale.com\\\/custom-wholesale-small-glass-bottles-250ml\\\/\",\"url\":\"https:\\\/\\\/ruishengglassco.com\\\/product\\\/rs0611-custom-manufacturers-small-glass-bottles-250ml\",\"name\":\"250ml Custom Glass Bottles With Lids | China Spirit Bottles Manufacturers\",\"isPartOf\":{\"@id\":\"https:\\\/\\\/glassbottlewholesale.com\\\/#website\"},\"primaryImageOfPage\":{\"@id\":\"https:\\\/\\\/ruishengglassco.com\\\/product\\\/rs0611-custom-manufacturers-small-glass-bottles-250ml#primaryimage\"},\"image\":{\"@id\":\"https:\\\/\\\/ruishengglassco.com\\\/product\\\/rs0611-custom-manufacturers-small-glass-bottles-250ml#primaryimage\"},\"thumbnailUrl\":\"https:\\\/\\\/glassbottlewholesale.com\\\/wp-content\\\/uploads\\\/2021\\\/05\\\/R85-glassbottle.jpg\",\"datePublished\":\"2019-10-18T08:36:43+00:00\",\"dateModified\":\"2025-07-10T01:39:02+00:00\",\"description\":\"Ruisheng, a professional China Spirit Bottle Manufacturer, Wholesale 250ml 250ml Custom Glass Bottles with Lids In Factory Outlet Price.\",\"breadcrumb\":{\"@id\":\"https:\\\/\\\/ruishengglassco.com\\\/product\\\/rs0611-custom-manufacturers-small-glass-bottles-250ml#breadcrumb\"},\"inLanguage\":\"pt-PT\",\"potentialAction\":[{\"@type\":\"ReadAction\",\"target\":[\"https:\\\/\\\/ruishengglassco.com\\\/product\\\/rs0611-custom-manufacturers-small-glass-bottles-250ml\"]}]},{\"@type\":\"ImageObject\",\"inLanguage\":\"pt-PT\",\"@id\":\"https:\\\/\\\/ruishengglassco.com\\\/product\\\/rs0611-custom-manufacturers-small-glass-bottles-250ml#primaryimage\",\"url\":\"https:\\\/\\\/glassbottlewholesale.com\\\/wp-content\\\/uploads\\\/2021\\\/05\\\/R85-glassbottle.jpg\",\"contentUrl\":\"https:\\\/\\\/glassbottlewholesale.com\\\/wp-content\\\/uploads\\\/2021\\\/05\\\/R85-glassbottle.jpg\",\"width\":800,\"height\":800,\"caption\":\"Custom Wholesale Small Glass Bottles 250ml\"},{\"@type\":\"BreadcrumbList\",\"@id\":\"https:\\\/\\\/ruishengglassco.com\\\/product\\\/rs0611-custom-manufacturers-small-glass-bottles-250ml#breadcrumb\",\"itemListElement\":[{\"@type\":\"ListItem\",\"position\":1,\"name\":\"Home\",\"item\":\"https:\\\/\\\/glassbottlewholesale.com\\\/\"},{\"@type\":\"ListItem\",\"position\":2,\"name\":\"Products\",\"item\":\"https:\\\/\\\/glassbottlewholesale.com\\\/shop\\\/\"},{\"@type\":\"ListItem\",\"position\":3,\"name\":\"RS0611: Custom Wholesale Small Glass Bottles 250ml\"}]},{\"@type\":\"WebSite\",\"@id\":\"https:\\\/\\\/glassbottlewholesale.com\\\/#website\",\"url\":\"https:\\\/\\\/glassbottlewholesale.com\\\/\",\"name\":\"Glass Bottle Wholesale\",\"description\":\"\",\"publisher\":{\"@id\":\"https:\\\/\\\/glassbottlewholesale.com\\\/#organization\"},\"potentialAction\":[{\"@type\":\"SearchAction\",\"target\":{\"@type\":\"EntryPoint\",\"urlTemplate\":\"https:\\\/\\\/glassbottlewholesale.com\\\/?s={search_term_string}\"},\"query-input\":{\"@type\":\"PropertyValueSpecification\",\"valueRequired\":true,\"valueName\":\"search_term_string\"}}],\"inLanguage\":\"pt-PT\"},{\"@type\":\"Organization\",\"@id\":\"https:\\\/\\\/glassbottlewholesale.com\\\/#organization\",\"name\":\"Glass Bottle Wholesale\",\"url\":\"https:\\\/\\\/glassbottlewholesale.com\\\/\",\"logo\":{\"@type\":\"ImageObject\",\"inLanguage\":\"pt-PT\",\"@id\":\"https:\\\/\\\/glassbottlewholesale.com\\\/#\\\/schema\\\/logo\\\/image\\\/\",\"url\":\"https:\\\/\\\/glassbottlewholesale.com\\\/wp-content\\\/uploads\\\/2023\\\/12\\\/ruisheng-logo.webp\",\"contentUrl\":\"https:\\\/\\\/glassbottlewholesale.com\\\/wp-content\\\/uploads\\\/2023\\\/12\\\/ruisheng-logo.webp\",\"width\":400,\"height\":233,\"caption\":\"Glass Bottle Wholesale\"},\"image\":{\"@id\":\"https:\\\/\\\/glassbottlewholesale.com\\\/#\\\/schema\\\/logo\\\/image\\\/\"}}]}<\/script>\n<!-- \/ Yoast SEO plugin. -->","yoast_head_json":{"title":"Garrafas de vidro personalizadas de 250ml com tampa | Fabricantes de garrafas de bebidas espirituosas na China","description":"Ruisheng, um fabricante profissional de garrafas de bebidas espirituosas na China, garrafas de vidro personalizadas de 250ml e 250ml no atacado com tampa no pre\u00e7o de sa\u00edda de f\u00e1brica.","robots":{"index":"index","follow":"follow","max-snippet":"max-snippet:-1","max-image-preview":"max-image-preview:large","max-video-preview":"max-video-preview:-1"},"canonical":"https:\/\/ruishengglassco.com\/product\/rs0611-custom-manufacturers-small-glass-bottles-250ml","og_locale":"pt_PT","og_type":"article","og_title":"250ml Custom Glass Bottles With Lids | China Spirit Bottles Manufacturers","og_description":"Ruisheng, a professional China Spirit Bottle Manufacturer, Wholesale 250ml 250ml Custom Glass Bottles with Lids In Factory Outlet Price.","og_url":"https:\/\/ruishengglassco.com\/product\/rs0611-custom-manufacturers-small-glass-bottles-250ml","og_site_name":"Glass Bottle Wholesale","article_modified_time":"2025-07-10T01:39:02+00:00","og_image":[{"width":800,"height":800,"url":"https:\/\/glassbottlewholesale.com\/wp-content\/uploads\/2021\/05\/R85-glassbottle.jpg","type":"image\/jpeg"}],"twitter_card":"summary_large_image","twitter_misc":{"Tempo estimado de leitura":"2 minutos"},"schema":{"@context":"https:\/\/schema.org","@graph":[{"@type":"WebPage","@id":"https:\/\/glassbottlewholesale.com\/custom-wholesale-small-glass-bottles-250ml\/","url":"https:\/\/ruishengglassco.com\/product\/rs0611-custom-manufacturers-small-glass-bottles-250ml","name":"Garrafas de vidro personalizadas de 250ml com tampa | Fabricantes de garrafas de bebidas espirituosas na China","isPartOf":{"@id":"https:\/\/glassbottlewholesale.com\/#website"},"primaryImageOfPage":{"@id":"https:\/\/ruishengglassco.com\/product\/rs0611-custom-manufacturers-small-glass-bottles-250ml#primaryimage"},"image":{"@id":"https:\/\/ruishengglassco.com\/product\/rs0611-custom-manufacturers-small-glass-bottles-250ml#primaryimage"},"thumbnailUrl":"https:\/\/glassbottlewholesale.com\/wp-content\/uploads\/2021\/05\/R85-glassbottle.jpg","datePublished":"2019-10-18T08:36:43+00:00","dateModified":"2025-07-10T01:39:02+00:00","description":"Ruisheng, um fabricante profissional de garrafas de bebidas espirituosas na China, garrafas de vidro personalizadas de 250ml e 250ml no atacado com tampa no pre\u00e7o de sa\u00edda de f\u00e1brica.","breadcrumb":{"@id":"https:\/\/ruishengglassco.com\/product\/rs0611-custom-manufacturers-small-glass-bottles-250ml#breadcrumb"},"inLanguage":"pt-PT","potentialAction":[{"@type":"ReadAction","target":["https:\/\/ruishengglassco.com\/product\/rs0611-custom-manufacturers-small-glass-bottles-250ml"]}]},{"@type":"ImageObject","inLanguage":"pt-PT","@id":"https:\/\/ruishengglassco.com\/product\/rs0611-custom-manufacturers-small-glass-bottles-250ml#primaryimage","url":"https:\/\/glassbottlewholesale.com\/wp-content\/uploads\/2021\/05\/R85-glassbottle.jpg","contentUrl":"https:\/\/glassbottlewholesale.com\/wp-content\/uploads\/2021\/05\/R85-glassbottle.jpg","width":800,"height":800,"caption":"Custom Wholesale Small Glass Bottles 250ml"},{"@type":"BreadcrumbList","@id":"https:\/\/ruishengglassco.com\/product\/rs0611-custom-manufacturers-small-glass-bottles-250ml#breadcrumb","itemListElement":[{"@type":"ListItem","position":1,"name":"Home","item":"https:\/\/glassbottlewholesale.com\/"},{"@type":"ListItem","position":2,"name":"Products","item":"https:\/\/glassbottlewholesale.com\/shop\/"},{"@type":"ListItem","position":3,"name":"RS0611: Custom Wholesale Small Glass Bottles 250ml"}]},{"@type":"WebSite","@id":"https:\/\/glassbottlewholesale.com\/#website","url":"https:\/\/glassbottlewholesale.com\/","name":"Glass Bottle Wholesale","description":"","publisher":{"@id":"https:\/\/glassbottlewholesale.com\/#organization"},"potentialAction":[{"@type":"SearchAction","target":{"@type":"EntryPoint","urlTemplate":"https:\/\/glassbottlewholesale.com\/?s={search_term_string}"},"query-input":{"@type":"PropertyValueSpecification","valueRequired":true,"valueName":"search_term_string"}}],"inLanguage":"pt-PT"},{"@type":"Organization","@id":"https:\/\/glassbottlewholesale.com\/#organization","name":"Glass Bottle Wholesale","url":"https:\/\/glassbottlewholesale.com\/","logo":{"@type":"ImageObject","inLanguage":"pt-PT","@id":"https:\/\/glassbottlewholesale.com\/#\/schema\/logo\/image\/","url":"https:\/\/glassbottlewholesale.com\/wp-content\/uploads\/2023\/12\/ruisheng-logo.webp","contentUrl":"https:\/\/glassbottlewholesale.com\/wp-content\/uploads\/2023\/12\/ruisheng-logo.webp","width":400,"height":233,"caption":"Glass Bottle Wholesale"},"image":{"@id":"https:\/\/glassbottlewholesale.com\/#\/schema\/logo\/image\/"}}]}},"_links":{"self":[{"href":"https:\/\/glassbottlewholesale.com\/pt\/wp-json\/wp\/v2\/product\/758","targetHints":{"allow":["GET"]}}],"collection":[{"href":"https:\/\/glassbottlewholesale.com\/pt\/wp-json\/wp\/v2\/product"}],"about":[{"href":"https:\/\/glassbottlewholesale.com\/pt\/wp-json\/wp\/v2\/types\/product"}],"replies":[{"embeddable":true,"href":"https:\/\/glassbottlewholesale.com\/pt\/wp-json\/wp\/v2\/comments?post=758"}],"wp:featuredmedia":[{"embeddable":true,"href":"https:\/\/glassbottlewholesale.com\/pt\/wp-json\/wp\/v2\/media\/2793"}],"wp:attachment":[{"href":"https:\/\/glassbottlewholesale.com\/pt\/wp-json\/wp\/v2\/media?parent=758"}],"wp:term":[{"taxonomy":"product_brand","embeddable":true,"href":"https:\/\/glassbottlewholesale.com\/pt\/wp-json\/wp\/v2\/product_brand?post=758"},{"taxonomy":"product_cat","embeddable":true,"href":"https:\/\/glassbottlewholesale.com\/pt\/wp-json\/wp\/v2\/product_cat?post=758"},{"taxonomy":"product_tag","embeddable":true,"href":"https:\/\/glassbottlewholesale.com\/pt\/wp-json\/wp\/v2\/product_tag?post=758"}],"curies":[{"name":"wp","href":"https:\/\/api.w.org\/{rel}","templated":true}]}}