{"id":762,"date":"2019-12-18T08:44:59","date_gmt":"2019-12-18T08:44:59","guid":{"rendered":"https:\/\/queenchingglass.com\/?post_type=product&#038;p=762"},"modified":"2025-07-10T03:35:34","modified_gmt":"2025-07-10T03:35:34","slug":"garrafa-de-vidro-de-750ml-no-atacado-com-rolha-para-bebidas-espirituosas","status":"publish","type":"product","link":"https:\/\/glassbottlewholesale.com\/pt\/garrafa-de-vidro-de-750ml-no-atacado-com-rolha-para-bebidas-espirituosas\/","title":{"rendered":"RS045: Garrafa de vidro de 750ml no atacado com rolha para bebidas espirituosas"},"content":{"rendered":"<div class=\"wpb-content-wrapper\"><div class=\"vc_row wpb_row vc_row-fluid\"><div class=\"wpb_column vc_column_container vc_col-sm-12\"><div class=\"vc_column-inner\"><div class=\"wpb_wrapper\">\n\t<div class=\"wpb_text_column wpb_content_element\" >\n\t\t<div class=\"wpb_wrapper\">\n\t\t\t<h2>Garrafa de vidro com corti\u00e7a no atacado para bebidas espirituosas<\/h2>\n<p>Nossa empresa est\u00e1 envolvida principalmente na exporta\u00e7\u00e3o de <a href=\"https:\/\/ruishengglassco.com\/750ml-liquor-glass-bottle-manufacturer\">Garrafas de vidro de esp\u00edrito de 750ml<\/a>, exportamos para os Estados Unidos, R\u00fassia, \u00c1frica e outros pa\u00edses e recebemos elogios consistentes do cliente. Garrafas de vidro impressas personalizadas Fornecedores de garrafas de vidro de 750ml s\u00e3o um dos projetos da nossa empresa.<\/p>\n<p>Nossa empresa tem mais de 500 funcion\u00e1rios e um grupo de engenheiros qualificados. Com rica experi\u00eancia, temos uma boa reputa\u00e7\u00e3o em todo o mundo. Verificamos cada garrafa com muito cuidado, trataremos das garrafas n\u00e3o qualificadas. Podemos garantir que cada garrafa na sua m\u00e3o \u00e9 perfeita.<\/p>\n<p>Nossos principais produtos s\u00e3o garrafas de vidro de 750 ml de alta qualidade para venda, como garrafa de vodka, garrafa de conhaque, garrafa de u\u00edsque, garrafa de licor, garrafa de gel\u00e9ia e assim por diante. Tamb\u00e9m podemos oferecer garrafas de vidro \u00e2mbar, garrafas verdes e garrafas de \u00e1gua. Nosso principal mercado \u00e9 a Europa, os EUA, a Austr\u00e1lia, a Am\u00e9rica, etc. E todos os produtos gozam de grande reputa\u00e7\u00e3o em termos de inova\u00e7\u00e3o e funcionalidade.<\/p>\n<h4>Detalhes sobre garrafa de vidro com corti\u00e7a no atacado<\/h4>\n<ul>\n<li>Material principal: vidro de pedra alta<\/li>\n<li>Tampa: tampa de rosca<\/li>\n<li>Refer\u00eancia: RS045<\/li>\n<li>Quantidade m\u00ednima: 10000 PCS<\/li>\n<li>Capacidade: 750ml<\/li>\n<li>Pe\u00e7as\/Ctn: 24 pe\u00e7as<\/li>\n<li>Origem do lugar: Shandong, China<\/li>\n<li>Mat\u00e9ria: Ecol\u00f3gico<\/li>\n<\/ul>\n<p>Esta garrafa de vidro impressa personalizada de 750ml tem um formato \u00fanico, tem gargalo longo e base mais grossa. Podemos fazer um processamento profundo em sua superf\u00edcie, podemos imprimir seu logotipo nela. Al\u00e9m disso, a boca desta garrafa pode mudar, podemos mudar para o que voc\u00ea quiser.<\/p>\n<p>O mais digno de nota \u00e9 que voc\u00ea pode visitar nossa f\u00e1brica a qualquer momento, estamos prontos para receb\u00ea-lo. Temos pessoas especiais para apresentar a empresa, certifique-se de ter um conhecimento completo da nossa empresa.<\/p>\n<p>Nossa empresa tamb\u00e9m aceita<a href=\"https:\/\/ruishengglassco.com\/custom-glass-bottle\"> garrafa de vidro personalizada<\/a>, podemos fazer a mesma garrafa de vidro de acordo com as informa\u00e7\u00f5es que voc\u00ea forneceu.<\/p>\n<p>Se voc\u00ea estiver interessado em nossos fornecedores de garrafas de vidro impressas personalizadas de 750ml, entre em contato conosco. Responderemos dentro de 24 horas.<\/p>\n\n\t\t<\/div>\n\t<\/div>\n<\/div><\/div><\/div><\/div>\n<\/div>","protected":false},"excerpt":{"rendered":"<p>.tg {border-collapse:collapse;border-spacing:0;border-color:#ccc;}<br \/>.tg td{font-family:Arial, sans-serif;font-size:14px;padding:10px 5px;border-style:solid;border-width:1px;overflow:hidden;word-break:normal;border-color:#ccc;color:#333;background-color:#fff;}<br \/>.tg th{font-family:Arial, sans-serif;font-size:14px;font-weight:normal;padding:10px 5px;border-style:solid;border-width:1px;overflow:hidden;word-break:normal;border-color:#ccc;color:#333;background-color:#f0f0;}<br \/>.tg .tg-24i8{font-size:24px;vertical-align:top}<br \/>.tg .tg-b7b8{background-color:#f9f9f9;vertical-align:top}<br \/>.tg .tg-yw4l{alinhamento vertical:topo}<\/p>\n<table class=\"tg\">\n<tbody>\n<tr>\n<th class=\"tg-24i8\" colspan=\"2\">Garrafa de vidro de 750ml no atacado com corti\u00e7a para bebidas espirituosas<\/th>\n<\/tr>\n<tr>\n<td class=\"tg-b7b8\">Material Principal:<\/td>\n<td class=\"tg-b7b8\">Vidro super branco sem chumbo<\/td>\n<\/tr>\n<tr>\n<td class=\"tg-yw4l\">Bon\u00e9:<\/td>\n<td class=\"tg-yw4l\">Tampa met\u00e1lica\/corti\u00e7a\/tampa de rosca<\/td>\n<\/tr>\n<tr>\n<td class=\"tg-b7b8\">Capacidade:<\/td>\n<td class=\"tg-b7b8\">700ml\/750ml<\/td>\n<\/tr>\n<tr>\n<td class=\"tg-yw4l\">Cor<\/td>\n<td class=\"tg-yw4l\">Transparente<\/td>\n<\/tr>\n<tr>\n<td class=\"tg-b7b8\"><strong>Quantidade m\u00ednima:<\/strong><\/td>\n<td class=\"tg-b7b8\"><strong>10.000 unidades<\/strong><\/td>\n<\/tr>\n<tr>\n<td class=\"tg-yw4l\">Peso<\/td>\n<td class=\"tg-yw4l\">540g<\/td>\n<\/tr>\n<tr>\n<td class=\"tg-b7b8\">Altura<\/td>\n<td class=\"tg-b7b8\">232 mm<\/td>\n<\/tr>\n<tr>\n<td class=\"tg-yw4l\">Refer\u00eancia:<\/td>\n<td class=\"tg-yw4l\">RS045<\/td>\n<\/tr>\n<tr>\n<td class=\"tg-b7b8\">Maneira de envio:<\/td>\n<td class=\"tg-b7b8\">Navio, Expresso<\/td>\n<\/tr>\n<tr>\n<td class=\"tg-yw4l\">OEM\/ODM:<\/td>\n<td class=\"tg-yw4l\">Bem-vindo<\/td>\n<\/tr>\n<\/tbody>\n<\/table>","protected":false},"featured_media":4760,"comment_status":"open","ping_status":"closed","template":"","meta":[],"product_brand":[],"product_cat":[51,52,63],"product_tag":[],"class_list":{"0":"post-762","1":"product","2":"type-product","3":"status-publish","4":"has-post-thumbnail","6":"product_cat-700ml-glass-bottle","7":"product_cat-750ml-glass-bottle","8":"product_cat-liquor-bottle","9":"entry","10":"has-media","12":"first","13":"instock","14":"shipping-taxable","15":"product-type-simple"},"yoast_head":"<!-- This site is optimized with the Yoast SEO plugin v27.3 - https:\/\/yoast.com\/product\/yoast-seo-wordpress\/ -->\n<title>Glass Bottle With Cork Wholesale | Bulk Spirit Bottle Manufacturers<\/title>\n<meta name=\"description\" content=\"Ruisheng, one of the largest bulk spirit bottle manufacturers from China, provide glass bottle with corks wholesale for liquor brand&amp;company.\" \/>\n<meta name=\"robots\" content=\"index, follow, max-snippet:-1, max-image-preview:large, max-video-preview:-1\" \/>\n<link rel=\"canonical\" href=\"https:\/\/ruishengglassco.com\/product\/rs045-wholesale-750ml-glass-bottle-with-cork-for-spirit\" \/>\n<meta property=\"og:locale\" content=\"pt_PT\" \/>\n<meta property=\"og:type\" content=\"article\" \/>\n<meta property=\"og:title\" content=\"Glass Bottle With Cork Wholesale | Bulk Spirit Bottle Manufacturers\" \/>\n<meta property=\"og:description\" content=\"Ruisheng, one of the largest bulk spirit bottle manufacturers from China, provide glass bottle with corks wholesale for liquor brand&amp;company.\" \/>\n<meta property=\"og:url\" content=\"https:\/\/ruishengglassco.com\/product\/rs045-wholesale-750ml-glass-bottle-with-cork-for-spirit\" \/>\n<meta property=\"og:site_name\" content=\"Glass Bottle Wholesale\" \/>\n<meta property=\"article:modified_time\" content=\"2025-07-10T03:35:34+00:00\" \/>\n<meta property=\"og:image\" content=\"https:\/\/glassbottlewholesale.com\/wp-content\/uploads\/2024\/04\/glass-bottle-manufacturing12.png\" \/>\n\t<meta property=\"og:image:width\" content=\"800\" \/>\n\t<meta property=\"og:image:height\" content=\"800\" \/>\n\t<meta property=\"og:image:type\" content=\"image\/png\" \/>\n<meta name=\"twitter:card\" content=\"summary_large_image\" \/>\n<meta name=\"twitter:label1\" content=\"Tempo estimado de leitura\" \/>\n\t<meta name=\"twitter:data1\" content=\"2 minutos\" \/>\n<script type=\"application\/ld+json\" class=\"yoast-schema-graph\">{\"@context\":\"https:\\\/\\\/schema.org\",\"@graph\":[{\"@type\":\"WebPage\",\"@id\":\"https:\\\/\\\/glassbottlewholesale.com\\\/wholesale-750ml-glass-bottle-with-cork-for-spirit\\\/\",\"url\":\"https:\\\/\\\/ruishengglassco.com\\\/product\\\/rs045-wholesale-750ml-glass-bottle-with-cork-for-spirit\",\"name\":\"Glass Bottle With Cork Wholesale | Bulk Spirit Bottle Manufacturers\",\"isPartOf\":{\"@id\":\"https:\\\/\\\/glassbottlewholesale.com\\\/#website\"},\"primaryImageOfPage\":{\"@id\":\"https:\\\/\\\/ruishengglassco.com\\\/product\\\/rs045-wholesale-750ml-glass-bottle-with-cork-for-spirit#primaryimage\"},\"image\":{\"@id\":\"https:\\\/\\\/ruishengglassco.com\\\/product\\\/rs045-wholesale-750ml-glass-bottle-with-cork-for-spirit#primaryimage\"},\"thumbnailUrl\":\"https:\\\/\\\/glassbottlewholesale.com\\\/wp-content\\\/uploads\\\/2024\\\/04\\\/glass-bottle-manufacturing12.png\",\"datePublished\":\"2019-12-18T08:44:59+00:00\",\"dateModified\":\"2025-07-10T03:35:34+00:00\",\"description\":\"Ruisheng, one of the largest bulk spirit bottle manufacturers from China, provide glass bottle with corks wholesale for liquor brand&company.\",\"breadcrumb\":{\"@id\":\"https:\\\/\\\/ruishengglassco.com\\\/product\\\/rs045-wholesale-750ml-glass-bottle-with-cork-for-spirit#breadcrumb\"},\"inLanguage\":\"pt-PT\",\"potentialAction\":[{\"@type\":\"ReadAction\",\"target\":[\"https:\\\/\\\/ruishengglassco.com\\\/product\\\/rs045-wholesale-750ml-glass-bottle-with-cork-for-spirit\"]}]},{\"@type\":\"ImageObject\",\"inLanguage\":\"pt-PT\",\"@id\":\"https:\\\/\\\/ruishengglassco.com\\\/product\\\/rs045-wholesale-750ml-glass-bottle-with-cork-for-spirit#primaryimage\",\"url\":\"https:\\\/\\\/glassbottlewholesale.com\\\/wp-content\\\/uploads\\\/2024\\\/04\\\/glass-bottle-manufacturing12.png\",\"contentUrl\":\"https:\\\/\\\/glassbottlewholesale.com\\\/wp-content\\\/uploads\\\/2024\\\/04\\\/glass-bottle-manufacturing12.png\",\"width\":800,\"height\":800,\"caption\":\"RS045: Wholesale 750ml Glass Bottle With Cork For Spirit\"},{\"@type\":\"BreadcrumbList\",\"@id\":\"https:\\\/\\\/ruishengglassco.com\\\/product\\\/rs045-wholesale-750ml-glass-bottle-with-cork-for-spirit#breadcrumb\",\"itemListElement\":[{\"@type\":\"ListItem\",\"position\":1,\"name\":\"Home\",\"item\":\"https:\\\/\\\/glassbottlewholesale.com\\\/\"},{\"@type\":\"ListItem\",\"position\":2,\"name\":\"Products\",\"item\":\"https:\\\/\\\/glassbottlewholesale.com\\\/shop\\\/\"},{\"@type\":\"ListItem\",\"position\":3,\"name\":\"RS045: Wholesale 750ml Glass Bottle With Cork For Spirit\"}]},{\"@type\":\"WebSite\",\"@id\":\"https:\\\/\\\/glassbottlewholesale.com\\\/#website\",\"url\":\"https:\\\/\\\/glassbottlewholesale.com\\\/\",\"name\":\"Glass Bottle Wholesale\",\"description\":\"\",\"publisher\":{\"@id\":\"https:\\\/\\\/glassbottlewholesale.com\\\/#organization\"},\"potentialAction\":[{\"@type\":\"SearchAction\",\"target\":{\"@type\":\"EntryPoint\",\"urlTemplate\":\"https:\\\/\\\/glassbottlewholesale.com\\\/?s={search_term_string}\"},\"query-input\":{\"@type\":\"PropertyValueSpecification\",\"valueRequired\":true,\"valueName\":\"search_term_string\"}}],\"inLanguage\":\"pt-PT\"},{\"@type\":\"Organization\",\"@id\":\"https:\\\/\\\/glassbottlewholesale.com\\\/#organization\",\"name\":\"Glass Bottle Wholesale\",\"url\":\"https:\\\/\\\/glassbottlewholesale.com\\\/\",\"logo\":{\"@type\":\"ImageObject\",\"inLanguage\":\"pt-PT\",\"@id\":\"https:\\\/\\\/glassbottlewholesale.com\\\/#\\\/schema\\\/logo\\\/image\\\/\",\"url\":\"https:\\\/\\\/glassbottlewholesale.com\\\/wp-content\\\/uploads\\\/2023\\\/12\\\/ruisheng-logo.webp\",\"contentUrl\":\"https:\\\/\\\/glassbottlewholesale.com\\\/wp-content\\\/uploads\\\/2023\\\/12\\\/ruisheng-logo.webp\",\"width\":400,\"height\":233,\"caption\":\"Glass Bottle Wholesale\"},\"image\":{\"@id\":\"https:\\\/\\\/glassbottlewholesale.com\\\/#\\\/schema\\\/logo\\\/image\\\/\"}}]}<\/script>\n<!-- \/ Yoast SEO plugin. -->","yoast_head_json":{"title":"Garrafa De Vidro Com Corti\u00e7a Atacado | Fabricantes de garrafas de bebidas espirituosas a granel","description":"Ruisheng, um dos maiores fabricantes de garrafas de bebidas espirituosas a granel da China, fornece garrafas de vidro com rolhas no atacado para marcas e empresas de bebidas alco\u00f3licas.","robots":{"index":"index","follow":"follow","max-snippet":"max-snippet:-1","max-image-preview":"max-image-preview:large","max-video-preview":"max-video-preview:-1"},"canonical":"https:\/\/ruishengglassco.com\/product\/rs045-wholesale-750ml-glass-bottle-with-cork-for-spirit","og_locale":"pt_PT","og_type":"article","og_title":"Glass Bottle With Cork Wholesale | Bulk Spirit Bottle Manufacturers","og_description":"Ruisheng, one of the largest bulk spirit bottle manufacturers from China, provide glass bottle with corks wholesale for liquor brand&company.","og_url":"https:\/\/ruishengglassco.com\/product\/rs045-wholesale-750ml-glass-bottle-with-cork-for-spirit","og_site_name":"Glass Bottle Wholesale","article_modified_time":"2025-07-10T03:35:34+00:00","og_image":[{"width":800,"height":800,"url":"https:\/\/glassbottlewholesale.com\/wp-content\/uploads\/2024\/04\/glass-bottle-manufacturing12.png","type":"image\/png"}],"twitter_card":"summary_large_image","twitter_misc":{"Tempo estimado de leitura":"2 minutos"},"schema":{"@context":"https:\/\/schema.org","@graph":[{"@type":"WebPage","@id":"https:\/\/glassbottlewholesale.com\/wholesale-750ml-glass-bottle-with-cork-for-spirit\/","url":"https:\/\/ruishengglassco.com\/product\/rs045-wholesale-750ml-glass-bottle-with-cork-for-spirit","name":"Garrafa De Vidro Com Corti\u00e7a Atacado | Fabricantes de garrafas de bebidas espirituosas a granel","isPartOf":{"@id":"https:\/\/glassbottlewholesale.com\/#website"},"primaryImageOfPage":{"@id":"https:\/\/ruishengglassco.com\/product\/rs045-wholesale-750ml-glass-bottle-with-cork-for-spirit#primaryimage"},"image":{"@id":"https:\/\/ruishengglassco.com\/product\/rs045-wholesale-750ml-glass-bottle-with-cork-for-spirit#primaryimage"},"thumbnailUrl":"https:\/\/glassbottlewholesale.com\/wp-content\/uploads\/2024\/04\/glass-bottle-manufacturing12.png","datePublished":"2019-12-18T08:44:59+00:00","dateModified":"2025-07-10T03:35:34+00:00","description":"Ruisheng, um dos maiores fabricantes de garrafas de bebidas espirituosas a granel da China, fornece garrafas de vidro com rolhas no atacado para marcas e empresas de bebidas alco\u00f3licas.","breadcrumb":{"@id":"https:\/\/ruishengglassco.com\/product\/rs045-wholesale-750ml-glass-bottle-with-cork-for-spirit#breadcrumb"},"inLanguage":"pt-PT","potentialAction":[{"@type":"ReadAction","target":["https:\/\/ruishengglassco.com\/product\/rs045-wholesale-750ml-glass-bottle-with-cork-for-spirit"]}]},{"@type":"ImageObject","inLanguage":"pt-PT","@id":"https:\/\/ruishengglassco.com\/product\/rs045-wholesale-750ml-glass-bottle-with-cork-for-spirit#primaryimage","url":"https:\/\/glassbottlewholesale.com\/wp-content\/uploads\/2024\/04\/glass-bottle-manufacturing12.png","contentUrl":"https:\/\/glassbottlewholesale.com\/wp-content\/uploads\/2024\/04\/glass-bottle-manufacturing12.png","width":800,"height":800,"caption":"RS045: Wholesale 750ml Glass Bottle With Cork For Spirit"},{"@type":"BreadcrumbList","@id":"https:\/\/ruishengglassco.com\/product\/rs045-wholesale-750ml-glass-bottle-with-cork-for-spirit#breadcrumb","itemListElement":[{"@type":"ListItem","position":1,"name":"Home","item":"https:\/\/glassbottlewholesale.com\/"},{"@type":"ListItem","position":2,"name":"Products","item":"https:\/\/glassbottlewholesale.com\/shop\/"},{"@type":"ListItem","position":3,"name":"RS045: Wholesale 750ml Glass Bottle With Cork For Spirit"}]},{"@type":"WebSite","@id":"https:\/\/glassbottlewholesale.com\/#website","url":"https:\/\/glassbottlewholesale.com\/","name":"Glass Bottle Wholesale","description":"","publisher":{"@id":"https:\/\/glassbottlewholesale.com\/#organization"},"potentialAction":[{"@type":"SearchAction","target":{"@type":"EntryPoint","urlTemplate":"https:\/\/glassbottlewholesale.com\/?s={search_term_string}"},"query-input":{"@type":"PropertyValueSpecification","valueRequired":true,"valueName":"search_term_string"}}],"inLanguage":"pt-PT"},{"@type":"Organization","@id":"https:\/\/glassbottlewholesale.com\/#organization","name":"Glass Bottle Wholesale","url":"https:\/\/glassbottlewholesale.com\/","logo":{"@type":"ImageObject","inLanguage":"pt-PT","@id":"https:\/\/glassbottlewholesale.com\/#\/schema\/logo\/image\/","url":"https:\/\/glassbottlewholesale.com\/wp-content\/uploads\/2023\/12\/ruisheng-logo.webp","contentUrl":"https:\/\/glassbottlewholesale.com\/wp-content\/uploads\/2023\/12\/ruisheng-logo.webp","width":400,"height":233,"caption":"Glass Bottle Wholesale"},"image":{"@id":"https:\/\/glassbottlewholesale.com\/#\/schema\/logo\/image\/"}}]}},"_links":{"self":[{"href":"https:\/\/glassbottlewholesale.com\/pt\/wp-json\/wp\/v2\/product\/762","targetHints":{"allow":["GET"]}}],"collection":[{"href":"https:\/\/glassbottlewholesale.com\/pt\/wp-json\/wp\/v2\/product"}],"about":[{"href":"https:\/\/glassbottlewholesale.com\/pt\/wp-json\/wp\/v2\/types\/product"}],"replies":[{"embeddable":true,"href":"https:\/\/glassbottlewholesale.com\/pt\/wp-json\/wp\/v2\/comments?post=762"}],"wp:featuredmedia":[{"embeddable":true,"href":"https:\/\/glassbottlewholesale.com\/pt\/wp-json\/wp\/v2\/media\/4760"}],"wp:attachment":[{"href":"https:\/\/glassbottlewholesale.com\/pt\/wp-json\/wp\/v2\/media?parent=762"}],"wp:term":[{"taxonomy":"product_brand","embeddable":true,"href":"https:\/\/glassbottlewholesale.com\/pt\/wp-json\/wp\/v2\/product_brand?post=762"},{"taxonomy":"product_cat","embeddable":true,"href":"https:\/\/glassbottlewholesale.com\/pt\/wp-json\/wp\/v2\/product_cat?post=762"},{"taxonomy":"product_tag","embeddable":true,"href":"https:\/\/glassbottlewholesale.com\/pt\/wp-json\/wp\/v2\/product_tag?post=762"}],"curies":[{"name":"wp","href":"https:\/\/api.w.org\/{rel}","templated":true}]}}