{"id":776,"date":"2019-10-18T09:09:49","date_gmt":"2019-10-18T09:09:49","guid":{"rendered":"https:\/\/queenchingglass.com\/?post_type=product&#038;p=776"},"modified":"2025-07-10T01:38:19","modified_gmt":"2025-07-10T01:38:19","slug":"where-to-buy-glass-bottles-500ml-glass-bottle","status":"publish","type":"product","link":"https:\/\/glassbottlewholesale.com\/pt\/where-to-buy-glass-bottles-500ml-glass-bottle\/","title":{"rendered":"RS059: Onde comprar garrafas de vidro Garrafa de vidro de 500ml"},"content":{"rendered":"<div class=\"wpb-content-wrapper\"><div class=\"vc_row wpb_row vc_row-fluid\"><div class=\"wpb_column vc_column_container vc_col-sm-12\"><div class=\"vc_column-inner\"><div class=\"wpb_wrapper\">\n\t<div class=\"wpb_text_column wpb_content_element\" >\n\t\t<div class=\"wpb_wrapper\">\n\t\t\t<p>Are you searching for a place where to buy glass bottles 500ml glass bottle? Ruisheng is one of the biggest glass bottle manufacturers China, we can provide you not only 500ml liquor glass bottles, but also <a href=\"https:\/\/ruishengglassco.com\/custom-glass-bottle\">garrafas de vidro personalizadas<\/a> for you. It can be used as glass vodka bottles, brandy bottles, xo bottles, and others.<\/p>\n<p>We always adhere to the principle of quality first, our employees never slack off at work. therefore, Our empty glass bottle is very popular. <span class=\"tran\" data-group=\"0_0\">To<\/span> <span class=\"tran highlight\" data-group=\"1_25_1\">ensure<\/span> o <span class=\"tran\" data-group=\"8_19_2\">quality<\/span> <span class=\"tran\" data-group=\"5_12_18_31_3\">of<\/span> <span class=\"tran\" data-group=\"3_10_4\">nosso<\/span> <span class=\"tran\" data-group=\"6_13_5\">glass bottles<\/span>, our products <span class=\"tran\" data-group=\"15_8\">are<\/span> <span class=\"tran\" data-group=\"16_9\">subject<\/span> para <span class=\"tran\" data-group=\"17_10\">stringent<\/span> quality <span class=\"tran\" data-group=\"21_12\">testing<\/span> <span class=\"tran\" data-group=\"22_13\">and<\/span> <span class=\"tran\" data-group=\"23_14\">safe <\/span><span class=\"tran\" data-group=\"24_15\">packaging<\/span> to ensure that <span class=\"tran\" data-group=\"27_17\">you can<\/span> <span class=\"tran\" data-group=\"28_18\">use<\/span> <span class=\"tran\" data-group=\"29_19\">em<\/span> <span class=\"tran\" data-group=\"30_20\">your<\/span> <span class=\"tran\" data-group=\"32_21\">country<\/span>.<\/p>\n<p>Every one of our glass bottles for sale will pass strict inspection before they are packed, so we are confident in our quality.<\/p>\n<p>What is important is our attitude towards customers, we will patiently answer customers&#8217; questions.<\/p>\n<p>We want to make sure our customers understand our clear glass bottles and make sure we know every requirement of the customer. The reason why our factory has so many old customers, because of our conscientious attitude.<\/p>\n<p>You can also visit our website, our glass bottle sizes and types are list in detail above. You can choose your favorite glass bottle.<\/p>\n<h4>Where to buy glass bottles 500ml glass bottle<\/h4>\n<p>As informa\u00e7\u00f5es sobre a garrafa de vidro abaixo:<\/p>\n<ul>\n<li>Material principal: vidro de pedra alta<\/li>\n<li>Tampa: Corti\u00e7a<\/li>\n<li>Reference: RS059<\/li>\n<li>Quantidade m\u00ednima: 10000 PCS<\/li>\n<li>Capacity: Custom<\/li>\n<li>Pe\u00e7as\/Ctn: 24 pe\u00e7as<\/li>\n<li>Origem do lugar: Shandong, China<\/li>\n<li>Mat\u00e9ria: Ecol\u00f3gico<\/li>\n<\/ul>\n<p>We can also change the color and capacity of these empty bottles for sale, we can change it according to your requirement. If you don&#8217;t like this type of glass spirit bottles, that&#8217;s all right, I can give you our catalog, you can choose someone you like.<\/p>\n<p>I believe we will have long-term cooperation because our quality will never let you down. Our staff will answer your questions 24 hours online, you can call us, too.<\/p>\n<p>Long-Term cooperation is based on trust, I hope you can trust our products, the quality of our products is absolutely good.<\/p>\n<p>If you have any questions, can you contact me at any time, we will answer your question at any time.<\/p>\n<p>&nbsp;<\/p>\n\n\t\t<\/div>\n\t<\/div>\n<\/div><\/div><\/div><\/div>\n<\/div>","protected":false},"excerpt":{"rendered":"<p>.tg {border-collapse:collapse;border-spacing:0;border-color:#ccc;}<br \/>.tg td{font-family:Arial, sans-serif;font-size:14px;padding:10px 5px;border-style:solid;border-width:1px;overflow:hidden;word-break:normal;border-color:#ccc;color:#333;background-color:#fff;}<br \/>.tg th{font-family:Arial, sans-serif;font-size:14px;font-weight:normal;padding:10px 5px;border-style:solid;border-width:1px;overflow:hidden;word-break:normal;border-color:#ccc;color:#333;background-color:#f0f0;}<br \/>.tg .tg-24i8{font-size:24px;vertical-align:top}<br \/>.tg .tg-b7b8{background-color:#f9f9f9;vertical-align:top}<br \/>.tg .tg-yw4l{alinhamento vertical:topo}<\/p>\n<table class=\"tg\">\n<tbody>\n<tr>\n<th class=\"tg-24i8\" colspan=\"2\">Where to buy glass bottles 500ml glass bottle<\/th>\n<\/tr>\n<tr>\n<td class=\"tg-b7b8\">Refer\u00eancia:<\/td>\n<td class=\"tg-b7b8\">RS059<\/td>\n<\/tr>\n<tr>\n<td class=\"tg-yw4l\">Material Principal:<\/td>\n<td class=\"tg-yw4l\">Vidro de pedra alta (este material tamb\u00e9m \u00e9 chamado de vidro branco cristalino)<\/td>\n<\/tr>\n<tr>\n<td class=\"tg-b7b8\">Bon\u00e9:<\/td>\n<td class=\"tg-b7b8\">Corti\u00e7a<\/td>\n<\/tr>\n<tr>\n<td class=\"tg-yw4l\">Capacidade:<\/td>\n<td class=\"tg-yw4l\">Personalizado<\/td>\n<\/tr>\n<tr>\n<td class=\"tg-b7b8\">Recurso:<\/td>\n<td class=\"tg-b7b8\">Ecol\u00f3gico<\/td>\n<\/tr>\n<tr>\n<td class=\"tg-yw4l\">Quantidade m\u00ednima:<\/td>\n<td class=\"tg-yw4l\">10.000 unidades<\/td>\n<\/tr>\n<tr>\n<td class=\"tg-b7b8\">Maneira de embalagem:<\/td>\n<td class=\"tg-b7b8\">Caixa padr\u00e3o de exporta\u00e7\u00e3o\/palete\/caixa padr\u00e3o de exporta\u00e7\u00e3o e palete<\/td>\n<\/tr>\n<tr>\n<td class=\"tg-yw4l\">OEM\/ODM:<\/td>\n<td class=\"tg-yw4l\">Bem-vindo<\/td>\n<\/tr>\n<tr>\n<td class=\"tg-b7b8\">Origem do lugar:<\/td>\n<td class=\"tg-b7b8\">Shandong,China<\/td>\n<\/tr>\n<tr>\n<td class=\"tg-yw4l\">Unidades\/Ctn:<\/td>\n<td class=\"tg-yw4l\">24pcs ou de acordo com as demandas do cliente<\/td>\n<\/tr>\n<\/tbody>\n<\/table>","protected":false},"featured_media":4792,"comment_status":"open","ping_status":"closed","template":"","meta":[],"product_brand":[],"product_cat":[50,67],"product_tag":[],"class_list":{"0":"post-776","1":"product","2":"type-product","3":"status-publish","4":"has-post-thumbnail","6":"product_cat-500ml-glass-bottle","7":"product_cat-vodka-bottle","8":"entry","9":"has-media","11":"first","12":"instock","13":"shipping-taxable","14":"product-type-simple"},"yoast_head":"<!-- This site is optimized with the Yoast SEO plugin v27.3 - https:\/\/yoast.com\/product\/yoast-seo-wordpress\/ -->\n<title>Where to buy glass bottles 500ml glass bottle-Ruisheng<\/title>\n<meta name=\"description\" content=\"Are you searching for a place where to buy glass bottles 500ml glass bottle? Ruisheng Wholesale 500ml glass bottles in factory outlet price.\" \/>\n<meta name=\"robots\" content=\"index, follow, max-snippet:-1, max-image-preview:large, max-video-preview:-1\" \/>\n<link rel=\"canonical\" href=\"https:\/\/ruishengglassco.com\/product\/rs059-where-to-buy-glass-bottles-500ml-glass-bottle\" \/>\n<meta property=\"og:locale\" content=\"pt_PT\" \/>\n<meta property=\"og:type\" content=\"article\" \/>\n<meta property=\"og:title\" content=\"Where to buy glass bottles 500ml glass bottle-Ruisheng\" \/>\n<meta property=\"og:description\" content=\"Are you searching for a place where to buy glass bottles 500ml glass bottle? Ruisheng Wholesale 500ml glass bottles in factory outlet price.\" \/>\n<meta property=\"og:url\" content=\"https:\/\/ruishengglassco.com\/product\/rs059-where-to-buy-glass-bottles-500ml-glass-bottle\" \/>\n<meta property=\"og:site_name\" content=\"Glass Bottle Wholesale\" \/>\n<meta property=\"article:modified_time\" content=\"2025-07-10T01:38:19+00:00\" \/>\n<meta property=\"og:image\" content=\"https:\/\/glassbottlewholesale.com\/wp-content\/uploads\/2024\/04\/glass-bottle-manufacturing-33-2.png\" \/>\n\t<meta property=\"og:image:width\" content=\"800\" \/>\n\t<meta property=\"og:image:height\" content=\"800\" \/>\n\t<meta property=\"og:image:type\" content=\"image\/png\" \/>\n<meta name=\"twitter:card\" content=\"summary_large_image\" \/>\n<meta name=\"twitter:label1\" content=\"Tempo estimado de leitura\" \/>\n\t<meta name=\"twitter:data1\" content=\"2 minutos\" \/>\n<script type=\"application\/ld+json\" class=\"yoast-schema-graph\">{\"@context\":\"https:\\\/\\\/schema.org\",\"@graph\":[{\"@type\":\"WebPage\",\"@id\":\"https:\\\/\\\/glassbottlewholesale.com\\\/where-to-buy-glass-bottles-500ml-glass-bottle\\\/\",\"url\":\"https:\\\/\\\/ruishengglassco.com\\\/product\\\/rs059-where-to-buy-glass-bottles-500ml-glass-bottle\",\"name\":\"Where to buy glass bottles 500ml glass bottle-Ruisheng\",\"isPartOf\":{\"@id\":\"https:\\\/\\\/glassbottlewholesale.com\\\/#website\"},\"primaryImageOfPage\":{\"@id\":\"https:\\\/\\\/ruishengglassco.com\\\/product\\\/rs059-where-to-buy-glass-bottles-500ml-glass-bottle#primaryimage\"},\"image\":{\"@id\":\"https:\\\/\\\/ruishengglassco.com\\\/product\\\/rs059-where-to-buy-glass-bottles-500ml-glass-bottle#primaryimage\"},\"thumbnailUrl\":\"https:\\\/\\\/glassbottlewholesale.com\\\/wp-content\\\/uploads\\\/2024\\\/04\\\/glass-bottle-manufacturing-33-2.png\",\"datePublished\":\"2019-10-18T09:09:49+00:00\",\"dateModified\":\"2025-07-10T01:38:19+00:00\",\"description\":\"Are you searching for a place where to buy glass bottles 500ml glass bottle? Ruisheng Wholesale 500ml glass bottles in factory outlet price.\",\"breadcrumb\":{\"@id\":\"https:\\\/\\\/ruishengglassco.com\\\/product\\\/rs059-where-to-buy-glass-bottles-500ml-glass-bottle#breadcrumb\"},\"inLanguage\":\"pt-PT\",\"potentialAction\":[{\"@type\":\"ReadAction\",\"target\":[\"https:\\\/\\\/ruishengglassco.com\\\/product\\\/rs059-where-to-buy-glass-bottles-500ml-glass-bottle\"]}]},{\"@type\":\"ImageObject\",\"inLanguage\":\"pt-PT\",\"@id\":\"https:\\\/\\\/ruishengglassco.com\\\/product\\\/rs059-where-to-buy-glass-bottles-500ml-glass-bottle#primaryimage\",\"url\":\"https:\\\/\\\/glassbottlewholesale.com\\\/wp-content\\\/uploads\\\/2024\\\/04\\\/glass-bottle-manufacturing-33-2.png\",\"contentUrl\":\"https:\\\/\\\/glassbottlewholesale.com\\\/wp-content\\\/uploads\\\/2024\\\/04\\\/glass-bottle-manufacturing-33-2.png\",\"width\":800,\"height\":800,\"caption\":\"Where to buy glass bottles 500ml glass bottle\"},{\"@type\":\"BreadcrumbList\",\"@id\":\"https:\\\/\\\/ruishengglassco.com\\\/product\\\/rs059-where-to-buy-glass-bottles-500ml-glass-bottle#breadcrumb\",\"itemListElement\":[{\"@type\":\"ListItem\",\"position\":1,\"name\":\"Home\",\"item\":\"https:\\\/\\\/glassbottlewholesale.com\\\/\"},{\"@type\":\"ListItem\",\"position\":2,\"name\":\"Products\",\"item\":\"https:\\\/\\\/glassbottlewholesale.com\\\/shop\\\/\"},{\"@type\":\"ListItem\",\"position\":3,\"name\":\"RS059: Where to buy glass bottles 500ml glass bottle\"}]},{\"@type\":\"WebSite\",\"@id\":\"https:\\\/\\\/glassbottlewholesale.com\\\/#website\",\"url\":\"https:\\\/\\\/glassbottlewholesale.com\\\/\",\"name\":\"Glass Bottle Wholesale\",\"description\":\"\",\"publisher\":{\"@id\":\"https:\\\/\\\/glassbottlewholesale.com\\\/#organization\"},\"potentialAction\":[{\"@type\":\"SearchAction\",\"target\":{\"@type\":\"EntryPoint\",\"urlTemplate\":\"https:\\\/\\\/glassbottlewholesale.com\\\/?s={search_term_string}\"},\"query-input\":{\"@type\":\"PropertyValueSpecification\",\"valueRequired\":true,\"valueName\":\"search_term_string\"}}],\"inLanguage\":\"pt-PT\"},{\"@type\":\"Organization\",\"@id\":\"https:\\\/\\\/glassbottlewholesale.com\\\/#organization\",\"name\":\"Glass Bottle Wholesale\",\"url\":\"https:\\\/\\\/glassbottlewholesale.com\\\/\",\"logo\":{\"@type\":\"ImageObject\",\"inLanguage\":\"pt-PT\",\"@id\":\"https:\\\/\\\/glassbottlewholesale.com\\\/#\\\/schema\\\/logo\\\/image\\\/\",\"url\":\"https:\\\/\\\/glassbottlewholesale.com\\\/wp-content\\\/uploads\\\/2023\\\/12\\\/ruisheng-logo.webp\",\"contentUrl\":\"https:\\\/\\\/glassbottlewholesale.com\\\/wp-content\\\/uploads\\\/2023\\\/12\\\/ruisheng-logo.webp\",\"width\":400,\"height\":233,\"caption\":\"Glass Bottle Wholesale\"},\"image\":{\"@id\":\"https:\\\/\\\/glassbottlewholesale.com\\\/#\\\/schema\\\/logo\\\/image\\\/\"}}]}<\/script>\n<!-- \/ Yoast SEO plugin. -->","yoast_head_json":{"title":"Where to buy glass bottles 500ml glass bottle-Ruisheng","description":"Are you searching for a place where to buy glass bottles 500ml glass bottle? Ruisheng Wholesale 500ml glass bottles in factory outlet price.","robots":{"index":"index","follow":"follow","max-snippet":"max-snippet:-1","max-image-preview":"max-image-preview:large","max-video-preview":"max-video-preview:-1"},"canonical":"https:\/\/ruishengglassco.com\/product\/rs059-where-to-buy-glass-bottles-500ml-glass-bottle","og_locale":"pt_PT","og_type":"article","og_title":"Where to buy glass bottles 500ml glass bottle-Ruisheng","og_description":"Are you searching for a place where to buy glass bottles 500ml glass bottle? Ruisheng Wholesale 500ml glass bottles in factory outlet price.","og_url":"https:\/\/ruishengglassco.com\/product\/rs059-where-to-buy-glass-bottles-500ml-glass-bottle","og_site_name":"Glass Bottle Wholesale","article_modified_time":"2025-07-10T01:38:19+00:00","og_image":[{"width":800,"height":800,"url":"https:\/\/glassbottlewholesale.com\/wp-content\/uploads\/2024\/04\/glass-bottle-manufacturing-33-2.png","type":"image\/png"}],"twitter_card":"summary_large_image","twitter_misc":{"Tempo estimado de leitura":"2 minutos"},"schema":{"@context":"https:\/\/schema.org","@graph":[{"@type":"WebPage","@id":"https:\/\/glassbottlewholesale.com\/where-to-buy-glass-bottles-500ml-glass-bottle\/","url":"https:\/\/ruishengglassco.com\/product\/rs059-where-to-buy-glass-bottles-500ml-glass-bottle","name":"Where to buy glass bottles 500ml glass bottle-Ruisheng","isPartOf":{"@id":"https:\/\/glassbottlewholesale.com\/#website"},"primaryImageOfPage":{"@id":"https:\/\/ruishengglassco.com\/product\/rs059-where-to-buy-glass-bottles-500ml-glass-bottle#primaryimage"},"image":{"@id":"https:\/\/ruishengglassco.com\/product\/rs059-where-to-buy-glass-bottles-500ml-glass-bottle#primaryimage"},"thumbnailUrl":"https:\/\/glassbottlewholesale.com\/wp-content\/uploads\/2024\/04\/glass-bottle-manufacturing-33-2.png","datePublished":"2019-10-18T09:09:49+00:00","dateModified":"2025-07-10T01:38:19+00:00","description":"Are you searching for a place where to buy glass bottles 500ml glass bottle? Ruisheng Wholesale 500ml glass bottles in factory outlet price.","breadcrumb":{"@id":"https:\/\/ruishengglassco.com\/product\/rs059-where-to-buy-glass-bottles-500ml-glass-bottle#breadcrumb"},"inLanguage":"pt-PT","potentialAction":[{"@type":"ReadAction","target":["https:\/\/ruishengglassco.com\/product\/rs059-where-to-buy-glass-bottles-500ml-glass-bottle"]}]},{"@type":"ImageObject","inLanguage":"pt-PT","@id":"https:\/\/ruishengglassco.com\/product\/rs059-where-to-buy-glass-bottles-500ml-glass-bottle#primaryimage","url":"https:\/\/glassbottlewholesale.com\/wp-content\/uploads\/2024\/04\/glass-bottle-manufacturing-33-2.png","contentUrl":"https:\/\/glassbottlewholesale.com\/wp-content\/uploads\/2024\/04\/glass-bottle-manufacturing-33-2.png","width":800,"height":800,"caption":"Where to buy glass bottles 500ml glass bottle"},{"@type":"BreadcrumbList","@id":"https:\/\/ruishengglassco.com\/product\/rs059-where-to-buy-glass-bottles-500ml-glass-bottle#breadcrumb","itemListElement":[{"@type":"ListItem","position":1,"name":"Home","item":"https:\/\/glassbottlewholesale.com\/"},{"@type":"ListItem","position":2,"name":"Products","item":"https:\/\/glassbottlewholesale.com\/shop\/"},{"@type":"ListItem","position":3,"name":"RS059: Where to buy glass bottles 500ml glass bottle"}]},{"@type":"WebSite","@id":"https:\/\/glassbottlewholesale.com\/#website","url":"https:\/\/glassbottlewholesale.com\/","name":"Glass Bottle Wholesale","description":"","publisher":{"@id":"https:\/\/glassbottlewholesale.com\/#organization"},"potentialAction":[{"@type":"SearchAction","target":{"@type":"EntryPoint","urlTemplate":"https:\/\/glassbottlewholesale.com\/?s={search_term_string}"},"query-input":{"@type":"PropertyValueSpecification","valueRequired":true,"valueName":"search_term_string"}}],"inLanguage":"pt-PT"},{"@type":"Organization","@id":"https:\/\/glassbottlewholesale.com\/#organization","name":"Glass Bottle Wholesale","url":"https:\/\/glassbottlewholesale.com\/","logo":{"@type":"ImageObject","inLanguage":"pt-PT","@id":"https:\/\/glassbottlewholesale.com\/#\/schema\/logo\/image\/","url":"https:\/\/glassbottlewholesale.com\/wp-content\/uploads\/2023\/12\/ruisheng-logo.webp","contentUrl":"https:\/\/glassbottlewholesale.com\/wp-content\/uploads\/2023\/12\/ruisheng-logo.webp","width":400,"height":233,"caption":"Glass Bottle Wholesale"},"image":{"@id":"https:\/\/glassbottlewholesale.com\/#\/schema\/logo\/image\/"}}]}},"_links":{"self":[{"href":"https:\/\/glassbottlewholesale.com\/pt\/wp-json\/wp\/v2\/product\/776","targetHints":{"allow":["GET"]}}],"collection":[{"href":"https:\/\/glassbottlewholesale.com\/pt\/wp-json\/wp\/v2\/product"}],"about":[{"href":"https:\/\/glassbottlewholesale.com\/pt\/wp-json\/wp\/v2\/types\/product"}],"replies":[{"embeddable":true,"href":"https:\/\/glassbottlewholesale.com\/pt\/wp-json\/wp\/v2\/comments?post=776"}],"wp:featuredmedia":[{"embeddable":true,"href":"https:\/\/glassbottlewholesale.com\/pt\/wp-json\/wp\/v2\/media\/4792"}],"wp:attachment":[{"href":"https:\/\/glassbottlewholesale.com\/pt\/wp-json\/wp\/v2\/media?parent=776"}],"wp:term":[{"taxonomy":"product_brand","embeddable":true,"href":"https:\/\/glassbottlewholesale.com\/pt\/wp-json\/wp\/v2\/product_brand?post=776"},{"taxonomy":"product_cat","embeddable":true,"href":"https:\/\/glassbottlewholesale.com\/pt\/wp-json\/wp\/v2\/product_cat?post=776"},{"taxonomy":"product_tag","embeddable":true,"href":"https:\/\/glassbottlewholesale.com\/pt\/wp-json\/wp\/v2\/product_tag?post=776"}],"curies":[{"name":"wp","href":"https:\/\/api.w.org\/{rel}","templated":true}]}}