{"id":788,"date":"2019-10-18T09:23:42","date_gmt":"2019-10-18T09:23:42","guid":{"rendered":"https:\/\/queenchingglass.com\/?post_type=product&#038;p=788"},"modified":"2025-02-28T23:46:21","modified_gmt":"2025-02-28T23:46:21","slug":"garrafas-de-vidro-de-700-ml-e-750-ml-por-atacado","status":"publish","type":"product","link":"https:\/\/glassbottlewholesale.com\/pt\/garrafas-de-vidro-de-700-ml-e-750-ml-por-atacado\/","title":{"rendered":"RS057: Garrafas de vidro altas com frasco de 700ml e 750ml no atacado"},"content":{"rendered":"<p>Este<strong> Garrafas de vidro quadradas de 700 ml por atacado <\/strong>\u00e9 um dos nossos produtos de venda quente de f\u00e1brica. O material desta garrafa de vidro \u00e9 um material branco cristalino extremamente branco.<\/p>\n<p>A nossa empresa \u00e9 boa nestas garrafas de vidro de alta qualidade, por isso garantimos que podemos produzir a qualidade da garrafa de vidro.<\/p>\n<p>Se pretender outra capacidade, podemos alter\u00e1-la de acordo com o seu pedido.<\/p>\n<p>Nossos principais produtos s\u00e3o garrafas de vidro de alta qualidade com rolhas, como garrafas de vodka, garrafas de conhaque, garrafas de u\u00edsque, garrafas de licor, garrafas de gel\u00e9ia e assim por diante. Tamb\u00e9m podemos oferecer garrafas de vidro \u00e2mbar, garrafas verdes e garrafas de \u00e1gua. Nosso principal mercado \u00e9 a Europa, os EUA, a Austr\u00e1lia, a Am\u00e9rica, etc. E todos os produtos gozam de grande reputa\u00e7\u00e3o em termos de inova\u00e7\u00e3o e funcionalidade.<\/p>\n<p>A produ\u00e7\u00e3o da garrafa quadrada de vidro de azeite de oliva de 700ml foi rigorosamente selecionada a partir de materiais, trazemos materiais do pa\u00eds de origem, al\u00e9m disso, usamos m\u00e1quinas avan\u00e7adas para processar e fazer a garrafa de vidro.<\/p>\n<h4>A informa\u00e7\u00e3o de <strong>Garrafas de vidro quadradas de 700 ml por atacado<\/strong>:<\/h4>\n<ul>\n<li>Material principal: material branco cristalino material extremamente branco<\/li>\n<li>Tampa: Corti\u00e7a<\/li>\n<li>Refer\u00eancia: RS057<\/li>\n<li>Quantidade m\u00ednima: 10000 PCS<\/li>\n<li>Capacidade: 700ml<\/li>\n<li>Pe\u00e7as\/Ctn: 24 pe\u00e7as<\/li>\n<li>Origem do lugar: Shandong, China<\/li>\n<li>Mat\u00e9ria: Ecol\u00f3gico<\/li>\n<\/ul>\n<p>Se voc\u00ea est\u00e1 satisfeito com este frasco de vidro garrafas por atacado, entre em contato comigo a tempo. Se n\u00e3o gostar, pode ver as nossas outras garrafas. Ou eu dou-lhe o cat\u00e1logo, voc\u00ea pode escolher o que voc\u00ea gosta. Se estiver interessado nas nossas garrafas herm\u00e9ticas de \u00e1lcool, contacte-nos. Responder-lhe-emos no prazo de 24 horas.<\/p>","protected":false},"excerpt":{"rendered":"<p>Este<strong> Garrafas de vidro quadradas de 700 ml por atacado <\/strong>\u00e9 um dos nossos produtos de venda quente de f\u00e1brica. O material desta garrafa de vidro \u00e9 um material branco cristalino extremamente branco.<\/p>","protected":false},"featured_media":4488,"comment_status":"open","ping_status":"closed","template":"","meta":[],"product_brand":[],"product_cat":[51,52,63],"product_tag":[],"class_list":{"0":"post-788","1":"product","2":"type-product","3":"status-publish","4":"has-post-thumbnail","6":"product_cat-700ml-glass-bottle","7":"product_cat-750ml-glass-bottle","8":"product_cat-liquor-bottle","9":"entry","10":"has-media","12":"first","13":"instock","14":"shipping-taxable","15":"product-type-simple"},"yoast_head":"<!-- This site is optimized with the Yoast SEO plugin v27.3 - https:\/\/yoast.com\/product\/yoast-seo-wordpress\/ -->\n<title>Glass Flask Bottles Wholesale | Square Liquor Bottle Manufacturer<\/title>\n<meta name=\"description\" content=\"Buy Glass Flask Bottles Wholesale From China Liquor Bottle Manufacturer. Clear Square Liquor Bottle Will Catch Your Eyes In An Instant.\" \/>\n<meta name=\"robots\" content=\"index, follow, max-snippet:-1, max-image-preview:large, max-video-preview:-1\" \/>\n<link rel=\"canonical\" href=\"https:\/\/ruishengglassco.com\/product\/rs057-700ml-750ml-flask-tall-glass-bottles-wholesale\" \/>\n<meta property=\"og:locale\" content=\"pt_PT\" \/>\n<meta property=\"og:type\" content=\"article\" \/>\n<meta property=\"og:title\" content=\"Glass Flask Bottles Wholesale | Square Liquor Bottle Manufacturer\" \/>\n<meta property=\"og:description\" content=\"Buy Glass Flask Bottles Wholesale From China Liquor Bottle Manufacturer. Clear Square Liquor Bottle Will Catch Your Eyes In An Instant.\" \/>\n<meta property=\"og:url\" content=\"https:\/\/ruishengglassco.com\/product\/rs057-700ml-750ml-flask-tall-glass-bottles-wholesale\" \/>\n<meta property=\"og:site_name\" content=\"Glass Bottle Wholesale\" \/>\n<meta property=\"article:modified_time\" content=\"2025-02-28T23:46:21+00:00\" \/>\n<meta property=\"og:image\" content=\"https:\/\/glassbottlewholesale.com\/wp-content\/uploads\/2024\/01\/rs057-1.jpg\" \/>\n\t<meta property=\"og:image:width\" content=\"800\" \/>\n\t<meta property=\"og:image:height\" content=\"800\" \/>\n\t<meta property=\"og:image:type\" content=\"image\/jpeg\" \/>\n<meta name=\"twitter:card\" content=\"summary_large_image\" \/>\n<meta name=\"twitter:label1\" content=\"Tempo estimado de leitura\" \/>\n\t<meta name=\"twitter:data1\" content=\"2 minutos\" \/>\n<script type=\"application\/ld+json\" class=\"yoast-schema-graph\">{\"@context\":\"https:\\\/\\\/schema.org\",\"@graph\":[{\"@type\":\"WebPage\",\"@id\":\"https:\\\/\\\/glassbottlewholesale.com\\\/700ml-750ml-glass-flask-bottles-wholesale\\\/\",\"url\":\"https:\\\/\\\/ruishengglassco.com\\\/product\\\/rs057-700ml-750ml-flask-tall-glass-bottles-wholesale\",\"name\":\"Glass Flask Bottles Wholesale | Square Liquor Bottle Manufacturer\",\"isPartOf\":{\"@id\":\"https:\\\/\\\/glassbottlewholesale.com\\\/#website\"},\"primaryImageOfPage\":{\"@id\":\"https:\\\/\\\/ruishengglassco.com\\\/product\\\/rs057-700ml-750ml-flask-tall-glass-bottles-wholesale#primaryimage\"},\"image\":{\"@id\":\"https:\\\/\\\/ruishengglassco.com\\\/product\\\/rs057-700ml-750ml-flask-tall-glass-bottles-wholesale#primaryimage\"},\"thumbnailUrl\":\"https:\\\/\\\/glassbottlewholesale.com\\\/wp-content\\\/uploads\\\/2024\\\/01\\\/rs057-1.jpg\",\"datePublished\":\"2019-10-18T09:23:42+00:00\",\"dateModified\":\"2025-02-28T23:46:21+00:00\",\"description\":\"Buy Glass Flask Bottles Wholesale From China Liquor Bottle Manufacturer. Clear Square Liquor Bottle Will Catch Your Eyes In An Instant.\",\"breadcrumb\":{\"@id\":\"https:\\\/\\\/ruishengglassco.com\\\/product\\\/rs057-700ml-750ml-flask-tall-glass-bottles-wholesale#breadcrumb\"},\"inLanguage\":\"pt-PT\",\"potentialAction\":[{\"@type\":\"ReadAction\",\"target\":[\"https:\\\/\\\/ruishengglassco.com\\\/product\\\/rs057-700ml-750ml-flask-tall-glass-bottles-wholesale\"]}]},{\"@type\":\"ImageObject\",\"inLanguage\":\"pt-PT\",\"@id\":\"https:\\\/\\\/ruishengglassco.com\\\/product\\\/rs057-700ml-750ml-flask-tall-glass-bottles-wholesale#primaryimage\",\"url\":\"https:\\\/\\\/glassbottlewholesale.com\\\/wp-content\\\/uploads\\\/2024\\\/01\\\/rs057-1.jpg\",\"contentUrl\":\"https:\\\/\\\/glassbottlewholesale.com\\\/wp-content\\\/uploads\\\/2024\\\/01\\\/rs057-1.jpg\",\"width\":800,\"height\":800,\"caption\":\"Glass Flask Bottles Wholesale\"},{\"@type\":\"BreadcrumbList\",\"@id\":\"https:\\\/\\\/ruishengglassco.com\\\/product\\\/rs057-700ml-750ml-flask-tall-glass-bottles-wholesale#breadcrumb\",\"itemListElement\":[{\"@type\":\"ListItem\",\"position\":1,\"name\":\"Home\",\"item\":\"https:\\\/\\\/glassbottlewholesale.com\\\/\"},{\"@type\":\"ListItem\",\"position\":2,\"name\":\"Products\",\"item\":\"https:\\\/\\\/glassbottlewholesale.com\\\/shop\\\/\"},{\"@type\":\"ListItem\",\"position\":3,\"name\":\"RS057: 700ml 750ml Flask Tall Glass Bottles Wholesale\"}]},{\"@type\":\"WebSite\",\"@id\":\"https:\\\/\\\/glassbottlewholesale.com\\\/#website\",\"url\":\"https:\\\/\\\/glassbottlewholesale.com\\\/\",\"name\":\"Glass Bottle Wholesale\",\"description\":\"\",\"publisher\":{\"@id\":\"https:\\\/\\\/glassbottlewholesale.com\\\/#organization\"},\"potentialAction\":[{\"@type\":\"SearchAction\",\"target\":{\"@type\":\"EntryPoint\",\"urlTemplate\":\"https:\\\/\\\/glassbottlewholesale.com\\\/?s={search_term_string}\"},\"query-input\":{\"@type\":\"PropertyValueSpecification\",\"valueRequired\":true,\"valueName\":\"search_term_string\"}}],\"inLanguage\":\"pt-PT\"},{\"@type\":\"Organization\",\"@id\":\"https:\\\/\\\/glassbottlewholesale.com\\\/#organization\",\"name\":\"Glass Bottle Wholesale\",\"url\":\"https:\\\/\\\/glassbottlewholesale.com\\\/\",\"logo\":{\"@type\":\"ImageObject\",\"inLanguage\":\"pt-PT\",\"@id\":\"https:\\\/\\\/glassbottlewholesale.com\\\/#\\\/schema\\\/logo\\\/image\\\/\",\"url\":\"https:\\\/\\\/glassbottlewholesale.com\\\/wp-content\\\/uploads\\\/2023\\\/12\\\/ruisheng-logo.webp\",\"contentUrl\":\"https:\\\/\\\/glassbottlewholesale.com\\\/wp-content\\\/uploads\\\/2023\\\/12\\\/ruisheng-logo.webp\",\"width\":400,\"height\":233,\"caption\":\"Glass Bottle Wholesale\"},\"image\":{\"@id\":\"https:\\\/\\\/glassbottlewholesale.com\\\/#\\\/schema\\\/logo\\\/image\\\/\"}}]}<\/script>\n<!-- \/ Yoast SEO plugin. -->","yoast_head_json":{"title":"Garrafas de vidro por atacado | Garrafa de licor quadrada Fabricante","description":"Compre garrafas de vidro por atacado do fabricante de garrafas de licor na China. Garrafa de licor quadrado claro vai pegar seus olhos em um instante.","robots":{"index":"index","follow":"follow","max-snippet":"max-snippet:-1","max-image-preview":"max-image-preview:large","max-video-preview":"max-video-preview:-1"},"canonical":"https:\/\/ruishengglassco.com\/product\/rs057-700ml-750ml-flask-tall-glass-bottles-wholesale","og_locale":"pt_PT","og_type":"article","og_title":"Glass Flask Bottles Wholesale | Square Liquor Bottle Manufacturer","og_description":"Buy Glass Flask Bottles Wholesale From China Liquor Bottle Manufacturer. Clear Square Liquor Bottle Will Catch Your Eyes In An Instant.","og_url":"https:\/\/ruishengglassco.com\/product\/rs057-700ml-750ml-flask-tall-glass-bottles-wholesale","og_site_name":"Glass Bottle Wholesale","article_modified_time":"2025-02-28T23:46:21+00:00","og_image":[{"width":800,"height":800,"url":"https:\/\/glassbottlewholesale.com\/wp-content\/uploads\/2024\/01\/rs057-1.jpg","type":"image\/jpeg"}],"twitter_card":"summary_large_image","twitter_misc":{"Tempo estimado de leitura":"2 minutos"},"schema":{"@context":"https:\/\/schema.org","@graph":[{"@type":"WebPage","@id":"https:\/\/glassbottlewholesale.com\/700ml-750ml-glass-flask-bottles-wholesale\/","url":"https:\/\/ruishengglassco.com\/product\/rs057-700ml-750ml-flask-tall-glass-bottles-wholesale","name":"Garrafas de vidro por atacado | Garrafa de licor quadrada Fabricante","isPartOf":{"@id":"https:\/\/glassbottlewholesale.com\/#website"},"primaryImageOfPage":{"@id":"https:\/\/ruishengglassco.com\/product\/rs057-700ml-750ml-flask-tall-glass-bottles-wholesale#primaryimage"},"image":{"@id":"https:\/\/ruishengglassco.com\/product\/rs057-700ml-750ml-flask-tall-glass-bottles-wholesale#primaryimage"},"thumbnailUrl":"https:\/\/glassbottlewholesale.com\/wp-content\/uploads\/2024\/01\/rs057-1.jpg","datePublished":"2019-10-18T09:23:42+00:00","dateModified":"2025-02-28T23:46:21+00:00","description":"Compre garrafas de vidro por atacado do fabricante de garrafas de licor na China. Garrafa de licor quadrado claro vai pegar seus olhos em um instante.","breadcrumb":{"@id":"https:\/\/ruishengglassco.com\/product\/rs057-700ml-750ml-flask-tall-glass-bottles-wholesale#breadcrumb"},"inLanguage":"pt-PT","potentialAction":[{"@type":"ReadAction","target":["https:\/\/ruishengglassco.com\/product\/rs057-700ml-750ml-flask-tall-glass-bottles-wholesale"]}]},{"@type":"ImageObject","inLanguage":"pt-PT","@id":"https:\/\/ruishengglassco.com\/product\/rs057-700ml-750ml-flask-tall-glass-bottles-wholesale#primaryimage","url":"https:\/\/glassbottlewholesale.com\/wp-content\/uploads\/2024\/01\/rs057-1.jpg","contentUrl":"https:\/\/glassbottlewholesale.com\/wp-content\/uploads\/2024\/01\/rs057-1.jpg","width":800,"height":800,"caption":"Glass Flask Bottles Wholesale"},{"@type":"BreadcrumbList","@id":"https:\/\/ruishengglassco.com\/product\/rs057-700ml-750ml-flask-tall-glass-bottles-wholesale#breadcrumb","itemListElement":[{"@type":"ListItem","position":1,"name":"Home","item":"https:\/\/glassbottlewholesale.com\/"},{"@type":"ListItem","position":2,"name":"Products","item":"https:\/\/glassbottlewholesale.com\/shop\/"},{"@type":"ListItem","position":3,"name":"RS057: 700ml 750ml Flask Tall Glass Bottles Wholesale"}]},{"@type":"WebSite","@id":"https:\/\/glassbottlewholesale.com\/#website","url":"https:\/\/glassbottlewholesale.com\/","name":"Glass Bottle Wholesale","description":"","publisher":{"@id":"https:\/\/glassbottlewholesale.com\/#organization"},"potentialAction":[{"@type":"SearchAction","target":{"@type":"EntryPoint","urlTemplate":"https:\/\/glassbottlewholesale.com\/?s={search_term_string}"},"query-input":{"@type":"PropertyValueSpecification","valueRequired":true,"valueName":"search_term_string"}}],"inLanguage":"pt-PT"},{"@type":"Organization","@id":"https:\/\/glassbottlewholesale.com\/#organization","name":"Glass Bottle Wholesale","url":"https:\/\/glassbottlewholesale.com\/","logo":{"@type":"ImageObject","inLanguage":"pt-PT","@id":"https:\/\/glassbottlewholesale.com\/#\/schema\/logo\/image\/","url":"https:\/\/glassbottlewholesale.com\/wp-content\/uploads\/2023\/12\/ruisheng-logo.webp","contentUrl":"https:\/\/glassbottlewholesale.com\/wp-content\/uploads\/2023\/12\/ruisheng-logo.webp","width":400,"height":233,"caption":"Glass Bottle Wholesale"},"image":{"@id":"https:\/\/glassbottlewholesale.com\/#\/schema\/logo\/image\/"}}]}},"_links":{"self":[{"href":"https:\/\/glassbottlewholesale.com\/pt\/wp-json\/wp\/v2\/product\/788","targetHints":{"allow":["GET"]}}],"collection":[{"href":"https:\/\/glassbottlewholesale.com\/pt\/wp-json\/wp\/v2\/product"}],"about":[{"href":"https:\/\/glassbottlewholesale.com\/pt\/wp-json\/wp\/v2\/types\/product"}],"replies":[{"embeddable":true,"href":"https:\/\/glassbottlewholesale.com\/pt\/wp-json\/wp\/v2\/comments?post=788"}],"wp:featuredmedia":[{"embeddable":true,"href":"https:\/\/glassbottlewholesale.com\/pt\/wp-json\/wp\/v2\/media\/4488"}],"wp:attachment":[{"href":"https:\/\/glassbottlewholesale.com\/pt\/wp-json\/wp\/v2\/media?parent=788"}],"wp:term":[{"taxonomy":"product_brand","embeddable":true,"href":"https:\/\/glassbottlewholesale.com\/pt\/wp-json\/wp\/v2\/product_brand?post=788"},{"taxonomy":"product_cat","embeddable":true,"href":"https:\/\/glassbottlewholesale.com\/pt\/wp-json\/wp\/v2\/product_cat?post=788"},{"taxonomy":"product_tag","embeddable":true,"href":"https:\/\/glassbottlewholesale.com\/pt\/wp-json\/wp\/v2\/product_tag?post=788"}],"curies":[{"name":"wp","href":"https:\/\/api.w.org\/{rel}","templated":true}]}}