{"id":911,"date":"2019-10-22T07:23:48","date_gmt":"2019-10-22T07:23:48","guid":{"rendered":"https:\/\/queenchingglass.com\/?page_id=911"},"modified":"2019-10-24T03:40:12","modified_gmt":"2019-10-24T03:40:12","slug":"absinthe","status":"publish","type":"page","link":"https:\/\/glassbottlewholesale.com\/tr\/absinthe\/","title":{"rendered":"Absinthe \u015ei\u015feleri"},"content":{"rendered":"<div class=\"wpb-content-wrapper\"><div class=\"vc_row wpb_row vc_row-fluid\"><div class=\"wpb_column vc_column_container vc_col-sm-12\"><div class=\"vc_column-inner\"><div class=\"wpb_wrapper\">\n\t<div class=\"wpb_text_column wpb_content_element\" >\n\t\t<div class=\"wpb_wrapper\">\n\t\t\t<div class=\"tax-description clearfix\">\n<h2 style=\"text-align: center;\">Ask Wholesale Absinthe Bottle Price From RS Glass Bottle<\/h2>\n<p>Are you searching for where to buy absinthe bottles? Now ask wholesale absinthe bottle price from China glass liquor bottles manufacturer. <a href=\"https:\/\/glassbottlewholesale.com\/tr\/hakkimizda\/\">RS<\/a>, a professional glass bottle manufacturer&amp;supplier, has been offered absinthe bottle for over 10 years for top absinthe brand, company, supplier, or bottle store.<\/p>\n<h4>Details About Absinthe Alcohol Bottle<\/h4>\n<ul>\n<li>Name: Absinthe Bottle or vermouth bottle<\/li>\n<li><strong>ADEDI: 10000 ADET<\/strong><\/li>\n<li>Material: High Flint Glasses<\/li>\n<li>Size: From absinthe small bottle 50ml, 100ml, 250ml, 350ml, 500ml, 700ml, 750ml, 1000ml, to large 1500ml, etc.<\/li>\n<li>Shape: Round Absinthe Bottle, Square Absinthe Bottle, Absinthe Skull Bottle, Antique Absinthe Bottle Shape, etc.<\/li>\n<li>Color: Clear, Blue, Green, Black, etc.<\/li>\n<\/ul>\n<p>Our empty absinthe bottle is specially designed for display absinthe liquor mellow, sweet, and attractive color. If you are interested in absinthe cost per bottle, please <a href=\"https:\/\/glassbottlewholesale.com\/tr\/contact-us\/\">mesaj b\u0131rak\u0131n<\/a> for us to get absinthe bottle for sales.<\/p>\n<\/div>\n\n\t\t<\/div>\n\t<\/div>\n<div class=\"vc_separator wpb_content_element vc_separator_align_center vc_sep_width_100 vc_sep_border_width_2 vc_sep_pos_align_center vc_separator_no_text vc_sep_color_grey vc_custom_1571730550624 wpb_content_element  vc_custom_1571730550624 wpb_content_element\" ><span class=\"vc_sep_holder vc_sep_holder_l\"><span class=\"vc_sep_line\"><\/span><\/span><span class=\"vc_sep_holder vc_sep_holder_r\"><span class=\"vc_sep_line\"><\/span><\/span>\n<\/div><div class=\"vc_separator wpb_content_element vc_separator_align_center vc_sep_width_100 vc_sep_border_width_2 vc_sep_pos_align_center vc_separator_no_text vc_sep_color_grey vc_custom_1571730561783 wpb_content_element  vc_custom_1571730561783 wpb_content_element\" ><span class=\"vc_sep_holder vc_sep_holder_l\"><span class=\"vc_sep_line\"><\/span><\/span><span class=\"vc_sep_holder vc_sep_holder_r\"><span class=\"vc_sep_line\"><\/span><\/span>\n<\/div><\/div><\/div><\/div><\/div><div class=\"vc_row wpb_row vc_row-fluid\"><div class=\"wpb_column vc_column_container vc_col-sm-12\"><div class=\"vc_column-inner\"><div class=\"wpb_wrapper\"><div class=\"woocommerce columns-4\">\n\t<ul class=\"products wpex-grid wpex-grid-cols-4 wpex-tp-grid-cols-2 wpex-pp-grid-cols-1 wpex-gap-20 wpex-clear\">\n\n<li class=\"entry has-media product type-product post-513 status-publish first instock product_cat-1000ml-glass-bottle product_cat-absinthe-bottle product_cat-gin-bottle has-post-thumbnail shipping-taxable product-type-simple\">\n\t<div class=\"product-inner wpex-flex wpex-flex-col wpex-flex-grow wpex-relative\"><div class=\"wpex-loop-product-images wpex-overflow-hidden wpex-relative\"><a href=\"https:\/\/glassbottlewholesale.com\/tr\/1000ml-clear-glass-bottles-with-stoppers-wholesale\/\" class=\"woocommerce-LoopProduct-link woocommerce-loop-product__link\">\n\t<img width=\"800\" height=\"800\" src=\"https:\/\/glassbottlewholesale.com\/wp-content\/uploads\/2024\/01\/1000ml-KS-round-glass-bottle.jpg\" class=\"woo-entry-image-main wp-post-image\" alt=\"RS097:1000ml \u015eeffaf Cam \u015ei\u015feler T\u0131pal\u0131 Toptan Sat\u0131\u015f\" loading=\"lazy\" decoding=\"async\" srcset=\"https:\/\/glassbottlewholesale.com\/wp-content\/uploads\/2024\/01\/1000ml-KS-round-glass-bottle.jpg 800w, https:\/\/glassbottlewholesale.com\/wp-content\/uploads\/2024\/01\/1000ml-KS-round-glass-bottle-300x300.jpg 300w, https:\/\/glassbottlewholesale.com\/wp-content\/uploads\/2024\/01\/1000ml-KS-round-glass-bottle-150x150.jpg 150w, https:\/\/glassbottlewholesale.com\/wp-content\/uploads\/2024\/01\/1000ml-KS-round-glass-bottle-768x768.jpg 768w, https:\/\/glassbottlewholesale.com\/wp-content\/uploads\/2024\/01\/1000ml-KS-round-glass-bottle-600x600.jpg 600w, https:\/\/glassbottlewholesale.com\/wp-content\/uploads\/2024\/01\/1000ml-KS-round-glass-bottle-100x100.jpg 100w, https:\/\/glassbottlewholesale.com\/wp-content\/uploads\/2024\/01\/1000ml-KS-round-glass-bottle-125x125.jpg 125w, https:\/\/glassbottlewholesale.com\/wp-content\/uploads\/2024\/01\/1000ml-KS-round-glass-bottle-125x125@2x.jpg 250w\" sizes=\"auto, (max-width: 800px) 100vw, 800px\" \/>\n<\/a>\t\t<div class=\"wpex-loop-product-add-to-cart wpex-absolute wpex-bottom-0 wpex-left-0 wpex-right-0 wpex-text-center wpex-transition-all wpex-duration-250 wpex-z-2 wpex-translate-y-100\"><a href=\"https:\/\/glassbottlewholesale.com\/tr\/1000ml-clear-glass-bottles-with-stoppers-wholesale\/\" aria-describedby=\"woocommerce_loop_add_to_cart_link_describedby_513\" data-quantity=\"1\" class=\"button product_type_simple\" data-product_id=\"513\" data-product_sku=\"\" aria-label=\"&quot;RS097:1000ml Clear Glass Bottles Wholesale With Stoppers&quot; hakk\u0131nda daha fazla bilgi edinin\" rel=\"nofollow\" data-success_message=\"\" data-no-translation-aria-label=\"\">Daha fazla bilgi edinin<span class=\"wpex-woocommerce-add-to-cart-button-loader wpex-inline-block wpex-w-0 wpex-invisible wpex-opacity-0\"><span class=\"ticon-spin ticon ticon-spinner\" aria-hidden=\"true\"><\/span><\/span><\/a>\t<span id=\"woocommerce_loop_add_to_cart_link_describedby_513\" class=\"screen-reader-text\">\n\t\t\t<\/span>\n<\/div>\n\t<\/div><div class=\"product-details wpex-pt-15\"><a href=\"https:\/\/glassbottlewholesale.com\/tr\/1000ml-clear-glass-bottles-with-stoppers-wholesale\/\"><h2 class=\"woocommerce-loop-product__title\">RS097:1000ml \u015eeffaf Cam \u015ei\u015feler T\u0131pal\u0131 Toptan Sat\u0131\u015f<\/h2><\/a>\n<\/div><\/div><\/li>\n<li class=\"entry has-media product type-product post-405 status-publish instock product_cat-50ml-glass-bottle product_cat-absinthe-bottle has-post-thumbnail shipping-taxable product-type-simple\">\n\t<div class=\"product-inner wpex-flex wpex-flex-col wpex-flex-grow wpex-relative\"><div class=\"wpex-loop-product-images wpex-overflow-hidden wpex-relative\"><a href=\"https:\/\/glassbottlewholesale.com\/tr\/ozel-50ml-absinthe-mini-sise-toptan\/\" class=\"woocommerce-LoopProduct-link woocommerce-loop-product__link\">\n\t<img width=\"800\" height=\"800\" src=\"https:\/\/glassbottlewholesale.com\/wp-content\/uploads\/2019\/10\/R25-glassbottle.jpg\" class=\"woo-entry-image-main wp-post-image\" alt=\"RS140: \u00d6zel 50ml Absinthe Mini \u015ei\u015fe Toptan Sat\u0131\u015f\" loading=\"lazy\" decoding=\"async\" srcset=\"https:\/\/glassbottlewholesale.com\/wp-content\/uploads\/2019\/10\/R25-glassbottle.jpg 800w, https:\/\/glassbottlewholesale.com\/wp-content\/uploads\/2019\/10\/R25-glassbottle-300x300.jpg 300w, https:\/\/glassbottlewholesale.com\/wp-content\/uploads\/2019\/10\/R25-glassbottle-150x150.jpg 150w, https:\/\/glassbottlewholesale.com\/wp-content\/uploads\/2019\/10\/R25-glassbottle-768x768.jpg 768w, https:\/\/glassbottlewholesale.com\/wp-content\/uploads\/2019\/10\/R25-glassbottle-600x600.jpg 600w, https:\/\/glassbottlewholesale.com\/wp-content\/uploads\/2019\/10\/R25-glassbottle-100x100.jpg 100w, https:\/\/glassbottlewholesale.com\/wp-content\/uploads\/2019\/10\/R25-glassbottle-125x125.jpg 125w, https:\/\/glassbottlewholesale.com\/wp-content\/uploads\/2019\/10\/R25-glassbottle-125x125@2x.jpg 250w\" sizes=\"auto, (max-width: 800px) 100vw, 800px\" \/>\n<\/a>\t\t<div class=\"wpex-loop-product-add-to-cart wpex-absolute wpex-bottom-0 wpex-left-0 wpex-right-0 wpex-text-center wpex-transition-all wpex-duration-250 wpex-z-2 wpex-translate-y-100\"><a href=\"https:\/\/glassbottlewholesale.com\/tr\/ozel-50ml-absinthe-mini-sise-toptan\/\" aria-describedby=\"woocommerce_loop_add_to_cart_link_describedby_405\" data-quantity=\"1\" class=\"button product_type_simple\" data-product_id=\"405\" data-product_sku=\"\" aria-label=\"&quot;RS140: Custom 50ml Absinthe Mini Bottle Wholesale&quot; hakk\u0131nda daha fazla bilgi edinin\" rel=\"nofollow\" data-success_message=\"\" data-no-translation-aria-label=\"\">Daha fazla bilgi edinin<span class=\"wpex-woocommerce-add-to-cart-button-loader wpex-inline-block wpex-w-0 wpex-invisible wpex-opacity-0\"><span class=\"ticon-spin ticon ticon-spinner\" aria-hidden=\"true\"><\/span><\/span><\/a>\t<span id=\"woocommerce_loop_add_to_cart_link_describedby_405\" class=\"screen-reader-text\">\n\t\t\t<\/span>\n<\/div>\n\t<\/div><div class=\"product-details wpex-pt-15\"><a href=\"https:\/\/glassbottlewholesale.com\/tr\/ozel-50ml-absinthe-mini-sise-toptan\/\"><h2 class=\"woocommerce-loop-product__title\">RS140: \u00d6zel 50ml Absinthe Mini \u015ei\u015fe Toptan Sat\u0131\u015f<\/h2><\/a>\n<\/div><\/div><\/li>\n<li class=\"entry has-media product type-product post-393 status-publish instock product_cat-500ml-glass-bottle product_cat-absinthe-bottle product_cat-vodka-bottle has-post-thumbnail shipping-taxable product-type-simple\">\n\t<div class=\"product-inner wpex-flex wpex-flex-col wpex-flex-grow wpex-relative\"><div class=\"wpex-loop-product-images wpex-overflow-hidden wpex-relative\"><a href=\"https:\/\/glassbottlewholesale.com\/tr\/buy-500ml-glass-bottles-in-bulk\/\" class=\"woocommerce-LoopProduct-link woocommerce-loop-product__link\">\n\t<img width=\"350\" height=\"350\" src=\"https:\/\/glassbottlewholesale.com\/wp-content\/uploads\/2019\/10\/tupian9.jpg\" class=\"woo-entry-image-main wp-post-image\" alt=\"RS142: \u00c7in \u00dcreticisinden Toplu Olarak 500ml Cam \u015ei\u015feler Sat\u0131n Al\u0131n\" loading=\"lazy\" decoding=\"async\" srcset=\"https:\/\/glassbottlewholesale.com\/wp-content\/uploads\/2019\/10\/tupian9.jpg 350w, https:\/\/glassbottlewholesale.com\/wp-content\/uploads\/2019\/10\/tupian9-150x150.jpg 150w, https:\/\/glassbottlewholesale.com\/wp-content\/uploads\/2019\/10\/tupian9-300x300.jpg 300w, https:\/\/glassbottlewholesale.com\/wp-content\/uploads\/2019\/10\/tupian9-100x100.jpg 100w, https:\/\/glassbottlewholesale.com\/wp-content\/uploads\/2019\/10\/tupian9-125x125.jpg 125w, https:\/\/glassbottlewholesale.com\/wp-content\/uploads\/2019\/10\/tupian9-125x125@2x.jpg 250w\" sizes=\"auto, (max-width: 350px) 100vw, 350px\" \/>\n<\/a>\t\t<div class=\"wpex-loop-product-add-to-cart wpex-absolute wpex-bottom-0 wpex-left-0 wpex-right-0 wpex-text-center wpex-transition-all wpex-duration-250 wpex-z-2 wpex-translate-y-100\"><a href=\"https:\/\/glassbottlewholesale.com\/tr\/buy-500ml-glass-bottles-in-bulk\/\" aria-describedby=\"woocommerce_loop_add_to_cart_link_describedby_393\" data-quantity=\"1\" class=\"button product_type_simple\" data-product_id=\"393\" data-product_sku=\"\" aria-label=\"&quot;RS142: Buy 500ml Glass Bottles In Bulk From China Manufacturer&quot; hakk\u0131nda daha fazla bilgi edinin\" rel=\"nofollow\" data-success_message=\"\" data-no-translation-aria-label=\"\">Daha fazla bilgi edinin<span class=\"wpex-woocommerce-add-to-cart-button-loader wpex-inline-block wpex-w-0 wpex-invisible wpex-opacity-0\"><span class=\"ticon-spin ticon ticon-spinner\" aria-hidden=\"true\"><\/span><\/span><\/a>\t<span id=\"woocommerce_loop_add_to_cart_link_describedby_393\" class=\"screen-reader-text\">\n\t\t\t<\/span>\n<\/div>\n\t<\/div><div class=\"product-details wpex-pt-15\"><a href=\"https:\/\/glassbottlewholesale.com\/tr\/buy-500ml-glass-bottles-in-bulk\/\"><h2 class=\"woocommerce-loop-product__title\">RS142: \u00c7in \u00dcreticisinden Toplu Olarak 500ml Cam \u015ei\u015feler Sat\u0131n Al\u0131n<\/h2><\/a>\n<\/div><\/div><\/li>\n<li class=\"entry has-media product type-product post-398 status-publish last instock product_cat-750ml-glass-bottle product_cat-absinthe-bottle has-post-thumbnail shipping-taxable product-type-simple\">\n\t<div class=\"product-inner wpex-flex wpex-flex-col wpex-flex-grow wpex-relative\"><div class=\"wpex-loop-product-images wpex-overflow-hidden wpex-relative\"><a href=\"https:\/\/glassbottlewholesale.com\/tr\/750ml-cam-likor-sisesi-toptan-satisi\/\" class=\"woocommerce-LoopProduct-link woocommerce-loop-product__link\">\n\t<img width=\"800\" height=\"800\" src=\"https:\/\/glassbottlewholesale.com\/wp-content\/uploads\/2024\/04\/glass-bottle-manufacturing15-1.png\" class=\"woo-entry-image-main wp-post-image\" alt=\"RS141: \u00c7in 750ml Cam Lik\u00f6r \u015ei\u015fesi Toptan Sat\u0131\u015f\" loading=\"lazy\" decoding=\"async\" srcset=\"https:\/\/glassbottlewholesale.com\/wp-content\/uploads\/2024\/04\/glass-bottle-manufacturing15-1.png 800w, https:\/\/glassbottlewholesale.com\/wp-content\/uploads\/2024\/04\/glass-bottle-manufacturing15-1-300x300.png 300w, https:\/\/glassbottlewholesale.com\/wp-content\/uploads\/2024\/04\/glass-bottle-manufacturing15-1-150x150.png 150w, https:\/\/glassbottlewholesale.com\/wp-content\/uploads\/2024\/04\/glass-bottle-manufacturing15-1-768x768.png 768w, https:\/\/glassbottlewholesale.com\/wp-content\/uploads\/2024\/04\/glass-bottle-manufacturing15-1-600x600.png 600w, https:\/\/glassbottlewholesale.com\/wp-content\/uploads\/2024\/04\/glass-bottle-manufacturing15-1-100x100.png 100w, https:\/\/glassbottlewholesale.com\/wp-content\/uploads\/2024\/04\/glass-bottle-manufacturing15-1-125x125.png 125w, https:\/\/glassbottlewholesale.com\/wp-content\/uploads\/2024\/04\/glass-bottle-manufacturing15-1-125x125@2x.png 250w\" sizes=\"auto, (max-width: 800px) 100vw, 800px\" \/>\n<\/a>\t\t<div class=\"wpex-loop-product-add-to-cart wpex-absolute wpex-bottom-0 wpex-left-0 wpex-right-0 wpex-text-center wpex-transition-all wpex-duration-250 wpex-z-2 wpex-translate-y-100\"><a href=\"https:\/\/glassbottlewholesale.com\/tr\/750ml-cam-likor-sisesi-toptan-satisi\/\" aria-describedby=\"woocommerce_loop_add_to_cart_link_describedby_398\" data-quantity=\"1\" class=\"button product_type_simple\" data-product_id=\"398\" data-product_sku=\"\" aria-label=\"&quot;RS141: China 750ml Glass Liquor Bottle Wholesale&quot; hakk\u0131nda daha fazla bilgi edinin\" rel=\"nofollow\" data-success_message=\"\" data-no-translation-aria-label=\"\">Daha fazla bilgi edinin<span class=\"wpex-woocommerce-add-to-cart-button-loader wpex-inline-block wpex-w-0 wpex-invisible wpex-opacity-0\"><span class=\"ticon-spin ticon ticon-spinner\" aria-hidden=\"true\"><\/span><\/span><\/a>\t<span id=\"woocommerce_loop_add_to_cart_link_describedby_398\" class=\"screen-reader-text\">\n\t\t\t<\/span>\n<\/div>\n\t<\/div><div class=\"product-details wpex-pt-15\"><a href=\"https:\/\/glassbottlewholesale.com\/tr\/750ml-cam-likor-sisesi-toptan-satisi\/\"><h2 class=\"woocommerce-loop-product__title\">RS141: \u00c7in 750ml Cam Lik\u00f6r \u015ei\u015fesi Toptan Sat\u0131\u015f<\/h2><\/a>\n<\/div><\/div><\/li>\n<li class=\"entry has-media product type-product post-395 status-publish first instock product_cat-700ml-glass-bottle product_cat-750ml-glass-bottle product_cat-absinthe-bottle product_cat-liquor-bottle has-post-thumbnail shipping-taxable product-type-simple\">\n\t<div class=\"product-inner wpex-flex wpex-flex-col wpex-flex-grow wpex-relative\"><div class=\"wpex-loop-product-images wpex-overflow-hidden wpex-relative\"><a href=\"https:\/\/glassbottlewholesale.com\/tr\/kapakli-700ml-750ml-cam-ispirto-siseleri-toptan-satisi\/\" class=\"woocommerce-LoopProduct-link woocommerce-loop-product__link\">\n\t<img width=\"800\" height=\"800\" src=\"https:\/\/glassbottlewholesale.com\/wp-content\/uploads\/2023\/12\/long-glass-bottleIMG_7112-1.jpg\" class=\"woo-entry-image-main wp-post-image\" alt=\"RS054: Kapakl\u0131 700ml 750ml Cam \u0130spirto \u015ei\u015feleri Toptan Sat\u0131\u015f\" loading=\"lazy\" decoding=\"async\" srcset=\"https:\/\/glassbottlewholesale.com\/wp-content\/uploads\/2023\/12\/long-glass-bottleIMG_7112-1.jpg 800w, https:\/\/glassbottlewholesale.com\/wp-content\/uploads\/2023\/12\/long-glass-bottleIMG_7112-1-300x300.jpg 300w, https:\/\/glassbottlewholesale.com\/wp-content\/uploads\/2023\/12\/long-glass-bottleIMG_7112-1-150x150.jpg 150w, https:\/\/glassbottlewholesale.com\/wp-content\/uploads\/2023\/12\/long-glass-bottleIMG_7112-1-768x768.jpg 768w, https:\/\/glassbottlewholesale.com\/wp-content\/uploads\/2023\/12\/long-glass-bottleIMG_7112-1-600x600.jpg 600w, https:\/\/glassbottlewholesale.com\/wp-content\/uploads\/2023\/12\/long-glass-bottleIMG_7112-1-100x100.jpg 100w, https:\/\/glassbottlewholesale.com\/wp-content\/uploads\/2023\/12\/long-glass-bottleIMG_7112-1-125x125.jpg 125w, https:\/\/glassbottlewholesale.com\/wp-content\/uploads\/2023\/12\/long-glass-bottleIMG_7112-1-125x125@2x.jpg 250w\" sizes=\"auto, (max-width: 800px) 100vw, 800px\" \/>\n<\/a>\t\t<div class=\"wpex-loop-product-add-to-cart wpex-absolute wpex-bottom-0 wpex-left-0 wpex-right-0 wpex-text-center wpex-transition-all wpex-duration-250 wpex-z-2 wpex-translate-y-100\"><a href=\"https:\/\/glassbottlewholesale.com\/tr\/kapakli-700ml-750ml-cam-ispirto-siseleri-toptan-satisi\/\" aria-describedby=\"woocommerce_loop_add_to_cart_link_describedby_395\" data-quantity=\"1\" class=\"button product_type_simple\" data-product_id=\"395\" data-product_sku=\"\" aria-label=\"&quot;RS054: 700ml 750ml Glass Spirit Bottles Wholesale With Caps&quot; hakk\u0131nda daha fazla bilgi edinin\" rel=\"nofollow\" data-success_message=\"\" data-no-translation-aria-label=\"\">Daha fazla bilgi edinin<span class=\"wpex-woocommerce-add-to-cart-button-loader wpex-inline-block wpex-w-0 wpex-invisible wpex-opacity-0\"><span class=\"ticon-spin ticon ticon-spinner\" aria-hidden=\"true\"><\/span><\/span><\/a>\t<span id=\"woocommerce_loop_add_to_cart_link_describedby_395\" class=\"screen-reader-text\">\n\t\t\t<\/span>\n<\/div>\n\t<\/div><div class=\"product-details wpex-pt-15\"><a href=\"https:\/\/glassbottlewholesale.com\/tr\/kapakli-700ml-750ml-cam-ispirto-siseleri-toptan-satisi\/\"><h2 class=\"woocommerce-loop-product__title\">RS054: Kapakl\u0131 700ml 750ml Cam \u0130spirto \u015ei\u015feleri Toptan Sat\u0131\u015f<\/h2><\/a>\n<\/div><\/div><\/li>\n<\/ul>\n<\/div><\/div><\/div><\/div><\/div>\n<\/div>","protected":false},"excerpt":{"rendered":"Ask Wholesale Absinthe Bottle Price From RS Glass Bottle Are you searching for where to buy absinthe bottles? Now ask wholesale absinthe bottle price from China glass liquor bottles manufacturer. RS, a professional glass bottle manufacturer&amp;supplier, has been offered absinthe bottle for over 10 years for top absinthe brand, company, supplier, or bottle store. Details&hellip;","protected":false},"author":3,"featured_media":0,"parent":0,"menu_order":0,"comment_status":"closed","ping_status":"closed","template":"templates\/no-sidebar.php","meta":{"footnotes":""},"class_list":["post-911","page","type-page","status-publish","hentry","entry","no-media"],"yoast_head":"<!-- This site is optimized with the Yoast SEO plugin v27.3 - https:\/\/yoast.com\/product\/yoast-seo-wordpress\/ -->\n<title>Absinthe Bottles - Glass Bottle Wholesale<\/title>\n<meta name=\"robots\" content=\"index, follow, max-snippet:-1, max-image-preview:large, max-video-preview:-1\" \/>\n<link rel=\"canonical\" href=\"https:\/\/glassbottlewholesale.com\/tr\/absinthe\/\" \/>\n<meta property=\"og:locale\" content=\"tr_TR\" \/>\n<meta property=\"og:type\" content=\"article\" \/>\n<meta property=\"og:title\" content=\"Absinthe Bottles - Glass Bottle Wholesale\" \/>\n<meta property=\"og:url\" content=\"https:\/\/glassbottlewholesale.com\/tr\/absinthe\/\" \/>\n<meta property=\"og:site_name\" content=\"Glass Bottle Wholesale\" \/>\n<meta property=\"article:modified_time\" content=\"2019-10-24T03:40:12+00:00\" \/>\n<meta name=\"twitter:card\" content=\"summary_large_image\" \/>\n<meta name=\"twitter:label1\" content=\"Tahmini okuma s\u00fcresi\" \/>\n\t<meta name=\"twitter:data1\" content=\"1 dakika\" \/>\n<script type=\"application\/ld+json\" class=\"yoast-schema-graph\">{\"@context\":\"https:\\\/\\\/schema.org\",\"@graph\":[{\"@type\":\"WebPage\",\"@id\":\"https:\\\/\\\/glassbottlewholesale.com\\\/absinthe\\\/\",\"url\":\"https:\\\/\\\/glassbottlewholesale.com\\\/absinthe\\\/\",\"name\":\"Absinthe Bottles - Glass Bottle Wholesale\",\"isPartOf\":{\"@id\":\"https:\\\/\\\/glassbottlewholesale.com\\\/#website\"},\"datePublished\":\"2019-10-22T07:23:48+00:00\",\"dateModified\":\"2019-10-24T03:40:12+00:00\",\"breadcrumb\":{\"@id\":\"https:\\\/\\\/glassbottlewholesale.com\\\/absinthe\\\/#breadcrumb\"},\"inLanguage\":\"tr\",\"potentialAction\":[{\"@type\":\"ReadAction\",\"target\":[\"https:\\\/\\\/glassbottlewholesale.com\\\/absinthe\\\/\"]}]},{\"@type\":\"BreadcrumbList\",\"@id\":\"https:\\\/\\\/glassbottlewholesale.com\\\/absinthe\\\/#breadcrumb\",\"itemListElement\":[{\"@type\":\"ListItem\",\"position\":1,\"name\":\"Home\",\"item\":\"https:\\\/\\\/glassbottlewholesale.com\\\/\"},{\"@type\":\"ListItem\",\"position\":2,\"name\":\"Absinthe Bottles\"}]},{\"@type\":\"WebSite\",\"@id\":\"https:\\\/\\\/glassbottlewholesale.com\\\/#website\",\"url\":\"https:\\\/\\\/glassbottlewholesale.com\\\/\",\"name\":\"Glass Bottle Wholesale\",\"description\":\"\",\"publisher\":{\"@id\":\"https:\\\/\\\/glassbottlewholesale.com\\\/#organization\"},\"potentialAction\":[{\"@type\":\"SearchAction\",\"target\":{\"@type\":\"EntryPoint\",\"urlTemplate\":\"https:\\\/\\\/glassbottlewholesale.com\\\/?s={search_term_string}\"},\"query-input\":{\"@type\":\"PropertyValueSpecification\",\"valueRequired\":true,\"valueName\":\"search_term_string\"}}],\"inLanguage\":\"tr\"},{\"@type\":\"Organization\",\"@id\":\"https:\\\/\\\/glassbottlewholesale.com\\\/#organization\",\"name\":\"Glass Bottle Wholesale\",\"url\":\"https:\\\/\\\/glassbottlewholesale.com\\\/\",\"logo\":{\"@type\":\"ImageObject\",\"inLanguage\":\"tr\",\"@id\":\"https:\\\/\\\/glassbottlewholesale.com\\\/#\\\/schema\\\/logo\\\/image\\\/\",\"url\":\"https:\\\/\\\/glassbottlewholesale.com\\\/wp-content\\\/uploads\\\/2023\\\/12\\\/ruisheng-logo.webp\",\"contentUrl\":\"https:\\\/\\\/glassbottlewholesale.com\\\/wp-content\\\/uploads\\\/2023\\\/12\\\/ruisheng-logo.webp\",\"width\":400,\"height\":233,\"caption\":\"Glass Bottle Wholesale\"},\"image\":{\"@id\":\"https:\\\/\\\/glassbottlewholesale.com\\\/#\\\/schema\\\/logo\\\/image\\\/\"}}]}<\/script>\n<!-- \/ Yoast SEO plugin. -->","yoast_head_json":{"title":"Absinthe Bottles - Glass Bottle Wholesale","robots":{"index":"index","follow":"follow","max-snippet":"max-snippet:-1","max-image-preview":"max-image-preview:large","max-video-preview":"max-video-preview:-1"},"canonical":"https:\/\/glassbottlewholesale.com\/tr\/absinthe\/","og_locale":"tr_TR","og_type":"article","og_title":"Absinthe Bottles - Glass Bottle Wholesale","og_url":"https:\/\/glassbottlewholesale.com\/tr\/absinthe\/","og_site_name":"Glass Bottle Wholesale","article_modified_time":"2019-10-24T03:40:12+00:00","twitter_card":"summary_large_image","twitter_misc":{"Tahmini okuma s\u00fcresi":"1 dakika"},"schema":{"@context":"https:\/\/schema.org","@graph":[{"@type":"WebPage","@id":"https:\/\/glassbottlewholesale.com\/absinthe\/","url":"https:\/\/glassbottlewholesale.com\/absinthe\/","name":"Absinthe Bottles - Glass Bottle Wholesale","isPartOf":{"@id":"https:\/\/glassbottlewholesale.com\/#website"},"datePublished":"2019-10-22T07:23:48+00:00","dateModified":"2019-10-24T03:40:12+00:00","breadcrumb":{"@id":"https:\/\/glassbottlewholesale.com\/absinthe\/#breadcrumb"},"inLanguage":"tr","potentialAction":[{"@type":"ReadAction","target":["https:\/\/glassbottlewholesale.com\/absinthe\/"]}]},{"@type":"BreadcrumbList","@id":"https:\/\/glassbottlewholesale.com\/absinthe\/#breadcrumb","itemListElement":[{"@type":"ListItem","position":1,"name":"Home","item":"https:\/\/glassbottlewholesale.com\/"},{"@type":"ListItem","position":2,"name":"Absinthe Bottles"}]},{"@type":"WebSite","@id":"https:\/\/glassbottlewholesale.com\/#website","url":"https:\/\/glassbottlewholesale.com\/","name":"Glass Bottle Wholesale","description":"","publisher":{"@id":"https:\/\/glassbottlewholesale.com\/#organization"},"potentialAction":[{"@type":"SearchAction","target":{"@type":"EntryPoint","urlTemplate":"https:\/\/glassbottlewholesale.com\/?s={search_term_string}"},"query-input":{"@type":"PropertyValueSpecification","valueRequired":true,"valueName":"search_term_string"}}],"inLanguage":"tr"},{"@type":"Organization","@id":"https:\/\/glassbottlewholesale.com\/#organization","name":"Glass Bottle Wholesale","url":"https:\/\/glassbottlewholesale.com\/","logo":{"@type":"ImageObject","inLanguage":"tr","@id":"https:\/\/glassbottlewholesale.com\/#\/schema\/logo\/image\/","url":"https:\/\/glassbottlewholesale.com\/wp-content\/uploads\/2023\/12\/ruisheng-logo.webp","contentUrl":"https:\/\/glassbottlewholesale.com\/wp-content\/uploads\/2023\/12\/ruisheng-logo.webp","width":400,"height":233,"caption":"Glass Bottle Wholesale"},"image":{"@id":"https:\/\/glassbottlewholesale.com\/#\/schema\/logo\/image\/"}}]}},"_links":{"self":[{"href":"https:\/\/glassbottlewholesale.com\/tr\/wp-json\/wp\/v2\/pages\/911","targetHints":{"allow":["GET"]}}],"collection":[{"href":"https:\/\/glassbottlewholesale.com\/tr\/wp-json\/wp\/v2\/pages"}],"about":[{"href":"https:\/\/glassbottlewholesale.com\/tr\/wp-json\/wp\/v2\/types\/page"}],"author":[{"embeddable":true,"href":"https:\/\/glassbottlewholesale.com\/tr\/wp-json\/wp\/v2\/users\/3"}],"replies":[{"embeddable":true,"href":"https:\/\/glassbottlewholesale.com\/tr\/wp-json\/wp\/v2\/comments?post=911"}],"version-history":[{"count":6,"href":"https:\/\/glassbottlewholesale.com\/tr\/wp-json\/wp\/v2\/pages\/911\/revisions"}],"predecessor-version":[{"id":956,"href":"https:\/\/glassbottlewholesale.com\/tr\/wp-json\/wp\/v2\/pages\/911\/revisions\/956"}],"wp:attachment":[{"href":"https:\/\/glassbottlewholesale.com\/tr\/wp-json\/wp\/v2\/media?parent=911"}],"curies":[{"name":"wp","href":"https:\/\/api.w.org\/{rel}","templated":true}]}}