{"id":1450,"date":"2019-12-25T06:13:22","date_gmt":"2019-12-25T06:13:22","guid":{"rendered":"https:\/\/queenchingglass.com\/?post_type=product&#038;p=1450"},"modified":"2025-07-10T02:25:52","modified_gmt":"2025-07-10T02:25:52","slug":"toptan-750ml-cam-likor-siseleri-ureticisi-cin","status":"publish","type":"product","link":"https:\/\/glassbottlewholesale.com\/tr\/toptan-750ml-cam-likor-siseleri-ureticisi-cin\/","title":{"rendered":"RS043\uff1aToptan 750ml Cam Lik\u00f6r \u015ei\u015feleri \u00dcreticisi \u00c7in"},"content":{"rendered":"<div class=\"wpb-content-wrapper\"><div class=\"vc_row wpb_row vc_row-fluid\"><div class=\"wpb_column vc_column_container vc_col-sm-12\"><div class=\"vc_column-inner\"><div class=\"wpb_wrapper\">\n\t<div class=\"wpb_text_column wpb_content_element\" >\n\t\t<div class=\"wpb_wrapper\">\n\t\t\t<p>Ruisheng, profesyonel bir \u00c7in cam \u015fi\u015fe \u00fcreticisi ve tedarik\u00e7isi, \u015funlar\u0131 sa\u011flar <em>750ml cam lik\u00f6r \u015fi\u015feleri toptan sat\u0131\u015f\u0131<\/em> lik\u00f6r markalar\u0131, \u015firketler, cam \u015fi\u015fe tedarik\u00e7ileri, toptanc\u0131lar, s\u00fcpermarket vb. i\u00e7in fabrika \u00e7\u0131k\u0131\u015f fiyat\u0131nda.<\/p>\n<p>Firmam\u0131z bu y\u00fcksek kaliteli cam \u015fi\u015felerde iyidir, bu nedenle cam \u015fi\u015fenin kalitesini \u00fcretebilece\u011fimizi garanti ediyoruz.<\/p>\n<p>Bu 750ml lik\u00f6r \u015fi\u015fesinin tasar\u0131m\u0131n\u0131 be\u011fendiyseniz, ancak kapasitesinden memnun de\u011filseniz, kapasiteyi de\u011fi\u015ftirebiliriz.<\/p>\n<p>Ba\u015fl\u0131ca \u00fcr\u00fcnlerimiz votka \u015fi\u015feleri, brendi \u015fi\u015feleri, viski \u015fi\u015feleri, lik\u00f6r \u015fi\u015feleri, re\u00e7el \u015fi\u015fesi ve benzeri gibi mantarl\u0131 \u00fcst s\u0131n\u0131f bo\u015f 750ml cam \u015fi\u015felerdir. Ayr\u0131ca kehribar cam \u015fi\u015feler, ye\u015fil \u015fi\u015feler ve su \u015fi\u015feleri de sunabiliriz. Ana pazar\u0131m\u0131z Avrupa, ABD, Avustralya, Amerika vb. Ve t\u00fcm \u00fcr\u00fcnler yenilik ve i\u015flevsellik a\u00e7\u0131s\u0131ndan y\u00fcksek bir \u00fcne sahiptir.<\/p>\n<p>750ml cam \u015fi\u015fe toptan \u00fcretimi kesinlikle malzemelerden se\u00e7ilmi\u015ftir, men\u015fe \u00fclkeden malzemeler getiriyoruz, ayr\u0131ca cam \u015fi\u015fe i\u015flemek ve yapmak i\u00e7in geli\u015fmi\u015f makineler kullan\u0131yoruz.<\/p>\n<h4>750ml cam lik\u00f6r \u015fi\u015feleri toptan sat\u0131\u015f\u0131na ili\u015fkin bilgiler a\u015fa\u011f\u0131daki gibidir:<\/h4>\n<ul>\n<li>Ana malzeme: kristal beyaz malzeme son derece beyaz malzeme<\/li>\n<li>Kapak: Mantar<\/li>\n<li>Referans: RS043<\/li>\n<li>Adedi: 10000 Adet (26000 adet-30000 adet)<\/li>\n<li>Kapasite: 700ml 750ml<\/li>\n<li>Adet\/Ctn: 24 adet<\/li>\n<li>Yerin k\u00f6keni: Shandong, \u00c7in<\/li>\n<li>\u00d6zellik: \u00c7evre dostu<\/li>\n<\/ul>\n<p>Bu \u015fi\u015fe stoklar\u0131m\u0131zda mevcuttur, sipari\u015f verirseniz \u00e7ok yak\u0131nda alabilirsiniz. Ayr\u0131ca logonuzu bu \u015fi\u015feye yap\u0131\u015ft\u0131rabiliriz. Bu \u015fi\u015fede bask\u0131, buzlanma, boyama ve di\u011ferleri gibi i\u015flemler yapabiliriz, <span class=\"tran\" data-group=\"0_0\">ho\u015f geldiniz diyoruz<\/span> <span class=\"tran\" data-group=\"2_1\">arkada\u015flar<\/span> her yerinden <span class=\"tran\" data-group=\"1_2\">D\u00fcnya<\/span> <span class=\"tran\" data-group=\"3_3\">i\u00e7in<\/span> <span class=\"tran\" data-group=\"5_4\">ziyaret<\/span> Bize! Sizin i\u00e7in bir resepsiyon d\u00fczenleyece\u011fiz.<\/p>\n<p>Bu e\u015fsiz kapakl\u0131 cam \u015fi\u015fenin a\u011fz\u0131n\u0131 de\u011fi\u015ftirebilir, ba\u015fka bir \u015feye d\u00f6n\u00fc\u015ft\u00fcrebiliriz.<\/p>\n<p>\u00dczerine desen oymak isterseniz yapabiliriz, istedi\u011finiz deseni oyabiliriz.<\/p>\n<p>Bu 750ml cam lik\u00f6r \u015fi\u015feleri toptan sat\u0131\u015f\u0131ndan memnunsan\u0131z, l\u00fctfen zaman\u0131nda benimle ileti\u015fime ge\u00e7in. E\u011fer be\u011fenmediyseniz, di\u011fer \u015fi\u015felerimize bakabilirsiniz. Ya da size katalo\u011fu verece\u011fim, istedi\u011finizi se\u00e7ebilirsiniz. Lik\u00f6r \u015fi\u015felerimizin fiyat\u0131 ile ilgileniyorsan\u0131z, l\u00fctfen<a href=\"https:\/\/ruishengglassco.com\/contact\"> Bize ula\u015f\u0131n<\/a>. Size 24 saat i\u00e7inde cevap verece\u011fiz.<\/p>\n\n\t\t<\/div>\n\t<\/div>\n<\/div><\/div><\/div><\/div>\n<\/div>","protected":false},"excerpt":{"rendered":"<p>Bu 750ml cam lik\u00f6r \u015fi\u015feleri toptan s\u0131cak sat\u0131\u015f \u00fcr\u00fcnlerimizden biridir. Son derece beyaz cam malzemeyi benimseyen \uff0c lik\u00f6r\u00fcn\u00fcz\u00fcn m\u00fckemmel kalitesini g\u00f6stermek i\u00e7in size net ve saf bir g\u00f6rsel efekt verecektir. Uzun ve yuvarlak \u015fi\u015fe g\u00f6vdesinin tasar\u0131m\u0131, Viski, Votka, Brendi vb. gibi her t\u00fcrl\u00fc lik\u00f6r i\u00e7in uygundur.<\/p>\n<ul>\n<li>Adedi: 10000 Adet (26000 adet-30000 adet)<\/li>\n<li>Kapasite: 700ml\/750ml\/1000ml<\/li>\n<li>Renk: \u015eeffaf<\/li>\n<li>T\u0131pa: Metal Kapaklar<\/li>\n<li>Y\u00fckseklik: 230mm<\/li>\n<li>A\u011f\u0131rl\u0131k: 650g<\/li>\n<li>\u00c7ap: 60mm<\/li>\n<\/ul>\n<p>Bu 750ml cam lik\u00f6r \u015fi\u015felerini toptan sipari\u015f etmek istiyorsan\u0131z, l\u00fctfen bize bir mesaj b\u0131rak\u0131n<\/p>","protected":false},"featured_media":4493,"comment_status":"open","ping_status":"closed","template":"","meta":[],"product_brand":[],"product_cat":[51,52,63,67],"product_tag":[],"class_list":{"0":"post-1450","1":"product","2":"type-product","3":"status-publish","4":"has-post-thumbnail","6":"product_cat-700ml-glass-bottle","7":"product_cat-750ml-glass-bottle","8":"product_cat-liquor-bottle","9":"product_cat-vodka-bottle","10":"entry","11":"has-media","13":"first","14":"instock","15":"shipping-taxable","16":"product-type-simple"},"yoast_head":"<!-- This site is optimized with the Yoast SEO plugin v27.3 - https:\/\/yoast.com\/product\/yoast-seo-wordpress\/ -->\n<title>750ml Glass Liquor Bottles Wholesale | Glass Bottle With Corks Suppliers<\/title>\n<meta name=\"description\" content=\"Buy 750ml Glass Liquor Bottles Wholesale All in Lowest Price From China Glass Bottle Manufacturers&amp;Suppliers. Free Sample&amp;5 Years Warranty.\" \/>\n<meta name=\"robots\" content=\"index, follow, max-snippet:-1, max-image-preview:large, max-video-preview:-1\" \/>\n<link rel=\"canonical\" href=\"https:\/\/ruishengglassco.com\/product\/rs043wholesale-750ml-glass-liquor-bottles-manufacturer-china\" \/>\n<meta property=\"og:locale\" content=\"tr_TR\" \/>\n<meta property=\"og:type\" content=\"article\" \/>\n<meta property=\"og:title\" content=\"750ml Glass Liquor Bottles Wholesale | Glass Bottle With Corks Suppliers\" \/>\n<meta property=\"og:description\" content=\"Buy 750ml Glass Liquor Bottles Wholesale All in Lowest Price From China Glass Bottle Manufacturers&amp;Suppliers. Free Sample&amp;5 Years Warranty.\" \/>\n<meta property=\"og:url\" content=\"https:\/\/ruishengglassco.com\/product\/rs043wholesale-750ml-glass-liquor-bottles-manufacturer-china\" \/>\n<meta property=\"og:site_name\" content=\"Glass Bottle Wholesale\" \/>\n<meta property=\"article:modified_time\" content=\"2025-07-10T02:25:52+00:00\" \/>\n<meta property=\"og:image\" content=\"https:\/\/glassbottlewholesale.com\/wp-content\/uploads\/2024\/01\/rs043-1.jpg\" \/>\n\t<meta property=\"og:image:width\" content=\"800\" \/>\n\t<meta property=\"og:image:height\" content=\"800\" \/>\n\t<meta property=\"og:image:type\" content=\"image\/jpeg\" \/>\n<meta name=\"twitter:card\" content=\"summary_large_image\" \/>\n<meta name=\"twitter:label1\" content=\"Tahmini okuma s\u00fcresi\" \/>\n\t<meta name=\"twitter:data1\" content=\"2 dakika\" \/>\n<script type=\"application\/ld+json\" class=\"yoast-schema-graph\">{\"@context\":\"https:\\\/\\\/schema.org\",\"@graph\":[{\"@type\":\"WebPage\",\"@id\":\"https:\\\/\\\/glassbottlewholesale.com\\\/wholesale-750ml-glass-liquor-bottles-manufacturer-china\\\/\",\"url\":\"https:\\\/\\\/ruishengglassco.com\\\/product\\\/rs043wholesale-750ml-glass-liquor-bottles-manufacturer-china\",\"name\":\"750ml Glass Liquor Bottles Wholesale | Glass Bottle With Corks Suppliers\",\"isPartOf\":{\"@id\":\"https:\\\/\\\/glassbottlewholesale.com\\\/#website\"},\"primaryImageOfPage\":{\"@id\":\"https:\\\/\\\/ruishengglassco.com\\\/product\\\/rs043wholesale-750ml-glass-liquor-bottles-manufacturer-china#primaryimage\"},\"image\":{\"@id\":\"https:\\\/\\\/ruishengglassco.com\\\/product\\\/rs043wholesale-750ml-glass-liquor-bottles-manufacturer-china#primaryimage\"},\"thumbnailUrl\":\"https:\\\/\\\/glassbottlewholesale.com\\\/wp-content\\\/uploads\\\/2024\\\/01\\\/rs043-1.jpg\",\"datePublished\":\"2019-12-25T06:13:22+00:00\",\"dateModified\":\"2025-07-10T02:25:52+00:00\",\"description\":\"Buy 750ml Glass Liquor Bottles Wholesale All in Lowest Price From China Glass Bottle Manufacturers&Suppliers. Free Sample&5 Years Warranty.\",\"breadcrumb\":{\"@id\":\"https:\\\/\\\/ruishengglassco.com\\\/product\\\/rs043wholesale-750ml-glass-liquor-bottles-manufacturer-china#breadcrumb\"},\"inLanguage\":\"tr\",\"potentialAction\":[{\"@type\":\"ReadAction\",\"target\":[\"https:\\\/\\\/ruishengglassco.com\\\/product\\\/rs043wholesale-750ml-glass-liquor-bottles-manufacturer-china\"]}]},{\"@type\":\"ImageObject\",\"inLanguage\":\"tr\",\"@id\":\"https:\\\/\\\/ruishengglassco.com\\\/product\\\/rs043wholesale-750ml-glass-liquor-bottles-manufacturer-china#primaryimage\",\"url\":\"https:\\\/\\\/glassbottlewholesale.com\\\/wp-content\\\/uploads\\\/2024\\\/01\\\/rs043-1.jpg\",\"contentUrl\":\"https:\\\/\\\/glassbottlewholesale.com\\\/wp-content\\\/uploads\\\/2024\\\/01\\\/rs043-1.jpg\",\"width\":800,\"height\":800,\"caption\":\"RS043\uff1aWholesale 750ml Glass Liquor Bottles Manufacturer China\"},{\"@type\":\"BreadcrumbList\",\"@id\":\"https:\\\/\\\/ruishengglassco.com\\\/product\\\/rs043wholesale-750ml-glass-liquor-bottles-manufacturer-china#breadcrumb\",\"itemListElement\":[{\"@type\":\"ListItem\",\"position\":1,\"name\":\"Home\",\"item\":\"https:\\\/\\\/glassbottlewholesale.com\\\/\"},{\"@type\":\"ListItem\",\"position\":2,\"name\":\"Products\",\"item\":\"https:\\\/\\\/glassbottlewholesale.com\\\/shop\\\/\"},{\"@type\":\"ListItem\",\"position\":3,\"name\":\"RS043\uff1aWholesale 750ml Glass Liquor Bottles Manufacturer China\"}]},{\"@type\":\"WebSite\",\"@id\":\"https:\\\/\\\/glassbottlewholesale.com\\\/#website\",\"url\":\"https:\\\/\\\/glassbottlewholesale.com\\\/\",\"name\":\"Glass Bottle Wholesale\",\"description\":\"\",\"publisher\":{\"@id\":\"https:\\\/\\\/glassbottlewholesale.com\\\/#organization\"},\"potentialAction\":[{\"@type\":\"SearchAction\",\"target\":{\"@type\":\"EntryPoint\",\"urlTemplate\":\"https:\\\/\\\/glassbottlewholesale.com\\\/?s={search_term_string}\"},\"query-input\":{\"@type\":\"PropertyValueSpecification\",\"valueRequired\":true,\"valueName\":\"search_term_string\"}}],\"inLanguage\":\"tr\"},{\"@type\":\"Organization\",\"@id\":\"https:\\\/\\\/glassbottlewholesale.com\\\/#organization\",\"name\":\"Glass Bottle Wholesale\",\"url\":\"https:\\\/\\\/glassbottlewholesale.com\\\/\",\"logo\":{\"@type\":\"ImageObject\",\"inLanguage\":\"tr\",\"@id\":\"https:\\\/\\\/glassbottlewholesale.com\\\/#\\\/schema\\\/logo\\\/image\\\/\",\"url\":\"https:\\\/\\\/glassbottlewholesale.com\\\/wp-content\\\/uploads\\\/2023\\\/12\\\/ruisheng-logo.webp\",\"contentUrl\":\"https:\\\/\\\/glassbottlewholesale.com\\\/wp-content\\\/uploads\\\/2023\\\/12\\\/ruisheng-logo.webp\",\"width\":400,\"height\":233,\"caption\":\"Glass Bottle Wholesale\"},\"image\":{\"@id\":\"https:\\\/\\\/glassbottlewholesale.com\\\/#\\\/schema\\\/logo\\\/image\\\/\"}}]}<\/script>\n<!-- \/ Yoast SEO plugin. -->","yoast_head_json":{"title":"750ml Cam Lik\u00f6r \u015ei\u015feleri Toptan | Mantarl\u0131 Cam \u015ei\u015fe Tedarik\u00e7iler","description":"\u00c7in Cam \u015ei\u015fe \u00dcreticileri ve Tedarik\u00e7ilerinden En D\u00fc\u015f\u00fck Fiyatla 750ml Cam Lik\u00f6r \u015ei\u015feleri Toptan Sat\u0131n Al\u0131n. \u00dccretsiz \u00d6rnek ve 5 Y\u0131l Garanti.","robots":{"index":"index","follow":"follow","max-snippet":"max-snippet:-1","max-image-preview":"max-image-preview:large","max-video-preview":"max-video-preview:-1"},"canonical":"https:\/\/ruishengglassco.com\/product\/rs043wholesale-750ml-glass-liquor-bottles-manufacturer-china","og_locale":"tr_TR","og_type":"article","og_title":"750ml Glass Liquor Bottles Wholesale | Glass Bottle With Corks Suppliers","og_description":"Buy 750ml Glass Liquor Bottles Wholesale All in Lowest Price From China Glass Bottle Manufacturers&Suppliers. Free Sample&5 Years Warranty.","og_url":"https:\/\/ruishengglassco.com\/product\/rs043wholesale-750ml-glass-liquor-bottles-manufacturer-china","og_site_name":"Glass Bottle Wholesale","article_modified_time":"2025-07-10T02:25:52+00:00","og_image":[{"width":800,"height":800,"url":"https:\/\/glassbottlewholesale.com\/wp-content\/uploads\/2024\/01\/rs043-1.jpg","type":"image\/jpeg"}],"twitter_card":"summary_large_image","twitter_misc":{"Tahmini okuma s\u00fcresi":"2 dakika"},"schema":{"@context":"https:\/\/schema.org","@graph":[{"@type":"WebPage","@id":"https:\/\/glassbottlewholesale.com\/wholesale-750ml-glass-liquor-bottles-manufacturer-china\/","url":"https:\/\/ruishengglassco.com\/product\/rs043wholesale-750ml-glass-liquor-bottles-manufacturer-china","name":"750ml Cam Lik\u00f6r \u015ei\u015feleri Toptan | Mantarl\u0131 Cam \u015ei\u015fe Tedarik\u00e7iler","isPartOf":{"@id":"https:\/\/glassbottlewholesale.com\/#website"},"primaryImageOfPage":{"@id":"https:\/\/ruishengglassco.com\/product\/rs043wholesale-750ml-glass-liquor-bottles-manufacturer-china#primaryimage"},"image":{"@id":"https:\/\/ruishengglassco.com\/product\/rs043wholesale-750ml-glass-liquor-bottles-manufacturer-china#primaryimage"},"thumbnailUrl":"https:\/\/glassbottlewholesale.com\/wp-content\/uploads\/2024\/01\/rs043-1.jpg","datePublished":"2019-12-25T06:13:22+00:00","dateModified":"2025-07-10T02:25:52+00:00","description":"\u00c7in Cam \u015ei\u015fe \u00dcreticileri ve Tedarik\u00e7ilerinden En D\u00fc\u015f\u00fck Fiyatla 750ml Cam Lik\u00f6r \u015ei\u015feleri Toptan Sat\u0131n Al\u0131n. \u00dccretsiz \u00d6rnek ve 5 Y\u0131l Garanti.","breadcrumb":{"@id":"https:\/\/ruishengglassco.com\/product\/rs043wholesale-750ml-glass-liquor-bottles-manufacturer-china#breadcrumb"},"inLanguage":"tr","potentialAction":[{"@type":"ReadAction","target":["https:\/\/ruishengglassco.com\/product\/rs043wholesale-750ml-glass-liquor-bottles-manufacturer-china"]}]},{"@type":"ImageObject","inLanguage":"tr","@id":"https:\/\/ruishengglassco.com\/product\/rs043wholesale-750ml-glass-liquor-bottles-manufacturer-china#primaryimage","url":"https:\/\/glassbottlewholesale.com\/wp-content\/uploads\/2024\/01\/rs043-1.jpg","contentUrl":"https:\/\/glassbottlewholesale.com\/wp-content\/uploads\/2024\/01\/rs043-1.jpg","width":800,"height":800,"caption":"RS043\uff1aWholesale 750ml Glass Liquor Bottles Manufacturer China"},{"@type":"BreadcrumbList","@id":"https:\/\/ruishengglassco.com\/product\/rs043wholesale-750ml-glass-liquor-bottles-manufacturer-china#breadcrumb","itemListElement":[{"@type":"ListItem","position":1,"name":"Home","item":"https:\/\/glassbottlewholesale.com\/"},{"@type":"ListItem","position":2,"name":"Products","item":"https:\/\/glassbottlewholesale.com\/shop\/"},{"@type":"ListItem","position":3,"name":"RS043\uff1aWholesale 750ml Glass Liquor Bottles Manufacturer China"}]},{"@type":"WebSite","@id":"https:\/\/glassbottlewholesale.com\/#website","url":"https:\/\/glassbottlewholesale.com\/","name":"Glass Bottle Wholesale","description":"","publisher":{"@id":"https:\/\/glassbottlewholesale.com\/#organization"},"potentialAction":[{"@type":"SearchAction","target":{"@type":"EntryPoint","urlTemplate":"https:\/\/glassbottlewholesale.com\/?s={search_term_string}"},"query-input":{"@type":"PropertyValueSpecification","valueRequired":true,"valueName":"search_term_string"}}],"inLanguage":"tr"},{"@type":"Organization","@id":"https:\/\/glassbottlewholesale.com\/#organization","name":"Glass Bottle Wholesale","url":"https:\/\/glassbottlewholesale.com\/","logo":{"@type":"ImageObject","inLanguage":"tr","@id":"https:\/\/glassbottlewholesale.com\/#\/schema\/logo\/image\/","url":"https:\/\/glassbottlewholesale.com\/wp-content\/uploads\/2023\/12\/ruisheng-logo.webp","contentUrl":"https:\/\/glassbottlewholesale.com\/wp-content\/uploads\/2023\/12\/ruisheng-logo.webp","width":400,"height":233,"caption":"Glass Bottle Wholesale"},"image":{"@id":"https:\/\/glassbottlewholesale.com\/#\/schema\/logo\/image\/"}}]}},"_links":{"self":[{"href":"https:\/\/glassbottlewholesale.com\/tr\/wp-json\/wp\/v2\/product\/1450","targetHints":{"allow":["GET"]}}],"collection":[{"href":"https:\/\/glassbottlewholesale.com\/tr\/wp-json\/wp\/v2\/product"}],"about":[{"href":"https:\/\/glassbottlewholesale.com\/tr\/wp-json\/wp\/v2\/types\/product"}],"replies":[{"embeddable":true,"href":"https:\/\/glassbottlewholesale.com\/tr\/wp-json\/wp\/v2\/comments?post=1450"}],"wp:featuredmedia":[{"embeddable":true,"href":"https:\/\/glassbottlewholesale.com\/tr\/wp-json\/wp\/v2\/media\/4493"}],"wp:attachment":[{"href":"https:\/\/glassbottlewholesale.com\/tr\/wp-json\/wp\/v2\/media?parent=1450"}],"wp:term":[{"taxonomy":"product_brand","embeddable":true,"href":"https:\/\/glassbottlewholesale.com\/tr\/wp-json\/wp\/v2\/product_brand?post=1450"},{"taxonomy":"product_cat","embeddable":true,"href":"https:\/\/glassbottlewholesale.com\/tr\/wp-json\/wp\/v2\/product_cat?post=1450"},{"taxonomy":"product_tag","embeddable":true,"href":"https:\/\/glassbottlewholesale.com\/tr\/wp-json\/wp\/v2\/product_tag?post=1450"}],"curies":[{"name":"wp","href":"https:\/\/api.w.org\/{rel}","templated":true}]}}