{"id":2246,"date":"2020-06-30T07:06:44","date_gmt":"2020-06-30T07:06:44","guid":{"rendered":"https:\/\/glassbottlewholesale.com\/?post_type=product&#038;p=2246"},"modified":"2024-08-23T02:38:00","modified_gmt":"2024-08-23T02:38:00","slug":"750ml-700ml-cam-viski-siseleri-toptan-satisi","status":"publish","type":"product","link":"https:\/\/glassbottlewholesale.com\/tr\/750ml-700ml-cam-viski-siseleri-toptan-satisi\/","title":{"rendered":"RS041: 750ML 700ML Cam Viski \u015ei\u015feleri Toptan Sat\u0131\u015f"},"content":{"rendered":"<p>Toptan Cam Viski \u015ei\u015fesi Hakk\u0131nda Detaylar<\/p>\n<ul>\n<li>\u00dcr\u00fcn\uff1a750ml Cam Viski \u015ei\u015fesi Toptan Sat\u0131\u015f<\/li>\n<li>Kapasite: 250ml 500ml 700ml 750ml cam \u015fi\u015fe<\/li>\n<li>Malzeme S\u00fcper Flint Cam Malzeme, Y\u00fcksek Flint Cam Malzeme<\/li>\n<li>S\u0131zd\u0131rmazl\u0131k Tipi: Mantar, Guala Kapak, Vidal\u0131 Kapak<\/li>\n<li>Y\u00fczey      Don, Petal, Boyama, S\u0131cak Bask\u0131, Kabartma, Bask\u0131, Gloden, Serigrafi<\/li>\n<li>Numune: Mevcut Kal\u0131b\u0131m\u0131z\u0131 Kullanarak \u00dccretsiz<\/li>\n<li>Teslim s\u00fcresi: Toplu \u00fcr\u00fcnler i\u00e7in 20-30 g\u00fcn<\/li>\n<li>Liman: Qingdao, \u00c7in<\/li>\n<li>\u00d6deme T \/ T, Paypal, Ticaret G\u00fcvencesi<\/li>\n<\/ul>\n<p>Viski S\u00fcrahimiz, partide istenen \u00f6zelliklere ba\u011fl\u0131 olarak belirli bir soda k\u00fcl\u00fc, kire\u00e7 ta\u015f\u0131 ve di\u011fer do\u011fal maddelerin kar\u0131\u015f\u0131m\u0131 ile birlikte yakla\u015f\u0131k 70% kum i\u00e7eren kur\u015funsuz y\u00fcksek \u015feffaf cam malzeme kullan\u0131r.  Makul malzeme oran\u0131 ve geli\u015fmi\u015f f\u0131r\u0131nlama s\u00fcreci, bo\u015f viski \u015fi\u015felerimizi dayan\u0131kl\u0131 hale getirir ve zarar g\u00f6rmesi kolay de\u011fildir. Ayr\u0131ca, cam \u015fi\u015femiz zarars\u0131z cam malzeme oldu\u011fu i\u00e7in geri d\u00f6n\u00fc\u015ft\u00fcr\u00fclebilir.<\/p>\n<p>Profesyonel bir lik\u00f6r \u015fi\u015fesi \u00fcreticisi olarak, <a href=\"https:\/\/glassbottlewholesale.com\/tr\/hakkimizda\/\">Ruisheng<\/a> viski cam \u015fi\u015fe \u00fcretiminde 20 y\u0131ll\u0131k deneyime sahiptir. Toptan cam viski \u015fi\u015femiz Amerika Birle\u015fik Devletleri, \u0130ngiltere, Fransa, Kanada ve di\u011fer \u00fclkelere ihra\u00e7 edilmektedir. Bir\u00e7ok \u00fcnl\u00fc viski markas\u0131 sad\u0131k m\u00fc\u015fterilerimizdir. Cam \u015fi\u015femizin viski markan\u0131za parlakl\u0131k kataca\u011f\u0131n\u0131 i\u00e7tenlikle umuyoruz.<\/p>\n<p>&nbsp;<\/p>","protected":false},"excerpt":{"rendered":"<p>Ruisheng, profesyonel bir cam \u015fi\u015fe \u00fcreticisi olarak, yakla\u015f\u0131k 20 y\u0131ld\u0131r toptan cam viski \u015fi\u015fesi \u00fcretiminde yer almaktad\u0131r. Viski cam \u015fi\u015fe \u00fcretimi i\u00e7in \u00f6zel bir \u00fcretim at\u00f6lyesi kurduk. Viskinin g\u00fczel rengi, hemen hemen her Viski - Scotch Whisky, Irish Whisky, American Whisky ve Canadian Whisky - i\u00e7in \u00e7al\u0131\u015fan \u015feffaf camdan g\u00f6sterilir.<\/p>\n<p>Profesyonel bir viski \u015fi\u015fesi \u00fcreticisi olarak firmam\u0131z \u00f6zel cam \u015fi\u015fe hizmeti vermektedir. OEM \/ ODM Hizmeti Sunulmaktad\u0131r. Toptan cam \u015fi\u015fe fiyat\u0131 almak istiyorsan\u0131z, l\u00fctfen bizimle ileti\u015fime ge\u00e7mek i\u00e7in buraya t\u0131klay\u0131n.<\/p>","protected":false},"featured_media":4491,"comment_status":"open","ping_status":"closed","template":"","meta":[],"product_brand":[],"product_cat":[51,52,63,68],"product_tag":[],"class_list":{"0":"post-2246","1":"product","2":"type-product","3":"status-publish","4":"has-post-thumbnail","6":"product_cat-700ml-glass-bottle","7":"product_cat-750ml-glass-bottle","8":"product_cat-liquor-bottle","9":"product_cat-whiskey-bottle","10":"entry","11":"has-media","13":"first","14":"instock","15":"shipping-taxable","16":"product-type-simple"},"yoast_head":"<!-- This site is optimized with the Yoast SEO plugin v27.3 - https:\/\/yoast.com\/product\/yoast-seo-wordpress\/ -->\n<title>Wholesale Glass Whiskey Bottle | Empty Glass Bottles Manufacturers<\/title>\n<meta name=\"description\" content=\"Wholesale Glass Whiskey Bottle From China Empty Glass Bottles Manufacturers. Factory Outlet Whiskey Decanters Bulk In Cheap Price.\" \/>\n<meta name=\"robots\" content=\"index, follow, max-snippet:-1, max-image-preview:large, max-video-preview:-1\" \/>\n<link rel=\"canonical\" href=\"https:\/\/ruishengglassco.com\/product\/rs041-750ml-700ml-glass-whiskey-bottles-wholesale\" \/>\n<meta property=\"og:locale\" content=\"tr_TR\" \/>\n<meta property=\"og:type\" content=\"article\" \/>\n<meta property=\"og:title\" content=\"Wholesale Glass Whiskey Bottle | Empty Glass Bottles Manufacturers\" \/>\n<meta property=\"og:description\" content=\"Wholesale Glass Whiskey Bottle From China Empty Glass Bottles Manufacturers. Factory Outlet Whiskey Decanters Bulk In Cheap Price.\" \/>\n<meta property=\"og:url\" content=\"https:\/\/ruishengglassco.com\/product\/rs041-750ml-700ml-glass-whiskey-bottles-wholesale\" \/>\n<meta property=\"og:site_name\" content=\"Glass Bottle Wholesale\" \/>\n<meta property=\"article:modified_time\" content=\"2024-08-23T02:38:00+00:00\" \/>\n<meta property=\"og:image\" content=\"https:\/\/glassbottlewholesale.com\/wp-content\/uploads\/2024\/01\/rs041-1.jpg\" \/>\n\t<meta property=\"og:image:width\" content=\"800\" \/>\n\t<meta property=\"og:image:height\" content=\"800\" \/>\n\t<meta property=\"og:image:type\" content=\"image\/jpeg\" \/>\n<meta name=\"twitter:card\" content=\"summary_large_image\" \/>\n<meta name=\"twitter:label1\" content=\"Tahmini okuma s\u00fcresi\" \/>\n\t<meta name=\"twitter:data1\" content=\"2 dakika\" \/>\n<script type=\"application\/ld+json\" class=\"yoast-schema-graph\">{\"@context\":\"https:\\\/\\\/schema.org\",\"@graph\":[{\"@type\":\"WebPage\",\"@id\":\"https:\\\/\\\/glassbottlewholesale.com\\\/750ml-700ml-glass-whiskey-bottles-wholesale\\\/\",\"url\":\"https:\\\/\\\/ruishengglassco.com\\\/product\\\/rs041-750ml-700ml-glass-whiskey-bottles-wholesale\",\"name\":\"Wholesale Glass Whiskey Bottle | Empty Glass Bottles Manufacturers\",\"isPartOf\":{\"@id\":\"https:\\\/\\\/glassbottlewholesale.com\\\/#website\"},\"primaryImageOfPage\":{\"@id\":\"https:\\\/\\\/ruishengglassco.com\\\/product\\\/rs041-750ml-700ml-glass-whiskey-bottles-wholesale#primaryimage\"},\"image\":{\"@id\":\"https:\\\/\\\/ruishengglassco.com\\\/product\\\/rs041-750ml-700ml-glass-whiskey-bottles-wholesale#primaryimage\"},\"thumbnailUrl\":\"https:\\\/\\\/glassbottlewholesale.com\\\/wp-content\\\/uploads\\\/2024\\\/01\\\/rs041-1.jpg\",\"datePublished\":\"2020-06-30T07:06:44+00:00\",\"dateModified\":\"2024-08-23T02:38:00+00:00\",\"description\":\"Wholesale Glass Whiskey Bottle From China Empty Glass Bottles Manufacturers. Factory Outlet Whiskey Decanters Bulk In Cheap Price.\",\"breadcrumb\":{\"@id\":\"https:\\\/\\\/ruishengglassco.com\\\/product\\\/rs041-750ml-700ml-glass-whiskey-bottles-wholesale#breadcrumb\"},\"inLanguage\":\"tr\",\"potentialAction\":[{\"@type\":\"ReadAction\",\"target\":[\"https:\\\/\\\/ruishengglassco.com\\\/product\\\/rs041-750ml-700ml-glass-whiskey-bottles-wholesale\"]}]},{\"@type\":\"ImageObject\",\"inLanguage\":\"tr\",\"@id\":\"https:\\\/\\\/ruishengglassco.com\\\/product\\\/rs041-750ml-700ml-glass-whiskey-bottles-wholesale#primaryimage\",\"url\":\"https:\\\/\\\/glassbottlewholesale.com\\\/wp-content\\\/uploads\\\/2024\\\/01\\\/rs041-1.jpg\",\"contentUrl\":\"https:\\\/\\\/glassbottlewholesale.com\\\/wp-content\\\/uploads\\\/2024\\\/01\\\/rs041-1.jpg\",\"width\":800,\"height\":800,\"caption\":\"RS041: 750ML 700ML Glass Whiskey Bottles Wholesale\"},{\"@type\":\"BreadcrumbList\",\"@id\":\"https:\\\/\\\/ruishengglassco.com\\\/product\\\/rs041-750ml-700ml-glass-whiskey-bottles-wholesale#breadcrumb\",\"itemListElement\":[{\"@type\":\"ListItem\",\"position\":1,\"name\":\"Home\",\"item\":\"https:\\\/\\\/glassbottlewholesale.com\\\/\"},{\"@type\":\"ListItem\",\"position\":2,\"name\":\"Products\",\"item\":\"https:\\\/\\\/glassbottlewholesale.com\\\/shop\\\/\"},{\"@type\":\"ListItem\",\"position\":3,\"name\":\"RS041: 750ML 700ML Glass Whiskey Bottles Wholesale\"}]},{\"@type\":\"WebSite\",\"@id\":\"https:\\\/\\\/glassbottlewholesale.com\\\/#website\",\"url\":\"https:\\\/\\\/glassbottlewholesale.com\\\/\",\"name\":\"Glass Bottle Wholesale\",\"description\":\"\",\"publisher\":{\"@id\":\"https:\\\/\\\/glassbottlewholesale.com\\\/#organization\"},\"potentialAction\":[{\"@type\":\"SearchAction\",\"target\":{\"@type\":\"EntryPoint\",\"urlTemplate\":\"https:\\\/\\\/glassbottlewholesale.com\\\/?s={search_term_string}\"},\"query-input\":{\"@type\":\"PropertyValueSpecification\",\"valueRequired\":true,\"valueName\":\"search_term_string\"}}],\"inLanguage\":\"tr\"},{\"@type\":\"Organization\",\"@id\":\"https:\\\/\\\/glassbottlewholesale.com\\\/#organization\",\"name\":\"Glass Bottle Wholesale\",\"url\":\"https:\\\/\\\/glassbottlewholesale.com\\\/\",\"logo\":{\"@type\":\"ImageObject\",\"inLanguage\":\"tr\",\"@id\":\"https:\\\/\\\/glassbottlewholesale.com\\\/#\\\/schema\\\/logo\\\/image\\\/\",\"url\":\"https:\\\/\\\/glassbottlewholesale.com\\\/wp-content\\\/uploads\\\/2023\\\/12\\\/ruisheng-logo.webp\",\"contentUrl\":\"https:\\\/\\\/glassbottlewholesale.com\\\/wp-content\\\/uploads\\\/2023\\\/12\\\/ruisheng-logo.webp\",\"width\":400,\"height\":233,\"caption\":\"Glass Bottle Wholesale\"},\"image\":{\"@id\":\"https:\\\/\\\/glassbottlewholesale.com\\\/#\\\/schema\\\/logo\\\/image\\\/\"}}]}<\/script>\n<!-- \/ Yoast SEO plugin. -->","yoast_head_json":{"title":"Toptan Sat\u0131\u015f Cam Viski \u015ei\u015fesi | Bo\u015f Cam \u015ei\u015feler \u00dcreticileri","description":"\u00c7in Bo\u015f Cam \u015ei\u015feler \u00dcreticilerinden Toptan Cam Viski \u015ei\u015fesi. Fabrika \u00c7\u0131k\u0131\u015f\u0131 Viski S\u00fcrahileri Ucuz Fiyata Toplu.","robots":{"index":"index","follow":"follow","max-snippet":"max-snippet:-1","max-image-preview":"max-image-preview:large","max-video-preview":"max-video-preview:-1"},"canonical":"https:\/\/ruishengglassco.com\/product\/rs041-750ml-700ml-glass-whiskey-bottles-wholesale","og_locale":"tr_TR","og_type":"article","og_title":"Wholesale Glass Whiskey Bottle | Empty Glass Bottles Manufacturers","og_description":"Wholesale Glass Whiskey Bottle From China Empty Glass Bottles Manufacturers. Factory Outlet Whiskey Decanters Bulk In Cheap Price.","og_url":"https:\/\/ruishengglassco.com\/product\/rs041-750ml-700ml-glass-whiskey-bottles-wholesale","og_site_name":"Glass Bottle Wholesale","article_modified_time":"2024-08-23T02:38:00+00:00","og_image":[{"width":800,"height":800,"url":"https:\/\/glassbottlewholesale.com\/wp-content\/uploads\/2024\/01\/rs041-1.jpg","type":"image\/jpeg"}],"twitter_card":"summary_large_image","twitter_misc":{"Tahmini okuma s\u00fcresi":"2 dakika"},"schema":{"@context":"https:\/\/schema.org","@graph":[{"@type":"WebPage","@id":"https:\/\/glassbottlewholesale.com\/750ml-700ml-glass-whiskey-bottles-wholesale\/","url":"https:\/\/ruishengglassco.com\/product\/rs041-750ml-700ml-glass-whiskey-bottles-wholesale","name":"Toptan Sat\u0131\u015f Cam Viski \u015ei\u015fesi | Bo\u015f Cam \u015ei\u015feler \u00dcreticileri","isPartOf":{"@id":"https:\/\/glassbottlewholesale.com\/#website"},"primaryImageOfPage":{"@id":"https:\/\/ruishengglassco.com\/product\/rs041-750ml-700ml-glass-whiskey-bottles-wholesale#primaryimage"},"image":{"@id":"https:\/\/ruishengglassco.com\/product\/rs041-750ml-700ml-glass-whiskey-bottles-wholesale#primaryimage"},"thumbnailUrl":"https:\/\/glassbottlewholesale.com\/wp-content\/uploads\/2024\/01\/rs041-1.jpg","datePublished":"2020-06-30T07:06:44+00:00","dateModified":"2024-08-23T02:38:00+00:00","description":"\u00c7in Bo\u015f Cam \u015ei\u015feler \u00dcreticilerinden Toptan Cam Viski \u015ei\u015fesi. Fabrika \u00c7\u0131k\u0131\u015f\u0131 Viski S\u00fcrahileri Ucuz Fiyata Toplu.","breadcrumb":{"@id":"https:\/\/ruishengglassco.com\/product\/rs041-750ml-700ml-glass-whiskey-bottles-wholesale#breadcrumb"},"inLanguage":"tr","potentialAction":[{"@type":"ReadAction","target":["https:\/\/ruishengglassco.com\/product\/rs041-750ml-700ml-glass-whiskey-bottles-wholesale"]}]},{"@type":"ImageObject","inLanguage":"tr","@id":"https:\/\/ruishengglassco.com\/product\/rs041-750ml-700ml-glass-whiskey-bottles-wholesale#primaryimage","url":"https:\/\/glassbottlewholesale.com\/wp-content\/uploads\/2024\/01\/rs041-1.jpg","contentUrl":"https:\/\/glassbottlewholesale.com\/wp-content\/uploads\/2024\/01\/rs041-1.jpg","width":800,"height":800,"caption":"RS041: 750ML 700ML Glass Whiskey Bottles Wholesale"},{"@type":"BreadcrumbList","@id":"https:\/\/ruishengglassco.com\/product\/rs041-750ml-700ml-glass-whiskey-bottles-wholesale#breadcrumb","itemListElement":[{"@type":"ListItem","position":1,"name":"Home","item":"https:\/\/glassbottlewholesale.com\/"},{"@type":"ListItem","position":2,"name":"Products","item":"https:\/\/glassbottlewholesale.com\/shop\/"},{"@type":"ListItem","position":3,"name":"RS041: 750ML 700ML Glass Whiskey Bottles Wholesale"}]},{"@type":"WebSite","@id":"https:\/\/glassbottlewholesale.com\/#website","url":"https:\/\/glassbottlewholesale.com\/","name":"Glass Bottle Wholesale","description":"","publisher":{"@id":"https:\/\/glassbottlewholesale.com\/#organization"},"potentialAction":[{"@type":"SearchAction","target":{"@type":"EntryPoint","urlTemplate":"https:\/\/glassbottlewholesale.com\/?s={search_term_string}"},"query-input":{"@type":"PropertyValueSpecification","valueRequired":true,"valueName":"search_term_string"}}],"inLanguage":"tr"},{"@type":"Organization","@id":"https:\/\/glassbottlewholesale.com\/#organization","name":"Glass Bottle Wholesale","url":"https:\/\/glassbottlewholesale.com\/","logo":{"@type":"ImageObject","inLanguage":"tr","@id":"https:\/\/glassbottlewholesale.com\/#\/schema\/logo\/image\/","url":"https:\/\/glassbottlewholesale.com\/wp-content\/uploads\/2023\/12\/ruisheng-logo.webp","contentUrl":"https:\/\/glassbottlewholesale.com\/wp-content\/uploads\/2023\/12\/ruisheng-logo.webp","width":400,"height":233,"caption":"Glass Bottle Wholesale"},"image":{"@id":"https:\/\/glassbottlewholesale.com\/#\/schema\/logo\/image\/"}}]}},"_links":{"self":[{"href":"https:\/\/glassbottlewholesale.com\/tr\/wp-json\/wp\/v2\/product\/2246","targetHints":{"allow":["GET"]}}],"collection":[{"href":"https:\/\/glassbottlewholesale.com\/tr\/wp-json\/wp\/v2\/product"}],"about":[{"href":"https:\/\/glassbottlewholesale.com\/tr\/wp-json\/wp\/v2\/types\/product"}],"replies":[{"embeddable":true,"href":"https:\/\/glassbottlewholesale.com\/tr\/wp-json\/wp\/v2\/comments?post=2246"}],"wp:featuredmedia":[{"embeddable":true,"href":"https:\/\/glassbottlewholesale.com\/tr\/wp-json\/wp\/v2\/media\/4491"}],"wp:attachment":[{"href":"https:\/\/glassbottlewholesale.com\/tr\/wp-json\/wp\/v2\/media?parent=2246"}],"wp:term":[{"taxonomy":"product_brand","embeddable":true,"href":"https:\/\/glassbottlewholesale.com\/tr\/wp-json\/wp\/v2\/product_brand?post=2246"},{"taxonomy":"product_cat","embeddable":true,"href":"https:\/\/glassbottlewholesale.com\/tr\/wp-json\/wp\/v2\/product_cat?post=2246"},{"taxonomy":"product_tag","embeddable":true,"href":"https:\/\/glassbottlewholesale.com\/tr\/wp-json\/wp\/v2\/product_tag?post=2246"}],"curies":[{"name":"wp","href":"https:\/\/api.w.org\/{rel}","templated":true}]}}